{"id":116221,"date":"2020-07-07T13:23:24","date_gmt":"2020-07-07T11:23:24","guid":{"rendered":"https:\/\/dutchhealthstore.com\/product\/black-pepper-essential-oil\/"},"modified":"2025-04-07T10:31:20","modified_gmt":"2025-04-07T08:31:20","slug":"black-pepper-essential-oil","status":"publish","type":"product","link":"https:\/\/dutchhealthstore.com\/nl\/product\/black-pepper-essential-oil\/","title":{"rendered":"Black Pepper Essential Oil"},"content":{"rendered":"<p><strong><img decoding=\"async\" class=\"size-full wp-image-69549 alignright\" src=\"https:\/\/dutchhealthstore.com\/wp-content\/uploads\/2019\/08\/NEW-Living-Libations-Logo.jpg\" alt=\"NEW - Living Libations - Logo\" width=\"175\" height=\"82\">Botanische naam:<\/strong> Piper nigrum<br \/>\n<strong>Botanische familie:<\/strong> Piperaceae<br \/>\n<strong>Extractiemethode:<\/strong> Gestoomdistilleerd<br \/>\n<strong>Deel van de plant Gedistilleerd:<\/strong> Peperbessen<br \/>\n<strong>Land van herkomst:<\/strong> Madagaskar<br \/>\n<strong>Teeltmethode:<\/strong> Organisch<br \/>\n<strong>Samenstelling:<\/strong> 100% Piper nigrum<br \/>\n<strong>Consistentie:<\/strong> Dunne viscositeit<\/p>\n<h3>Geur Beschrijving<\/h3>\n<p>Sensuele, kruidige, warme en houtachtige pikante noten met groenige hints van kruidenmuskus.<\/p>\n<h3>Mengt goed met<\/h3>\n<p>Ylang, Sandelhout, Kardemom, Citroen, Sinaasappel, Vanille, Kruidnagel, Kaneel, Vetiver, Jasmijn, Geranium, Marjolein, Pepermunt en Lavendel.<\/p>\n<a href=\"https:\/\/dutchhealthstore.com\/wp-content\/uploads\/2020\/07\/ANALYSIS-Black-Pepper-Essential-Oil-Living-Libations.pdf\" class=\"button primary is-primary is-small\"  >\n\t\t<span>ANALYSE VAN ETHERISCHE OLI\u00cbN &gt;<\/span>\n\t<\/a>\n\n<h3>Contra-indicatie<\/h3>\n<p>Deze olie kan in hogere concentraties de huid irriteren; verdunnen tot minder dan 1% voor gebruik.<\/p>\n<h3>Gebruikt<\/h3>\n<p>Voor een troebel hoofd en verlichting van overmatig drinken, doe twee druppels peper, venkel en cypres in een heet bad en inhaleer de dampen. Meng een spierversmeltende massageolie met jeneverbes, arnica en marjolein. Profiteer van het lekkere aroma van de olie. Een vleugje peper in parfums zorgt voor een pittige verschuiving naar een verleidelijk sensueel-aroma. Aangenaam in zoutpijpen of een diffuser om vermoeidheid te bestrijden, de ademhaling te stimuleren en mentale focus te maximaliseren.<\/p>\n<p>Scherpe peper bevat veel fytochemische stoffen, waaronder terpino\u00efde koolwaterstoffen, piperine, pineen, caryofylleen, limoneen, sabineen, phellandreen, oleoharsen en alkalo\u00efden. Deze kosmische combinatie cre\u00ebert een versterkende geur die een warm, doordringend aroma verspreidt dat intellectueel verkwikkend is en de concentratie verhoogt. Deze verwarmende eigenschappen maken van peper een gerespecteerd rubefacient dat nuttig is bij massage om te kalmeren en energie te geven. Bovendien worden de kruidige afscheidingen van peper gewaardeerd in de parfumerie voor het maken van vurige, sensuele akkoorden en muskusachtige aroma&#8217;s.<\/p>\n<p><strong>Grootte: 5 ml en 15 ml<\/strong><\/p>\n<h3>Organische Ingredi\u00ebnten<\/h3>\n<p>100% peper (Piper nigrum) etherische olie.<\/p>\n<p style=\"text-align: center;\"><em>&#8220;Zwarte peper stelt ons in staat te luisteren naar de innerlijke stem van inspiratie en risico&#8217;s te nemen in de wetenschap dat wat er ook gebeurt, alleen wij die hebben genomen.&#8221;<\/em><br \/>\n~ Valerie Ann Worwood, <strong>Aromatherapy for the Soul<\/strong><\/p>\n<p style=\"text-align: center;\"><em>&#8220;Peper heeft een verwarmende, troostende kwaliteit waardoor het nuttig is bij gevoelens van kou, zowel van fysieke als emotionele aard. Het is beschreven als een afrodisiacum, waarschijnlijk door zijn krachtig stimulerend effect.&#8221;<\/em><br \/>\n~ Julia Lawless, <strong>Aromatherapy and the Mind<\/strong><\/p>\n<p style=\"text-align: center;\"><em>&#8220;Such epithets, like pepper,<\/em><br \/>\n<em>give zest to what you write;<\/em><br \/>\n<em>And, if you strew them sparely,<\/em><br \/>\n<em>they whet the appetite:<\/em><br \/>\n<em>But if you lay them on too thick,<\/em><br \/>\n<em>you spoil the matter quite!<\/em><br \/>\n~ Lewis Carroll, <strong>Poeta Fit, Non Nascitur<\/strong><\/p>\n<p style=\"text-align: center;\"><strong><img fetchpriority=\"high\" decoding=\"async\" class=\"size-medium wp-image-68103 aligncenter\" src=\"https:\/\/dutchhealthstore.com\/wp-content\/uploads\/2018\/02\/Living-Libations-Organic-Logo-800x89.png\" alt=\"Living Libations - Organic Logo\" width=\"800\" height=\"89\" srcset=\"https:\/\/dutchhealthstore.com\/wp-content\/uploads\/2018\/02\/Living-Libations-Organic-Logo-800x89.png 800w, https:\/\/dutchhealthstore.com\/wp-content\/uploads\/2018\/02\/Living-Libations-Organic-Logo-510x57.png 510w, https:\/\/dutchhealthstore.com\/wp-content\/uploads\/2018\/02\/Living-Libations-Organic-Logo-768x85.png 768w, https:\/\/dutchhealthstore.com\/wp-content\/uploads\/2018\/02\/Living-Libations-Organic-Logo.png 1400w\" sizes=\"(max-width: 800px) 100vw, 800px\" \/><\/strong><\/p>\n","protected":false},"excerpt":{"rendered":"<p>Pikante <strong> Black Pepper Essential Oil<\/strong> is een sensuele en kruidige essence met verwarmende kwaliteiten. Gedistilleerd uit de onrijpe bessen van de peperstruik, werd deze oude aromatische specerij over voedsel gestrooid om het te kruiden en te bewaren en het bevorderde het balsemen in het vroege Egypte.<br \/>\nAls een van de vroegste handelswaar op de specerijenroute werd peper beschouwd als kostbaarder dan goud, waardoor landen oorlog voerden om de controle over de teelt van deze krachtige plant.<br \/>\nTegenwoordig wordt peper gezien als partner van zout, maar zijn scherpe, pittige smaak verbleekt bij zijn vele verdiensten. De geheime kracht van zwarte peper is zijn warme, stimulerende en ontvlammende amoureuze werking.<\/p>\n","protected":false},"featured_media":111891,"comment_status":"open","ping_status":"closed","template":"","meta":[],"product_brand":[],"product_cat":[1506,2465,6731,1208,1006,6730],"product_tag":[4496],"class_list":{"0":"post-116221","1":"product","2":"type-product","3":"status-publish","4":"has-post-thumbnail","6":"product_cat-essentiele-olien-living-libations","7":"product_cat-etherische-olien","8":"product_cat-essential-oils-nl","9":"product_cat-living-libations-nederland","10":"product_cat-merken","11":"product_cat-wellness-nl","12":"product_tag-essential-oil-nl","13":"pa_brand-livinglibations-nl","14":"pa_essential-oils-product-type-essential-oils-nl","15":"pa_size-5-ml-nl","16":"pa_size-15-ml-nl","18":"first","19":"instock","20":"taxable","21":"shipping-taxable","22":"purchasable","23":"product-type-variable"},"bundled_by":[],"bundle_stock_status":"instock","bundle_stock_quantity":null,"bundle_virtual":false,"bundle_layout":"","bundle_add_to_cart_form_location":"","bundle_editable_in_cart":false,"bundle_sold_individually_context":"","bundle_item_grouping":"","bundle_min_size":"","bundle_max_size":"","bundle_price":[],"bundled_items":[],"bundle_sell_ids":[],"atum_controlled":true,"out_stock_date":"2021-02-21 18:30:14","out_stock_threshold":null,"inheritable":true,"stock_on_hold":0,"sold_today":0,"sales_last_days":0,"out_stock_days":1870,"lost_sales":0,"update_date":"2026-04-07T01:46:31","atum_locations":[],"atum_stock_status":"instock","restock_status":false,"low_stock_amount":"","sales_update_date":"2026-04-07T01:46:31","calc_backorders":null,"group_of_quantity":0,"min_quantity":0,"max_quantity":"","exclude_order_quantity_value_rules":"no","exclude_category_quantity_rules":"no","combine_variations":"no","yoast_head":"<!-- This site is optimized with the Yoast SEO Premium plugin v26.5 (Yoast SEO v26.5) - https:\/\/yoast.com\/wordpress\/plugins\/seo\/ -->\n<title>Black Pepper Essential Oil | Living Libations<\/title>\n<meta name=\"description\" content=\"Pikante Black Pepper Essential Oil is een sensuele en kruidige essence met verwarmende kwaliteiten.\" \/>\n<meta name=\"robots\" content=\"index, follow, max-snippet:-1, max-image-preview:large, max-video-preview:-1\" \/>\n<link rel=\"canonical\" href=\"https:\/\/dutchhealthstore.com\/nl\/product\/black-pepper-essential-oil\/\" \/>\n<meta property=\"og:locale\" content=\"nl_NL\" \/>\n<meta property=\"og:type\" content=\"article\" \/>\n<meta property=\"og:title\" content=\"Black Pepper Essential Oil - Dutch Health Store\" \/>\n<meta property=\"og:description\" content=\"Pikante Black Pepper Essential Oil is een sensuele en kruidige essence met verwarmende kwaliteiten.\" \/>\n<meta property=\"og:url\" content=\"https:\/\/dutchhealthstore.com\/nl\/product\/black-pepper-essential-oil\/\" \/>\n<meta property=\"og:site_name\" content=\"Dutch Health Store\" \/>\n<meta property=\"article:publisher\" content=\"https:\/\/www.instagram.com\/dutchhealthstore\/\" \/>\n<meta property=\"article:modified_time\" content=\"2025-04-07T08:31:20+00:00\" \/>\n<meta property=\"og:image\" content=\"https:\/\/dutchhealthstore.com\/wp-content\/uploads\/2020\/07\/Living-Libations-Black-Pepper-Essential-Oil-e1594127467592.jpg\" \/>\n\t<meta property=\"og:image:width\" content=\"500\" \/>\n\t<meta property=\"og:image:height\" content=\"500\" \/>\n\t<meta property=\"og:image:type\" content=\"image\/jpeg\" \/>\n<meta name=\"twitter:card\" content=\"summary_large_image\" \/>\n<meta name=\"twitter:label1\" content=\"Beschikbaarheid\" \/>\n\t<meta name=\"twitter:data1\" content=\"Op voorraad\" \/>\n<script type=\"application\/ld+json\" class=\"yoast-schema-graph\">{\"@context\":\"https:\/\/schema.org\",\"@graph\":[{\"@type\":\"WebPage\",\"@id\":\"https:\/\/dutchhealthstore.com\/nl\/product\/black-pepper-essential-oil\/\",\"url\":\"https:\/\/dutchhealthstore.com\/nl\/product\/black-pepper-essential-oil\/\",\"name\":\"Black Pepper Essential Oil | Living Libations\",\"isPartOf\":{\"@id\":\"https:\/\/dutchhealthstore.com\/nl\/#website\"},\"primaryImageOfPage\":{\"@id\":\"https:\/\/dutchhealthstore.com\/nl\/product\/black-pepper-essential-oil\/#primaryimage\"},\"image\":{\"@id\":\"https:\/\/dutchhealthstore.com\/nl\/product\/black-pepper-essential-oil\/#primaryimage\"},\"thumbnailUrl\":\"https:\/\/dutchhealthstore.com\/wp-content\/uploads\/2020\/07\/Living-Libations-Black-Pepper-Essential-Oil-e1594127467592.jpg\",\"datePublished\":\"2020-07-07T11:23:24+00:00\",\"dateModified\":\"2025-04-07T08:31:20+00:00\",\"description\":\"Pikante Black Pepper Essential Oil is een sensuele en kruidige essence met verwarmende kwaliteiten.\",\"breadcrumb\":{\"@id\":\"https:\/\/dutchhealthstore.com\/nl\/product\/black-pepper-essential-oil\/#breadcrumb\"},\"inLanguage\":\"nl-NL\",\"potentialAction\":[{\"@type\":\"ReadAction\",\"target\":[\"https:\/\/dutchhealthstore.com\/nl\/product\/black-pepper-essential-oil\/\"]}]},{\"@type\":\"ImageObject\",\"inLanguage\":\"nl-NL\",\"@id\":\"https:\/\/dutchhealthstore.com\/nl\/product\/black-pepper-essential-oil\/#primaryimage\",\"url\":\"https:\/\/dutchhealthstore.com\/wp-content\/uploads\/2020\/07\/Living-Libations-Black-Pepper-Essential-Oil-e1594127467592.jpg\",\"contentUrl\":\"https:\/\/dutchhealthstore.com\/wp-content\/uploads\/2020\/07\/Living-Libations-Black-Pepper-Essential-Oil-e1594127467592.jpg\",\"width\":500,\"height\":500,\"caption\":\"Living Libations Black Pepper Essential Oil\"},{\"@type\":\"BreadcrumbList\",\"@id\":\"https:\/\/dutchhealthstore.com\/nl\/product\/black-pepper-essential-oil\/#breadcrumb\",\"itemListElement\":[{\"@type\":\"ListItem\",\"position\":1,\"name\":\"Home\",\"item\":\"https:\/\/dutchhealthstore.com\/nl\/\"},{\"@type\":\"ListItem\",\"position\":2,\"name\":\"Shop\",\"item\":\"https:\/\/dutchhealthstore.com\/nl\/shop\/\"},{\"@type\":\"ListItem\",\"position\":3,\"name\":\"Black Pepper Essential Oil\"}]},{\"@type\":\"WebSite\",\"@id\":\"https:\/\/dutchhealthstore.com\/nl\/#website\",\"url\":\"https:\/\/dutchhealthstore.com\/nl\/\",\"name\":\"Dutch Health Store\",\"description\":\"Enhance Your Beauty with Organic &amp; Natural Skincare\",\"publisher\":{\"@id\":\"https:\/\/dutchhealthstore.com\/nl\/#organization\"},\"potentialAction\":[{\"@type\":\"SearchAction\",\"target\":{\"@type\":\"EntryPoint\",\"urlTemplate\":\"https:\/\/dutchhealthstore.com\/nl\/?s={search_term_string}\"},\"query-input\":{\"@type\":\"PropertyValueSpecification\",\"valueRequired\":true,\"valueName\":\"search_term_string\"}}],\"inLanguage\":\"nl-NL\"},{\"@type\":\"Organization\",\"@id\":\"https:\/\/dutchhealthstore.com\/nl\/#organization\",\"name\":\"Dutch Health Store\",\"url\":\"https:\/\/dutchhealthstore.com\/nl\/\",\"logo\":{\"@type\":\"ImageObject\",\"inLanguage\":\"nl-NL\",\"@id\":\"https:\/\/dutchhealthstore.com\/nl\/#\/schema\/logo\/image\/\",\"url\":\"https:\/\/dutchhealthstore.com\/wp-content\/uploads\/2020\/08\/logo-dutchhealthstore-jpg-e1599484957574.jpg\",\"contentUrl\":\"https:\/\/dutchhealthstore.com\/wp-content\/uploads\/2020\/08\/logo-dutchhealthstore-jpg-e1599484957574.jpg\",\"width\":400,\"height\":62,\"caption\":\"Dutch Health Store\"},\"image\":{\"@id\":\"https:\/\/dutchhealthstore.com\/nl\/#\/schema\/logo\/image\/\"},\"sameAs\":[\"https:\/\/www.instagram.com\/dutchhealthstore\/\",\"https:\/\/www.facebook.com\/dutchhealthstore\"]}]}<\/script>\n<meta property=\"product:brand\" content=\"Living Libations\" \/>\n<meta property=\"og:availability\" content=\"instock\" \/>\n<meta property=\"product:availability\" content=\"instock\" \/>\n<meta property=\"product:condition\" content=\"new\" \/>\n<!-- \/ Yoast SEO Premium plugin. -->","yoast_head_json":{"title":"Black Pepper Essential Oil | Living Libations","description":"Pikante Black Pepper Essential Oil is een sensuele en kruidige essence met verwarmende kwaliteiten.","robots":{"index":"index","follow":"follow","max-snippet":"max-snippet:-1","max-image-preview":"max-image-preview:large","max-video-preview":"max-video-preview:-1"},"canonical":"https:\/\/dutchhealthstore.com\/nl\/product\/black-pepper-essential-oil\/","og_locale":"nl_NL","og_type":"article","og_title":"Black Pepper Essential Oil - Dutch Health Store","og_description":"Pikante Black Pepper Essential Oil is een sensuele en kruidige essence met verwarmende kwaliteiten.","og_url":"https:\/\/dutchhealthstore.com\/nl\/product\/black-pepper-essential-oil\/","og_site_name":"Dutch Health Store","article_publisher":"https:\/\/www.instagram.com\/dutchhealthstore\/","article_modified_time":"2025-04-07T08:31:20+00:00","og_image":[{"width":500,"height":500,"url":"https:\/\/dutchhealthstore.com\/wp-content\/uploads\/2020\/07\/Living-Libations-Black-Pepper-Essential-Oil-e1594127467592.jpg","type":"image\/jpeg"}],"twitter_card":"summary_large_image","twitter_misc":{"Beschikbaarheid":"Op voorraad"},"schema":{"@context":"https:\/\/schema.org","@graph":[{"@type":"WebPage","@id":"https:\/\/dutchhealthstore.com\/nl\/product\/black-pepper-essential-oil\/","url":"https:\/\/dutchhealthstore.com\/nl\/product\/black-pepper-essential-oil\/","name":"Black Pepper Essential Oil | Living Libations","isPartOf":{"@id":"https:\/\/dutchhealthstore.com\/nl\/#website"},"primaryImageOfPage":{"@id":"https:\/\/dutchhealthstore.com\/nl\/product\/black-pepper-essential-oil\/#primaryimage"},"image":{"@id":"https:\/\/dutchhealthstore.com\/nl\/product\/black-pepper-essential-oil\/#primaryimage"},"thumbnailUrl":"https:\/\/dutchhealthstore.com\/wp-content\/uploads\/2020\/07\/Living-Libations-Black-Pepper-Essential-Oil-e1594127467592.jpg","datePublished":"2020-07-07T11:23:24+00:00","dateModified":"2025-04-07T08:31:20+00:00","description":"Pikante Black Pepper Essential Oil is een sensuele en kruidige essence met verwarmende kwaliteiten.","breadcrumb":{"@id":"https:\/\/dutchhealthstore.com\/nl\/product\/black-pepper-essential-oil\/#breadcrumb"},"inLanguage":"nl-NL","potentialAction":[{"@type":"ReadAction","target":["https:\/\/dutchhealthstore.com\/nl\/product\/black-pepper-essential-oil\/"]}]},{"@type":"ImageObject","inLanguage":"nl-NL","@id":"https:\/\/dutchhealthstore.com\/nl\/product\/black-pepper-essential-oil\/#primaryimage","url":"https:\/\/dutchhealthstore.com\/wp-content\/uploads\/2020\/07\/Living-Libations-Black-Pepper-Essential-Oil-e1594127467592.jpg","contentUrl":"https:\/\/dutchhealthstore.com\/wp-content\/uploads\/2020\/07\/Living-Libations-Black-Pepper-Essential-Oil-e1594127467592.jpg","width":500,"height":500,"caption":"Living Libations Black Pepper Essential Oil"},{"@type":"BreadcrumbList","@id":"https:\/\/dutchhealthstore.com\/nl\/product\/black-pepper-essential-oil\/#breadcrumb","itemListElement":[{"@type":"ListItem","position":1,"name":"Home","item":"https:\/\/dutchhealthstore.com\/nl\/"},{"@type":"ListItem","position":2,"name":"Shop","item":"https:\/\/dutchhealthstore.com\/nl\/shop\/"},{"@type":"ListItem","position":3,"name":"Black Pepper Essential Oil"}]},{"@type":"WebSite","@id":"https:\/\/dutchhealthstore.com\/nl\/#website","url":"https:\/\/dutchhealthstore.com\/nl\/","name":"Dutch Health Store","description":"Enhance Your Beauty with Organic &amp; Natural Skincare","publisher":{"@id":"https:\/\/dutchhealthstore.com\/nl\/#organization"},"potentialAction":[{"@type":"SearchAction","target":{"@type":"EntryPoint","urlTemplate":"https:\/\/dutchhealthstore.com\/nl\/?s={search_term_string}"},"query-input":{"@type":"PropertyValueSpecification","valueRequired":true,"valueName":"search_term_string"}}],"inLanguage":"nl-NL"},{"@type":"Organization","@id":"https:\/\/dutchhealthstore.com\/nl\/#organization","name":"Dutch Health Store","url":"https:\/\/dutchhealthstore.com\/nl\/","logo":{"@type":"ImageObject","inLanguage":"nl-NL","@id":"https:\/\/dutchhealthstore.com\/nl\/#\/schema\/logo\/image\/","url":"https:\/\/dutchhealthstore.com\/wp-content\/uploads\/2020\/08\/logo-dutchhealthstore-jpg-e1599484957574.jpg","contentUrl":"https:\/\/dutchhealthstore.com\/wp-content\/uploads\/2020\/08\/logo-dutchhealthstore-jpg-e1599484957574.jpg","width":400,"height":62,"caption":"Dutch Health Store"},"image":{"@id":"https:\/\/dutchhealthstore.com\/nl\/#\/schema\/logo\/image\/"},"sameAs":["https:\/\/www.instagram.com\/dutchhealthstore\/","https:\/\/www.facebook.com\/dutchhealthstore"]}]},"product_brand":"Living Libations","og_availability":"instock","product_availability":"instock","product_condition":"new"},"_links":{"self":[{"href":"https:\/\/dutchhealthstore.com\/nl\/wp-json\/wp\/v2\/product\/116221","targetHints":{"allow":["GET"]}}],"collection":[{"href":"https:\/\/dutchhealthstore.com\/nl\/wp-json\/wp\/v2\/product"}],"about":[{"href":"https:\/\/dutchhealthstore.com\/nl\/wp-json\/wp\/v2\/types\/product"}],"replies":[{"embeddable":true,"href":"https:\/\/dutchhealthstore.com\/nl\/wp-json\/wp\/v2\/comments?post=116221"}],"wp:featuredmedia":[{"embeddable":true,"href":"https:\/\/dutchhealthstore.com\/nl\/wp-json\/wp\/v2\/media\/111891"}],"wp:attachment":[{"href":"https:\/\/dutchhealthstore.com\/nl\/wp-json\/wp\/v2\/media?parent=116221"}],"wp:term":[{"taxonomy":"product_brand","embeddable":true,"href":"https:\/\/dutchhealthstore.com\/nl\/wp-json\/wp\/v2\/product_brand?post=116221"},{"taxonomy":"product_cat","embeddable":true,"href":"https:\/\/dutchhealthstore.com\/nl\/wp-json\/wp\/v2\/product_cat?post=116221"},{"taxonomy":"product_tag","embeddable":true,"href":"https:\/\/dutchhealthstore.com\/nl\/wp-json\/wp\/v2\/product_tag?post=116221"}],"curies":[{"name":"wp","href":"https:\/\/api.w.org\/{rel}","templated":true}]}}