{"id":116046,"date":"2020-06-02T13:25:02","date_gmt":"2020-06-02T11:25:02","guid":{"rendered":"https:\/\/dutchhealthstore.com\/product\/benzoin-essential-oil\/"},"modified":"2025-07-25T15:33:27","modified_gmt":"2025-07-25T13:33:27","slug":"benzoin-essential-oil","status":"publish","type":"product","link":"https:\/\/dutchhealthstore.com\/nl\/product\/benzoin-essential-oil\/","title":{"rendered":"Benzoin Essential Oil"},"content":{"rendered":"<p><img decoding=\"async\" class=\"size-full wp-image-69549 alignright\" src=\"https:\/\/dutchhealthstore.com\/wp-content\/uploads\/2019\/08\/NEW-Living-Libations-Logo.jpg\" alt=\"NEW - Living Libations - Logo\" width=\"175\" height=\"82\"><\/p>\n<p><strong>Botanische naam:<\/strong> Styrax benzo\u00eb<br \/>\n<strong>Botanische familie:<\/strong> Styracaceae<br \/>\n<strong>Extractiemethode:<\/strong> Gestoomdistilleerd<br \/>\n<strong>Gedistilleerd deel van de plant:<\/strong> Hars<br \/>\n<strong>Land van herkomst:<\/strong> Indonesi\u00eb<br \/>\n<strong>Teeltmethode:<\/strong> Organisch<br \/>\n<strong>Samenstelling:<\/strong> 100% Styrax benzo\u00eb<br \/>\n<strong>Consistentie:<\/strong> Medium dikke viscositeit<\/p>\n<h3 style=\"font-size: 20.16px;\"><span style=\"font-size: 20.16px; color: #333333;\">Geur Beschrijving<\/span><\/h3>\n<p>Balsamico, vanille-achtig, rijk, harsachtig en troostend.<\/p>\n<h3>Mengt goed met<\/h3>\n<p>Sandelhout, patchoeli, wierook, vetiver, nardus, agarhout, roos, jasmijn, grapefruit, bergamot, hysop, marjolein, ylang, rotsroos, orriswortel, populierknop en tijm.<\/p>\n<h3>Gebruikt<\/h3>\n<p>Beroemd als fixatief in parfums en colognes; verspreiden om een warme en hartverwarmende aromatische sfeer te cre\u00ebren. Gebruik in baden om emoties op te wekken en zenuwen te ontspannen; heerlijk in massageoli\u00ebn en serums om de teint en textuur van de huid te verbeteren. Verdunnen voor gebruik, want de huid van sommige mensen kan er gevoelig voor zijn.<\/p>\n<p>Balsamicobenzo\u00eb heeft zijn wortels in het vroege Arabi\u00eb, waar de naam benzo\u00eb &#8220;wierook uit Sumatra&#8221; betekent. Dit oude exudaat werd gedurende duizenden jaren gebruikt als apothekersartikel, wierook en parfum in het Middellandse Zeegebied, Cyprus, India, Griekenland en Java. Zijn troostende aroma fungeerde als een fijn fixatief in oude parfums.<\/p>\n<p style=\"font-size: 14.4px;\">Historisch gezien werd gedacht dat deze balsamico hars verwarmend, uitdrogend, verwarmend en stimulerend werkt, terwijl het de emoties verzacht tot ontspannen euforie. In Europa werden zoete pastilles gemaakt met samengestelde benzo\u00eb. Met benzo\u00eb werden prachtige huidverzachtende serums gemaakt, omdat het extract littekens zou verzachten, de huidelasticiteit zou verbeteren en een droge huid zou verzegelen.<\/p>\n<p><strong>Grootte: 5 ml en 15 ml<\/strong><\/p>\n<h3>Organische Ingredi\u00ebnten<\/h3>\n<p>100% benzo\u00eb (Styrax benzo\u00eb) essenti\u00eble olie.<\/p>\n<p style=\"text-align: center;\"><em>&#8220;De Grieken en Romeinen gebruikten de hars niet alleen als wierook, maar ook in parfums en cosmetica, en in latere tijden werd benzo\u00ebhars verpoederd en gebruikt in pomanders &#8211; er wordt gezegd dat Elizabeth I van Engeland een pomander van benzo\u00eb en ambergris bij zich droeg.&#8221;<\/em><br \/>\n~ Jennifer Peace Rhind, <strong>Fragrance and Wellbeing<\/strong><\/p>\n<p>&nbsp;<\/p>\n<p><img fetchpriority=\"high\" decoding=\"async\" class=\"size-medium wp-image-68103 aligncenter\" src=\"https:\/\/dutchhealthstore.com\/wp-content\/uploads\/2018\/02\/Living-Libations-Organic-Logo-800x89.png\" alt=\"Living Libations - Organic Logo\" width=\"800\" height=\"89\" srcset=\"https:\/\/dutchhealthstore.com\/wp-content\/uploads\/2018\/02\/Living-Libations-Organic-Logo-800x89.png 800w, https:\/\/dutchhealthstore.com\/wp-content\/uploads\/2018\/02\/Living-Libations-Organic-Logo-510x57.png 510w, https:\/\/dutchhealthstore.com\/wp-content\/uploads\/2018\/02\/Living-Libations-Organic-Logo-768x85.png 768w, https:\/\/dutchhealthstore.com\/wp-content\/uploads\/2018\/02\/Living-Libations-Organic-Logo.png 1400w\" sizes=\"(max-width: 800px) 100vw, 800px\" \/><\/p>\n<p>&nbsp;<\/p>\n","protected":false},"excerpt":{"rendered":"<p><strong>Benzo\u00eb<\/strong> is een balsamico, vanille-achtige hars gedistilleerd uit de tropische struiken van het geslacht Styrax. Zijn troostende aroma fungeert als een fijn fixatief in parfums en was een belangrijk bestanddeel in parfums uit het verleden.<\/p>\n<p>Deze dikke harsachtige essence is met stoom gedistilleerd, wat een zeldzame vondst is, omdat hij vaak alleen als absolute extractie verkrijgbaar is. De olie kan worden genoten als een troostend euforisch aroma dat door uw huis zweeft, als een verwarmende borstbalsem, en als een huidserum om de huidskleur te verbeteren.<\/p>\n","protected":false},"featured_media":92993,"comment_status":"open","ping_status":"closed","template":"","meta":[],"product_brand":[],"product_cat":[1506,2465,6731,1208,1006,6730],"product_tag":[4496],"class_list":{"0":"post-116046","1":"product","2":"type-product","3":"status-publish","4":"has-post-thumbnail","6":"product_cat-essentiele-olien-living-libations","7":"product_cat-etherische-olien","8":"product_cat-essential-oils-nl","9":"product_cat-living-libations-nederland","10":"product_cat-merken","11":"product_cat-wellness-nl","12":"product_tag-essential-oil-nl","13":"pa_brand-livinglibations-nl","14":"pa_essential-oils-product-type-essential-oils-nl","15":"pa_size-5-ml-nl","16":"pa_size-15-ml-nl","18":"first","19":"instock","20":"taxable","21":"shipping-taxable","22":"purchasable","23":"product-type-variable"},"bundled_by":[],"bundle_stock_status":"instock","bundle_stock_quantity":null,"bundle_virtual":false,"bundle_layout":"","bundle_add_to_cart_form_location":"","bundle_editable_in_cart":false,"bundle_sold_individually_context":"","bundle_item_grouping":"","bundle_min_size":"","bundle_max_size":"","bundle_price":[],"bundled_items":[],"bundle_sell_ids":[],"atum_controlled":true,"out_stock_date":null,"out_stock_threshold":null,"inheritable":true,"stock_on_hold":1,"sold_today":0,"sales_last_days":0,"out_stock_days":0,"lost_sales":0,"update_date":"2026-04-08T01:47:32","atum_locations":[],"atum_stock_status":"instock","restock_status":false,"low_stock_amount":"","sales_update_date":"2026-04-08T01:47:32","calc_backorders":null,"group_of_quantity":0,"min_quantity":0,"max_quantity":"","exclude_order_quantity_value_rules":"no","exclude_category_quantity_rules":"no","combine_variations":"no","yoast_head":"<!-- This site is optimized with the Yoast SEO Premium plugin v26.5 (Yoast SEO v26.5) - https:\/\/yoast.com\/wordpress\/plugins\/seo\/ -->\n<title>Benzoin Essential Oil | Living Libations<\/title>\n<meta name=\"description\" content=\"Deze dikke harsachtige essence is met stoom gedistilleerd, wat een zeldzame vondst is, omdat hij vaak alleen als absolute extractie verkrijgbaar is.\" \/>\n<meta name=\"robots\" content=\"index, follow, max-snippet:-1, max-image-preview:large, max-video-preview:-1\" \/>\n<link rel=\"canonical\" href=\"https:\/\/dutchhealthstore.com\/nl\/product\/benzoin-essential-oil\/\" \/>\n<meta property=\"og:locale\" content=\"nl_NL\" \/>\n<meta property=\"og:type\" content=\"article\" \/>\n<meta property=\"og:title\" content=\"Benzoin Essential Oil - Dutch Health Store\" \/>\n<meta property=\"og:description\" content=\"Deze dikke harsachtige essence is met stoom gedistilleerd, wat een zeldzame vondst is, omdat hij vaak alleen als absolute extractie verkrijgbaar is.\" \/>\n<meta property=\"og:url\" content=\"https:\/\/dutchhealthstore.com\/nl\/product\/benzoin-essential-oil\/\" \/>\n<meta property=\"og:site_name\" content=\"Dutch Health Store\" \/>\n<meta property=\"article:publisher\" content=\"https:\/\/www.instagram.com\/dutchhealthstore\/\" \/>\n<meta property=\"article:modified_time\" content=\"2025-07-25T13:33:27+00:00\" \/>\n<meta property=\"og:image\" content=\"https:\/\/dutchhealthstore.com\/wp-content\/uploads\/2018\/02\/Benzoin-Essential-Oil-Living-Libations.jpg\" \/>\n\t<meta property=\"og:image:width\" content=\"1200\" \/>\n\t<meta property=\"og:image:height\" content=\"1200\" \/>\n\t<meta property=\"og:image:type\" content=\"image\/jpeg\" \/>\n<meta name=\"twitter:card\" content=\"summary_large_image\" \/>\n<meta name=\"twitter:label1\" content=\"Beschikbaarheid\" \/>\n\t<meta name=\"twitter:data1\" content=\"Op voorraad\" \/>\n<script type=\"application\/ld+json\" class=\"yoast-schema-graph\">{\"@context\":\"https:\/\/schema.org\",\"@graph\":[{\"@type\":\"WebPage\",\"@id\":\"https:\/\/dutchhealthstore.com\/nl\/product\/benzoin-essential-oil\/\",\"url\":\"https:\/\/dutchhealthstore.com\/nl\/product\/benzoin-essential-oil\/\",\"name\":\"Benzoin Essential Oil | Living Libations\",\"isPartOf\":{\"@id\":\"https:\/\/dutchhealthstore.com\/nl\/#website\"},\"primaryImageOfPage\":{\"@id\":\"https:\/\/dutchhealthstore.com\/nl\/product\/benzoin-essential-oil\/#primaryimage\"},\"image\":{\"@id\":\"https:\/\/dutchhealthstore.com\/nl\/product\/benzoin-essential-oil\/#primaryimage\"},\"thumbnailUrl\":\"https:\/\/dutchhealthstore.com\/wp-content\/uploads\/2018\/02\/Benzoin-Essential-Oil-Living-Libations.jpg\",\"datePublished\":\"2020-06-02T11:25:02+00:00\",\"dateModified\":\"2025-07-25T13:33:27+00:00\",\"description\":\"Deze dikke harsachtige essence is met stoom gedistilleerd, wat een zeldzame vondst is, omdat hij vaak alleen als absolute extractie verkrijgbaar is.\",\"breadcrumb\":{\"@id\":\"https:\/\/dutchhealthstore.com\/nl\/product\/benzoin-essential-oil\/#breadcrumb\"},\"inLanguage\":\"nl-NL\",\"potentialAction\":[{\"@type\":\"ReadAction\",\"target\":[\"https:\/\/dutchhealthstore.com\/nl\/product\/benzoin-essential-oil\/\"]}]},{\"@type\":\"ImageObject\",\"inLanguage\":\"nl-NL\",\"@id\":\"https:\/\/dutchhealthstore.com\/nl\/product\/benzoin-essential-oil\/#primaryimage\",\"url\":\"https:\/\/dutchhealthstore.com\/wp-content\/uploads\/2018\/02\/Benzoin-Essential-Oil-Living-Libations.jpg\",\"contentUrl\":\"https:\/\/dutchhealthstore.com\/wp-content\/uploads\/2018\/02\/Benzoin-Essential-Oil-Living-Libations.jpg\",\"width\":1200,\"height\":1200,\"caption\":\"Benzoin Essential Oil - Living Libations\"},{\"@type\":\"BreadcrumbList\",\"@id\":\"https:\/\/dutchhealthstore.com\/nl\/product\/benzoin-essential-oil\/#breadcrumb\",\"itemListElement\":[{\"@type\":\"ListItem\",\"position\":1,\"name\":\"Home\",\"item\":\"https:\/\/dutchhealthstore.com\/nl\/\"},{\"@type\":\"ListItem\",\"position\":2,\"name\":\"Shop\",\"item\":\"https:\/\/dutchhealthstore.com\/nl\/shop\/\"},{\"@type\":\"ListItem\",\"position\":3,\"name\":\"Benzoin Essential Oil\"}]},{\"@type\":\"WebSite\",\"@id\":\"https:\/\/dutchhealthstore.com\/nl\/#website\",\"url\":\"https:\/\/dutchhealthstore.com\/nl\/\",\"name\":\"Dutch Health Store\",\"description\":\"Enhance Your Beauty with Organic &amp; Natural Skincare\",\"publisher\":{\"@id\":\"https:\/\/dutchhealthstore.com\/nl\/#organization\"},\"potentialAction\":[{\"@type\":\"SearchAction\",\"target\":{\"@type\":\"EntryPoint\",\"urlTemplate\":\"https:\/\/dutchhealthstore.com\/nl\/?s={search_term_string}\"},\"query-input\":{\"@type\":\"PropertyValueSpecification\",\"valueRequired\":true,\"valueName\":\"search_term_string\"}}],\"inLanguage\":\"nl-NL\"},{\"@type\":\"Organization\",\"@id\":\"https:\/\/dutchhealthstore.com\/nl\/#organization\",\"name\":\"Dutch Health Store\",\"url\":\"https:\/\/dutchhealthstore.com\/nl\/\",\"logo\":{\"@type\":\"ImageObject\",\"inLanguage\":\"nl-NL\",\"@id\":\"https:\/\/dutchhealthstore.com\/nl\/#\/schema\/logo\/image\/\",\"url\":\"https:\/\/dutchhealthstore.com\/wp-content\/uploads\/2020\/08\/logo-dutchhealthstore-jpg-e1599484957574.jpg\",\"contentUrl\":\"https:\/\/dutchhealthstore.com\/wp-content\/uploads\/2020\/08\/logo-dutchhealthstore-jpg-e1599484957574.jpg\",\"width\":400,\"height\":62,\"caption\":\"Dutch Health Store\"},\"image\":{\"@id\":\"https:\/\/dutchhealthstore.com\/nl\/#\/schema\/logo\/image\/\"},\"sameAs\":[\"https:\/\/www.instagram.com\/dutchhealthstore\/\",\"https:\/\/www.facebook.com\/dutchhealthstore\"]}]}<\/script>\n<meta property=\"product:brand\" content=\"Living Libations\" \/>\n<meta property=\"og:availability\" content=\"instock\" \/>\n<meta property=\"product:availability\" content=\"instock\" \/>\n<meta property=\"product:condition\" content=\"new\" \/>\n<!-- \/ Yoast SEO Premium plugin. -->","yoast_head_json":{"title":"Benzoin Essential Oil | Living Libations","description":"Deze dikke harsachtige essence is met stoom gedistilleerd, wat een zeldzame vondst is, omdat hij vaak alleen als absolute extractie verkrijgbaar is.","robots":{"index":"index","follow":"follow","max-snippet":"max-snippet:-1","max-image-preview":"max-image-preview:large","max-video-preview":"max-video-preview:-1"},"canonical":"https:\/\/dutchhealthstore.com\/nl\/product\/benzoin-essential-oil\/","og_locale":"nl_NL","og_type":"article","og_title":"Benzoin Essential Oil - Dutch Health Store","og_description":"Deze dikke harsachtige essence is met stoom gedistilleerd, wat een zeldzame vondst is, omdat hij vaak alleen als absolute extractie verkrijgbaar is.","og_url":"https:\/\/dutchhealthstore.com\/nl\/product\/benzoin-essential-oil\/","og_site_name":"Dutch Health Store","article_publisher":"https:\/\/www.instagram.com\/dutchhealthstore\/","article_modified_time":"2025-07-25T13:33:27+00:00","og_image":[{"width":1200,"height":1200,"url":"https:\/\/dutchhealthstore.com\/wp-content\/uploads\/2018\/02\/Benzoin-Essential-Oil-Living-Libations.jpg","type":"image\/jpeg"}],"twitter_card":"summary_large_image","twitter_misc":{"Beschikbaarheid":"Op voorraad"},"schema":{"@context":"https:\/\/schema.org","@graph":[{"@type":"WebPage","@id":"https:\/\/dutchhealthstore.com\/nl\/product\/benzoin-essential-oil\/","url":"https:\/\/dutchhealthstore.com\/nl\/product\/benzoin-essential-oil\/","name":"Benzoin Essential Oil | Living Libations","isPartOf":{"@id":"https:\/\/dutchhealthstore.com\/nl\/#website"},"primaryImageOfPage":{"@id":"https:\/\/dutchhealthstore.com\/nl\/product\/benzoin-essential-oil\/#primaryimage"},"image":{"@id":"https:\/\/dutchhealthstore.com\/nl\/product\/benzoin-essential-oil\/#primaryimage"},"thumbnailUrl":"https:\/\/dutchhealthstore.com\/wp-content\/uploads\/2018\/02\/Benzoin-Essential-Oil-Living-Libations.jpg","datePublished":"2020-06-02T11:25:02+00:00","dateModified":"2025-07-25T13:33:27+00:00","description":"Deze dikke harsachtige essence is met stoom gedistilleerd, wat een zeldzame vondst is, omdat hij vaak alleen als absolute extractie verkrijgbaar is.","breadcrumb":{"@id":"https:\/\/dutchhealthstore.com\/nl\/product\/benzoin-essential-oil\/#breadcrumb"},"inLanguage":"nl-NL","potentialAction":[{"@type":"ReadAction","target":["https:\/\/dutchhealthstore.com\/nl\/product\/benzoin-essential-oil\/"]}]},{"@type":"ImageObject","inLanguage":"nl-NL","@id":"https:\/\/dutchhealthstore.com\/nl\/product\/benzoin-essential-oil\/#primaryimage","url":"https:\/\/dutchhealthstore.com\/wp-content\/uploads\/2018\/02\/Benzoin-Essential-Oil-Living-Libations.jpg","contentUrl":"https:\/\/dutchhealthstore.com\/wp-content\/uploads\/2018\/02\/Benzoin-Essential-Oil-Living-Libations.jpg","width":1200,"height":1200,"caption":"Benzoin Essential Oil - Living Libations"},{"@type":"BreadcrumbList","@id":"https:\/\/dutchhealthstore.com\/nl\/product\/benzoin-essential-oil\/#breadcrumb","itemListElement":[{"@type":"ListItem","position":1,"name":"Home","item":"https:\/\/dutchhealthstore.com\/nl\/"},{"@type":"ListItem","position":2,"name":"Shop","item":"https:\/\/dutchhealthstore.com\/nl\/shop\/"},{"@type":"ListItem","position":3,"name":"Benzoin Essential Oil"}]},{"@type":"WebSite","@id":"https:\/\/dutchhealthstore.com\/nl\/#website","url":"https:\/\/dutchhealthstore.com\/nl\/","name":"Dutch Health Store","description":"Enhance Your Beauty with Organic &amp; Natural Skincare","publisher":{"@id":"https:\/\/dutchhealthstore.com\/nl\/#organization"},"potentialAction":[{"@type":"SearchAction","target":{"@type":"EntryPoint","urlTemplate":"https:\/\/dutchhealthstore.com\/nl\/?s={search_term_string}"},"query-input":{"@type":"PropertyValueSpecification","valueRequired":true,"valueName":"search_term_string"}}],"inLanguage":"nl-NL"},{"@type":"Organization","@id":"https:\/\/dutchhealthstore.com\/nl\/#organization","name":"Dutch Health Store","url":"https:\/\/dutchhealthstore.com\/nl\/","logo":{"@type":"ImageObject","inLanguage":"nl-NL","@id":"https:\/\/dutchhealthstore.com\/nl\/#\/schema\/logo\/image\/","url":"https:\/\/dutchhealthstore.com\/wp-content\/uploads\/2020\/08\/logo-dutchhealthstore-jpg-e1599484957574.jpg","contentUrl":"https:\/\/dutchhealthstore.com\/wp-content\/uploads\/2020\/08\/logo-dutchhealthstore-jpg-e1599484957574.jpg","width":400,"height":62,"caption":"Dutch Health Store"},"image":{"@id":"https:\/\/dutchhealthstore.com\/nl\/#\/schema\/logo\/image\/"},"sameAs":["https:\/\/www.instagram.com\/dutchhealthstore\/","https:\/\/www.facebook.com\/dutchhealthstore"]}]},"product_brand":"Living Libations","og_availability":"instock","product_availability":"instock","product_condition":"new"},"_links":{"self":[{"href":"https:\/\/dutchhealthstore.com\/nl\/wp-json\/wp\/v2\/product\/116046","targetHints":{"allow":["GET"]}}],"collection":[{"href":"https:\/\/dutchhealthstore.com\/nl\/wp-json\/wp\/v2\/product"}],"about":[{"href":"https:\/\/dutchhealthstore.com\/nl\/wp-json\/wp\/v2\/types\/product"}],"replies":[{"embeddable":true,"href":"https:\/\/dutchhealthstore.com\/nl\/wp-json\/wp\/v2\/comments?post=116046"}],"wp:featuredmedia":[{"embeddable":true,"href":"https:\/\/dutchhealthstore.com\/nl\/wp-json\/wp\/v2\/media\/92993"}],"wp:attachment":[{"href":"https:\/\/dutchhealthstore.com\/nl\/wp-json\/wp\/v2\/media?parent=116046"}],"wp:term":[{"taxonomy":"product_brand","embeddable":true,"href":"https:\/\/dutchhealthstore.com\/nl\/wp-json\/wp\/v2\/product_brand?post=116046"},{"taxonomy":"product_cat","embeddable":true,"href":"https:\/\/dutchhealthstore.com\/nl\/wp-json\/wp\/v2\/product_cat?post=116046"},{"taxonomy":"product_tag","embeddable":true,"href":"https:\/\/dutchhealthstore.com\/nl\/wp-json\/wp\/v2\/product_tag?post=116046"}],"curies":[{"name":"wp","href":"https:\/\/api.w.org\/{rel}","templated":true}]}}