{"id":115149,"date":"2018-02-10T20:47:03","date_gmt":"2018-02-10T19:47:03","guid":{"rendered":"https:\/\/dutchhealthstore.com\/product\/love-wine\/"},"modified":"2026-03-06T15:23:27","modified_gmt":"2026-03-06T14:23:27","slug":"love-wine","status":"publish","type":"product","link":"https:\/\/dutchhealthstore.com\/nl\/product\/love-wine\/","title":{"rendered":"Love Wine"},"content":{"rendered":"<p><img decoding=\"async\" class=\"size-full wp-image-37041 alignright\" src=\"https:\/\/dutchhealthstore.com\/wp-content\/uploads\/2018\/04\/Living_Libations-1.png\" alt=\"Organic &amp; Natural Beautyproducts - Living Libations\" width=\"175\" height=\"82\">Dronken van de geur van de schepping, giet je. Je enige verplichting is om te ademen, en door de weide van het leven te lopen.<br \/>\nLiving Libations <strong>Love wine <\/strong>is een elixer uit het eeuwige; deze buitenaardse essenties mengen zich op co-creatieve wijze met het verlangen binnenin je.<\/p>\n<p>Love wine Elixir is een niet-alcoholisch elixermengsel van essenti\u00eble oli\u00ebn, bedoeld om lichaam en adem mee te zalven. Dit vrolijke, verblijdende mengsel inspireert tot plezier, gegiechel en goede tijden, alleen al door de vrolijkheid van de plantenextracten die hier zijn samengebracht.<\/p>\n<p>Dit botanische mengsel is verrukkelijk goddelijk. Hoewel elke olie zijn eigen unieke feestelijke eigenschappen heeft, worden veel Love wine oli\u00ebn geroemd om hun inspirerende en opbeurende werking.<\/p>\n<h3>Gebruik<\/h3>\n<p>Om de adem te verfrissen, breng je een paar druppels Love wine aan op je tong, of op je favoriete culinaire genot, in vers sap zoals granaatappel of watermeloen, in een smoothie, of op chocolade of honing. Love Wine zou leuk zijn op een bijeenkomst met vrienden om iets te vieren, of om je dag op te vrolijken. Velen worden ook gezalfd op de polsen voor een elegant aroma.<\/p>\n<h3>Love wine Watermelon Drink<\/h3>\n<p>Mix de helft van een watermeloen in een blender en voeg 2 druppels Love Wine toe &#8211; wow! Voel de gelukzalige moleculen door je wezen galmen.<\/p>\n<p><strong>Inhoud: 5 ml<\/strong><\/p>\n<h3 class=\"yikes-custom-woo-tab-title yikes-custom-woo-tab-title-natural-organic-ingredients\">Natuurlijke\/biologische Ingredi\u00ebnten<\/h3>\n<p><strong>Rose Otto essenti\u00eble olie <\/strong><em>(Rosa damascene) &#8211; <\/em>Roze kwarts-champagne-po\u00ebzie. Rose Otto, is een elegante en kostbare essence. Er zijn zestig rozen nodig om \u00e9\u00e9n druppel te maken. Roos verzacht het hart en deze botanische verzorger heeft een zoete, bloemige geur die zo opbeurend is. Etherische olie van rozenotto wordt al sinds de oudheid geroemd voor gebruik in spirituele liefde, heilige verbintenissen als bron van vreugde, schoonheid en geluk.<\/p>\n<p><strong>Immortelle essenti\u00eble olie <\/strong><em>(Helichrysum italicum) &#8211; <\/em>Eeuwige gelukzaligheid doet elk filament van uw wezen herleven. Dwingende Immortelle is een zeldzame geestverruimer.<\/p>\n<p><strong>Essenti\u00eble olie van Kaapse kamille <\/strong><em>(Eriocephalus punctulatus) &#8211; <\/em>Deze diepblauwe schoonheid voegt een kleurrijke en fruitige bloemenvonk toe aan het genot. Het is een prachtige, stralende olie met weelderige azuleen druppels. Het verspreidt een fijne fruitgeur die het welzijn bevordert en tegelijkertijd uiterst betoverend is!<\/p>\n<p><strong>Etherische olie<\/strong> van <strong>kardemom<\/strong><em>(Elettaria cardamomum)<\/em> &#8211; De zaaddozen van charismatische kardemom lijken op groene diamanten. Deze zoete en kruidige edelstenen zijn opbeurend en inspirerend met hun exotische geur. Het inspireert kracht en stabiliteit. Het ondersteunt duidelijke, compromisloze actie afgestemd op de frequentie van kracht.<\/p>\n<p><strong>Vanilleboon essenti\u00eble olie <\/strong><em>(Vanilla planifolia) &#8211; <\/em>Vanille heeft een onvergetelijke, heerlijke sensuele geur die een aromatisch aroma is.<\/p>\n<p><strong>Ylang <\/strong><em>(Cananga odorata etherische olie) &#8211;<\/em> Ylang betekent bloem der bloemen. Zijn vrolijke bloemengeur kust de wang om te komen spelen. Ylang heeft een heerlijk euforisch aroma.<\/p>\n<p><strong>Kaneelbast essenti\u00eble olie <\/strong><em>(Cinnamonum zeylanicum) &#8211; <\/em>De zoete specerij van alles wat lekker is, is het aroma dat kaneel afgeeft. Deze kaneel, afkomstig van biologische boomschors uit Madagaskar, is een waar multizintuiglijk genot. Onze authentieke distillatie van kaneel brengt een verwarmende ervaring voor mensen en plaatsen.<\/p>\n<p><strong>Schizandra essenti\u00eble olie <\/strong><em>(Schisandra <\/em><em>chinensis) &#8211; <\/em>Schizandrabes is een verbazingwekkende distillatie van een van de meest versterkende bessen. Deze olie heeft een groot aantal bioactieve lignanen en lipofiele bestanddelen. Deze bessen zijn een hoofdbestanddeel van de traditionele Chinese cultuur, en worden al duizenden jaren gebruikt om de chi van het lichaam te versterken. Bekend als &#8220;wu wei zi&#8221; in het Chinees, bevat deze &#8220;vijf smaken vrucht&#8221; een complex palet van smaken die bitter, zout, pittig, zoet en zuur zijn.<\/p>\n<p><strong>Bergamot etherische olie <\/strong><em>(Citrus bergamia) &#8211; <\/em>Met zijn heerlijke, heldere citrusgeur is bergamot een van de meest geliefde oli\u00ebn. Het is een van de belangrijkste smaken in Earl Grey Tea. Het is als zonneschijn in een fles die zorgt voor zelfvertrouwen en een opleving van de vrolijkheid.<\/p>\n<p><strong>Honing &#8211; <\/strong>Slechts een vleugje van deze zoete nectar bindt Love wine samen! Deze ambrozijnen zegening gecre\u00eberd door het grote ontwerp van glorieuze honingbijen is een weelderige aardse elixer<\/p>\n<p style=\"text-align: center;\"><em>&#8220;Alle opwinding komt van de beker wijn<\/em><\/p>\n<p style=\"text-align: center;\"><em>de geliefde gemorst op deze aarde.<\/em><\/p>\n<p style=\"text-align: center;\"><em>De geur van de geliefde maakt je dronken van extase<\/em><\/p>\n<p style=\"text-align: center;\"><em>het licht verbijstert het hart.&#8221;<\/em><\/p>\n<p style=\"text-align: center;\">~ Rumi<\/p>\n<p style=\"text-align: center;\"><em>&#8220;Men begint het leven van de bijen pas te begrijpen als men weet dat de bij leeft in een sfeer die volledig doordrongen is van liefde.&#8221;<\/em><\/p>\n<p style=\"text-align: center;\">~ Rudolf Steiner<\/p>\n<p><img fetchpriority=\"high\" decoding=\"async\" class=\"size-full wp-image-31577 aligncenter\" src=\"https:\/\/dutchhealthstore.com\/wp-content\/uploads\/2018\/03\/organic_big.png\" alt=\"Organic and Natural - Living Libations\" width=\"623\" height=\"103\" srcset=\"https:\/\/dutchhealthstore.com\/wp-content\/uploads\/2018\/03\/organic_big.png 623w, https:\/\/dutchhealthstore.com\/wp-content\/uploads\/2018\/03\/organic_big-510x84.png 510w, https:\/\/dutchhealthstore.com\/wp-content\/uploads\/2018\/03\/organic_big-600x99.png 600w, https:\/\/dutchhealthstore.com\/wp-content\/uploads\/2018\/03\/organic_big-350x58.png 350w\" sizes=\"(max-width: 623px) 100vw, 623px\" \/><\/p>\n","protected":false},"excerpt":{"rendered":"<p>Dronken van de geur van de schepping, giet je. Je enige verplichting is om te ademen, en door de weide van het leven te lopen.<br \/>\nLiving Libations <strong>Love wine<\/strong> is een elixer uit het eeuwige; deze buitenaardse essenties mengen zich op co-creatieve wijze met het verlangen binnenin je.<\/p>\n","protected":false},"featured_media":359742,"comment_status":"open","ping_status":"closed","template":"","meta":[],"product_brand":[],"product_cat":[3746,6743,6731,1208,1006,510,6730],"product_tag":[4019],"class_list":{"0":"post-115149","1":"product","2":"type-product","3":"status-publish","4":"has-post-thumbnail","6":"product_cat-aroma-mengsels","7":"product_cat-essential-oil-blends","8":"product_cat-essential-oils-nl","9":"product_cat-living-libations-nederland","10":"product_cat-merken","11":"product_cat-shop-winkel","12":"product_cat-wellness-nl","13":"product_tag-elixir-nl","14":"pa_brand-livinglibations-nl","15":"pa_essential-oils-product-type-essential-oil-blends-nl","16":"pa_size-5-ml-nl","18":"first","19":"outofstock","20":"taxable","21":"shipping-taxable","22":"purchasable","23":"product-type-simple"},"bundled_by":[],"bundle_stock_status":"outofstock","bundle_stock_quantity":0,"bundle_virtual":false,"bundle_layout":"","bundle_add_to_cart_form_location":"","bundle_editable_in_cart":false,"bundle_sold_individually_context":"","bundle_item_grouping":"","bundle_min_size":"","bundle_max_size":"","bundle_price":[],"bundled_items":[],"bundle_sell_ids":[247523],"atum_controlled":true,"out_stock_date":"2026-03-06 15:23:27","out_stock_threshold":null,"inheritable":false,"stock_on_hold":0,"sold_today":0,"sales_last_days":1,"out_stock_days":12,"lost_sales":66,"update_date":"2026-04-07T13:46:49","atum_locations":[],"atum_stock_status":"outofstock","restock_status":false,"low_stock_amount":0,"sales_update_date":"2026-04-07T13:46:49","calc_backorders":null,"group_of_quantity":0,"min_quantity":0,"max_quantity":"","exclude_order_quantity_value_rules":"no","exclude_category_quantity_rules":"no","combine_variations":"no","yoast_head":"<!-- This site is optimized with the Yoast SEO Premium plugin v26.5 (Yoast SEO v26.5) - https:\/\/yoast.com\/wordpress\/plugins\/seo\/ -->\n<title>Love Wine | Living Libations<\/title>\n<meta name=\"description\" content=\"Living Libations Love wine is een elixer uit het eeuwige; deze buitenaardse essenties mengen zich op co-creatieve wijze met het verlangen binnenin je.\" \/>\n<meta name=\"robots\" content=\"index, follow, max-snippet:-1, max-image-preview:large, max-video-preview:-1\" \/>\n<link rel=\"canonical\" href=\"https:\/\/dutchhealthstore.com\/nl\/product\/love-wine\/\" \/>\n<meta property=\"og:locale\" content=\"nl_NL\" \/>\n<meta property=\"og:type\" content=\"article\" \/>\n<meta property=\"og:title\" content=\"Love Wine - Dutch Health Store\" \/>\n<meta property=\"og:description\" content=\"Living Libations Love wine is een elixer uit het eeuwige; deze buitenaardse essenties mengen zich op co-creatieve wijze met het verlangen binnenin je.\" \/>\n<meta property=\"og:url\" content=\"https:\/\/dutchhealthstore.com\/nl\/product\/love-wine\/\" \/>\n<meta property=\"og:site_name\" content=\"Dutch Health Store\" \/>\n<meta property=\"article:publisher\" content=\"https:\/\/www.instagram.com\/dutchhealthstore\/\" \/>\n<meta property=\"article:modified_time\" content=\"2026-03-06T14:23:27+00:00\" \/>\n<meta property=\"og:image\" content=\"https:\/\/dutchhealthstore.com\/wp-content\/uploads\/2018\/02\/love_wine_Living_Libations_Europe.jpg\" \/>\n\t<meta property=\"og:image:width\" content=\"500\" \/>\n\t<meta property=\"og:image:height\" content=\"500\" \/>\n\t<meta property=\"og:image:type\" content=\"image\/jpeg\" \/>\n<meta name=\"twitter:card\" content=\"summary_large_image\" \/>\n<meta name=\"twitter:label1\" content=\"Prijs\" \/>\n\t<meta name=\"twitter:data1\" content=\"&euro;39,00\" \/>\n\t<meta name=\"twitter:label2\" content=\"Beschikbaarheid\" \/>\n\t<meta name=\"twitter:data2\" content=\"Uitverkocht\" \/>\n<script type=\"application\/ld+json\" class=\"yoast-schema-graph\">{\"@context\":\"https:\/\/schema.org\",\"@graph\":[{\"@type\":\"WebPage\",\"@id\":\"https:\/\/dutchhealthstore.com\/nl\/product\/love-wine\/\",\"url\":\"https:\/\/dutchhealthstore.com\/nl\/product\/love-wine\/\",\"name\":\"Love Wine | Living Libations\",\"isPartOf\":{\"@id\":\"https:\/\/dutchhealthstore.com\/nl\/#website\"},\"primaryImageOfPage\":{\"@id\":\"https:\/\/dutchhealthstore.com\/nl\/product\/love-wine\/#primaryimage\"},\"image\":{\"@id\":\"https:\/\/dutchhealthstore.com\/nl\/product\/love-wine\/#primaryimage\"},\"thumbnailUrl\":\"https:\/\/dutchhealthstore.com\/wp-content\/uploads\/2018\/02\/Love-Wine.png\",\"datePublished\":\"2018-02-10T19:47:03+00:00\",\"dateModified\":\"2026-03-06T14:23:27+00:00\",\"description\":\"Living Libations Love wine is een elixer uit het eeuwige; deze buitenaardse essenties mengen zich op co-creatieve wijze met het verlangen binnenin je.\",\"breadcrumb\":{\"@id\":\"https:\/\/dutchhealthstore.com\/nl\/product\/love-wine\/#breadcrumb\"},\"inLanguage\":\"nl-NL\",\"potentialAction\":[{\"@type\":\"ReadAction\",\"target\":[\"https:\/\/dutchhealthstore.com\/nl\/product\/love-wine\/\"]}]},{\"@type\":\"ImageObject\",\"inLanguage\":\"nl-NL\",\"@id\":\"https:\/\/dutchhealthstore.com\/nl\/product\/love-wine\/#primaryimage\",\"url\":\"https:\/\/dutchhealthstore.com\/wp-content\/uploads\/2018\/02\/Love-Wine.png\",\"contentUrl\":\"https:\/\/dutchhealthstore.com\/wp-content\/uploads\/2018\/02\/Love-Wine.png\",\"width\":530,\"height\":530},{\"@type\":\"BreadcrumbList\",\"@id\":\"https:\/\/dutchhealthstore.com\/nl\/product\/love-wine\/#breadcrumb\",\"itemListElement\":[{\"@type\":\"ListItem\",\"position\":1,\"name\":\"Home\",\"item\":\"https:\/\/dutchhealthstore.com\/nl\/\"},{\"@type\":\"ListItem\",\"position\":2,\"name\":\"Shop\",\"item\":\"https:\/\/dutchhealthstore.com\/nl\/shop\/\"},{\"@type\":\"ListItem\",\"position\":3,\"name\":\"Love Wine\"}]},{\"@type\":\"WebSite\",\"@id\":\"https:\/\/dutchhealthstore.com\/nl\/#website\",\"url\":\"https:\/\/dutchhealthstore.com\/nl\/\",\"name\":\"Dutch Health Store\",\"description\":\"Enhance Your Beauty with Organic &amp; Natural Skincare\",\"publisher\":{\"@id\":\"https:\/\/dutchhealthstore.com\/nl\/#organization\"},\"potentialAction\":[{\"@type\":\"SearchAction\",\"target\":{\"@type\":\"EntryPoint\",\"urlTemplate\":\"https:\/\/dutchhealthstore.com\/nl\/?s={search_term_string}\"},\"query-input\":{\"@type\":\"PropertyValueSpecification\",\"valueRequired\":true,\"valueName\":\"search_term_string\"}}],\"inLanguage\":\"nl-NL\"},{\"@type\":\"Organization\",\"@id\":\"https:\/\/dutchhealthstore.com\/nl\/#organization\",\"name\":\"Dutch Health Store\",\"url\":\"https:\/\/dutchhealthstore.com\/nl\/\",\"logo\":{\"@type\":\"ImageObject\",\"inLanguage\":\"nl-NL\",\"@id\":\"https:\/\/dutchhealthstore.com\/nl\/#\/schema\/logo\/image\/\",\"url\":\"https:\/\/dutchhealthstore.com\/wp-content\/uploads\/2020\/08\/logo-dutchhealthstore-jpg-e1599484957574.jpg\",\"contentUrl\":\"https:\/\/dutchhealthstore.com\/wp-content\/uploads\/2020\/08\/logo-dutchhealthstore-jpg-e1599484957574.jpg\",\"width\":400,\"height\":62,\"caption\":\"Dutch Health Store\"},\"image\":{\"@id\":\"https:\/\/dutchhealthstore.com\/nl\/#\/schema\/logo\/image\/\"},\"sameAs\":[\"https:\/\/www.instagram.com\/dutchhealthstore\/\",\"https:\/\/www.facebook.com\/dutchhealthstore\"]}]}<\/script>\n<meta property=\"product:brand\" content=\"Living Libations\" \/>\n<meta property=\"product:price:amount\" content=\"39.00\" \/>\n<meta property=\"product:price:currency\" content=\"EUR\" \/>\n<meta property=\"og:availability\" content=\"out of stock\" \/>\n<meta property=\"product:availability\" content=\"out of stock\" \/>\n<meta property=\"product:condition\" content=\"new\" \/>\n<!-- \/ Yoast SEO Premium plugin. -->","yoast_head_json":{"title":"Love Wine | Living Libations","description":"Living Libations Love wine is een elixer uit het eeuwige; deze buitenaardse essenties mengen zich op co-creatieve wijze met het verlangen binnenin je.","robots":{"index":"index","follow":"follow","max-snippet":"max-snippet:-1","max-image-preview":"max-image-preview:large","max-video-preview":"max-video-preview:-1"},"canonical":"https:\/\/dutchhealthstore.com\/nl\/product\/love-wine\/","og_locale":"nl_NL","og_type":"article","og_title":"Love Wine - Dutch Health Store","og_description":"Living Libations Love wine is een elixer uit het eeuwige; deze buitenaardse essenties mengen zich op co-creatieve wijze met het verlangen binnenin je.","og_url":"https:\/\/dutchhealthstore.com\/nl\/product\/love-wine\/","og_site_name":"Dutch Health Store","article_publisher":"https:\/\/www.instagram.com\/dutchhealthstore\/","article_modified_time":"2026-03-06T14:23:27+00:00","og_image":[{"width":500,"height":500,"url":"https:\/\/dutchhealthstore.com\/wp-content\/uploads\/2018\/02\/love_wine_Living_Libations_Europe.jpg","type":"image\/jpeg"}],"twitter_card":"summary_large_image","twitter_misc":{"Prijs":"&euro;39,00","Beschikbaarheid":"Uitverkocht"},"schema":{"@context":"https:\/\/schema.org","@graph":[{"@type":"WebPage","@id":"https:\/\/dutchhealthstore.com\/nl\/product\/love-wine\/","url":"https:\/\/dutchhealthstore.com\/nl\/product\/love-wine\/","name":"Love Wine | Living Libations","isPartOf":{"@id":"https:\/\/dutchhealthstore.com\/nl\/#website"},"primaryImageOfPage":{"@id":"https:\/\/dutchhealthstore.com\/nl\/product\/love-wine\/#primaryimage"},"image":{"@id":"https:\/\/dutchhealthstore.com\/nl\/product\/love-wine\/#primaryimage"},"thumbnailUrl":"https:\/\/dutchhealthstore.com\/wp-content\/uploads\/2018\/02\/Love-Wine.png","datePublished":"2018-02-10T19:47:03+00:00","dateModified":"2026-03-06T14:23:27+00:00","description":"Living Libations Love wine is een elixer uit het eeuwige; deze buitenaardse essenties mengen zich op co-creatieve wijze met het verlangen binnenin je.","breadcrumb":{"@id":"https:\/\/dutchhealthstore.com\/nl\/product\/love-wine\/#breadcrumb"},"inLanguage":"nl-NL","potentialAction":[{"@type":"ReadAction","target":["https:\/\/dutchhealthstore.com\/nl\/product\/love-wine\/"]}]},{"@type":"ImageObject","inLanguage":"nl-NL","@id":"https:\/\/dutchhealthstore.com\/nl\/product\/love-wine\/#primaryimage","url":"https:\/\/dutchhealthstore.com\/wp-content\/uploads\/2018\/02\/Love-Wine.png","contentUrl":"https:\/\/dutchhealthstore.com\/wp-content\/uploads\/2018\/02\/Love-Wine.png","width":530,"height":530},{"@type":"BreadcrumbList","@id":"https:\/\/dutchhealthstore.com\/nl\/product\/love-wine\/#breadcrumb","itemListElement":[{"@type":"ListItem","position":1,"name":"Home","item":"https:\/\/dutchhealthstore.com\/nl\/"},{"@type":"ListItem","position":2,"name":"Shop","item":"https:\/\/dutchhealthstore.com\/nl\/shop\/"},{"@type":"ListItem","position":3,"name":"Love Wine"}]},{"@type":"WebSite","@id":"https:\/\/dutchhealthstore.com\/nl\/#website","url":"https:\/\/dutchhealthstore.com\/nl\/","name":"Dutch Health Store","description":"Enhance Your Beauty with Organic &amp; Natural Skincare","publisher":{"@id":"https:\/\/dutchhealthstore.com\/nl\/#organization"},"potentialAction":[{"@type":"SearchAction","target":{"@type":"EntryPoint","urlTemplate":"https:\/\/dutchhealthstore.com\/nl\/?s={search_term_string}"},"query-input":{"@type":"PropertyValueSpecification","valueRequired":true,"valueName":"search_term_string"}}],"inLanguage":"nl-NL"},{"@type":"Organization","@id":"https:\/\/dutchhealthstore.com\/nl\/#organization","name":"Dutch Health Store","url":"https:\/\/dutchhealthstore.com\/nl\/","logo":{"@type":"ImageObject","inLanguage":"nl-NL","@id":"https:\/\/dutchhealthstore.com\/nl\/#\/schema\/logo\/image\/","url":"https:\/\/dutchhealthstore.com\/wp-content\/uploads\/2020\/08\/logo-dutchhealthstore-jpg-e1599484957574.jpg","contentUrl":"https:\/\/dutchhealthstore.com\/wp-content\/uploads\/2020\/08\/logo-dutchhealthstore-jpg-e1599484957574.jpg","width":400,"height":62,"caption":"Dutch Health Store"},"image":{"@id":"https:\/\/dutchhealthstore.com\/nl\/#\/schema\/logo\/image\/"},"sameAs":["https:\/\/www.instagram.com\/dutchhealthstore\/","https:\/\/www.facebook.com\/dutchhealthstore"]}]},"product_brand":"Living Libations","product_price_amount":"39.00","product_price_currency":"EUR","og_availability":"out of stock","product_availability":"out of stock","product_condition":"new"},"_links":{"self":[{"href":"https:\/\/dutchhealthstore.com\/nl\/wp-json\/wp\/v2\/product\/115149","targetHints":{"allow":["GET"]}}],"collection":[{"href":"https:\/\/dutchhealthstore.com\/nl\/wp-json\/wp\/v2\/product"}],"about":[{"href":"https:\/\/dutchhealthstore.com\/nl\/wp-json\/wp\/v2\/types\/product"}],"replies":[{"embeddable":true,"href":"https:\/\/dutchhealthstore.com\/nl\/wp-json\/wp\/v2\/comments?post=115149"}],"wp:featuredmedia":[{"embeddable":true,"href":"https:\/\/dutchhealthstore.com\/nl\/wp-json\/wp\/v2\/media\/359742"}],"wp:attachment":[{"href":"https:\/\/dutchhealthstore.com\/nl\/wp-json\/wp\/v2\/media?parent=115149"}],"wp:term":[{"taxonomy":"product_brand","embeddable":true,"href":"https:\/\/dutchhealthstore.com\/nl\/wp-json\/wp\/v2\/product_brand?post=115149"},{"taxonomy":"product_cat","embeddable":true,"href":"https:\/\/dutchhealthstore.com\/nl\/wp-json\/wp\/v2\/product_cat?post=115149"},{"taxonomy":"product_tag","embeddable":true,"href":"https:\/\/dutchhealthstore.com\/nl\/wp-json\/wp\/v2\/product_tag?post=115149"}],"curies":[{"name":"wp","href":"https:\/\/api.w.org\/{rel}","templated":true}]}}