{"id":113834,"date":"2018-02-10T19:23:03","date_gmt":"2018-02-10T18:23:03","guid":{"rendered":"https:\/\/dutchhealthstore.com\/product\/roseglow-poetic-pits-royal-nature\/"},"modified":"2026-02-23T14:36:07","modified_gmt":"2026-02-23T13:36:07","slug":"roseglow-poetic-pits-royal-nature","status":"publish","type":"product","link":"https:\/\/dutchhealthstore.com\/nl\/product\/roseglow-poetic-pits-royal-nature\/","title":{"rendered":"Poetic Pits &#8211; Rose Glow"},"content":{"rendered":"<p><img decoding=\"async\" class=\"size-full wp-image-37041 alignright\" src=\"https:\/\/dutchhealthstore.com\/wp-content\/uploads\/2018\/04\/Living_Libations-1.png\" alt=\"Organic &amp; Natural Beautyproducts - Living Libations\" width=\"175\" height=\"82\">Verzadig de zintuigen en straal de aromatische gloed van je koninklijke aard uit met deze schitterende deodorant.<br \/>\nRegal rose otto schijnt in deze verrukkelijk goddelijke deodorant die weelderig sandelhout, weelderige lavendel en het zachte sap van rozen over geranium combineert.<br \/>\nWat is er verfrissender, luxueuzer, dan de oksels in te wijden met de streling van pure rozenblaadjes in Living Libations <strong>Rose Glow Poetic Pits<\/strong>?<\/p>\n<h3>Gebruik<\/h3>\n<p>Veeg \u00e9\u00e9n keer om elke onderarm te bezweren.<br \/>\nCombineer met onze Ever Moss, Vanilla Velvet, Secret Land of Is Colognes of onze Fawn Lily, Lilac Lady, Roses Shining Everywhere of Lavish Abundance Petal Perfumes.<\/p>\n<h3>Let op.<\/h3>\n<p>Poetic Pits zijn 100% geconcentreerde essenti\u00eble oli\u00ebn, dus het is het beste om een beschadigde, ontstoken en allergische huid te ontwijken.<br \/>\nDe ingredi\u00ebnten zijn geselecteerd uit essenti\u00eble oli\u00ebn die erkend zijn als veilig voor de huid.<br \/>\nOmdat iedereen een huid heeft die uniek reageert, adviseren wij gebruikers om v\u00f3\u00f3r gebruik een patchtest te doen in de elleboog.<br \/>\nBuiten bereik van kinderen bewaren. Voor gebruik op de gevoelige huid, verdunnen met jojoba-olie of probeer onze Cr\u00e8me Underarm Charms.<\/p>\n<h3 class=\"yikes-custom-woo-tab-title yikes-custom-woo-tab-title-natural-organic-ingredients\">Natuurlijke\/biologische Ingredi\u00ebnten<\/h3>\n<p><strong>Essenti\u00eble olie van sandelhout <\/strong><em>(Santalum album)<\/em> &#8211; Sandelhout is rijk en romig en biedt een dromerige geur die harmoniseert met uw persoonlijke geur en tegelijkertijd de olieproductie in balans brengt. Dankzij drogere oksels en een perfect vochtgehalte bent u zeker van uw charme onder de oksels. Onze ethisch geoogste, hemels geurende sandelhoutessence wordt gedestilleerd uit het kernhout van de aromatische boom. Het bruist van de prachtige vochtigheid en botanische biotische krachten. Deze warme, rijke, sensuele olie wordt gebruikt in onze Poetic Pits en in natuurlijke haar- en huidverzorging over de hele wereld.<\/p>\n<p><strong>Etherische olie van Rose Otto <\/strong><em>(Rosa damascena)<\/em> &#8211; Regal rose otto is een met stoom gedistilleerde waarzegging uit de Rozenvallei in Bulgarije en is al eeuwenlang een integraal ingredi\u00ebnt in huidverzorgingspreparaten. Naast het engelachtige aroma en de etherische vibraties is roos otto de meest kostbare, gewilde en heilzame krachtige olie van alle rozensoorten. Het verzacht het hart en betovert de oksels met zijn elegante aroma. Dichters, schrijvers en mystici zijn vol lof over de hartverwarmende resultaten van rozenotto, dat het hart opent voor de liefde.<\/p>\n<p><strong>Rozen over Geranium essenti\u00eble olie <\/strong><em>(Rosa damascena met Pelargonium graveolens)<\/em> &#8211; Onze unieke gechoreografeerde co-distillatie combineert de verkwikkende voordelen van roos otto en geranium essenti\u00eble olie, waardoor een perfecte cocktail ontstaat van verjongende kracht met een groene, rooskleurige geur.<\/p>\n<p><strong>Essenti\u00eble lavendelolie <\/strong><em>(Lavendula angustifolia)<\/em> &#8211; Heerlijke lavendelolie is meer dan alleen een aromatherapeutisch basisproduct; het is de perfecte muze om je oksels te betoveren! Lavendel is emotioneel kalmerend en rustgevend, maar ook heerlijk voor de huid. Onder de armen verzacht lavendel de tere huid na het scheren. Lavendel, genoemd naar het Latijnse &#8216;wassen&#8217;, is een heerlijk smeersel dat onze oksels een bloemblaadje van ontspannen rust geeft.<\/p>\n<p><iframe title=\"Natural Deodorant that Works Wonders\" width=\"1020\" height=\"574\" src=\"https:\/\/www.youtube.com\/embed\/yWbLk-gGkrM?feature=oembed\" frameborder=\"0\" allow=\"accelerometer; autoplay; encrypted-media; gyroscope; picture-in-picture\" allowfullscreen><\/iframe><\/p>\n<p><img fetchpriority=\"high\" decoding=\"async\" class=\"size-full wp-image-31577 aligncenter\" src=\"https:\/\/dutchhealthstore.com\/wp-content\/uploads\/2018\/03\/organic_big.png\" alt=\"Organic and Natural - Living Libations\" width=\"623\" height=\"103\" srcset=\"https:\/\/dutchhealthstore.com\/wp-content\/uploads\/2018\/03\/organic_big.png 623w, https:\/\/dutchhealthstore.com\/wp-content\/uploads\/2018\/03\/organic_big-510x84.png 510w, https:\/\/dutchhealthstore.com\/wp-content\/uploads\/2018\/03\/organic_big-600x99.png 600w, https:\/\/dutchhealthstore.com\/wp-content\/uploads\/2018\/03\/organic_big-350x58.png 350w\" sizes=\"(max-width: 623px) 100vw, 623px\" \/><\/p>\n<p>&nbsp;<\/p>\n","protected":false},"excerpt":{"rendered":"<p>Verzadig de zintuigen en straal de aromatische gloed van je koninklijke aard uit met deze schitterende deodorant.<br \/>\nRegal rose otto schijnt in deze verrukkelijk goddelijke deodorant die weelderig sandelhout, weelderige lavendel en het zachte sap van rozen over geranium combineert.<br \/>\nWat is er verfrissender, luxueuzer, dan de oksels in te wijden met de streling van pure rozenblaadjes in Living Libations<strong> Rose Glow Poetic Pits<\/strong>?<\/p>\n<p>&nbsp;<\/p>\n","protected":false},"featured_media":299110,"comment_status":"open","ping_status":"closed","template":"","meta":[],"product_brand":[],"product_cat":[1029,5966,3538,5822,1500,1208,1006,510],"product_tag":[4441,4443],"class_list":{"0":"post-113834","1":"product","2":"type-product","3":"status-publish","4":"has-post-thumbnail","6":"product_cat-categorieen","7":"product_cat-deodorants-nl-3","8":"product_cat-deodorant-living-libations","9":"product_cat-body-care-nl-3","10":"product_cat-lichaamsverzorging-living-libations","11":"product_cat-living-libations-nederland","12":"product_cat-merken","13":"product_cat-shop-winkel","14":"product_tag-body-care-nl","15":"product_tag-deodorants-nl","16":"pa_bestsellers-goed-nl","17":"pa_brand-livinglibations-nl","18":"pa_gtin-7439657334375-nl","19":"pa_size-1-25-ml-sample-nl","20":"pa_size-10-ml-nl","21":"pa_size-30-ml-nl","22":"pa_size-5-ml-nl","24":"first","25":"instock","26":"taxable","27":"shipping-taxable","28":"purchasable","29":"product-type-variable"},"bundled_by":[],"bundle_stock_status":"instock","bundle_stock_quantity":null,"bundle_virtual":false,"bundle_layout":"","bundle_add_to_cart_form_location":"","bundle_editable_in_cart":false,"bundle_sold_individually_context":"","bundle_item_grouping":"","bundle_min_size":"","bundle_max_size":"","bundle_price":[],"bundled_items":[],"bundle_sell_ids":[107424],"atum_controlled":true,"out_stock_date":null,"out_stock_threshold":null,"inheritable":true,"stock_on_hold":1,"sold_today":1,"sales_last_days":1,"out_stock_days":0,"lost_sales":0,"update_date":"2026-04-27T19:54:46","atum_locations":[],"atum_stock_status":"instock","restock_status":false,"low_stock_amount":"","sales_update_date":"2026-04-26T00:12:43","calc_backorders":null,"group_of_quantity":0,"min_quantity":0,"max_quantity":"","exclude_order_quantity_value_rules":"no","exclude_category_quantity_rules":"no","combine_variations":"no","yoast_head":"<!-- This site is optimized with the Yoast SEO Premium plugin v26.5 (Yoast SEO v26.5) - https:\/\/yoast.com\/wordpress\/plugins\/seo\/ -->\n<title>Poetic Pits - Rose | Living Libations<\/title>\n<meta name=\"description\" content=\"Rose Glow Underarm Charm straalt de hele dag een straal van schoonheid uit je oksels.\" \/>\n<meta name=\"robots\" content=\"index, follow, max-snippet:-1, max-image-preview:large, max-video-preview:-1\" \/>\n<link rel=\"canonical\" href=\"https:\/\/dutchhealthstore.com\/nl\/product\/roseglow-poetic-pits-royal-nature\/\" \/>\n<meta property=\"og:locale\" content=\"nl_NL\" \/>\n<meta property=\"og:type\" content=\"article\" \/>\n<meta property=\"og:title\" content=\"Poetic Pits - Rose Glow - Dutch Health Store\" \/>\n<meta property=\"og:description\" content=\"Rose Glow Underarm Charm straalt de hele dag een straal van schoonheid uit je oksels.\" \/>\n<meta property=\"og:url\" content=\"https:\/\/dutchhealthstore.com\/nl\/product\/roseglow-poetic-pits-royal-nature\/\" \/>\n<meta property=\"og:site_name\" content=\"Dutch Health Store\" \/>\n<meta property=\"article:publisher\" content=\"https:\/\/www.instagram.com\/dutchhealthstore\/\" \/>\n<meta property=\"article:modified_time\" content=\"2026-02-23T13:36:07+00:00\" \/>\n<meta property=\"og:image\" content=\"https:\/\/dutchhealthstore.com\/wp-content\/uploads\/2018\/02\/Poetic-Pits-Rose-Glow-5ml-e1598003031579.jpg\" \/>\n\t<meta property=\"og:image:width\" content=\"500\" \/>\n\t<meta property=\"og:image:height\" content=\"500\" \/>\n\t<meta property=\"og:image:type\" content=\"image\/jpeg\" \/>\n<meta name=\"twitter:card\" content=\"summary_large_image\" \/>\n<meta name=\"twitter:label1\" content=\"Beschikbaarheid\" \/>\n\t<meta name=\"twitter:data1\" content=\"Op voorraad\" \/>\n<script type=\"application\/ld+json\" class=\"yoast-schema-graph\">{\"@context\":\"https:\/\/schema.org\",\"@graph\":[{\"@type\":\"WebPage\",\"@id\":\"https:\/\/dutchhealthstore.com\/nl\/product\/roseglow-poetic-pits-royal-nature\/\",\"url\":\"https:\/\/dutchhealthstore.com\/nl\/product\/roseglow-poetic-pits-royal-nature\/\",\"name\":\"Poetic Pits - Rose | Living Libations\",\"isPartOf\":{\"@id\":\"https:\/\/dutchhealthstore.com\/nl\/#website\"},\"primaryImageOfPage\":{\"@id\":\"https:\/\/dutchhealthstore.com\/nl\/product\/roseglow-poetic-pits-royal-nature\/#primaryimage\"},\"image\":{\"@id\":\"https:\/\/dutchhealthstore.com\/nl\/product\/roseglow-poetic-pits-royal-nature\/#primaryimage\"},\"thumbnailUrl\":\"https:\/\/dutchhealthstore.com\/wp-content\/uploads\/2018\/02\/ll-poetic-pits-roseglow-10ml.jpg\",\"datePublished\":\"2018-02-10T18:23:03+00:00\",\"dateModified\":\"2026-02-23T13:36:07+00:00\",\"description\":\"Rose Glow Underarm Charm straalt de hele dag een straal van schoonheid uit je oksels.\",\"breadcrumb\":{\"@id\":\"https:\/\/dutchhealthstore.com\/nl\/product\/roseglow-poetic-pits-royal-nature\/#breadcrumb\"},\"inLanguage\":\"nl-NL\",\"potentialAction\":[{\"@type\":\"ReadAction\",\"target\":[\"https:\/\/dutchhealthstore.com\/nl\/product\/roseglow-poetic-pits-royal-nature\/\"]}]},{\"@type\":\"ImageObject\",\"inLanguage\":\"nl-NL\",\"@id\":\"https:\/\/dutchhealthstore.com\/nl\/product\/roseglow-poetic-pits-royal-nature\/#primaryimage\",\"url\":\"https:\/\/dutchhealthstore.com\/wp-content\/uploads\/2018\/02\/ll-poetic-pits-roseglow-10ml.jpg\",\"contentUrl\":\"https:\/\/dutchhealthstore.com\/wp-content\/uploads\/2018\/02\/ll-poetic-pits-roseglow-10ml.jpg\",\"width\":530,\"height\":530,\"caption\":\"ll-poetic-pits-roseglow-10ml\"},{\"@type\":\"BreadcrumbList\",\"@id\":\"https:\/\/dutchhealthstore.com\/nl\/product\/roseglow-poetic-pits-royal-nature\/#breadcrumb\",\"itemListElement\":[{\"@type\":\"ListItem\",\"position\":1,\"name\":\"Home\",\"item\":\"https:\/\/dutchhealthstore.com\/nl\/\"},{\"@type\":\"ListItem\",\"position\":2,\"name\":\"Shop\",\"item\":\"https:\/\/dutchhealthstore.com\/nl\/shop\/\"},{\"@type\":\"ListItem\",\"position\":3,\"name\":\"Poetic Pits &#8211; Rose Glow\"}]},{\"@type\":\"WebSite\",\"@id\":\"https:\/\/dutchhealthstore.com\/nl\/#website\",\"url\":\"https:\/\/dutchhealthstore.com\/nl\/\",\"name\":\"Dutch Health Store\",\"description\":\"Enhance Your Beauty with Organic &amp; Natural Skincare\",\"publisher\":{\"@id\":\"https:\/\/dutchhealthstore.com\/nl\/#organization\"},\"potentialAction\":[{\"@type\":\"SearchAction\",\"target\":{\"@type\":\"EntryPoint\",\"urlTemplate\":\"https:\/\/dutchhealthstore.com\/nl\/?s={search_term_string}\"},\"query-input\":{\"@type\":\"PropertyValueSpecification\",\"valueRequired\":true,\"valueName\":\"search_term_string\"}}],\"inLanguage\":\"nl-NL\"},{\"@type\":\"Organization\",\"@id\":\"https:\/\/dutchhealthstore.com\/nl\/#organization\",\"name\":\"Dutch Health Store\",\"url\":\"https:\/\/dutchhealthstore.com\/nl\/\",\"logo\":{\"@type\":\"ImageObject\",\"inLanguage\":\"nl-NL\",\"@id\":\"https:\/\/dutchhealthstore.com\/nl\/#\/schema\/logo\/image\/\",\"url\":\"https:\/\/dutchhealthstore.com\/wp-content\/uploads\/2020\/08\/logo-dutchhealthstore-jpg-e1599484957574.jpg\",\"contentUrl\":\"https:\/\/dutchhealthstore.com\/wp-content\/uploads\/2020\/08\/logo-dutchhealthstore-jpg-e1599484957574.jpg\",\"width\":400,\"height\":62,\"caption\":\"Dutch Health Store\"},\"image\":{\"@id\":\"https:\/\/dutchhealthstore.com\/nl\/#\/schema\/logo\/image\/\"},\"sameAs\":[\"https:\/\/www.instagram.com\/dutchhealthstore\/\",\"https:\/\/www.facebook.com\/dutchhealthstore\"]}]}<\/script>\n<meta property=\"product:brand\" content=\"Living Libations\" \/>\n<meta property=\"og:availability\" content=\"instock\" \/>\n<meta property=\"product:availability\" content=\"instock\" \/>\n<meta property=\"product:condition\" content=\"new\" \/>\n<!-- \/ Yoast SEO Premium plugin. -->","yoast_head_json":{"title":"Poetic Pits - Rose | Living Libations","description":"Rose Glow Underarm Charm straalt de hele dag een straal van schoonheid uit je oksels.","robots":{"index":"index","follow":"follow","max-snippet":"max-snippet:-1","max-image-preview":"max-image-preview:large","max-video-preview":"max-video-preview:-1"},"canonical":"https:\/\/dutchhealthstore.com\/nl\/product\/roseglow-poetic-pits-royal-nature\/","og_locale":"nl_NL","og_type":"article","og_title":"Poetic Pits - Rose Glow - Dutch Health Store","og_description":"Rose Glow Underarm Charm straalt de hele dag een straal van schoonheid uit je oksels.","og_url":"https:\/\/dutchhealthstore.com\/nl\/product\/roseglow-poetic-pits-royal-nature\/","og_site_name":"Dutch Health Store","article_publisher":"https:\/\/www.instagram.com\/dutchhealthstore\/","article_modified_time":"2026-02-23T13:36:07+00:00","og_image":[{"width":500,"height":500,"url":"https:\/\/dutchhealthstore.com\/wp-content\/uploads\/2018\/02\/Poetic-Pits-Rose-Glow-5ml-e1598003031579.jpg","type":"image\/jpeg"}],"twitter_card":"summary_large_image","twitter_misc":{"Beschikbaarheid":"Op voorraad"},"schema":{"@context":"https:\/\/schema.org","@graph":[{"@type":"WebPage","@id":"https:\/\/dutchhealthstore.com\/nl\/product\/roseglow-poetic-pits-royal-nature\/","url":"https:\/\/dutchhealthstore.com\/nl\/product\/roseglow-poetic-pits-royal-nature\/","name":"Poetic Pits - Rose | Living Libations","isPartOf":{"@id":"https:\/\/dutchhealthstore.com\/nl\/#website"},"primaryImageOfPage":{"@id":"https:\/\/dutchhealthstore.com\/nl\/product\/roseglow-poetic-pits-royal-nature\/#primaryimage"},"image":{"@id":"https:\/\/dutchhealthstore.com\/nl\/product\/roseglow-poetic-pits-royal-nature\/#primaryimage"},"thumbnailUrl":"https:\/\/dutchhealthstore.com\/wp-content\/uploads\/2018\/02\/ll-poetic-pits-roseglow-10ml.jpg","datePublished":"2018-02-10T18:23:03+00:00","dateModified":"2026-02-23T13:36:07+00:00","description":"Rose Glow Underarm Charm straalt de hele dag een straal van schoonheid uit je oksels.","breadcrumb":{"@id":"https:\/\/dutchhealthstore.com\/nl\/product\/roseglow-poetic-pits-royal-nature\/#breadcrumb"},"inLanguage":"nl-NL","potentialAction":[{"@type":"ReadAction","target":["https:\/\/dutchhealthstore.com\/nl\/product\/roseglow-poetic-pits-royal-nature\/"]}]},{"@type":"ImageObject","inLanguage":"nl-NL","@id":"https:\/\/dutchhealthstore.com\/nl\/product\/roseglow-poetic-pits-royal-nature\/#primaryimage","url":"https:\/\/dutchhealthstore.com\/wp-content\/uploads\/2018\/02\/ll-poetic-pits-roseglow-10ml.jpg","contentUrl":"https:\/\/dutchhealthstore.com\/wp-content\/uploads\/2018\/02\/ll-poetic-pits-roseglow-10ml.jpg","width":530,"height":530,"caption":"ll-poetic-pits-roseglow-10ml"},{"@type":"BreadcrumbList","@id":"https:\/\/dutchhealthstore.com\/nl\/product\/roseglow-poetic-pits-royal-nature\/#breadcrumb","itemListElement":[{"@type":"ListItem","position":1,"name":"Home","item":"https:\/\/dutchhealthstore.com\/nl\/"},{"@type":"ListItem","position":2,"name":"Shop","item":"https:\/\/dutchhealthstore.com\/nl\/shop\/"},{"@type":"ListItem","position":3,"name":"Poetic Pits &#8211; Rose Glow"}]},{"@type":"WebSite","@id":"https:\/\/dutchhealthstore.com\/nl\/#website","url":"https:\/\/dutchhealthstore.com\/nl\/","name":"Dutch Health Store","description":"Enhance Your Beauty with Organic &amp; Natural Skincare","publisher":{"@id":"https:\/\/dutchhealthstore.com\/nl\/#organization"},"potentialAction":[{"@type":"SearchAction","target":{"@type":"EntryPoint","urlTemplate":"https:\/\/dutchhealthstore.com\/nl\/?s={search_term_string}"},"query-input":{"@type":"PropertyValueSpecification","valueRequired":true,"valueName":"search_term_string"}}],"inLanguage":"nl-NL"},{"@type":"Organization","@id":"https:\/\/dutchhealthstore.com\/nl\/#organization","name":"Dutch Health Store","url":"https:\/\/dutchhealthstore.com\/nl\/","logo":{"@type":"ImageObject","inLanguage":"nl-NL","@id":"https:\/\/dutchhealthstore.com\/nl\/#\/schema\/logo\/image\/","url":"https:\/\/dutchhealthstore.com\/wp-content\/uploads\/2020\/08\/logo-dutchhealthstore-jpg-e1599484957574.jpg","contentUrl":"https:\/\/dutchhealthstore.com\/wp-content\/uploads\/2020\/08\/logo-dutchhealthstore-jpg-e1599484957574.jpg","width":400,"height":62,"caption":"Dutch Health Store"},"image":{"@id":"https:\/\/dutchhealthstore.com\/nl\/#\/schema\/logo\/image\/"},"sameAs":["https:\/\/www.instagram.com\/dutchhealthstore\/","https:\/\/www.facebook.com\/dutchhealthstore"]}]},"product_brand":"Living Libations","og_availability":"instock","product_availability":"instock","product_condition":"new"},"_links":{"self":[{"href":"https:\/\/dutchhealthstore.com\/nl\/wp-json\/wp\/v2\/product\/113834","targetHints":{"allow":["GET"]}}],"collection":[{"href":"https:\/\/dutchhealthstore.com\/nl\/wp-json\/wp\/v2\/product"}],"about":[{"href":"https:\/\/dutchhealthstore.com\/nl\/wp-json\/wp\/v2\/types\/product"}],"replies":[{"embeddable":true,"href":"https:\/\/dutchhealthstore.com\/nl\/wp-json\/wp\/v2\/comments?post=113834"}],"wp:featuredmedia":[{"embeddable":true,"href":"https:\/\/dutchhealthstore.com\/nl\/wp-json\/wp\/v2\/media\/299110"}],"wp:attachment":[{"href":"https:\/\/dutchhealthstore.com\/nl\/wp-json\/wp\/v2\/media?parent=113834"}],"wp:term":[{"taxonomy":"product_brand","embeddable":true,"href":"https:\/\/dutchhealthstore.com\/nl\/wp-json\/wp\/v2\/product_brand?post=113834"},{"taxonomy":"product_cat","embeddable":true,"href":"https:\/\/dutchhealthstore.com\/nl\/wp-json\/wp\/v2\/product_cat?post=113834"},{"taxonomy":"product_tag","embeddable":true,"href":"https:\/\/dutchhealthstore.com\/nl\/wp-json\/wp\/v2\/product_tag?post=113834"}],"curies":[{"name":"wp","href":"https:\/\/api.w.org\/{rel}","templated":true}]}}