{"id":113467,"date":"2020-07-13T12:58:55","date_gmt":"2020-07-13T12:58:55","guid":{"rendered":"https:\/\/dutchhealthstore.com\/product\/poetic-pits-classic\/"},"modified":"2025-12-23T09:52:10","modified_gmt":"2025-12-23T08:52:10","slug":"poetic-pits-classic","status":"publish","type":"product","link":"https:\/\/dutchhealthstore.com\/nl\/product\/poetic-pits-classic\/","title":{"rendered":"Poetic Pits &#8211; Classic"},"content":{"rendered":"<p><img decoding=\"async\" class=\"size-full wp-image-69549 alignright\" src=\"https:\/\/dutchhealthstore.com\/wp-content\/uploads\/2019\/08\/NEW-Living-Libations-Logo.jpg\" alt=\"NEW - Living Libations - Logo\" width=\"175\" height=\"82\">Deze natuurlijke deodorant is gemaakt met een triumviraat van prikkelende oli\u00ebn om je persoonlijke essentie te versterken, geurveroorzakende bacteri\u00ebn te elimineren en je zintuigen te prikkelen vanaf het moment dat je hem opdoet. Onze originele charm voor onder de oksels is een oogverblindende, ontwapenende deodorant gevuld met de majesteit van bomen die klaar staan om hun aroma over je huid te laten waaien.  <\/p>\n<h3>Gebruik<\/h3>\n<p>  Veeg \u00e9\u00e9n keer om elke oksel te charmeren. Combineer deze Poetic Pit met Trees Please, Ever Moss, Radiant Earth Forest Colognes, Fawn Lily, Fire Lily, Lilac Lady of Lavish Abundance Petal Perfumes.  <strong>Afmetingen: 5 ml, 10 ml en 30 ml<\/strong><\/p>\n<h3>Let op.<\/h3>\n<p>  Poetic Pits zijn 100% geconcentreerde essenti\u00eble oli\u00ebn, dus het is het beste om een beschadigde, ontstoken en allergische huid te vermijden. De ingredi\u00ebnten zijn geselecteerd uit essenti\u00eble oli\u00ebn die erkend zijn als veilig voor de huid. Omdat iedereen een huid heeft die uniek reageert, adviseren wij gebruikers om v\u00f3\u00f3r gebruik een patchtest te doen in de elleboog. Buiten bereik van kinderen bewaren. Verdun met jojoba-olie voor gebruik op de extra gevoelige huid of probeer onze Cr\u00e8me Underarm Charms.  <\/p>\n<h3 class=\"yikes-custom-woo-tab-title yikes-custom-woo-tab-title-natural-organic-ingredients\">Natuurlijke\/biologische Ingredi\u00ebnten<\/h3>\n<p><strong>Sandelhoutolie<\/strong> <em>(Santalum album)<\/em> &#8211; Sandelhout is rijk en romig en biedt een dromerige geur die harmoniseert met uw persoonlijke geur en tegelijkertijd de olieproductie in evenwicht brengt. Dankzij drogere oksels en een perfect vochtgehalte bent u zeker van uw charme onder de oksels. Onze ethisch geoogste, hemels geurende sandelhoutessence wordt gedestilleerd uit het kernhout van de aromatische boom. Het bruist van prachtige vochtigheid en botanische biotische krachten. Deze warme, rijke, sensuele olie wordt veel gebruikt in onze Poetic Pits en in natuurlijke haar- en huidverzorging over de hele wereld. <strong>Douglas Fir Olie<\/strong> <em>(Pseudotsugamenziesi)<\/em> &#8211; Knisperend en groen, verfrissend en schoon, Douglas Fir doordrenkt elke oksel met een vleugje fris, geurig bos. Dit majestueuze aroma versmelt met uw eigen natuurlijke geur en benadrukt uw persoonlijke feromonen op een unieke manier. Douglas Fir is een tonicum. Van het aroma wordt gezegd dat het de levenskracht opwekt, de geest energie geeft en de ziel dieper in het huidige moment versterkt. <strong>Kardemomolie<\/strong> <em>(Elettaria cardamomum)<\/em> &#8211; Charismatische kardemom is een opwekkende essence die ook een lichtgevend kruid is met meer dan 4000 jaar gebruik en genot. De geur van kardemom is warm, groen en kruidig, met een verfrissende en verkwikkende lucht. Versterk de geest en heilig je oksels met de tijdloze charme van pure kardemom.  <img fetchpriority=\"high\" decoding=\"async\" class=\"size-medium wp-image-68103 aligncenter\" src=\"https:\/\/dutchhealthstore.com\/wp-content\/uploads\/2018\/02\/Living-Libations-Organic-Logo-800x89.png\" alt=\"Living Libations - Organic Logo\" width=\"800\" height=\"89\" srcset=\"https:\/\/dutchhealthstore.com\/wp-content\/uploads\/2018\/02\/Living-Libations-Organic-Logo-800x89.png 800w, https:\/\/dutchhealthstore.com\/wp-content\/uploads\/2018\/02\/Living-Libations-Organic-Logo-510x57.png 510w, https:\/\/dutchhealthstore.com\/wp-content\/uploads\/2018\/02\/Living-Libations-Organic-Logo-768x85.png 768w, https:\/\/dutchhealthstore.com\/wp-content\/uploads\/2018\/02\/Living-Libations-Organic-Logo.png 1400w\" sizes=\"(max-width: 800px) 100vw, 800px\" \/><\/p>\n","protected":false},"excerpt":{"rendered":"<p>Was dit het aromatische gedicht dat duizend oksels lanceerde? Uit <strong>Living Libations Classic Poetic Pits<\/strong> kwamen onze andere Poetic Pits formules voort, allemaal geurige smaak-riffs op dit, het echte origineel! Poetic Pits is een 100% natuurlijke, biologische deodorant gemaakt met elixer essenti\u00eble oli\u00ebn waaronder sandelhout, douglasspar en kardemom. Verfrissend en warm met groene hints van kruiden, en alles wat lekker is. Poetic Pits werkt met uw unieke persoonlijke geur om een okselaroma te ontketenen dat uniek is voor u.<\/p>\n","protected":false},"featured_media":359604,"comment_status":"open","ping_status":"closed","template":"","meta":[],"product_brand":[],"product_cat":[1029,5966,3538,5822,1500,1208,1006,510],"product_tag":[21666,6640,21389,21807,21808],"class_list":{"0":"post-113467","1":"product","2":"type-product","3":"status-publish","4":"has-post-thumbnail","6":"product_cat-categorieen","7":"product_cat-deodorants-nl-3","8":"product_cat-deodorant-living-libations","9":"product_cat-body-care-nl-3","10":"product_cat-lichaamsverzorging-living-libations","11":"product_cat-living-libations-nederland","12":"product_cat-merken","13":"product_cat-shop-winkel","14":"product_tag-aroma-nl","15":"product_tag-deodorant-nl","16":"product_tag-lichaam","17":"product_tag-natural-nl","18":"product_tag-verfrissend","19":"pa_bestsellers-goed-nl","20":"pa_brand-livinglibations-nl","21":"pa_gtin-7439657388361-nl","22":"pa_size-1-25-ml-sample-nl","23":"pa_size-10-ml-nl","24":"pa_size-30-ml-nl","25":"pa_size-5-ml-nl","27":"first","28":"instock","29":"taxable","30":"shipping-taxable","31":"purchasable","32":"product-type-variable"},"bundled_by":[],"bundle_stock_status":"instock","bundle_stock_quantity":null,"bundle_virtual":false,"bundle_layout":"","bundle_add_to_cart_form_location":"","bundle_editable_in_cart":false,"bundle_sold_individually_context":"","bundle_item_grouping":"","bundle_min_size":"","bundle_max_size":"","bundle_price":[],"bundled_items":[],"bundle_sell_ids":[107424],"atum_controlled":true,"out_stock_date":null,"out_stock_threshold":null,"inheritable":true,"stock_on_hold":0,"sold_today":0,"sales_last_days":0,"out_stock_days":0,"lost_sales":0,"update_date":"2026-04-26T00:11:59","atum_locations":[],"atum_stock_status":"instock","restock_status":false,"low_stock_amount":"","sales_update_date":"2026-04-26T00:11:59","calc_backorders":null,"group_of_quantity":0,"min_quantity":0,"max_quantity":"","exclude_order_quantity_value_rules":"no","exclude_category_quantity_rules":"no","combine_variations":"no","yoast_head":"<!-- This site is optimized with the Yoast SEO Premium plugin v26.5 (Yoast SEO v26.5) - https:\/\/yoast.com\/wordpress\/plugins\/seo\/ -->\n<title>Poetic Pits - Classic | Living Libations<\/title>\n<meta name=\"description\" content=\"Poetic Pits werkt met uw unieke persoonlijke geur om een okselaroma te ontketenen dat uniek is voor u.\" \/>\n<meta name=\"robots\" content=\"index, follow, max-snippet:-1, max-image-preview:large, max-video-preview:-1\" \/>\n<link rel=\"canonical\" href=\"https:\/\/dutchhealthstore.com\/nl\/product\/poetic-pits-classic\/\" \/>\n<meta property=\"og:locale\" content=\"nl_NL\" \/>\n<meta property=\"og:type\" content=\"article\" \/>\n<meta property=\"og:title\" content=\"Poetic Pits - Classic - Dutch Health Store\" \/>\n<meta property=\"og:description\" content=\"Poetic Pits werkt met uw unieke persoonlijke geur om een okselaroma te ontketenen dat uniek is voor u.\" \/>\n<meta property=\"og:url\" content=\"https:\/\/dutchhealthstore.com\/nl\/product\/poetic-pits-classic\/\" \/>\n<meta property=\"og:site_name\" content=\"Dutch Health Store\" \/>\n<meta property=\"article:publisher\" content=\"https:\/\/www.instagram.com\/dutchhealthstore\/\" \/>\n<meta property=\"article:modified_time\" content=\"2025-12-23T08:52:10+00:00\" \/>\n<meta property=\"og:image\" content=\"https:\/\/dutchhealthstore.com\/wp-content\/uploads\/2019\/08\/NEW-Living-Libations-Logo.jpg\" \/>\n<meta name=\"twitter:card\" content=\"summary_large_image\" \/>\n<meta name=\"twitter:label1\" content=\"Beschikbaarheid\" \/>\n\t<meta name=\"twitter:data1\" content=\"Op voorraad\" \/>\n<script type=\"application\/ld+json\" class=\"yoast-schema-graph\">{\"@context\":\"https:\/\/schema.org\",\"@graph\":[{\"@type\":\"WebPage\",\"@id\":\"https:\/\/dutchhealthstore.com\/nl\/product\/poetic-pits-classic\/\",\"url\":\"https:\/\/dutchhealthstore.com\/nl\/product\/poetic-pits-classic\/\",\"name\":\"Poetic Pits - Classic | Living Libations\",\"isPartOf\":{\"@id\":\"https:\/\/dutchhealthstore.com\/nl\/#website\"},\"primaryImageOfPage\":{\"@id\":\"https:\/\/dutchhealthstore.com\/nl\/product\/poetic-pits-classic\/#primaryimage\"},\"image\":{\"@id\":\"https:\/\/dutchhealthstore.com\/nl\/product\/poetic-pits-classic\/#primaryimage\"},\"thumbnailUrl\":\"https:\/\/dutchhealthstore.com\/wp-content\/uploads\/2020\/07\/ll-poetic-pits-classic-2sizes.jpg\",\"datePublished\":\"2020-07-13T12:58:55+00:00\",\"dateModified\":\"2025-12-23T08:52:10+00:00\",\"description\":\"Poetic Pits werkt met uw unieke persoonlijke geur om een okselaroma te ontketenen dat uniek is voor u.\",\"breadcrumb\":{\"@id\":\"https:\/\/dutchhealthstore.com\/nl\/product\/poetic-pits-classic\/#breadcrumb\"},\"inLanguage\":\"nl-NL\",\"potentialAction\":[{\"@type\":\"ReadAction\",\"target\":[\"https:\/\/dutchhealthstore.com\/nl\/product\/poetic-pits-classic\/\"]}]},{\"@type\":\"ImageObject\",\"inLanguage\":\"nl-NL\",\"@id\":\"https:\/\/dutchhealthstore.com\/nl\/product\/poetic-pits-classic\/#primaryimage\",\"url\":\"https:\/\/dutchhealthstore.com\/wp-content\/uploads\/2020\/07\/ll-poetic-pits-classic-2sizes.jpg\",\"contentUrl\":\"https:\/\/dutchhealthstore.com\/wp-content\/uploads\/2020\/07\/ll-poetic-pits-classic-2sizes.jpg\",\"width\":530,\"height\":530,\"caption\":\"ll-poetic-pits-classic-2sizes\"},{\"@type\":\"BreadcrumbList\",\"@id\":\"https:\/\/dutchhealthstore.com\/nl\/product\/poetic-pits-classic\/#breadcrumb\",\"itemListElement\":[{\"@type\":\"ListItem\",\"position\":1,\"name\":\"Home\",\"item\":\"https:\/\/dutchhealthstore.com\/nl\/\"},{\"@type\":\"ListItem\",\"position\":2,\"name\":\"Shop\",\"item\":\"https:\/\/dutchhealthstore.com\/nl\/shop\/\"},{\"@type\":\"ListItem\",\"position\":3,\"name\":\"Poetic Pits &#8211; Classic\"}]},{\"@type\":\"WebSite\",\"@id\":\"https:\/\/dutchhealthstore.com\/nl\/#website\",\"url\":\"https:\/\/dutchhealthstore.com\/nl\/\",\"name\":\"Dutch Health Store\",\"description\":\"Enhance Your Beauty with Organic &amp; Natural Skincare\",\"publisher\":{\"@id\":\"https:\/\/dutchhealthstore.com\/nl\/#organization\"},\"potentialAction\":[{\"@type\":\"SearchAction\",\"target\":{\"@type\":\"EntryPoint\",\"urlTemplate\":\"https:\/\/dutchhealthstore.com\/nl\/?s={search_term_string}\"},\"query-input\":{\"@type\":\"PropertyValueSpecification\",\"valueRequired\":true,\"valueName\":\"search_term_string\"}}],\"inLanguage\":\"nl-NL\"},{\"@type\":\"Organization\",\"@id\":\"https:\/\/dutchhealthstore.com\/nl\/#organization\",\"name\":\"Dutch Health Store\",\"url\":\"https:\/\/dutchhealthstore.com\/nl\/\",\"logo\":{\"@type\":\"ImageObject\",\"inLanguage\":\"nl-NL\",\"@id\":\"https:\/\/dutchhealthstore.com\/nl\/#\/schema\/logo\/image\/\",\"url\":\"https:\/\/dutchhealthstore.com\/wp-content\/uploads\/2020\/08\/logo-dutchhealthstore-jpg-e1599484957574.jpg\",\"contentUrl\":\"https:\/\/dutchhealthstore.com\/wp-content\/uploads\/2020\/08\/logo-dutchhealthstore-jpg-e1599484957574.jpg\",\"width\":400,\"height\":62,\"caption\":\"Dutch Health Store\"},\"image\":{\"@id\":\"https:\/\/dutchhealthstore.com\/nl\/#\/schema\/logo\/image\/\"},\"sameAs\":[\"https:\/\/www.instagram.com\/dutchhealthstore\/\",\"https:\/\/www.facebook.com\/dutchhealthstore\"]}]}<\/script>\n<meta property=\"product:brand\" content=\"Living Libations\" \/>\n<meta property=\"og:availability\" content=\"instock\" \/>\n<meta property=\"product:availability\" content=\"instock\" \/>\n<meta property=\"product:condition\" content=\"new\" \/>\n<!-- \/ Yoast SEO Premium plugin. -->","yoast_head_json":{"title":"Poetic Pits - Classic | Living Libations","description":"Poetic Pits werkt met uw unieke persoonlijke geur om een okselaroma te ontketenen dat uniek is voor u.","robots":{"index":"index","follow":"follow","max-snippet":"max-snippet:-1","max-image-preview":"max-image-preview:large","max-video-preview":"max-video-preview:-1"},"canonical":"https:\/\/dutchhealthstore.com\/nl\/product\/poetic-pits-classic\/","og_locale":"nl_NL","og_type":"article","og_title":"Poetic Pits - Classic - Dutch Health Store","og_description":"Poetic Pits werkt met uw unieke persoonlijke geur om een okselaroma te ontketenen dat uniek is voor u.","og_url":"https:\/\/dutchhealthstore.com\/nl\/product\/poetic-pits-classic\/","og_site_name":"Dutch Health Store","article_publisher":"https:\/\/www.instagram.com\/dutchhealthstore\/","article_modified_time":"2025-12-23T08:52:10+00:00","og_image":[{"url":"https:\/\/dutchhealthstore.com\/wp-content\/uploads\/2019\/08\/NEW-Living-Libations-Logo.jpg","type":"","width":"","height":""}],"twitter_card":"summary_large_image","twitter_misc":{"Beschikbaarheid":"Op voorraad"},"schema":{"@context":"https:\/\/schema.org","@graph":[{"@type":"WebPage","@id":"https:\/\/dutchhealthstore.com\/nl\/product\/poetic-pits-classic\/","url":"https:\/\/dutchhealthstore.com\/nl\/product\/poetic-pits-classic\/","name":"Poetic Pits - Classic | Living Libations","isPartOf":{"@id":"https:\/\/dutchhealthstore.com\/nl\/#website"},"primaryImageOfPage":{"@id":"https:\/\/dutchhealthstore.com\/nl\/product\/poetic-pits-classic\/#primaryimage"},"image":{"@id":"https:\/\/dutchhealthstore.com\/nl\/product\/poetic-pits-classic\/#primaryimage"},"thumbnailUrl":"https:\/\/dutchhealthstore.com\/wp-content\/uploads\/2020\/07\/ll-poetic-pits-classic-2sizes.jpg","datePublished":"2020-07-13T12:58:55+00:00","dateModified":"2025-12-23T08:52:10+00:00","description":"Poetic Pits werkt met uw unieke persoonlijke geur om een okselaroma te ontketenen dat uniek is voor u.","breadcrumb":{"@id":"https:\/\/dutchhealthstore.com\/nl\/product\/poetic-pits-classic\/#breadcrumb"},"inLanguage":"nl-NL","potentialAction":[{"@type":"ReadAction","target":["https:\/\/dutchhealthstore.com\/nl\/product\/poetic-pits-classic\/"]}]},{"@type":"ImageObject","inLanguage":"nl-NL","@id":"https:\/\/dutchhealthstore.com\/nl\/product\/poetic-pits-classic\/#primaryimage","url":"https:\/\/dutchhealthstore.com\/wp-content\/uploads\/2020\/07\/ll-poetic-pits-classic-2sizes.jpg","contentUrl":"https:\/\/dutchhealthstore.com\/wp-content\/uploads\/2020\/07\/ll-poetic-pits-classic-2sizes.jpg","width":530,"height":530,"caption":"ll-poetic-pits-classic-2sizes"},{"@type":"BreadcrumbList","@id":"https:\/\/dutchhealthstore.com\/nl\/product\/poetic-pits-classic\/#breadcrumb","itemListElement":[{"@type":"ListItem","position":1,"name":"Home","item":"https:\/\/dutchhealthstore.com\/nl\/"},{"@type":"ListItem","position":2,"name":"Shop","item":"https:\/\/dutchhealthstore.com\/nl\/shop\/"},{"@type":"ListItem","position":3,"name":"Poetic Pits &#8211; Classic"}]},{"@type":"WebSite","@id":"https:\/\/dutchhealthstore.com\/nl\/#website","url":"https:\/\/dutchhealthstore.com\/nl\/","name":"Dutch Health Store","description":"Enhance Your Beauty with Organic &amp; Natural Skincare","publisher":{"@id":"https:\/\/dutchhealthstore.com\/nl\/#organization"},"potentialAction":[{"@type":"SearchAction","target":{"@type":"EntryPoint","urlTemplate":"https:\/\/dutchhealthstore.com\/nl\/?s={search_term_string}"},"query-input":{"@type":"PropertyValueSpecification","valueRequired":true,"valueName":"search_term_string"}}],"inLanguage":"nl-NL"},{"@type":"Organization","@id":"https:\/\/dutchhealthstore.com\/nl\/#organization","name":"Dutch Health Store","url":"https:\/\/dutchhealthstore.com\/nl\/","logo":{"@type":"ImageObject","inLanguage":"nl-NL","@id":"https:\/\/dutchhealthstore.com\/nl\/#\/schema\/logo\/image\/","url":"https:\/\/dutchhealthstore.com\/wp-content\/uploads\/2020\/08\/logo-dutchhealthstore-jpg-e1599484957574.jpg","contentUrl":"https:\/\/dutchhealthstore.com\/wp-content\/uploads\/2020\/08\/logo-dutchhealthstore-jpg-e1599484957574.jpg","width":400,"height":62,"caption":"Dutch Health Store"},"image":{"@id":"https:\/\/dutchhealthstore.com\/nl\/#\/schema\/logo\/image\/"},"sameAs":["https:\/\/www.instagram.com\/dutchhealthstore\/","https:\/\/www.facebook.com\/dutchhealthstore"]}]},"product_brand":"Living Libations","og_availability":"instock","product_availability":"instock","product_condition":"new"},"_links":{"self":[{"href":"https:\/\/dutchhealthstore.com\/nl\/wp-json\/wp\/v2\/product\/113467","targetHints":{"allow":["GET"]}}],"collection":[{"href":"https:\/\/dutchhealthstore.com\/nl\/wp-json\/wp\/v2\/product"}],"about":[{"href":"https:\/\/dutchhealthstore.com\/nl\/wp-json\/wp\/v2\/types\/product"}],"replies":[{"embeddable":true,"href":"https:\/\/dutchhealthstore.com\/nl\/wp-json\/wp\/v2\/comments?post=113467"}],"wp:featuredmedia":[{"embeddable":true,"href":"https:\/\/dutchhealthstore.com\/nl\/wp-json\/wp\/v2\/media\/359604"}],"wp:attachment":[{"href":"https:\/\/dutchhealthstore.com\/nl\/wp-json\/wp\/v2\/media?parent=113467"}],"wp:term":[{"taxonomy":"product_brand","embeddable":true,"href":"https:\/\/dutchhealthstore.com\/nl\/wp-json\/wp\/v2\/product_brand?post=113467"},{"taxonomy":"product_cat","embeddable":true,"href":"https:\/\/dutchhealthstore.com\/nl\/wp-json\/wp\/v2\/product_cat?post=113467"},{"taxonomy":"product_tag","embeddable":true,"href":"https:\/\/dutchhealthstore.com\/nl\/wp-json\/wp\/v2\/product_tag?post=113467"}],"curies":[{"name":"wp","href":"https:\/\/api.w.org\/{rel}","templated":true}]}}