{"id":113409,"date":"2018-02-10T19:49:42","date_gmt":"2018-02-10T19:49:42","guid":{"rendered":"https:\/\/dutchhealthstore.com\/product\/lavender-poetic-pits-petal-fresh\/"},"modified":"2026-01-17T19:40:26","modified_gmt":"2026-01-17T18:40:26","slug":"lavender-poetic-pits-petal-fresh","status":"publish","type":"product","link":"https:\/\/dutchhealthstore.com\/nl\/product\/lavender-poetic-pits-petal-fresh\/","title":{"rendered":"Poetic Pits &#8211; Lavender"},"content":{"rendered":"<p><img decoding=\"async\" class=\"size-full wp-image-37041 alignright\" src=\"https:\/\/dutchhealthstore.com\/wp-content\/uploads\/2018\/04\/Living_Libations-1.png\" alt=\"Organic &amp; Natural Beautyproducts - Living Libations\" width=\"175\" height=\"82\"><\/p>\n<h3>Gebruik<\/h3>\n<p>Veeg \u00e9\u00e9n keer om elke onderarm te bezweren. Combineer deze Poetic Pit met Sacred Sage, Ever Moss, Radiant Earth Forest Colognes, Fawn Lily, Lilac Lady, Being Free is Lots of Fun, Fire Lily of Lavish Abundance Petal Perfumes.<\/p>\n<h3>Let op.<\/h3>\n<p>Poetic Pits zijn 100% geconcentreerde essenti\u00eble oli\u00ebn, dus het is het beste om een beschadigde, ontstoken en allergische huid te ontwijken. De ingredi\u00ebnten zijn geselecteerd uit essenti\u00eble oli\u00ebn die erkend zijn als veilig voor de huid. Omdat iedereen een huid heeft die uniek reageert, adviseren wij gebruikers om v\u00f3\u00f3r gebruik een patchtest te doen in de elleboog. Buiten bereik van kinderen bewaren. Voor gebruik op een extra gevoelige huid, verdunnen met Jojoba-olie of probeer onze Cr\u00e8me Underarm Charms.<\/p>\n<h3 class=\"yikes-custom-woo-tab-title yikes-custom-woo-tab-title-natural-organic-ingredients\">Natuurlijke\/biologische Ingredi\u00ebnten<\/h3>\n<p><strong>Essenti\u00eble olie van sandelhout<\/strong> <em>(Santalum album)<\/em> &#8211; Sandelhout is rijk en romig en biedt een dromerige geur die harmoniseert met uw persoonlijke geur en tegelijkertijd de olieproductie in balans brengt. Dankzij drogere oksels en een perfect vochtgehalte bent u zeker van uw charme onder de oksels. Onze ethisch geoogste, hemels geurende sandelhoutessence wordt gedestilleerd uit het kernhout van de aromatische boom. Het bruist van prachtige vochtigheid en botanische biotische krachten. Deze warme, rijke, sensuele olie wordt gebruikt in onze Poetic Pits en in natuurlijke haar- en huidverzorging over de hele wereld.<\/p>\n<p><strong>Essenti\u00eble lavendelolie <\/strong><em>(Lavandula officinalis) &#8211; <\/em>Heerlijke lavendelolie is meer dan alleen een aromatherapeutisch basisproduct; het is de perfecte muze om je oksels te betoveren! Lavendel is emotioneel kalmerend en rustgevend, maar ook heerlijk voor de huid. Onder de armen verzacht lavendel de tere huid na het scheren. Lavendel, genoemd naar het Latijnse &#8216;wassen&#8217;, is een heerlijk smeersel dat onze oksels een bloemblaadje van ontspannen rust geeft.<\/p>\n<p><strong>Spikenard etherische olie <\/strong><em>(Nardostachys jatamansi) &#8211; <\/em>Spikenard ruikt naar aarde en oudheid; het bestaat uit duizenden jaren hemelse geschiedenis. Deze aromatische wortel is het toppunt van natuurlijke luxe. Het was immers nardus die in het Hooglied van Salomo wordt genoemd en door Maria Magdalena werd gebruikt om de voeten van Christus te zalven, en het was diezelfde zalf die Judas deed terugdeinzen voor Maria&#8217;s extravagantie, omdat nardus meer waard was dan goud. Deze diep geruststellende wortelessentie ontspant de weerstand en verruimt de ontvankelijkheid.<\/p>\n<p><strong>Balsam Amyris<\/strong> <em>(Amyris balsamifera)<\/em> &#8211; Verlicht je stemming en fleur je pitten op met Balsam Amyris, een heerlijk, langdurig aroma dat zacht balsamiek is, licht zoet met een vleugje vanille. De subtiele warmte van deze essence nestelt zenuwen en kalmeert samenstellingen.<\/p>\n<p><img fetchpriority=\"high\" decoding=\"async\" class=\"size-full wp-image-31577 aligncenter\" src=\"https:\/\/dutchhealthstore.com\/wp-content\/uploads\/2018\/03\/organic_big.png\" alt=\"Organic and Natural - Living Libations\" width=\"623\" height=\"103\" srcset=\"https:\/\/dutchhealthstore.com\/wp-content\/uploads\/2018\/03\/organic_big.png 623w, https:\/\/dutchhealthstore.com\/wp-content\/uploads\/2018\/03\/organic_big-510x84.png 510w, https:\/\/dutchhealthstore.com\/wp-content\/uploads\/2018\/03\/organic_big-600x99.png 600w, https:\/\/dutchhealthstore.com\/wp-content\/uploads\/2018\/03\/organic_big-350x58.png 350w\" sizes=\"(max-width: 623px) 100vw, 623px\" \/><\/p>\n<p>PoeticPits_Pair_Lavnder.webp<\/p>\n","protected":false},"excerpt":{"rendered":"<p>Hef uw armen met zekerheid, want met Living Libations <strong>Lavendel Poetic Pits<\/strong> hoeft u zich niet druk te maken over de kleine dingen. Ontketen je unieke aromatische gedicht met aplomb als je een prachtige mix van heerlijke, lome lavendel versmolten met subliem sandelhout en nardus in een dromerige deodorant. Deze sensuele viering van ontspanning druipt van warme, uitnodigende bloemen die doordrenkt zijn met kernhout en aardse wortels om elke onderarm te prijzen met een betoverende charme.<\/p>\n","protected":false},"featured_media":299534,"comment_status":"open","ping_status":"closed","template":"","meta":[],"product_brand":[],"product_cat":[1029,3538,5966,1500,5822,1208,1006,510],"product_tag":[4441,6640],"class_list":{"0":"post-113409","1":"product","2":"type-product","3":"status-publish","4":"has-post-thumbnail","6":"product_cat-categorieen","7":"product_cat-deodorant-living-libations","8":"product_cat-deodorants-nl-3","9":"product_cat-lichaamsverzorging-living-libations","10":"product_cat-body-care-nl-3","11":"product_cat-living-libations-nederland","12":"product_cat-merken","13":"product_cat-shop-winkel","14":"product_tag-body-care-nl","15":"product_tag-deodorant-nl","16":"pa_brand-livinglibations-nl","17":"pa_size-1-25-ml-sample-nl","18":"pa_size-10-ml-nl","19":"pa_size-5-ml-nl","21":"first","22":"instock","23":"taxable","24":"shipping-taxable","25":"purchasable","26":"product-type-variable"},"bundled_by":[],"bundle_stock_status":"instock","bundle_stock_quantity":null,"bundle_virtual":false,"bundle_layout":"","bundle_add_to_cart_form_location":"","bundle_editable_in_cart":false,"bundle_sold_individually_context":"","bundle_item_grouping":"","bundle_min_size":"","bundle_max_size":"","bundle_price":[],"bundled_items":[],"bundle_sell_ids":[107424],"atum_controlled":true,"out_stock_date":null,"out_stock_threshold":null,"inheritable":true,"stock_on_hold":0,"sold_today":0,"sales_last_days":0,"out_stock_days":0,"lost_sales":0,"update_date":"2026-04-09T01:47:27","atum_locations":[],"atum_stock_status":"instock","restock_status":false,"low_stock_amount":"","sales_update_date":"2026-04-09T01:47:27","calc_backorders":null,"group_of_quantity":0,"min_quantity":0,"max_quantity":"","exclude_order_quantity_value_rules":"no","exclude_category_quantity_rules":"no","combine_variations":"no","yoast_head":"<!-- This site is optimized with the Yoast SEO Premium plugin v26.5 (Yoast SEO v26.5) - https:\/\/yoast.com\/wordpress\/plugins\/seo\/ -->\n<title>Poetic Pits Lavender | Living Libations<\/title>\n<meta name=\"description\" content=\"Lavender Poetic Pits is een prachtige sublieme deodorant, die fluistert - don&#039;t sweat the small stuff!\" \/>\n<meta name=\"robots\" content=\"index, follow, max-snippet:-1, max-image-preview:large, max-video-preview:-1\" \/>\n<link rel=\"canonical\" href=\"https:\/\/dutchhealthstore.com\/nl\/product\/lavender-poetic-pits-petal-fresh\/\" \/>\n<meta property=\"og:locale\" content=\"nl_NL\" \/>\n<meta property=\"og:type\" content=\"article\" \/>\n<meta property=\"og:title\" content=\"Poetic Pits - Lavender - Dutch Health Store\" \/>\n<meta property=\"og:description\" content=\"Lavender Poetic Pits is een prachtige sublieme deodorant, die fluistert - don&#039;t sweat the small stuff!\" \/>\n<meta property=\"og:url\" content=\"https:\/\/dutchhealthstore.com\/nl\/product\/lavender-poetic-pits-petal-fresh\/\" \/>\n<meta property=\"og:site_name\" content=\"Dutch Health Store\" \/>\n<meta property=\"article:publisher\" content=\"https:\/\/www.instagram.com\/dutchhealthstore\/\" \/>\n<meta property=\"article:modified_time\" content=\"2026-01-17T18:40:26+00:00\" \/>\n<meta property=\"og:image\" content=\"https:\/\/dutchhealthstore.com\/wp-content\/uploads\/2018\/02\/ll-poetic-pits-lavender-beide.jpg\" \/>\n\t<meta property=\"og:image:width\" content=\"530\" \/>\n\t<meta property=\"og:image:height\" content=\"530\" \/>\n\t<meta property=\"og:image:type\" content=\"image\/jpeg\" \/>\n<meta name=\"twitter:card\" content=\"summary_large_image\" \/>\n<meta name=\"twitter:label1\" content=\"Beschikbaarheid\" \/>\n\t<meta name=\"twitter:data1\" content=\"Op voorraad\" \/>\n<script type=\"application\/ld+json\" class=\"yoast-schema-graph\">{\"@context\":\"https:\/\/schema.org\",\"@graph\":[{\"@type\":\"WebPage\",\"@id\":\"https:\/\/dutchhealthstore.com\/nl\/product\/lavender-poetic-pits-petal-fresh\/\",\"url\":\"https:\/\/dutchhealthstore.com\/nl\/product\/lavender-poetic-pits-petal-fresh\/\",\"name\":\"Poetic Pits Lavender | Living Libations\",\"isPartOf\":{\"@id\":\"https:\/\/dutchhealthstore.com\/nl\/#website\"},\"primaryImageOfPage\":{\"@id\":\"https:\/\/dutchhealthstore.com\/nl\/product\/lavender-poetic-pits-petal-fresh\/#primaryimage\"},\"image\":{\"@id\":\"https:\/\/dutchhealthstore.com\/nl\/product\/lavender-poetic-pits-petal-fresh\/#primaryimage\"},\"thumbnailUrl\":\"https:\/\/dutchhealthstore.com\/wp-content\/uploads\/2018\/02\/ll-poetic-pits-lavender-beide.jpg\",\"datePublished\":\"2018-02-10T19:49:42+00:00\",\"dateModified\":\"2026-01-17T18:40:26+00:00\",\"description\":\"Lavender Poetic Pits is een prachtige sublieme deodorant, die fluistert - don't sweat the small stuff!\",\"breadcrumb\":{\"@id\":\"https:\/\/dutchhealthstore.com\/nl\/product\/lavender-poetic-pits-petal-fresh\/#breadcrumb\"},\"inLanguage\":\"nl-NL\",\"potentialAction\":[{\"@type\":\"ReadAction\",\"target\":[\"https:\/\/dutchhealthstore.com\/nl\/product\/lavender-poetic-pits-petal-fresh\/\"]}]},{\"@type\":\"ImageObject\",\"inLanguage\":\"nl-NL\",\"@id\":\"https:\/\/dutchhealthstore.com\/nl\/product\/lavender-poetic-pits-petal-fresh\/#primaryimage\",\"url\":\"https:\/\/dutchhealthstore.com\/wp-content\/uploads\/2018\/02\/ll-poetic-pits-lavender-beide.jpg\",\"contentUrl\":\"https:\/\/dutchhealthstore.com\/wp-content\/uploads\/2018\/02\/ll-poetic-pits-lavender-beide.jpg\",\"width\":530,\"height\":530,\"caption\":\"ll-poetic-pits-lavender-beide\"},{\"@type\":\"BreadcrumbList\",\"@id\":\"https:\/\/dutchhealthstore.com\/nl\/product\/lavender-poetic-pits-petal-fresh\/#breadcrumb\",\"itemListElement\":[{\"@type\":\"ListItem\",\"position\":1,\"name\":\"Home\",\"item\":\"https:\/\/dutchhealthstore.com\/nl\/\"},{\"@type\":\"ListItem\",\"position\":2,\"name\":\"Shop\",\"item\":\"https:\/\/dutchhealthstore.com\/nl\/shop\/\"},{\"@type\":\"ListItem\",\"position\":3,\"name\":\"Poetic Pits &#8211; Lavender\"}]},{\"@type\":\"WebSite\",\"@id\":\"https:\/\/dutchhealthstore.com\/nl\/#website\",\"url\":\"https:\/\/dutchhealthstore.com\/nl\/\",\"name\":\"Dutch Health Store\",\"description\":\"Enhance Your Beauty with Organic &amp; Natural Skincare\",\"publisher\":{\"@id\":\"https:\/\/dutchhealthstore.com\/nl\/#organization\"},\"potentialAction\":[{\"@type\":\"SearchAction\",\"target\":{\"@type\":\"EntryPoint\",\"urlTemplate\":\"https:\/\/dutchhealthstore.com\/nl\/?s={search_term_string}\"},\"query-input\":{\"@type\":\"PropertyValueSpecification\",\"valueRequired\":true,\"valueName\":\"search_term_string\"}}],\"inLanguage\":\"nl-NL\"},{\"@type\":\"Organization\",\"@id\":\"https:\/\/dutchhealthstore.com\/nl\/#organization\",\"name\":\"Dutch Health Store\",\"url\":\"https:\/\/dutchhealthstore.com\/nl\/\",\"logo\":{\"@type\":\"ImageObject\",\"inLanguage\":\"nl-NL\",\"@id\":\"https:\/\/dutchhealthstore.com\/nl\/#\/schema\/logo\/image\/\",\"url\":\"https:\/\/dutchhealthstore.com\/wp-content\/uploads\/2020\/08\/logo-dutchhealthstore-jpg-e1599484957574.jpg\",\"contentUrl\":\"https:\/\/dutchhealthstore.com\/wp-content\/uploads\/2020\/08\/logo-dutchhealthstore-jpg-e1599484957574.jpg\",\"width\":400,\"height\":62,\"caption\":\"Dutch Health Store\"},\"image\":{\"@id\":\"https:\/\/dutchhealthstore.com\/nl\/#\/schema\/logo\/image\/\"},\"sameAs\":[\"https:\/\/www.instagram.com\/dutchhealthstore\/\",\"https:\/\/www.facebook.com\/dutchhealthstore\"]}]}<\/script>\n<meta property=\"product:brand\" content=\"Living Libations\" \/>\n<meta property=\"og:availability\" content=\"instock\" \/>\n<meta property=\"product:availability\" content=\"instock\" \/>\n<meta property=\"product:condition\" content=\"new\" \/>\n<!-- \/ Yoast SEO Premium plugin. -->","yoast_head_json":{"title":"Poetic Pits Lavender | Living Libations","description":"Lavender Poetic Pits is een prachtige sublieme deodorant, die fluistert - don't sweat the small stuff!","robots":{"index":"index","follow":"follow","max-snippet":"max-snippet:-1","max-image-preview":"max-image-preview:large","max-video-preview":"max-video-preview:-1"},"canonical":"https:\/\/dutchhealthstore.com\/nl\/product\/lavender-poetic-pits-petal-fresh\/","og_locale":"nl_NL","og_type":"article","og_title":"Poetic Pits - Lavender - Dutch Health Store","og_description":"Lavender Poetic Pits is een prachtige sublieme deodorant, die fluistert - don't sweat the small stuff!","og_url":"https:\/\/dutchhealthstore.com\/nl\/product\/lavender-poetic-pits-petal-fresh\/","og_site_name":"Dutch Health Store","article_publisher":"https:\/\/www.instagram.com\/dutchhealthstore\/","article_modified_time":"2026-01-17T18:40:26+00:00","og_image":[{"width":530,"height":530,"url":"https:\/\/dutchhealthstore.com\/wp-content\/uploads\/2018\/02\/ll-poetic-pits-lavender-beide.jpg","type":"image\/jpeg"}],"twitter_card":"summary_large_image","twitter_misc":{"Beschikbaarheid":"Op voorraad"},"schema":{"@context":"https:\/\/schema.org","@graph":[{"@type":"WebPage","@id":"https:\/\/dutchhealthstore.com\/nl\/product\/lavender-poetic-pits-petal-fresh\/","url":"https:\/\/dutchhealthstore.com\/nl\/product\/lavender-poetic-pits-petal-fresh\/","name":"Poetic Pits Lavender | Living Libations","isPartOf":{"@id":"https:\/\/dutchhealthstore.com\/nl\/#website"},"primaryImageOfPage":{"@id":"https:\/\/dutchhealthstore.com\/nl\/product\/lavender-poetic-pits-petal-fresh\/#primaryimage"},"image":{"@id":"https:\/\/dutchhealthstore.com\/nl\/product\/lavender-poetic-pits-petal-fresh\/#primaryimage"},"thumbnailUrl":"https:\/\/dutchhealthstore.com\/wp-content\/uploads\/2018\/02\/ll-poetic-pits-lavender-beide.jpg","datePublished":"2018-02-10T19:49:42+00:00","dateModified":"2026-01-17T18:40:26+00:00","description":"Lavender Poetic Pits is een prachtige sublieme deodorant, die fluistert - don't sweat the small stuff!","breadcrumb":{"@id":"https:\/\/dutchhealthstore.com\/nl\/product\/lavender-poetic-pits-petal-fresh\/#breadcrumb"},"inLanguage":"nl-NL","potentialAction":[{"@type":"ReadAction","target":["https:\/\/dutchhealthstore.com\/nl\/product\/lavender-poetic-pits-petal-fresh\/"]}]},{"@type":"ImageObject","inLanguage":"nl-NL","@id":"https:\/\/dutchhealthstore.com\/nl\/product\/lavender-poetic-pits-petal-fresh\/#primaryimage","url":"https:\/\/dutchhealthstore.com\/wp-content\/uploads\/2018\/02\/ll-poetic-pits-lavender-beide.jpg","contentUrl":"https:\/\/dutchhealthstore.com\/wp-content\/uploads\/2018\/02\/ll-poetic-pits-lavender-beide.jpg","width":530,"height":530,"caption":"ll-poetic-pits-lavender-beide"},{"@type":"BreadcrumbList","@id":"https:\/\/dutchhealthstore.com\/nl\/product\/lavender-poetic-pits-petal-fresh\/#breadcrumb","itemListElement":[{"@type":"ListItem","position":1,"name":"Home","item":"https:\/\/dutchhealthstore.com\/nl\/"},{"@type":"ListItem","position":2,"name":"Shop","item":"https:\/\/dutchhealthstore.com\/nl\/shop\/"},{"@type":"ListItem","position":3,"name":"Poetic Pits &#8211; Lavender"}]},{"@type":"WebSite","@id":"https:\/\/dutchhealthstore.com\/nl\/#website","url":"https:\/\/dutchhealthstore.com\/nl\/","name":"Dutch Health Store","description":"Enhance Your Beauty with Organic &amp; Natural Skincare","publisher":{"@id":"https:\/\/dutchhealthstore.com\/nl\/#organization"},"potentialAction":[{"@type":"SearchAction","target":{"@type":"EntryPoint","urlTemplate":"https:\/\/dutchhealthstore.com\/nl\/?s={search_term_string}"},"query-input":{"@type":"PropertyValueSpecification","valueRequired":true,"valueName":"search_term_string"}}],"inLanguage":"nl-NL"},{"@type":"Organization","@id":"https:\/\/dutchhealthstore.com\/nl\/#organization","name":"Dutch Health Store","url":"https:\/\/dutchhealthstore.com\/nl\/","logo":{"@type":"ImageObject","inLanguage":"nl-NL","@id":"https:\/\/dutchhealthstore.com\/nl\/#\/schema\/logo\/image\/","url":"https:\/\/dutchhealthstore.com\/wp-content\/uploads\/2020\/08\/logo-dutchhealthstore-jpg-e1599484957574.jpg","contentUrl":"https:\/\/dutchhealthstore.com\/wp-content\/uploads\/2020\/08\/logo-dutchhealthstore-jpg-e1599484957574.jpg","width":400,"height":62,"caption":"Dutch Health Store"},"image":{"@id":"https:\/\/dutchhealthstore.com\/nl\/#\/schema\/logo\/image\/"},"sameAs":["https:\/\/www.instagram.com\/dutchhealthstore\/","https:\/\/www.facebook.com\/dutchhealthstore"]}]},"product_brand":"Living Libations","og_availability":"instock","product_availability":"instock","product_condition":"new"},"_links":{"self":[{"href":"https:\/\/dutchhealthstore.com\/nl\/wp-json\/wp\/v2\/product\/113409","targetHints":{"allow":["GET"]}}],"collection":[{"href":"https:\/\/dutchhealthstore.com\/nl\/wp-json\/wp\/v2\/product"}],"about":[{"href":"https:\/\/dutchhealthstore.com\/nl\/wp-json\/wp\/v2\/types\/product"}],"replies":[{"embeddable":true,"href":"https:\/\/dutchhealthstore.com\/nl\/wp-json\/wp\/v2\/comments?post=113409"}],"wp:featuredmedia":[{"embeddable":true,"href":"https:\/\/dutchhealthstore.com\/nl\/wp-json\/wp\/v2\/media\/299534"}],"wp:attachment":[{"href":"https:\/\/dutchhealthstore.com\/nl\/wp-json\/wp\/v2\/media?parent=113409"}],"wp:term":[{"taxonomy":"product_brand","embeddable":true,"href":"https:\/\/dutchhealthstore.com\/nl\/wp-json\/wp\/v2\/product_brand?post=113409"},{"taxonomy":"product_cat","embeddable":true,"href":"https:\/\/dutchhealthstore.com\/nl\/wp-json\/wp\/v2\/product_cat?post=113409"},{"taxonomy":"product_tag","embeddable":true,"href":"https:\/\/dutchhealthstore.com\/nl\/wp-json\/wp\/v2\/product_tag?post=113409"}],"curies":[{"name":"wp","href":"https:\/\/api.w.org\/{rel}","templated":true}]}}