{"id":111697,"date":"2020-07-06T12:43:10","date_gmt":"2020-07-06T12:43:10","guid":{"rendered":"https:\/\/dutchhealthstore.com\/product\/fortifying-frankincense-dry-shampoo\/"},"modified":"2025-02-07T14:05:30","modified_gmt":"2025-02-07T13:05:30","slug":"fortifying-frankincense-dry-shampoo","status":"publish","type":"product","link":"https:\/\/dutchhealthstore.com\/nl\/product\/fortifying-frankincense-dry-shampoo\/","title":{"rendered":"Fortifying Frankincense Dry Shampoo"},"content":{"rendered":"<p><strong><img decoding=\"async\" class=\"size-full wp-image-69549 alignright\" src=\"https:\/\/dutchhealthstore.com\/wp-content\/uploads\/2019\/08\/NEW-Living-Libations-Logo.jpg\" alt=\"NEW - Living Libations - Logo\" width=\"175\" height=\"82\">Fortifying Frankincense Dry Shampoo<\/strong> werkt op alle haarkleuren en -types, en kan de levensduur van gekleurd haar verlengen (omdat er minder shampoo nodig is). Het gemak van het chemisch reinigen van uw haar is nog maar het begin van de botanische zegeningen van dit pure poeder mengsel. Krijg schone, glanzende lokken terwijl je huid en hoofdhuid voedt met voedende elementen uit de natuur.<\/p>\n<p>Veel droge shampoos zitten vol met polymeren, parabenen, mais-, rijst- en aluminiumzetmeel, giftige talk en brandbare isobuteen, propaan en alcoholen die een gezonde haargroei remmen, het haar uitdrogen, residuen aantrekken en de ademende werking van de hoofdhuid blokkeren.<br \/>\nElk ingredi\u00ebnt in onze <strong>Fortifying Frankincense Dry Shampoo<\/strong> optimaliseert op natuurlijke wijze de gezondheid en schoonheid van het haar.<br \/>\nHeilige wierookhars voedt en geurt de hoofdhuid. Balancerend zuiveringszout absorbeert overtollige olie. Kaolien klei werkt als een magneet om resten aan te trekken en reinigt oli\u00ebn. Elegante essenti\u00eble oli\u00ebn stimuleren sterk haar, verdrijven droge schilfers en reinigen de haarlijn. Pijlwortelpoeder ondersteunt de absorptie, terwijl ons superkritisch geconcentreerd extract van rozemarijn op natuurlijke wijze de plantaardige kracht optimaliseert.<\/p>\n<h3>Gebruiksaanwijzing<\/h3>\n<p>Strooi een kleine hoeveelheid in de palm van je hand en masseer het in de wortels van het haar. Ga van de wortels naar de punten. Laat het poeder een paar minuten in je haar zitten om alle voedende plantaardige stoffen op te nemen en te activeren.<br \/>\nKam met een houten kam of natuurlijke borstel door het haar om de shampoo gelijkmatig te verdelen en de hoofdhuid te stimuleren. Stijl je haar zoals gewoonlijk. Gebruik indien nodig gedurende de dag of week.<br \/>\nAls je te veel gebruikt en je haar ziet er poederig of klonterig uit, haal dan gewoon natte vingertoppen door je haar.<\/p>\n<h3 class=\"yikes-custom-woo-tab-title yikes-custom-woo-tab-title-natural-organic-ingredients\">Natuurlijke\/Biologische Ingredi\u00ebnten<\/h3>\n<p><strong>Pijlwortel<\/strong> <em>(Maranta arundinacea)<\/em> &#8211; Pijlwortelpoeder wordt gemaakt van de wortelstokken van deze tropische plant, het neemt zweet op, zorgt voor een zachte, gladde huid tussen de haarzakjes en zijdezachte lokken.<\/p>\n<p><strong>Kaolinklei<\/strong> <em>(Kaoliniet, Witte Klei)<\/em> &#8211; Deze silicarijke klei is een oud haar- en huidpreparaat dat wordt gebruikt om resten en onzuiverheden te verwijderen. Het is balancerend en voedend voor de droge huid en helpt de hoofdhuid een optimaal olieniveau te behouden, terwijl het overtollige haarolie absorbeert.<\/p>\n<p><strong>Wierook<\/strong> <em>(Boswellia carterii)<\/em> &#8211; Wierook is een eeuwige offerande van kristalhelderheid uit het sap van de wierookboom. Het weelderige aroma van deze rijke hars brengt hoofdhuid en haarolie in balans en zalft uw kruin met volume.<\/p>\n<p><strong>Rozemarijn <\/strong><em>(Rosmarinus officinalis, CO2<\/em>) &#8211; Rozemarijnextract is een natuurlijk bewaarmiddel dat ook bol staat van de botanische voordelen voor je manen. Gemaakt door speciale superkritische extractie, doet rozemarijn slappe haarstrengen herleven, verfrist de hoofdhuid en geeft volume.<\/p>\n<p><strong>Zuiveringszout<\/strong> <em>(natriumbicarbonaat)<\/em> &#8211; Natriumbicarbonaat is een natuurlijk reinigingsmiddel dat vuil, onzuiverheden en productopbouw van haar en hoofdhuid helpt verwijderen. Het voorkomt dat het haar er vet uitziet door overtollige olie te absorberen bij het haarzakje en in het hele haar.<\/p>\n<p><strong>Probiotica<\/strong> <em>(L. plantarum, B. bifidum, B.)<\/em> &#8211; Probiotica kunnen bij inwendige inname en uitwendige toepassing de droogheid van de hoofdhuid verbeteren. Deze probiotische stam heeft een bewezen houdbaarheid van twee jaar zonder koeling, en is veganistisch, glutenvrij en zuivelvrij.<\/p>\n<p><strong>Frankincense carterii<\/strong> <em>(Boswellia carterii)<\/em> &#8211; Deze essenti\u00eble olie is afkomstig van dezelfde Afrikaanse wierookbomen als onze wierookhars en wordt met waterstof gedestilleerd uit de verse oleo-gom van pure Carterii wierook. Met een warme, balsamico geur en een essentie van standvastigheid, voedt de essenti\u00eble olie huid en hoofdhuid.<\/p>\n<p><strong>Bergamot<\/strong> <em>(Citrus bergamia)<\/em> &#8211; Mooie bergamot is een frisse citrusolie die helpt bij het reinigen rond de haargrens. Het vrolijke aroma zalft het haar terwijl het de olie in balans brengt.<\/p>\n<p><strong>Zoete tijm<\/strong> <em>(Tijm vulgaris linalool)<\/em> &#8211; Dit zachte tijmgeslacht is niet sensibiliserend en niet-irriterend voor de meest gevoelige huid. Het is het perfecte hulpmiddel voor zachte verheldering en energetische haarsteken.<\/p>\n<p><strong>Vetiver<\/strong> <em>(Vetiveria zizanioides)<\/em> &#8211; Rijke, aardse vetiverolie is aardend en kalmerend voor de huid, en zalft de wortels van elke haarlok zoals de regen het gras zalft. Vetiver is een bevochtigingsmiddel dat huid en haar helpt vocht vast te houden.<\/p>\n<p><strong>Rozemarijn Verbenone<\/strong> <em>(Rosmarinus officinalis verbenone)<\/em> &#8211; Zachtaardiger voor de huid en meer hydraterend dan gewone rozemarijn, Rozemarijn Verbenone geeft een verkwikkend aroma aan uw haar terwijl het uw hoofdhuid en haar reinigt.<\/p>\n<p><img fetchpriority=\"high\" decoding=\"async\" class=\"size-medium wp-image-68103 aligncenter\" src=\"https:\/\/dutchhealthstore.com\/wp-content\/uploads\/2018\/02\/Living-Libations-Organic-Logo-800x89.png\" alt=\"Living Libations - Organic Logo\" width=\"800\" height=\"89\" srcset=\"https:\/\/dutchhealthstore.com\/wp-content\/uploads\/2018\/02\/Living-Libations-Organic-Logo-800x89.png 800w, https:\/\/dutchhealthstore.com\/wp-content\/uploads\/2018\/02\/Living-Libations-Organic-Logo-510x57.png 510w, https:\/\/dutchhealthstore.com\/wp-content\/uploads\/2018\/02\/Living-Libations-Organic-Logo-768x85.png 768w, https:\/\/dutchhealthstore.com\/wp-content\/uploads\/2018\/02\/Living-Libations-Organic-Logo.png 1400w\" sizes=\"(max-width: 800px) 100vw, 800px\" \/><\/p>\n","protected":false},"excerpt":{"rendered":"<p><strong>Fortifying Frankincense Dry Shampoo<\/strong> werkt op alle haarkleuren en -types, en kan de levensduur van gekleurd haar verlengen (omdat er minder shampoo nodig is).<br \/>\nHet gemak van het chemisch reinigen van uw haar is nog maar het begin van de botanische zegeningen van dit pure poeder mengsel. Krijg schone, glanzende lokken en voed de huid en hoofdhuid met voedende elementen uit de natuur).<\/p>\n","protected":false},"featured_media":300573,"comment_status":"open","ping_status":"closed","template":"","meta":[],"product_brand":[],"product_cat":[1029,1511,8570,1208,1006,8571,2983,510],"product_tag":[4018,21512,21807,4198,21675],"class_list":{"0":"post-111697","1":"product","2":"type-product","3":"status-publish","4":"has-post-thumbnail","6":"product_cat-categorieen","7":"product_cat-haarverzorging-living-libations","8":"product_cat-hair-nl","9":"product_cat-living-libations-nederland","10":"product_cat-merken","11":"product_cat-shampoo","12":"product_cat-shampoo-conditioner-nl","13":"product_cat-shop-winkel","14":"product_tag-haar","15":"product_tag-hoofdhuidverzorging","16":"product_tag-natural-nl","17":"product_tag-shampoo-nl","18":"product_tag-versterkend","19":"pa_brand-livinglibations-nl","20":"pa_gtin-7439657385377-nl","21":"pa_haircare-productype-shampoo-nl","22":"pa_size-30-ml-nl","23":"pa_size-50-ml-nl","25":"first","26":"instock","27":"taxable","28":"shipping-taxable","29":"purchasable","30":"product-type-variable"},"bundled_by":[],"bundle_stock_status":"instock","bundle_stock_quantity":null,"bundle_virtual":false,"bundle_layout":"","bundle_add_to_cart_form_location":"","bundle_editable_in_cart":false,"bundle_sold_individually_context":"","bundle_item_grouping":"","bundle_min_size":"","bundle_max_size":"","bundle_price":[],"bundled_items":[],"bundle_sell_ids":[230724],"atum_controlled":true,"out_stock_date":null,"out_stock_threshold":null,"inheritable":true,"stock_on_hold":1,"sold_today":0,"sales_last_days":1,"out_stock_days":0,"lost_sales":0,"update_date":"2026-04-14T08:18:23","atum_locations":[],"atum_stock_status":"instock","restock_status":false,"low_stock_amount":"","sales_update_date":"2026-04-14T08:18:23","calc_backorders":null,"group_of_quantity":0,"min_quantity":0,"max_quantity":"","exclude_order_quantity_value_rules":"no","exclude_category_quantity_rules":"no","combine_variations":"no","yoast_head":"<!-- This site is optimized with the Yoast SEO Premium plugin v26.5 (Yoast SEO v26.5) - https:\/\/yoast.com\/wordpress\/plugins\/seo\/ -->\n<title>Fortifying Frankincense Dry Shampoo | Living Libations<\/title>\n<meta name=\"description\" content=\"Fortifying Frankincense Dry Shampoo werkt op alle haarkleuren en -types, en kan de levensduur van gekleurd haar verlengen.\" \/>\n<meta name=\"robots\" content=\"index, follow, max-snippet:-1, max-image-preview:large, max-video-preview:-1\" \/>\n<link rel=\"canonical\" href=\"https:\/\/dutchhealthstore.com\/nl\/product\/fortifying-frankincense-dry-shampoo\/\" \/>\n<meta property=\"og:locale\" content=\"nl_NL\" \/>\n<meta property=\"og:type\" content=\"article\" \/>\n<meta property=\"og:title\" content=\"Fortifying Frankincense Dry Shampoo - Dutch Health Store\" \/>\n<meta property=\"og:description\" content=\"Fortifying Frankincense Dry Shampoo werkt op alle haarkleuren en -types, en kan de levensduur van gekleurd haar verlengen.\" \/>\n<meta property=\"og:url\" content=\"https:\/\/dutchhealthstore.com\/nl\/product\/fortifying-frankincense-dry-shampoo\/\" \/>\n<meta property=\"og:site_name\" content=\"Dutch Health Store\" \/>\n<meta property=\"article:publisher\" content=\"https:\/\/www.instagram.com\/dutchhealthstore\/\" \/>\n<meta property=\"article:modified_time\" content=\"2025-02-07T13:05:30+00:00\" \/>\n<meta property=\"og:image\" content=\"https:\/\/dutchhealthstore.com\/wp-content\/uploads\/2020\/07\/Living-Libations-Flowers-in-Her-Hair-Dry-Shampoo-e1594036395610.jpg\" \/>\n\t<meta property=\"og:image:width\" content=\"500\" \/>\n\t<meta property=\"og:image:height\" content=\"499\" \/>\n\t<meta property=\"og:image:type\" content=\"image\/jpeg\" \/>\n<meta name=\"twitter:card\" content=\"summary_large_image\" \/>\n<meta name=\"twitter:label1\" content=\"Beschikbaarheid\" \/>\n\t<meta name=\"twitter:data1\" content=\"Op voorraad\" \/>\n<script type=\"application\/ld+json\" class=\"yoast-schema-graph\">{\"@context\":\"https:\/\/schema.org\",\"@graph\":[{\"@type\":\"WebPage\",\"@id\":\"https:\/\/dutchhealthstore.com\/nl\/product\/fortifying-frankincense-dry-shampoo\/\",\"url\":\"https:\/\/dutchhealthstore.com\/nl\/product\/fortifying-frankincense-dry-shampoo\/\",\"name\":\"Fortifying Frankincense Dry Shampoo | Living Libations\",\"isPartOf\":{\"@id\":\"https:\/\/dutchhealthstore.com\/nl\/#website\"},\"primaryImageOfPage\":{\"@id\":\"https:\/\/dutchhealthstore.com\/nl\/product\/fortifying-frankincense-dry-shampoo\/#primaryimage\"},\"image\":{\"@id\":\"https:\/\/dutchhealthstore.com\/nl\/product\/fortifying-frankincense-dry-shampoo\/#primaryimage\"},\"thumbnailUrl\":\"https:\/\/dutchhealthstore.com\/wp-content\/uploads\/2020\/07\/ll-fortifying-frankincense-dry-shampoo-beide.jpg\",\"datePublished\":\"2020-07-06T12:43:10+00:00\",\"dateModified\":\"2025-02-07T13:05:30+00:00\",\"description\":\"Fortifying Frankincense Dry Shampoo werkt op alle haarkleuren en -types, en kan de levensduur van gekleurd haar verlengen.\",\"breadcrumb\":{\"@id\":\"https:\/\/dutchhealthstore.com\/nl\/product\/fortifying-frankincense-dry-shampoo\/#breadcrumb\"},\"inLanguage\":\"nl-NL\",\"potentialAction\":[{\"@type\":\"ReadAction\",\"target\":[\"https:\/\/dutchhealthstore.com\/nl\/product\/fortifying-frankincense-dry-shampoo\/\"]}]},{\"@type\":\"ImageObject\",\"inLanguage\":\"nl-NL\",\"@id\":\"https:\/\/dutchhealthstore.com\/nl\/product\/fortifying-frankincense-dry-shampoo\/#primaryimage\",\"url\":\"https:\/\/dutchhealthstore.com\/wp-content\/uploads\/2020\/07\/ll-fortifying-frankincense-dry-shampoo-beide.jpg\",\"contentUrl\":\"https:\/\/dutchhealthstore.com\/wp-content\/uploads\/2020\/07\/ll-fortifying-frankincense-dry-shampoo-beide.jpg\",\"width\":530,\"height\":530,\"caption\":\"ll-fortifying-frankincense-dry-shampoo-beide\"},{\"@type\":\"BreadcrumbList\",\"@id\":\"https:\/\/dutchhealthstore.com\/nl\/product\/fortifying-frankincense-dry-shampoo\/#breadcrumb\",\"itemListElement\":[{\"@type\":\"ListItem\",\"position\":1,\"name\":\"Home\",\"item\":\"https:\/\/dutchhealthstore.com\/nl\/\"},{\"@type\":\"ListItem\",\"position\":2,\"name\":\"Shop\",\"item\":\"https:\/\/dutchhealthstore.com\/nl\/shop\/\"},{\"@type\":\"ListItem\",\"position\":3,\"name\":\"Fortifying Frankincense Dry Shampoo\"}]},{\"@type\":\"WebSite\",\"@id\":\"https:\/\/dutchhealthstore.com\/nl\/#website\",\"url\":\"https:\/\/dutchhealthstore.com\/nl\/\",\"name\":\"Dutch Health Store\",\"description\":\"Enhance Your Beauty with Organic &amp; Natural Skincare\",\"publisher\":{\"@id\":\"https:\/\/dutchhealthstore.com\/nl\/#organization\"},\"potentialAction\":[{\"@type\":\"SearchAction\",\"target\":{\"@type\":\"EntryPoint\",\"urlTemplate\":\"https:\/\/dutchhealthstore.com\/nl\/?s={search_term_string}\"},\"query-input\":{\"@type\":\"PropertyValueSpecification\",\"valueRequired\":true,\"valueName\":\"search_term_string\"}}],\"inLanguage\":\"nl-NL\"},{\"@type\":\"Organization\",\"@id\":\"https:\/\/dutchhealthstore.com\/nl\/#organization\",\"name\":\"Dutch Health Store\",\"url\":\"https:\/\/dutchhealthstore.com\/nl\/\",\"logo\":{\"@type\":\"ImageObject\",\"inLanguage\":\"nl-NL\",\"@id\":\"https:\/\/dutchhealthstore.com\/nl\/#\/schema\/logo\/image\/\",\"url\":\"https:\/\/dutchhealthstore.com\/wp-content\/uploads\/2020\/08\/logo-dutchhealthstore-jpg-e1599484957574.jpg\",\"contentUrl\":\"https:\/\/dutchhealthstore.com\/wp-content\/uploads\/2020\/08\/logo-dutchhealthstore-jpg-e1599484957574.jpg\",\"width\":400,\"height\":62,\"caption\":\"Dutch Health Store\"},\"image\":{\"@id\":\"https:\/\/dutchhealthstore.com\/nl\/#\/schema\/logo\/image\/\"},\"sameAs\":[\"https:\/\/www.instagram.com\/dutchhealthstore\/\",\"https:\/\/www.facebook.com\/dutchhealthstore\"]}]}<\/script>\n<meta property=\"product:brand\" content=\"Living Libations\" \/>\n<meta property=\"og:availability\" content=\"instock\" \/>\n<meta property=\"product:availability\" content=\"instock\" \/>\n<meta property=\"product:condition\" content=\"new\" \/>\n<!-- \/ Yoast SEO Premium plugin. -->","yoast_head_json":{"title":"Fortifying Frankincense Dry Shampoo | Living Libations","description":"Fortifying Frankincense Dry Shampoo werkt op alle haarkleuren en -types, en kan de levensduur van gekleurd haar verlengen.","robots":{"index":"index","follow":"follow","max-snippet":"max-snippet:-1","max-image-preview":"max-image-preview:large","max-video-preview":"max-video-preview:-1"},"canonical":"https:\/\/dutchhealthstore.com\/nl\/product\/fortifying-frankincense-dry-shampoo\/","og_locale":"nl_NL","og_type":"article","og_title":"Fortifying Frankincense Dry Shampoo - Dutch Health Store","og_description":"Fortifying Frankincense Dry Shampoo werkt op alle haarkleuren en -types, en kan de levensduur van gekleurd haar verlengen.","og_url":"https:\/\/dutchhealthstore.com\/nl\/product\/fortifying-frankincense-dry-shampoo\/","og_site_name":"Dutch Health Store","article_publisher":"https:\/\/www.instagram.com\/dutchhealthstore\/","article_modified_time":"2025-02-07T13:05:30+00:00","og_image":[{"width":500,"height":499,"url":"https:\/\/dutchhealthstore.com\/wp-content\/uploads\/2020\/07\/Living-Libations-Flowers-in-Her-Hair-Dry-Shampoo-e1594036395610.jpg","type":"image\/jpeg"}],"twitter_card":"summary_large_image","twitter_misc":{"Beschikbaarheid":"Op voorraad"},"schema":{"@context":"https:\/\/schema.org","@graph":[{"@type":"WebPage","@id":"https:\/\/dutchhealthstore.com\/nl\/product\/fortifying-frankincense-dry-shampoo\/","url":"https:\/\/dutchhealthstore.com\/nl\/product\/fortifying-frankincense-dry-shampoo\/","name":"Fortifying Frankincense Dry Shampoo | Living Libations","isPartOf":{"@id":"https:\/\/dutchhealthstore.com\/nl\/#website"},"primaryImageOfPage":{"@id":"https:\/\/dutchhealthstore.com\/nl\/product\/fortifying-frankincense-dry-shampoo\/#primaryimage"},"image":{"@id":"https:\/\/dutchhealthstore.com\/nl\/product\/fortifying-frankincense-dry-shampoo\/#primaryimage"},"thumbnailUrl":"https:\/\/dutchhealthstore.com\/wp-content\/uploads\/2020\/07\/ll-fortifying-frankincense-dry-shampoo-beide.jpg","datePublished":"2020-07-06T12:43:10+00:00","dateModified":"2025-02-07T13:05:30+00:00","description":"Fortifying Frankincense Dry Shampoo werkt op alle haarkleuren en -types, en kan de levensduur van gekleurd haar verlengen.","breadcrumb":{"@id":"https:\/\/dutchhealthstore.com\/nl\/product\/fortifying-frankincense-dry-shampoo\/#breadcrumb"},"inLanguage":"nl-NL","potentialAction":[{"@type":"ReadAction","target":["https:\/\/dutchhealthstore.com\/nl\/product\/fortifying-frankincense-dry-shampoo\/"]}]},{"@type":"ImageObject","inLanguage":"nl-NL","@id":"https:\/\/dutchhealthstore.com\/nl\/product\/fortifying-frankincense-dry-shampoo\/#primaryimage","url":"https:\/\/dutchhealthstore.com\/wp-content\/uploads\/2020\/07\/ll-fortifying-frankincense-dry-shampoo-beide.jpg","contentUrl":"https:\/\/dutchhealthstore.com\/wp-content\/uploads\/2020\/07\/ll-fortifying-frankincense-dry-shampoo-beide.jpg","width":530,"height":530,"caption":"ll-fortifying-frankincense-dry-shampoo-beide"},{"@type":"BreadcrumbList","@id":"https:\/\/dutchhealthstore.com\/nl\/product\/fortifying-frankincense-dry-shampoo\/#breadcrumb","itemListElement":[{"@type":"ListItem","position":1,"name":"Home","item":"https:\/\/dutchhealthstore.com\/nl\/"},{"@type":"ListItem","position":2,"name":"Shop","item":"https:\/\/dutchhealthstore.com\/nl\/shop\/"},{"@type":"ListItem","position":3,"name":"Fortifying Frankincense Dry Shampoo"}]},{"@type":"WebSite","@id":"https:\/\/dutchhealthstore.com\/nl\/#website","url":"https:\/\/dutchhealthstore.com\/nl\/","name":"Dutch Health Store","description":"Enhance Your Beauty with Organic &amp; Natural Skincare","publisher":{"@id":"https:\/\/dutchhealthstore.com\/nl\/#organization"},"potentialAction":[{"@type":"SearchAction","target":{"@type":"EntryPoint","urlTemplate":"https:\/\/dutchhealthstore.com\/nl\/?s={search_term_string}"},"query-input":{"@type":"PropertyValueSpecification","valueRequired":true,"valueName":"search_term_string"}}],"inLanguage":"nl-NL"},{"@type":"Organization","@id":"https:\/\/dutchhealthstore.com\/nl\/#organization","name":"Dutch Health Store","url":"https:\/\/dutchhealthstore.com\/nl\/","logo":{"@type":"ImageObject","inLanguage":"nl-NL","@id":"https:\/\/dutchhealthstore.com\/nl\/#\/schema\/logo\/image\/","url":"https:\/\/dutchhealthstore.com\/wp-content\/uploads\/2020\/08\/logo-dutchhealthstore-jpg-e1599484957574.jpg","contentUrl":"https:\/\/dutchhealthstore.com\/wp-content\/uploads\/2020\/08\/logo-dutchhealthstore-jpg-e1599484957574.jpg","width":400,"height":62,"caption":"Dutch Health Store"},"image":{"@id":"https:\/\/dutchhealthstore.com\/nl\/#\/schema\/logo\/image\/"},"sameAs":["https:\/\/www.instagram.com\/dutchhealthstore\/","https:\/\/www.facebook.com\/dutchhealthstore"]}]},"product_brand":"Living Libations","og_availability":"instock","product_availability":"instock","product_condition":"new"},"_links":{"self":[{"href":"https:\/\/dutchhealthstore.com\/nl\/wp-json\/wp\/v2\/product\/111697","targetHints":{"allow":["GET"]}}],"collection":[{"href":"https:\/\/dutchhealthstore.com\/nl\/wp-json\/wp\/v2\/product"}],"about":[{"href":"https:\/\/dutchhealthstore.com\/nl\/wp-json\/wp\/v2\/types\/product"}],"replies":[{"embeddable":true,"href":"https:\/\/dutchhealthstore.com\/nl\/wp-json\/wp\/v2\/comments?post=111697"}],"wp:featuredmedia":[{"embeddable":true,"href":"https:\/\/dutchhealthstore.com\/nl\/wp-json\/wp\/v2\/media\/300573"}],"wp:attachment":[{"href":"https:\/\/dutchhealthstore.com\/nl\/wp-json\/wp\/v2\/media?parent=111697"}],"wp:term":[{"taxonomy":"product_brand","embeddable":true,"href":"https:\/\/dutchhealthstore.com\/nl\/wp-json\/wp\/v2\/product_brand?post=111697"},{"taxonomy":"product_cat","embeddable":true,"href":"https:\/\/dutchhealthstore.com\/nl\/wp-json\/wp\/v2\/product_cat?post=111697"},{"taxonomy":"product_tag","embeddable":true,"href":"https:\/\/dutchhealthstore.com\/nl\/wp-json\/wp\/v2\/product_tag?post=111697"}],"curies":[{"name":"wp","href":"https:\/\/api.w.org\/{rel}","templated":true}]}}