{"id":111461,"date":"2020-07-06T11:11:06","date_gmt":"2020-07-06T11:11:06","guid":{"rendered":"https:\/\/dutchhealthstore.com\/product\/honey-myrtle-deep-conditioning-mask\/"},"modified":"2026-03-26T13:58:07","modified_gmt":"2026-03-26T12:58:07","slug":"honey-myrtle-deep-conditioning-mask","status":"publish","type":"product","link":"https:\/\/dutchhealthstore.com\/nl\/product\/honey-myrtle-deep-conditioning-mask\/","title":{"rendered":"Honey Myrtle Deep Conditioning Mask"},"content":{"rendered":"<p><img decoding=\"async\" class=\"size-full wp-image-69549 alignright\" src=\"https:\/\/dutchhealthstore.com\/wp-content\/uploads\/2019\/08\/NEW-Living-Libations-Logo.jpg\" alt=\"NEW - Living Libations - Logo\" width=\"175\" height=\"82\">Zalf het aureool van je haar met deze goddelijke diepe conditioner en ervaar hernieuwde elasticiteit, veerkracht en glans.<\/p>\n<h3>Gebruiksaanwijzing<\/h3>\n<p>Snelle conditioner: na de shampoo aanbrengen en zo lang mogelijk laten inwerken. Leave on hair mask: na de shampoo aanbrengen en 15 minuten laten inwerken, afgedekt met een douchemuts of handdoek, of &#8217;s nachts laten inwerken en &#8217;s morgens uitspoelen. Eenmaal per week of eenmaal per maand als masker aanbrengen. Stylingmiddel; op elk moment op de haarlokken en punten aanbrengen voor geurende lome lokken.<\/p>\n<p>Ons<strong> Honey Myrtle Deep Conditioning Mask<\/strong> is een dikke verzachtende omhelzing voor je binnenkort weelderige lokken. Liefdevol samengesteld met volledig natuurlijke, organische, evenwicht brengende ingredi\u00ebnten, helpt dit recept voor uw haar om terug te keren naar zijn natuurlijke staat: versterkt, gevoed en beschermd tegen omgevingsstress.<\/p>\n<h3 class=\"yikes-custom-woo-tab-title yikes-custom-woo-tab-title-natural-organic-ingredients\">Natuurlijke\/Biologische Ingredi\u00ebnten<\/h3>\n<p><strong>Kokosnoot<\/strong><em> (Cocos nucifera)<\/em> &#8211; Onze zuivere, ongerepte kokosolie van de eerste persing verzadigt de huid en biedt een prachtige hydratatie en veerkracht. Kokosolie verzacht fijne lijntjes en rimpels, en beschermt de vochtbarri\u00e8re van de huid.<\/p>\n<p><strong>Jojoba<\/strong> <em>(Simmondsia chinensis)<\/em> &#8211; Glorieuze, gouden jojoba voedt en verzorgt dorstig haar Jojoba heeft een onge\u00ebvenaard vermogen om het haar te hydrateren en de olieproductie in evenwicht te brengen. Het zit boordevol peptiden en lipiden en bevat de hoogste niveaus van fenolische verbindingen die in de natuur voorkomen, samen met antioxidanten en alle oplosbare vormen van vitamine E!<\/p>\n<p><strong>Alo\u00eb Vera<\/strong><em> (Alo\u00eb barbadenis)<\/em> &#8211; Alo\u00eb is een botanisch juweeltje uit de woestijn dat zorgt voor een goede vochtbalans en gezond haar bevordert. Het wordt zo gemakkelijk opgenomen in het haar en de huid en harmoniseert vet haar en hydrateert droog haar. Het maakt de haarschubben glad en cre\u00ebert een onzichtbare weelderige laag op het oppervlak van elke haarstreng, waardoor vocht en voedingsstoffen worden vastgehouden.<\/p>\n<p><strong>Sorbitan Olivate<\/strong> &#8211; Deze natuurlijke emulgator uit olijfolie wordt gebruikt om waterverlies te voorkomen, waardoor het haar zijn natuurlijke vochtgehalte behoudt. Het is hypoallergeen, PEG-vrij, en er wordt gezegd dat het de manier nabootst waarop het haar van nature zijn hydratatie behoudt.<\/p>\n<p><strong>Duindoorn<\/strong><em> (Hippophae rhamnoides)<\/em> &#8211; De Latijnse naam van de bessen producerende duindoornstruik betekent &#8220;boom die de paarden doet glanzen&#8221;, verwijzend naar de voordelen van de bessen om paarden gezond en glanzend haar te geven. Onze duindoornbesolie is een superkritisch extract dat affiniteit heeft met sterke, glanzende, glanzende lokken.<\/p>\n<p><strong>Blaaswier<\/strong><em> (Fucus vesiculosus)<\/em> &#8211; Droog, dorstig haar zal genieten van de vitaminen, mineralen en vetzuren in ons in het wild geoogst zeewierextract. Zeewier zou de mineralisatie verbeteren, de haardikte vergroten en beschadigd haar helpen herstellen.<\/p>\n<p><strong>Hoefblad<\/strong> <em>(Tussilago farfara)<\/em> &#8211; Hoefblad bevat veel mineralen en aminozuren om het haar en de hoofdhuid te voeden, waaronder kiezelzuur, zwavel en cyste\u00efne. Deze elementen zouden een gezonde haargroei bevorderen, het haar versterken, breuk voorkomen, de elasticiteit verhogen en opbouw voorkomen.<\/p>\n<p><strong>Paardekastanje<\/strong> <em>(Aesculus hippocastanum)<\/em> &#8211; Paardekastanje is een felle roodheidskalm voor een droge, jeukende hoofdhuid.<\/p>\n<p><strong>Haverstro<\/strong> <em>(Avena sativa)<\/em> &#8211; Haver bevat van nature beta-glucan, een stof die helpt om het vocht in het haar en de hoofdhuid vast te houden. Haverstro is glutenvrij.<\/p>\n<p><strong>Heermoes (<\/strong> <em>Equisetum arvense)<\/em> &#8211; Heermoes ondersteunt gezonde haarstrengen.<\/p>\n<p><strong>Brandnetel<\/strong><em> (Urtica dioica)<\/em> &#8211; Brandnetel is een oud botanisch middel voor dik haar.<\/p>\n<p><strong>Wilde Rozenbottels<\/strong><em> (Rosa Canina)<\/em> &#8211; Rozenbottels zijn hydraterend voor haar en hoofdhuid, en kunnen worden gebruikt om droge schilfers te verwijderen. Vanwege de omega&#8217;s en vitaminen in Rozenbottels wordt de olie vaak gebruikt om droog, breekbaar haar te voeden. Rozenbottelolie bevat retinol, omega&#8217;s 6 en 9, lycopeen, betacaroteen en natuurlijk voorkomende vitamine C.<\/p>\n<p><strong>Honingmirte<\/strong><em> (Melaleuca uncinata<\/em> ) &#8211; Harmonieuze honingmirte wordt gebruikt om het haar en de hoofdhuid te beschermen. Het aroma is opbeurend en geeft een gevoel van welzijn.<\/p>\n<p><strong>Jasmine Grandiflorum<\/strong> <em>(Jasminum grandiflorum<\/em> ) &#8211; De geur van sappige jasmijn doordrenkt deze conditioner met bedwelmende aroma&#8217;s om uw hoofd te zalven. Deze zoet geurende olie is een oude Indiase remedie. De aromatische wonderen van jasmijn sambac zijn een verleidelijke geur die het vertrouwen en het gevoel van sensualiteit vergroot.<\/p>\n<p><strong>Sandelhout<\/strong> <em>(Santalum album)<\/em> &#8211; Weelderige sandelhoutolie zou de droge hoofdhuid verzachten, het haar hydrateren en het haar een weelderige glans geven. Sandelhout is een eeuwenoud ingredi\u00ebnt voor haarverzorging en wordt overvloedig gebruikt van India tot Tahiti in het streven naar zo glad en glanzend mogelijk haar.<\/p>\n<p><strong>Calendula<\/strong><em> (Calendula officinalis)<\/em> &#8211; Dit krachtige extract benut de bloemenkracht van goudsbloemblaadjes om het haar tot volle bloei te laten komen.<\/p>\n<p><strong>Citroen<\/strong> <em>(Citrus limon)<\/em> &#8211; Weelderige citroen verheldert, geeft energie en zuivert de huid van top tot teen. Het is een heerlijke all-over haar tonic; het zou het haar versterken en de glans verhogen. Het aroma is opbeurend, verkwikkend.<\/p>\n<p><strong>Ylang<\/strong> <em>(Cananga odorata)<\/em> &#8211; Luxueuze Ylang zalft deze conditioner met een prikkelend tropisch aroma en is een balancerende olie die de huid ondersteunt in haar zoektocht naar de perfecte hoeveelheid vocht. Zowel vette als droge lokken profiteren in gelijke mate van het harmonieuze effect van ylang ylang op het oliegehalte. Wanneer de perfecte hoeveelheid olie op de hoofdhuid wordt geproduceerd, is het haar glanzend en gehydrateerd &#8211; nooit vettig.<\/p>\n<p><strong>Salie + Rozemarijn<\/strong><em> (Salvia officinalis + Rosmarintus officinalis)<\/em> &#8211; Deze volledig geurende symfonie van salie- en rozemarijnextracten biedt krachtige voordelen voor haar en huid, en houdt deze conditioner fris. Deze superpotente superkritische extracten zijn geconcentreerde verbindingen die fungeren als een aanvullend tonicum voor haarstrengen en hoofdhuid.<\/p>\n<p><img fetchpriority=\"high\" decoding=\"async\" class=\"size-medium wp-image-68103 aligncenter\" src=\"https:\/\/dutchhealthstore.com\/wp-content\/uploads\/2018\/02\/Living-Libations-Organic-Logo-800x89.png\" alt=\"Living Libations - Organic Logo\" width=\"800\" height=\"89\" srcset=\"https:\/\/dutchhealthstore.com\/wp-content\/uploads\/2018\/02\/Living-Libations-Organic-Logo-800x89.png 800w, https:\/\/dutchhealthstore.com\/wp-content\/uploads\/2018\/02\/Living-Libations-Organic-Logo-510x57.png 510w, https:\/\/dutchhealthstore.com\/wp-content\/uploads\/2018\/02\/Living-Libations-Organic-Logo-768x85.png 768w, https:\/\/dutchhealthstore.com\/wp-content\/uploads\/2018\/02\/Living-Libations-Organic-Logo.png 1400w\" sizes=\"(max-width: 800px) 100vw, 800px\" \/><\/p>\n","protected":false},"excerpt":{"rendered":"<p>Kleed je haar aan met Living Libations <strong>Honey Myrtle Deep Conditioning Mask<\/strong>.<br \/>\nHet is onze dikste, rijkste, meest luxueuze happy-hair verzorging tot nu toe.<\/p>\n<p>Dit naar de hemel geurende en zorgvuldig samengestelde masker met zuivere, biologische, in het wild geoogste kruiden, essenti\u00eble oli\u00ebn, alo\u00eb en verzachtende oli\u00ebn is kalmerend voor droog haar, een droge hoofdhuid, beschadigd en overbewerkt haar en alle haartypes die wanhopig op zoek zijn naar een versterkte staat van haar-homeostase.<\/p>\n","protected":false},"featured_media":111379,"comment_status":"open","ping_status":"closed","template":"","meta":[],"product_brand":[],"product_cat":[1029,8585,1511,8570,8591,1208,1006,2983,510],"product_tag":[4018,9602,4141,21807,21530],"class_list":{"0":"post-111461","1":"product","2":"type-product","3":"status-publish","4":"has-post-thumbnail","6":"product_cat-categorieen","7":"product_cat-conditioner","8":"product_cat-haarverzorging-living-libations","9":"product_cat-hair-nl","10":"product_cat-hair-masks-serums-nl","11":"product_cat-living-libations-nederland","12":"product_cat-merken","13":"product_cat-shampoo-conditioner-nl","14":"product_cat-shop-winkel","15":"product_tag-haar","16":"product_tag-hydrating-nl","17":"product_tag-masker","18":"product_tag-natural-nl","19":"product_tag-reparatie","20":"pa_bestsellers-goed-nl","21":"pa_brand-livinglibations-nl","22":"pa_gtin-7439657385353-nl","23":"pa_haircare-productype-conditioner-nl","24":"pa_haircare-productype-hair-masks-serums-nl","25":"pa_size-30-ml-nl","26":"pa_size-50-ml-nl","27":"pa_size-100-ml-nl","29":"first","30":"instock","31":"taxable","32":"shipping-taxable","33":"purchasable","34":"product-type-variable"},"bundled_by":[],"bundle_stock_status":"instock","bundle_stock_quantity":null,"bundle_virtual":false,"bundle_layout":"","bundle_add_to_cart_form_location":"","bundle_editable_in_cart":false,"bundle_sold_individually_context":"","bundle_item_grouping":"","bundle_min_size":"","bundle_max_size":"","bundle_price":[],"bundled_items":[],"bundle_sell_ids":[226739],"atum_controlled":true,"out_stock_date":null,"out_stock_threshold":null,"inheritable":true,"stock_on_hold":4,"sold_today":1,"sales_last_days":2,"out_stock_days":0,"lost_sales":0,"update_date":"2026-04-09T11:36:04","atum_locations":[],"atum_stock_status":"instock","restock_status":false,"low_stock_amount":"","sales_update_date":"2026-04-09T11:36:04","calc_backorders":null,"group_of_quantity":0,"min_quantity":0,"max_quantity":"","exclude_order_quantity_value_rules":"no","exclude_category_quantity_rules":"no","combine_variations":"no","yoast_head":"<!-- This site is optimized with the Yoast SEO Premium plugin v26.5 (Yoast SEO v26.5) - https:\/\/yoast.com\/wordpress\/plugins\/seo\/ -->\n<title>Honey Myrtle Deep Conditioning Mask | Living Libations<\/title>\n<meta name=\"description\" content=\"Kleed je haar aan met Living Libations Honey Myrtle Deep Conditioning Mask. Het is onze dikste, rijkste, meest luxueuze happy-hair verzorging tot nu toe.\" \/>\n<meta name=\"robots\" content=\"index, follow, max-snippet:-1, max-image-preview:large, max-video-preview:-1\" \/>\n<link rel=\"canonical\" href=\"https:\/\/dutchhealthstore.com\/nl\/product\/honey-myrtle-deep-conditioning-mask\/\" \/>\n<meta property=\"og:locale\" content=\"nl_NL\" \/>\n<meta property=\"og:type\" content=\"article\" \/>\n<meta property=\"og:title\" content=\"Honey Myrtle Deep Conditioning Mask - Dutch Health Store\" \/>\n<meta property=\"og:description\" content=\"Kleed je haar aan met Living Libations Honey Myrtle Deep Conditioning Mask. Het is onze dikste, rijkste, meest luxueuze happy-hair verzorging tot nu toe.\" \/>\n<meta property=\"og:url\" content=\"https:\/\/dutchhealthstore.com\/nl\/product\/honey-myrtle-deep-conditioning-mask\/\" \/>\n<meta property=\"og:site_name\" content=\"Dutch Health Store\" \/>\n<meta property=\"article:publisher\" content=\"https:\/\/www.instagram.com\/dutchhealthstore\/\" \/>\n<meta property=\"article:modified_time\" content=\"2026-03-26T12:58:07+00:00\" \/>\n<meta property=\"og:image\" content=\"https:\/\/dutchhealthstore.com\/wp-content\/uploads\/2020\/07\/Living-Libations-Honey-Myrtle-Deep-Conditioning-Mask-e1594033625164.jpg\" \/>\n\t<meta property=\"og:image:width\" content=\"500\" \/>\n\t<meta property=\"og:image:height\" content=\"500\" \/>\n\t<meta property=\"og:image:type\" content=\"image\/jpeg\" \/>\n<meta name=\"twitter:card\" content=\"summary_large_image\" \/>\n<meta name=\"twitter:label1\" content=\"Beschikbaarheid\" \/>\n\t<meta name=\"twitter:data1\" content=\"Op voorraad\" \/>\n<script type=\"application\/ld+json\" class=\"yoast-schema-graph\">{\"@context\":\"https:\/\/schema.org\",\"@graph\":[{\"@type\":\"WebPage\",\"@id\":\"https:\/\/dutchhealthstore.com\/nl\/product\/honey-myrtle-deep-conditioning-mask\/\",\"url\":\"https:\/\/dutchhealthstore.com\/nl\/product\/honey-myrtle-deep-conditioning-mask\/\",\"name\":\"Honey Myrtle Deep Conditioning Mask | Living Libations\",\"isPartOf\":{\"@id\":\"https:\/\/dutchhealthstore.com\/nl\/#website\"},\"primaryImageOfPage\":{\"@id\":\"https:\/\/dutchhealthstore.com\/nl\/product\/honey-myrtle-deep-conditioning-mask\/#primaryimage\"},\"image\":{\"@id\":\"https:\/\/dutchhealthstore.com\/nl\/product\/honey-myrtle-deep-conditioning-mask\/#primaryimage\"},\"thumbnailUrl\":\"https:\/\/dutchhealthstore.com\/wp-content\/uploads\/2020\/07\/Living-Libations-Honey-Myrtle-Deep-Conditioning-Mask-e1594033625164.jpg\",\"datePublished\":\"2020-07-06T11:11:06+00:00\",\"dateModified\":\"2026-03-26T12:58:07+00:00\",\"description\":\"Kleed je haar aan met Living Libations Honey Myrtle Deep Conditioning Mask. Het is onze dikste, rijkste, meest luxueuze happy-hair verzorging tot nu toe.\",\"breadcrumb\":{\"@id\":\"https:\/\/dutchhealthstore.com\/nl\/product\/honey-myrtle-deep-conditioning-mask\/#breadcrumb\"},\"inLanguage\":\"nl-NL\",\"potentialAction\":[{\"@type\":\"ReadAction\",\"target\":[\"https:\/\/dutchhealthstore.com\/nl\/product\/honey-myrtle-deep-conditioning-mask\/\"]}]},{\"@type\":\"ImageObject\",\"inLanguage\":\"nl-NL\",\"@id\":\"https:\/\/dutchhealthstore.com\/nl\/product\/honey-myrtle-deep-conditioning-mask\/#primaryimage\",\"url\":\"https:\/\/dutchhealthstore.com\/wp-content\/uploads\/2020\/07\/Living-Libations-Honey-Myrtle-Deep-Conditioning-Mask-e1594033625164.jpg\",\"contentUrl\":\"https:\/\/dutchhealthstore.com\/wp-content\/uploads\/2020\/07\/Living-Libations-Honey-Myrtle-Deep-Conditioning-Mask-e1594033625164.jpg\",\"width\":500,\"height\":500,\"caption\":\"Living Libations Honey Myrtle Deep Conditioning Mask\"},{\"@type\":\"BreadcrumbList\",\"@id\":\"https:\/\/dutchhealthstore.com\/nl\/product\/honey-myrtle-deep-conditioning-mask\/#breadcrumb\",\"itemListElement\":[{\"@type\":\"ListItem\",\"position\":1,\"name\":\"Home\",\"item\":\"https:\/\/dutchhealthstore.com\/nl\/\"},{\"@type\":\"ListItem\",\"position\":2,\"name\":\"Shop\",\"item\":\"https:\/\/dutchhealthstore.com\/nl\/shop\/\"},{\"@type\":\"ListItem\",\"position\":3,\"name\":\"Honey Myrtle Deep Conditioning Mask\"}]},{\"@type\":\"WebSite\",\"@id\":\"https:\/\/dutchhealthstore.com\/nl\/#website\",\"url\":\"https:\/\/dutchhealthstore.com\/nl\/\",\"name\":\"Dutch Health Store\",\"description\":\"Enhance Your Beauty with Organic &amp; Natural Skincare\",\"publisher\":{\"@id\":\"https:\/\/dutchhealthstore.com\/nl\/#organization\"},\"potentialAction\":[{\"@type\":\"SearchAction\",\"target\":{\"@type\":\"EntryPoint\",\"urlTemplate\":\"https:\/\/dutchhealthstore.com\/nl\/?s={search_term_string}\"},\"query-input\":{\"@type\":\"PropertyValueSpecification\",\"valueRequired\":true,\"valueName\":\"search_term_string\"}}],\"inLanguage\":\"nl-NL\"},{\"@type\":\"Organization\",\"@id\":\"https:\/\/dutchhealthstore.com\/nl\/#organization\",\"name\":\"Dutch Health Store\",\"url\":\"https:\/\/dutchhealthstore.com\/nl\/\",\"logo\":{\"@type\":\"ImageObject\",\"inLanguage\":\"nl-NL\",\"@id\":\"https:\/\/dutchhealthstore.com\/nl\/#\/schema\/logo\/image\/\",\"url\":\"https:\/\/dutchhealthstore.com\/wp-content\/uploads\/2020\/08\/logo-dutchhealthstore-jpg-e1599484957574.jpg\",\"contentUrl\":\"https:\/\/dutchhealthstore.com\/wp-content\/uploads\/2020\/08\/logo-dutchhealthstore-jpg-e1599484957574.jpg\",\"width\":400,\"height\":62,\"caption\":\"Dutch Health Store\"},\"image\":{\"@id\":\"https:\/\/dutchhealthstore.com\/nl\/#\/schema\/logo\/image\/\"},\"sameAs\":[\"https:\/\/www.instagram.com\/dutchhealthstore\/\",\"https:\/\/www.facebook.com\/dutchhealthstore\"]}]}<\/script>\n<meta property=\"product:brand\" content=\"Living Libations\" \/>\n<meta property=\"og:availability\" content=\"instock\" \/>\n<meta property=\"product:availability\" content=\"instock\" \/>\n<meta property=\"product:condition\" content=\"new\" \/>\n<!-- \/ Yoast SEO Premium plugin. -->","yoast_head_json":{"title":"Honey Myrtle Deep Conditioning Mask | Living Libations","description":"Kleed je haar aan met Living Libations Honey Myrtle Deep Conditioning Mask. Het is onze dikste, rijkste, meest luxueuze happy-hair verzorging tot nu toe.","robots":{"index":"index","follow":"follow","max-snippet":"max-snippet:-1","max-image-preview":"max-image-preview:large","max-video-preview":"max-video-preview:-1"},"canonical":"https:\/\/dutchhealthstore.com\/nl\/product\/honey-myrtle-deep-conditioning-mask\/","og_locale":"nl_NL","og_type":"article","og_title":"Honey Myrtle Deep Conditioning Mask - Dutch Health Store","og_description":"Kleed je haar aan met Living Libations Honey Myrtle Deep Conditioning Mask. Het is onze dikste, rijkste, meest luxueuze happy-hair verzorging tot nu toe.","og_url":"https:\/\/dutchhealthstore.com\/nl\/product\/honey-myrtle-deep-conditioning-mask\/","og_site_name":"Dutch Health Store","article_publisher":"https:\/\/www.instagram.com\/dutchhealthstore\/","article_modified_time":"2026-03-26T12:58:07+00:00","og_image":[{"width":500,"height":500,"url":"https:\/\/dutchhealthstore.com\/wp-content\/uploads\/2020\/07\/Living-Libations-Honey-Myrtle-Deep-Conditioning-Mask-e1594033625164.jpg","type":"image\/jpeg"}],"twitter_card":"summary_large_image","twitter_misc":{"Beschikbaarheid":"Op voorraad"},"schema":{"@context":"https:\/\/schema.org","@graph":[{"@type":"WebPage","@id":"https:\/\/dutchhealthstore.com\/nl\/product\/honey-myrtle-deep-conditioning-mask\/","url":"https:\/\/dutchhealthstore.com\/nl\/product\/honey-myrtle-deep-conditioning-mask\/","name":"Honey Myrtle Deep Conditioning Mask | Living Libations","isPartOf":{"@id":"https:\/\/dutchhealthstore.com\/nl\/#website"},"primaryImageOfPage":{"@id":"https:\/\/dutchhealthstore.com\/nl\/product\/honey-myrtle-deep-conditioning-mask\/#primaryimage"},"image":{"@id":"https:\/\/dutchhealthstore.com\/nl\/product\/honey-myrtle-deep-conditioning-mask\/#primaryimage"},"thumbnailUrl":"https:\/\/dutchhealthstore.com\/wp-content\/uploads\/2020\/07\/Living-Libations-Honey-Myrtle-Deep-Conditioning-Mask-e1594033625164.jpg","datePublished":"2020-07-06T11:11:06+00:00","dateModified":"2026-03-26T12:58:07+00:00","description":"Kleed je haar aan met Living Libations Honey Myrtle Deep Conditioning Mask. Het is onze dikste, rijkste, meest luxueuze happy-hair verzorging tot nu toe.","breadcrumb":{"@id":"https:\/\/dutchhealthstore.com\/nl\/product\/honey-myrtle-deep-conditioning-mask\/#breadcrumb"},"inLanguage":"nl-NL","potentialAction":[{"@type":"ReadAction","target":["https:\/\/dutchhealthstore.com\/nl\/product\/honey-myrtle-deep-conditioning-mask\/"]}]},{"@type":"ImageObject","inLanguage":"nl-NL","@id":"https:\/\/dutchhealthstore.com\/nl\/product\/honey-myrtle-deep-conditioning-mask\/#primaryimage","url":"https:\/\/dutchhealthstore.com\/wp-content\/uploads\/2020\/07\/Living-Libations-Honey-Myrtle-Deep-Conditioning-Mask-e1594033625164.jpg","contentUrl":"https:\/\/dutchhealthstore.com\/wp-content\/uploads\/2020\/07\/Living-Libations-Honey-Myrtle-Deep-Conditioning-Mask-e1594033625164.jpg","width":500,"height":500,"caption":"Living Libations Honey Myrtle Deep Conditioning Mask"},{"@type":"BreadcrumbList","@id":"https:\/\/dutchhealthstore.com\/nl\/product\/honey-myrtle-deep-conditioning-mask\/#breadcrumb","itemListElement":[{"@type":"ListItem","position":1,"name":"Home","item":"https:\/\/dutchhealthstore.com\/nl\/"},{"@type":"ListItem","position":2,"name":"Shop","item":"https:\/\/dutchhealthstore.com\/nl\/shop\/"},{"@type":"ListItem","position":3,"name":"Honey Myrtle Deep Conditioning Mask"}]},{"@type":"WebSite","@id":"https:\/\/dutchhealthstore.com\/nl\/#website","url":"https:\/\/dutchhealthstore.com\/nl\/","name":"Dutch Health Store","description":"Enhance Your Beauty with Organic &amp; Natural Skincare","publisher":{"@id":"https:\/\/dutchhealthstore.com\/nl\/#organization"},"potentialAction":[{"@type":"SearchAction","target":{"@type":"EntryPoint","urlTemplate":"https:\/\/dutchhealthstore.com\/nl\/?s={search_term_string}"},"query-input":{"@type":"PropertyValueSpecification","valueRequired":true,"valueName":"search_term_string"}}],"inLanguage":"nl-NL"},{"@type":"Organization","@id":"https:\/\/dutchhealthstore.com\/nl\/#organization","name":"Dutch Health Store","url":"https:\/\/dutchhealthstore.com\/nl\/","logo":{"@type":"ImageObject","inLanguage":"nl-NL","@id":"https:\/\/dutchhealthstore.com\/nl\/#\/schema\/logo\/image\/","url":"https:\/\/dutchhealthstore.com\/wp-content\/uploads\/2020\/08\/logo-dutchhealthstore-jpg-e1599484957574.jpg","contentUrl":"https:\/\/dutchhealthstore.com\/wp-content\/uploads\/2020\/08\/logo-dutchhealthstore-jpg-e1599484957574.jpg","width":400,"height":62,"caption":"Dutch Health Store"},"image":{"@id":"https:\/\/dutchhealthstore.com\/nl\/#\/schema\/logo\/image\/"},"sameAs":["https:\/\/www.instagram.com\/dutchhealthstore\/","https:\/\/www.facebook.com\/dutchhealthstore"]}]},"product_brand":"Living Libations","og_availability":"instock","product_availability":"instock","product_condition":"new"},"_links":{"self":[{"href":"https:\/\/dutchhealthstore.com\/nl\/wp-json\/wp\/v2\/product\/111461","targetHints":{"allow":["GET"]}}],"collection":[{"href":"https:\/\/dutchhealthstore.com\/nl\/wp-json\/wp\/v2\/product"}],"about":[{"href":"https:\/\/dutchhealthstore.com\/nl\/wp-json\/wp\/v2\/types\/product"}],"replies":[{"embeddable":true,"href":"https:\/\/dutchhealthstore.com\/nl\/wp-json\/wp\/v2\/comments?post=111461"}],"wp:featuredmedia":[{"embeddable":true,"href":"https:\/\/dutchhealthstore.com\/nl\/wp-json\/wp\/v2\/media\/111379"}],"wp:attachment":[{"href":"https:\/\/dutchhealthstore.com\/nl\/wp-json\/wp\/v2\/media?parent=111461"}],"wp:term":[{"taxonomy":"product_brand","embeddable":true,"href":"https:\/\/dutchhealthstore.com\/nl\/wp-json\/wp\/v2\/product_brand?post=111461"},{"taxonomy":"product_cat","embeddable":true,"href":"https:\/\/dutchhealthstore.com\/nl\/wp-json\/wp\/v2\/product_cat?post=111461"},{"taxonomy":"product_tag","embeddable":true,"href":"https:\/\/dutchhealthstore.com\/nl\/wp-json\/wp\/v2\/product_tag?post=111461"}],"curies":[{"name":"wp","href":"https:\/\/api.w.org\/{rel}","templated":true}]}}