{"id":111159,"date":"2020-07-03T12:21:39","date_gmt":"2020-07-03T12:21:39","guid":{"rendered":"https:\/\/dutchhealthstore.com\/product\/crowning-glory-hair-oil\/"},"modified":"2026-03-31T16:50:03","modified_gmt":"2026-03-31T14:50:03","slug":"crowning-glory-hair-oil","status":"publish","type":"product","link":"https:\/\/dutchhealthstore.com\/nl\/product\/crowning-glory-hair-oil\/","title":{"rendered":"Crowning Glory Hair Oil"},"content":{"rendered":"<p><img decoding=\"async\" class=\"size-full wp-image-69549 alignright\" src=\"https:\/\/dutchhealthstore.com\/wp-content\/uploads\/2019\/08\/NEW-Living-Libations-Logo.jpg\" alt=\"NEW - Living Libations - Logo\" width=\"175\" height=\"82\">Het oli\u00ebn van haar en hoofdhuid met <strong>Crowning Glory Hair Oil<\/strong> levert ook voedende essenti\u00eble oli\u00ebn aan de haarwortels en de hoofdhuid. Bioactieve botanische middelen verzorgen de droge, schilferige hoofdhuid, renoveren beschadigd haar, maken gespleten haarpunten glad, versterken de strengen, stimuleren het herstel van de glans, reinigen de pori\u00ebn van de hoofdhuid en onderhouden de manen.<\/p>\n<p>Rozemarijn en Petitgrain citroenolie ontdoen de hoofdhuid van droogte en verzachten het haar tot een prachtige zijdezachtheid. Vetiver verkwikt de hoofdhuid en Heilige nardus zegent het haar met een luxueuze geur. De botanische boost van brandnetels en pompoenzaad helpt je doelen van langer en sterker haar te bereiken. Juicy Jojoba en Lime vereren het haar met goop-free glans en gladheid.<\/p>\n<p>Masseer <strong>Crowing Glory Hair Oil<\/strong> in de hoofdhuid en door het haar tot in de punten. Aanbrengen voor het wassen of &#8217;s nachts laten inwerken. Breng voor een warme oliebehandeling voldoende olie aan om het haar te bedekken en wikkel het hoofd in een warme, vochtige handdoek. De olie kan ook door het haar worden gekamd met een borstel met natuurlijke haren of een houten kam; die voelen zo goed aan op de hoofdhuid, voorkomen statische elektriciteit en verdelen de olie gelijkmatig over de manen. Voor extra glans en om kroes en springerigheid tegen te gaan, wrijf je een paar druppels tussen je handpalmen en verdeel je ze door het haar en de punten.<\/p>\n<p>Deze sublieme en lichte olie is heerlijk aromatisch en buitengewoon effectief. Ze trekt snel in de hoofdhuid en de haarschacht en vervult een dubbele functie doordat ze het haar en de hoofdhuid versterkt en hydrateert. Op de hoofdhuid en haarpunten aanbrengen om kroezen te temmen en de haarschachten te beschermen tegen warmtestyling.<\/p>\n<h3 class=\"yikes-custom-woo-tab-title yikes-custom-woo-tab-title-natural-organic-ingredients\">Natuurlijke\/Biologische Ingredi\u00ebnten<\/h3>\n<p><strong>Pompoenzaad ( <\/strong><i><em>Cucurbita pepo<\/em><\/i>) &#8211; Koudgeperste, biologische pompoenzaadolie heeft een rijke donkergroene kleur met een vleugje rood. Het is rijk aan omega-3 en omega-6 essenti\u00eble vetzuren en fytosterolen. De antioxiderende werking van alle acht soorten vitamine E en diverse caroteno\u00efden, waaronder b\u00e8tacaroteen, voedt het haar, de wortels en de hoofdhuid.<\/p>\n<p><strong>Jojoba-olie<\/strong> (<i><em>Simmondsia chinensis<\/em><\/i>) &#8211; Een vleugje gezonde jojoba is het antwoord van de woestijn op droog, breekbaar haar. Tussen zandstormen en cactussen ontpopt de jojoba zich als een weldadige, verzachtende oase. Terwijl deze sterke struik bakt onder de woestijnzon, ontkiemen parels van vloeibaar goud in jojobazaden. Deze zaden brengen een gouden olie voort die koud geperst wordt om een lipide te verkrijgen die super vergelijkbaar is met de natuurlijke talg van onze huid. Het zakt moeiteloos in de huid en brengt fytonutri\u00ebnten naar de diepste lagen van het weefsel. Gouden jojoba smeert als olie, maar is eigenlijk een vloeibare plantaardige was, zodat hij niet ranzig wordt. Ongelooflijk rijk en zijdeachtig, jojoba zorgt voor een langdurige conditionering van de hoofdhuid en maakt het haar glanzend en glad.<\/p>\n<p><strong>Brandnetels ( <\/strong><i><em>Urtica dioica<\/em><\/i>)<b><strong> <\/strong><\/b>&#8211; Voedend brandnetelkruid is een gezond haartonicum dat dient om vet haar en huid in balans te brengen. Deze zeldzame distillatie van essenti\u00eble brandnetelolie, boordevol bioactieve plantaardige stoffen, kalmeert de droge hoofdhuid en geeft glans aan de haarlokken.<\/p>\n<p><strong>Rozemarijn Verbenone<\/strong> (<i><em>Rosmarinus officinalis verbenone<\/em><\/i>) &#8211; Opwekkende rozemarijn etherische olie is een kruidachtige oppepper met een verfrissend, doordringend aroma. Denk aan rozemarijn als de pittige vriend die traagheid uit zijn stagnatie stimuleert en hoofdhuid en huid ondersteunt om te gedijen met hernieuwde frisheid.<\/p>\n<p><strong>Citroen petitgrain ( <\/strong><i><em>Citrus limon petitgrain<\/em><\/i>) &#8211; Weelderige citroen petitgrain essenti\u00eble olie is een zonnige, bladgroene citroendroom boordevol bruisende plantenkracht! Deze zeldzame petitgrain essence wordt met stoom gedistilleerd uit bladeren en twijgen van Italiaanse citroenbomen. Zoet en sappig met geurige tonen van groen, is de olie een hoofdbestanddeel van huidverzorging en schoonheidsregimes. Deze olie is optimaal voor haar- en huidverzorging omdat ze de hoofdhuid gladstrijkt en verstevigt. Het <i><em>Nerol<\/em><\/i> gehalte van petitgrain citroen is overvloedig (bijna evenveel als <i><em>Nerol<\/em><\/i> als in de etherische olie van neroli), waardoor het het mooiste aroma van alle petitgrain-distillaties is. Deze aromatische delicatesse brengt emotionele en spirituele lichtheid, en laat het haar ruiken als een droom.<\/p>\n<p><strong>Vetiver <\/strong><i><em>(<\/em><\/i><i><em>Chrysopogon zizanioides)<\/em><\/i> &#8211; Levendige vetiver essenti\u00eble olie wordt gedestilleerd uit de aardse wortels van een aromatisch tropisch gras. De goedheid van deze olie is aardend en kalmerend voor huid, hoofdhuid en geest, en zalft de haarwortels en elke huidlaag zoals de regen het gras zalft. De vetiverolie heeft een adaptief karakter, verzacht de haarlokken en verfraait de kroon op het werk.<\/p>\n<p><strong>nardus <\/strong><i><em>(Nardostachys jatamansi<\/em><\/i>) &#8211; Soporificerende spikenard essenti\u00eble olie ruikt naar aarde en oudheid; het is samengesteld uit duizenden jaren van helende geschiedenis, spirituele inspiratie, en medicinale potentie. Deze aromatische wortel is het toppunt van natuurlijke luxe en wordt al eeuwenlang gebruikt als voedende en geurige haarolie. Het was immers nardus die werd genoemd in het <i><em>Lied van Salomo<\/em><\/i> en gebruikt door Maria Magdalena om de voeten van Christus te zalven, waarna ze zijn voeten afveegde met haar haar. Deze diep geruststellende wortel voedt uw haarwortels.<\/p>\n<p><img fetchpriority=\"high\" decoding=\"async\" class=\"size-medium wp-image-68103 aligncenter\" src=\"https:\/\/dutchhealthstore.com\/wp-content\/uploads\/2018\/02\/Living-Libations-Organic-Logo-800x89.png\" alt=\"Living Libations - Organic Logo\" width=\"800\" height=\"89\" srcset=\"https:\/\/dutchhealthstore.com\/wp-content\/uploads\/2018\/02\/Living-Libations-Organic-Logo-800x89.png 800w, https:\/\/dutchhealthstore.com\/wp-content\/uploads\/2018\/02\/Living-Libations-Organic-Logo-510x57.png 510w, https:\/\/dutchhealthstore.com\/wp-content\/uploads\/2018\/02\/Living-Libations-Organic-Logo-768x85.png 768w, https:\/\/dutchhealthstore.com\/wp-content\/uploads\/2018\/02\/Living-Libations-Organic-Logo.png 1400w\" sizes=\"(max-width: 800px) 100vw, 800px\" \/><\/p>\n","protected":false},"excerpt":{"rendered":"<p>Verzorg je haar goed. Deze Nourishing Nettle <strong>Hair Oil<\/strong> bevrijdt uw haar om te bruisen, te swingen en te glanzen in al zijn kruinachtige glorie en het geurt het haar zachtjes als een briesje lentelucht.<\/p>\n<p>Verzorg je hoofdhuid als een tuin, want gezond haar groeit van gevoede wortels. Onze hoofdhuid heeft meer dan 200 bloedvaten, 650 zweetklieren en 1000 zenuwuiteinden en is natuurlijk de moeder van ons haar. Afhankelijk van onze haarkleur hebben we tussen de 90.000 en 200.000 haarfollikels die door de hoofdhuid worden gevoed en mooi haar groeit uit een gezonde hoofdhuid. U wilt dat de pori\u00ebn niet worden genegeerd of verstopt met polymeren en volgestopt met siliconen en oppervlakte-actieve stoffen.<\/p>\n","protected":false},"featured_media":30490,"comment_status":"open","ping_status":"closed","template":"","meta":[],"product_brand":[],"product_cat":[1029,10076,1511,8570,8591,1208,1006,510],"product_tag":[4018,21526,21512,9602,21807],"class_list":{"0":"post-111159","1":"product","2":"type-product","3":"status-publish","4":"has-post-thumbnail","6":"product_cat-categorieen","7":"product_cat-hair-oil-nl-2","8":"product_cat-haarverzorging-living-libations","9":"product_cat-hair-nl","10":"product_cat-hair-masks-serums-nl","11":"product_cat-living-libations-nederland","12":"product_cat-merken","13":"product_cat-shop-winkel","14":"product_tag-haar","15":"product_tag-haar-olie","16":"product_tag-hoofdhuidverzorging","17":"product_tag-hydrating-nl","18":"product_tag-natural-nl","19":"pa_bestsellers-goed-nl","20":"pa_brand-livinglibations-nl","21":"pa_gtin-7439657384332-nl","22":"pa_haircare-productype-hair-oil-nl","23":"pa_haircare-productype-hair-masks-serums-nl","24":"pa_size-100-ml-nl","25":"pa_size-15-ml-nl","26":"pa_size-30-ml-nl","28":"first","29":"instock","30":"taxable","31":"shipping-taxable","32":"purchasable","33":"product-type-variable"},"bundled_by":[],"bundle_stock_status":"instock","bundle_stock_quantity":null,"bundle_virtual":false,"bundle_layout":"","bundle_add_to_cart_form_location":"","bundle_editable_in_cart":false,"bundle_sold_individually_context":"","bundle_item_grouping":"","bundle_min_size":"","bundle_max_size":"","bundle_price":[],"bundled_items":[],"bundle_sell_ids":[229441],"atum_controlled":true,"out_stock_date":null,"out_stock_threshold":null,"inheritable":true,"stock_on_hold":3,"sold_today":0,"sales_last_days":1,"out_stock_days":0,"lost_sales":0,"update_date":"2026-05-06T06:18:49","atum_locations":[],"atum_stock_status":"instock","restock_status":false,"low_stock_amount":"","sales_update_date":"2026-05-01T00:15:46","calc_backorders":null,"group_of_quantity":0,"min_quantity":0,"max_quantity":"","exclude_order_quantity_value_rules":"no","exclude_category_quantity_rules":"no","combine_variations":"no","yoast_head":"<!-- This site is optimized with the Yoast SEO Premium plugin v26.5 (Yoast SEO v26.5) - https:\/\/yoast.com\/wordpress\/plugins\/seo\/ -->\n<title>Crowning Glory Hair Oil | Living Libations<\/title>\n<meta name=\"description\" content=\"Deze Haarolie bevrijdt uw haar om te bruisen, te swingen en te glanzen in al zijn bekronende glorie en het geurt het haar zachtjes als een briesje lentelucht.\" \/>\n<meta name=\"robots\" content=\"index, follow, max-snippet:-1, max-image-preview:large, max-video-preview:-1\" \/>\n<link rel=\"canonical\" href=\"https:\/\/dutchhealthstore.com\/nl\/product\/crowning-glory-hair-oil\/\" \/>\n<meta property=\"og:locale\" content=\"nl_NL\" \/>\n<meta property=\"og:type\" content=\"article\" \/>\n<meta property=\"og:title\" content=\"Crowning Glory Hair Oil - Dutch Health Store\" \/>\n<meta property=\"og:description\" content=\"Deze Haarolie bevrijdt uw haar om te bruisen, te swingen en te glanzen in al zijn bekronende glorie en het geurt het haar zachtjes als een briesje lentelucht.\" \/>\n<meta property=\"og:url\" content=\"https:\/\/dutchhealthstore.com\/nl\/product\/crowning-glory-hair-oil\/\" \/>\n<meta property=\"og:site_name\" content=\"Dutch Health Store\" \/>\n<meta property=\"article:publisher\" content=\"https:\/\/www.instagram.com\/dutchhealthstore\/\" \/>\n<meta property=\"article:modified_time\" content=\"2026-03-31T14:50:03+00:00\" \/>\n<meta property=\"og:image\" content=\"https:\/\/dutchhealthstore.com\/wp-content\/uploads\/2018\/02\/Crowning_Glory_Hair_Oil_Living_Libations.jpg\" \/>\n\t<meta property=\"og:image:width\" content=\"500\" \/>\n\t<meta property=\"og:image:height\" content=\"500\" \/>\n\t<meta property=\"og:image:type\" content=\"image\/jpeg\" \/>\n<meta name=\"twitter:card\" content=\"summary_large_image\" \/>\n<meta name=\"twitter:label1\" content=\"Beschikbaarheid\" \/>\n\t<meta name=\"twitter:data1\" content=\"Op voorraad\" \/>\n<script type=\"application\/ld+json\" class=\"yoast-schema-graph\">{\"@context\":\"https:\/\/schema.org\",\"@graph\":[{\"@type\":\"WebPage\",\"@id\":\"https:\/\/dutchhealthstore.com\/nl\/product\/crowning-glory-hair-oil\/\",\"url\":\"https:\/\/dutchhealthstore.com\/nl\/product\/crowning-glory-hair-oil\/\",\"name\":\"Crowning Glory Hair Oil | Living Libations\",\"isPartOf\":{\"@id\":\"https:\/\/dutchhealthstore.com\/nl\/#website\"},\"primaryImageOfPage\":{\"@id\":\"https:\/\/dutchhealthstore.com\/nl\/product\/crowning-glory-hair-oil\/#primaryimage\"},\"image\":{\"@id\":\"https:\/\/dutchhealthstore.com\/nl\/product\/crowning-glory-hair-oil\/#primaryimage\"},\"thumbnailUrl\":\"https:\/\/dutchhealthstore.com\/wp-content\/uploads\/2018\/02\/Crowning_Glory_Hair_Oil_Living_Libations_002.jpg\",\"datePublished\":\"2020-07-03T12:21:39+00:00\",\"dateModified\":\"2026-03-31T14:50:03+00:00\",\"description\":\"Deze Haarolie bevrijdt uw haar om te bruisen, te swingen en te glanzen in al zijn bekronende glorie en het geurt het haar zachtjes als een briesje lentelucht.\",\"breadcrumb\":{\"@id\":\"https:\/\/dutchhealthstore.com\/nl\/product\/crowning-glory-hair-oil\/#breadcrumb\"},\"inLanguage\":\"nl-NL\",\"potentialAction\":[{\"@type\":\"ReadAction\",\"target\":[\"https:\/\/dutchhealthstore.com\/nl\/product\/crowning-glory-hair-oil\/\"]}]},{\"@type\":\"ImageObject\",\"inLanguage\":\"nl-NL\",\"@id\":\"https:\/\/dutchhealthstore.com\/nl\/product\/crowning-glory-hair-oil\/#primaryimage\",\"url\":\"https:\/\/dutchhealthstore.com\/wp-content\/uploads\/2018\/02\/Crowning_Glory_Hair_Oil_Living_Libations_002.jpg\",\"contentUrl\":\"https:\/\/dutchhealthstore.com\/wp-content\/uploads\/2018\/02\/Crowning_Glory_Hair_Oil_Living_Libations_002.jpg\",\"width\":500,\"height\":500,\"caption\":\"Living Libations - Crowning Glory Hair Oil\"},{\"@type\":\"BreadcrumbList\",\"@id\":\"https:\/\/dutchhealthstore.com\/nl\/product\/crowning-glory-hair-oil\/#breadcrumb\",\"itemListElement\":[{\"@type\":\"ListItem\",\"position\":1,\"name\":\"Home\",\"item\":\"https:\/\/dutchhealthstore.com\/nl\/\"},{\"@type\":\"ListItem\",\"position\":2,\"name\":\"Shop\",\"item\":\"https:\/\/dutchhealthstore.com\/nl\/shop\/\"},{\"@type\":\"ListItem\",\"position\":3,\"name\":\"Crowning Glory Hair Oil\"}]},{\"@type\":\"WebSite\",\"@id\":\"https:\/\/dutchhealthstore.com\/nl\/#website\",\"url\":\"https:\/\/dutchhealthstore.com\/nl\/\",\"name\":\"Dutch Health Store\",\"description\":\"Enhance Your Beauty with Organic &amp; Natural Skincare\",\"publisher\":{\"@id\":\"https:\/\/dutchhealthstore.com\/nl\/#organization\"},\"potentialAction\":[{\"@type\":\"SearchAction\",\"target\":{\"@type\":\"EntryPoint\",\"urlTemplate\":\"https:\/\/dutchhealthstore.com\/nl\/?s={search_term_string}\"},\"query-input\":{\"@type\":\"PropertyValueSpecification\",\"valueRequired\":true,\"valueName\":\"search_term_string\"}}],\"inLanguage\":\"nl-NL\"},{\"@type\":\"Organization\",\"@id\":\"https:\/\/dutchhealthstore.com\/nl\/#organization\",\"name\":\"Dutch Health Store\",\"url\":\"https:\/\/dutchhealthstore.com\/nl\/\",\"logo\":{\"@type\":\"ImageObject\",\"inLanguage\":\"nl-NL\",\"@id\":\"https:\/\/dutchhealthstore.com\/nl\/#\/schema\/logo\/image\/\",\"url\":\"https:\/\/dutchhealthstore.com\/wp-content\/uploads\/2020\/08\/logo-dutchhealthstore-jpg-e1599484957574.jpg\",\"contentUrl\":\"https:\/\/dutchhealthstore.com\/wp-content\/uploads\/2020\/08\/logo-dutchhealthstore-jpg-e1599484957574.jpg\",\"width\":400,\"height\":62,\"caption\":\"Dutch Health Store\"},\"image\":{\"@id\":\"https:\/\/dutchhealthstore.com\/nl\/#\/schema\/logo\/image\/\"},\"sameAs\":[\"https:\/\/www.instagram.com\/dutchhealthstore\/\",\"https:\/\/www.facebook.com\/dutchhealthstore\"]}]}<\/script>\n<meta property=\"product:brand\" content=\"Living Libations\" \/>\n<meta property=\"og:availability\" content=\"instock\" \/>\n<meta property=\"product:availability\" content=\"instock\" \/>\n<meta property=\"product:condition\" content=\"new\" \/>\n<!-- \/ Yoast SEO Premium plugin. -->","yoast_head_json":{"title":"Crowning Glory Hair Oil | Living Libations","description":"Deze Haarolie bevrijdt uw haar om te bruisen, te swingen en te glanzen in al zijn bekronende glorie en het geurt het haar zachtjes als een briesje lentelucht.","robots":{"index":"index","follow":"follow","max-snippet":"max-snippet:-1","max-image-preview":"max-image-preview:large","max-video-preview":"max-video-preview:-1"},"canonical":"https:\/\/dutchhealthstore.com\/nl\/product\/crowning-glory-hair-oil\/","og_locale":"nl_NL","og_type":"article","og_title":"Crowning Glory Hair Oil - Dutch Health Store","og_description":"Deze Haarolie bevrijdt uw haar om te bruisen, te swingen en te glanzen in al zijn bekronende glorie en het geurt het haar zachtjes als een briesje lentelucht.","og_url":"https:\/\/dutchhealthstore.com\/nl\/product\/crowning-glory-hair-oil\/","og_site_name":"Dutch Health Store","article_publisher":"https:\/\/www.instagram.com\/dutchhealthstore\/","article_modified_time":"2026-03-31T14:50:03+00:00","og_image":[{"width":500,"height":500,"url":"https:\/\/dutchhealthstore.com\/wp-content\/uploads\/2018\/02\/Crowning_Glory_Hair_Oil_Living_Libations.jpg","type":"image\/jpeg"}],"twitter_card":"summary_large_image","twitter_misc":{"Beschikbaarheid":"Op voorraad"},"schema":{"@context":"https:\/\/schema.org","@graph":[{"@type":"WebPage","@id":"https:\/\/dutchhealthstore.com\/nl\/product\/crowning-glory-hair-oil\/","url":"https:\/\/dutchhealthstore.com\/nl\/product\/crowning-glory-hair-oil\/","name":"Crowning Glory Hair Oil | Living Libations","isPartOf":{"@id":"https:\/\/dutchhealthstore.com\/nl\/#website"},"primaryImageOfPage":{"@id":"https:\/\/dutchhealthstore.com\/nl\/product\/crowning-glory-hair-oil\/#primaryimage"},"image":{"@id":"https:\/\/dutchhealthstore.com\/nl\/product\/crowning-glory-hair-oil\/#primaryimage"},"thumbnailUrl":"https:\/\/dutchhealthstore.com\/wp-content\/uploads\/2018\/02\/Crowning_Glory_Hair_Oil_Living_Libations_002.jpg","datePublished":"2020-07-03T12:21:39+00:00","dateModified":"2026-03-31T14:50:03+00:00","description":"Deze Haarolie bevrijdt uw haar om te bruisen, te swingen en te glanzen in al zijn bekronende glorie en het geurt het haar zachtjes als een briesje lentelucht.","breadcrumb":{"@id":"https:\/\/dutchhealthstore.com\/nl\/product\/crowning-glory-hair-oil\/#breadcrumb"},"inLanguage":"nl-NL","potentialAction":[{"@type":"ReadAction","target":["https:\/\/dutchhealthstore.com\/nl\/product\/crowning-glory-hair-oil\/"]}]},{"@type":"ImageObject","inLanguage":"nl-NL","@id":"https:\/\/dutchhealthstore.com\/nl\/product\/crowning-glory-hair-oil\/#primaryimage","url":"https:\/\/dutchhealthstore.com\/wp-content\/uploads\/2018\/02\/Crowning_Glory_Hair_Oil_Living_Libations_002.jpg","contentUrl":"https:\/\/dutchhealthstore.com\/wp-content\/uploads\/2018\/02\/Crowning_Glory_Hair_Oil_Living_Libations_002.jpg","width":500,"height":500,"caption":"Living Libations - Crowning Glory Hair Oil"},{"@type":"BreadcrumbList","@id":"https:\/\/dutchhealthstore.com\/nl\/product\/crowning-glory-hair-oil\/#breadcrumb","itemListElement":[{"@type":"ListItem","position":1,"name":"Home","item":"https:\/\/dutchhealthstore.com\/nl\/"},{"@type":"ListItem","position":2,"name":"Shop","item":"https:\/\/dutchhealthstore.com\/nl\/shop\/"},{"@type":"ListItem","position":3,"name":"Crowning Glory Hair Oil"}]},{"@type":"WebSite","@id":"https:\/\/dutchhealthstore.com\/nl\/#website","url":"https:\/\/dutchhealthstore.com\/nl\/","name":"Dutch Health Store","description":"Enhance Your Beauty with Organic &amp; Natural Skincare","publisher":{"@id":"https:\/\/dutchhealthstore.com\/nl\/#organization"},"potentialAction":[{"@type":"SearchAction","target":{"@type":"EntryPoint","urlTemplate":"https:\/\/dutchhealthstore.com\/nl\/?s={search_term_string}"},"query-input":{"@type":"PropertyValueSpecification","valueRequired":true,"valueName":"search_term_string"}}],"inLanguage":"nl-NL"},{"@type":"Organization","@id":"https:\/\/dutchhealthstore.com\/nl\/#organization","name":"Dutch Health Store","url":"https:\/\/dutchhealthstore.com\/nl\/","logo":{"@type":"ImageObject","inLanguage":"nl-NL","@id":"https:\/\/dutchhealthstore.com\/nl\/#\/schema\/logo\/image\/","url":"https:\/\/dutchhealthstore.com\/wp-content\/uploads\/2020\/08\/logo-dutchhealthstore-jpg-e1599484957574.jpg","contentUrl":"https:\/\/dutchhealthstore.com\/wp-content\/uploads\/2020\/08\/logo-dutchhealthstore-jpg-e1599484957574.jpg","width":400,"height":62,"caption":"Dutch Health Store"},"image":{"@id":"https:\/\/dutchhealthstore.com\/nl\/#\/schema\/logo\/image\/"},"sameAs":["https:\/\/www.instagram.com\/dutchhealthstore\/","https:\/\/www.facebook.com\/dutchhealthstore"]}]},"product_brand":"Living Libations","og_availability":"instock","product_availability":"instock","product_condition":"new"},"_links":{"self":[{"href":"https:\/\/dutchhealthstore.com\/nl\/wp-json\/wp\/v2\/product\/111159","targetHints":{"allow":["GET"]}}],"collection":[{"href":"https:\/\/dutchhealthstore.com\/nl\/wp-json\/wp\/v2\/product"}],"about":[{"href":"https:\/\/dutchhealthstore.com\/nl\/wp-json\/wp\/v2\/types\/product"}],"replies":[{"embeddable":true,"href":"https:\/\/dutchhealthstore.com\/nl\/wp-json\/wp\/v2\/comments?post=111159"}],"wp:featuredmedia":[{"embeddable":true,"href":"https:\/\/dutchhealthstore.com\/nl\/wp-json\/wp\/v2\/media\/30490"}],"wp:attachment":[{"href":"https:\/\/dutchhealthstore.com\/nl\/wp-json\/wp\/v2\/media?parent=111159"}],"wp:term":[{"taxonomy":"product_brand","embeddable":true,"href":"https:\/\/dutchhealthstore.com\/nl\/wp-json\/wp\/v2\/product_brand?post=111159"},{"taxonomy":"product_cat","embeddable":true,"href":"https:\/\/dutchhealthstore.com\/nl\/wp-json\/wp\/v2\/product_cat?post=111159"},{"taxonomy":"product_tag","embeddable":true,"href":"https:\/\/dutchhealthstore.com\/nl\/wp-json\/wp\/v2\/product_tag?post=111159"}],"curies":[{"name":"wp","href":"https:\/\/api.w.org\/{rel}","templated":true}]}}