{"id":110491,"date":"2020-07-03T06:45:04","date_gmt":"2020-07-03T06:45:04","guid":{"rendered":"https:\/\/dutchhealthstore.com\/product\/jai-baby-joy\/"},"modified":"2026-03-24T14:38:39","modified_gmt":"2026-03-24T13:38:39","slug":"jai-baby-joy-2","status":"publish","type":"product","link":"https:\/\/dutchhealthstore.com\/nl\/product\/jai-baby-joy-2\/","title":{"rendered":"Jai Baby Joy"},"content":{"rendered":"<p>Lief voor baby en mooi voor het gezin, Jai Baby Joy Hydraterende Massageolie is een heerlijke massageolie voor volwassen gezichten, kleine teentjes en zwangere buikjes. Voor een zachte, soepele huid na het baden en een ongelooflijk kusbaar gezicht na het scheren, verwen uzelf met de heerlijke delicatesse van Jai Baby Joy!<\/p>\n<h3>Gebruiksaanwijzing<\/h3>\n<p>Smeer de baby in na een bad of een luierwissel. Een rustgevende massageolie voor de baby of de familie van de baby. Glijd het op gezichten, na baden, op zwangere buiken en borsten. Het is uitstekend voor na het scheren van gezichten en benen.<\/p>\n<h3 class=\"yikes-custom-woo-tab-title yikes-custom-woo-tab-title-natural-organic-ingredients\">Natuurlijke\/Biologische Ingredi\u00ebnten<\/h3>\n<p><strong>Jojoba-olie<\/strong> <em>(Simmondsia chinensis)<\/em> &#8211; Glorieuze, gouden jojoba voedt en verzorgt de dorstige huid. Jojoba heeft een onge\u00ebvenaard vermogen om de huid te hydrateren, de olieproductie in balans te brengen, de pori\u00ebn diep te reinigen en een langdurige conditionerende werking te cre\u00ebren die de huid verzacht tot perfecte zijde. Het zit boordevol peptiden en lipiden en bevat de hoogste niveaus van fenolische verbindingen die in de natuur voorkomen, samen met antioxidanten en alle oplosbare vormen van vitamine E.<\/p>\n<p><strong>Vanilleolie<\/strong><em> (Vanilla planifolia)<\/em> &#8211; Fluweelzachte vanille straalt een warme zoetheid uit. We weken rauwe, biologische vanillebonen in pure virgin kokosolie gedurende een paar cycli van volle maan totdat de weelderige essentie en het rustgevende karakter van vanille de kokosolie verzadigen. Dulcet vanilleboon doordrenkt de huid met het heerlijke aroma van zoete vanille. Het is een troostende geur die kleine wezens en nieuwe ouders kalmeert.<\/p>\n<p><strong>Cocos Cr\u00e8me Olie<\/strong> <em>(Cocos nucifera)<\/em> &#8211; Pure, zuivere kokoscr\u00e8me van de eerste persing wordt vloeibaar bij 75 graden Fahrenheit. Wanneer het in contact komt met een lichaam van 37 graden Celcius, smelt het moeiteloos in de huid. Weelderige Coconut cr\u00e8me verzacht de huid.<\/p>\n<p><strong>Citroenolie<\/strong> <em>(Citrus limon)<\/em> &#8211; Weelderige citroen zuivert de huid van top tot teen. Deze tonic geperst uit de schillen van citroen maakt cherubijnen wangen glad.<\/p>\n<p><strong>Lavendelolie<\/strong> <em>(Lavandula angustifolia)<\/em> &#8211; Heerlijke lavendel is een slaapliedje in een flesje en ook een zachte maar krachtige huidversterker. Deze herstellende en kalmerende essence ontspant roodheid en koelt hitte af. Lavendel kan worden gebruikt om het uiterlijk van littekens te verbeteren, de huidtint te egaliseren, de naar acne neigende huid te reinigen en het talggehalte van de huid in evenwicht te brengen.<\/p>\n<p><img fetchpriority=\"high\" decoding=\"async\" class=\"size-medium wp-image-68103 aligncenter\" src=\"https:\/\/dutchhealthstore.com\/wp-content\/uploads\/2018\/02\/Living-Libations-Organic-Logo-800x89.png\" alt=\"Living Libations - Organic Logo\" width=\"800\" height=\"89\" srcset=\"https:\/\/dutchhealthstore.com\/wp-content\/uploads\/2018\/02\/Living-Libations-Organic-Logo-800x89.png 800w, https:\/\/dutchhealthstore.com\/wp-content\/uploads\/2018\/02\/Living-Libations-Organic-Logo-510x57.png 510w, https:\/\/dutchhealthstore.com\/wp-content\/uploads\/2018\/02\/Living-Libations-Organic-Logo-768x85.png 768w, https:\/\/dutchhealthstore.com\/wp-content\/uploads\/2018\/02\/Living-Libations-Organic-Logo.png 1400w\" sizes=\"(max-width: 800px) 100vw, 800px\" \/><\/p>\n","protected":false},"excerpt":{"rendered":"<p>Living Libations <strong>Jai Baby Joy<\/strong> Moisturizing Massage Oil glijdt zachtjes over de jubelende babyhuid, doordrenkt met verse vanillebonen gedoopt in zachte kokoscr\u00e8me, gouden jojoba, tonische citroen en kalmerende lavendel.<br \/>\nVerse vanillebonen gedoopt in kokoscr\u00e8me en jubelende jojoba cre\u00ebren een hydraterend elixer dat speciaal gemaakt is voor de tere huid van je baby.<\/p>\n","protected":false},"featured_media":359701,"comment_status":"open","ping_status":"closed","template":"","meta":[],"product_brand":[],"product_cat":[1497,6750,1029,6638,5830,1500,5822,1208,1006,2991,5001,510],"product_tag":[21937,21389,21807,4079,9715],"class_list":{"0":"post-110491","1":"product","2":"type-product","3":"status-publish","4":"has-post-thumbnail","6":"product_cat-baby-en-kind-living-libations","7":"product_cat-babies-pregnancy-nl-2","8":"product_cat-categorieen","9":"product_cat-family-nl","10":"product_cat-body-oil-nl-2","11":"product_cat-lichaamsverzorging-living-libations","12":"product_cat-body-care-nl-3","13":"product_cat-living-libations-nederland","14":"product_cat-merken","15":"product_cat-olien-lotions","16":"product_cat-by-collections-nl-2","17":"product_cat-shop-winkel","18":"product_tag-baby-nl","19":"product_tag-lichaam","20":"product_tag-natural-nl","21":"product_tag-olie","22":"product_tag-soothing-nl","23":"pa_brand-livinglibations-nl","24":"pa_gtin-7439657383373-nl","25":"pa_size-100-ml-nl","26":"pa_size-30-ml-nl","27":"pa_size-50-ml-nl","29":"first","30":"instock","31":"taxable","32":"shipping-taxable","33":"purchasable","34":"product-type-variable"},"bundled_by":[],"bundle_stock_status":"instock","bundle_stock_quantity":null,"bundle_virtual":false,"bundle_layout":"","bundle_add_to_cart_form_location":"","bundle_editable_in_cart":false,"bundle_sold_individually_context":"","bundle_item_grouping":"","bundle_min_size":"","bundle_max_size":"","bundle_price":[],"bundled_items":[],"bundle_sell_ids":[247689],"atum_controlled":true,"out_stock_date":null,"out_stock_threshold":null,"inheritable":true,"stock_on_hold":3,"sold_today":0,"sales_last_days":2,"out_stock_days":0,"lost_sales":0,"update_date":"2026-04-30T12:11:04","atum_locations":[],"atum_stock_status":"instock","restock_status":false,"low_stock_amount":"","sales_update_date":"2026-04-30T12:11:04","calc_backorders":null,"group_of_quantity":0,"min_quantity":0,"max_quantity":"","exclude_order_quantity_value_rules":"no","exclude_category_quantity_rules":"no","combine_variations":"no","yoast_head":"<!-- This site is optimized with the Yoast SEO Premium plugin v26.5 (Yoast SEO v26.5) - https:\/\/yoast.com\/wordpress\/plugins\/seo\/ -->\n<title>Jai Baby Joy | Living Libations<\/title>\n<meta name=\"description\" content=\"Living Libations Jai Baby Joy Moisturizing Massage Oil glijdt zachtjes over de jubelende babyhuid en doordrenkt deze met verse vanillebonen.\" \/>\n<meta name=\"robots\" content=\"index, follow, max-snippet:-1, max-image-preview:large, max-video-preview:-1\" \/>\n<link rel=\"canonical\" href=\"https:\/\/dutchhealthstore.com\/nl\/product\/jai-baby-joy-2\/\" \/>\n<meta property=\"og:locale\" content=\"nl_NL\" \/>\n<meta property=\"og:type\" content=\"article\" \/>\n<meta property=\"og:title\" content=\"Jai Baby Joy - Dutch Health Store\" \/>\n<meta property=\"og:description\" content=\"Living Libations Jai Baby Joy Moisturizing Massage Oil glijdt zachtjes over de jubelende babyhuid en doordrenkt deze met verse vanillebonen.\" \/>\n<meta property=\"og:url\" content=\"https:\/\/dutchhealthstore.com\/nl\/product\/jai-baby-joy-2\/\" \/>\n<meta property=\"og:site_name\" content=\"Dutch Health Store\" \/>\n<meta property=\"article:publisher\" content=\"https:\/\/www.instagram.com\/dutchhealthstore\/\" \/>\n<meta property=\"article:modified_time\" content=\"2026-03-24T13:38:39+00:00\" \/>\n<meta property=\"og:image\" content=\"https:\/\/dutchhealthstore.com\/wp-content\/uploads\/2018\/02\/Living-Libations-Jai-Baby-Joy-e1593758447903.jpg\" \/>\n\t<meta property=\"og:image:width\" content=\"500\" \/>\n\t<meta property=\"og:image:height\" content=\"500\" \/>\n\t<meta property=\"og:image:type\" content=\"image\/jpeg\" \/>\n<meta name=\"twitter:card\" content=\"summary_large_image\" \/>\n<meta name=\"twitter:label1\" content=\"Beschikbaarheid\" \/>\n\t<meta name=\"twitter:data1\" content=\"Op voorraad\" \/>\n<script type=\"application\/ld+json\" class=\"yoast-schema-graph\">{\"@context\":\"https:\/\/schema.org\",\"@graph\":[{\"@type\":\"WebPage\",\"@id\":\"https:\/\/dutchhealthstore.com\/nl\/product\/jai-baby-joy-2\/\",\"url\":\"https:\/\/dutchhealthstore.com\/nl\/product\/jai-baby-joy-2\/\",\"name\":\"Jai Baby Joy | Living Libations\",\"isPartOf\":{\"@id\":\"https:\/\/dutchhealthstore.com\/nl\/#website\"},\"primaryImageOfPage\":{\"@id\":\"https:\/\/dutchhealthstore.com\/nl\/product\/jai-baby-joy-2\/#primaryimage\"},\"image\":{\"@id\":\"https:\/\/dutchhealthstore.com\/nl\/product\/jai-baby-joy-2\/#primaryimage\"},\"thumbnailUrl\":\"https:\/\/dutchhealthstore.com\/wp-content\/uploads\/2020\/07\/Jai-Baby-oil-3.png\",\"datePublished\":\"2020-07-03T06:45:04+00:00\",\"dateModified\":\"2026-03-24T13:38:39+00:00\",\"description\":\"Living Libations Jai Baby Joy Moisturizing Massage Oil glijdt zachtjes over de jubelende babyhuid en doordrenkt deze met verse vanillebonen.\",\"breadcrumb\":{\"@id\":\"https:\/\/dutchhealthstore.com\/nl\/product\/jai-baby-joy-2\/#breadcrumb\"},\"inLanguage\":\"nl-NL\",\"potentialAction\":[{\"@type\":\"ReadAction\",\"target\":[\"https:\/\/dutchhealthstore.com\/nl\/product\/jai-baby-joy-2\/\"]}]},{\"@type\":\"ImageObject\",\"inLanguage\":\"nl-NL\",\"@id\":\"https:\/\/dutchhealthstore.com\/nl\/product\/jai-baby-joy-2\/#primaryimage\",\"url\":\"https:\/\/dutchhealthstore.com\/wp-content\/uploads\/2020\/07\/Jai-Baby-oil-3.png\",\"contentUrl\":\"https:\/\/dutchhealthstore.com\/wp-content\/uploads\/2020\/07\/Jai-Baby-oil-3.png\",\"width\":530,\"height\":530},{\"@type\":\"BreadcrumbList\",\"@id\":\"https:\/\/dutchhealthstore.com\/nl\/product\/jai-baby-joy-2\/#breadcrumb\",\"itemListElement\":[{\"@type\":\"ListItem\",\"position\":1,\"name\":\"Home\",\"item\":\"https:\/\/dutchhealthstore.com\/nl\/\"},{\"@type\":\"ListItem\",\"position\":2,\"name\":\"Shop\",\"item\":\"https:\/\/dutchhealthstore.com\/nl\/shop\/\"},{\"@type\":\"ListItem\",\"position\":3,\"name\":\"Jai Baby Joy\"}]},{\"@type\":\"WebSite\",\"@id\":\"https:\/\/dutchhealthstore.com\/nl\/#website\",\"url\":\"https:\/\/dutchhealthstore.com\/nl\/\",\"name\":\"Dutch Health Store\",\"description\":\"Enhance Your Beauty with Organic &amp; Natural Skincare\",\"publisher\":{\"@id\":\"https:\/\/dutchhealthstore.com\/nl\/#organization\"},\"potentialAction\":[{\"@type\":\"SearchAction\",\"target\":{\"@type\":\"EntryPoint\",\"urlTemplate\":\"https:\/\/dutchhealthstore.com\/nl\/?s={search_term_string}\"},\"query-input\":{\"@type\":\"PropertyValueSpecification\",\"valueRequired\":true,\"valueName\":\"search_term_string\"}}],\"inLanguage\":\"nl-NL\"},{\"@type\":\"Organization\",\"@id\":\"https:\/\/dutchhealthstore.com\/nl\/#organization\",\"name\":\"Dutch Health Store\",\"url\":\"https:\/\/dutchhealthstore.com\/nl\/\",\"logo\":{\"@type\":\"ImageObject\",\"inLanguage\":\"nl-NL\",\"@id\":\"https:\/\/dutchhealthstore.com\/nl\/#\/schema\/logo\/image\/\",\"url\":\"https:\/\/dutchhealthstore.com\/wp-content\/uploads\/2020\/08\/logo-dutchhealthstore-jpg-e1599484957574.jpg\",\"contentUrl\":\"https:\/\/dutchhealthstore.com\/wp-content\/uploads\/2020\/08\/logo-dutchhealthstore-jpg-e1599484957574.jpg\",\"width\":400,\"height\":62,\"caption\":\"Dutch Health Store\"},\"image\":{\"@id\":\"https:\/\/dutchhealthstore.com\/nl\/#\/schema\/logo\/image\/\"},\"sameAs\":[\"https:\/\/www.instagram.com\/dutchhealthstore\/\",\"https:\/\/www.facebook.com\/dutchhealthstore\"]}]}<\/script>\n<meta property=\"product:brand\" content=\"Living Libations\" \/>\n<meta property=\"og:availability\" content=\"instock\" \/>\n<meta property=\"product:availability\" content=\"instock\" \/>\n<meta property=\"product:condition\" content=\"new\" \/>\n<!-- \/ Yoast SEO Premium plugin. -->","yoast_head_json":{"title":"Jai Baby Joy | Living Libations","description":"Living Libations Jai Baby Joy Moisturizing Massage Oil glijdt zachtjes over de jubelende babyhuid en doordrenkt deze met verse vanillebonen.","robots":{"index":"index","follow":"follow","max-snippet":"max-snippet:-1","max-image-preview":"max-image-preview:large","max-video-preview":"max-video-preview:-1"},"canonical":"https:\/\/dutchhealthstore.com\/nl\/product\/jai-baby-joy-2\/","og_locale":"nl_NL","og_type":"article","og_title":"Jai Baby Joy - Dutch Health Store","og_description":"Living Libations Jai Baby Joy Moisturizing Massage Oil glijdt zachtjes over de jubelende babyhuid en doordrenkt deze met verse vanillebonen.","og_url":"https:\/\/dutchhealthstore.com\/nl\/product\/jai-baby-joy-2\/","og_site_name":"Dutch Health Store","article_publisher":"https:\/\/www.instagram.com\/dutchhealthstore\/","article_modified_time":"2026-03-24T13:38:39+00:00","og_image":[{"width":500,"height":500,"url":"https:\/\/dutchhealthstore.com\/wp-content\/uploads\/2018\/02\/Living-Libations-Jai-Baby-Joy-e1593758447903.jpg","type":"image\/jpeg"}],"twitter_card":"summary_large_image","twitter_misc":{"Beschikbaarheid":"Op voorraad"},"schema":{"@context":"https:\/\/schema.org","@graph":[{"@type":"WebPage","@id":"https:\/\/dutchhealthstore.com\/nl\/product\/jai-baby-joy-2\/","url":"https:\/\/dutchhealthstore.com\/nl\/product\/jai-baby-joy-2\/","name":"Jai Baby Joy | Living Libations","isPartOf":{"@id":"https:\/\/dutchhealthstore.com\/nl\/#website"},"primaryImageOfPage":{"@id":"https:\/\/dutchhealthstore.com\/nl\/product\/jai-baby-joy-2\/#primaryimage"},"image":{"@id":"https:\/\/dutchhealthstore.com\/nl\/product\/jai-baby-joy-2\/#primaryimage"},"thumbnailUrl":"https:\/\/dutchhealthstore.com\/wp-content\/uploads\/2020\/07\/Jai-Baby-oil-3.png","datePublished":"2020-07-03T06:45:04+00:00","dateModified":"2026-03-24T13:38:39+00:00","description":"Living Libations Jai Baby Joy Moisturizing Massage Oil glijdt zachtjes over de jubelende babyhuid en doordrenkt deze met verse vanillebonen.","breadcrumb":{"@id":"https:\/\/dutchhealthstore.com\/nl\/product\/jai-baby-joy-2\/#breadcrumb"},"inLanguage":"nl-NL","potentialAction":[{"@type":"ReadAction","target":["https:\/\/dutchhealthstore.com\/nl\/product\/jai-baby-joy-2\/"]}]},{"@type":"ImageObject","inLanguage":"nl-NL","@id":"https:\/\/dutchhealthstore.com\/nl\/product\/jai-baby-joy-2\/#primaryimage","url":"https:\/\/dutchhealthstore.com\/wp-content\/uploads\/2020\/07\/Jai-Baby-oil-3.png","contentUrl":"https:\/\/dutchhealthstore.com\/wp-content\/uploads\/2020\/07\/Jai-Baby-oil-3.png","width":530,"height":530},{"@type":"BreadcrumbList","@id":"https:\/\/dutchhealthstore.com\/nl\/product\/jai-baby-joy-2\/#breadcrumb","itemListElement":[{"@type":"ListItem","position":1,"name":"Home","item":"https:\/\/dutchhealthstore.com\/nl\/"},{"@type":"ListItem","position":2,"name":"Shop","item":"https:\/\/dutchhealthstore.com\/nl\/shop\/"},{"@type":"ListItem","position":3,"name":"Jai Baby Joy"}]},{"@type":"WebSite","@id":"https:\/\/dutchhealthstore.com\/nl\/#website","url":"https:\/\/dutchhealthstore.com\/nl\/","name":"Dutch Health Store","description":"Enhance Your Beauty with Organic &amp; Natural Skincare","publisher":{"@id":"https:\/\/dutchhealthstore.com\/nl\/#organization"},"potentialAction":[{"@type":"SearchAction","target":{"@type":"EntryPoint","urlTemplate":"https:\/\/dutchhealthstore.com\/nl\/?s={search_term_string}"},"query-input":{"@type":"PropertyValueSpecification","valueRequired":true,"valueName":"search_term_string"}}],"inLanguage":"nl-NL"},{"@type":"Organization","@id":"https:\/\/dutchhealthstore.com\/nl\/#organization","name":"Dutch Health Store","url":"https:\/\/dutchhealthstore.com\/nl\/","logo":{"@type":"ImageObject","inLanguage":"nl-NL","@id":"https:\/\/dutchhealthstore.com\/nl\/#\/schema\/logo\/image\/","url":"https:\/\/dutchhealthstore.com\/wp-content\/uploads\/2020\/08\/logo-dutchhealthstore-jpg-e1599484957574.jpg","contentUrl":"https:\/\/dutchhealthstore.com\/wp-content\/uploads\/2020\/08\/logo-dutchhealthstore-jpg-e1599484957574.jpg","width":400,"height":62,"caption":"Dutch Health Store"},"image":{"@id":"https:\/\/dutchhealthstore.com\/nl\/#\/schema\/logo\/image\/"},"sameAs":["https:\/\/www.instagram.com\/dutchhealthstore\/","https:\/\/www.facebook.com\/dutchhealthstore"]}]},"product_brand":"Living Libations","og_availability":"instock","product_availability":"instock","product_condition":"new"},"_links":{"self":[{"href":"https:\/\/dutchhealthstore.com\/nl\/wp-json\/wp\/v2\/product\/110491","targetHints":{"allow":["GET"]}}],"collection":[{"href":"https:\/\/dutchhealthstore.com\/nl\/wp-json\/wp\/v2\/product"}],"about":[{"href":"https:\/\/dutchhealthstore.com\/nl\/wp-json\/wp\/v2\/types\/product"}],"replies":[{"embeddable":true,"href":"https:\/\/dutchhealthstore.com\/nl\/wp-json\/wp\/v2\/comments?post=110491"}],"wp:featuredmedia":[{"embeddable":true,"href":"https:\/\/dutchhealthstore.com\/nl\/wp-json\/wp\/v2\/media\/359701"}],"wp:attachment":[{"href":"https:\/\/dutchhealthstore.com\/nl\/wp-json\/wp\/v2\/media?parent=110491"}],"wp:term":[{"taxonomy":"product_brand","embeddable":true,"href":"https:\/\/dutchhealthstore.com\/nl\/wp-json\/wp\/v2\/product_brand?post=110491"},{"taxonomy":"product_cat","embeddable":true,"href":"https:\/\/dutchhealthstore.com\/nl\/wp-json\/wp\/v2\/product_cat?post=110491"},{"taxonomy":"product_tag","embeddable":true,"href":"https:\/\/dutchhealthstore.com\/nl\/wp-json\/wp\/v2\/product_tag?post=110491"}],"curies":[{"name":"wp","href":"https:\/\/api.w.org\/{rel}","templated":true}]}}