{"id":110272,"date":"2020-02-06T10:44:42","date_gmt":"2020-02-06T10:44:42","guid":{"rendered":"https:\/\/dutchhealthstore.com\/product\/jai-baby-balm\/"},"modified":"2026-04-06T14:40:19","modified_gmt":"2026-04-06T12:40:19","slug":"jai-baby-balm","status":"publish","type":"product","link":"https:\/\/dutchhealthstore.com\/nl\/product\/jai-baby-balm\/","title":{"rendered":"Jai Baby Balm"},"content":{"rendered":"<p><img decoding=\"async\" class=\"alignright size-full wp-image-37041\" src=\"https:\/\/dutchhealthstore.com\/wp-content\/uploads\/2018\/04\/Living_Libations-1.png\" alt=\"Organic &amp; Natural Beautyproducts - Living Libations\" width=\"175\" height=\"82\">Tere babybilletjes en een zacht pasgeboren huidje verdienen het zuiverste van het zuiverste. Red de dag met Living Libations <strong>Jai Baby Balm<\/strong>, een verzachtende barri\u00e8re die droge, ruwe en rode plekken doet vervagen. Jai Baby Balm is een tedere mix van de zuiverste, meest beschermende ingredi\u00ebnten. Biologische, kindvriendelijke essenti\u00eble oli\u00ebn zijn gewikkeld in de versterkende omhelzing van troostende calendula en weldadige bijenwas, waardoor de babyhuid perfect gehydrateerd wordt onder een beschermende barri\u00e8re. Overal aanbrengen waar de huid wat tedere, liefdevolle zorg nodig heeft. Deze aaibare combinatie van hydraterende botanische oli\u00ebn en een beschermend schild van bijenwas verlichten de tere weefsels van je baby en zijn lippen, gezicht en lichaam!  <strong>Jai Baby Balm<\/strong> is een alles-in-\u00e9\u00e9n balsem voor het hele gezin, die droge plekjes en gebarsten lippen die dringend wat TLC nodig hebben, verzacht.  <strong>Grootte:<\/strong>  30 ml &#8211; 50 ml  <\/p>\n<h3>Gebruiksaanwijzing<\/h3>\n<p>  Breng royaal aan op de billetjes van je baby na een bad of verschoning. Het is heerlijk als de huid wat liefdevolle zorg nodig heeft. Probeer het ook als lippen-, gezichts- en lichaamsbalsem voor mama en papa.  <\/p>\n<h3 class=\"yikes-custom-woo-tab-title yikes-custom-woo-tab-title-natural-organic-ingredients\">Natuurlijke\/biologische Ingredi\u00ebnten<\/h3>\n<p><strong>Jojoba-olie<\/strong><em>(Simmondsia chinensis<\/em>) &#8211; Vol fenolverbindingen, tocoferolen en elke oplosbare vorm van vitamine E, is jojoba de meest effectieve vochtinbrenger van de natuur. Omdat het qua samenstelling zo dicht bij de huideigen natuurlijke oli\u00ebn ligt, wordt het gemakkelijk geabsorbeerd en kan het eindeloos vocht leveren aan dorstig weefsel. <strong>Duindoornolie <\/strong><em>(Hippophae rhamnoides) &#8211; <\/em>Duindoorn stuurt zijn lipiden de huid in, waardoor onevenwichtigheden van binnenuit worden verminderd. Dit superkritische extract zit boordevol omega vetzuren 3, 6, 7 en 9, antioxidanten, vitamine, palmitole\u00efnezuren, caroteno\u00efden en fytosterolen. Een enkele druppel duindoornolie bevat 190 verschillende bioactieve stoffen. Deze helder oranje essence is ongelooflijk regenererend en huidzuiverend &#8211; het verlicht roodheid en vermindert wallen. Het is een uitstekende toevoeging aan reinigingsmiddelen voor acne. <strong>Calendula<\/strong><em>(Calendula officinalis<\/em>) &#8211; infecties, roodheid, zwellingen en ontstekingen zijn geen partij voor de pure kracht van calendula, een ingredi\u00ebnt dat verstevigt en tonifieert terwijl het beschermt en hydrateert. <strong>Bijenwasolie <\/strong><em>(Cera alba) &#8211; <\/em>Bijen zoemen met een beschermende, poreuze was die vocht insluit en gifstoffen buiten houdt.<br \/>\nBijenwas vormt een glad, onzichtbaar laagje op de huid, dat een voedende barri\u00e8re vormt tegen ruwe elementen. <strong>Lavendelolie<\/strong><em> (Lavandula angustifolia) &#8211;<\/em> Heerlijke lavendel is een zachte maar krachtige huidversterker die herstellend en kalmerend werkt.  Het ontspant roodheid en koelt hitte af. Lavendel is als een slaapliedje in een flesje; het kalmeert de geest en geest en bevordert diepe ontspanning. <strong>Kamilleolie <\/strong><em>(Anthemis nobilis) &#8211; <\/em>Comforterende essenti\u00eble kamilleolie wordt met stoom gedestilleerd uit de delicate, kleine bloemblaadjes van Franse kamillebloemen. Deze bloem, beroemd om haar kalmerende streling, staat ook bekend als Romeinse kamille. Zijn zachte gratie werd vereerd door de oude Egyptenaren, de Moren en de Saksen als een heilig elixer waardig van de engelen. Deze essence is rijk aan verzachtende esters, waardoor het de zachtste olie is om de weerbarstige huid te kalmeren. <strong>Citroenolie (<\/strong><em>Citrus limon) &#8211; <\/em>Weelderige citroen verheldert, geeft energie en zuivert de huid van top tot teen. Het is uitstekend in reinigingsmiddelen voor acne en oneffenheden. Citroen verstevigt en geeft de huid veerkracht. <strong>Zoete Tijm Olie <\/strong><em>(Tijm vulgaris linalool) &#8211; <\/em>Zoete Tijm is even sterk als zacht! Het bevat alle versterkende en tonifi\u00ebrende kracht van de andere soorten tijmolie zonder irritatie te veroorzaken terwijl het de pori\u00ebn zuivert. Het reinigt lichaam en geest en is mild genoeg voor jonge kinderen en ouderen. Zoete tijm, boordevol heerlijke linalool, is een kostbaar ingredi\u00ebnt in onze zachte huidverzorgingsserums. <strong>Sandelhoutolie <\/strong> (<em> Santalum album) &#8211; <\/em>Sereen sandelhout is het perfecte tegengif voor de warme en vochtarme huid. Het is een oude lichaamsolie geliefd als een kalmerende, rustgevende tonic. De naar honing siroop geurende essence verzadigt de droge, gevoelige huid.  <img fetchpriority=\"high\" decoding=\"async\" class=\"size-medium wp-image-68103 aligncenter\" src=\"https:\/\/dutchhealthstore.com\/wp-content\/uploads\/2018\/02\/Living-Libations-Organic-Logo-800x89.png\" alt=\"Living Libations - Organic Logo\" width=\"800\" height=\"89\" srcset=\"https:\/\/dutchhealthstore.com\/wp-content\/uploads\/2018\/02\/Living-Libations-Organic-Logo-800x89.png 800w, https:\/\/dutchhealthstore.com\/wp-content\/uploads\/2018\/02\/Living-Libations-Organic-Logo-510x57.png 510w, https:\/\/dutchhealthstore.com\/wp-content\/uploads\/2018\/02\/Living-Libations-Organic-Logo-768x85.png 768w, https:\/\/dutchhealthstore.com\/wp-content\/uploads\/2018\/02\/Living-Libations-Organic-Logo.png 1400w\" sizes=\"(max-width: 800px) 100vw, 800px\" \/><\/p>\n","protected":false},"excerpt":{"rendered":"<p>Tere babybilletjes en een zacht pasgeboren huidje verdienen het zuiverste van het zuiverste. Red de dag met Living Libations <strong>Jai Baby Balm<\/strong>, een verzachtende barri\u00e8re die droge, ruwe en rode plekjes laat vervagen. <strong>Jai Baby Balm<\/strong> is een tedere mix van de zuiverste, meest beschermende ingredi\u00ebnten. Biologische, kindvriendelijke essenti\u00eble oli\u00ebn zijn gewikkeld in de versterkende omhelzing van troostende calendula en weldadige bijenwas, waardoor de babyhuid perfect gehydrateerd wordt onder een beschermende barri\u00e8re. Overal aanbrengen waar de huid wat tedere, liefdevolle zorg nodig heeft.<\/p>\n","protected":false},"featured_media":92621,"comment_status":"open","ping_status":"closed","template":"","meta":[],"product_brand":[],"product_cat":[1497,6750,6638,1208,1006,5001,510],"product_tag":[21937,6168,21389,21807,9715],"class_list":{"0":"post-110272","1":"product","2":"type-product","3":"status-publish","4":"has-post-thumbnail","6":"product_cat-baby-en-kind-living-libations","7":"product_cat-babies-pregnancy-nl-2","8":"product_cat-family-nl","9":"product_cat-living-libations-nederland","10":"product_cat-merken","11":"product_cat-by-collections-nl-2","12":"product_cat-shop-winkel","13":"product_tag-baby-nl","14":"product_tag-balm-nl","15":"product_tag-lichaam","16":"product_tag-natural-nl","17":"product_tag-soothing-nl","18":"pa_brand-livinglibations-nl","19":"pa_gtin-7439657275227-nl-3","20":"pa_size-30-ml-nl","21":"pa_size-50-ml-nl","23":"first","24":"instock","25":"taxable","26":"shipping-taxable","27":"purchasable","28":"product-type-variable"},"bundled_by":[],"bundle_stock_status":"instock","bundle_stock_quantity":null,"bundle_virtual":false,"bundle_layout":"","bundle_add_to_cart_form_location":"","bundle_editable_in_cart":false,"bundle_sold_individually_context":"","bundle_item_grouping":"","bundle_min_size":"","bundle_max_size":"","bundle_price":[],"bundled_items":[],"bundle_sell_ids":[107424],"atum_controlled":true,"out_stock_date":null,"out_stock_threshold":null,"inheritable":true,"stock_on_hold":0,"sold_today":0,"sales_last_days":0,"out_stock_days":0,"lost_sales":0,"update_date":"2026-04-19T00:05:50","atum_locations":[],"atum_stock_status":"instock","restock_status":false,"low_stock_amount":"","sales_update_date":"2026-04-19T00:05:50","calc_backorders":null,"group_of_quantity":0,"min_quantity":0,"max_quantity":"","exclude_order_quantity_value_rules":"no","exclude_category_quantity_rules":"no","combine_variations":"no","yoast_head":"<!-- This site is optimized with the Yoast SEO Premium plugin v26.5 (Yoast SEO v26.5) - https:\/\/yoast.com\/wordpress\/plugins\/seo\/ -->\n<title>Jai Baby Balm | Living Libations<\/title>\n<meta name=\"description\" content=\"Tere babybilletjes en een zacht pasgeboren huidje verdienen het zuiverste van het zuiverste. Red de dag met Living Libations Jai Baby Balm, een verzachtende barri\u00e8re die droge, ruwe en rode plekken doet vervagen.\" \/>\n<meta name=\"robots\" content=\"index, follow, max-snippet:-1, max-image-preview:large, max-video-preview:-1\" \/>\n<link rel=\"canonical\" href=\"https:\/\/dutchhealthstore.com\/nl\/product\/jai-baby-balm\/\" \/>\n<meta property=\"og:locale\" content=\"nl_NL\" \/>\n<meta property=\"og:type\" content=\"article\" \/>\n<meta property=\"og:title\" content=\"Jai Baby Balm - Dutch Health Store\" \/>\n<meta property=\"og:description\" content=\"Tere babybilletjes en een zacht pasgeboren huidje verdienen het zuiverste van het zuiverste. Red de dag met Living Libations Jai Baby Balm, een verzachtende barri\u00e8re die droge, ruwe en rode plekken doet vervagen.\" \/>\n<meta property=\"og:url\" content=\"https:\/\/dutchhealthstore.com\/nl\/product\/jai-baby-balm\/\" \/>\n<meta property=\"og:site_name\" content=\"Dutch Health Store\" \/>\n<meta property=\"article:publisher\" content=\"https:\/\/www.instagram.com\/dutchhealthstore\/\" \/>\n<meta property=\"article:modified_time\" content=\"2026-04-06T12:40:19+00:00\" \/>\n<meta property=\"og:image\" content=\"https:\/\/dutchhealthstore.com\/wp-content\/uploads\/2020\/02\/Living-Libations-Jai-Baby-Balm-1.jpg\" \/>\n\t<meta property=\"og:image:width\" content=\"1200\" \/>\n\t<meta property=\"og:image:height\" content=\"1200\" \/>\n\t<meta property=\"og:image:type\" content=\"image\/jpeg\" \/>\n<meta name=\"twitter:card\" content=\"summary_large_image\" \/>\n<meta name=\"twitter:label1\" content=\"Beschikbaarheid\" \/>\n\t<meta name=\"twitter:data1\" content=\"Op voorraad\" \/>\n<script type=\"application\/ld+json\" class=\"yoast-schema-graph\">{\"@context\":\"https:\/\/schema.org\",\"@graph\":[{\"@type\":\"WebPage\",\"@id\":\"https:\/\/dutchhealthstore.com\/nl\/product\/jai-baby-balm\/\",\"url\":\"https:\/\/dutchhealthstore.com\/nl\/product\/jai-baby-balm\/\",\"name\":\"Jai Baby Balm | Living Libations\",\"isPartOf\":{\"@id\":\"https:\/\/dutchhealthstore.com\/nl\/#website\"},\"primaryImageOfPage\":{\"@id\":\"https:\/\/dutchhealthstore.com\/nl\/product\/jai-baby-balm\/#primaryimage\"},\"image\":{\"@id\":\"https:\/\/dutchhealthstore.com\/nl\/product\/jai-baby-balm\/#primaryimage\"},\"thumbnailUrl\":\"https:\/\/dutchhealthstore.com\/wp-content\/uploads\/2020\/02\/Living-Libations-Jai-Baby-Balm-1.jpg\",\"datePublished\":\"2020-02-06T10:44:42+00:00\",\"dateModified\":\"2026-04-06T12:40:19+00:00\",\"description\":\"Tere babybilletjes en een zacht pasgeboren huidje verdienen het zuiverste van het zuiverste. Red de dag met Living Libations Jai Baby Balm, een verzachtende barri\u00e8re die droge, ruwe en rode plekken doet vervagen.\",\"breadcrumb\":{\"@id\":\"https:\/\/dutchhealthstore.com\/nl\/product\/jai-baby-balm\/#breadcrumb\"},\"inLanguage\":\"nl-NL\",\"potentialAction\":[{\"@type\":\"ReadAction\",\"target\":[\"https:\/\/dutchhealthstore.com\/nl\/product\/jai-baby-balm\/\"]}]},{\"@type\":\"ImageObject\",\"inLanguage\":\"nl-NL\",\"@id\":\"https:\/\/dutchhealthstore.com\/nl\/product\/jai-baby-balm\/#primaryimage\",\"url\":\"https:\/\/dutchhealthstore.com\/wp-content\/uploads\/2020\/02\/Living-Libations-Jai-Baby-Balm-1.jpg\",\"contentUrl\":\"https:\/\/dutchhealthstore.com\/wp-content\/uploads\/2020\/02\/Living-Libations-Jai-Baby-Balm-1.jpg\",\"width\":1200,\"height\":1200,\"caption\":\"Living Libations - Jai Baby Balm 1\"},{\"@type\":\"BreadcrumbList\",\"@id\":\"https:\/\/dutchhealthstore.com\/nl\/product\/jai-baby-balm\/#breadcrumb\",\"itemListElement\":[{\"@type\":\"ListItem\",\"position\":1,\"name\":\"Home\",\"item\":\"https:\/\/dutchhealthstore.com\/nl\/\"},{\"@type\":\"ListItem\",\"position\":2,\"name\":\"Shop\",\"item\":\"https:\/\/dutchhealthstore.com\/nl\/shop\/\"},{\"@type\":\"ListItem\",\"position\":3,\"name\":\"Jai Baby Balm\"}]},{\"@type\":\"WebSite\",\"@id\":\"https:\/\/dutchhealthstore.com\/nl\/#website\",\"url\":\"https:\/\/dutchhealthstore.com\/nl\/\",\"name\":\"Dutch Health Store\",\"description\":\"Enhance Your Beauty with Organic &amp; Natural Skincare\",\"publisher\":{\"@id\":\"https:\/\/dutchhealthstore.com\/nl\/#organization\"},\"potentialAction\":[{\"@type\":\"SearchAction\",\"target\":{\"@type\":\"EntryPoint\",\"urlTemplate\":\"https:\/\/dutchhealthstore.com\/nl\/?s={search_term_string}\"},\"query-input\":{\"@type\":\"PropertyValueSpecification\",\"valueRequired\":true,\"valueName\":\"search_term_string\"}}],\"inLanguage\":\"nl-NL\"},{\"@type\":\"Organization\",\"@id\":\"https:\/\/dutchhealthstore.com\/nl\/#organization\",\"name\":\"Dutch Health Store\",\"url\":\"https:\/\/dutchhealthstore.com\/nl\/\",\"logo\":{\"@type\":\"ImageObject\",\"inLanguage\":\"nl-NL\",\"@id\":\"https:\/\/dutchhealthstore.com\/nl\/#\/schema\/logo\/image\/\",\"url\":\"https:\/\/dutchhealthstore.com\/wp-content\/uploads\/2020\/08\/logo-dutchhealthstore-jpg-e1599484957574.jpg\",\"contentUrl\":\"https:\/\/dutchhealthstore.com\/wp-content\/uploads\/2020\/08\/logo-dutchhealthstore-jpg-e1599484957574.jpg\",\"width\":400,\"height\":62,\"caption\":\"Dutch Health Store\"},\"image\":{\"@id\":\"https:\/\/dutchhealthstore.com\/nl\/#\/schema\/logo\/image\/\"},\"sameAs\":[\"https:\/\/www.instagram.com\/dutchhealthstore\/\",\"https:\/\/www.facebook.com\/dutchhealthstore\"]}]}<\/script>\n<meta property=\"product:brand\" content=\"Living Libations\" \/>\n<meta property=\"og:availability\" content=\"instock\" \/>\n<meta property=\"product:availability\" content=\"instock\" \/>\n<meta property=\"product:condition\" content=\"new\" \/>\n<!-- \/ Yoast SEO Premium plugin. -->","yoast_head_json":{"title":"Jai Baby Balm | Living Libations","description":"Tere babybilletjes en een zacht pasgeboren huidje verdienen het zuiverste van het zuiverste. Red de dag met Living Libations Jai Baby Balm, een verzachtende barri\u00e8re die droge, ruwe en rode plekken doet vervagen.","robots":{"index":"index","follow":"follow","max-snippet":"max-snippet:-1","max-image-preview":"max-image-preview:large","max-video-preview":"max-video-preview:-1"},"canonical":"https:\/\/dutchhealthstore.com\/nl\/product\/jai-baby-balm\/","og_locale":"nl_NL","og_type":"article","og_title":"Jai Baby Balm - Dutch Health Store","og_description":"Tere babybilletjes en een zacht pasgeboren huidje verdienen het zuiverste van het zuiverste. Red de dag met Living Libations Jai Baby Balm, een verzachtende barri\u00e8re die droge, ruwe en rode plekken doet vervagen.","og_url":"https:\/\/dutchhealthstore.com\/nl\/product\/jai-baby-balm\/","og_site_name":"Dutch Health Store","article_publisher":"https:\/\/www.instagram.com\/dutchhealthstore\/","article_modified_time":"2026-04-06T12:40:19+00:00","og_image":[{"width":1200,"height":1200,"url":"https:\/\/dutchhealthstore.com\/wp-content\/uploads\/2020\/02\/Living-Libations-Jai-Baby-Balm-1.jpg","type":"image\/jpeg"}],"twitter_card":"summary_large_image","twitter_misc":{"Beschikbaarheid":"Op voorraad"},"schema":{"@context":"https:\/\/schema.org","@graph":[{"@type":"WebPage","@id":"https:\/\/dutchhealthstore.com\/nl\/product\/jai-baby-balm\/","url":"https:\/\/dutchhealthstore.com\/nl\/product\/jai-baby-balm\/","name":"Jai Baby Balm | Living Libations","isPartOf":{"@id":"https:\/\/dutchhealthstore.com\/nl\/#website"},"primaryImageOfPage":{"@id":"https:\/\/dutchhealthstore.com\/nl\/product\/jai-baby-balm\/#primaryimage"},"image":{"@id":"https:\/\/dutchhealthstore.com\/nl\/product\/jai-baby-balm\/#primaryimage"},"thumbnailUrl":"https:\/\/dutchhealthstore.com\/wp-content\/uploads\/2020\/02\/Living-Libations-Jai-Baby-Balm-1.jpg","datePublished":"2020-02-06T10:44:42+00:00","dateModified":"2026-04-06T12:40:19+00:00","description":"Tere babybilletjes en een zacht pasgeboren huidje verdienen het zuiverste van het zuiverste. Red de dag met Living Libations Jai Baby Balm, een verzachtende barri\u00e8re die droge, ruwe en rode plekken doet vervagen.","breadcrumb":{"@id":"https:\/\/dutchhealthstore.com\/nl\/product\/jai-baby-balm\/#breadcrumb"},"inLanguage":"nl-NL","potentialAction":[{"@type":"ReadAction","target":["https:\/\/dutchhealthstore.com\/nl\/product\/jai-baby-balm\/"]}]},{"@type":"ImageObject","inLanguage":"nl-NL","@id":"https:\/\/dutchhealthstore.com\/nl\/product\/jai-baby-balm\/#primaryimage","url":"https:\/\/dutchhealthstore.com\/wp-content\/uploads\/2020\/02\/Living-Libations-Jai-Baby-Balm-1.jpg","contentUrl":"https:\/\/dutchhealthstore.com\/wp-content\/uploads\/2020\/02\/Living-Libations-Jai-Baby-Balm-1.jpg","width":1200,"height":1200,"caption":"Living Libations - Jai Baby Balm 1"},{"@type":"BreadcrumbList","@id":"https:\/\/dutchhealthstore.com\/nl\/product\/jai-baby-balm\/#breadcrumb","itemListElement":[{"@type":"ListItem","position":1,"name":"Home","item":"https:\/\/dutchhealthstore.com\/nl\/"},{"@type":"ListItem","position":2,"name":"Shop","item":"https:\/\/dutchhealthstore.com\/nl\/shop\/"},{"@type":"ListItem","position":3,"name":"Jai Baby Balm"}]},{"@type":"WebSite","@id":"https:\/\/dutchhealthstore.com\/nl\/#website","url":"https:\/\/dutchhealthstore.com\/nl\/","name":"Dutch Health Store","description":"Enhance Your Beauty with Organic &amp; Natural Skincare","publisher":{"@id":"https:\/\/dutchhealthstore.com\/nl\/#organization"},"potentialAction":[{"@type":"SearchAction","target":{"@type":"EntryPoint","urlTemplate":"https:\/\/dutchhealthstore.com\/nl\/?s={search_term_string}"},"query-input":{"@type":"PropertyValueSpecification","valueRequired":true,"valueName":"search_term_string"}}],"inLanguage":"nl-NL"},{"@type":"Organization","@id":"https:\/\/dutchhealthstore.com\/nl\/#organization","name":"Dutch Health Store","url":"https:\/\/dutchhealthstore.com\/nl\/","logo":{"@type":"ImageObject","inLanguage":"nl-NL","@id":"https:\/\/dutchhealthstore.com\/nl\/#\/schema\/logo\/image\/","url":"https:\/\/dutchhealthstore.com\/wp-content\/uploads\/2020\/08\/logo-dutchhealthstore-jpg-e1599484957574.jpg","contentUrl":"https:\/\/dutchhealthstore.com\/wp-content\/uploads\/2020\/08\/logo-dutchhealthstore-jpg-e1599484957574.jpg","width":400,"height":62,"caption":"Dutch Health Store"},"image":{"@id":"https:\/\/dutchhealthstore.com\/nl\/#\/schema\/logo\/image\/"},"sameAs":["https:\/\/www.instagram.com\/dutchhealthstore\/","https:\/\/www.facebook.com\/dutchhealthstore"]}]},"product_brand":"Living Libations","og_availability":"instock","product_availability":"instock","product_condition":"new"},"_links":{"self":[{"href":"https:\/\/dutchhealthstore.com\/nl\/wp-json\/wp\/v2\/product\/110272","targetHints":{"allow":["GET"]}}],"collection":[{"href":"https:\/\/dutchhealthstore.com\/nl\/wp-json\/wp\/v2\/product"}],"about":[{"href":"https:\/\/dutchhealthstore.com\/nl\/wp-json\/wp\/v2\/types\/product"}],"replies":[{"embeddable":true,"href":"https:\/\/dutchhealthstore.com\/nl\/wp-json\/wp\/v2\/comments?post=110272"}],"wp:featuredmedia":[{"embeddable":true,"href":"https:\/\/dutchhealthstore.com\/nl\/wp-json\/wp\/v2\/media\/92621"}],"wp:attachment":[{"href":"https:\/\/dutchhealthstore.com\/nl\/wp-json\/wp\/v2\/media?parent=110272"}],"wp:term":[{"taxonomy":"product_brand","embeddable":true,"href":"https:\/\/dutchhealthstore.com\/nl\/wp-json\/wp\/v2\/product_brand?post=110272"},{"taxonomy":"product_cat","embeddable":true,"href":"https:\/\/dutchhealthstore.com\/nl\/wp-json\/wp\/v2\/product_cat?post=110272"},{"taxonomy":"product_tag","embeddable":true,"href":"https:\/\/dutchhealthstore.com\/nl\/wp-json\/wp\/v2\/product_tag?post=110272"}],"curies":[{"name":"wp","href":"https:\/\/api.w.org\/{rel}","templated":true}]}}