{"id":107419,"date":"2018-02-10T19:20:05","date_gmt":"2018-02-10T18:20:05","guid":{"rendered":"https:\/\/dutchhealthstore.com\/product\/open-sky-eye-serum\/"},"modified":"2026-04-10T19:19:58","modified_gmt":"2026-04-10T17:19:58","slug":"open-sky-eye-serum","status":"publish","type":"product","link":"https:\/\/dutchhealthstore.com\/nl\/product\/open-sky-eye-serum\/","title":{"rendered":"Open Sky Eye Serum"},"content":{"rendered":"<p><strong><img decoding=\"async\" class=\"size-full wp-image-37041 alignright\" src=\"https:\/\/dutchhealthstore.com\/wp-content\/uploads\/2018\/04\/Living_Libations-1.png\" alt=\"Organic &amp; Natural Beautyproducts - Living Libations\" width=\"175\" height=\"82\"><\/strong><\/p>\n<p>Kalmeer de vensters van uw ziel met vrolijkheid en mysterie, terwijl u zich onderdompelt in het botanische universum van ons<strong>Open Sky Eye Serum<\/strong>. Nu met een Rozenkwarts roller ball in onze 5ml en 10ml roll on applicators! Behalve dat deze edelsteen de kers op de top van een toch al geweldige Libation is, is Rozenkwarts een prachtige, evenwichtherstellende roze silicasteen die resoneert met het hartchakra.<\/p>\n<p>Vergeet fijne lijntjes, gezwollen ogen, donkere kringen en een verslapte huid. Revitaliseer de tere weefsels rond uw verleidelijke ogen met <strong>Open Sky Eye Serum<\/strong>. De toegewijde blik van deze verkoelende, verjongende dauw kalmeert de oogzone, de wenkbrauwen en de pijnappelklier. Zegen de tere oogweefsels met de ware kracht van <strong>Open Sky Eye Serum<\/strong>. Sta wijd open voor het wonder en de vreugde van het leven en laat je prachtige ogen stralen!<\/p>\n<h3>Gebruiksaanwijzing<\/h3>\n<p>Gebruik de druppelaar om een weelderige druppel op uw handpalm aan te brengen. Klop het serum met uw vingertoppen zachtjes rond het oog. Super om alleen te gebruiken of aan te brengen met de diep hydraterende All Seeing Eye Cream. Over gezicht en hals strijken om de verkoelende botanische voordelen van mooi te benutten. Uitstekend onder make-up.<\/p>\n<h3 class=\"yikes-custom-woo-tab-title yikes-custom-woo-tab-title-natural-organic-ingredients\">Natuurlijke\/Biologische Ingredi\u00ebnten<\/h3>\n<p><strong>Jojoba<\/strong><em>(Simmondsia chinensis<\/em>) &#8211; Glorieuze, gouden jojoba voedt en verzorgt de dorstige huid. Jojoba heeft een onge\u00ebvenaard vermogen om de huid te hydrateren, de olieproductie in balans te brengen, de pori\u00ebn diep te reinigen en een langdurige conditionerende werking te cre\u00ebren die de huid verzacht tot perfecte zijde. Het zit boordevol peptiden en lipiden en bevat de hoogste niveaus van fenolische verbindingen die in de natuur voorkomen, samen met voedingsstoffen en alle oplosbare vormen van vitamine E!<\/p>\n<p><strong>Virgin kokosnoot<\/strong><strong> <\/strong><em>(Cocos nucifera)<\/em> \u2013 Virgin kokosolie smelt vocht in de huid, waardoor rimpels en fijne lijntjes minder zichtbaar worden en de elasticiteit toeneemt. Kokosolie wordt gebruikt om de huid te beschermen tegen de schadelijke effecten van blootstelling aan de omgeving.<\/p>\n<p><strong>Wierook<\/strong><strong> <\/strong><em>(Boswellia carterii)<\/em><em> <\/em>\u2013 Heilige wierook is de pi\u00e8ce de r\u00e9sistance van de huidverzorging! Het ontspant roodheid, verstevigt de huid, minimaliseert fijne lijntjes en voorziet de huid van overvloedig vocht. Het is ook geweldig voor het verminderen van ouderdomsvlekken.<\/p>\n<p><strong>Roos Otto<\/strong><em>(Rosa Damascena)<\/em><em>&#8211;<\/em>Onze verrukkelijke roos Otto voegt veerkracht en elasticiteit toe aan de tere huid onder de ogen.<\/p>\n<p><strong>Pepermunt <\/strong><strong><em>(Mentha piperita)<\/em><strong><\/strong><\/strong><strong> <\/strong>&#8211; Pepermunt heeft een frisse munt en krachtige anti-wallen eigenschappen en kalmeert en verkoelt de huid en de zintuigen. Deze olie helpt de ogen echt om &#8217;s morgens vroeg wakker te worden.<\/p>\n<p><strong>Blauwe viooltjes<\/strong><strong> <\/strong><em>(Tanacetum annuum)<\/em> &#8211; Deze diepblauwe olie, rijk aan verkoelend azuleen, bevordert de ontspanning terwijl wallen onder de ogen worden weggewerkt. Het kalmeert ook de gevoelige huid. Blue Tansy is een charismatische neef van de kalmerende kamille en staat bekend om zijn weldadige aroma. Het verlicht en verbetert het aanzien van donkere kringen onder de ogen.<\/p>\n<p><strong>Kaapse kamille<\/strong><strong> <\/strong><em>(Eriocephalus punctulatus) <\/em>\u2013 Kaapse kamille is een van onze favoriete en meest populaire Libations! Het revitaliseert en verfrist de huid. De blauwe tint biedt een verkoelende cocktail die roodheid ontspant en zowel de huid als de geest tot rust brengt. Deze opbeurende essenti\u00eble olie verspreidt een mooie, fijne fruitig-bloemige geur die een van mijn favoriete aroma&#8217;s is.<\/p>\n<p><strong>Duitse kamille <\/strong><strong> <\/strong><em>(Matricaria chamomilla)<\/em> &#8211;<strong> <\/strong> Duitse kamille is een geliefd blauw kamille-essence gedestilleerd uit bloemen die in de vroege ochtenduren worden geoogst voor het krachtigste extract. Met zijn inktblauwe tint bevat het hoge hoeveelheden chamazuleen die deze distillatie een diep oceaanblauwe kleur geven, en dwingende verkoelende en kalmerende eigenschappen.<\/p>\n<p><strong>Lavendel<\/strong><strong> <\/strong><em>(Lavandula angustifolia) \u2013 <\/em><strong> <\/strong> Heerlijke lavendel is een zacht maar krachtig huidversterkend middel dat herstellend en kalmerend werkt. Het ontspant roodheid en koelt hitte af. Lavendel kan worden gebruikt om het uiterlijk van littekens te verbeteren, de huidtint te egaliseren, de naar acne neigende huid te reinigen en het talggehalte van de huid in evenwicht te brengen.<\/p>\n<p><strong>Zoete tijm<\/strong><strong> <\/strong><em>(Thymus linalool)<\/em><em> <\/em> <strong><em>\u2013<\/em><\/strong><strong>Tijm is even sterk als zacht!<\/strong> Het bevat alle versterkende en verstevigende kracht van de andere soorten oli\u00ebn zonder irritatie te veroorzaken, omdat het de pori\u00ebn zuivert. Zoete tijm is rijk aan linalool, waardoor het een kostbaar ingredi\u00ebnt is in onze sublieme huidverzorgingsserums.<\/p>\n<p><img fetchpriority=\"high\" decoding=\"async\" class=\"size-full wp-image-31577 aligncenter\" src=\"https:\/\/dutchhealthstore.com\/wp-content\/uploads\/2018\/03\/organic_big.png\" alt=\"Organic and Natural - Living Libations\" width=\"623\" height=\"103\" srcset=\"https:\/\/dutchhealthstore.com\/wp-content\/uploads\/2018\/03\/organic_big.png 623w, https:\/\/dutchhealthstore.com\/wp-content\/uploads\/2018\/03\/organic_big-510x84.png 510w, https:\/\/dutchhealthstore.com\/wp-content\/uploads\/2018\/03\/organic_big-600x99.png 600w, https:\/\/dutchhealthstore.com\/wp-content\/uploads\/2018\/03\/organic_big-350x58.png 350w\" sizes=\"(max-width: 623px) 100vw, 623px\" \/><\/p>\n","protected":false},"excerpt":{"rendered":"<p>Schreeuwt de huid rond je ogen om wat snelle TLC? Of je nu laat uit was op een verrukkelijke date, een vroege ochtenddienst hebt, of een kalmerend aftreksel nodig hebt voor je volgende Instagram, deze verstevigende, toning en verkwikkende mix zal je ogen weer laten sprankelen!<\/p>\n<p><strong>Open Sky Eye Serum<\/strong> is een verjongend serum voor vermoeide ogen, gezwollen huid, donkere kringen en fijne lijntjes. Deze trouwe vriend versterkt, verfrist en tonifieert de tere huid onder de ogen met de koele, blauwe verstevigende vloeistof van pure plantaardige botanische ingredi\u00ebnten, en cre\u00ebert een superverzadiging van organische hydratatie.<\/p>\n","protected":false},"featured_media":120136,"comment_status":"open","ping_status":"closed","template":"","meta":[],"product_brand":[],"product_cat":[1029,2989,14731,1208,1514,1006,5894,5925,5001,510],"product_tag":[9923,9602,3799,9715],"class_list":{"0":"post-107419","1":"product","2":"type-product","3":"status-publish","4":"has-post-thumbnail","6":"product_cat-categorieen","7":"product_cat-gezicht","8":"product_cat-huidverzorging","9":"product_cat-living-libations-nederland","10":"product_cat-man-living-libations","11":"product_cat-merken","12":"product_cat-eye-lip-care-nl","13":"product_cat-eye-care-nl-3","14":"product_cat-by-collections-nl-2","15":"product_cat-shop-winkel","16":"product_tag-eye-nl","17":"product_tag-hydrating-nl","18":"product_tag-serum-nl","19":"product_tag-soothing-nl","20":"pa_bestsellers-goed-nl","21":"pa_bestsellers-uitstekend-nl","22":"pa_brand-livinglibations-nl","23":"pa_gtin-7439657335327-nl","24":"pa_size-10-ml-nl","25":"pa_size-30-ml-nl","26":"pa_size-5-ml-nl","27":"pa_size-60-ml-refill-nl","28":"pa_skincare-type-lips-eye-care-nl","30":"first","31":"instock","32":"taxable","33":"shipping-taxable","34":"purchasable","35":"product-type-variable"},"bundled_by":[],"bundle_stock_status":"instock","bundle_stock_quantity":null,"bundle_virtual":false,"bundle_layout":"","bundle_add_to_cart_form_location":"","bundle_editable_in_cart":false,"bundle_sold_individually_context":"","bundle_item_grouping":"","bundle_min_size":"","bundle_max_size":"","bundle_price":[],"bundled_items":[],"bundle_sell_ids":[107777],"atum_controlled":true,"out_stock_date":null,"out_stock_threshold":null,"inheritable":true,"stock_on_hold":3,"sold_today":0,"sales_last_days":1,"out_stock_days":0,"lost_sales":0,"update_date":"2026-04-13T07:21:21","atum_locations":[],"atum_stock_status":"instock","restock_status":false,"low_stock_amount":"","sales_update_date":"2026-04-13T07:21:21","calc_backorders":null,"group_of_quantity":0,"min_quantity":0,"max_quantity":"","exclude_order_quantity_value_rules":"no","exclude_category_quantity_rules":"no","combine_variations":"no","yoast_head":"<!-- This site is optimized with the Yoast SEO Premium plugin v26.5 (Yoast SEO v26.5) - https:\/\/yoast.com\/wordpress\/plugins\/seo\/ -->\n<title>Open Sky Eye Serum | Living Libations<\/title>\n<meta name=\"description\" content=\"Open Sky Eye Serum is een verjongend serum voor vermoeide ogen, gezwollen huid, donkere kringen en fijne lijntjes.\" \/>\n<meta name=\"robots\" content=\"index, follow, max-snippet:-1, max-image-preview:large, max-video-preview:-1\" \/>\n<link rel=\"canonical\" href=\"https:\/\/dutchhealthstore.com\/nl\/product\/open-sky-eye-serum\/\" \/>\n<meta property=\"og:locale\" content=\"nl_NL\" \/>\n<meta property=\"og:type\" content=\"article\" \/>\n<meta property=\"og:title\" content=\"Open Sky Eye Serum - Dutch Health Store\" \/>\n<meta property=\"og:description\" content=\"Open Sky Eye Serum is een verjongend serum voor vermoeide ogen, gezwollen huid, donkere kringen en fijne lijntjes.\" \/>\n<meta property=\"og:url\" content=\"https:\/\/dutchhealthstore.com\/nl\/product\/open-sky-eye-serum\/\" \/>\n<meta property=\"og:site_name\" content=\"Dutch Health Store\" \/>\n<meta property=\"article:publisher\" content=\"https:\/\/www.instagram.com\/dutchhealthstore\/\" \/>\n<meta property=\"article:modified_time\" content=\"2026-04-10T17:19:58+00:00\" \/>\n<meta property=\"og:image\" content=\"https:\/\/dutchhealthstore.com\/wp-content\/uploads\/2018\/02\/Open-Sky-Eye-Serum-Living-Libations-e1597927407754.jpg\" \/>\n\t<meta property=\"og:image:width\" content=\"500\" \/>\n\t<meta property=\"og:image:height\" content=\"500\" \/>\n\t<meta property=\"og:image:type\" content=\"image\/jpeg\" \/>\n<meta name=\"twitter:card\" content=\"summary_large_image\" \/>\n<meta name=\"twitter:label1\" content=\"Beschikbaarheid\" \/>\n\t<meta name=\"twitter:data1\" content=\"Op voorraad\" \/>\n<script type=\"application\/ld+json\" class=\"yoast-schema-graph\">{\"@context\":\"https:\/\/schema.org\",\"@graph\":[{\"@type\":\"WebPage\",\"@id\":\"https:\/\/dutchhealthstore.com\/nl\/product\/open-sky-eye-serum\/\",\"url\":\"https:\/\/dutchhealthstore.com\/nl\/product\/open-sky-eye-serum\/\",\"name\":\"Open Sky Eye Serum | Living Libations\",\"isPartOf\":{\"@id\":\"https:\/\/dutchhealthstore.com\/nl\/#website\"},\"primaryImageOfPage\":{\"@id\":\"https:\/\/dutchhealthstore.com\/nl\/product\/open-sky-eye-serum\/#primaryimage\"},\"image\":{\"@id\":\"https:\/\/dutchhealthstore.com\/nl\/product\/open-sky-eye-serum\/#primaryimage\"},\"thumbnailUrl\":\"https:\/\/dutchhealthstore.com\/wp-content\/uploads\/2018\/02\/Open-Sky-Eye-Serum-Living-Libations-e1597927407754.jpg\",\"datePublished\":\"2018-02-10T18:20:05+00:00\",\"dateModified\":\"2026-04-10T17:19:58+00:00\",\"description\":\"Open Sky Eye Serum is een verjongend serum voor vermoeide ogen, gezwollen huid, donkere kringen en fijne lijntjes.\",\"breadcrumb\":{\"@id\":\"https:\/\/dutchhealthstore.com\/nl\/product\/open-sky-eye-serum\/#breadcrumb\"},\"inLanguage\":\"nl-NL\",\"potentialAction\":[{\"@type\":\"ReadAction\",\"target\":[\"https:\/\/dutchhealthstore.com\/nl\/product\/open-sky-eye-serum\/\"]}]},{\"@type\":\"ImageObject\",\"inLanguage\":\"nl-NL\",\"@id\":\"https:\/\/dutchhealthstore.com\/nl\/product\/open-sky-eye-serum\/#primaryimage\",\"url\":\"https:\/\/dutchhealthstore.com\/wp-content\/uploads\/2018\/02\/Open-Sky-Eye-Serum-Living-Libations-e1597927407754.jpg\",\"contentUrl\":\"https:\/\/dutchhealthstore.com\/wp-content\/uploads\/2018\/02\/Open-Sky-Eye-Serum-Living-Libations-e1597927407754.jpg\",\"width\":500,\"height\":500,\"caption\":\"Open Sky Eye Serum Living Libations\"},{\"@type\":\"BreadcrumbList\",\"@id\":\"https:\/\/dutchhealthstore.com\/nl\/product\/open-sky-eye-serum\/#breadcrumb\",\"itemListElement\":[{\"@type\":\"ListItem\",\"position\":1,\"name\":\"Home\",\"item\":\"https:\/\/dutchhealthstore.com\/nl\/\"},{\"@type\":\"ListItem\",\"position\":2,\"name\":\"Shop\",\"item\":\"https:\/\/dutchhealthstore.com\/nl\/shop\/\"},{\"@type\":\"ListItem\",\"position\":3,\"name\":\"Open Sky Eye Serum\"}]},{\"@type\":\"WebSite\",\"@id\":\"https:\/\/dutchhealthstore.com\/nl\/#website\",\"url\":\"https:\/\/dutchhealthstore.com\/nl\/\",\"name\":\"Dutch Health Store\",\"description\":\"Enhance Your Beauty with Organic &amp; Natural Skincare\",\"publisher\":{\"@id\":\"https:\/\/dutchhealthstore.com\/nl\/#organization\"},\"potentialAction\":[{\"@type\":\"SearchAction\",\"target\":{\"@type\":\"EntryPoint\",\"urlTemplate\":\"https:\/\/dutchhealthstore.com\/nl\/?s={search_term_string}\"},\"query-input\":{\"@type\":\"PropertyValueSpecification\",\"valueRequired\":true,\"valueName\":\"search_term_string\"}}],\"inLanguage\":\"nl-NL\"},{\"@type\":\"Organization\",\"@id\":\"https:\/\/dutchhealthstore.com\/nl\/#organization\",\"name\":\"Dutch Health Store\",\"url\":\"https:\/\/dutchhealthstore.com\/nl\/\",\"logo\":{\"@type\":\"ImageObject\",\"inLanguage\":\"nl-NL\",\"@id\":\"https:\/\/dutchhealthstore.com\/nl\/#\/schema\/logo\/image\/\",\"url\":\"https:\/\/dutchhealthstore.com\/wp-content\/uploads\/2020\/08\/logo-dutchhealthstore-jpg-e1599484957574.jpg\",\"contentUrl\":\"https:\/\/dutchhealthstore.com\/wp-content\/uploads\/2020\/08\/logo-dutchhealthstore-jpg-e1599484957574.jpg\",\"width\":400,\"height\":62,\"caption\":\"Dutch Health Store\"},\"image\":{\"@id\":\"https:\/\/dutchhealthstore.com\/nl\/#\/schema\/logo\/image\/\"},\"sameAs\":[\"https:\/\/www.instagram.com\/dutchhealthstore\/\",\"https:\/\/www.facebook.com\/dutchhealthstore\"]}]}<\/script>\n<meta property=\"product:brand\" content=\"Living Libations\" \/>\n<meta property=\"og:availability\" content=\"instock\" \/>\n<meta property=\"product:availability\" content=\"instock\" \/>\n<meta property=\"product:condition\" content=\"new\" \/>\n<!-- \/ Yoast SEO Premium plugin. -->","yoast_head_json":{"title":"Open Sky Eye Serum | Living Libations","description":"Open Sky Eye Serum is een verjongend serum voor vermoeide ogen, gezwollen huid, donkere kringen en fijne lijntjes.","robots":{"index":"index","follow":"follow","max-snippet":"max-snippet:-1","max-image-preview":"max-image-preview:large","max-video-preview":"max-video-preview:-1"},"canonical":"https:\/\/dutchhealthstore.com\/nl\/product\/open-sky-eye-serum\/","og_locale":"nl_NL","og_type":"article","og_title":"Open Sky Eye Serum - Dutch Health Store","og_description":"Open Sky Eye Serum is een verjongend serum voor vermoeide ogen, gezwollen huid, donkere kringen en fijne lijntjes.","og_url":"https:\/\/dutchhealthstore.com\/nl\/product\/open-sky-eye-serum\/","og_site_name":"Dutch Health Store","article_publisher":"https:\/\/www.instagram.com\/dutchhealthstore\/","article_modified_time":"2026-04-10T17:19:58+00:00","og_image":[{"width":500,"height":500,"url":"https:\/\/dutchhealthstore.com\/wp-content\/uploads\/2018\/02\/Open-Sky-Eye-Serum-Living-Libations-e1597927407754.jpg","type":"image\/jpeg"}],"twitter_card":"summary_large_image","twitter_misc":{"Beschikbaarheid":"Op voorraad"},"schema":{"@context":"https:\/\/schema.org","@graph":[{"@type":"WebPage","@id":"https:\/\/dutchhealthstore.com\/nl\/product\/open-sky-eye-serum\/","url":"https:\/\/dutchhealthstore.com\/nl\/product\/open-sky-eye-serum\/","name":"Open Sky Eye Serum | Living Libations","isPartOf":{"@id":"https:\/\/dutchhealthstore.com\/nl\/#website"},"primaryImageOfPage":{"@id":"https:\/\/dutchhealthstore.com\/nl\/product\/open-sky-eye-serum\/#primaryimage"},"image":{"@id":"https:\/\/dutchhealthstore.com\/nl\/product\/open-sky-eye-serum\/#primaryimage"},"thumbnailUrl":"https:\/\/dutchhealthstore.com\/wp-content\/uploads\/2018\/02\/Open-Sky-Eye-Serum-Living-Libations-e1597927407754.jpg","datePublished":"2018-02-10T18:20:05+00:00","dateModified":"2026-04-10T17:19:58+00:00","description":"Open Sky Eye Serum is een verjongend serum voor vermoeide ogen, gezwollen huid, donkere kringen en fijne lijntjes.","breadcrumb":{"@id":"https:\/\/dutchhealthstore.com\/nl\/product\/open-sky-eye-serum\/#breadcrumb"},"inLanguage":"nl-NL","potentialAction":[{"@type":"ReadAction","target":["https:\/\/dutchhealthstore.com\/nl\/product\/open-sky-eye-serum\/"]}]},{"@type":"ImageObject","inLanguage":"nl-NL","@id":"https:\/\/dutchhealthstore.com\/nl\/product\/open-sky-eye-serum\/#primaryimage","url":"https:\/\/dutchhealthstore.com\/wp-content\/uploads\/2018\/02\/Open-Sky-Eye-Serum-Living-Libations-e1597927407754.jpg","contentUrl":"https:\/\/dutchhealthstore.com\/wp-content\/uploads\/2018\/02\/Open-Sky-Eye-Serum-Living-Libations-e1597927407754.jpg","width":500,"height":500,"caption":"Open Sky Eye Serum Living Libations"},{"@type":"BreadcrumbList","@id":"https:\/\/dutchhealthstore.com\/nl\/product\/open-sky-eye-serum\/#breadcrumb","itemListElement":[{"@type":"ListItem","position":1,"name":"Home","item":"https:\/\/dutchhealthstore.com\/nl\/"},{"@type":"ListItem","position":2,"name":"Shop","item":"https:\/\/dutchhealthstore.com\/nl\/shop\/"},{"@type":"ListItem","position":3,"name":"Open Sky Eye Serum"}]},{"@type":"WebSite","@id":"https:\/\/dutchhealthstore.com\/nl\/#website","url":"https:\/\/dutchhealthstore.com\/nl\/","name":"Dutch Health Store","description":"Enhance Your Beauty with Organic &amp; Natural Skincare","publisher":{"@id":"https:\/\/dutchhealthstore.com\/nl\/#organization"},"potentialAction":[{"@type":"SearchAction","target":{"@type":"EntryPoint","urlTemplate":"https:\/\/dutchhealthstore.com\/nl\/?s={search_term_string}"},"query-input":{"@type":"PropertyValueSpecification","valueRequired":true,"valueName":"search_term_string"}}],"inLanguage":"nl-NL"},{"@type":"Organization","@id":"https:\/\/dutchhealthstore.com\/nl\/#organization","name":"Dutch Health Store","url":"https:\/\/dutchhealthstore.com\/nl\/","logo":{"@type":"ImageObject","inLanguage":"nl-NL","@id":"https:\/\/dutchhealthstore.com\/nl\/#\/schema\/logo\/image\/","url":"https:\/\/dutchhealthstore.com\/wp-content\/uploads\/2020\/08\/logo-dutchhealthstore-jpg-e1599484957574.jpg","contentUrl":"https:\/\/dutchhealthstore.com\/wp-content\/uploads\/2020\/08\/logo-dutchhealthstore-jpg-e1599484957574.jpg","width":400,"height":62,"caption":"Dutch Health Store"},"image":{"@id":"https:\/\/dutchhealthstore.com\/nl\/#\/schema\/logo\/image\/"},"sameAs":["https:\/\/www.instagram.com\/dutchhealthstore\/","https:\/\/www.facebook.com\/dutchhealthstore"]}]},"product_brand":"Living Libations","og_availability":"instock","product_availability":"instock","product_condition":"new"},"_links":{"self":[{"href":"https:\/\/dutchhealthstore.com\/nl\/wp-json\/wp\/v2\/product\/107419","targetHints":{"allow":["GET"]}}],"collection":[{"href":"https:\/\/dutchhealthstore.com\/nl\/wp-json\/wp\/v2\/product"}],"about":[{"href":"https:\/\/dutchhealthstore.com\/nl\/wp-json\/wp\/v2\/types\/product"}],"replies":[{"embeddable":true,"href":"https:\/\/dutchhealthstore.com\/nl\/wp-json\/wp\/v2\/comments?post=107419"}],"wp:featuredmedia":[{"embeddable":true,"href":"https:\/\/dutchhealthstore.com\/nl\/wp-json\/wp\/v2\/media\/120136"}],"wp:attachment":[{"href":"https:\/\/dutchhealthstore.com\/nl\/wp-json\/wp\/v2\/media?parent=107419"}],"wp:term":[{"taxonomy":"product_brand","embeddable":true,"href":"https:\/\/dutchhealthstore.com\/nl\/wp-json\/wp\/v2\/product_brand?post=107419"},{"taxonomy":"product_cat","embeddable":true,"href":"https:\/\/dutchhealthstore.com\/nl\/wp-json\/wp\/v2\/product_cat?post=107419"},{"taxonomy":"product_tag","embeddable":true,"href":"https:\/\/dutchhealthstore.com\/nl\/wp-json\/wp\/v2\/product_tag?post=107419"}],"curies":[{"name":"wp","href":"https:\/\/api.w.org\/{rel}","templated":true}]}}