{"id":107414,"date":"2018-02-10T13:57:38","date_gmt":"2018-02-10T12:57:38","guid":{"rendered":"https:\/\/dutchhealthstore.com\/product\/mint-condition-lip-fix\/"},"modified":"2025-12-14T19:33:15","modified_gmt":"2025-12-14T18:33:15","slug":"mint-condition-lip-fix","status":"publish","type":"product","link":"https:\/\/dutchhealthstore.com\/nl\/product\/mint-condition-lip-fix\/","title":{"rendered":"Mint Condition Lip Fix\u2122"},"content":{"rendered":"<p><b><strong><img decoding=\"async\" class=\"alignright size-full wp-image-37041\" src=\"https:\/\/dutchhealthstore.com\/wp-content\/uploads\/2018\/04\/Living_Libations-1.png\" alt=\"Organic &amp; Natural Beautyproducts - Living Libations\" width=\"175\" height=\"82\">Mint<\/strong><\/b><b><strong> Conditie <\/strong><\/b><b><strong>Lip<\/strong><\/b><b><strong> Fix<\/strong><\/b> voedt uw lippen in perfecte staat, onmiddellijk. Een botanisch boeket van heilzame jojoba, weelderige essences en de wonderlijke was van bijen houdt droge, gebarsten lippen op afstand met deze mint mantra.<\/p>\n<h3>Gebruik<\/h3>\n<p>Breng deze balsem aan op de lippen om ze de hele dag rustig te houden. Het kan ook worden gebruikt als een balsem voor fijne lijntjes op de tere huid onder de ogen en langs de bovenkant van de jukbeenderen. Perfect onder Shimmer Lover Lips.<\/p>\n<p><strong>Inhoud: 5 ml<\/strong><\/p>\n<h3 class=\"yikes-custom-woo-tab-title yikes-custom-woo-tab-title-natural-organic-ingredients\">Natuurlijke\/biologische Ingredi\u00ebnten<\/h3>\n<p><b><strong>Jojoba <\/strong><\/b>(<i><em>Simmondsia chinensis<\/em><\/i>)<b><strong> <\/strong><\/b>&#8211; Glorieuze, gouden jojoba voedt en verzorgt de dorstige huid. Jojoba heeft een onge\u00ebvenaard vermogen om de huid te hydrateren, de olieproductie in balans te brengen, de pori\u00ebn diep te reinigen en een langdurige conditionerende werking te cre\u00ebren die de huid verzacht tot perfecte zijde. Het zit boordevol peptiden en lipiden en bevat de hoogste niveaus van fenolische verbindingen die in de natuur voorkomen, samen met vitaminen en alle oplosbare vormen van vitamine E!<\/p>\n<p><b><strong>Gelukkige bijenwas <\/strong><\/b>(<i><em>Cera alba<\/em><\/i>) &#8211; Bijenwas is geliefd om zijn vermogen het tere lipweefsel te beschermen in een poreus laagje dat vocht insluit en gifstoffen buiten houdt.<\/p>\n<p><b><strong>Pepermunt <\/strong><\/b>(<i><em>Mentha peperita<\/em><\/i>) &#8211;<b><strong> <\/strong><\/b>Pepermunt voelt lekker aan als ijs! Verkwikkende pepermunt zorgt voor een frisse munt en verzachtende verkoeling van droge, gebarsten en gesprongen lippen. Onze pittige pepermuntolie wordt gedestilleerd uit verse bladeren, en \u00e9\u00e9n druppel is een sappige opkikker voor huid en ziel.<\/p>\n<p><b><strong>Pepermunt <\/strong><\/b>(<i><em>Mentha spicata<\/em><\/i>) &#8211; Sprankelende groene munt is het zachtere, meer ingetogen neefje van pepermunt. Frisse, geurige spearmint kalmeert de zintuigen met fluisteringen van muntachtige pracht! De oude Grieken gebruikten groene munt om hun badwater te geuren, terwijl de middeleeuwse bevolking het kruid gebruikte om de adem te verfrissen en de tanden te reinigen.<\/p>\n<p><b><strong>Blauw viooltje<\/strong><\/b> (<i><em>Tanacetum annum<\/em><\/i>) &#8211; Tansy is rijk aan blauwe azuleen en sesquiterpenen om gesprongen lippen te kalmeren en te verkoelen. Het heeft een heerlijk zoet kruidig aroma en bevordert de ontspanning terwijl het de droge, rode huid of de huid die aan de elementen is blootgesteld, verzacht.<\/p>\n<p><b><strong>Wierook <\/strong><\/b>(<i><em>Boswellia carterii<\/em><\/i>) &#8211; Heilige wierook is de pi\u00e8ce de r\u00e9sistance van de huidverzorging! Het ontspant roodheid, verstevigt de lippen en voorziet de huid van overvloedig vocht. Het is ook geweldig voor het verminderen van littekens en ouderdomsvlekken.<\/p>\n<p><b><strong>Pompelmoes <\/strong><\/b>(<i><em>Citrus paradisi<\/em><\/i>)<b><strong> <\/strong><\/b>&#8211; De verstevigende grapefruit verfrist de huid en de lippen.<\/p>\n<p><b><strong>Zoete tijm <\/strong><\/b>(<i><em>Tijm vulgaris linalool<\/em><\/i>)<b><strong>  <\/strong><\/b>&#8211; Tijm Linalool is even sterk als zacht! Het bevat alle versterkende en tonifi\u00ebrende kracht van de andere soorten tijmolie zonder irritatie te veroorzaken terwijl het de pori\u00ebn zuivert. Tijm Linalool is een kostbaar ingredi\u00ebnt in onze zachte huidverzorgingsserums.<\/p>\n<p><b><strong>Kardemom <\/strong><\/b>(<i><em>Elettaria cardamomum<\/em><\/i>)<b><strong>  <\/strong><\/b>&#8211; Charismatische kardemon verfrist de adem en verstevigt de huid.<\/p>\n<p><img fetchpriority=\"high\" decoding=\"async\" class=\"aligncenter size-full wp-image-31577\" src=\"https:\/\/dutchhealthstore.com\/wp-content\/uploads\/2018\/03\/organic_big.png\" alt=\"Organic and Natural - Living Libations\" width=\"623\" height=\"103\" srcset=\"https:\/\/dutchhealthstore.com\/wp-content\/uploads\/2018\/03\/organic_big.png 623w, https:\/\/dutchhealthstore.com\/wp-content\/uploads\/2018\/03\/organic_big-510x84.png 510w, https:\/\/dutchhealthstore.com\/wp-content\/uploads\/2018\/03\/organic_big-600x99.png 600w, https:\/\/dutchhealthstore.com\/wp-content\/uploads\/2018\/03\/organic_big-350x58.png 350w\" sizes=\"(max-width: 623px) 100vw, 623px\" \/><\/p>\n","protected":false},"excerpt":{"rendered":"<p>Hebben je gebarsten lippen een koele, snelle oplossing nodig?<br \/>\nLiving Libations <strong>Mint<\/strong><strong> Condition <\/strong><strong>Lip<\/strong><strong> Fix<\/strong> brengt koele, tintelende schoonheid voor je lippen.<\/p>\n","protected":false},"featured_media":50844,"comment_status":"open","ping_status":"closed","template":"","meta":[],"product_brand":[],"product_cat":[14731,1029,2989,5977,4024,5897,1208,5976,1006,5894,510],"product_tag":[9602,21696,21697,9715],"class_list":{"0":"post-107414","1":"product","2":"type-product","3":"status-publish","4":"has-post-thumbnail","6":"product_cat-huidverzorging","7":"product_cat-categorieen","8":"product_cat-gezicht","9":"product_cat-lips-nl-3","10":"product_cat-lippen","11":"product_cat-lip-care-nl-2","12":"product_cat-living-libations-nederland","13":"product_cat-make-up-nl","14":"product_cat-merken","15":"product_cat-eye-lip-care-nl","16":"product_cat-shop-winkel","17":"product_tag-hydrating-nl","18":"product_tag-lip-verzorging","19":"product_tag-lippenbalsem","20":"product_tag-soothing-nl","21":"pa_brand-livinglibations-nl","22":"pa_make-up-productype-lips-nl","23":"pa_size-5-ml-nl","24":"pa_skincare-type-lips-eye-care-nl","26":"first","27":"instock","28":"taxable","29":"shipping-taxable","30":"purchasable","31":"product-type-simple"},"bundled_by":[],"bundle_stock_status":"instock","bundle_stock_quantity":9,"bundle_virtual":false,"bundle_layout":"","bundle_add_to_cart_form_location":"","bundle_editable_in_cart":false,"bundle_sold_individually_context":"","bundle_item_grouping":"","bundle_min_size":"","bundle_max_size":"","bundle_price":[],"bundled_items":[],"bundle_sell_ids":[108042],"atum_controlled":true,"out_stock_date":null,"out_stock_threshold":null,"inheritable":false,"stock_on_hold":9,"sold_today":0,"sales_last_days":1,"out_stock_days":0,"lost_sales":0,"update_date":"2026-04-07T11:40:44","atum_locations":[],"atum_stock_status":"instock","restock_status":false,"low_stock_amount":0,"sales_update_date":"2026-04-07T11:40:44","calc_backorders":null,"group_of_quantity":0,"min_quantity":0,"max_quantity":"","exclude_order_quantity_value_rules":"no","exclude_category_quantity_rules":"no","combine_variations":"no","yoast_head":"<!-- This site is optimized with the Yoast SEO Premium plugin v26.5 (Yoast SEO v26.5) - https:\/\/yoast.com\/wordpress\/plugins\/seo\/ -->\n<title>Mint Condition Lip Fix\u2122 | Living Libations<\/title>\n<meta name=\"description\" content=\"Hebben je gebarsten lippen een snelle oplossing nodig? Mint Condition Lip Fix brengt koele, tintelende schoonheid voor je lippen.\" \/>\n<meta name=\"robots\" content=\"index, follow, max-snippet:-1, max-image-preview:large, max-video-preview:-1\" \/>\n<link rel=\"canonical\" href=\"https:\/\/dutchhealthstore.com\/nl\/product\/mint-condition-lip-fix\/\" \/>\n<meta property=\"og:locale\" content=\"nl_NL\" \/>\n<meta property=\"og:type\" content=\"article\" \/>\n<meta property=\"og:title\" content=\"Mint Condition Lip Fix\u2122 - Dutch Health Store\" \/>\n<meta property=\"og:description\" content=\"Hebben je gebarsten lippen een snelle oplossing nodig? Mint Condition Lip Fix brengt koele, tintelende schoonheid voor je lippen.\" \/>\n<meta property=\"og:url\" content=\"https:\/\/dutchhealthstore.com\/nl\/product\/mint-condition-lip-fix\/\" \/>\n<meta property=\"og:site_name\" content=\"Dutch Health Store\" \/>\n<meta property=\"article:publisher\" content=\"https:\/\/www.instagram.com\/dutchhealthstore\/\" \/>\n<meta property=\"article:modified_time\" content=\"2025-12-14T18:33:15+00:00\" \/>\n<meta property=\"og:image\" content=\"https:\/\/dutchhealthstore.com\/wp-content\/uploads\/2018\/02\/Living-Libations-Mint-Condition-Lip-Fix.jpeg\" \/>\n\t<meta property=\"og:image:width\" content=\"555\" \/>\n\t<meta property=\"og:image:height\" content=\"554\" \/>\n\t<meta property=\"og:image:type\" content=\"image\/jpeg\" \/>\n<meta name=\"twitter:card\" content=\"summary_large_image\" \/>\n<meta name=\"twitter:label1\" content=\"Prijs\" \/>\n\t<meta name=\"twitter:data1\" content=\"&euro;16,00\" \/>\n\t<meta name=\"twitter:label2\" content=\"Beschikbaarheid\" \/>\n\t<meta name=\"twitter:data2\" content=\"Op voorraad\" \/>\n<script type=\"application\/ld+json\" class=\"yoast-schema-graph\">{\"@context\":\"https:\/\/schema.org\",\"@graph\":[{\"@type\":\"WebPage\",\"@id\":\"https:\/\/dutchhealthstore.com\/nl\/product\/mint-condition-lip-fix\/\",\"url\":\"https:\/\/dutchhealthstore.com\/nl\/product\/mint-condition-lip-fix\/\",\"name\":\"Mint Condition Lip Fix\u2122 | Living Libations\",\"isPartOf\":{\"@id\":\"https:\/\/dutchhealthstore.com\/nl\/#website\"},\"primaryImageOfPage\":{\"@id\":\"https:\/\/dutchhealthstore.com\/nl\/product\/mint-condition-lip-fix\/#primaryimage\"},\"image\":{\"@id\":\"https:\/\/dutchhealthstore.com\/nl\/product\/mint-condition-lip-fix\/#primaryimage\"},\"thumbnailUrl\":\"https:\/\/dutchhealthstore.com\/wp-content\/uploads\/2018\/02\/Living-Libations-Mint-Condition-Lip-Fix.jpeg\",\"datePublished\":\"2018-02-10T12:57:38+00:00\",\"dateModified\":\"2025-12-14T18:33:15+00:00\",\"description\":\"Hebben je gebarsten lippen een snelle oplossing nodig? Mint Condition Lip Fix brengt koele, tintelende schoonheid voor je lippen.\",\"breadcrumb\":{\"@id\":\"https:\/\/dutchhealthstore.com\/nl\/product\/mint-condition-lip-fix\/#breadcrumb\"},\"inLanguage\":\"nl-NL\",\"potentialAction\":[{\"@type\":\"ReadAction\",\"target\":[\"https:\/\/dutchhealthstore.com\/nl\/product\/mint-condition-lip-fix\/\"]}]},{\"@type\":\"ImageObject\",\"inLanguage\":\"nl-NL\",\"@id\":\"https:\/\/dutchhealthstore.com\/nl\/product\/mint-condition-lip-fix\/#primaryimage\",\"url\":\"https:\/\/dutchhealthstore.com\/wp-content\/uploads\/2018\/02\/Living-Libations-Mint-Condition-Lip-Fix.jpeg\",\"contentUrl\":\"https:\/\/dutchhealthstore.com\/wp-content\/uploads\/2018\/02\/Living-Libations-Mint-Condition-Lip-Fix.jpeg\",\"width\":555,\"height\":554,\"caption\":\"Mint Condition Lip Fix\u2122\"},{\"@type\":\"BreadcrumbList\",\"@id\":\"https:\/\/dutchhealthstore.com\/nl\/product\/mint-condition-lip-fix\/#breadcrumb\",\"itemListElement\":[{\"@type\":\"ListItem\",\"position\":1,\"name\":\"Home\",\"item\":\"https:\/\/dutchhealthstore.com\/nl\/\"},{\"@type\":\"ListItem\",\"position\":2,\"name\":\"Shop\",\"item\":\"https:\/\/dutchhealthstore.com\/nl\/shop\/\"},{\"@type\":\"ListItem\",\"position\":3,\"name\":\"Mint Condition Lip Fix\u2122\"}]},{\"@type\":\"WebSite\",\"@id\":\"https:\/\/dutchhealthstore.com\/nl\/#website\",\"url\":\"https:\/\/dutchhealthstore.com\/nl\/\",\"name\":\"Dutch Health Store\",\"description\":\"Enhance Your Beauty with Organic &amp; Natural Skincare\",\"publisher\":{\"@id\":\"https:\/\/dutchhealthstore.com\/nl\/#organization\"},\"potentialAction\":[{\"@type\":\"SearchAction\",\"target\":{\"@type\":\"EntryPoint\",\"urlTemplate\":\"https:\/\/dutchhealthstore.com\/nl\/?s={search_term_string}\"},\"query-input\":{\"@type\":\"PropertyValueSpecification\",\"valueRequired\":true,\"valueName\":\"search_term_string\"}}],\"inLanguage\":\"nl-NL\"},{\"@type\":\"Organization\",\"@id\":\"https:\/\/dutchhealthstore.com\/nl\/#organization\",\"name\":\"Dutch Health Store\",\"url\":\"https:\/\/dutchhealthstore.com\/nl\/\",\"logo\":{\"@type\":\"ImageObject\",\"inLanguage\":\"nl-NL\",\"@id\":\"https:\/\/dutchhealthstore.com\/nl\/#\/schema\/logo\/image\/\",\"url\":\"https:\/\/dutchhealthstore.com\/wp-content\/uploads\/2020\/08\/logo-dutchhealthstore-jpg-e1599484957574.jpg\",\"contentUrl\":\"https:\/\/dutchhealthstore.com\/wp-content\/uploads\/2020\/08\/logo-dutchhealthstore-jpg-e1599484957574.jpg\",\"width\":400,\"height\":62,\"caption\":\"Dutch Health Store\"},\"image\":{\"@id\":\"https:\/\/dutchhealthstore.com\/nl\/#\/schema\/logo\/image\/\"},\"sameAs\":[\"https:\/\/www.instagram.com\/dutchhealthstore\/\",\"https:\/\/www.facebook.com\/dutchhealthstore\"]}]}<\/script>\n<meta property=\"product:brand\" content=\"Living Libations\" \/>\n<meta property=\"product:price:amount\" content=\"16.00\" \/>\n<meta property=\"product:price:currency\" content=\"EUR\" \/>\n<meta property=\"og:availability\" content=\"instock\" \/>\n<meta property=\"product:availability\" content=\"instock\" \/>\n<meta property=\"product:condition\" content=\"new\" \/>\n<!-- \/ Yoast SEO Premium plugin. -->","yoast_head_json":{"title":"Mint Condition Lip Fix\u2122 | Living Libations","description":"Hebben je gebarsten lippen een snelle oplossing nodig? Mint Condition Lip Fix brengt koele, tintelende schoonheid voor je lippen.","robots":{"index":"index","follow":"follow","max-snippet":"max-snippet:-1","max-image-preview":"max-image-preview:large","max-video-preview":"max-video-preview:-1"},"canonical":"https:\/\/dutchhealthstore.com\/nl\/product\/mint-condition-lip-fix\/","og_locale":"nl_NL","og_type":"article","og_title":"Mint Condition Lip Fix\u2122 - Dutch Health Store","og_description":"Hebben je gebarsten lippen een snelle oplossing nodig? Mint Condition Lip Fix brengt koele, tintelende schoonheid voor je lippen.","og_url":"https:\/\/dutchhealthstore.com\/nl\/product\/mint-condition-lip-fix\/","og_site_name":"Dutch Health Store","article_publisher":"https:\/\/www.instagram.com\/dutchhealthstore\/","article_modified_time":"2025-12-14T18:33:15+00:00","og_image":[{"width":555,"height":554,"url":"https:\/\/dutchhealthstore.com\/wp-content\/uploads\/2018\/02\/Living-Libations-Mint-Condition-Lip-Fix.jpeg","type":"image\/jpeg"}],"twitter_card":"summary_large_image","twitter_misc":{"Prijs":"&euro;16,00","Beschikbaarheid":"Op voorraad"},"schema":{"@context":"https:\/\/schema.org","@graph":[{"@type":"WebPage","@id":"https:\/\/dutchhealthstore.com\/nl\/product\/mint-condition-lip-fix\/","url":"https:\/\/dutchhealthstore.com\/nl\/product\/mint-condition-lip-fix\/","name":"Mint Condition Lip Fix\u2122 | Living Libations","isPartOf":{"@id":"https:\/\/dutchhealthstore.com\/nl\/#website"},"primaryImageOfPage":{"@id":"https:\/\/dutchhealthstore.com\/nl\/product\/mint-condition-lip-fix\/#primaryimage"},"image":{"@id":"https:\/\/dutchhealthstore.com\/nl\/product\/mint-condition-lip-fix\/#primaryimage"},"thumbnailUrl":"https:\/\/dutchhealthstore.com\/wp-content\/uploads\/2018\/02\/Living-Libations-Mint-Condition-Lip-Fix.jpeg","datePublished":"2018-02-10T12:57:38+00:00","dateModified":"2025-12-14T18:33:15+00:00","description":"Hebben je gebarsten lippen een snelle oplossing nodig? Mint Condition Lip Fix brengt koele, tintelende schoonheid voor je lippen.","breadcrumb":{"@id":"https:\/\/dutchhealthstore.com\/nl\/product\/mint-condition-lip-fix\/#breadcrumb"},"inLanguage":"nl-NL","potentialAction":[{"@type":"ReadAction","target":["https:\/\/dutchhealthstore.com\/nl\/product\/mint-condition-lip-fix\/"]}]},{"@type":"ImageObject","inLanguage":"nl-NL","@id":"https:\/\/dutchhealthstore.com\/nl\/product\/mint-condition-lip-fix\/#primaryimage","url":"https:\/\/dutchhealthstore.com\/wp-content\/uploads\/2018\/02\/Living-Libations-Mint-Condition-Lip-Fix.jpeg","contentUrl":"https:\/\/dutchhealthstore.com\/wp-content\/uploads\/2018\/02\/Living-Libations-Mint-Condition-Lip-Fix.jpeg","width":555,"height":554,"caption":"Mint Condition Lip Fix\u2122"},{"@type":"BreadcrumbList","@id":"https:\/\/dutchhealthstore.com\/nl\/product\/mint-condition-lip-fix\/#breadcrumb","itemListElement":[{"@type":"ListItem","position":1,"name":"Home","item":"https:\/\/dutchhealthstore.com\/nl\/"},{"@type":"ListItem","position":2,"name":"Shop","item":"https:\/\/dutchhealthstore.com\/nl\/shop\/"},{"@type":"ListItem","position":3,"name":"Mint Condition Lip Fix\u2122"}]},{"@type":"WebSite","@id":"https:\/\/dutchhealthstore.com\/nl\/#website","url":"https:\/\/dutchhealthstore.com\/nl\/","name":"Dutch Health Store","description":"Enhance Your Beauty with Organic &amp; Natural Skincare","publisher":{"@id":"https:\/\/dutchhealthstore.com\/nl\/#organization"},"potentialAction":[{"@type":"SearchAction","target":{"@type":"EntryPoint","urlTemplate":"https:\/\/dutchhealthstore.com\/nl\/?s={search_term_string}"},"query-input":{"@type":"PropertyValueSpecification","valueRequired":true,"valueName":"search_term_string"}}],"inLanguage":"nl-NL"},{"@type":"Organization","@id":"https:\/\/dutchhealthstore.com\/nl\/#organization","name":"Dutch Health Store","url":"https:\/\/dutchhealthstore.com\/nl\/","logo":{"@type":"ImageObject","inLanguage":"nl-NL","@id":"https:\/\/dutchhealthstore.com\/nl\/#\/schema\/logo\/image\/","url":"https:\/\/dutchhealthstore.com\/wp-content\/uploads\/2020\/08\/logo-dutchhealthstore-jpg-e1599484957574.jpg","contentUrl":"https:\/\/dutchhealthstore.com\/wp-content\/uploads\/2020\/08\/logo-dutchhealthstore-jpg-e1599484957574.jpg","width":400,"height":62,"caption":"Dutch Health Store"},"image":{"@id":"https:\/\/dutchhealthstore.com\/nl\/#\/schema\/logo\/image\/"},"sameAs":["https:\/\/www.instagram.com\/dutchhealthstore\/","https:\/\/www.facebook.com\/dutchhealthstore"]}]},"product_brand":"Living Libations","product_price_amount":"16.00","product_price_currency":"EUR","og_availability":"instock","product_availability":"instock","product_condition":"new"},"_links":{"self":[{"href":"https:\/\/dutchhealthstore.com\/nl\/wp-json\/wp\/v2\/product\/107414","targetHints":{"allow":["GET"]}}],"collection":[{"href":"https:\/\/dutchhealthstore.com\/nl\/wp-json\/wp\/v2\/product"}],"about":[{"href":"https:\/\/dutchhealthstore.com\/nl\/wp-json\/wp\/v2\/types\/product"}],"replies":[{"embeddable":true,"href":"https:\/\/dutchhealthstore.com\/nl\/wp-json\/wp\/v2\/comments?post=107414"}],"wp:featuredmedia":[{"embeddable":true,"href":"https:\/\/dutchhealthstore.com\/nl\/wp-json\/wp\/v2\/media\/50844"}],"wp:attachment":[{"href":"https:\/\/dutchhealthstore.com\/nl\/wp-json\/wp\/v2\/media?parent=107414"}],"wp:term":[{"taxonomy":"product_brand","embeddable":true,"href":"https:\/\/dutchhealthstore.com\/nl\/wp-json\/wp\/v2\/product_brand?post=107414"},{"taxonomy":"product_cat","embeddable":true,"href":"https:\/\/dutchhealthstore.com\/nl\/wp-json\/wp\/v2\/product_cat?post=107414"},{"taxonomy":"product_tag","embeddable":true,"href":"https:\/\/dutchhealthstore.com\/nl\/wp-json\/wp\/v2\/product_tag?post=107414"}],"curies":[{"name":"wp","href":"https:\/\/api.w.org\/{rel}","templated":true}]}}