{"id":107410,"date":"2018-02-10T07:21:56","date_gmt":"2018-02-10T07:21:56","guid":{"rendered":"https:\/\/dutchhealthstore.com\/product\/green-papaya-lime-aha-mask\/"},"modified":"2026-04-24T15:04:43","modified_gmt":"2026-04-24T13:04:43","slug":"green-papaya-lime-aha-masker","status":"publish","type":"product","link":"https:\/\/dutchhealthstore.com\/nl\/product\/green-papaya-lime-aha-masker\/","title":{"rendered":"Green Papaya + Lime Mask"},"content":{"rendered":"<p><img decoding=\"async\" class=\"size-full wp-image-69549 alignright\" src=\"https:\/\/dutchhealthstore.com\/wp-content\/uploads\/2019\/08\/NEW-Living-Libations-Logo.jpg\" alt=\"NEW - Living Libations - Logo\" width=\"175\" height=\"82\">Luisterende Alo\u00eb Vera gel en gouden Jojoba bevorderen een prachtige hydratatie, elasticiteit en soepelheid. Stimulerende enzymen uit citroenen en limoenen vermengd met ruwe suiker, groene papaja en ananas-enzymen reinigen de pori\u00ebn en verbeteren de algehele textuur en soepelheid van de huid. Rozenwater, smeerwortel en heermoes versterken de huid en vernieuwen haar veerkracht.<\/p>\n<p>Green Papaya + Lime Mask bereidt u voor om de wereld tegemoet te treden terwijl u zich ontmaskert en een stralende, soepele huid onthult.<\/p>\n<h3>Gebruiksaanwijzing<\/h3>\n<p>Over de pas gereinigde huid verdelen en zachtjes inmasseren. Laat 15 tot 30 minuten staan en spoel dan af tot het water glad is. Kan ook &#8217;s nachts blijven staan. Breng voor extra hydratatie na het masker een Best Skin Ever of een van onze Skin Serums aan. Niet op de ogen aanbrengen. Waarschuwing voor zonnebrand: masker niet aanbrengen en in de zon zitten, ingredi\u00ebnten kunnen fotosensibiliserend werken.<\/p>\n<p><strong>Inhoud: 30 ml<\/strong><\/p>\n<h3 class=\"yikes-custom-woo-tab-title yikes-custom-woo-tab-title-natural-organic-ingredients\">Natuurlijke\/biologische Ingredi\u00ebnten<\/h3>\n<p><strong>Jojoba<\/strong> <em>(Simmondsia chinensis)<\/em> &#8211; Glorieuze, gouden jojoba voedt en verzorgt de dorstige huid. Jojoba heeft een onge\u00ebvenaard vermogen om de huid te hydrateren, de olieproductie in balans te brengen, de pori\u00ebn diep te reinigen en een langdurige conditionerende werking te cre\u00ebren die de huid verzacht tot perfecte zijde. Het zit boordevol peptiden en lipiden en bevat de hoogste niveaus van fenolische verbindingen die in de natuur voorkomen, samen met vitaminen en alle oplosbare vormen van vitamine E.<\/p>\n<p><strong>Alo\u00eb Vera <\/strong><em>(Alo\u00eb barbadensis)<\/em> &#8211; Alo\u00eb is een botanisch juweeltje uit de woestijn dat gemakkelijk in het haar en de huid wordt opgenomen. De slijmerige gel die uit het blad komt is een meesterlijke vochtinbrenger.<\/p>\n<p><strong>Rozenwater hydrosol<\/strong> <em>(Rosa damascene)<\/em> &#8211; Rozenwater is de waterige oplossing van de destillatie van de essenti\u00eble olie van roos otto en hydrateert de tere en droge huid op een prettige manier. Een gevoelige of snel ge\u00efrriteerde huid zal zich verheugen over de versterkende werking van rozenwater. De hydrofiele eigenschappen van de in water oplosbare essenti\u00eble oli\u00ebn in rozenwater helpen de dorstige huid te kalmeren, het vochtgehalte te verhogen en de algemene uitstraling en teint te verbeteren.<\/p>\n<p><strong>Sinaasappelwas<\/strong> <em>(Citrus aurantium dulcis)<\/em> &#8211; Ontleend aan de beschermende schil van de vrucht, bevat sinaasappelwas stabiliserende fytosterolen die de huid steviger en strakker maken. Sinaasappelwas is ook een heerlijk vochtinbrengend middel.<\/p>\n<p><strong>Heermoes ( <\/strong><em>Equisetum arvense)<\/em> &#8211; Vol met versterkende silica, verhoogt heermoes de veerkracht van de huid.<\/p>\n<p><strong>Smeerwortel<\/strong> <em>(Comfrey symphytim)<\/em> &#8211; Smeerwortel voedt en geeft de huid energie. Het verbetert het uiterlijk van littekens en vlekken.<\/p>\n<p><strong>Rode klaver<\/strong> <em>(Trifolium pretense) &#8211; <\/em>Revitaliserende rode klaver is rijk aan vitaminen, isoflavonen en mineralen die een bondgenoot zijn voor de huid.<\/p>\n<p><strong>Citroenschil<\/strong> <em>(Citrus limon)<\/em> &#8211; De enzymen in citroenen verbeteren de textuur van de huid, bestrijden de overproductie van olie, exfoli\u00ebren en verwijderen dode huidcellen en kalmeren de huid.<\/p>\n<p><strong>Limoenschil <\/strong><em>(Citrus aurantifolia)<\/em> &#8211; alfahydroxyzuren uit limoen verbeteren de textuur van de huid door de pori\u00ebn te zuiveren en fijne lijntjes te vervagen.<\/p>\n<p><strong>Rauw suikerriet<\/strong> <em>(Saccharum officinarum)<\/em> &#8211; Deze natuurlijke scrub bevat veel glycolzuur, een alfahydroxyzuur. Suikerriet balanceert de olieproductie en vermindert de pori\u00ebn.<\/p>\n<p><strong>Papaja<\/strong> <em>(Carica papaya)<\/em> &#8211; Papaja&#8217;s zijn rijk aan enzymen die een stralende huid ondersteunen. Peptine verhoogt de glans van de huid en verbetert de textuur, terwijl papa\u00efne de huidtint egaliseert.<\/p>\n<p><strong>Ananas enzymen<\/strong> <em>(Ananas sativus) &#8211; <\/em>Ananas enzymen verwijderen op milde wijze de huid en onthullen de ware helderheid van uw teint.<\/p>\n<p><strong>Lavendel<\/strong> <em>(Lavandula angustifolia)<\/em> &#8211; Heerlijke lavendel is een zacht maar krachtig huidversterkend middel dat herstellend en kalmerend werkt. Het ontspant roodheid en koelt hitte af. Lavendel kan worden gebruikt om het uiterlijk van littekens te verbeteren, de huidtint te egaliseren, de naar acne neigende huid te reinigen en het talggehalte van de huid in evenwicht te brengen.<\/p>\n<p><strong>Citroen<\/strong> <em>(Citrus limon) &#8211; <\/em>Levendige citroen verheldert, geeft energie en zuivert de huid van top tot teen. Het is uitstekend in reinigingsmiddelen voor acne en oneffenheden. Citroen verstevigt en geeft de huid jeugdige energie en veerkracht.<\/p>\n<p><strong>Limoen <\/strong><em>(Citrus aurantifolia)<\/em> &#8211; De frisse, citrusachtige geur van limoen ondersteunt een gladde, gezuiverde huid. Het maakt vuil en olie los uit de pori\u00ebn en laat de huid weer stralen.<\/p>\n<p><strong>Rauw suikerriet<\/strong> <em>(Saccharum officinarum)<\/em> &#8211; Deze natuurlijke scrub bevat veel glycolzuur, een alfahydroxyzuur. Suikerriet balanceert de olieproductie en vermindert de pori\u00ebn.<\/p>\n<p><img fetchpriority=\"high\" decoding=\"async\" class=\"aligncenter wp-image-11209 size-full\" src=\"https:\/\/dutchhealthstore.com\/wp-content\/uploads\/2015\/12\/organic-1.jpg\" alt=\"organic\" width=\"608\" height=\"85\"><\/p>\n","protected":false},"excerpt":{"rendered":"<p><strong>Living Libations Green Papaya + Lime Mask<\/strong> verstevigt en exfolieert de huid op milde wijze, terwijl het vochtgehalte wordt gemaximaliseerd en de elasticiteit wordt vergroot.<br \/>\nDit masker is gemaakt met van fruit afgeleide enzymen samen met ruwe suikerriet als soepele exfoli\u00ebrende middelen.<br \/>\nAls uw gezicht, hals of decollet\u00e9 baat heeft bij een enzymatische peeling, versteviging en hydratatie, dan doet ons zorgvuldig samengestelde masker zijn werk.<\/p>\n","protected":false},"featured_media":107411,"comment_status":"open","ping_status":"closed","template":"","meta":[],"product_brand":[],"product_cat":[1029,5621,5618,5620,5617,2989,14731,1208,5677,5624,5625,5616,5622,1006,5623,5619,5005,4028,510,5664,5676],"product_tag":[9625,6156,4141,9776],"class_list":{"0":"post-107410","1":"product","2":"type-product","3":"status-publish","4":"has-post-thumbnail","6":"product_cat-categorieen","7":"product_cat-dry-mature-ageing-skin-nl-4","8":"product_cat-dry-mature-ageing-skin-nl-2","9":"product_cat-sensitive-skin-redness-nl-2","10":"product_cat-sensitive-skin-redness-nl","11":"product_cat-gezicht","12":"product_cat-huidverzorging","13":"product_cat-living-libations-nederland","14":"product_cat-masks-scrubs-exfoliators-nl-2","15":"product_cat-masks-scrubs-exfoliators-nl-3","16":"product_cat-masks-scrubs-exfoliators-nl-5","17":"product_cat-masks-scrubs-exfoliators-nl-6","18":"product_cat-masks-scrubs-exfoliators-nl","19":"product_cat-merken","20":"product_cat-normal-or-combination-skin-nl","21":"product_cat-normal-or-combination-skin-nl-2","22":"product_cat-by-skin-type","23":"product_cat-scrubs-maskers","24":"product_cat-shop-winkel","25":"product_cat-oily-skin-clogged-pores-nl","26":"product_cat-oily-skin-clogged-pores-nl-2","27":"product_tag-exfoliator-nl","28":"product_tag-face-care-nl","29":"product_tag-masker","30":"product_tag-revitalizing-nl","31":"pa_bestsellers-goed-nl","32":"pa_brand-livinglibations-nl","33":"pa_gtin-7439657379352-nl","34":"pa_size-30-ml-nl","35":"pa_skincare-type-masks-scrubs-exfoliators-nl","36":"pa_skintype-dry-mature-ageing-skin-nl","37":"pa_skintype-normal-combination-skin-nl","38":"pa_skintype-oily-skin-nl","39":"pa_skintype-sensitive-skin-redness-nl","41":"first","42":"instock","43":"taxable","44":"shipping-taxable","45":"purchasable","46":"product-type-simple"},"bundled_by":[],"bundle_stock_status":"instock","bundle_stock_quantity":1,"bundle_virtual":false,"bundle_layout":"","bundle_add_to_cart_form_location":"","bundle_editable_in_cart":false,"bundle_sold_individually_context":"","bundle_item_grouping":"","bundle_min_size":"","bundle_max_size":"","bundle_price":[],"bundled_items":[],"bundle_sell_ids":[129699],"atum_controlled":true,"out_stock_date":null,"out_stock_threshold":null,"inheritable":false,"stock_on_hold":0,"sold_today":0,"sales_last_days":0,"out_stock_days":0,"lost_sales":0,"update_date":"2026-05-02T00:14:47","atum_locations":[],"atum_stock_status":"instock","restock_status":false,"low_stock_amount":"","sales_update_date":"2026-05-02T00:14:47","calc_backorders":null,"group_of_quantity":0,"min_quantity":0,"max_quantity":"","exclude_order_quantity_value_rules":"no","exclude_category_quantity_rules":"no","combine_variations":"no","yoast_head":"<!-- This site is optimized with the Yoast SEO Premium plugin v26.5 (Yoast SEO v26.5) - https:\/\/yoast.com\/wordpress\/plugins\/seo\/ -->\n<title>Green Papaya + Lime Mask - Living Libations<\/title>\n<meta name=\"description\" content=\"Living Libations Green Papaya + Lime Mask verstevigt en exfolieert de huid op milde wijze, terwijl het vochtgehalte wordt gemaximaliseerd en de elasticiteit wordt vergroot.\" \/>\n<meta name=\"robots\" content=\"index, follow, max-snippet:-1, max-image-preview:large, max-video-preview:-1\" \/>\n<link rel=\"canonical\" href=\"https:\/\/dutchhealthstore.com\/nl\/product\/green-papaya-lime-aha-masker\/\" \/>\n<meta property=\"og:locale\" content=\"nl_NL\" \/>\n<meta property=\"og:type\" content=\"article\" \/>\n<meta property=\"og:title\" content=\"Green Papaya + Lime Mask - Dutch Health Store\" \/>\n<meta property=\"og:description\" content=\"Living Libations Green Papaya + Lime Mask verstevigt en exfolieert de huid op milde wijze, terwijl het vochtgehalte wordt gemaximaliseerd en de elasticiteit wordt vergroot.\" \/>\n<meta property=\"og:url\" content=\"https:\/\/dutchhealthstore.com\/nl\/product\/green-papaya-lime-aha-masker\/\" \/>\n<meta property=\"og:site_name\" content=\"Dutch Health Store\" \/>\n<meta property=\"article:publisher\" content=\"https:\/\/www.instagram.com\/dutchhealthstore\/\" \/>\n<meta property=\"article:modified_time\" content=\"2026-04-24T13:04:43+00:00\" \/>\n<meta property=\"og:image\" content=\"https:\/\/dutchhealthstore.com\/wp-content\/uploads\/2018\/02\/Green-Papaya-Lime-Mask-Living-Libations.jpg\" \/>\n\t<meta property=\"og:image:width\" content=\"510\" \/>\n\t<meta property=\"og:image:height\" content=\"600\" \/>\n\t<meta property=\"og:image:type\" content=\"image\/jpeg\" \/>\n<meta name=\"twitter:card\" content=\"summary_large_image\" \/>\n<meta name=\"twitter:label1\" content=\"Prijs\" \/>\n\t<meta name=\"twitter:data1\" content=\"&euro;63,00\" \/>\n\t<meta name=\"twitter:label2\" content=\"Beschikbaarheid\" \/>\n\t<meta name=\"twitter:data2\" content=\"Op voorraad\" \/>\n<script type=\"application\/ld+json\" class=\"yoast-schema-graph\">{\"@context\":\"https:\/\/schema.org\",\"@graph\":[{\"@type\":\"WebPage\",\"@id\":\"https:\/\/dutchhealthstore.com\/nl\/product\/green-papaya-lime-aha-masker\/\",\"url\":\"https:\/\/dutchhealthstore.com\/nl\/product\/green-papaya-lime-aha-masker\/\",\"name\":\"Green Papaya + Lime Mask - Living Libations\",\"isPartOf\":{\"@id\":\"https:\/\/dutchhealthstore.com\/nl\/#website\"},\"primaryImageOfPage\":{\"@id\":\"https:\/\/dutchhealthstore.com\/nl\/product\/green-papaya-lime-aha-masker\/#primaryimage\"},\"image\":{\"@id\":\"https:\/\/dutchhealthstore.com\/nl\/product\/green-papaya-lime-aha-masker\/#primaryimage\"},\"thumbnailUrl\":\"https:\/\/dutchhealthstore.com\/wp-content\/uploads\/2018\/02\/Green-Papaya-Lime-Mask-Living-Libations.jpg\",\"datePublished\":\"2018-02-10T07:21:56+00:00\",\"dateModified\":\"2026-04-24T13:04:43+00:00\",\"description\":\"Living Libations Green Papaya + Lime Mask verstevigt en exfolieert de huid op milde wijze, terwijl het vochtgehalte wordt gemaximaliseerd en de elasticiteit wordt vergroot.\",\"breadcrumb\":{\"@id\":\"https:\/\/dutchhealthstore.com\/nl\/product\/green-papaya-lime-aha-masker\/#breadcrumb\"},\"inLanguage\":\"nl-NL\",\"potentialAction\":[{\"@type\":\"ReadAction\",\"target\":[\"https:\/\/dutchhealthstore.com\/nl\/product\/green-papaya-lime-aha-masker\/\"]}]},{\"@type\":\"ImageObject\",\"inLanguage\":\"nl-NL\",\"@id\":\"https:\/\/dutchhealthstore.com\/nl\/product\/green-papaya-lime-aha-masker\/#primaryimage\",\"url\":\"https:\/\/dutchhealthstore.com\/wp-content\/uploads\/2018\/02\/Green-Papaya-Lime-Mask-Living-Libations.jpg\",\"contentUrl\":\"https:\/\/dutchhealthstore.com\/wp-content\/uploads\/2018\/02\/Green-Papaya-Lime-Mask-Living-Libations.jpg\",\"width\":510,\"height\":600},{\"@type\":\"BreadcrumbList\",\"@id\":\"https:\/\/dutchhealthstore.com\/nl\/product\/green-papaya-lime-aha-masker\/#breadcrumb\",\"itemListElement\":[{\"@type\":\"ListItem\",\"position\":1,\"name\":\"Home\",\"item\":\"https:\/\/dutchhealthstore.com\/nl\/\"},{\"@type\":\"ListItem\",\"position\":2,\"name\":\"Shop\",\"item\":\"https:\/\/dutchhealthstore.com\/nl\/shop\/\"},{\"@type\":\"ListItem\",\"position\":3,\"name\":\"Green Papaya + Lime Mask\"}]},{\"@type\":\"WebSite\",\"@id\":\"https:\/\/dutchhealthstore.com\/nl\/#website\",\"url\":\"https:\/\/dutchhealthstore.com\/nl\/\",\"name\":\"Dutch Health Store\",\"description\":\"Enhance Your Beauty with Organic &amp; Natural Skincare\",\"publisher\":{\"@id\":\"https:\/\/dutchhealthstore.com\/nl\/#organization\"},\"potentialAction\":[{\"@type\":\"SearchAction\",\"target\":{\"@type\":\"EntryPoint\",\"urlTemplate\":\"https:\/\/dutchhealthstore.com\/nl\/?s={search_term_string}\"},\"query-input\":{\"@type\":\"PropertyValueSpecification\",\"valueRequired\":true,\"valueName\":\"search_term_string\"}}],\"inLanguage\":\"nl-NL\"},{\"@type\":\"Organization\",\"@id\":\"https:\/\/dutchhealthstore.com\/nl\/#organization\",\"name\":\"Dutch Health Store\",\"url\":\"https:\/\/dutchhealthstore.com\/nl\/\",\"logo\":{\"@type\":\"ImageObject\",\"inLanguage\":\"nl-NL\",\"@id\":\"https:\/\/dutchhealthstore.com\/nl\/#\/schema\/logo\/image\/\",\"url\":\"https:\/\/dutchhealthstore.com\/wp-content\/uploads\/2020\/08\/logo-dutchhealthstore-jpg-e1599484957574.jpg\",\"contentUrl\":\"https:\/\/dutchhealthstore.com\/wp-content\/uploads\/2020\/08\/logo-dutchhealthstore-jpg-e1599484957574.jpg\",\"width\":400,\"height\":62,\"caption\":\"Dutch Health Store\"},\"image\":{\"@id\":\"https:\/\/dutchhealthstore.com\/nl\/#\/schema\/logo\/image\/\"},\"sameAs\":[\"https:\/\/www.instagram.com\/dutchhealthstore\/\",\"https:\/\/www.facebook.com\/dutchhealthstore\"]}]}<\/script>\n<meta property=\"product:brand\" content=\"Living Libations\" \/>\n<meta property=\"product:price:amount\" content=\"63.00\" \/>\n<meta property=\"product:price:currency\" content=\"EUR\" \/>\n<meta property=\"og:availability\" content=\"instock\" \/>\n<meta property=\"product:availability\" content=\"instock\" \/>\n<meta property=\"product:condition\" content=\"new\" \/>\n<!-- \/ Yoast SEO Premium plugin. -->","yoast_head_json":{"title":"Green Papaya + Lime Mask - Living Libations","description":"Living Libations Green Papaya + Lime Mask verstevigt en exfolieert de huid op milde wijze, terwijl het vochtgehalte wordt gemaximaliseerd en de elasticiteit wordt vergroot.","robots":{"index":"index","follow":"follow","max-snippet":"max-snippet:-1","max-image-preview":"max-image-preview:large","max-video-preview":"max-video-preview:-1"},"canonical":"https:\/\/dutchhealthstore.com\/nl\/product\/green-papaya-lime-aha-masker\/","og_locale":"nl_NL","og_type":"article","og_title":"Green Papaya + Lime Mask - Dutch Health Store","og_description":"Living Libations Green Papaya + Lime Mask verstevigt en exfolieert de huid op milde wijze, terwijl het vochtgehalte wordt gemaximaliseerd en de elasticiteit wordt vergroot.","og_url":"https:\/\/dutchhealthstore.com\/nl\/product\/green-papaya-lime-aha-masker\/","og_site_name":"Dutch Health Store","article_publisher":"https:\/\/www.instagram.com\/dutchhealthstore\/","article_modified_time":"2026-04-24T13:04:43+00:00","og_image":[{"width":510,"height":600,"url":"https:\/\/dutchhealthstore.com\/wp-content\/uploads\/2018\/02\/Green-Papaya-Lime-Mask-Living-Libations.jpg","type":"image\/jpeg"}],"twitter_card":"summary_large_image","twitter_misc":{"Prijs":"&euro;63,00","Beschikbaarheid":"Op voorraad"},"schema":{"@context":"https:\/\/schema.org","@graph":[{"@type":"WebPage","@id":"https:\/\/dutchhealthstore.com\/nl\/product\/green-papaya-lime-aha-masker\/","url":"https:\/\/dutchhealthstore.com\/nl\/product\/green-papaya-lime-aha-masker\/","name":"Green Papaya + Lime Mask - Living Libations","isPartOf":{"@id":"https:\/\/dutchhealthstore.com\/nl\/#website"},"primaryImageOfPage":{"@id":"https:\/\/dutchhealthstore.com\/nl\/product\/green-papaya-lime-aha-masker\/#primaryimage"},"image":{"@id":"https:\/\/dutchhealthstore.com\/nl\/product\/green-papaya-lime-aha-masker\/#primaryimage"},"thumbnailUrl":"https:\/\/dutchhealthstore.com\/wp-content\/uploads\/2018\/02\/Green-Papaya-Lime-Mask-Living-Libations.jpg","datePublished":"2018-02-10T07:21:56+00:00","dateModified":"2026-04-24T13:04:43+00:00","description":"Living Libations Green Papaya + Lime Mask verstevigt en exfolieert de huid op milde wijze, terwijl het vochtgehalte wordt gemaximaliseerd en de elasticiteit wordt vergroot.","breadcrumb":{"@id":"https:\/\/dutchhealthstore.com\/nl\/product\/green-papaya-lime-aha-masker\/#breadcrumb"},"inLanguage":"nl-NL","potentialAction":[{"@type":"ReadAction","target":["https:\/\/dutchhealthstore.com\/nl\/product\/green-papaya-lime-aha-masker\/"]}]},{"@type":"ImageObject","inLanguage":"nl-NL","@id":"https:\/\/dutchhealthstore.com\/nl\/product\/green-papaya-lime-aha-masker\/#primaryimage","url":"https:\/\/dutchhealthstore.com\/wp-content\/uploads\/2018\/02\/Green-Papaya-Lime-Mask-Living-Libations.jpg","contentUrl":"https:\/\/dutchhealthstore.com\/wp-content\/uploads\/2018\/02\/Green-Papaya-Lime-Mask-Living-Libations.jpg","width":510,"height":600},{"@type":"BreadcrumbList","@id":"https:\/\/dutchhealthstore.com\/nl\/product\/green-papaya-lime-aha-masker\/#breadcrumb","itemListElement":[{"@type":"ListItem","position":1,"name":"Home","item":"https:\/\/dutchhealthstore.com\/nl\/"},{"@type":"ListItem","position":2,"name":"Shop","item":"https:\/\/dutchhealthstore.com\/nl\/shop\/"},{"@type":"ListItem","position":3,"name":"Green Papaya + Lime Mask"}]},{"@type":"WebSite","@id":"https:\/\/dutchhealthstore.com\/nl\/#website","url":"https:\/\/dutchhealthstore.com\/nl\/","name":"Dutch Health Store","description":"Enhance Your Beauty with Organic &amp; Natural Skincare","publisher":{"@id":"https:\/\/dutchhealthstore.com\/nl\/#organization"},"potentialAction":[{"@type":"SearchAction","target":{"@type":"EntryPoint","urlTemplate":"https:\/\/dutchhealthstore.com\/nl\/?s={search_term_string}"},"query-input":{"@type":"PropertyValueSpecification","valueRequired":true,"valueName":"search_term_string"}}],"inLanguage":"nl-NL"},{"@type":"Organization","@id":"https:\/\/dutchhealthstore.com\/nl\/#organization","name":"Dutch Health Store","url":"https:\/\/dutchhealthstore.com\/nl\/","logo":{"@type":"ImageObject","inLanguage":"nl-NL","@id":"https:\/\/dutchhealthstore.com\/nl\/#\/schema\/logo\/image\/","url":"https:\/\/dutchhealthstore.com\/wp-content\/uploads\/2020\/08\/logo-dutchhealthstore-jpg-e1599484957574.jpg","contentUrl":"https:\/\/dutchhealthstore.com\/wp-content\/uploads\/2020\/08\/logo-dutchhealthstore-jpg-e1599484957574.jpg","width":400,"height":62,"caption":"Dutch Health Store"},"image":{"@id":"https:\/\/dutchhealthstore.com\/nl\/#\/schema\/logo\/image\/"},"sameAs":["https:\/\/www.instagram.com\/dutchhealthstore\/","https:\/\/www.facebook.com\/dutchhealthstore"]}]},"product_brand":"Living Libations","product_price_amount":"63.00","product_price_currency":"EUR","og_availability":"instock","product_availability":"instock","product_condition":"new"},"_links":{"self":[{"href":"https:\/\/dutchhealthstore.com\/nl\/wp-json\/wp\/v2\/product\/107410","targetHints":{"allow":["GET"]}}],"collection":[{"href":"https:\/\/dutchhealthstore.com\/nl\/wp-json\/wp\/v2\/product"}],"about":[{"href":"https:\/\/dutchhealthstore.com\/nl\/wp-json\/wp\/v2\/types\/product"}],"replies":[{"embeddable":true,"href":"https:\/\/dutchhealthstore.com\/nl\/wp-json\/wp\/v2\/comments?post=107410"}],"wp:featuredmedia":[{"embeddable":true,"href":"https:\/\/dutchhealthstore.com\/nl\/wp-json\/wp\/v2\/media\/107411"}],"wp:attachment":[{"href":"https:\/\/dutchhealthstore.com\/nl\/wp-json\/wp\/v2\/media?parent=107410"}],"wp:term":[{"taxonomy":"product_brand","embeddable":true,"href":"https:\/\/dutchhealthstore.com\/nl\/wp-json\/wp\/v2\/product_brand?post=107410"},{"taxonomy":"product_cat","embeddable":true,"href":"https:\/\/dutchhealthstore.com\/nl\/wp-json\/wp\/v2\/product_cat?post=107410"},{"taxonomy":"product_tag","embeddable":true,"href":"https:\/\/dutchhealthstore.com\/nl\/wp-json\/wp\/v2\/product_tag?post=107410"}],"curies":[{"name":"wp","href":"https:\/\/api.w.org\/{rel}","templated":true}]}}