{"id":107407,"date":"2019-05-26T12:04:28","date_gmt":"2019-05-26T12:04:28","guid":{"rendered":"https:\/\/dutchhealthstore.com\/product\/goodnight-oil\/"},"modified":"2026-03-24T14:38:11","modified_gmt":"2026-03-24T13:38:11","slug":"goodnight-oil","status":"publish","type":"product","link":"https:\/\/dutchhealthstore.com\/nl\/product\/goodnight-oil\/","title":{"rendered":"Goodnight Oil"},"content":{"rendered":"<p><img decoding=\"async\" class=\"alignright size-full wp-image-37041\" src=\"https:\/\/dutchhealthstore.com\/wp-content\/uploads\/2018\/04\/Living_Libations-1.png\" alt=\"Organic &amp; Natural Beautyproducts - Living Libations\" width=\"175\" height=\"82\">Goodnight Oil is fantastisch samengesteld met gezonde jojoba om te voeden, herstellende cactusvijgolie voor diepe hydratatie, ricinusolie voor verheldering, wierook voor versterking en mirre om te bevochtigen met zijn herstellende hars. Onze veelzijdige Goodnight Oil verwijdert oogmake-up en versterkt huid, wimpers en wenkbrauwen. Een goede make-up remover moet immers de wimpers en de huid herstellen en adoreren terwijl je slaapt!<\/p>\n<h3>Gebruiksaanwijzing<\/h3>\n<p>Oog make-up remover. Slechts een paar druppels <strong>Good <\/strong><strong>night <\/strong><strong>Oil<\/strong> op een vochtig biologisch katoenen rondje of wattenstaafje verwijdert elk vlekje make-up, reinigt elke porie grondig en zorgt voor weelderige wimpers en wenkbrauwen. Een druppel kan ook worden gebruikt als nachtelijke versterking voor huid-, wimper- en wenkbrauwbehandeling voor wie geen make-up draagt of hoeft te verwijderen.<\/p>\n<p><strong>Inhoud: 15 ml<\/strong><\/p>\n<h3 class=\"yikes-custom-woo-tab-title yikes-custom-woo-tab-title-natural-organic-ingredients\">Natuurlijke\/biologische Ingredi\u00ebnten<\/h3>\n<p><strong>Jojoba<\/strong> <em>(Simmondsia chinensis)<\/em> &#8211; Glorieuze, gouden jojoba voedt en verzorgt de dorstige huid. Jojoba heeft een onge\u00ebvenaard vermogen om de huid te hydrateren, de olieproductie in balans te brengen, de pori\u00ebn diep te reinigen en een langdurige conditionerende werking te cre\u00ebren die de huid verzacht tot perfecte zijde. Het zit boordevol peptiden, lipiden en bevat de hoogste niveaus van fenolische verbindingen die in de natuur voorkomen, samen met antioxidanten en alle oplosbare vormen van vitamine E.<\/p>\n<p><strong>Cactusvijg<\/strong> <em>(Opuntia Ficus indica)<\/em> &#8211; Ook bekend als zaadolie van de Barbarijse vijg, is cactusvijg een begeerde draagolie die afkomstig is uit de hete woestijn. Het wordt al eeuwenlang gebruikt door woestijnvolkeren om de uitgedroogde huid te verzachten die beschadigd is door de harde woestijnwind en de meedogenloze zon. Cactusvijg is voedend, hydraterend en versterkend.<\/p>\n<p><strong>Castololie<\/strong> <em>(Ricinus communis)<\/em> &#8211; Verhelderende castorolie houdt wimpers en wenkbrauwen schoon en gezond. Het wordt ook vaak gebruikt om rimpels, fijne lijntjes en een droge huid te verzachten.<\/p>\n<p><strong>Wierook<\/strong> <em>(Boswellia carterii)<\/em> &#8211; Wierook is de pi\u00e8ce de r\u00e9sistance van de huidverzorging! Het ontspant roodheid, verstevigt de huid, minimaliseert melasma en voorziet de huid van overvloedig vocht. Het is ook geweldig voor het verminderen van littekens en ouderdomsvlekken.<\/p>\n<p><strong>Mirre<\/strong> <em>(Commiphora myrrha)<\/em> &#8211; Prachtig Mirre-essence bevat hetzelfde buitenaardse aroma en de heilzame eigenschappen die het tot een favoriet van vele oude beschavingen maakten. De oude Egyptenaren gebruikten Mirre olie om te balsemen en als schoonheidsmiddel, ontgiftingsmiddel en geurig parfum. Het werd als heilig beschouwd in bijbelse tijden. Ze zalfden altaren met dit krachtige sap als het toppunt van zuiverheid. Mirre wordt al meer dan 3800 jaar gebruikt als een krachtige herstellende plant voor huidverzorging. Met een hoog gehalte aan verzachtende sesquiterpenen is Mirre een optimale olie voor het verminderen van littekens, puistjes, melasma en een rode, droge, doffe, oneffen huid. Deze weelderige oleoresine is prachtig in zonnebrandolie en schitterend voor een stralende huid.<\/p>\n<p><img fetchpriority=\"high\" decoding=\"async\" class=\"aligncenter size-full wp-image-31577\" src=\"https:\/\/dutchhealthstore.com\/wp-content\/uploads\/2018\/03\/organic_big.png\" alt=\"Organic and Natural - Living Libations\" width=\"623\" height=\"103\" srcset=\"https:\/\/dutchhealthstore.com\/wp-content\/uploads\/2018\/03\/organic_big.png 623w, https:\/\/dutchhealthstore.com\/wp-content\/uploads\/2018\/03\/organic_big-510x84.png 510w, https:\/\/dutchhealthstore.com\/wp-content\/uploads\/2018\/03\/organic_big-600x99.png 600w, https:\/\/dutchhealthstore.com\/wp-content\/uploads\/2018\/03\/organic_big-350x58.png 350w\" sizes=\"(max-width: 623px) 100vw, 623px\" \/><\/p>\n","protected":false},"excerpt":{"rendered":"<p>Verwijder, herstel, en toon de make-up de deur!<br \/>\n<strong>Good <\/strong><strong>night <\/strong><strong>Oil<\/strong> biedt de reinigende eigenschappen van een make-up remover met de hydraterende eigenschappen van een rijke, weelderige, nachtelijke huid- en wimperbehandeling. Reinig uw gezicht met gratie terwijl u een diep schoon, make-upvrij gezicht krijgt zonder agressieve alcoholen of oppervlakteactieve stoffen.<\/p>\n","protected":false},"featured_media":59133,"comment_status":"open","ping_status":"closed","template":"","meta":[],"product_brand":[],"product_cat":[14731,1029,2990,5035,2989,1208,5976,6255,1006,5894,5925,510],"product_tag":[21533,4079,21527,21780],"class_list":{"0":"post-107407","1":"product","2":"type-product","3":"status-publish","4":"has-post-thumbnail","6":"product_cat-huidverzorging","7":"product_cat-categorieen","8":"product_cat-cleansers-nl-8","9":"product_cat-cleansers-nl-9","10":"product_cat-gezicht","11":"product_cat-living-libations-nederland","12":"product_cat-make-up-nl","13":"product_cat-make-up-remover","14":"product_cat-merken","15":"product_cat-eye-lip-care-nl","16":"product_cat-eye-care-nl-3","17":"product_cat-shop-winkel","18":"product_tag-mind-nl","19":"product_tag-olie","20":"product_tag-ontspannend","21":"product_tag-slaap","22":"pa_brand-livinglibations-nl","23":"pa_make-up-productype-lips-nl","24":"pa_make-up-productype-eyes-nl","25":"pa_make-up-productype-cheeks-nl","26":"pa_size-15-ml-nl","27":"pa_skincare-type-cleansers-nl","28":"pa_skincare-type-lips-eye-care-nl","30":"first","31":"instock","32":"taxable","33":"shipping-taxable","34":"purchasable","35":"product-type-simple"},"bundled_by":[],"bundle_stock_status":"instock","bundle_stock_quantity":3,"bundle_virtual":false,"bundle_layout":"","bundle_add_to_cart_form_location":"","bundle_editable_in_cart":false,"bundle_sold_individually_context":"","bundle_item_grouping":"","bundle_min_size":"","bundle_max_size":"","bundle_price":[],"bundled_items":[],"bundle_sell_ids":[107424],"atum_controlled":true,"out_stock_date":null,"out_stock_threshold":null,"inheritable":false,"stock_on_hold":0,"sold_today":0,"sales_last_days":0,"out_stock_days":0,"lost_sales":0,"update_date":"2026-04-07T01:46:58","atum_locations":[],"atum_stock_status":"instock","restock_status":false,"low_stock_amount":0,"sales_update_date":"2026-04-07T01:46:58","calc_backorders":null,"group_of_quantity":0,"min_quantity":0,"max_quantity":"","exclude_order_quantity_value_rules":"no","exclude_category_quantity_rules":"no","combine_variations":"no","yoast_head":"<!-- This site is optimized with the Yoast SEO Premium plugin v26.5 (Yoast SEO v26.5) - https:\/\/yoast.com\/wordpress\/plugins\/seo\/ -->\n<title>Goodnight Oil | Living Libations<\/title>\n<meta name=\"description\" content=\"Goodnight Oil biedt de reinigende eigenschappen van een make-up remover met de hydraterende eigenschappen van een rijke, weelderige, nachtelijke huid- en wimperbehandeling.\" \/>\n<meta name=\"robots\" content=\"index, follow, max-snippet:-1, max-image-preview:large, max-video-preview:-1\" \/>\n<link rel=\"canonical\" href=\"https:\/\/dutchhealthstore.com\/nl\/product\/goodnight-oil\/\" \/>\n<meta property=\"og:locale\" content=\"nl_NL\" \/>\n<meta property=\"og:type\" content=\"article\" \/>\n<meta property=\"og:title\" content=\"Goodnight Oil - Dutch Health Store\" \/>\n<meta property=\"og:description\" content=\"Goodnight Oil biedt de reinigende eigenschappen van een make-up remover met de hydraterende eigenschappen van een rijke, weelderige, nachtelijke huid- en wimperbehandeling.\" \/>\n<meta property=\"og:url\" content=\"https:\/\/dutchhealthstore.com\/nl\/product\/goodnight-oil\/\" \/>\n<meta property=\"og:site_name\" content=\"Dutch Health Store\" \/>\n<meta property=\"article:publisher\" content=\"https:\/\/www.instagram.com\/dutchhealthstore\/\" \/>\n<meta property=\"article:modified_time\" content=\"2026-03-24T13:38:11+00:00\" \/>\n<meta property=\"og:image\" content=\"https:\/\/dutchhealthstore.com\/wp-content\/uploads\/2019\/05\/Goodnight-Oil-Living-Libations.jpg\" \/>\n\t<meta property=\"og:image:width\" content=\"1200\" \/>\n\t<meta property=\"og:image:height\" content=\"1200\" \/>\n\t<meta property=\"og:image:type\" content=\"image\/jpeg\" \/>\n<meta name=\"twitter:card\" content=\"summary_large_image\" \/>\n<meta name=\"twitter:label1\" content=\"Prijs\" \/>\n\t<meta name=\"twitter:data1\" content=\"&euro;29,00\" \/>\n\t<meta name=\"twitter:label2\" content=\"Beschikbaarheid\" \/>\n\t<meta name=\"twitter:data2\" content=\"Op voorraad\" \/>\n<script type=\"application\/ld+json\" class=\"yoast-schema-graph\">{\"@context\":\"https:\/\/schema.org\",\"@graph\":[{\"@type\":\"WebPage\",\"@id\":\"https:\/\/dutchhealthstore.com\/nl\/product\/goodnight-oil\/\",\"url\":\"https:\/\/dutchhealthstore.com\/nl\/product\/goodnight-oil\/\",\"name\":\"Goodnight Oil | Living Libations\",\"isPartOf\":{\"@id\":\"https:\/\/dutchhealthstore.com\/nl\/#website\"},\"primaryImageOfPage\":{\"@id\":\"https:\/\/dutchhealthstore.com\/nl\/product\/goodnight-oil\/#primaryimage\"},\"image\":{\"@id\":\"https:\/\/dutchhealthstore.com\/nl\/product\/goodnight-oil\/#primaryimage\"},\"thumbnailUrl\":\"https:\/\/dutchhealthstore.com\/wp-content\/uploads\/2019\/05\/Goodnight-Oil-Living-Libations.jpg\",\"datePublished\":\"2019-05-26T12:04:28+00:00\",\"dateModified\":\"2026-03-24T13:38:11+00:00\",\"description\":\"Goodnight Oil biedt de reinigende eigenschappen van een make-up remover met de hydraterende eigenschappen van een rijke, weelderige, nachtelijke huid- en wimperbehandeling.\",\"breadcrumb\":{\"@id\":\"https:\/\/dutchhealthstore.com\/nl\/product\/goodnight-oil\/#breadcrumb\"},\"inLanguage\":\"nl-NL\",\"potentialAction\":[{\"@type\":\"ReadAction\",\"target\":[\"https:\/\/dutchhealthstore.com\/nl\/product\/goodnight-oil\/\"]}]},{\"@type\":\"ImageObject\",\"inLanguage\":\"nl-NL\",\"@id\":\"https:\/\/dutchhealthstore.com\/nl\/product\/goodnight-oil\/#primaryimage\",\"url\":\"https:\/\/dutchhealthstore.com\/wp-content\/uploads\/2019\/05\/Goodnight-Oil-Living-Libations.jpg\",\"contentUrl\":\"https:\/\/dutchhealthstore.com\/wp-content\/uploads\/2019\/05\/Goodnight-Oil-Living-Libations.jpg\",\"width\":1200,\"height\":1200},{\"@type\":\"BreadcrumbList\",\"@id\":\"https:\/\/dutchhealthstore.com\/nl\/product\/goodnight-oil\/#breadcrumb\",\"itemListElement\":[{\"@type\":\"ListItem\",\"position\":1,\"name\":\"Home\",\"item\":\"https:\/\/dutchhealthstore.com\/nl\/\"},{\"@type\":\"ListItem\",\"position\":2,\"name\":\"Shop\",\"item\":\"https:\/\/dutchhealthstore.com\/nl\/shop\/\"},{\"@type\":\"ListItem\",\"position\":3,\"name\":\"Goodnight Oil\"}]},{\"@type\":\"WebSite\",\"@id\":\"https:\/\/dutchhealthstore.com\/nl\/#website\",\"url\":\"https:\/\/dutchhealthstore.com\/nl\/\",\"name\":\"Dutch Health Store\",\"description\":\"Enhance Your Beauty with Organic &amp; Natural Skincare\",\"publisher\":{\"@id\":\"https:\/\/dutchhealthstore.com\/nl\/#organization\"},\"potentialAction\":[{\"@type\":\"SearchAction\",\"target\":{\"@type\":\"EntryPoint\",\"urlTemplate\":\"https:\/\/dutchhealthstore.com\/nl\/?s={search_term_string}\"},\"query-input\":{\"@type\":\"PropertyValueSpecification\",\"valueRequired\":true,\"valueName\":\"search_term_string\"}}],\"inLanguage\":\"nl-NL\"},{\"@type\":\"Organization\",\"@id\":\"https:\/\/dutchhealthstore.com\/nl\/#organization\",\"name\":\"Dutch Health Store\",\"url\":\"https:\/\/dutchhealthstore.com\/nl\/\",\"logo\":{\"@type\":\"ImageObject\",\"inLanguage\":\"nl-NL\",\"@id\":\"https:\/\/dutchhealthstore.com\/nl\/#\/schema\/logo\/image\/\",\"url\":\"https:\/\/dutchhealthstore.com\/wp-content\/uploads\/2020\/08\/logo-dutchhealthstore-jpg-e1599484957574.jpg\",\"contentUrl\":\"https:\/\/dutchhealthstore.com\/wp-content\/uploads\/2020\/08\/logo-dutchhealthstore-jpg-e1599484957574.jpg\",\"width\":400,\"height\":62,\"caption\":\"Dutch Health Store\"},\"image\":{\"@id\":\"https:\/\/dutchhealthstore.com\/nl\/#\/schema\/logo\/image\/\"},\"sameAs\":[\"https:\/\/www.instagram.com\/dutchhealthstore\/\",\"https:\/\/www.facebook.com\/dutchhealthstore\"]}]}<\/script>\n<meta property=\"product:brand\" content=\"Living Libations\" \/>\n<meta property=\"product:price:amount\" content=\"29.00\" \/>\n<meta property=\"product:price:currency\" content=\"EUR\" \/>\n<meta property=\"og:availability\" content=\"instock\" \/>\n<meta property=\"product:availability\" content=\"instock\" \/>\n<meta property=\"product:condition\" content=\"new\" \/>\n<!-- \/ Yoast SEO Premium plugin. -->","yoast_head_json":{"title":"Goodnight Oil | Living Libations","description":"Goodnight Oil biedt de reinigende eigenschappen van een make-up remover met de hydraterende eigenschappen van een rijke, weelderige, nachtelijke huid- en wimperbehandeling.","robots":{"index":"index","follow":"follow","max-snippet":"max-snippet:-1","max-image-preview":"max-image-preview:large","max-video-preview":"max-video-preview:-1"},"canonical":"https:\/\/dutchhealthstore.com\/nl\/product\/goodnight-oil\/","og_locale":"nl_NL","og_type":"article","og_title":"Goodnight Oil - Dutch Health Store","og_description":"Goodnight Oil biedt de reinigende eigenschappen van een make-up remover met de hydraterende eigenschappen van een rijke, weelderige, nachtelijke huid- en wimperbehandeling.","og_url":"https:\/\/dutchhealthstore.com\/nl\/product\/goodnight-oil\/","og_site_name":"Dutch Health Store","article_publisher":"https:\/\/www.instagram.com\/dutchhealthstore\/","article_modified_time":"2026-03-24T13:38:11+00:00","og_image":[{"width":1200,"height":1200,"url":"https:\/\/dutchhealthstore.com\/wp-content\/uploads\/2019\/05\/Goodnight-Oil-Living-Libations.jpg","type":"image\/jpeg"}],"twitter_card":"summary_large_image","twitter_misc":{"Prijs":"&euro;29,00","Beschikbaarheid":"Op voorraad"},"schema":{"@context":"https:\/\/schema.org","@graph":[{"@type":"WebPage","@id":"https:\/\/dutchhealthstore.com\/nl\/product\/goodnight-oil\/","url":"https:\/\/dutchhealthstore.com\/nl\/product\/goodnight-oil\/","name":"Goodnight Oil | Living Libations","isPartOf":{"@id":"https:\/\/dutchhealthstore.com\/nl\/#website"},"primaryImageOfPage":{"@id":"https:\/\/dutchhealthstore.com\/nl\/product\/goodnight-oil\/#primaryimage"},"image":{"@id":"https:\/\/dutchhealthstore.com\/nl\/product\/goodnight-oil\/#primaryimage"},"thumbnailUrl":"https:\/\/dutchhealthstore.com\/wp-content\/uploads\/2019\/05\/Goodnight-Oil-Living-Libations.jpg","datePublished":"2019-05-26T12:04:28+00:00","dateModified":"2026-03-24T13:38:11+00:00","description":"Goodnight Oil biedt de reinigende eigenschappen van een make-up remover met de hydraterende eigenschappen van een rijke, weelderige, nachtelijke huid- en wimperbehandeling.","breadcrumb":{"@id":"https:\/\/dutchhealthstore.com\/nl\/product\/goodnight-oil\/#breadcrumb"},"inLanguage":"nl-NL","potentialAction":[{"@type":"ReadAction","target":["https:\/\/dutchhealthstore.com\/nl\/product\/goodnight-oil\/"]}]},{"@type":"ImageObject","inLanguage":"nl-NL","@id":"https:\/\/dutchhealthstore.com\/nl\/product\/goodnight-oil\/#primaryimage","url":"https:\/\/dutchhealthstore.com\/wp-content\/uploads\/2019\/05\/Goodnight-Oil-Living-Libations.jpg","contentUrl":"https:\/\/dutchhealthstore.com\/wp-content\/uploads\/2019\/05\/Goodnight-Oil-Living-Libations.jpg","width":1200,"height":1200},{"@type":"BreadcrumbList","@id":"https:\/\/dutchhealthstore.com\/nl\/product\/goodnight-oil\/#breadcrumb","itemListElement":[{"@type":"ListItem","position":1,"name":"Home","item":"https:\/\/dutchhealthstore.com\/nl\/"},{"@type":"ListItem","position":2,"name":"Shop","item":"https:\/\/dutchhealthstore.com\/nl\/shop\/"},{"@type":"ListItem","position":3,"name":"Goodnight Oil"}]},{"@type":"WebSite","@id":"https:\/\/dutchhealthstore.com\/nl\/#website","url":"https:\/\/dutchhealthstore.com\/nl\/","name":"Dutch Health Store","description":"Enhance Your Beauty with Organic &amp; Natural Skincare","publisher":{"@id":"https:\/\/dutchhealthstore.com\/nl\/#organization"},"potentialAction":[{"@type":"SearchAction","target":{"@type":"EntryPoint","urlTemplate":"https:\/\/dutchhealthstore.com\/nl\/?s={search_term_string}"},"query-input":{"@type":"PropertyValueSpecification","valueRequired":true,"valueName":"search_term_string"}}],"inLanguage":"nl-NL"},{"@type":"Organization","@id":"https:\/\/dutchhealthstore.com\/nl\/#organization","name":"Dutch Health Store","url":"https:\/\/dutchhealthstore.com\/nl\/","logo":{"@type":"ImageObject","inLanguage":"nl-NL","@id":"https:\/\/dutchhealthstore.com\/nl\/#\/schema\/logo\/image\/","url":"https:\/\/dutchhealthstore.com\/wp-content\/uploads\/2020\/08\/logo-dutchhealthstore-jpg-e1599484957574.jpg","contentUrl":"https:\/\/dutchhealthstore.com\/wp-content\/uploads\/2020\/08\/logo-dutchhealthstore-jpg-e1599484957574.jpg","width":400,"height":62,"caption":"Dutch Health Store"},"image":{"@id":"https:\/\/dutchhealthstore.com\/nl\/#\/schema\/logo\/image\/"},"sameAs":["https:\/\/www.instagram.com\/dutchhealthstore\/","https:\/\/www.facebook.com\/dutchhealthstore"]}]},"product_brand":"Living Libations","product_price_amount":"29.00","product_price_currency":"EUR","og_availability":"instock","product_availability":"instock","product_condition":"new"},"_links":{"self":[{"href":"https:\/\/dutchhealthstore.com\/nl\/wp-json\/wp\/v2\/product\/107407","targetHints":{"allow":["GET"]}}],"collection":[{"href":"https:\/\/dutchhealthstore.com\/nl\/wp-json\/wp\/v2\/product"}],"about":[{"href":"https:\/\/dutchhealthstore.com\/nl\/wp-json\/wp\/v2\/types\/product"}],"replies":[{"embeddable":true,"href":"https:\/\/dutchhealthstore.com\/nl\/wp-json\/wp\/v2\/comments?post=107407"}],"wp:featuredmedia":[{"embeddable":true,"href":"https:\/\/dutchhealthstore.com\/nl\/wp-json\/wp\/v2\/media\/59133"}],"wp:attachment":[{"href":"https:\/\/dutchhealthstore.com\/nl\/wp-json\/wp\/v2\/media?parent=107407"}],"wp:term":[{"taxonomy":"product_brand","embeddable":true,"href":"https:\/\/dutchhealthstore.com\/nl\/wp-json\/wp\/v2\/product_brand?post=107407"},{"taxonomy":"product_cat","embeddable":true,"href":"https:\/\/dutchhealthstore.com\/nl\/wp-json\/wp\/v2\/product_cat?post=107407"},{"taxonomy":"product_tag","embeddable":true,"href":"https:\/\/dutchhealthstore.com\/nl\/wp-json\/wp\/v2\/product_tag?post=107407"}],"curies":[{"name":"wp","href":"https:\/\/api.w.org\/{rel}","templated":true}]}}