{"id":107406,"date":"2020-02-17T08:43:24","date_gmt":"2020-02-17T08:43:24","guid":{"rendered":"https:\/\/dutchhealthstore.com\/product\/ginger-exfoliating-scrub\/"},"modified":"2026-02-21T19:36:50","modified_gmt":"2026-02-21T18:36:50","slug":"ginger-exfoliating-scrub","status":"publish","type":"product","link":"https:\/\/dutchhealthstore.com\/nl\/product\/ginger-exfoliating-scrub\/","title":{"rendered":"Ginger Exfoliating Scrub"},"content":{"rendered":"<p><img decoding=\"async\" class=\"alignright size-full wp-image-37041\" src=\"https:\/\/dutchhealthstore.com\/wp-content\/uploads\/2018\/04\/Living_Libations-1.png\" alt=\"Organic &amp; Natural Beautyproducts - Living Libations\" width=\"175\" height=\"82\">Onze <strong>Ginger Exfoliating Scrub<\/strong> verlevendigt de huid van top tot teen en zorgt voor een zijdezachte huid met een stralende en energieke teint!<\/p>\n<p>Deze gember scrubbende verve zal uw huid laten zingen als het verzacht en tonifieert met kalmerend zeewier en zeer fijn gemalen puimsteen gemengd in een romige, gember-grapefruit lotion.<\/p>\n<p>Doordrenkt met de hydraterende kracht van heemstwortel en voedzame jojoba, is onze <strong>Gember Exfoli\u00ebrende Scrub<\/strong> gevuld met levendige ingredi\u00ebnten die je huid wakker en vrolijk laten voelen.<br \/>\nDeze revitaliserende, parelmoeren pasta kan ook gebruikt worden als zachte gezichtsreiniger of exfoli\u00ebrende voetpolish.<\/p>\n<p><strong>Inhoud: 120 ml<\/strong><\/p>\n<h3>Gebruiksaanwijzing<\/h3>\n<p>Hoewel je hem kunt gebruiken wanneer je maar wilt, raden we je vooral aan deze scrub &#8217;s ochtends te gebruiken om je wakker te maken, of om hem na een lange dag te proberen als een oppepper. Het verzacht de huid door een zachte maar prachtige korrelige peeling, die een verbeterde textuur en een langdurige hydratatie achterlaat. Wanneer u het ook gebruikt, Living Libations <strong>Ginger <\/strong><strong>Exfoliating <\/strong><strong>Scrub<\/strong> zorgt ervoor dat uw huid zijdezacht en heerlijk glad aanvoelt.<\/p>\n<p>Een krachtige twee-in-\u00e9\u00e9n die de droge schilferige huid elimineert en het vocht vasthoudt. Aanbrengen op de natte of droge huid met blote handen of een badhandschoen. Masseer grondig, met speciale aandacht voor ruwe plekken. Spoel af en maak je klaar om je huid te voelen zingen! Verlevendigt de zintuigen met pittige gember en heldere citrus. Bij toepassing op het gezicht, met zachte druk gebruiken. Vervolg met een Best Skin Ever of uw favoriete Libations Serum voor extra vocht.<\/p>\n<h3 class=\"yikes-custom-woo-tab-title yikes-custom-woo-tab-title-natural-organic-ingredients\">Natuurlijke\/biologische Ingredi\u00ebnten<\/h3>\n<p><strong>Gouden jojoba-olie<\/strong><em> (Simmondsia chinensis) &#8211; <\/em>Glorieuze, gouden jojoba voedt en verzorgt de dorstige huid. Jojoba heeft een onge\u00ebvenaard vermogen om de huid te hydrateren, de olieproductie in balans te brengen, de pori\u00ebn diep te reinigen en een langdurige conditionerende werking te cre\u00ebren die de huid verzacht tot perfecte zijde. Het zit boordevol peptiden en lipiden en bevat de hoogste niveaus van fenolische verbindingen die in de natuur voorkomen, samen met antioxidanten en alle oplosbare vormen van vitamine E.<\/p>\n<p><strong>Virgin Kokosnoot Olie (<\/strong><em>Cocos nucifera) &#8211; <\/em>Onze pure, ongerepte Virgin Kokosnoot olie verzadigt de huid en biedt een prachtige hydratatie en veerkracht. Kokosolie verzacht de verschijning van fijne lijntjes, en is een schildwacht voor de vochtbarri\u00e8re van de huid.<\/p>\n<p><strong>Alo\u00eb Vera Olie <\/strong><em>(Alo\u00eb barbadensis) &#8211; <\/em>Alo\u00eb vera is een magische, vetplant die groeit in warmere klimaten. Het heeft een stevig blad dat een heldere, gelatineuze pulp biedt. Deze pulp zorgt voor een ongelooflijk verzachtende balsem voor de tere huid. Alo\u00eb biedt een perfecte hydratatie en heeft prachtige eigenschappen die in de huid dringen om roodheid en wallen te verminderen. Onze alo\u00eb vera biedt een dubbele dosis hydraterende bescherming voor de huid. Als natuurlijke vochtinbrenger trekt het in de huid en houdt het vocht vast. Tegelijkertijd vormt het een perfect poreus laagje bovenop de huid om vocht binnen te houden en de rest buiten te houden.<\/p>\n<p><strong>Bijenwas<\/strong> <em>(Cera alba<\/em>) &#8211; Mooie bijenwas is een ademende was, boordevol voedingsstoffen die het vocht vasthouden.<\/p>\n<p><strong>Blaaswier ( <\/strong><em>Fucus vesiculosus) &#8211; <\/em>Dit sappige zeewier is van nature slijmerig om de huid te smeren. Zeer rijk aan vitaminen en mineralen zoals calcium, magnesium, B-vitaminen en silica.<\/p>\n<p><strong>Puimsteen &#8211; <\/strong> Onze superscrub bevat ultrafijn gemalen puimsteen, een ongelooflijk poreus vulkanisch gesteente dat al duizenden jaren wordt gebruikt om een ruwe huid te scrubben. Puimsteen verwijdert dode huid en eelt, waardoor uw ruwste plekken glad worden.<\/p>\n<p><strong>Marshmallowwortel <\/strong><em>(Althaea officinalis) &#8211; <\/em>Het kleverige aanbod van deze wortel zorgt voor een onverwacht verzachtend en balancerend middel. Marshmallow wordt gebruikt om de droge, ruwe huid te bevochtigen, roodheid te verminderen en een te droge of te vette huid in balans te brengen.<\/p>\n<p><strong>Gladde Iep Olie <\/strong><em>(Ulmus rubra) &#8211;<\/em> Gladde iep is een slijmerige schors met gladde, verzachtende eigenschappen die helpen de huid te verzachten. Het brengt vocht in de huid om droogheid en roodheid te verminderen.<\/p>\n<p><strong>Citroenolie<\/strong> <em>(Citrus limon) &#8211;<\/em> Weelderige citroen verheldert, geeft energie en zuivert de huid van top tot teen. Het is uitstekend in reinigingsmiddelen omdat Citroen de huid verstevigt en veerkrachtig maakt.<\/p>\n<p><strong>Gemberolie <\/strong><em>(Zingiber officinale) &#8211;<\/em> Een held in ons aromatherapie-arsenaal omdat het een kruidige kracht heeft! Warm en pittig, het geeft de huid energie en helpt bij het verbeteren van de elasticiteit en stevigheid.<\/p>\n<p><strong>Grapefruitolie <\/strong><em>(Citrus paradisi) &#8211;<\/em> Verstevigende , aanspannende grapefruit verfrist de huid en maakt de huidstructuur glad.<\/p>\n<p><strong>Salie + Rozemarijnolie <\/strong><em>(Salvia officinalis + Rosmarinus officinalis) &#8211;<\/em> Deze krachtige, geconcentreerde superkritische verbindingen vangen de volledige symfonie van salie en rozemarijn als een extract dat voordelen biedt voor haar en huid, en de frisheid van deze conditioner ondersteunt met weelderige antioxidanten.<\/p>\n<p><img fetchpriority=\"high\" decoding=\"async\" class=\"size-medium wp-image-68103 aligncenter\" src=\"https:\/\/dutchhealthstore.com\/wp-content\/uploads\/2018\/02\/Living-Libations-Organic-Logo-800x89.png\" alt=\"Living Libations - Organic Logo\" width=\"800\" height=\"89\" srcset=\"https:\/\/dutchhealthstore.com\/wp-content\/uploads\/2018\/02\/Living-Libations-Organic-Logo-800x89.png 800w, https:\/\/dutchhealthstore.com\/wp-content\/uploads\/2018\/02\/Living-Libations-Organic-Logo-510x57.png 510w, https:\/\/dutchhealthstore.com\/wp-content\/uploads\/2018\/02\/Living-Libations-Organic-Logo-768x85.png 768w, https:\/\/dutchhealthstore.com\/wp-content\/uploads\/2018\/02\/Living-Libations-Organic-Logo.png 1400w\" sizes=\"(max-width: 800px) 100vw, 800px\" \/><\/p>\n","protected":false},"excerpt":{"rendered":"<p>Onze <strong>Ginger Exfoliating Scrub<\/strong> verlevendigt de huid van top tot teen en zorgt voor een zijdezachte huid met een stralende en energieke teint!<\/p>\n","protected":false},"featured_media":354821,"comment_status":"open","ping_status":"closed","template":"","meta":[],"product_brand":[],"product_cat":[1029,2990,5618,5621,2989,14731,6254,1500,5822,1208,5622,5677,5616,5624,1006,5623,5619,5005,4028,3737,510,5676,5664],"product_tag":[9625,21389,21807,4125,21808],"class_list":{"0":"post-107406","1":"product","2":"type-product","3":"status-publish","4":"has-post-thumbnail","6":"product_cat-categorieen","7":"product_cat-cleansers-nl-8","8":"product_cat-dry-mature-ageing-skin-nl-2","9":"product_cat-dry-mature-ageing-skin-nl-4","10":"product_cat-gezicht","11":"product_cat-huidverzorging","12":"product_cat-body-scrub-nl-2","13":"product_cat-lichaamsverzorging-living-libations","14":"product_cat-body-care-nl-3","15":"product_cat-living-libations-nederland","16":"product_cat-masks-scrubs-exfoliators-nl","17":"product_cat-masks-scrubs-exfoliators-nl-2","18":"product_cat-masks-scrubs-exfoliators-nl-6","19":"product_cat-masks-scrubs-exfoliators-nl-3","20":"product_cat-merken","21":"product_cat-normal-or-combination-skin-nl","22":"product_cat-normal-or-combination-skin-nl-2","23":"product_cat-by-skin-type","24":"product_cat-scrubs-maskers","25":"product_cat-scrubs-suds","26":"product_cat-shop-winkel","27":"product_cat-oily-skin-clogged-pores-nl-2","28":"product_cat-oily-skin-clogged-pores-nl","29":"product_tag-exfoliator-nl","30":"product_tag-lichaam","31":"product_tag-natural-nl","32":"product_tag-scrub-nl","33":"product_tag-verfrissend","34":"pa_brand-livinglibations-nl","35":"pa_gtin-7439657333392-nl","36":"pa_size-120-ml-nl","37":"pa_skincare-type-masks-scrubs-exfoliators-nl","38":"pa_skintype-dry-mature-ageing-skin-nl","39":"pa_skintype-normal-combination-skin-nl","40":"pa_skintype-oily-skin-nl","42":"first","43":"instock","44":"taxable","45":"shipping-taxable","46":"purchasable","47":"product-type-simple"},"bundled_by":[],"bundle_stock_status":"instock","bundle_stock_quantity":2,"bundle_virtual":false,"bundle_layout":"","bundle_add_to_cart_form_location":"","bundle_editable_in_cart":false,"bundle_sold_individually_context":"","bundle_item_grouping":"","bundle_min_size":"","bundle_max_size":"","bundle_price":[],"bundled_items":[],"bundle_sell_ids":[129699],"atum_controlled":true,"out_stock_date":null,"out_stock_threshold":null,"inheritable":false,"stock_on_hold":2,"sold_today":0,"sales_last_days":0,"out_stock_days":0,"lost_sales":0,"update_date":"2026-04-14T08:16:43","atum_locations":[],"atum_stock_status":"instock","restock_status":false,"low_stock_amount":"","sales_update_date":"2026-04-14T08:16:43","calc_backorders":null,"group_of_quantity":0,"min_quantity":0,"max_quantity":"","exclude_order_quantity_value_rules":"no","exclude_category_quantity_rules":"no","combine_variations":"no","yoast_head":"<!-- This site is optimized with the Yoast SEO Premium plugin v26.5 (Yoast SEO v26.5) - https:\/\/yoast.com\/wordpress\/plugins\/seo\/ -->\n<title>Ginger Exfoliating Scrub | Living libations<\/title>\n<meta name=\"description\" content=\"Onze Ginger Exfoliating Scrub verlevendigt de huid van top tot teen en zorgt voor een zijdezachte huid met een stralende en energieke teint!\" \/>\n<meta name=\"robots\" content=\"index, follow, max-snippet:-1, max-image-preview:large, max-video-preview:-1\" \/>\n<link rel=\"canonical\" href=\"https:\/\/dutchhealthstore.com\/nl\/product\/ginger-exfoliating-scrub\/\" \/>\n<meta property=\"og:locale\" content=\"nl_NL\" \/>\n<meta property=\"og:type\" content=\"article\" \/>\n<meta property=\"og:title\" content=\"Ginger Exfoliating Scrub - Dutch Health Store\" \/>\n<meta property=\"og:description\" content=\"Onze Ginger Exfoliating Scrub verlevendigt de huid van top tot teen en zorgt voor een zijdezachte huid met een stralende en energieke teint!\" \/>\n<meta property=\"og:url\" content=\"https:\/\/dutchhealthstore.com\/nl\/product\/ginger-exfoliating-scrub\/\" \/>\n<meta property=\"og:site_name\" content=\"Dutch Health Store\" \/>\n<meta property=\"article:publisher\" content=\"https:\/\/www.instagram.com\/dutchhealthstore\/\" \/>\n<meta property=\"article:modified_time\" content=\"2026-02-21T18:36:50+00:00\" \/>\n<meta property=\"og:image\" content=\"https:\/\/dutchhealthstore.com\/wp-content\/uploads\/2020\/02\/living-libations-ginger-exf-scrub-120ml.jpg\" \/>\n\t<meta property=\"og:image:width\" content=\"530\" \/>\n\t<meta property=\"og:image:height\" content=\"530\" \/>\n\t<meta property=\"og:image:type\" content=\"image\/jpeg\" \/>\n<meta name=\"twitter:card\" content=\"summary_large_image\" \/>\n<meta name=\"twitter:label1\" content=\"Prijs\" \/>\n\t<meta name=\"twitter:data1\" content=\"&euro;45,00\" \/>\n\t<meta name=\"twitter:label2\" content=\"Beschikbaarheid\" \/>\n\t<meta name=\"twitter:data2\" content=\"Op voorraad\" \/>\n<script type=\"application\/ld+json\" class=\"yoast-schema-graph\">{\"@context\":\"https:\/\/schema.org\",\"@graph\":[{\"@type\":\"WebPage\",\"@id\":\"https:\/\/dutchhealthstore.com\/nl\/product\/ginger-exfoliating-scrub\/\",\"url\":\"https:\/\/dutchhealthstore.com\/nl\/product\/ginger-exfoliating-scrub\/\",\"name\":\"Ginger Exfoliating Scrub | Living libations\",\"isPartOf\":{\"@id\":\"https:\/\/dutchhealthstore.com\/nl\/#website\"},\"primaryImageOfPage\":{\"@id\":\"https:\/\/dutchhealthstore.com\/nl\/product\/ginger-exfoliating-scrub\/#primaryimage\"},\"image\":{\"@id\":\"https:\/\/dutchhealthstore.com\/nl\/product\/ginger-exfoliating-scrub\/#primaryimage\"},\"thumbnailUrl\":\"https:\/\/dutchhealthstore.com\/wp-content\/uploads\/2020\/02\/living-libations-ginger-exf-scrub-120ml.jpg\",\"datePublished\":\"2020-02-17T08:43:24+00:00\",\"dateModified\":\"2026-02-21T18:36:50+00:00\",\"description\":\"Onze Ginger Exfoliating Scrub verlevendigt de huid van top tot teen en zorgt voor een zijdezachte huid met een stralende en energieke teint!\",\"breadcrumb\":{\"@id\":\"https:\/\/dutchhealthstore.com\/nl\/product\/ginger-exfoliating-scrub\/#breadcrumb\"},\"inLanguage\":\"nl-NL\",\"potentialAction\":[{\"@type\":\"ReadAction\",\"target\":[\"https:\/\/dutchhealthstore.com\/nl\/product\/ginger-exfoliating-scrub\/\"]}]},{\"@type\":\"ImageObject\",\"inLanguage\":\"nl-NL\",\"@id\":\"https:\/\/dutchhealthstore.com\/nl\/product\/ginger-exfoliating-scrub\/#primaryimage\",\"url\":\"https:\/\/dutchhealthstore.com\/wp-content\/uploads\/2020\/02\/living-libations-ginger-exf-scrub-120ml.jpg\",\"contentUrl\":\"https:\/\/dutchhealthstore.com\/wp-content\/uploads\/2020\/02\/living-libations-ginger-exf-scrub-120ml.jpg\",\"width\":530,\"height\":530,\"caption\":\"living-libations-ginger-exf-scrub-120ml\"},{\"@type\":\"BreadcrumbList\",\"@id\":\"https:\/\/dutchhealthstore.com\/nl\/product\/ginger-exfoliating-scrub\/#breadcrumb\",\"itemListElement\":[{\"@type\":\"ListItem\",\"position\":1,\"name\":\"Home\",\"item\":\"https:\/\/dutchhealthstore.com\/nl\/\"},{\"@type\":\"ListItem\",\"position\":2,\"name\":\"Shop\",\"item\":\"https:\/\/dutchhealthstore.com\/nl\/shop\/\"},{\"@type\":\"ListItem\",\"position\":3,\"name\":\"Ginger Exfoliating Scrub\"}]},{\"@type\":\"WebSite\",\"@id\":\"https:\/\/dutchhealthstore.com\/nl\/#website\",\"url\":\"https:\/\/dutchhealthstore.com\/nl\/\",\"name\":\"Dutch Health Store\",\"description\":\"Enhance Your Beauty with Organic &amp; Natural Skincare\",\"publisher\":{\"@id\":\"https:\/\/dutchhealthstore.com\/nl\/#organization\"},\"potentialAction\":[{\"@type\":\"SearchAction\",\"target\":{\"@type\":\"EntryPoint\",\"urlTemplate\":\"https:\/\/dutchhealthstore.com\/nl\/?s={search_term_string}\"},\"query-input\":{\"@type\":\"PropertyValueSpecification\",\"valueRequired\":true,\"valueName\":\"search_term_string\"}}],\"inLanguage\":\"nl-NL\"},{\"@type\":\"Organization\",\"@id\":\"https:\/\/dutchhealthstore.com\/nl\/#organization\",\"name\":\"Dutch Health Store\",\"url\":\"https:\/\/dutchhealthstore.com\/nl\/\",\"logo\":{\"@type\":\"ImageObject\",\"inLanguage\":\"nl-NL\",\"@id\":\"https:\/\/dutchhealthstore.com\/nl\/#\/schema\/logo\/image\/\",\"url\":\"https:\/\/dutchhealthstore.com\/wp-content\/uploads\/2020\/08\/logo-dutchhealthstore-jpg-e1599484957574.jpg\",\"contentUrl\":\"https:\/\/dutchhealthstore.com\/wp-content\/uploads\/2020\/08\/logo-dutchhealthstore-jpg-e1599484957574.jpg\",\"width\":400,\"height\":62,\"caption\":\"Dutch Health Store\"},\"image\":{\"@id\":\"https:\/\/dutchhealthstore.com\/nl\/#\/schema\/logo\/image\/\"},\"sameAs\":[\"https:\/\/www.instagram.com\/dutchhealthstore\/\",\"https:\/\/www.facebook.com\/dutchhealthstore\"]}]}<\/script>\n<meta property=\"product:brand\" content=\"Living Libations\" \/>\n<meta property=\"product:price:amount\" content=\"45.00\" \/>\n<meta property=\"product:price:currency\" content=\"EUR\" \/>\n<meta property=\"og:availability\" content=\"instock\" \/>\n<meta property=\"product:availability\" content=\"instock\" \/>\n<meta property=\"product:condition\" content=\"new\" \/>\n<!-- \/ Yoast SEO Premium plugin. -->","yoast_head_json":{"title":"Ginger Exfoliating Scrub | Living libations","description":"Onze Ginger Exfoliating Scrub verlevendigt de huid van top tot teen en zorgt voor een zijdezachte huid met een stralende en energieke teint!","robots":{"index":"index","follow":"follow","max-snippet":"max-snippet:-1","max-image-preview":"max-image-preview:large","max-video-preview":"max-video-preview:-1"},"canonical":"https:\/\/dutchhealthstore.com\/nl\/product\/ginger-exfoliating-scrub\/","og_locale":"nl_NL","og_type":"article","og_title":"Ginger Exfoliating Scrub - Dutch Health Store","og_description":"Onze Ginger Exfoliating Scrub verlevendigt de huid van top tot teen en zorgt voor een zijdezachte huid met een stralende en energieke teint!","og_url":"https:\/\/dutchhealthstore.com\/nl\/product\/ginger-exfoliating-scrub\/","og_site_name":"Dutch Health Store","article_publisher":"https:\/\/www.instagram.com\/dutchhealthstore\/","article_modified_time":"2026-02-21T18:36:50+00:00","og_image":[{"width":530,"height":530,"url":"https:\/\/dutchhealthstore.com\/wp-content\/uploads\/2020\/02\/living-libations-ginger-exf-scrub-120ml.jpg","type":"image\/jpeg"}],"twitter_card":"summary_large_image","twitter_misc":{"Prijs":"&euro;45,00","Beschikbaarheid":"Op voorraad"},"schema":{"@context":"https:\/\/schema.org","@graph":[{"@type":"WebPage","@id":"https:\/\/dutchhealthstore.com\/nl\/product\/ginger-exfoliating-scrub\/","url":"https:\/\/dutchhealthstore.com\/nl\/product\/ginger-exfoliating-scrub\/","name":"Ginger Exfoliating Scrub | Living libations","isPartOf":{"@id":"https:\/\/dutchhealthstore.com\/nl\/#website"},"primaryImageOfPage":{"@id":"https:\/\/dutchhealthstore.com\/nl\/product\/ginger-exfoliating-scrub\/#primaryimage"},"image":{"@id":"https:\/\/dutchhealthstore.com\/nl\/product\/ginger-exfoliating-scrub\/#primaryimage"},"thumbnailUrl":"https:\/\/dutchhealthstore.com\/wp-content\/uploads\/2020\/02\/living-libations-ginger-exf-scrub-120ml.jpg","datePublished":"2020-02-17T08:43:24+00:00","dateModified":"2026-02-21T18:36:50+00:00","description":"Onze Ginger Exfoliating Scrub verlevendigt de huid van top tot teen en zorgt voor een zijdezachte huid met een stralende en energieke teint!","breadcrumb":{"@id":"https:\/\/dutchhealthstore.com\/nl\/product\/ginger-exfoliating-scrub\/#breadcrumb"},"inLanguage":"nl-NL","potentialAction":[{"@type":"ReadAction","target":["https:\/\/dutchhealthstore.com\/nl\/product\/ginger-exfoliating-scrub\/"]}]},{"@type":"ImageObject","inLanguage":"nl-NL","@id":"https:\/\/dutchhealthstore.com\/nl\/product\/ginger-exfoliating-scrub\/#primaryimage","url":"https:\/\/dutchhealthstore.com\/wp-content\/uploads\/2020\/02\/living-libations-ginger-exf-scrub-120ml.jpg","contentUrl":"https:\/\/dutchhealthstore.com\/wp-content\/uploads\/2020\/02\/living-libations-ginger-exf-scrub-120ml.jpg","width":530,"height":530,"caption":"living-libations-ginger-exf-scrub-120ml"},{"@type":"BreadcrumbList","@id":"https:\/\/dutchhealthstore.com\/nl\/product\/ginger-exfoliating-scrub\/#breadcrumb","itemListElement":[{"@type":"ListItem","position":1,"name":"Home","item":"https:\/\/dutchhealthstore.com\/nl\/"},{"@type":"ListItem","position":2,"name":"Shop","item":"https:\/\/dutchhealthstore.com\/nl\/shop\/"},{"@type":"ListItem","position":3,"name":"Ginger Exfoliating Scrub"}]},{"@type":"WebSite","@id":"https:\/\/dutchhealthstore.com\/nl\/#website","url":"https:\/\/dutchhealthstore.com\/nl\/","name":"Dutch Health Store","description":"Enhance Your Beauty with Organic &amp; Natural Skincare","publisher":{"@id":"https:\/\/dutchhealthstore.com\/nl\/#organization"},"potentialAction":[{"@type":"SearchAction","target":{"@type":"EntryPoint","urlTemplate":"https:\/\/dutchhealthstore.com\/nl\/?s={search_term_string}"},"query-input":{"@type":"PropertyValueSpecification","valueRequired":true,"valueName":"search_term_string"}}],"inLanguage":"nl-NL"},{"@type":"Organization","@id":"https:\/\/dutchhealthstore.com\/nl\/#organization","name":"Dutch Health Store","url":"https:\/\/dutchhealthstore.com\/nl\/","logo":{"@type":"ImageObject","inLanguage":"nl-NL","@id":"https:\/\/dutchhealthstore.com\/nl\/#\/schema\/logo\/image\/","url":"https:\/\/dutchhealthstore.com\/wp-content\/uploads\/2020\/08\/logo-dutchhealthstore-jpg-e1599484957574.jpg","contentUrl":"https:\/\/dutchhealthstore.com\/wp-content\/uploads\/2020\/08\/logo-dutchhealthstore-jpg-e1599484957574.jpg","width":400,"height":62,"caption":"Dutch Health Store"},"image":{"@id":"https:\/\/dutchhealthstore.com\/nl\/#\/schema\/logo\/image\/"},"sameAs":["https:\/\/www.instagram.com\/dutchhealthstore\/","https:\/\/www.facebook.com\/dutchhealthstore"]}]},"product_brand":"Living Libations","product_price_amount":"45.00","product_price_currency":"EUR","og_availability":"instock","product_availability":"instock","product_condition":"new"},"_links":{"self":[{"href":"https:\/\/dutchhealthstore.com\/nl\/wp-json\/wp\/v2\/product\/107406","targetHints":{"allow":["GET"]}}],"collection":[{"href":"https:\/\/dutchhealthstore.com\/nl\/wp-json\/wp\/v2\/product"}],"about":[{"href":"https:\/\/dutchhealthstore.com\/nl\/wp-json\/wp\/v2\/types\/product"}],"replies":[{"embeddable":true,"href":"https:\/\/dutchhealthstore.com\/nl\/wp-json\/wp\/v2\/comments?post=107406"}],"wp:featuredmedia":[{"embeddable":true,"href":"https:\/\/dutchhealthstore.com\/nl\/wp-json\/wp\/v2\/media\/354821"}],"wp:attachment":[{"href":"https:\/\/dutchhealthstore.com\/nl\/wp-json\/wp\/v2\/media?parent=107406"}],"wp:term":[{"taxonomy":"product_brand","embeddable":true,"href":"https:\/\/dutchhealthstore.com\/nl\/wp-json\/wp\/v2\/product_brand?post=107406"},{"taxonomy":"product_cat","embeddable":true,"href":"https:\/\/dutchhealthstore.com\/nl\/wp-json\/wp\/v2\/product_cat?post=107406"},{"taxonomy":"product_tag","embeddable":true,"href":"https:\/\/dutchhealthstore.com\/nl\/wp-json\/wp\/v2\/product_tag?post=107406"}],"curies":[{"name":"wp","href":"https:\/\/api.w.org\/{rel}","templated":true}]}}