{"id":107204,"date":"2018-02-10T08:35:40","date_gmt":"2018-02-10T08:35:40","guid":{"rendered":"https:\/\/dutchhealthstore.com\/product\/chocolate-mocha-lover-lips\/"},"modified":"2026-04-13T11:35:48","modified_gmt":"2026-04-13T09:35:48","slug":"chocolate-mocha-lover-lips","status":"publish","type":"product","link":"https:\/\/dutchhealthstore.com\/nl\/product\/chocolate-mocha-lover-lips\/","title":{"rendered":"Chocolate Mocha Lover Lips"},"content":{"rendered":"<h3><img decoding=\"async\" class=\"alignright size-full wp-image-37041\" src=\"https:\/\/dutchhealthstore.com\/wp-content\/uploads\/2018\/04\/Living_Libations-1.png\" alt=\"Organic &amp; Natural Beautyproducts - Living Libations\" width=\"175\" height=\"82\">Gebruik<\/h3>\n<p>Aanbrengen op de lippen en ze de hele dag kusbaar houden. Het kan ook worden gebruikt als een balsem voor fijne lijntjes op de tere huid onder de ogen en langs de bovenkant van de jukbeenderen. Ook perfect onder Shimmer Lover Lips.<\/p>\n<p><strong>Inhoud: 5 ml<\/strong><\/p>\n<h3 class=\"yikes-custom-woo-tab-title yikes-custom-woo-tab-title-natural-organic-ingredients\">Natuurlijke\/biologische Ingredi\u00ebnten<\/h3>\n<p><strong>Jojoba <\/strong><em>(Simmondsia chinensis<\/em>) &#8211; Glorieuze, gouden jojoba voedt en verzorgt de dorstige huid. Jojoba heeft een onge\u00ebvenaard vermogen om de huid te hydrateren, de olieproductie in balans te brengen, de pori\u00ebn diep te reinigen en een langdurige conditionerende werking te cre\u00ebren die de huid verzacht tot perfecte zijde. Het zit boordevol peptiden en lipiden en bevat de hoogste niveaus van fenolische verbindingen die in de natuur voorkomen, samen met vitaminen en alle oplosbare vormen van vitamine E!<\/p>\n<p><strong>Bijenwas <\/strong>(<em>Cera alba<\/em>) \u2013 Bijenwas wordt gewaardeerd om zijn vermogen om delicaat lipweefsel te beschermen met een poreuze laag die vocht vasthoudt en gifstoffen buitensluit.<\/p>\n<p><strong>Chocolade<\/strong><em>(Theobroma cacao<\/em><em>)<\/em> &#8211; Chocolade, ook bekend als het voedsel van de goden, geeft deze lippenbalsem een hemels aroma en maakt de huid sereen glad. De combinatie van cacaobonen en boter zorgt voor een romige lippenbalsem die heerlijk over de huid glijdt &#8211; om de apocalyps van droge lippen op afstand te houden.<\/p>\n<p><strong><span class=\"ll-product-ingredient-first\">Kokoscr\u00e8me <\/span><\/strong><em><span class=\"ll-product-ingredient-first\">(<\/span><span class=\"ll-product-ingredient-second\">Cocos nucifera) \u2014 <\/span><\/em> <span class=\"ll-product-ingredient-second\">Heerlijke, verrukkelijke kokoscr\u00e8me dringt door in de huid bij slechts 24 graden, waardoor alle geweldige voedingsstoffen volledig door het lichaam worden opgenomen. Zoete kokoscr\u00e8me maakt de huid heerlijk soepel en nodigt uit tot omhelzingen van verlangen.<\/span><\/p>\n<p><strong>Vanille <\/strong><em>(Vanilla planifolia<\/em>) &#8211; Echte vanille overstijgt het gewone in een distillatie die 200 keer krachtiger is dan vanille-extract. Dit beruchte ingredi\u00ebnt zorgt voor een weelderige zoetheid en verwent de zintuigen met prikkelende honingnoten.<\/p>\n<p><strong>Koffie <\/strong><em>(Coffea arabica) <\/em><em>&#8211; <\/em>Onze speciale superge\u00ebxtraheerde koffiebonenessence, is een geconcentreerd kopje koffie zonder cafe\u00efne. De vrucht van de koffieboom kan uw stemming veraangenamen, opwinding opwekken en de huidskleur verzachten.<\/p>\n<p><strong>Citroen<\/strong> <em>(Citrus limon)<\/em> <em>&#8211;<\/em> Weelderige citroen verheldert, geeft energie en zuivert de huid van top tot teen. Het is uitstekend in reinigingsmiddelen voor acne en oneffenheden. Citroen verstevigt en geeft de huid veerkracht.<\/p>\n<p><img fetchpriority=\"high\" decoding=\"async\" class=\"aligncenter size-full wp-image-31577\" src=\"https:\/\/dutchhealthstore.com\/wp-content\/uploads\/2018\/03\/organic_big.png\" alt=\"Organic and Natural - Living Libations\" width=\"623\" height=\"103\" srcset=\"https:\/\/dutchhealthstore.com\/wp-content\/uploads\/2018\/03\/organic_big.png 623w, https:\/\/dutchhealthstore.com\/wp-content\/uploads\/2018\/03\/organic_big-510x84.png 510w, https:\/\/dutchhealthstore.com\/wp-content\/uploads\/2018\/03\/organic_big-600x99.png 600w, https:\/\/dutchhealthstore.com\/wp-content\/uploads\/2018\/03\/organic_big-350x58.png 350w\" sizes=\"(max-width: 623px) 100vw, 623px\" \/><\/p>\n","protected":false},"excerpt":{"rendered":"<p><strong>Chocolate <\/strong><strong>Mocha <\/strong><strong>Lover <\/strong><strong>Lips<\/strong> is een zintuiglijk &#8211; en sensueel &#8211; genot. Romige chocolade is vermengd met koffie, citroen en vanille met een vleugje verdedigende bijenwas om een hydraterende lippenbalsem te cre\u00ebren die uw lippen en geliefden volledig verzadigt. Deze Chocolate Mocha balsem is zacht, verzachtend en houdt de hele dag.<\/p>\n","protected":false},"featured_media":50821,"comment_status":"open","ping_status":"closed","template":"","meta":[],"product_brand":[],"product_cat":[1029,2989,14731,5977,4024,1208,5976,1006,5894,510],"product_tag":[21696,21802,21697,9766],"class_list":{"0":"post-107204","1":"product","2":"type-product","3":"status-publish","4":"has-post-thumbnail","6":"product_cat-categorieen","7":"product_cat-gezicht","8":"product_cat-huidverzorging","9":"product_cat-lips-nl-3","10":"product_cat-lippen","11":"product_cat-living-libations-nederland","12":"product_cat-make-up-nl","13":"product_cat-merken","14":"product_cat-eye-lip-care-nl","15":"product_cat-shop-winkel","16":"product_tag-lip-verzorging","17":"product_tag-lipgloss","18":"product_tag-lippenbalsem","19":"product_tag-moisturizer-nl","20":"pa_bestsellers-goed-nl","21":"pa_brand-livinglibations-nl","22":"pa_make-up-productype-lips-nl","23":"pa_size-5-ml-nl","24":"pa_skincare-type-lips-eye-care-nl","26":"first","27":"instock","28":"taxable","29":"shipping-taxable","30":"purchasable","31":"product-type-simple"},"bundled_by":[],"bundle_stock_status":"instock","bundle_stock_quantity":6,"bundle_virtual":false,"bundle_layout":"","bundle_add_to_cart_form_location":"","bundle_editable_in_cart":false,"bundle_sold_individually_context":"","bundle_item_grouping":"","bundle_min_size":"","bundle_max_size":"","bundle_price":[],"bundled_items":[],"bundle_sell_ids":[107205],"atum_controlled":true,"out_stock_date":null,"out_stock_threshold":null,"inheritable":false,"stock_on_hold":2,"sold_today":0,"sales_last_days":2,"out_stock_days":0,"lost_sales":0,"update_date":"2026-04-28T10:16:24","atum_locations":[],"atum_stock_status":"instock","restock_status":false,"low_stock_amount":0,"sales_update_date":"2026-04-28T10:16:23","calc_backorders":null,"group_of_quantity":0,"min_quantity":0,"max_quantity":"","exclude_order_quantity_value_rules":"no","exclude_category_quantity_rules":"no","combine_variations":"no","yoast_head":"<!-- This site is optimized with the Yoast SEO Premium plugin v26.5 (Yoast SEO v26.5) - https:\/\/yoast.com\/wordpress\/plugins\/seo\/ -->\n<title>Chocolate Mocha Lover Lips | Living Libations<\/title>\n<meta name=\"description\" content=\"Chocolate Mocha Lover Lips is een zintuiglijk - en sensueel - genot.\" \/>\n<meta name=\"robots\" content=\"index, follow, max-snippet:-1, max-image-preview:large, max-video-preview:-1\" \/>\n<link rel=\"canonical\" href=\"https:\/\/dutchhealthstore.com\/nl\/product\/chocolate-mocha-lover-lips\/\" \/>\n<meta property=\"og:locale\" content=\"nl_NL\" \/>\n<meta property=\"og:type\" content=\"article\" \/>\n<meta property=\"og:title\" content=\"Chocolate Mocha Lover Lips - Dutch Health Store\" \/>\n<meta property=\"og:description\" content=\"Chocolate Mocha Lover Lips is een zintuiglijk - en sensueel - genot.\" \/>\n<meta property=\"og:url\" content=\"https:\/\/dutchhealthstore.com\/nl\/product\/chocolate-mocha-lover-lips\/\" \/>\n<meta property=\"og:site_name\" content=\"Dutch Health Store\" \/>\n<meta property=\"article:publisher\" content=\"https:\/\/www.instagram.com\/dutchhealthstore\/\" \/>\n<meta property=\"article:modified_time\" content=\"2026-04-13T09:35:48+00:00\" \/>\n<meta property=\"og:image\" content=\"https:\/\/dutchhealthstore.com\/wp-content\/uploads\/2018\/02\/Living-Libations-Chocolate-Mocha-Lover-Lips.jpeg\" \/>\n\t<meta property=\"og:image:width\" content=\"614\" \/>\n\t<meta property=\"og:image:height\" content=\"614\" \/>\n\t<meta property=\"og:image:type\" content=\"image\/jpeg\" \/>\n<meta name=\"twitter:card\" content=\"summary_large_image\" \/>\n<meta name=\"twitter:label1\" content=\"Prijs\" \/>\n\t<meta name=\"twitter:data1\" content=\"&euro;15,00\" \/>\n\t<meta name=\"twitter:label2\" content=\"Beschikbaarheid\" \/>\n\t<meta name=\"twitter:data2\" content=\"Op voorraad\" \/>\n<script type=\"application\/ld+json\" class=\"yoast-schema-graph\">{\"@context\":\"https:\/\/schema.org\",\"@graph\":[{\"@type\":\"WebPage\",\"@id\":\"https:\/\/dutchhealthstore.com\/nl\/product\/chocolate-mocha-lover-lips\/\",\"url\":\"https:\/\/dutchhealthstore.com\/nl\/product\/chocolate-mocha-lover-lips\/\",\"name\":\"Chocolate Mocha Lover Lips | Living Libations\",\"isPartOf\":{\"@id\":\"https:\/\/dutchhealthstore.com\/nl\/#website\"},\"primaryImageOfPage\":{\"@id\":\"https:\/\/dutchhealthstore.com\/nl\/product\/chocolate-mocha-lover-lips\/#primaryimage\"},\"image\":{\"@id\":\"https:\/\/dutchhealthstore.com\/nl\/product\/chocolate-mocha-lover-lips\/#primaryimage\"},\"thumbnailUrl\":\"https:\/\/dutchhealthstore.com\/wp-content\/uploads\/2018\/02\/Living-Libations-Chocolate-Mocha-Lover-Lips.jpeg\",\"datePublished\":\"2018-02-10T08:35:40+00:00\",\"dateModified\":\"2026-04-13T09:35:48+00:00\",\"description\":\"Chocolate Mocha Lover Lips is een zintuiglijk - en sensueel - genot.\",\"breadcrumb\":{\"@id\":\"https:\/\/dutchhealthstore.com\/nl\/product\/chocolate-mocha-lover-lips\/#breadcrumb\"},\"inLanguage\":\"nl-NL\",\"potentialAction\":[{\"@type\":\"ReadAction\",\"target\":[\"https:\/\/dutchhealthstore.com\/nl\/product\/chocolate-mocha-lover-lips\/\"]}]},{\"@type\":\"ImageObject\",\"inLanguage\":\"nl-NL\",\"@id\":\"https:\/\/dutchhealthstore.com\/nl\/product\/chocolate-mocha-lover-lips\/#primaryimage\",\"url\":\"https:\/\/dutchhealthstore.com\/wp-content\/uploads\/2018\/02\/Living-Libations-Chocolate-Mocha-Lover-Lips.jpeg\",\"contentUrl\":\"https:\/\/dutchhealthstore.com\/wp-content\/uploads\/2018\/02\/Living-Libations-Chocolate-Mocha-Lover-Lips.jpeg\",\"width\":614,\"height\":614,\"caption\":\"Living Libations - Chocolate-Mocha Lover Lips\"},{\"@type\":\"BreadcrumbList\",\"@id\":\"https:\/\/dutchhealthstore.com\/nl\/product\/chocolate-mocha-lover-lips\/#breadcrumb\",\"itemListElement\":[{\"@type\":\"ListItem\",\"position\":1,\"name\":\"Home\",\"item\":\"https:\/\/dutchhealthstore.com\/nl\/\"},{\"@type\":\"ListItem\",\"position\":2,\"name\":\"Shop\",\"item\":\"https:\/\/dutchhealthstore.com\/nl\/shop\/\"},{\"@type\":\"ListItem\",\"position\":3,\"name\":\"Chocolate Mocha Lover Lips\"}]},{\"@type\":\"WebSite\",\"@id\":\"https:\/\/dutchhealthstore.com\/nl\/#website\",\"url\":\"https:\/\/dutchhealthstore.com\/nl\/\",\"name\":\"Dutch Health Store\",\"description\":\"Enhance Your Beauty with Organic &amp; Natural Skincare\",\"publisher\":{\"@id\":\"https:\/\/dutchhealthstore.com\/nl\/#organization\"},\"potentialAction\":[{\"@type\":\"SearchAction\",\"target\":{\"@type\":\"EntryPoint\",\"urlTemplate\":\"https:\/\/dutchhealthstore.com\/nl\/?s={search_term_string}\"},\"query-input\":{\"@type\":\"PropertyValueSpecification\",\"valueRequired\":true,\"valueName\":\"search_term_string\"}}],\"inLanguage\":\"nl-NL\"},{\"@type\":\"Organization\",\"@id\":\"https:\/\/dutchhealthstore.com\/nl\/#organization\",\"name\":\"Dutch Health Store\",\"url\":\"https:\/\/dutchhealthstore.com\/nl\/\",\"logo\":{\"@type\":\"ImageObject\",\"inLanguage\":\"nl-NL\",\"@id\":\"https:\/\/dutchhealthstore.com\/nl\/#\/schema\/logo\/image\/\",\"url\":\"https:\/\/dutchhealthstore.com\/wp-content\/uploads\/2020\/08\/logo-dutchhealthstore-jpg-e1599484957574.jpg\",\"contentUrl\":\"https:\/\/dutchhealthstore.com\/wp-content\/uploads\/2020\/08\/logo-dutchhealthstore-jpg-e1599484957574.jpg\",\"width\":400,\"height\":62,\"caption\":\"Dutch Health Store\"},\"image\":{\"@id\":\"https:\/\/dutchhealthstore.com\/nl\/#\/schema\/logo\/image\/\"},\"sameAs\":[\"https:\/\/www.instagram.com\/dutchhealthstore\/\",\"https:\/\/www.facebook.com\/dutchhealthstore\"]}]}<\/script>\n<meta property=\"product:brand\" content=\"Living Libations\" \/>\n<meta property=\"product:price:amount\" content=\"15.00\" \/>\n<meta property=\"product:price:currency\" content=\"EUR\" \/>\n<meta property=\"og:availability\" content=\"instock\" \/>\n<meta property=\"product:availability\" content=\"instock\" \/>\n<meta property=\"product:condition\" content=\"new\" \/>\n<!-- \/ Yoast SEO Premium plugin. -->","yoast_head_json":{"title":"Chocolate Mocha Lover Lips | Living Libations","description":"Chocolate Mocha Lover Lips is een zintuiglijk - en sensueel - genot.","robots":{"index":"index","follow":"follow","max-snippet":"max-snippet:-1","max-image-preview":"max-image-preview:large","max-video-preview":"max-video-preview:-1"},"canonical":"https:\/\/dutchhealthstore.com\/nl\/product\/chocolate-mocha-lover-lips\/","og_locale":"nl_NL","og_type":"article","og_title":"Chocolate Mocha Lover Lips - Dutch Health Store","og_description":"Chocolate Mocha Lover Lips is een zintuiglijk - en sensueel - genot.","og_url":"https:\/\/dutchhealthstore.com\/nl\/product\/chocolate-mocha-lover-lips\/","og_site_name":"Dutch Health Store","article_publisher":"https:\/\/www.instagram.com\/dutchhealthstore\/","article_modified_time":"2026-04-13T09:35:48+00:00","og_image":[{"width":614,"height":614,"url":"https:\/\/dutchhealthstore.com\/wp-content\/uploads\/2018\/02\/Living-Libations-Chocolate-Mocha-Lover-Lips.jpeg","type":"image\/jpeg"}],"twitter_card":"summary_large_image","twitter_misc":{"Prijs":"&euro;15,00","Beschikbaarheid":"Op voorraad"},"schema":{"@context":"https:\/\/schema.org","@graph":[{"@type":"WebPage","@id":"https:\/\/dutchhealthstore.com\/nl\/product\/chocolate-mocha-lover-lips\/","url":"https:\/\/dutchhealthstore.com\/nl\/product\/chocolate-mocha-lover-lips\/","name":"Chocolate Mocha Lover Lips | Living Libations","isPartOf":{"@id":"https:\/\/dutchhealthstore.com\/nl\/#website"},"primaryImageOfPage":{"@id":"https:\/\/dutchhealthstore.com\/nl\/product\/chocolate-mocha-lover-lips\/#primaryimage"},"image":{"@id":"https:\/\/dutchhealthstore.com\/nl\/product\/chocolate-mocha-lover-lips\/#primaryimage"},"thumbnailUrl":"https:\/\/dutchhealthstore.com\/wp-content\/uploads\/2018\/02\/Living-Libations-Chocolate-Mocha-Lover-Lips.jpeg","datePublished":"2018-02-10T08:35:40+00:00","dateModified":"2026-04-13T09:35:48+00:00","description":"Chocolate Mocha Lover Lips is een zintuiglijk - en sensueel - genot.","breadcrumb":{"@id":"https:\/\/dutchhealthstore.com\/nl\/product\/chocolate-mocha-lover-lips\/#breadcrumb"},"inLanguage":"nl-NL","potentialAction":[{"@type":"ReadAction","target":["https:\/\/dutchhealthstore.com\/nl\/product\/chocolate-mocha-lover-lips\/"]}]},{"@type":"ImageObject","inLanguage":"nl-NL","@id":"https:\/\/dutchhealthstore.com\/nl\/product\/chocolate-mocha-lover-lips\/#primaryimage","url":"https:\/\/dutchhealthstore.com\/wp-content\/uploads\/2018\/02\/Living-Libations-Chocolate-Mocha-Lover-Lips.jpeg","contentUrl":"https:\/\/dutchhealthstore.com\/wp-content\/uploads\/2018\/02\/Living-Libations-Chocolate-Mocha-Lover-Lips.jpeg","width":614,"height":614,"caption":"Living Libations - Chocolate-Mocha Lover Lips"},{"@type":"BreadcrumbList","@id":"https:\/\/dutchhealthstore.com\/nl\/product\/chocolate-mocha-lover-lips\/#breadcrumb","itemListElement":[{"@type":"ListItem","position":1,"name":"Home","item":"https:\/\/dutchhealthstore.com\/nl\/"},{"@type":"ListItem","position":2,"name":"Shop","item":"https:\/\/dutchhealthstore.com\/nl\/shop\/"},{"@type":"ListItem","position":3,"name":"Chocolate Mocha Lover Lips"}]},{"@type":"WebSite","@id":"https:\/\/dutchhealthstore.com\/nl\/#website","url":"https:\/\/dutchhealthstore.com\/nl\/","name":"Dutch Health Store","description":"Enhance Your Beauty with Organic &amp; Natural Skincare","publisher":{"@id":"https:\/\/dutchhealthstore.com\/nl\/#organization"},"potentialAction":[{"@type":"SearchAction","target":{"@type":"EntryPoint","urlTemplate":"https:\/\/dutchhealthstore.com\/nl\/?s={search_term_string}"},"query-input":{"@type":"PropertyValueSpecification","valueRequired":true,"valueName":"search_term_string"}}],"inLanguage":"nl-NL"},{"@type":"Organization","@id":"https:\/\/dutchhealthstore.com\/nl\/#organization","name":"Dutch Health Store","url":"https:\/\/dutchhealthstore.com\/nl\/","logo":{"@type":"ImageObject","inLanguage":"nl-NL","@id":"https:\/\/dutchhealthstore.com\/nl\/#\/schema\/logo\/image\/","url":"https:\/\/dutchhealthstore.com\/wp-content\/uploads\/2020\/08\/logo-dutchhealthstore-jpg-e1599484957574.jpg","contentUrl":"https:\/\/dutchhealthstore.com\/wp-content\/uploads\/2020\/08\/logo-dutchhealthstore-jpg-e1599484957574.jpg","width":400,"height":62,"caption":"Dutch Health Store"},"image":{"@id":"https:\/\/dutchhealthstore.com\/nl\/#\/schema\/logo\/image\/"},"sameAs":["https:\/\/www.instagram.com\/dutchhealthstore\/","https:\/\/www.facebook.com\/dutchhealthstore"]}]},"product_brand":"Living Libations","product_price_amount":"15.00","product_price_currency":"EUR","og_availability":"instock","product_availability":"instock","product_condition":"new"},"_links":{"self":[{"href":"https:\/\/dutchhealthstore.com\/nl\/wp-json\/wp\/v2\/product\/107204","targetHints":{"allow":["GET"]}}],"collection":[{"href":"https:\/\/dutchhealthstore.com\/nl\/wp-json\/wp\/v2\/product"}],"about":[{"href":"https:\/\/dutchhealthstore.com\/nl\/wp-json\/wp\/v2\/types\/product"}],"replies":[{"embeddable":true,"href":"https:\/\/dutchhealthstore.com\/nl\/wp-json\/wp\/v2\/comments?post=107204"}],"wp:featuredmedia":[{"embeddable":true,"href":"https:\/\/dutchhealthstore.com\/nl\/wp-json\/wp\/v2\/media\/50821"}],"wp:attachment":[{"href":"https:\/\/dutchhealthstore.com\/nl\/wp-json\/wp\/v2\/media?parent=107204"}],"wp:term":[{"taxonomy":"product_brand","embeddable":true,"href":"https:\/\/dutchhealthstore.com\/nl\/wp-json\/wp\/v2\/product_brand?post=107204"},{"taxonomy":"product_cat","embeddable":true,"href":"https:\/\/dutchhealthstore.com\/nl\/wp-json\/wp\/v2\/product_cat?post=107204"},{"taxonomy":"product_tag","embeddable":true,"href":"https:\/\/dutchhealthstore.com\/nl\/wp-json\/wp\/v2\/product_tag?post=107204"}],"curies":[{"name":"wp","href":"https:\/\/api.w.org\/{rel}","templated":true}]}}