{"id":106875,"date":"2020-01-20T11:59:50","date_gmt":"2020-01-20T11:59:50","guid":{"rendered":"https:\/\/dutchhealthstore.com\/product\/zippity-dewdab-ozonated-beauty-balm\/"},"modified":"2026-01-06T11:42:56","modified_gmt":"2026-01-06T10:42:56","slug":"zippity-dewdab-ozonated-beauty-balm","status":"publish","type":"product","link":"https:\/\/dutchhealthstore.com\/nl\/product\/zippity-dewdab-ozonated-beauty-balm\/","title":{"rendered":"Zippity DewDab &#8211; Ozonated Beauty Balm"},"content":{"rendered":"<p><b><strong><img decoding=\"async\" class=\"alignright size-full wp-image-69549\" src=\"https:\/\/dutchhealthstore.com\/wp-content\/uploads\/2019\/08\/NEW-Living-Libations-Logo.jpg\" alt=\"NEW - Living Libations - Logo\" width=\"175\" height=\"82\">Z<\/strong><\/b><b><strong>i<\/strong><\/b><b><strong>ppity <\/strong><\/b><b><strong>Dauw<\/strong><\/b><b><strong>Dab Ozonated Beauty Balm <\/strong><\/b>is een energieke schoonheidsbalsem voor het reinigen van acne, en het kalmeren van rode, ruwe en ongelijkmatige huidtextuur. Deze fluweelzachte balsem verandert boven kamertemperatuur in een zijdezachte gel.<\/p>\n<p>Huidbeschermende laurierwas en heilzame jojoba smelten samen met de essenti\u00eble oli\u00ebn van versterkende niaouli, zuiverende wortel, stimulerende immortelle, pori\u00ebnzuiverende rozemarijn, verkoelende blauwe tansy en talgstabiliserende zoete tijm. Ozon brengt de levenskracht van zuurstof briljant in evenwicht en levert deze om een gladde, levendige huid te herstellen.<\/p>\n<p>Voor de huid die een behendige en effici\u00ebnte tonic nodig heeft, dep een enkele groene dauwdruppel &#8217;s morgens en &#8217;s avonds op de aangetaste huid.<\/p>\n<h3 style=\"font-weight: 400;\"><strong>Het aroma van ozon begrijpen<\/strong><\/h3>\n<p style=\"font-weight: 400;\">Als u nieuw bent met ozonhoudende olie, kan de geur verrassend zijn, want hij doet denken aan het aroma van geladen lucht tijdens een onweersbui. De meeste mensen houden van het frisse, geladen aroma, terwijl anderen het bij de eerste snuif sterk en ongewoon vinden. Deze mensen vinden het prettiger nadat ze een paar dagen ozon hebben gebruikt. Elke formule is verrijkt met de verrukkelijke dans van ge\u00efnfuseerde aromatische essenti\u00eble oli\u00ebn om de geur- en huidervaring verder te activeren.<\/p>\n<h3>Gebruiksaanwijzing<\/h3>\n<p>Dep na het reinigen een klein dauwdopje op de aangetaste huid. Werkt ook goed onder oogmake-up en als lipgloss!<\/p>\n<p><strong>Inhoud: 6,5 ml<\/strong><\/p>\n<h3 class=\"yikes-custom-woo-tab-title yikes-custom-woo-tab-title-natural-organic-ingredients\">Natuurlijke\/biologische Ingredi\u00ebnten<\/h3>\n<p><strong>Ozonated Jojoba<\/strong> <em>(Simmondsia chinensis O3)<\/em> &#8211; Jojoba is geperst met weelderige ozon om de huid op te laden! Wanneer ozon wordt toegevoegd aan gezonde jojoba wordt een heel nieuw niveau van overvloed bereikt. Geactiveerde zuurstof, ozon, wordt gemaakt door zuivere zuurstof (twee zuurstofatomen &#8211; O2) te laden tot zuivere ozon (met drie zuurstofatomen &#8211; O3). Deze vers geactiveerde zuurstof wordt dan langzaam in de jojoba gebracht. Door ozon door Jojoba te laten borrelen wordt de olie verder versterkt met een frisse wind die levenskracht in de huid brengt. Jojoba is het antwoord van de woestijn op droogte. Temidden van zandstormen en cactussen ontpopt de jojoba zich als een uitbundige, verzachtende oase. Als deze sterke struik bakt onder de woestijnzon, ontkiemen er parels van vloeibaar goud in de jojobazaden. Deze zaden brengen een gouden olie voort die koud geperst wordt om een lipide te verkrijgen die super vergelijkbaar is met de natuurlijke talg van onze huid. Het zakt moeiteloos in de huid en brengt fytonutri\u00ebnten over die de huid ondersteunen om vocht vast te houden en de elasticiteit aan te vullen. De jojoba, met zijn overvloed aan voedingsstoffen en vitamine E-tocoferolen, is een briljante weldaad voor de huid. Ze smeert als olie, maar is eigenlijk een vloeibare plantenwas, waardoor ze perfect geschikt is om een vette huid in evenwicht te brengen, omdat ze de talgproductie reguleert en de pori\u00ebn zuivert. Veerkrachtig rijk en zijdeachtig, jojoba zorgt voor langdurige hydratatie.<\/p>\n<p><strong>Niaouli<\/strong><em> (Melaleuca quinquenervia)<\/em> &#8211; Niaouli essenti\u00eble olie is het levendige, lichtgevende neefje van tea tree. Als u tea tree een beetje scherp vindt, biedt deze verkwikkende essence extra verstevigende kracht verpakt in een warmere, zoetere en meer kamferige geur. Niaouli zit boordevol doeltreffende plantaardige intelligentie, maakt de weefsels strakker en is zeer nuttig voor het verminderen van huidproblemen. Net zoals tea tree olie bekend staat om het reinigen van acne, biedt niaouli vergelijkbare voordelen voor de gevoelige huid.<\/p>\n<p><strong>Wortelzaad<\/strong> <em>(Daucus carota)<\/em> &#8211; Wilde wortel, ook wel Queen Anne genoemd.<\/p>\n<p><strong>Immortelle<\/strong> <em>(Helichrysum italicum)<\/em> &#8211; Immortelle is stellair en schittert goddelijk voor alle soorten huidverzorging. Deze geurige bloemenolie wordt in het wild verwerkt op het eiland Corsica, waar de bloemen bloeien door de zeewind en de zon. De bloemen groeien op een hoogte van 4.000 feet op de rotsachtige kliffen van het platteland. Immortelle helpt bij het verminderen van littekens, vlekken, melasma, roodheid en fijne lijntjes. Dit veelzijdige juweeltje van een olie is ook emotioneel verheffend.<\/p>\n<p><strong>Rozemarijn<\/strong> <em>(Rosmarinus verbenone)<\/em> &#8211; Opwekkende Rozemarijn etherische olie is een kruidachtige opwekkende-levende-tonic met een verfrissend, doordringend aroma. Denk aan rozemarijn als de pittige vriend die traagheid uit zijn stagnatie stimuleert en hoofdhuid en huid ondersteunt om te gedijen met hernieuwde frisheid.<\/p>\n<p><strong>Blauwe viooltjes<\/strong><em> (Tanacetum annuum)<\/em> &#8211; Mooie blauwe viooltjes zijn ongelooflijk kalmerend en verzachtend voor de huid en de geest. Het hoge azuleengehalte van deze olie voegt antioxidanten toe aan de lange lijst van ingredi\u00ebnten in dit product dat deze olie doet zingen. Blauwe viool heeft een heerlijk zoet kruidachtig aroma en bevordert de ontspanning terwijl het de droge, rode huid of de huid die is blootgesteld aan omgevingselementen verzacht. It also brings peaceful feelings to your beauty routine. Blauwe viool staat bekend om zijn fruitig aroma.<\/p>\n<p><strong>Zoete tijm<\/strong><em> (Tijm vulgaris linalool)<\/em> &#8211; Tijm Linalool is even sterk als zacht! Het bevat alle versterkende en tonifi\u00ebrende kracht van de andere soorten tijmolie zonder irritatie te veroorzaken terwijl het de pori\u00ebn zuivert. Het staat erom bekend dat het lichaam en geest stimuleert en energie geeft, terwijl het mild genoeg is voor gebruik bij jonge kinderen en ouderen. Tijm Linalool is een kostbaar ingredi\u00ebnt in onze zachte huidverzorgingsserums. &#8220;In deze olie wordt de mildheid van linalool en linalylacetaat gecombineerd met de tonische werking van tijm. Ze is uitstekend geschikt voor onzuiverheden van de huid. Door haar zachtheid is het van de ene op de andere dag een klassieker in de aromatherapie geworden. Het is een aangenaam tonicum&#8230; en is onvervangbaar in de huidverzorging&#8221; (Schnaubelt,1999).<\/p>\n<p><strong>Laurelwas<\/strong> <em>(Myrica pubescens)<\/em> \u2013 Prachtige Laurelwas vormt een po\u00ebtische laag op je wangen en laat een ademende, liefdevolle beschermlaag achter op je huid. Deze fijne vruchtenwas is een zegen van de bes van een altijd groene struik die op grote hoogte in de Andes groeit.<\/p>\n<p><img fetchpriority=\"high\" decoding=\"async\" class=\"size-medium wp-image-68099 aligncenter\" src=\"https:\/\/dutchhealthstore.com\/wp-content\/uploads\/2018\/02\/Logo-Living-Libations-New-2019-800x88.png\" alt=\"Logo Living Libations New 2019\" width=\"800\" height=\"88\" srcset=\"https:\/\/dutchhealthstore.com\/wp-content\/uploads\/2018\/02\/Logo-Living-Libations-New-2019-800x88.png 800w, https:\/\/dutchhealthstore.com\/wp-content\/uploads\/2018\/02\/Logo-Living-Libations-New-2019-510x56.png 510w, https:\/\/dutchhealthstore.com\/wp-content\/uploads\/2018\/02\/Logo-Living-Libations-New-2019-768x85.png 768w, https:\/\/dutchhealthstore.com\/wp-content\/uploads\/2018\/02\/Logo-Living-Libations-New-2019.png 905w\" sizes=\"(max-width: 800px) 100vw, 800px\" \/><\/p>\n","protected":false},"excerpt":{"rendered":"<p>Maak puistjes schoon met deze geactiveerde, geozoniseerde dauw.<\/p>\n<p>Living Libations <strong>Zippity DewDab Ozonated Beauty Balm<\/strong> is een vrolijke schoonheidsbalsem die de onzuivere huid reinigt, de pori\u00ebn zuivert en littekens en vlekjes vermindert, waardoor je huid weer gaat stralen. Het is doordrenkt met verse ozon om de bruisende beweeglijkheid van krachtige essences die de harmonie doen herleven en de huid glad maken, te versterken.<\/p>\n","protected":false},"featured_media":360088,"comment_status":"open","ping_status":"closed","template":"","meta":[],"product_brand":[],"product_cat":[3746,1029,2989,4039,14731,1208,1006,5640,5718,5005,510,5664,5717],"product_tag":[6168,6156,21530,4808,21672],"class_list":{"0":"post-106875","1":"product","2":"type-product","3":"status-publish","4":"has-post-thumbnail","6":"product_cat-aroma-mengsels","7":"product_cat-categorieen","8":"product_cat-gezicht","9":"product_cat-huidbehandeling","10":"product_cat-huidverzorging","11":"product_cat-living-libations-nederland","12":"product_cat-merken","13":"product_cat-moisturizers-nl-7","14":"product_cat-moisturizers-nl-nl-2","15":"product_cat-by-skin-type","16":"product_cat-shop-winkel","17":"product_cat-oily-skin-clogged-pores-nl","18":"product_cat-oily-skin-clogged-pores-nl-4","19":"product_tag-balm-nl","20":"product_tag-face-care-nl","21":"product_tag-reparatie","22":"product_tag-skin-nl","23":"product_tag-zuiverend","24":"pa_bestsellers-goed-nl","25":"pa_brand-livinglibations-nl","26":"pa_gtin-7439657274206-nl-2","27":"pa_size-6-5-ml-nl","28":"pa_skincare-type-moisturizers-nl","29":"pa_skintype-oily-skin-nl","31":"first","32":"instock","33":"taxable","34":"shipping-taxable","35":"purchasable","36":"product-type-simple"},"bundled_by":[],"bundle_stock_status":"instock","bundle_stock_quantity":8,"bundle_virtual":false,"bundle_layout":"","bundle_add_to_cart_form_location":"","bundle_editable_in_cart":false,"bundle_sold_individually_context":"","bundle_item_grouping":"","bundle_min_size":"","bundle_max_size":"","bundle_price":[],"bundled_items":[],"bundle_sell_ids":[107424],"atum_controlled":true,"out_stock_date":null,"out_stock_threshold":null,"inheritable":false,"stock_on_hold":3,"sold_today":0,"sales_last_days":2,"out_stock_days":0,"lost_sales":0,"update_date":"2026-05-05T08:28:07","atum_locations":[],"atum_stock_status":"instock","restock_status":false,"low_stock_amount":"","sales_update_date":"2026-05-05T08:28:07","calc_backorders":null,"group_of_quantity":0,"min_quantity":0,"max_quantity":"","exclude_order_quantity_value_rules":"no","exclude_category_quantity_rules":"no","combine_variations":"no","yoast_head":"<!-- This site is optimized with the Yoast SEO Premium plugin v26.5 (Yoast SEO v26.5) - https:\/\/yoast.com\/wordpress\/plugins\/seo\/ -->\n<title>Zippity DewDab - Ozonated Beauty Balm | Living Libations<\/title>\n<meta name=\"description\" content=\"Zippity DewDab Ozonated Beauty Balm is een schoonheidsbalsem die de onzuivere huid reinigt, de pori\u00ebn zuivert en littekens en vlekjes zichtbaar maakt.\" \/>\n<meta name=\"robots\" content=\"index, follow, max-snippet:-1, max-image-preview:large, max-video-preview:-1\" \/>\n<link rel=\"canonical\" href=\"https:\/\/dutchhealthstore.com\/nl\/product\/zippity-dewdab-ozonated-beauty-balm\/\" \/>\n<meta property=\"og:locale\" content=\"nl_NL\" \/>\n<meta property=\"og:type\" content=\"article\" \/>\n<meta property=\"og:title\" content=\"Zippity DewDab - Ozonated Beauty Balm - Dutch Health Store\" \/>\n<meta property=\"og:description\" content=\"Zippity DewDab Ozonated Beauty Balm is een schoonheidsbalsem die de onzuivere huid reinigt, de pori\u00ebn zuivert en littekens en vlekjes zichtbaar maakt.\" \/>\n<meta property=\"og:url\" content=\"https:\/\/dutchhealthstore.com\/nl\/product\/zippity-dewdab-ozonated-beauty-balm\/\" \/>\n<meta property=\"og:site_name\" content=\"Dutch Health Store\" \/>\n<meta property=\"article:publisher\" content=\"https:\/\/www.instagram.com\/dutchhealthstore\/\" \/>\n<meta property=\"article:modified_time\" content=\"2026-01-06T10:42:56+00:00\" \/>\n<meta property=\"og:image\" content=\"https:\/\/dutchhealthstore.com\/wp-content\/uploads\/2020\/01\/Untitled-design-84.jpg\" \/>\n\t<meta property=\"og:image:width\" content=\"530\" \/>\n\t<meta property=\"og:image:height\" content=\"530\" \/>\n\t<meta property=\"og:image:type\" content=\"image\/jpeg\" \/>\n<meta name=\"twitter:card\" content=\"summary_large_image\" \/>\n<meta name=\"twitter:label1\" content=\"Prijs\" \/>\n\t<meta name=\"twitter:data1\" content=\"&euro;42,00\" \/>\n\t<meta name=\"twitter:label2\" content=\"Beschikbaarheid\" \/>\n\t<meta name=\"twitter:data2\" content=\"Op voorraad\" \/>\n<script type=\"application\/ld+json\" class=\"yoast-schema-graph\">{\"@context\":\"https:\/\/schema.org\",\"@graph\":[{\"@type\":\"WebPage\",\"@id\":\"https:\/\/dutchhealthstore.com\/nl\/product\/zippity-dewdab-ozonated-beauty-balm\/\",\"url\":\"https:\/\/dutchhealthstore.com\/nl\/product\/zippity-dewdab-ozonated-beauty-balm\/\",\"name\":\"Zippity DewDab - Ozonated Beauty Balm | Living Libations\",\"isPartOf\":{\"@id\":\"https:\/\/dutchhealthstore.com\/nl\/#website\"},\"primaryImageOfPage\":{\"@id\":\"https:\/\/dutchhealthstore.com\/nl\/product\/zippity-dewdab-ozonated-beauty-balm\/#primaryimage\"},\"image\":{\"@id\":\"https:\/\/dutchhealthstore.com\/nl\/product\/zippity-dewdab-ozonated-beauty-balm\/#primaryimage\"},\"thumbnailUrl\":\"https:\/\/dutchhealthstore.com\/wp-content\/uploads\/2020\/01\/Untitled-design-84.jpg\",\"datePublished\":\"2020-01-20T11:59:50+00:00\",\"dateModified\":\"2026-01-06T10:42:56+00:00\",\"description\":\"Zippity DewDab Ozonated Beauty Balm is een schoonheidsbalsem die de onzuivere huid reinigt, de pori\u00ebn zuivert en littekens en vlekjes zichtbaar maakt.\",\"breadcrumb\":{\"@id\":\"https:\/\/dutchhealthstore.com\/nl\/product\/zippity-dewdab-ozonated-beauty-balm\/#breadcrumb\"},\"inLanguage\":\"nl-NL\",\"potentialAction\":[{\"@type\":\"ReadAction\",\"target\":[\"https:\/\/dutchhealthstore.com\/nl\/product\/zippity-dewdab-ozonated-beauty-balm\/\"]}]},{\"@type\":\"ImageObject\",\"inLanguage\":\"nl-NL\",\"@id\":\"https:\/\/dutchhealthstore.com\/nl\/product\/zippity-dewdab-ozonated-beauty-balm\/#primaryimage\",\"url\":\"https:\/\/dutchhealthstore.com\/wp-content\/uploads\/2020\/01\/Untitled-design-84.jpg\",\"contentUrl\":\"https:\/\/dutchhealthstore.com\/wp-content\/uploads\/2020\/01\/Untitled-design-84.jpg\",\"width\":530,\"height\":530,\"caption\":\"ll-zippity-dewdab-ozonated-new\"},{\"@type\":\"BreadcrumbList\",\"@id\":\"https:\/\/dutchhealthstore.com\/nl\/product\/zippity-dewdab-ozonated-beauty-balm\/#breadcrumb\",\"itemListElement\":[{\"@type\":\"ListItem\",\"position\":1,\"name\":\"Home\",\"item\":\"https:\/\/dutchhealthstore.com\/nl\/\"},{\"@type\":\"ListItem\",\"position\":2,\"name\":\"Shop\",\"item\":\"https:\/\/dutchhealthstore.com\/nl\/shop\/\"},{\"@type\":\"ListItem\",\"position\":3,\"name\":\"Zippity DewDab &#8211; Ozonated Beauty Balm\"}]},{\"@type\":\"WebSite\",\"@id\":\"https:\/\/dutchhealthstore.com\/nl\/#website\",\"url\":\"https:\/\/dutchhealthstore.com\/nl\/\",\"name\":\"Dutch Health Store\",\"description\":\"Enhance Your Beauty with Organic &amp; Natural Skincare\",\"publisher\":{\"@id\":\"https:\/\/dutchhealthstore.com\/nl\/#organization\"},\"potentialAction\":[{\"@type\":\"SearchAction\",\"target\":{\"@type\":\"EntryPoint\",\"urlTemplate\":\"https:\/\/dutchhealthstore.com\/nl\/?s={search_term_string}\"},\"query-input\":{\"@type\":\"PropertyValueSpecification\",\"valueRequired\":true,\"valueName\":\"search_term_string\"}}],\"inLanguage\":\"nl-NL\"},{\"@type\":\"Organization\",\"@id\":\"https:\/\/dutchhealthstore.com\/nl\/#organization\",\"name\":\"Dutch Health Store\",\"url\":\"https:\/\/dutchhealthstore.com\/nl\/\",\"logo\":{\"@type\":\"ImageObject\",\"inLanguage\":\"nl-NL\",\"@id\":\"https:\/\/dutchhealthstore.com\/nl\/#\/schema\/logo\/image\/\",\"url\":\"https:\/\/dutchhealthstore.com\/wp-content\/uploads\/2020\/08\/logo-dutchhealthstore-jpg-e1599484957574.jpg\",\"contentUrl\":\"https:\/\/dutchhealthstore.com\/wp-content\/uploads\/2020\/08\/logo-dutchhealthstore-jpg-e1599484957574.jpg\",\"width\":400,\"height\":62,\"caption\":\"Dutch Health Store\"},\"image\":{\"@id\":\"https:\/\/dutchhealthstore.com\/nl\/#\/schema\/logo\/image\/\"},\"sameAs\":[\"https:\/\/www.instagram.com\/dutchhealthstore\/\",\"https:\/\/www.facebook.com\/dutchhealthstore\"]}]}<\/script>\n<meta property=\"product:brand\" content=\"Living Libations\" \/>\n<meta property=\"product:price:amount\" content=\"42.00\" \/>\n<meta property=\"product:price:currency\" content=\"EUR\" \/>\n<meta property=\"og:availability\" content=\"instock\" \/>\n<meta property=\"product:availability\" content=\"instock\" \/>\n<meta property=\"product:condition\" content=\"new\" \/>\n<!-- \/ Yoast SEO Premium plugin. -->","yoast_head_json":{"title":"Zippity DewDab - Ozonated Beauty Balm | Living Libations","description":"Zippity DewDab Ozonated Beauty Balm is een schoonheidsbalsem die de onzuivere huid reinigt, de pori\u00ebn zuivert en littekens en vlekjes zichtbaar maakt.","robots":{"index":"index","follow":"follow","max-snippet":"max-snippet:-1","max-image-preview":"max-image-preview:large","max-video-preview":"max-video-preview:-1"},"canonical":"https:\/\/dutchhealthstore.com\/nl\/product\/zippity-dewdab-ozonated-beauty-balm\/","og_locale":"nl_NL","og_type":"article","og_title":"Zippity DewDab - Ozonated Beauty Balm - Dutch Health Store","og_description":"Zippity DewDab Ozonated Beauty Balm is een schoonheidsbalsem die de onzuivere huid reinigt, de pori\u00ebn zuivert en littekens en vlekjes zichtbaar maakt.","og_url":"https:\/\/dutchhealthstore.com\/nl\/product\/zippity-dewdab-ozonated-beauty-balm\/","og_site_name":"Dutch Health Store","article_publisher":"https:\/\/www.instagram.com\/dutchhealthstore\/","article_modified_time":"2026-01-06T10:42:56+00:00","og_image":[{"width":530,"height":530,"url":"https:\/\/dutchhealthstore.com\/wp-content\/uploads\/2020\/01\/Untitled-design-84.jpg","type":"image\/jpeg"}],"twitter_card":"summary_large_image","twitter_misc":{"Prijs":"&euro;42,00","Beschikbaarheid":"Op voorraad"},"schema":{"@context":"https:\/\/schema.org","@graph":[{"@type":"WebPage","@id":"https:\/\/dutchhealthstore.com\/nl\/product\/zippity-dewdab-ozonated-beauty-balm\/","url":"https:\/\/dutchhealthstore.com\/nl\/product\/zippity-dewdab-ozonated-beauty-balm\/","name":"Zippity DewDab - Ozonated Beauty Balm | Living Libations","isPartOf":{"@id":"https:\/\/dutchhealthstore.com\/nl\/#website"},"primaryImageOfPage":{"@id":"https:\/\/dutchhealthstore.com\/nl\/product\/zippity-dewdab-ozonated-beauty-balm\/#primaryimage"},"image":{"@id":"https:\/\/dutchhealthstore.com\/nl\/product\/zippity-dewdab-ozonated-beauty-balm\/#primaryimage"},"thumbnailUrl":"https:\/\/dutchhealthstore.com\/wp-content\/uploads\/2020\/01\/Untitled-design-84.jpg","datePublished":"2020-01-20T11:59:50+00:00","dateModified":"2026-01-06T10:42:56+00:00","description":"Zippity DewDab Ozonated Beauty Balm is een schoonheidsbalsem die de onzuivere huid reinigt, de pori\u00ebn zuivert en littekens en vlekjes zichtbaar maakt.","breadcrumb":{"@id":"https:\/\/dutchhealthstore.com\/nl\/product\/zippity-dewdab-ozonated-beauty-balm\/#breadcrumb"},"inLanguage":"nl-NL","potentialAction":[{"@type":"ReadAction","target":["https:\/\/dutchhealthstore.com\/nl\/product\/zippity-dewdab-ozonated-beauty-balm\/"]}]},{"@type":"ImageObject","inLanguage":"nl-NL","@id":"https:\/\/dutchhealthstore.com\/nl\/product\/zippity-dewdab-ozonated-beauty-balm\/#primaryimage","url":"https:\/\/dutchhealthstore.com\/wp-content\/uploads\/2020\/01\/Untitled-design-84.jpg","contentUrl":"https:\/\/dutchhealthstore.com\/wp-content\/uploads\/2020\/01\/Untitled-design-84.jpg","width":530,"height":530,"caption":"ll-zippity-dewdab-ozonated-new"},{"@type":"BreadcrumbList","@id":"https:\/\/dutchhealthstore.com\/nl\/product\/zippity-dewdab-ozonated-beauty-balm\/#breadcrumb","itemListElement":[{"@type":"ListItem","position":1,"name":"Home","item":"https:\/\/dutchhealthstore.com\/nl\/"},{"@type":"ListItem","position":2,"name":"Shop","item":"https:\/\/dutchhealthstore.com\/nl\/shop\/"},{"@type":"ListItem","position":3,"name":"Zippity DewDab &#8211; Ozonated Beauty Balm"}]},{"@type":"WebSite","@id":"https:\/\/dutchhealthstore.com\/nl\/#website","url":"https:\/\/dutchhealthstore.com\/nl\/","name":"Dutch Health Store","description":"Enhance Your Beauty with Organic &amp; Natural Skincare","publisher":{"@id":"https:\/\/dutchhealthstore.com\/nl\/#organization"},"potentialAction":[{"@type":"SearchAction","target":{"@type":"EntryPoint","urlTemplate":"https:\/\/dutchhealthstore.com\/nl\/?s={search_term_string}"},"query-input":{"@type":"PropertyValueSpecification","valueRequired":true,"valueName":"search_term_string"}}],"inLanguage":"nl-NL"},{"@type":"Organization","@id":"https:\/\/dutchhealthstore.com\/nl\/#organization","name":"Dutch Health Store","url":"https:\/\/dutchhealthstore.com\/nl\/","logo":{"@type":"ImageObject","inLanguage":"nl-NL","@id":"https:\/\/dutchhealthstore.com\/nl\/#\/schema\/logo\/image\/","url":"https:\/\/dutchhealthstore.com\/wp-content\/uploads\/2020\/08\/logo-dutchhealthstore-jpg-e1599484957574.jpg","contentUrl":"https:\/\/dutchhealthstore.com\/wp-content\/uploads\/2020\/08\/logo-dutchhealthstore-jpg-e1599484957574.jpg","width":400,"height":62,"caption":"Dutch Health Store"},"image":{"@id":"https:\/\/dutchhealthstore.com\/nl\/#\/schema\/logo\/image\/"},"sameAs":["https:\/\/www.instagram.com\/dutchhealthstore\/","https:\/\/www.facebook.com\/dutchhealthstore"]}]},"product_brand":"Living Libations","product_price_amount":"42.00","product_price_currency":"EUR","og_availability":"instock","product_availability":"instock","product_condition":"new"},"_links":{"self":[{"href":"https:\/\/dutchhealthstore.com\/nl\/wp-json\/wp\/v2\/product\/106875","targetHints":{"allow":["GET"]}}],"collection":[{"href":"https:\/\/dutchhealthstore.com\/nl\/wp-json\/wp\/v2\/product"}],"about":[{"href":"https:\/\/dutchhealthstore.com\/nl\/wp-json\/wp\/v2\/types\/product"}],"replies":[{"embeddable":true,"href":"https:\/\/dutchhealthstore.com\/nl\/wp-json\/wp\/v2\/comments?post=106875"}],"wp:featuredmedia":[{"embeddable":true,"href":"https:\/\/dutchhealthstore.com\/nl\/wp-json\/wp\/v2\/media\/360088"}],"wp:attachment":[{"href":"https:\/\/dutchhealthstore.com\/nl\/wp-json\/wp\/v2\/media?parent=106875"}],"wp:term":[{"taxonomy":"product_brand","embeddable":true,"href":"https:\/\/dutchhealthstore.com\/nl\/wp-json\/wp\/v2\/product_brand?post=106875"},{"taxonomy":"product_cat","embeddable":true,"href":"https:\/\/dutchhealthstore.com\/nl\/wp-json\/wp\/v2\/product_cat?post=106875"},{"taxonomy":"product_tag","embeddable":true,"href":"https:\/\/dutchhealthstore.com\/nl\/wp-json\/wp\/v2\/product_tag?post=106875"}],"curies":[{"name":"wp","href":"https:\/\/api.w.org\/{rel}","templated":true}]}}