{"id":106483,"date":"2020-06-11T08:53:02","date_gmt":"2020-06-11T08:53:02","guid":{"rendered":"https:\/\/dutchhealthstore.com\/product\/soothsayer-serum\/"},"modified":"2025-10-14T15:56:47","modified_gmt":"2025-10-14T13:56:47","slug":"soothsayer-serum","status":"publish","type":"product","link":"https:\/\/dutchhealthstore.com\/nl\/product\/soothsayer-serum\/","title":{"rendered":"Soothsayer Serum"},"content":{"rendered":"<p><img decoding=\"async\" class=\"size-full wp-image-69549 alignright\" src=\"https:\/\/dutchhealthstore.com\/wp-content\/uploads\/2019\/08\/NEW-Living-Libations-Logo.jpg\" alt=\"NEW - Living Libations - Logo\" width=\"175\" height=\"82\">Laten we even stilstaan bij een speciaal sandelhoutmoment: een natuurlijke verbinding in sandelhout, harmoniseert de huid met de zon en ondersteunt de huid tegen schade door blootstelling aan het milieu. Door deze huidbesparende eigenschappen is sandelhout een grote botanische zegen voor lichamen die lange, ontspannen dagen in de zon hebben doorgebracht. Soothsayer Serum is een elegant elixer voor het verbeteren van het uiterlijk van littekens, ouderdoms- of zonnevlekken en vroegtijdige veroudering.<\/p>\n<p>Soothsayer spreekt de waarheid tegen je huid en voorspelt een gladde, stralende toekomst!<\/p>\n<h3>Gebruiksaanwijzing<\/h3>\n<p>Na een fris gereinigd gezicht met een Best Skin Ever (mogen we Sandalwood of Rose Best Skin Ever voorstellen), en breng een druppel van dit heerlijke, lichtgewicht serum aan op je handpalm. Klop het serum met uw vingertoppen zachtjes in op de delen van het gezicht en de huid die extra hulp nodig hebben.<\/p>\n<h3 class=\"yikes-custom-woo-tab-title yikes-custom-woo-tab-title-natural-organic-ingredients\">Natuurlijke\/biologische Ingredi\u00ebnten<\/h3>\n<p><strong>Jojoba<\/strong> <em>(simmondsia chinensis)<\/em> &#8211; Glorieuze, gouden jojoba voedt en verzorgt de dorstige huid. Jojoba heeft een onge\u00ebvenaard vermogen om de huid te hydrateren, de olieproductie in balans te brengen, de pori\u00ebn diep te reinigen en een langdurige conditionerende werking te cre\u00ebren die de huid verzacht tot perfecte zijde. Het zit boordevol peptiden en lipiden en bevat de hoogste niveaus van fenolische verbindingen die in de natuur voorkomen, samen met voedingsstoffen en alle oplosbare vormen van vitamine E.<\/p>\n<p><strong>Sandelhout<\/strong> <em>(Santalum album)<\/em> &#8211; Sappig sandelhout is het perfecte tegengif voor een zonovergoten huid die warm en uitgedroogd is. Het helpt de huid meer vocht vast te houden, vermindert de zichtbaarheid van littekens en ouderdomsvlekken, en maakt de pori\u00ebn schoon. Sandelhout is een eeuwenoude lichaams- en gezichtsolie die geliefd is als kalmerend, verzachtend middel. De naar honing siroop geurende essence verzadigt de droge, gevoelige huid.<\/p>\n<p><strong>Wierook<\/strong> <em>(Boswellia carterii)<\/em> &#8211; Heilige Wierook is de pi\u00e8ce de r\u00e9sistance van de huidverzorging! Het ontspant roodheid, verstevigt de huid, minimaliseert melasma en voorziet de huid van overvloedig vocht. Het is ook geweldig voor het verminderen van littekens en ouderdomsvlekken.<\/p>\n<p><strong>Roos Otto<\/strong> <em>(Rosa damascena)<\/em> &#8211; De pure gedistilleerde essentie van roos hydrateert en bevochtigt terwijl het de textuur van de huid, littekens en het algehele uiterlijk verbetert. Het brengt ook de te vette of chronisch droge huid in balans.<\/p>\n<p><strong>Geranium<\/strong> <em>(Pelargonium graveolens)<\/em> &#8211; Geranium is geweldig voor het verminderen van littekens en het verstevigen van de huid. Het stimuleert traagheid, brengt intens vocht in de dorstige huid en brengt de vette huid in balans.<\/p>\n<p><strong>Kurkuma<\/strong><em> (Curmula longa)<\/em> &#8211; Schattenkurkuma is een tonicum van gouden goedheid voor de huid. Door superkritische extractie worden alle lipofiele (van olie houdende) bestanddelen van kurkuma uit de wortels van de plant gehaald. Dit speciale extractieproces vangt veel meer van de aromatische vluchtige oli\u00ebn, lipiden en pigmenten dan een typisch poederkruid.<\/p>\n<p><strong>Zoete tijm<\/strong><em> (Thymus linalool)<\/em> &#8211; Zoete tijm is even sterk als zacht! Het bevat alle versterkende en tonifi\u00ebrende kracht van de andere soorten tijmolie zonder irritatie te veroorzaken terwijl het de pori\u00ebn zuivert. Het staat erom bekend dat het lichaam en geest stimuleert en energie geeft, terwijl het mild genoeg is voor gebruik bij jonge kinderen en ouderen. Zoete tijm boordevol huidliefhebbende linalool is een kostbaar ingredi\u00ebnt in onze zachte huidverzorgingsserums.<\/p>\n<p><strong>Wortelzaad<\/strong> <em>(Daucus carota)<\/em> &#8211; Koningin Anne&#8217;s kant zalft je gezicht met koninklijke gratie. Wortelolie stimuleert de olieproductie in perfecte verhoudingen, ongeacht de huidige toestand van uw huid. Vette, droge en gemengde huid kunnen allemaal profiteren van de stimulerende, hydraterende kracht van wortelzaad.<\/p>\n<p><strong>Duindoornolie<\/strong><em> (Hippophae rhamnoides)<\/em> &#8211; Duindoorn stuurt zijn lipiden diep in de huid en vermindert onevenwichtigheden van binnenuit. Dit superkritische extract zit boordevol omega vetzuren 3, 6, 7 en 9, antioxidanten, vitamine, palmitole\u00efnezuren, caroteno\u00efden en fytosterolen. Een enkele druppel duindoornolie bevat 190 verschillende bioactieve stoffen. Deze helder oranje essence is ongelooflijk regenererend en huidzuiverend &#8211; het verlicht roodheid en vermindert wallen. Seabuckthor \/ Duindoorn is een uitstekende toevoeging aan reinigingsmiddelen tegen acne. Het helpt de huid te harmoniseren met de zon.<\/p>\n<p><strong><span class=\"ll-product-ingredient-first\">Immortelle <\/span>&#8211; <\/strong><em><br \/>\n  <span class=\"ll-product-ingredient-second\">Helichrysum italicum &#8211; <\/span><br \/>\n<\/em> <span class=\"ll-product-ingredient-second\">Eeuwigduurdende Immortelle is stellair en schittert goddelijk voor alle soorten huidverzorging. Deze geurige bloemenolie wordt in het wild verwerkt op het eiland Corsica, waar de bloemen bloeien door de zeewind en de zon. De bloemen groeien op een hoogte van 4.000 feet op de rotsachtige kliffen van het platteland. Immortelle helpt bij het verminderen van littekens, vlekken, melasma, roodheid en fijne lijntjes. Dit veelzijdige juweeltje van een olie is ook emotioneel verheffend.<\/span><\/p>\n<p><strong><span class=\"ll-product-ingredient-first\">Palmarosa <\/span>&#8211; <\/strong><em><br \/>\n  <span class=\"ll-product-ingredient-second\">Cymbopogon martini &#8211; <\/span><br \/>\n<\/em> <span class=\"ll-product-ingredient-second\">Pleasant Palmarosa wordt gedistilleerd uit een tropisch, geurig gras, wat resulteert in een aromatische olie die ruikt naar een citroen-geranium-roos en gewoonweg schitterend is voor de neus! Deze formidabele huidverjonging, rijk aan machtige monoterpenolen, verzachtende esters, liefdevolle linalool en royale geraniolen, brengt de huidolie in balans en zuivert de pori\u00ebn.<\/span><\/p>\n<p><iframe title=\"More fun in the sun | Living Libations\" width=\"1020\" height=\"574\" src=\"https:\/\/www.youtube.com\/embed\/U1f2u0JJbKM?feature=oembed\" frameborder=\"0\" allow=\"accelerometer; autoplay; encrypted-media; gyroscope; picture-in-picture\" allowfullscreen><\/iframe><\/p>\n<p><img fetchpriority=\"high\" decoding=\"async\" class=\"size-medium wp-image-68103 aligncenter\" src=\"https:\/\/dutchhealthstore.com\/wp-content\/uploads\/2018\/02\/Living-Libations-Organic-Logo-800x89.png\" alt=\"Living Libations - Organic Logo\" width=\"800\" height=\"89\" srcset=\"https:\/\/dutchhealthstore.com\/wp-content\/uploads\/2018\/02\/Living-Libations-Organic-Logo-800x89.png 800w, https:\/\/dutchhealthstore.com\/wp-content\/uploads\/2018\/02\/Living-Libations-Organic-Logo-510x57.png 510w, https:\/\/dutchhealthstore.com\/wp-content\/uploads\/2018\/02\/Living-Libations-Organic-Logo-768x85.png 768w, https:\/\/dutchhealthstore.com\/wp-content\/uploads\/2018\/02\/Living-Libations-Organic-Logo.png 1400w\" sizes=\"(max-width: 800px) 100vw, 800px\" \/><\/p>\n","protected":false},"excerpt":{"rendered":"<p>Jij en je gezicht zijn samen door weer en wind gegaan. Met Living Libations Soothsayer Serum kun je van het weer genieten en je gezicht redden.<\/p>\n<p>De gratie van Soothsayer Serum vermindert de schadelijke effecten van omgevingselementen op de huid en wendt zich tot de huid voor extra versteviging en regeneratie. Dit speciale serum, een wijze verzameling van botanische oli\u00ebn voor de wijsheid van de huid, verzacht het aanzien van littekens en vlekjes en maakt de huidtextuur gladder.<\/p>\n","protected":false},"featured_media":261418,"comment_status":"open","ping_status":"closed","template":"","meta":[],"product_brand":[],"product_cat":[1029,5621,5693,5696,5617,2989,14731,1208,1006,5623,5694,5005,5697,5692,5698,5700,4030,510],"product_tag":[21356,6156,21530,3799,4808],"class_list":{"0":"post-106483","1":"product","2":"type-product","3":"status-publish","4":"has-post-thumbnail","6":"product_cat-categorieen","7":"product_cat-dry-mature-ageing-skin-nl-4","8":"product_cat-dry-mature-ageing-skin-nl-5","9":"product_cat-sensitive-skin-redness-nl-5","10":"product_cat-sensitive-skin-redness-nl","11":"product_cat-gezicht","12":"product_cat-huidverzorging","13":"product_cat-living-libations-nederland","14":"product_cat-merken","15":"product_cat-normal-or-combination-skin-nl","16":"product_cat-normal-or-combination-skin-nl-5","17":"product_cat-by-skin-type","18":"product_cat-serums-nl","19":"product_cat-serums-nl-9","20":"product_cat-serums-nl-2","21":"product_cat-serums-nl-4","22":"product_cat-serums-moisturizers-nl","23":"product_cat-shop-winkel","24":"product_tag-anti-aging-nl","25":"product_tag-face-care-nl","26":"product_tag-reparatie","27":"product_tag-serum-nl","28":"product_tag-skin-nl","29":"pa_bestsellers-goed-nl","30":"pa_brand-livinglibations-nl","31":"pa_gtin-7439657378379-nl","32":"pa_size-100-ml-nl","33":"pa_size-30-ml-nl","34":"pa_size-60-ml-refill-nl","35":"pa_skincare-type-face-oil-and-serums-nl","36":"pa_skintype-dry-mature-ageing-skin-nl","37":"pa_skintype-normal-combination-skin-nl","38":"pa_skintype-sensitive-skin-redness-nl","40":"first","41":"instock","42":"taxable","43":"shipping-taxable","44":"purchasable","45":"product-type-variable"},"bundled_by":[],"bundle_stock_status":"instock","bundle_stock_quantity":null,"bundle_virtual":false,"bundle_layout":"","bundle_add_to_cart_form_location":"","bundle_editable_in_cart":false,"bundle_sold_individually_context":"","bundle_item_grouping":"","bundle_min_size":"","bundle_max_size":"","bundle_price":[],"bundled_items":[],"bundle_sell_ids":[230769],"atum_controlled":true,"out_stock_date":null,"out_stock_threshold":null,"inheritable":true,"stock_on_hold":1,"sold_today":0,"sales_last_days":1,"out_stock_days":0,"lost_sales":0,"update_date":"2026-04-28T09:11:53","atum_locations":[],"atum_stock_status":"instock","restock_status":false,"low_stock_amount":"","sales_update_date":"2026-04-22T00:10:19","calc_backorders":null,"group_of_quantity":0,"min_quantity":0,"max_quantity":"","exclude_order_quantity_value_rules":"no","exclude_category_quantity_rules":"no","combine_variations":"no","yoast_head":"<!-- This site is optimized with the Yoast SEO Premium plugin v26.5 (Yoast SEO v26.5) - https:\/\/yoast.com\/wordpress\/plugins\/seo\/ -->\n<title>Soothsayer Serum | Living Libations<\/title>\n<meta name=\"description\" content=\"Jij en je gezicht zijn samen door weer en wind gegaan. Met Living Libations Soothsayer Serum kun je van het weer genieten en je gezicht redden.\" \/>\n<meta name=\"robots\" content=\"index, follow, max-snippet:-1, max-image-preview:large, max-video-preview:-1\" \/>\n<link rel=\"canonical\" href=\"https:\/\/dutchhealthstore.com\/nl\/product\/soothsayer-serum\/\" \/>\n<meta property=\"og:locale\" content=\"nl_NL\" \/>\n<meta property=\"og:type\" content=\"article\" \/>\n<meta property=\"og:title\" content=\"Soothsayer Serum - Dutch Health Store\" \/>\n<meta property=\"og:description\" content=\"Jij en je gezicht zijn samen door weer en wind gegaan. Met Living Libations Soothsayer Serum kun je van het weer genieten en je gezicht redden.\" \/>\n<meta property=\"og:url\" content=\"https:\/\/dutchhealthstore.com\/nl\/product\/soothsayer-serum\/\" \/>\n<meta property=\"og:site_name\" content=\"Dutch Health Store\" \/>\n<meta property=\"article:publisher\" content=\"https:\/\/www.instagram.com\/dutchhealthstore\/\" \/>\n<meta property=\"article:modified_time\" content=\"2025-10-14T13:56:47+00:00\" \/>\n<meta property=\"og:image\" content=\"https:\/\/dutchhealthstore.com\/wp-content\/uploads\/2020\/06\/LLsoothsayerserum100ml.jpg\" \/>\n\t<meta property=\"og:image:width\" content=\"510\" \/>\n\t<meta property=\"og:image:height\" content=\"510\" \/>\n\t<meta property=\"og:image:type\" content=\"image\/jpeg\" \/>\n<meta name=\"twitter:card\" content=\"summary_large_image\" \/>\n<meta name=\"twitter:label1\" content=\"Beschikbaarheid\" \/>\n\t<meta name=\"twitter:data1\" content=\"Op voorraad\" \/>\n<script type=\"application\/ld+json\" class=\"yoast-schema-graph\">{\"@context\":\"https:\/\/schema.org\",\"@graph\":[{\"@type\":\"WebPage\",\"@id\":\"https:\/\/dutchhealthstore.com\/nl\/product\/soothsayer-serum\/\",\"url\":\"https:\/\/dutchhealthstore.com\/nl\/product\/soothsayer-serum\/\",\"name\":\"Soothsayer Serum | Living Libations\",\"isPartOf\":{\"@id\":\"https:\/\/dutchhealthstore.com\/nl\/#website\"},\"primaryImageOfPage\":{\"@id\":\"https:\/\/dutchhealthstore.com\/nl\/product\/soothsayer-serum\/#primaryimage\"},\"image\":{\"@id\":\"https:\/\/dutchhealthstore.com\/nl\/product\/soothsayer-serum\/#primaryimage\"},\"thumbnailUrl\":\"https:\/\/dutchhealthstore.com\/wp-content\/uploads\/2020\/06\/LLsoothsayerserum100ml.jpg\",\"datePublished\":\"2020-06-11T08:53:02+00:00\",\"dateModified\":\"2025-10-14T13:56:47+00:00\",\"description\":\"Jij en je gezicht zijn samen door weer en wind gegaan. Met Living Libations Soothsayer Serum kun je van het weer genieten en je gezicht redden.\",\"breadcrumb\":{\"@id\":\"https:\/\/dutchhealthstore.com\/nl\/product\/soothsayer-serum\/#breadcrumb\"},\"inLanguage\":\"nl-NL\",\"potentialAction\":[{\"@type\":\"ReadAction\",\"target\":[\"https:\/\/dutchhealthstore.com\/nl\/product\/soothsayer-serum\/\"]}]},{\"@type\":\"ImageObject\",\"inLanguage\":\"nl-NL\",\"@id\":\"https:\/\/dutchhealthstore.com\/nl\/product\/soothsayer-serum\/#primaryimage\",\"url\":\"https:\/\/dutchhealthstore.com\/wp-content\/uploads\/2020\/06\/LLsoothsayerserum100ml.jpg\",\"contentUrl\":\"https:\/\/dutchhealthstore.com\/wp-content\/uploads\/2020\/06\/LLsoothsayerserum100ml.jpg\",\"width\":510,\"height\":510,\"caption\":\"LLsoothsayerserum100ml\"},{\"@type\":\"BreadcrumbList\",\"@id\":\"https:\/\/dutchhealthstore.com\/nl\/product\/soothsayer-serum\/#breadcrumb\",\"itemListElement\":[{\"@type\":\"ListItem\",\"position\":1,\"name\":\"Home\",\"item\":\"https:\/\/dutchhealthstore.com\/nl\/\"},{\"@type\":\"ListItem\",\"position\":2,\"name\":\"Shop\",\"item\":\"https:\/\/dutchhealthstore.com\/nl\/shop\/\"},{\"@type\":\"ListItem\",\"position\":3,\"name\":\"Soothsayer Serum\"}]},{\"@type\":\"WebSite\",\"@id\":\"https:\/\/dutchhealthstore.com\/nl\/#website\",\"url\":\"https:\/\/dutchhealthstore.com\/nl\/\",\"name\":\"Dutch Health Store\",\"description\":\"Enhance Your Beauty with Organic &amp; Natural Skincare\",\"publisher\":{\"@id\":\"https:\/\/dutchhealthstore.com\/nl\/#organization\"},\"potentialAction\":[{\"@type\":\"SearchAction\",\"target\":{\"@type\":\"EntryPoint\",\"urlTemplate\":\"https:\/\/dutchhealthstore.com\/nl\/?s={search_term_string}\"},\"query-input\":{\"@type\":\"PropertyValueSpecification\",\"valueRequired\":true,\"valueName\":\"search_term_string\"}}],\"inLanguage\":\"nl-NL\"},{\"@type\":\"Organization\",\"@id\":\"https:\/\/dutchhealthstore.com\/nl\/#organization\",\"name\":\"Dutch Health Store\",\"url\":\"https:\/\/dutchhealthstore.com\/nl\/\",\"logo\":{\"@type\":\"ImageObject\",\"inLanguage\":\"nl-NL\",\"@id\":\"https:\/\/dutchhealthstore.com\/nl\/#\/schema\/logo\/image\/\",\"url\":\"https:\/\/dutchhealthstore.com\/wp-content\/uploads\/2020\/08\/logo-dutchhealthstore-jpg-e1599484957574.jpg\",\"contentUrl\":\"https:\/\/dutchhealthstore.com\/wp-content\/uploads\/2020\/08\/logo-dutchhealthstore-jpg-e1599484957574.jpg\",\"width\":400,\"height\":62,\"caption\":\"Dutch Health Store\"},\"image\":{\"@id\":\"https:\/\/dutchhealthstore.com\/nl\/#\/schema\/logo\/image\/\"},\"sameAs\":[\"https:\/\/www.instagram.com\/dutchhealthstore\/\",\"https:\/\/www.facebook.com\/dutchhealthstore\"]}]}<\/script>\n<meta property=\"product:brand\" content=\"Living Libations\" \/>\n<meta property=\"og:availability\" content=\"instock\" \/>\n<meta property=\"product:availability\" content=\"instock\" \/>\n<meta property=\"product:condition\" content=\"new\" \/>\n<!-- \/ Yoast SEO Premium plugin. -->","yoast_head_json":{"title":"Soothsayer Serum | Living Libations","description":"Jij en je gezicht zijn samen door weer en wind gegaan. Met Living Libations Soothsayer Serum kun je van het weer genieten en je gezicht redden.","robots":{"index":"index","follow":"follow","max-snippet":"max-snippet:-1","max-image-preview":"max-image-preview:large","max-video-preview":"max-video-preview:-1"},"canonical":"https:\/\/dutchhealthstore.com\/nl\/product\/soothsayer-serum\/","og_locale":"nl_NL","og_type":"article","og_title":"Soothsayer Serum - Dutch Health Store","og_description":"Jij en je gezicht zijn samen door weer en wind gegaan. Met Living Libations Soothsayer Serum kun je van het weer genieten en je gezicht redden.","og_url":"https:\/\/dutchhealthstore.com\/nl\/product\/soothsayer-serum\/","og_site_name":"Dutch Health Store","article_publisher":"https:\/\/www.instagram.com\/dutchhealthstore\/","article_modified_time":"2025-10-14T13:56:47+00:00","og_image":[{"width":510,"height":510,"url":"https:\/\/dutchhealthstore.com\/wp-content\/uploads\/2020\/06\/LLsoothsayerserum100ml.jpg","type":"image\/jpeg"}],"twitter_card":"summary_large_image","twitter_misc":{"Beschikbaarheid":"Op voorraad"},"schema":{"@context":"https:\/\/schema.org","@graph":[{"@type":"WebPage","@id":"https:\/\/dutchhealthstore.com\/nl\/product\/soothsayer-serum\/","url":"https:\/\/dutchhealthstore.com\/nl\/product\/soothsayer-serum\/","name":"Soothsayer Serum | Living Libations","isPartOf":{"@id":"https:\/\/dutchhealthstore.com\/nl\/#website"},"primaryImageOfPage":{"@id":"https:\/\/dutchhealthstore.com\/nl\/product\/soothsayer-serum\/#primaryimage"},"image":{"@id":"https:\/\/dutchhealthstore.com\/nl\/product\/soothsayer-serum\/#primaryimage"},"thumbnailUrl":"https:\/\/dutchhealthstore.com\/wp-content\/uploads\/2020\/06\/LLsoothsayerserum100ml.jpg","datePublished":"2020-06-11T08:53:02+00:00","dateModified":"2025-10-14T13:56:47+00:00","description":"Jij en je gezicht zijn samen door weer en wind gegaan. Met Living Libations Soothsayer Serum kun je van het weer genieten en je gezicht redden.","breadcrumb":{"@id":"https:\/\/dutchhealthstore.com\/nl\/product\/soothsayer-serum\/#breadcrumb"},"inLanguage":"nl-NL","potentialAction":[{"@type":"ReadAction","target":["https:\/\/dutchhealthstore.com\/nl\/product\/soothsayer-serum\/"]}]},{"@type":"ImageObject","inLanguage":"nl-NL","@id":"https:\/\/dutchhealthstore.com\/nl\/product\/soothsayer-serum\/#primaryimage","url":"https:\/\/dutchhealthstore.com\/wp-content\/uploads\/2020\/06\/LLsoothsayerserum100ml.jpg","contentUrl":"https:\/\/dutchhealthstore.com\/wp-content\/uploads\/2020\/06\/LLsoothsayerserum100ml.jpg","width":510,"height":510,"caption":"LLsoothsayerserum100ml"},{"@type":"BreadcrumbList","@id":"https:\/\/dutchhealthstore.com\/nl\/product\/soothsayer-serum\/#breadcrumb","itemListElement":[{"@type":"ListItem","position":1,"name":"Home","item":"https:\/\/dutchhealthstore.com\/nl\/"},{"@type":"ListItem","position":2,"name":"Shop","item":"https:\/\/dutchhealthstore.com\/nl\/shop\/"},{"@type":"ListItem","position":3,"name":"Soothsayer Serum"}]},{"@type":"WebSite","@id":"https:\/\/dutchhealthstore.com\/nl\/#website","url":"https:\/\/dutchhealthstore.com\/nl\/","name":"Dutch Health Store","description":"Enhance Your Beauty with Organic &amp; Natural Skincare","publisher":{"@id":"https:\/\/dutchhealthstore.com\/nl\/#organization"},"potentialAction":[{"@type":"SearchAction","target":{"@type":"EntryPoint","urlTemplate":"https:\/\/dutchhealthstore.com\/nl\/?s={search_term_string}"},"query-input":{"@type":"PropertyValueSpecification","valueRequired":true,"valueName":"search_term_string"}}],"inLanguage":"nl-NL"},{"@type":"Organization","@id":"https:\/\/dutchhealthstore.com\/nl\/#organization","name":"Dutch Health Store","url":"https:\/\/dutchhealthstore.com\/nl\/","logo":{"@type":"ImageObject","inLanguage":"nl-NL","@id":"https:\/\/dutchhealthstore.com\/nl\/#\/schema\/logo\/image\/","url":"https:\/\/dutchhealthstore.com\/wp-content\/uploads\/2020\/08\/logo-dutchhealthstore-jpg-e1599484957574.jpg","contentUrl":"https:\/\/dutchhealthstore.com\/wp-content\/uploads\/2020\/08\/logo-dutchhealthstore-jpg-e1599484957574.jpg","width":400,"height":62,"caption":"Dutch Health Store"},"image":{"@id":"https:\/\/dutchhealthstore.com\/nl\/#\/schema\/logo\/image\/"},"sameAs":["https:\/\/www.instagram.com\/dutchhealthstore\/","https:\/\/www.facebook.com\/dutchhealthstore"]}]},"product_brand":"Living Libations","og_availability":"instock","product_availability":"instock","product_condition":"new"},"_links":{"self":[{"href":"https:\/\/dutchhealthstore.com\/nl\/wp-json\/wp\/v2\/product\/106483","targetHints":{"allow":["GET"]}}],"collection":[{"href":"https:\/\/dutchhealthstore.com\/nl\/wp-json\/wp\/v2\/product"}],"about":[{"href":"https:\/\/dutchhealthstore.com\/nl\/wp-json\/wp\/v2\/types\/product"}],"replies":[{"embeddable":true,"href":"https:\/\/dutchhealthstore.com\/nl\/wp-json\/wp\/v2\/comments?post=106483"}],"wp:featuredmedia":[{"embeddable":true,"href":"https:\/\/dutchhealthstore.com\/nl\/wp-json\/wp\/v2\/media\/261418"}],"wp:attachment":[{"href":"https:\/\/dutchhealthstore.com\/nl\/wp-json\/wp\/v2\/media?parent=106483"}],"wp:term":[{"taxonomy":"product_brand","embeddable":true,"href":"https:\/\/dutchhealthstore.com\/nl\/wp-json\/wp\/v2\/product_brand?post=106483"},{"taxonomy":"product_cat","embeddable":true,"href":"https:\/\/dutchhealthstore.com\/nl\/wp-json\/wp\/v2\/product_cat?post=106483"},{"taxonomy":"product_tag","embeddable":true,"href":"https:\/\/dutchhealthstore.com\/nl\/wp-json\/wp\/v2\/product_tag?post=106483"}],"curies":[{"name":"wp","href":"https:\/\/api.w.org\/{rel}","templated":true}]}}