{"id":106340,"date":"2020-06-11T09:20:42","date_gmt":"2020-06-11T07:20:42","guid":{"rendered":"https:\/\/dutchhealthstore.com\/product\/ensorcell-serum\/"},"modified":"2026-01-26T16:04:17","modified_gmt":"2026-01-26T15:04:17","slug":"ensorcell-serum","status":"publish","type":"product","link":"https:\/\/dutchhealthstore.com\/nl\/product\/ensorcell-serum\/","title":{"rendered":"Ensorcell Serum"},"content":{"rendered":"<p><strong><img decoding=\"async\" class=\"size-full wp-image-69549 alignright\" src=\"https:\/\/dutchhealthstore.com\/wp-content\/uploads\/2019\/08\/NEW-Living-Libations-Logo.jpg\" alt=\"NEW - Living Libations - Logo\" width=\"175\" height=\"82\">Ensor<\/strong><strong>cell<\/strong><strong> Serum <\/strong>is radicaal vernieuwend en maakt de aan omgevingselementen overbelaste huid eindeloos ongedaan. Het is h\u00e9t elixer om de brutale teint weer tot leven te wekken. Dit feest voor het gezicht begint met een scheutje komijnzaadolie, dat ruwheid en roodheid verzacht. Broccolizaadolie sluit vocht in en voorziet de huid van verzachtende vetzuren. Golden Jojoba drenkt en verkwikt met alle oplosbare vormen van vitamine E.<br \/>\nDe essenti\u00eble oli\u00ebn van duindoornbes, wierook, kaneel, kamille, lavendel, kurkuma en Immortelle zijn verrijkt met biologisch actieve organische zwavel, ook bekend als MSM. Het is een essenti\u00eble voedingsstof voor het lichaam en vooral essentieel voor een stralende huid. Het kan de elasticiteit en flexibiliteit van de huid ten goede komen. Essenti\u00eble oli\u00ebn van kurkuma en kaneel geven dit serum extra kracht. Ze staan bekend om hun plantaardige kracht om de huid te activeren.<\/p>\n<p>Het is een lichtgewicht vloeibaar serum. Schud het flesje om de MSM-kristallen, die soms neerslaan, te combineren en gebruik de druppelaar om een druppel op uw handpalm aan te brengen. Masseer het serum met uw vingertoppen op gezicht en hals en op elke zone van de huid die extra hulp nodig heeft. Door de kaneel in het <strong>Ensor<\/strong><strong>cell<\/strong><strong> Serum <\/strong>voelt deze Libation warm aan en wordt de huid enkele minuten blozend of roze, vooral na het wassen van de huid met warm water of na het stappen uit een warme douche wanneer de pori\u00ebn meer open staan.<br \/>\nAls je huid bloost of roze wordt en warm aanvoelt na gebruik, maak je dan geen zorgen! Dit is goed en normaal en juist. Supergevoelige mensen kunnen ervoor kiezen om <strong>Ensor<\/strong><strong>cell<\/strong><strong> Serum <\/strong>te verdunnen met een paar druppels jojoba- of kokosolie alvorens het aan te brengen. Als u <strong>Ensor<\/strong><strong>cell<\/strong><strong> Serum<\/strong> voor het eerst gebruikt, probeer het dan &#8217;s nachts aan te brengen om te zien hoe uw huid reageert.<\/p>\n<h3 class=\"yikes-custom-woo-tab-title yikes-custom-woo-tab-title-natural-organic-ingredients\">Natuurlijke\/Biologische Ingredi\u00ebnten<\/h3>\n<p><strong>Komijnzaad<\/strong><em> (Suminum cyminum)<\/em> &#8211; Deze stevige superkritische extractie van biologische komijn vangt de volledige schoonheid en complexiteit van de gedroogde specerij die rijk is aan monoterpeenaldehyden, cuminaldehyden, cymene, oliezuur en linolzuur, en zorgt voor de hoogste zuiverheid en potentie.<\/p>\n<p><b><strong>Broccolizaadolie <\/strong><\/b>(<i><em>Brassica oleracea<\/em><\/i>) &#8211; Broccolizaadolie is rijk aan unieke essenti\u00eble vetzuren en plantaardige fytovoedingsstoffen. Het bedekt de huid met een lichte, niet-vette beschermende laag die een goede hydratatie van de huid bevordert en behoudt. Dit onzichtbare laagje smelt vocht in de huid. Broccolizaad bevat veel arachidonzuur, een van nature voorkomend vetzuur dat ook voorkomt in de opperhuidlaag van de huid. Broccolizaadolie herstelt de rode huid tot haar natuurlijke rustige kleur.<\/p>\n<p><b><strong>Jojoba<i><em> <\/em><\/i><\/strong><\/b><i><em>(Simmondsia chinensis)<\/em><\/i> \u2013 Glorieuze, gouden jojoba voedt en verzorgt de dorstige huid. Jojoba heeft een onge\u00ebvenaard vermogen om de huid te hydrateren, de olieproductie in balans te brengen, de pori\u00ebn diep te reinigen en een langdurige conditionerende werking te cre\u00ebren die de huid verzacht tot perfecte zijde. Het zit boordevol peptiden en lipiden en bevat de hoogste niveaus van fenolische verbindingen die in de natuur voorkomen, samen met antioxidanten en alle oplosbare vormen van vitamine E!<\/p>\n<p><b><strong>MSM<\/strong><\/b> (<i><em>methylsulfonylmethaan)<\/em><\/i> &#8211; MSM is een biologisch actieve organische verbinding die een bron van zwavel is. Deze natuurlijk voorkomende zwavel komt voor in de natuur en in alle levende organismen. Het is een essenti\u00eble voedingsstof voor het menselijk lichaam.<\/p>\n<p><b><strong>Duindoorn <\/strong><\/b><i><em>(<\/em><\/i><i><em>Hippophae rhamnoides <\/em><\/i><i><em>)<\/em><\/i><b><strong> <\/strong><\/b>&#8211; Duindoorn zendt zijn lipiden diep in de huid en vermindert onevenwichtigheden van binnenuit. Dit superkritische extract zit boordevol omega vetzuren 3, 6, 7 en 9, antioxidanten, vitamine, palmitole\u00efnezuren, caroteno\u00efden en fytosterolen. Een enkele druppel duindoornolie bevat 190 verschillende bioactieve stoffen. Deze helder oranje essence is ongelooflijk regenererend en huidzuiverend &#8211; het verlicht roodheid en vermindert wallen. Duindoorn is een uitstekende toevoeging aan reinigingsmiddelen tegen acne. Het helpt de huid te harmoniseren met de zon.<\/p>\n<p><b><strong>Wierook <i><em> <\/em><\/i><\/strong><\/b><i><em>(Boswellia carterii)<\/em><\/i><i><em> \u2013 <\/em><\/i>Heilige wierook is de pi\u00e8ce de r\u00e9sistance van de huidverzorging! Het ontspant roodheid, verstevigt de huid, minimaliseert melasma en voorziet de huid van overvloedig vocht. Het is ook geweldig voor het verminderen van littekens en ouderdomsvlekken.<\/p>\n<p><b><strong>Immortelle<i><em> <\/em><\/i><\/strong><\/b><i><em>(Helichrysum italicum) \u2013<\/em><\/i><b><strong> <\/strong><\/b>Everlasting Immortelle is een bloemenolie van etherische, exquise en veredelde proporties. Deze betoverende essence wordt in het wild geoogst op de hooggelegen rotsen van het Corsicaanse platteland. Het is onmiskenbaar een van de fijnste en meest weelderige oli\u00ebn voor huidverzorging. Van Immortelle wordt gezegd dat het de gezonde huid regenereert en aanvult, terwijl het de pori\u00ebn diep reinigt, littekens wegwerkt en ouderdomsvlekken en oneffenheden vervaagt. Deze edelsteen heeft krachtige herstellende eigenschappen die het uiterlijk van huidimperfecties drastisch verbeteren.<\/p>\n<p><b><strong>Kamille <\/strong><\/b>(<i><em>Anthemis nobilis<\/em><\/i> ) <i><em>&#8211;<\/em><\/i> Kalmerende kamilleolie verzacht een ontstoken huid, verhelpt dermatitis en versnelt de genezing van beten, schrammen, steenpuisten en snijwonden. Het is regenererend, versterkend, antibacterieel en antiseptisch.<\/p>\n<p><b><strong>Lavendel <\/strong><\/b><i><em>(Lavandula angustifolia<\/em><\/i>) <b><strong>&#8211; <\/strong><\/b>Heerlijke lavendel is een zacht maar krachtig huidversterkend middel dat herstellend en kalmerend werkt. Het ontspant roodheid en koelt hitte af. Lavendel wordt gebruikt om de zichtbaarheid van littekens te verbeteren, de huidskleur te egaliseren, acne te verzachten en het talggehalte van de huid in evenwicht te brengen.<\/p>\n<p><b><strong>Kaneel <\/strong><\/b>(<i><em>Cinnamomum zeylanicum<\/em><\/i> ) &#8211; <b><strong> <\/strong><\/b>Kruidige kaneelolie tintelt de huid warm en brengt doffe en lusteloze bleekheid weer tot leven. Het ondersteunt een uitstekende huidfunctie en verhoogt de vitaliteit en energie. Het is ook een botanisch bioticum.<\/p>\n<p><b><strong>Kurkuma <\/strong><\/b>(<i><em>Curcuma Longa<\/em><\/i>)<b><strong> &#8211; <\/strong><\/b>Kurkuma is een tonicum van gouden goedheid voor de huid. Door superkritische extractie worden alle lipofiele (van olie houdende) bestanddelen van kurkuma uit de wortels van de plant gehaald. Dit speciale extractieproces vangt veel meer van de aromatische vluchtige oli\u00ebn, lipiden en pigmenten dan een typisch poederkruid.<\/p>\n<p><img fetchpriority=\"high\" decoding=\"async\" class=\"size-medium wp-image-68103 aligncenter\" src=\"https:\/\/dutchhealthstore.com\/wp-content\/uploads\/2018\/02\/Living-Libations-Organic-Logo-800x89.png\" alt=\"Living Libations - Organic Logo\" width=\"800\" height=\"89\" srcset=\"https:\/\/dutchhealthstore.com\/wp-content\/uploads\/2018\/02\/Living-Libations-Organic-Logo-800x89.png 800w, https:\/\/dutchhealthstore.com\/wp-content\/uploads\/2018\/02\/Living-Libations-Organic-Logo-510x57.png 510w, https:\/\/dutchhealthstore.com\/wp-content\/uploads\/2018\/02\/Living-Libations-Organic-Logo-768x85.png 768w, https:\/\/dutchhealthstore.com\/wp-content\/uploads\/2018\/02\/Living-Libations-Organic-Logo.png 1400w\" sizes=\"(max-width: 800px) 100vw, 800px\" \/><\/p>\n","protected":false},"excerpt":{"rendered":"<p><strong>Hardnekkige huidproblemen opgelet!<br \/>\n Living<\/strong>Libations <strong>Ensor<\/strong><strong>cell<\/strong><strong> Serum <\/strong>is de spot-on oplossing voor de hardnekkige onevenwichtigheden van de huid, waaronder een verslapte huid, verlies van elasticiteit, wallen en roodheid, ouderdomsvlekken en een ongelijkmatige teint.<br \/>\nDit superstimulerende vloeibare serum brengt droge, doffe en lusteloze bleekheid weer tot leven. <strong>Ensor<\/strong><strong>cell<\/strong><strong> Serum <\/strong>sijpelt naadloos in de huid en levert herstellende, geconcentreerde superkritische extracten, vers geperste lipiden en met MSM verrijkte essenti\u00eble oli\u00ebn.<\/p>\n","protected":false},"featured_media":105785,"comment_status":"open","ping_status":"closed","template":"","meta":[],"product_brand":[],"product_cat":[1029,5693,5621,2989,14731,1208,1006,5694,5623,5005,5697,5692,5698,5699,4030,510,5695,5664],"product_tag":[21655,6156,21530,3799,4808],"class_list":{"0":"post-106340","1":"product","2":"type-product","3":"status-publish","4":"has-post-thumbnail","6":"product_cat-categorieen","7":"product_cat-dry-mature-ageing-skin-nl-5","8":"product_cat-dry-mature-ageing-skin-nl-4","9":"product_cat-gezicht","10":"product_cat-huidverzorging","11":"product_cat-living-libations-nederland","12":"product_cat-merken","13":"product_cat-normal-or-combination-skin-nl-5","14":"product_cat-normal-or-combination-skin-nl","15":"product_cat-by-skin-type","16":"product_cat-serums-nl","17":"product_cat-serums-nl-9","18":"product_cat-serums-nl-2","19":"product_cat-serums-nl-3","20":"product_cat-serums-moisturizers-nl","21":"product_cat-shop-winkel","22":"product_cat-oily-skin-clogged-pores-nl-6","23":"product_cat-oily-skin-clogged-pores-nl","24":"product_tag-antioxidanen","25":"product_tag-face-care-nl","26":"product_tag-reparatie","27":"product_tag-serum-nl","28":"product_tag-skin-nl","29":"pa_brand-livinglibations-nl","30":"pa_gtin-7439657378386-nl","31":"pa_size-15-ml-nl","32":"pa_size-30-ml-nl","33":"pa_skincare-type-face-oil-and-serums-nl","34":"pa_skintype-dry-mature-ageing-skin-nl","35":"pa_skintype-normal-combination-skin-nl","36":"pa_skintype-oily-skin-nl","38":"first","39":"instock","40":"taxable","41":"shipping-taxable","42":"purchasable","43":"product-type-variable"},"bundled_by":[],"bundle_stock_status":"instock","bundle_stock_quantity":null,"bundle_virtual":false,"bundle_layout":"","bundle_add_to_cart_form_location":"","bundle_editable_in_cart":false,"bundle_sold_individually_context":"","bundle_item_grouping":"","bundle_min_size":"","bundle_max_size":"","bundle_price":[],"bundled_items":[],"bundle_sell_ids":[230749],"atum_controlled":true,"out_stock_date":null,"out_stock_threshold":null,"inheritable":true,"stock_on_hold":1,"sold_today":0,"sales_last_days":1,"out_stock_days":0,"lost_sales":0,"update_date":"2026-04-16T08:15:47","atum_locations":[],"atum_stock_status":"instock","restock_status":false,"low_stock_amount":"","sales_update_date":"2026-04-16T07:55:32","calc_backorders":null,"group_of_quantity":0,"min_quantity":0,"max_quantity":"","exclude_order_quantity_value_rules":"no","exclude_category_quantity_rules":"no","combine_variations":"no","yoast_head":"<!-- This site is optimized with the Yoast SEO Premium plugin v26.5 (Yoast SEO v26.5) - https:\/\/yoast.com\/wordpress\/plugins\/seo\/ -->\n<title>Ensorcell Serum | Living Libations<\/title>\n<meta name=\"description\" content=\"Ensorcell Serum sijpelt naadloos in de huid en levert herstellende, geconcentreerde superkritische extracten, vers geperste lipiden.\" \/>\n<meta name=\"robots\" content=\"index, follow, max-snippet:-1, max-image-preview:large, max-video-preview:-1\" \/>\n<link rel=\"canonical\" href=\"https:\/\/dutchhealthstore.com\/nl\/product\/ensorcell-serum\/\" \/>\n<meta property=\"og:locale\" content=\"nl_NL\" \/>\n<meta property=\"og:type\" content=\"article\" \/>\n<meta property=\"og:title\" content=\"Ensorcell Serum - Dutch Health Store\" \/>\n<meta property=\"og:description\" content=\"Ensorcell Serum sijpelt naadloos in de huid en levert herstellende, geconcentreerde superkritische extracten, vers geperste lipiden.\" \/>\n<meta property=\"og:url\" content=\"https:\/\/dutchhealthstore.com\/nl\/product\/ensorcell-serum\/\" \/>\n<meta property=\"og:site_name\" content=\"Dutch Health Store\" \/>\n<meta property=\"article:publisher\" content=\"https:\/\/www.instagram.com\/dutchhealthstore\/\" \/>\n<meta property=\"article:modified_time\" content=\"2026-01-26T15:04:17+00:00\" \/>\n<meta property=\"og:image\" content=\"https:\/\/dutchhealthstore.com\/wp-content\/uploads\/2018\/02\/Ensorcell-Serum-Living-Libations-001-e1591867073820.jpg\" \/>\n\t<meta property=\"og:image:width\" content=\"500\" \/>\n\t<meta property=\"og:image:height\" content=\"588\" \/>\n\t<meta property=\"og:image:type\" content=\"image\/jpeg\" \/>\n<meta name=\"twitter:card\" content=\"summary_large_image\" \/>\n<meta name=\"twitter:label1\" content=\"Beschikbaarheid\" \/>\n\t<meta name=\"twitter:data1\" content=\"Op voorraad\" \/>\n<script type=\"application\/ld+json\" class=\"yoast-schema-graph\">{\"@context\":\"https:\/\/schema.org\",\"@graph\":[{\"@type\":\"WebPage\",\"@id\":\"https:\/\/dutchhealthstore.com\/nl\/product\/ensorcell-serum\/\",\"url\":\"https:\/\/dutchhealthstore.com\/nl\/product\/ensorcell-serum\/\",\"name\":\"Ensorcell Serum | Living Libations\",\"isPartOf\":{\"@id\":\"https:\/\/dutchhealthstore.com\/nl\/#website\"},\"primaryImageOfPage\":{\"@id\":\"https:\/\/dutchhealthstore.com\/nl\/product\/ensorcell-serum\/#primaryimage\"},\"image\":{\"@id\":\"https:\/\/dutchhealthstore.com\/nl\/product\/ensorcell-serum\/#primaryimage\"},\"thumbnailUrl\":\"https:\/\/dutchhealthstore.com\/wp-content\/uploads\/2018\/02\/Ensorcell-Serum-Living-Libations-001-e1591867073820.jpg\",\"datePublished\":\"2020-06-11T07:20:42+00:00\",\"dateModified\":\"2026-01-26T15:04:17+00:00\",\"description\":\"Ensorcell Serum sijpelt naadloos in de huid en levert herstellende, geconcentreerde superkritische extracten, vers geperste lipiden.\",\"breadcrumb\":{\"@id\":\"https:\/\/dutchhealthstore.com\/nl\/product\/ensorcell-serum\/#breadcrumb\"},\"inLanguage\":\"nl-NL\",\"potentialAction\":[{\"@type\":\"ReadAction\",\"target\":[\"https:\/\/dutchhealthstore.com\/nl\/product\/ensorcell-serum\/\"]}]},{\"@type\":\"ImageObject\",\"inLanguage\":\"nl-NL\",\"@id\":\"https:\/\/dutchhealthstore.com\/nl\/product\/ensorcell-serum\/#primaryimage\",\"url\":\"https:\/\/dutchhealthstore.com\/wp-content\/uploads\/2018\/02\/Ensorcell-Serum-Living-Libations-001-e1591867073820.jpg\",\"contentUrl\":\"https:\/\/dutchhealthstore.com\/wp-content\/uploads\/2018\/02\/Ensorcell-Serum-Living-Libations-001-e1591867073820.jpg\",\"width\":500,\"height\":588,\"caption\":\"Ensorcell Serum - Living Libations\"},{\"@type\":\"BreadcrumbList\",\"@id\":\"https:\/\/dutchhealthstore.com\/nl\/product\/ensorcell-serum\/#breadcrumb\",\"itemListElement\":[{\"@type\":\"ListItem\",\"position\":1,\"name\":\"Home\",\"item\":\"https:\/\/dutchhealthstore.com\/nl\/\"},{\"@type\":\"ListItem\",\"position\":2,\"name\":\"Shop\",\"item\":\"https:\/\/dutchhealthstore.com\/nl\/shop\/\"},{\"@type\":\"ListItem\",\"position\":3,\"name\":\"Ensorcell Serum\"}]},{\"@type\":\"WebSite\",\"@id\":\"https:\/\/dutchhealthstore.com\/nl\/#website\",\"url\":\"https:\/\/dutchhealthstore.com\/nl\/\",\"name\":\"Dutch Health Store\",\"description\":\"Enhance Your Beauty with Organic &amp; Natural Skincare\",\"publisher\":{\"@id\":\"https:\/\/dutchhealthstore.com\/nl\/#organization\"},\"potentialAction\":[{\"@type\":\"SearchAction\",\"target\":{\"@type\":\"EntryPoint\",\"urlTemplate\":\"https:\/\/dutchhealthstore.com\/nl\/?s={search_term_string}\"},\"query-input\":{\"@type\":\"PropertyValueSpecification\",\"valueRequired\":true,\"valueName\":\"search_term_string\"}}],\"inLanguage\":\"nl-NL\"},{\"@type\":\"Organization\",\"@id\":\"https:\/\/dutchhealthstore.com\/nl\/#organization\",\"name\":\"Dutch Health Store\",\"url\":\"https:\/\/dutchhealthstore.com\/nl\/\",\"logo\":{\"@type\":\"ImageObject\",\"inLanguage\":\"nl-NL\",\"@id\":\"https:\/\/dutchhealthstore.com\/nl\/#\/schema\/logo\/image\/\",\"url\":\"https:\/\/dutchhealthstore.com\/wp-content\/uploads\/2020\/08\/logo-dutchhealthstore-jpg-e1599484957574.jpg\",\"contentUrl\":\"https:\/\/dutchhealthstore.com\/wp-content\/uploads\/2020\/08\/logo-dutchhealthstore-jpg-e1599484957574.jpg\",\"width\":400,\"height\":62,\"caption\":\"Dutch Health Store\"},\"image\":{\"@id\":\"https:\/\/dutchhealthstore.com\/nl\/#\/schema\/logo\/image\/\"},\"sameAs\":[\"https:\/\/www.instagram.com\/dutchhealthstore\/\",\"https:\/\/www.facebook.com\/dutchhealthstore\"]}]}<\/script>\n<meta property=\"product:brand\" content=\"Living Libations\" \/>\n<meta property=\"og:availability\" content=\"instock\" \/>\n<meta property=\"product:availability\" content=\"instock\" \/>\n<meta property=\"product:condition\" content=\"new\" \/>\n<!-- \/ Yoast SEO Premium plugin. -->","yoast_head_json":{"title":"Ensorcell Serum | Living Libations","description":"Ensorcell Serum sijpelt naadloos in de huid en levert herstellende, geconcentreerde superkritische extracten, vers geperste lipiden.","robots":{"index":"index","follow":"follow","max-snippet":"max-snippet:-1","max-image-preview":"max-image-preview:large","max-video-preview":"max-video-preview:-1"},"canonical":"https:\/\/dutchhealthstore.com\/nl\/product\/ensorcell-serum\/","og_locale":"nl_NL","og_type":"article","og_title":"Ensorcell Serum - Dutch Health Store","og_description":"Ensorcell Serum sijpelt naadloos in de huid en levert herstellende, geconcentreerde superkritische extracten, vers geperste lipiden.","og_url":"https:\/\/dutchhealthstore.com\/nl\/product\/ensorcell-serum\/","og_site_name":"Dutch Health Store","article_publisher":"https:\/\/www.instagram.com\/dutchhealthstore\/","article_modified_time":"2026-01-26T15:04:17+00:00","og_image":[{"width":500,"height":588,"url":"https:\/\/dutchhealthstore.com\/wp-content\/uploads\/2018\/02\/Ensorcell-Serum-Living-Libations-001-e1591867073820.jpg","type":"image\/jpeg"}],"twitter_card":"summary_large_image","twitter_misc":{"Beschikbaarheid":"Op voorraad"},"schema":{"@context":"https:\/\/schema.org","@graph":[{"@type":"WebPage","@id":"https:\/\/dutchhealthstore.com\/nl\/product\/ensorcell-serum\/","url":"https:\/\/dutchhealthstore.com\/nl\/product\/ensorcell-serum\/","name":"Ensorcell Serum | Living Libations","isPartOf":{"@id":"https:\/\/dutchhealthstore.com\/nl\/#website"},"primaryImageOfPage":{"@id":"https:\/\/dutchhealthstore.com\/nl\/product\/ensorcell-serum\/#primaryimage"},"image":{"@id":"https:\/\/dutchhealthstore.com\/nl\/product\/ensorcell-serum\/#primaryimage"},"thumbnailUrl":"https:\/\/dutchhealthstore.com\/wp-content\/uploads\/2018\/02\/Ensorcell-Serum-Living-Libations-001-e1591867073820.jpg","datePublished":"2020-06-11T07:20:42+00:00","dateModified":"2026-01-26T15:04:17+00:00","description":"Ensorcell Serum sijpelt naadloos in de huid en levert herstellende, geconcentreerde superkritische extracten, vers geperste lipiden.","breadcrumb":{"@id":"https:\/\/dutchhealthstore.com\/nl\/product\/ensorcell-serum\/#breadcrumb"},"inLanguage":"nl-NL","potentialAction":[{"@type":"ReadAction","target":["https:\/\/dutchhealthstore.com\/nl\/product\/ensorcell-serum\/"]}]},{"@type":"ImageObject","inLanguage":"nl-NL","@id":"https:\/\/dutchhealthstore.com\/nl\/product\/ensorcell-serum\/#primaryimage","url":"https:\/\/dutchhealthstore.com\/wp-content\/uploads\/2018\/02\/Ensorcell-Serum-Living-Libations-001-e1591867073820.jpg","contentUrl":"https:\/\/dutchhealthstore.com\/wp-content\/uploads\/2018\/02\/Ensorcell-Serum-Living-Libations-001-e1591867073820.jpg","width":500,"height":588,"caption":"Ensorcell Serum - Living Libations"},{"@type":"BreadcrumbList","@id":"https:\/\/dutchhealthstore.com\/nl\/product\/ensorcell-serum\/#breadcrumb","itemListElement":[{"@type":"ListItem","position":1,"name":"Home","item":"https:\/\/dutchhealthstore.com\/nl\/"},{"@type":"ListItem","position":2,"name":"Shop","item":"https:\/\/dutchhealthstore.com\/nl\/shop\/"},{"@type":"ListItem","position":3,"name":"Ensorcell Serum"}]},{"@type":"WebSite","@id":"https:\/\/dutchhealthstore.com\/nl\/#website","url":"https:\/\/dutchhealthstore.com\/nl\/","name":"Dutch Health Store","description":"Enhance Your Beauty with Organic &amp; Natural Skincare","publisher":{"@id":"https:\/\/dutchhealthstore.com\/nl\/#organization"},"potentialAction":[{"@type":"SearchAction","target":{"@type":"EntryPoint","urlTemplate":"https:\/\/dutchhealthstore.com\/nl\/?s={search_term_string}"},"query-input":{"@type":"PropertyValueSpecification","valueRequired":true,"valueName":"search_term_string"}}],"inLanguage":"nl-NL"},{"@type":"Organization","@id":"https:\/\/dutchhealthstore.com\/nl\/#organization","name":"Dutch Health Store","url":"https:\/\/dutchhealthstore.com\/nl\/","logo":{"@type":"ImageObject","inLanguage":"nl-NL","@id":"https:\/\/dutchhealthstore.com\/nl\/#\/schema\/logo\/image\/","url":"https:\/\/dutchhealthstore.com\/wp-content\/uploads\/2020\/08\/logo-dutchhealthstore-jpg-e1599484957574.jpg","contentUrl":"https:\/\/dutchhealthstore.com\/wp-content\/uploads\/2020\/08\/logo-dutchhealthstore-jpg-e1599484957574.jpg","width":400,"height":62,"caption":"Dutch Health Store"},"image":{"@id":"https:\/\/dutchhealthstore.com\/nl\/#\/schema\/logo\/image\/"},"sameAs":["https:\/\/www.instagram.com\/dutchhealthstore\/","https:\/\/www.facebook.com\/dutchhealthstore"]}]},"product_brand":"Living Libations","og_availability":"instock","product_availability":"instock","product_condition":"new"},"_links":{"self":[{"href":"https:\/\/dutchhealthstore.com\/nl\/wp-json\/wp\/v2\/product\/106340","targetHints":{"allow":["GET"]}}],"collection":[{"href":"https:\/\/dutchhealthstore.com\/nl\/wp-json\/wp\/v2\/product"}],"about":[{"href":"https:\/\/dutchhealthstore.com\/nl\/wp-json\/wp\/v2\/types\/product"}],"replies":[{"embeddable":true,"href":"https:\/\/dutchhealthstore.com\/nl\/wp-json\/wp\/v2\/comments?post=106340"}],"wp:featuredmedia":[{"embeddable":true,"href":"https:\/\/dutchhealthstore.com\/nl\/wp-json\/wp\/v2\/media\/105785"}],"wp:attachment":[{"href":"https:\/\/dutchhealthstore.com\/nl\/wp-json\/wp\/v2\/media?parent=106340"}],"wp:term":[{"taxonomy":"product_brand","embeddable":true,"href":"https:\/\/dutchhealthstore.com\/nl\/wp-json\/wp\/v2\/product_brand?post=106340"},{"taxonomy":"product_cat","embeddable":true,"href":"https:\/\/dutchhealthstore.com\/nl\/wp-json\/wp\/v2\/product_cat?post=106340"},{"taxonomy":"product_tag","embeddable":true,"href":"https:\/\/dutchhealthstore.com\/nl\/wp-json\/wp\/v2\/product_tag?post=106340"}],"curies":[{"name":"wp","href":"https:\/\/api.w.org\/{rel}","templated":true}]}}