{"id":105741,"date":"2020-01-11T07:31:11","date_gmt":"2020-01-11T07:31:11","guid":{"rendered":"https:\/\/dutchhealthstore.com\/product\/rose-renewal-frankincense-firming-fluid\/"},"modified":"2026-03-24T14:17:05","modified_gmt":"2026-03-24T13:17:05","slug":"rose-renewal-frankincense-firming-fluid","status":"publish","type":"product","link":"https:\/\/dutchhealthstore.com\/nl\/product\/rose-renewal-frankincense-firming-fluid\/","title":{"rendered":"Rose Renewal + Frankincense Firming Fluid"},"content":{"rendered":"<p><img decoding=\"async\" class=\"alignright wp-image-56014\" src=\"https:\/\/dutchhealthstore.com\/wp-content\/uploads\/2019\/04\/logo.png\" alt=\"Living libations logo\" width=\"200\" height=\"59\">Living Libations Rose Renewal + Frankincense Firming Fluid is een perfecte vochtinbrengende cr\u00e8me voor de zomerhuid, vochtige klimaten en de wijsheidshuid. Dit lichtgewicht verzachtende middel is begiftigd met extra essences die de verslapte huid verstevigen en fijne lijntjes en rimpels verzachten.<\/p>\n<p>Deze prachtig stralende, lichte en heerlijke vloeistof vult de huidskleur aan. Het is een fantastische versterkende vloeistof die uw huid subliem houdt omdat het het gezicht voedt en hydrateert, terwijl het littekenweefsel en fijne lijntjes minimaliseert en de aan de omgevingselementen blootgestelde huid beschermt.<\/p>\n<h3>Gebruiksaanwijzing<\/h3>\n<p>Doe een beetje in je handpalm en klop het zachtjes op de huid. Het ruikt naar een dauwfrisse lenteochtend. Een lichtgewicht moisturizer voor de zomer, vochtigheid, vette huid of acne gevoelige huid. Diep voedend op zichzelf en ook perfect te combineren met de elegantie van Rose Glow Serum, Royal Rose Serum en\/of Rose Glow Cream.<br \/>\nBreng aan in de ochtend of avond na het reinigen van het gezicht met Rose of Duindoorn Best Skin Ever.<\/p>\n<h3 class=\"yikes-custom-woo-tab-title yikes-custom-woo-tab-title-natural-organic-ingredients\">Natuurlijke\/biologische Ingredi\u00ebnten<\/h3>\n<p><strong>Alo\u00eb Vera<\/strong><em> (Alo\u00eb barbadensis)<\/em> &#8211; Alo\u00eb Vera is een verzachtende, vetplant die groeit in warmere klimaten. Het heeft een stevig blad dat een heldere, gelatineuze pulp biedt. Deze pulp zorgt voor een ongelooflijk verzachtende balsem voor de tere huid. Alo\u00eb biedt een perfecte hydratatie en heeft prachtige eigenschappen die in de huid dringen om roodheid en wallen te verminderen. Onze alo\u00eb vera biedt een dubbele dosis hydraterende bescherming voor de huid. Als natuurlijke vochtinbrenger trekt het in de huid en houdt het vocht vast. Tegelijkertijd vormt alo\u00eb vera een ademende, poreuze laag bovenop de huid om vocht binnen te houden en de rest buiten te houden.<\/p>\n<p><strong>Rozenbottels<\/strong><em> (Rosa rubignosa)<\/em> \u2013 Een eeuwenoud huidmiddel uit Zuid-Amerika, rozenbottels verrijken dit serum met vitaminen A en C, die vooral heilzaam zijn voor de rijpere huid. Rozenbottels bevatten ook ijzer en vetzuren die de huid steviger en elastischer maken.<\/p>\n<p><strong>Jojoba<\/strong> <em>(Simmondsia chinensis)<\/em> &#8211; Glorieuze, gouden jojoba voedt en verzorgt de dorstige huid. Jojoba heeft een onge\u00ebvenaard vermogen om de huid te hydrateren, de olieproductie in balans te brengen, de pori\u00ebn diep te reinigen en een langdurige conditionerende werking te cre\u00ebren die de huid verzacht tot perfecte zijde. Het zit boordevol peptiden en lipiden en bevat de hoogste niveaus van fenolische verbindingen die in de natuur voorkomen, samen met vitaminen en alle oplosbare vormen van vitamine E!<\/p>\n<p><strong>Calendula-infusie<\/strong><em> (Calendula officinalis)<\/em> &#8211; Calendula is de superheld van de zonnehuid. Dit gedurfde extract benut de krachtige anti-aging eigenschappen van goudsbloemblaadjes die roodheid en hitte wegsturen. Bij traditioneel gebruik worden ook littekens en wallen verzacht met Calendula.<\/p>\n<p><strong>Infusie van smeerwortel<\/strong> (Comfrey symphytim) &#8211; Smeerwortel beschermt en geeft de huid energie. Het verbetert het uiterlijk van littekens en vlekken.<\/p>\n<p><strong>Rozenblaadjesinfusie<\/strong> (Rosa centifolia) &#8211; Prachtige rozenblaadjes worden geoogst in de Bulgaarse Rozenvallei en ge\u00efnfuseerd met jojoba. Dit fantastisch geurende en samentrekkende poeder geeft de kracht van voedende vitaminen en overvloedige antioxidanten aan onze serums.<\/p>\n<p><strong>Heermoes infusie<\/strong> (Equisetum arvense) &#8211; Boordevol versterkende silica, heermoes verhoogt de veerkracht van de huid.<\/p>\n<p><strong>Rozenbottel infusie<\/strong> (Rosa canina) &#8211; De bottels van de roos verjongen de huid van je hoofd tot je tenen! Rozenbottels bevatten veel lipiden, vitaminen en essenti\u00eble vetzuren, plus vitamine C en lycopeen. Dit ingredi\u00ebnt heeft een affiniteit voor de huid en ondersteunt de elasticiteit om het uiterlijk van littekens, droogte en rimpels te verbeteren.<\/p>\n<p><strong>Wierook<\/strong> (Boswellia carterii) &#8211; Heilige Wierook is de pi\u00e8ce de r\u00e9sistance van de huidverzorging! Het ontspant roodheid, verstevigt de huid, minimaliseert melasma en voorziet de huid van overvloedig vocht. Het is ook geweldig voor het verminderen van littekens en ouderdomsvlekken.<\/p>\n<p><strong>Immortelle<\/strong> (Helichrysum italicum) &#8211; Immortelle is stellair en schittert goddelijk voor alle soorten huidverzorging. Deze geurige bloemenolie wordt in het wild verwerkt op het eiland Corsica, waar de bloemen bloeien door de zeewind en de zon. De bloemen groeien op een hoogte van 4.000 feet op de rotsachtige kliffen van het platteland. Immortelle helpt bij het verminderen van littekens, vlekken, melasma, roodheid en fijne lijntjes. Dit veelzijdige juweeltje van een olie is ook emotioneel verheffend.<\/p>\n<p><strong>Roos Otto<\/strong> (Rosa damascena) &#8211; Roos Otto biedt o zo veel meer dan een ambrosant aroma. Het is ook de meest versterkende van alle rozenoli\u00ebn. Het is een ongelooflijk elegante en kostbare essentie. Er zijn zestig rozen nodig om \u00e9\u00e9n druppel etherische olie van Rose Otto te maken! Dit vorstelijke plantaardige product maakt de huid veerkrachtiger, elastischer en vochtiger om tekenen van veroudering te minimaliseren en de huid een roze gloed te geven. Het vermindert het uiterlijk van ouderdomsvlekken,<\/p>\n<p><strong>Schizandra<\/strong> (Schisandra chinensis) &#8211; Al meer dan 3000 jaar gebruikt als een van de belangrijkste kruiden in de Chinese geneeskunde, vertraagt de Schizandra bes de tekenen van huidveroudering. Deze rode bessen worden al duizenden jaren gebruikt in de traditionele Chinese geneeskunde om de chi van het lichaam te versterken. Deze prachtige bes inspireert positiviteit en geeft de geest energie.<\/p>\n<p><strong>Geranium<\/strong> (Pelargonium graveolens) &#8211; Deze zachte reus van de huidverzorging verstevigt de verslapte huid, vermindert littekens en striae, en is een uitstekende toner voor de acnegevoelige huid.<\/p>\n<p><strong>Neroli<\/strong> \u2013 Citrus aurantium<br \/>\nNeroli staat bekend om het verzachten en verbeteren van littekens, vlekken en striae. Deze stimulerende, zuiverende olie exfolieert en verjongt op milde wijze om u een gladde, frisse huid te geven. Het wordt vaak gebruikt om rimpels te vervagen, vlekken van melasma en puistjes van acne te verminderen.<\/p>\n<p><strong>Wortelzaad<\/strong> (Daucus carota) &#8211; Koningin Anne&#8217;s kant zalft je gezicht met koninklijke gratie. Wortelolie stimuleert de olieproductie in perfecte verhoudingen, ongeacht de huidige toestand van uw huid. Vette, droge en gemengde huid kunnen allemaal profiteren van de stimulerende, hydraterende kracht van wortelzaad.<\/p>\n<p><strong>Extracten van salie en rozemarijn<\/strong> (Salvia officinalis en Rosmarinus officinalis) &#8211; Dit natuurlijke conserveringsmiddel verlengt de levensduur van dit serum door het oxidatieproces te vertragen. Het zit boordevol heilzame antioxidanten die de huid doen herleven.<\/p>\n<p><strong><span class=\"ll-product-ingredient-first\">Steenwortel <\/span>&#8211;<\/strong> <em><br \/>\n  <span class=\"ll-product-ingredient-second\">collinsonia canadensis l.- <\/span><br \/>\n<\/em> <span class=\"ll-product-ingredient-second\">Dit kruid benut de onweerstaanbare krachten van sappige rode wortels die onder de bloemen van de aarde groeien. Steenwortel kalmeert en verheldert het uiterlijk van de huid door zijn toniserende werking.<\/span><\/p>\n<p><img fetchpriority=\"high\" decoding=\"async\" class=\"aligncenter wp-image-68106\" src=\"https:\/\/dutchhealthstore.com\/wp-content\/uploads\/2018\/02\/Living-Libations-Organic-Logo.png\" alt=\"Living Libations - Organic Logo\" width=\"800\" height=\"89\" srcset=\"https:\/\/dutchhealthstore.com\/wp-content\/uploads\/2018\/02\/Living-Libations-Organic-Logo.png 1400w, https:\/\/dutchhealthstore.com\/wp-content\/uploads\/2018\/02\/Living-Libations-Organic-Logo-510x57.png 510w, https:\/\/dutchhealthstore.com\/wp-content\/uploads\/2018\/02\/Living-Libations-Organic-Logo-800x89.png 800w, https:\/\/dutchhealthstore.com\/wp-content\/uploads\/2018\/02\/Living-Libations-Organic-Logo-768x85.png 768w\" sizes=\"(max-width: 800px) 100vw, 800px\" \/><\/p>\n","protected":false},"excerpt":{"rendered":"<p><strong>Living Libations Rose Renewal + Frankincense Firming Fluid<\/strong> is een perfecte vochtinbrengende cr\u00e8me voor de zomerhuid, vochtige klimaten en de wijsheidshuid. Dit lichtgewicht verzachtende middel is begiftigd met extra essences die de verslapte huid verstevigen en fijne lijntjes en rimpels verzachten.<\/p>\n<p>Deze prachtig stralende, lichte en heerlijke vloeistof vult de huidskleur aan. Het is een fantastische versterkende vloeistof die uw huid subliem houdt omdat het het gezicht voedt en hydrateert, terwijl het littekenweefsel en fijne lijntjes minimaliseert en de aan de omgevingselementen blootgestelde huid beschermt.<\/p>\n","protected":false},"featured_media":89156,"comment_status":"open","ping_status":"closed","template":"","meta":[],"product_brand":[],"product_cat":[1029,5641,5621,5617,5643,2989,14731,1208,1006,5644,5718,5640,5645,5646,5642,5623,5005,4030,510,5664,5717],"product_tag":[6156,9602,3799,4808],"class_list":{"0":"post-105741","1":"product","2":"type-product","3":"status-publish","4":"has-post-thumbnail","6":"product_cat-categorieen","7":"product_cat-dry-mature-ageing-skin-nl-3","8":"product_cat-dry-mature-ageing-skin-nl-4","9":"product_cat-sensitive-skin-redness-nl","10":"product_cat-sensitive-skin-redness-nl-4","11":"product_cat-gezicht","12":"product_cat-huidverzorging","13":"product_cat-living-libations-nederland","14":"product_cat-merken","15":"product_cat-moisturizers-nl","16":"product_cat-moisturizers-nl-nl-2","17":"product_cat-moisturizers-nl-7","18":"product_cat-moisturizers-nl-nl","19":"product_cat-moisturizers-nl-nl-3","20":"product_cat-normal-or-combination-skin-nl-3","21":"product_cat-normal-or-combination-skin-nl","22":"product_cat-by-skin-type","23":"product_cat-serums-moisturizers-nl","24":"product_cat-shop-winkel","25":"product_cat-oily-skin-clogged-pores-nl","26":"product_cat-oily-skin-clogged-pores-nl-4","27":"product_tag-face-care-nl","28":"product_tag-hydrating-nl","29":"product_tag-serum-nl","30":"product_tag-skin-nl","31":"pa_brand-livinglibations-nl","32":"pa_gtin-7439657335303-nl","33":"pa_size-100-ml-nl","34":"pa_size-30-ml-nl","35":"pa_size-50-ml-nl","36":"pa_skincare-type-moisturizers-nl","37":"pa_skintype-dry-mature-ageing-skin-nl","38":"pa_skintype-normal-combination-skin-nl","39":"pa_skintype-oily-skin-nl","40":"pa_skintype-sensitive-skin-redness-nl","42":"first","43":"instock","44":"taxable","45":"shipping-taxable","46":"purchasable","47":"product-type-variable"},"bundled_by":[],"bundle_stock_status":"instock","bundle_stock_quantity":null,"bundle_virtual":false,"bundle_layout":"","bundle_add_to_cart_form_location":"","bundle_editable_in_cart":false,"bundle_sold_individually_context":"","bundle_item_grouping":"","bundle_min_size":"","bundle_max_size":"","bundle_price":[],"bundled_items":[],"bundle_sell_ids":[241192],"atum_controlled":true,"out_stock_date":null,"out_stock_threshold":null,"inheritable":true,"stock_on_hold":2,"sold_today":2,"sales_last_days":5,"out_stock_days":0,"lost_sales":0,"update_date":"2026-04-30T17:31:34","atum_locations":[],"atum_stock_status":"instock","restock_status":false,"low_stock_amount":"","sales_update_date":"2026-04-22T00:10:40","calc_backorders":null,"group_of_quantity":0,"min_quantity":0,"max_quantity":"","exclude_order_quantity_value_rules":"no","exclude_category_quantity_rules":"no","combine_variations":"no","yoast_head":"<!-- This site is optimized with the Yoast SEO Premium plugin v26.5 (Yoast SEO v26.5) - https:\/\/yoast.com\/wordpress\/plugins\/seo\/ -->\n<title>Rose Renewal + Frankincense Firming Fluid | Living Libations<\/title>\n<meta name=\"description\" content=\"Living Libations Rose Renewal + Frankincense Firming Fluid is een perfecte vochtinbrengende cr\u00e8me voor de zomerhuid, vochtige klimaten en de wijsheidshuid.\" \/>\n<meta name=\"robots\" content=\"index, follow, max-snippet:-1, max-image-preview:large, max-video-preview:-1\" \/>\n<link rel=\"canonical\" href=\"https:\/\/dutchhealthstore.com\/nl\/product\/rose-renewal-frankincense-firming-fluid\/\" \/>\n<meta property=\"og:locale\" content=\"nl_NL\" \/>\n<meta property=\"og:type\" content=\"article\" \/>\n<meta property=\"og:title\" content=\"Rose Renewal + Frankincense Firming Fluid - Dutch Health Store\" \/>\n<meta property=\"og:description\" content=\"Living Libations Rose Renewal + Frankincense Firming Fluid is een perfecte vochtinbrengende cr\u00e8me voor de zomerhuid, vochtige klimaten en de wijsheidshuid.\" \/>\n<meta property=\"og:url\" content=\"https:\/\/dutchhealthstore.com\/nl\/product\/rose-renewal-frankincense-firming-fluid\/\" \/>\n<meta property=\"og:site_name\" content=\"Dutch Health Store\" \/>\n<meta property=\"article:publisher\" content=\"https:\/\/www.instagram.com\/dutchhealthstore\/\" \/>\n<meta property=\"article:modified_time\" content=\"2026-03-24T13:17:05+00:00\" \/>\n<meta property=\"og:image\" content=\"https:\/\/dutchhealthstore.com\/wp-content\/uploads\/2020\/01\/Rose-Renewal-and-Frankincense-Firming-Fluid-Living-Libations.jpg\" \/>\n\t<meta property=\"og:image:width\" content=\"1200\" \/>\n\t<meta property=\"og:image:height\" content=\"1200\" \/>\n\t<meta property=\"og:image:type\" content=\"image\/jpeg\" \/>\n<meta name=\"twitter:card\" content=\"summary_large_image\" \/>\n<meta name=\"twitter:label1\" content=\"Beschikbaarheid\" \/>\n\t<meta name=\"twitter:data1\" content=\"Op voorraad\" \/>\n<script type=\"application\/ld+json\" class=\"yoast-schema-graph\">{\"@context\":\"https:\/\/schema.org\",\"@graph\":[{\"@type\":\"WebPage\",\"@id\":\"https:\/\/dutchhealthstore.com\/nl\/product\/rose-renewal-frankincense-firming-fluid\/\",\"url\":\"https:\/\/dutchhealthstore.com\/nl\/product\/rose-renewal-frankincense-firming-fluid\/\",\"name\":\"Rose Renewal + Frankincense Firming Fluid | Living Libations\",\"isPartOf\":{\"@id\":\"https:\/\/dutchhealthstore.com\/nl\/#website\"},\"primaryImageOfPage\":{\"@id\":\"https:\/\/dutchhealthstore.com\/nl\/product\/rose-renewal-frankincense-firming-fluid\/#primaryimage\"},\"image\":{\"@id\":\"https:\/\/dutchhealthstore.com\/nl\/product\/rose-renewal-frankincense-firming-fluid\/#primaryimage\"},\"thumbnailUrl\":\"https:\/\/dutchhealthstore.com\/wp-content\/uploads\/2020\/01\/Rose-Renewal-and-Frankincense-Firming-Fluid-Living-Libations.jpg\",\"datePublished\":\"2020-01-11T07:31:11+00:00\",\"dateModified\":\"2026-03-24T13:17:05+00:00\",\"description\":\"Living Libations Rose Renewal + Frankincense Firming Fluid is een perfecte vochtinbrengende cr\u00e8me voor de zomerhuid, vochtige klimaten en de wijsheidshuid.\",\"breadcrumb\":{\"@id\":\"https:\/\/dutchhealthstore.com\/nl\/product\/rose-renewal-frankincense-firming-fluid\/#breadcrumb\"},\"inLanguage\":\"nl-NL\",\"potentialAction\":[{\"@type\":\"ReadAction\",\"target\":[\"https:\/\/dutchhealthstore.com\/nl\/product\/rose-renewal-frankincense-firming-fluid\/\"]}]},{\"@type\":\"ImageObject\",\"inLanguage\":\"nl-NL\",\"@id\":\"https:\/\/dutchhealthstore.com\/nl\/product\/rose-renewal-frankincense-firming-fluid\/#primaryimage\",\"url\":\"https:\/\/dutchhealthstore.com\/wp-content\/uploads\/2020\/01\/Rose-Renewal-and-Frankincense-Firming-Fluid-Living-Libations.jpg\",\"contentUrl\":\"https:\/\/dutchhealthstore.com\/wp-content\/uploads\/2020\/01\/Rose-Renewal-and-Frankincense-Firming-Fluid-Living-Libations.jpg\",\"width\":1200,\"height\":1200,\"caption\":\"Rose Renewal + Frankincense Firming Fluid - Living Libations\"},{\"@type\":\"BreadcrumbList\",\"@id\":\"https:\/\/dutchhealthstore.com\/nl\/product\/rose-renewal-frankincense-firming-fluid\/#breadcrumb\",\"itemListElement\":[{\"@type\":\"ListItem\",\"position\":1,\"name\":\"Home\",\"item\":\"https:\/\/dutchhealthstore.com\/nl\/\"},{\"@type\":\"ListItem\",\"position\":2,\"name\":\"Shop\",\"item\":\"https:\/\/dutchhealthstore.com\/nl\/shop\/\"},{\"@type\":\"ListItem\",\"position\":3,\"name\":\"Rose Renewal + Frankincense Firming Fluid\"}]},{\"@type\":\"WebSite\",\"@id\":\"https:\/\/dutchhealthstore.com\/nl\/#website\",\"url\":\"https:\/\/dutchhealthstore.com\/nl\/\",\"name\":\"Dutch Health Store\",\"description\":\"Enhance Your Beauty with Organic &amp; Natural Skincare\",\"publisher\":{\"@id\":\"https:\/\/dutchhealthstore.com\/nl\/#organization\"},\"potentialAction\":[{\"@type\":\"SearchAction\",\"target\":{\"@type\":\"EntryPoint\",\"urlTemplate\":\"https:\/\/dutchhealthstore.com\/nl\/?s={search_term_string}\"},\"query-input\":{\"@type\":\"PropertyValueSpecification\",\"valueRequired\":true,\"valueName\":\"search_term_string\"}}],\"inLanguage\":\"nl-NL\"},{\"@type\":\"Organization\",\"@id\":\"https:\/\/dutchhealthstore.com\/nl\/#organization\",\"name\":\"Dutch Health Store\",\"url\":\"https:\/\/dutchhealthstore.com\/nl\/\",\"logo\":{\"@type\":\"ImageObject\",\"inLanguage\":\"nl-NL\",\"@id\":\"https:\/\/dutchhealthstore.com\/nl\/#\/schema\/logo\/image\/\",\"url\":\"https:\/\/dutchhealthstore.com\/wp-content\/uploads\/2020\/08\/logo-dutchhealthstore-jpg-e1599484957574.jpg\",\"contentUrl\":\"https:\/\/dutchhealthstore.com\/wp-content\/uploads\/2020\/08\/logo-dutchhealthstore-jpg-e1599484957574.jpg\",\"width\":400,\"height\":62,\"caption\":\"Dutch Health Store\"},\"image\":{\"@id\":\"https:\/\/dutchhealthstore.com\/nl\/#\/schema\/logo\/image\/\"},\"sameAs\":[\"https:\/\/www.instagram.com\/dutchhealthstore\/\",\"https:\/\/www.facebook.com\/dutchhealthstore\"]}]}<\/script>\n<meta property=\"product:brand\" content=\"Living Libations\" \/>\n<meta property=\"og:availability\" content=\"instock\" \/>\n<meta property=\"product:availability\" content=\"instock\" \/>\n<meta property=\"product:condition\" content=\"new\" \/>\n<!-- \/ Yoast SEO Premium plugin. -->","yoast_head_json":{"title":"Rose Renewal + Frankincense Firming Fluid | Living Libations","description":"Living Libations Rose Renewal + Frankincense Firming Fluid is een perfecte vochtinbrengende cr\u00e8me voor de zomerhuid, vochtige klimaten en de wijsheidshuid.","robots":{"index":"index","follow":"follow","max-snippet":"max-snippet:-1","max-image-preview":"max-image-preview:large","max-video-preview":"max-video-preview:-1"},"canonical":"https:\/\/dutchhealthstore.com\/nl\/product\/rose-renewal-frankincense-firming-fluid\/","og_locale":"nl_NL","og_type":"article","og_title":"Rose Renewal + Frankincense Firming Fluid - Dutch Health Store","og_description":"Living Libations Rose Renewal + Frankincense Firming Fluid is een perfecte vochtinbrengende cr\u00e8me voor de zomerhuid, vochtige klimaten en de wijsheidshuid.","og_url":"https:\/\/dutchhealthstore.com\/nl\/product\/rose-renewal-frankincense-firming-fluid\/","og_site_name":"Dutch Health Store","article_publisher":"https:\/\/www.instagram.com\/dutchhealthstore\/","article_modified_time":"2026-03-24T13:17:05+00:00","og_image":[{"width":1200,"height":1200,"url":"https:\/\/dutchhealthstore.com\/wp-content\/uploads\/2020\/01\/Rose-Renewal-and-Frankincense-Firming-Fluid-Living-Libations.jpg","type":"image\/jpeg"}],"twitter_card":"summary_large_image","twitter_misc":{"Beschikbaarheid":"Op voorraad"},"schema":{"@context":"https:\/\/schema.org","@graph":[{"@type":"WebPage","@id":"https:\/\/dutchhealthstore.com\/nl\/product\/rose-renewal-frankincense-firming-fluid\/","url":"https:\/\/dutchhealthstore.com\/nl\/product\/rose-renewal-frankincense-firming-fluid\/","name":"Rose Renewal + Frankincense Firming Fluid | Living Libations","isPartOf":{"@id":"https:\/\/dutchhealthstore.com\/nl\/#website"},"primaryImageOfPage":{"@id":"https:\/\/dutchhealthstore.com\/nl\/product\/rose-renewal-frankincense-firming-fluid\/#primaryimage"},"image":{"@id":"https:\/\/dutchhealthstore.com\/nl\/product\/rose-renewal-frankincense-firming-fluid\/#primaryimage"},"thumbnailUrl":"https:\/\/dutchhealthstore.com\/wp-content\/uploads\/2020\/01\/Rose-Renewal-and-Frankincense-Firming-Fluid-Living-Libations.jpg","datePublished":"2020-01-11T07:31:11+00:00","dateModified":"2026-03-24T13:17:05+00:00","description":"Living Libations Rose Renewal + Frankincense Firming Fluid is een perfecte vochtinbrengende cr\u00e8me voor de zomerhuid, vochtige klimaten en de wijsheidshuid.","breadcrumb":{"@id":"https:\/\/dutchhealthstore.com\/nl\/product\/rose-renewal-frankincense-firming-fluid\/#breadcrumb"},"inLanguage":"nl-NL","potentialAction":[{"@type":"ReadAction","target":["https:\/\/dutchhealthstore.com\/nl\/product\/rose-renewal-frankincense-firming-fluid\/"]}]},{"@type":"ImageObject","inLanguage":"nl-NL","@id":"https:\/\/dutchhealthstore.com\/nl\/product\/rose-renewal-frankincense-firming-fluid\/#primaryimage","url":"https:\/\/dutchhealthstore.com\/wp-content\/uploads\/2020\/01\/Rose-Renewal-and-Frankincense-Firming-Fluid-Living-Libations.jpg","contentUrl":"https:\/\/dutchhealthstore.com\/wp-content\/uploads\/2020\/01\/Rose-Renewal-and-Frankincense-Firming-Fluid-Living-Libations.jpg","width":1200,"height":1200,"caption":"Rose Renewal + Frankincense Firming Fluid - Living Libations"},{"@type":"BreadcrumbList","@id":"https:\/\/dutchhealthstore.com\/nl\/product\/rose-renewal-frankincense-firming-fluid\/#breadcrumb","itemListElement":[{"@type":"ListItem","position":1,"name":"Home","item":"https:\/\/dutchhealthstore.com\/nl\/"},{"@type":"ListItem","position":2,"name":"Shop","item":"https:\/\/dutchhealthstore.com\/nl\/shop\/"},{"@type":"ListItem","position":3,"name":"Rose Renewal + Frankincense Firming Fluid"}]},{"@type":"WebSite","@id":"https:\/\/dutchhealthstore.com\/nl\/#website","url":"https:\/\/dutchhealthstore.com\/nl\/","name":"Dutch Health Store","description":"Enhance Your Beauty with Organic &amp; Natural Skincare","publisher":{"@id":"https:\/\/dutchhealthstore.com\/nl\/#organization"},"potentialAction":[{"@type":"SearchAction","target":{"@type":"EntryPoint","urlTemplate":"https:\/\/dutchhealthstore.com\/nl\/?s={search_term_string}"},"query-input":{"@type":"PropertyValueSpecification","valueRequired":true,"valueName":"search_term_string"}}],"inLanguage":"nl-NL"},{"@type":"Organization","@id":"https:\/\/dutchhealthstore.com\/nl\/#organization","name":"Dutch Health Store","url":"https:\/\/dutchhealthstore.com\/nl\/","logo":{"@type":"ImageObject","inLanguage":"nl-NL","@id":"https:\/\/dutchhealthstore.com\/nl\/#\/schema\/logo\/image\/","url":"https:\/\/dutchhealthstore.com\/wp-content\/uploads\/2020\/08\/logo-dutchhealthstore-jpg-e1599484957574.jpg","contentUrl":"https:\/\/dutchhealthstore.com\/wp-content\/uploads\/2020\/08\/logo-dutchhealthstore-jpg-e1599484957574.jpg","width":400,"height":62,"caption":"Dutch Health Store"},"image":{"@id":"https:\/\/dutchhealthstore.com\/nl\/#\/schema\/logo\/image\/"},"sameAs":["https:\/\/www.instagram.com\/dutchhealthstore\/","https:\/\/www.facebook.com\/dutchhealthstore"]}]},"product_brand":"Living Libations","og_availability":"instock","product_availability":"instock","product_condition":"new"},"_links":{"self":[{"href":"https:\/\/dutchhealthstore.com\/nl\/wp-json\/wp\/v2\/product\/105741","targetHints":{"allow":["GET"]}}],"collection":[{"href":"https:\/\/dutchhealthstore.com\/nl\/wp-json\/wp\/v2\/product"}],"about":[{"href":"https:\/\/dutchhealthstore.com\/nl\/wp-json\/wp\/v2\/types\/product"}],"replies":[{"embeddable":true,"href":"https:\/\/dutchhealthstore.com\/nl\/wp-json\/wp\/v2\/comments?post=105741"}],"wp:featuredmedia":[{"embeddable":true,"href":"https:\/\/dutchhealthstore.com\/nl\/wp-json\/wp\/v2\/media\/89156"}],"wp:attachment":[{"href":"https:\/\/dutchhealthstore.com\/nl\/wp-json\/wp\/v2\/media?parent=105741"}],"wp:term":[{"taxonomy":"product_brand","embeddable":true,"href":"https:\/\/dutchhealthstore.com\/nl\/wp-json\/wp\/v2\/product_brand?post=105741"},{"taxonomy":"product_cat","embeddable":true,"href":"https:\/\/dutchhealthstore.com\/nl\/wp-json\/wp\/v2\/product_cat?post=105741"},{"taxonomy":"product_tag","embeddable":true,"href":"https:\/\/dutchhealthstore.com\/nl\/wp-json\/wp\/v2\/product_tag?post=105741"}],"curies":[{"name":"wp","href":"https:\/\/api.w.org\/{rel}","templated":true}]}}