{"id":105727,"date":"2020-02-10T10:51:21","date_gmt":"2020-02-10T10:51:21","guid":{"rendered":"https:\/\/dutchhealthstore.com\/product\/seabuckthorn-all-over-lotion\/"},"modified":"2025-04-18T16:08:01","modified_gmt":"2025-04-18T14:08:01","slug":"seabuckthorn-all-over-lotion","status":"publish","type":"product","link":"https:\/\/dutchhealthstore.com\/nl\/product\/seabuckthorn-all-over-lotion\/","title":{"rendered":"Seabuckthorn All Over Lotion"},"content":{"rendered":"<p><img decoding=\"async\" class=\"alignright size-full wp-image-37041\" src=\"https:\/\/dutchhealthstore.com\/wp-content\/uploads\/2018\/04\/Living_Libations-1.png\" alt=\"Organic &amp; Natural Beautyproducts - Living Libations\" width=\"175\" height=\"82\">Met \u00e9\u00e9n applicatie Living Libations Seabuckthorn All Over Lotion voelt u zich volledig ondergedompeld in een gekalmeerde en gladde huid. Deze herstellende lotion is vochtinbrengend genoeg voor het lichaam, maar evenwichtig genoeg voor de gevoelige gezichtshuid. Elk weelderig ingredi\u00ebnt is geselecteerd op zijn sterke affiniteit met de huid en combineert de meest effectieve elementen uit de plantkunde. Gooi er omega-vetzuren en honderden bioactieve bestanddelen bij en je hebt een hydraterend wonder in de palm van je hand.<\/p>\n<p>Deze heerlijke lotion begint met kristalhelder bronwater waaraan we heilzame jojoba toevoegen voor vocht, tijdloze tamanu voor de liefde voor lipiden, verzadigende duindoorn, zeewier om de elasticiteit te versterken, Alo\u00eb Vera om te hydrateren en eeuwenoude acacia om te verzachten en te versmelten. Dan nodigen we vijf kruideninfusies uit met onvertelde verhalen. Marshmallow Root hydrateert, Slippery Elm verzacht de huid en Kamille kalmeert en balanceert. Vrolijke kippenkruidinfusie verzacht de huid die droger is dan de woestijn, terwijl Rozenbottels hydrateren, harmoniseren en o zo veel meer. Essenti\u00eble essences van Lavendel, Vetiver, Grapefruit en Palmarosa stimuleren de elasticiteit en bevorderen het ontstaan van een gladde, gehydrateerde huid, terwijl superkritische extracten van Rozemarijn en Salie de stabiliteit en bioactieve bestanddelen versterken.<\/p>\n<p><strong>Grootte:<\/strong> 200 ml &#8211; 500 ml &#8211; 1000 ml.<\/p>\n<h3>Gebruiksaanwijzing<\/h3>\n<p>Aanbrengen als verzachtend middel om de droge huid van top tot teen te bevochtigen. Wanneer je huid dorstig aanvoelt, masseer je deze lotion in op elke plek die verzadiging nodig heeft &#8211; ellebogen, knie\u00ebn, handen, voeten, noem maar op! Voeg ook toe aan uw vochtregime voor het gezicht voor een stralend en soepel gezicht. Voor droge gebieden in de woestijn, of als de winter u verdroogd heeft, combineer met een vleugje van onze Seabuckthorn Best Skin Ever of Hooray Hand Cr\u00e8me om hielen, ellebogen en uitgedroogde plekken verder te hydrateren.<\/p>\n<h3 class=\"yikes-custom-woo-tab-title yikes-custom-woo-tab-title-natural-organic-ingredients\">Natuurlijke\/biologische ingredi\u00ebnten<\/h3>\n<p><strong>Jojoba<\/strong><em>(Simmondsia chinensis) &#8211; <\/em>Glorieuze, gouden jojoba voedt en verzorgt de dorstige huid. Jojoba heeft een onge\u00ebvenaard vermogen om de huid te hydrateren, de olieproductie in balans te brengen, de pori\u00ebn diep te reinigen en een langdurige conditionerende werking te cre\u00ebren die de huid verzacht tot perfecte zijde. Het zit boordevol peptiden en lipiden en bevat de hoogste niveaus van fenolische verbindingen die in de natuur voorkomen, samen met antioxidanten en alle oplosbare vormen van vitamine E.<\/p>\n<p><strong>Tamanu <\/strong><em>(Calophyllum inophyllum) &#8211;<\/em> Betoverende Tamanu is een regeneratieve bessenolie die gemakkelijk diep in de huid wordt opgenomen om het vocht vast te houden en de huid te beschermen tegen uitdroging. Tamanu zou de huidskleur egaliseren en littekens verminderen. Zelfs voor een vette olie heeft het een hoog (92%!) vetgehalte. Het is ook een prachtig ingredi\u00ebnt in vochtinbrengende cr\u00e8mes voor de acnegevoelige huid.<\/p>\n<p><strong>Duindoorn <\/strong><em>(Hippophae rhamnoides) &#8211; <\/em>Duindoorn stuurt zijn lipiden diep in de huid en vermindert onevenwichtigheden van binnenuit. Dit superkritische extract zit boordevol omega vetzuren 3, 6, 7 en 9, antioxidanten, vitamine, palmitole\u00efnezuren, caroteno\u00efden en fytosterolen. Een enkele druppel duindoornolie bevat 190 verschillende bioactieve stoffen. Deze fel oranje essence is een ravissante aanvulling en reinigt de teint.<\/p>\n<p><strong>Alo\u00eb Vera<\/strong><em> (Alo\u00eb barbadensis) &#8211; <\/em>Alo\u00eb vera is een magische, vetplant die groeit in warmere klimaten. Het heeft een stevig blad dat een heldere, gelatineuze pulp biedt. Deze pulp zorgt voor een ongelooflijk verzachtende balsem voor de tere huid. Alo\u00eb biedt een perfecte hydratatie en heeft prachtige eigenschappen die in de huid dringen om roodheid en wallen te verminderen. Onze alo\u00eb vera biedt een dubbele dosis hydratatie voor de huid. Als natuurlijke vochtinbrenger trekt het in de huid en houdt het vocht vast. Tegelijkertijd vormt alo\u00eb vera een perfect, poreus laagje bovenop de huid om vocht binnen te houden en de rest buiten te houden.<\/p>\n<p><strong>Acacia<\/strong><em> (Acacia senegal) &#8211; <\/em>Het heilige sap van de Acaciaboom wordt in heel Afrika en het Midden-Oosten al duizenden jaren gebruikt voor bereidingen. Tegenwoordig beleeft deze harsachtige stof een renaissance dankzij haar effectieve affiniteit met de huid. Dit heilzame en eeuwenoude ingredi\u00ebnt helpt ook om bronwater met lipiden te verbinden in deze heerlijke lotion.<\/p>\n<p><strong>Blaaswier Zeewier <\/strong><em>(Fucus vesiculosus) &#8211;<\/em> Zeewier is rijk aan essenti\u00eble mineralen, fytonutri\u00ebnten, vitaminen, aminozuren en omega 3-vetzuren. Deze numineuze nectar maakt zeewier tot een populaire toner om het uiterlijk van wallen, vlekken en verkleuringen te verbeteren.<\/p>\n<p><strong>Sinaasappelwas <\/strong><em>(Citrus aurantium dulcis) &#8211; <\/em>Deze sympathieke was wordt gewonnen uit de geperste schillen van sinaasappels en bevat fantastische fytosterolen. Het cre\u00ebert een natuurlijke emulgator die de stabiliteit van de cr\u00e8me vergroot en de ingredi\u00ebnten samenvoegt.<\/p>\n<p><strong>Marshmallowwortel <\/strong><em>(Althaea officinalis) &#8211; <\/em>Het kleverige aanbod van deze wortel zorgt voor een onverwacht verzachtend en balancerend middel. Marshmallow wordt gebruikt om de droge, ruwe huid te bevochtigen, roodheid te verminderen en een te droge of te vette huid in balans te brengen.<\/p>\n<p><strong>Slippery Elm<\/strong><em> (Ulmus rubra) &#8211; <\/em>Slippery Elm is een slijmerige schors met gladde, verzachtende eigenschappen die helpen de huid te verzachten. Het brengt vocht in de huid om droogheid en roodheid te verminderen.<\/p>\n<p><strong>Kamille <\/strong><em>(Anthemis nobilis) &#8211;<\/em> Comforting Chamomile is gemaakt van de delicate, kleine bloemblaadjes van aromatische kamillebloemen. Het ontspant weefsel, vermindert roodheid en pareert wallen.<\/p>\n<p><strong>Kippenkruid<\/strong><em> (Stellaria media) &#8211;<\/em> Deze speelse plant zit boordevol eigenschappen die perfect geschikt zijn voor huidverzorging. Kippenkruid is verzachtend en perfect geschikt voor de gevoelige huid.<\/p>\n<p><strong>Rozenbottels <\/strong><em>(Rosa canina) &#8211;<\/em> De bottels van de roos verjongen de huid van je hoofd tot je tenen! Rozenbottels bevatten veel vitaminen en essenti\u00eble vetzuren, plus vitamine C en lycopeen. Dit ingredi\u00ebnt heeft een affiniteit voor de huid en ondersteunt de elasticiteit om het uiterlijk van littekens, droogte en rimpels te verbeteren.<\/p>\n<p><strong>Essenti\u00eble lavendelolie<\/strong> <em>(Lavandula angustifolia) &#8211; <\/em>Lovely Lavender is een zachte maar krachtige huidversterker die herstellend en kalmerend werkt. Het ontspant roodheid en koelt verhit af. Lavendel kan worden gebruikt om het uiterlijk van littekens te verbeteren, de huidtint te egaliseren, acne te verzachten en het talggehalte van de huid in evenwicht te brengen.<\/p>\n<p><strong>Vetiver essenti\u00eble olie<\/strong><em> (Vetiveria zizanioides) &#8211;<\/em> Rijke, aardse Vetiver olie is aardend en kalmerend voor de huid, en zalft de wortels van elke huidlaag zoals de regen het gras zalft. De verve van vetiver houdt het vochtgehalte van de huid op peil met een aangename volheid, terwijl het vermoeide weefsel wordt gekalmeerd en de talgproductie in evenwicht wordt gebracht.<\/p>\n<p><strong>Essenti\u00eble pompelmoesolie<\/strong><em> (Citrus paradisi) &#8211; Verstevigende <\/em>, aanspannende pompelmoes verfrist de huid, tilt verslapt weefsel op en maakt de huidtextuur glad.<\/p>\n<p><strong>Palmarosa etherische olie <\/strong><em>(Cymbopogon martini) &#8211; <\/em>Aangename Palmarosa wordt gedestilleerd uit een tropisch, geurig gras, wat resulteert in een aromatische olie die ruikt naar een citroen-geranium-roos en gewoonweg schitterend is voor de neus! Deze formidabele huidverjonger is rijk aan machtige monoterpenolen, verzachtende esters, liefdevolle linalool en gulle geraniolen. Het zit boordevol heilzame botanische verbindingen. Deze krachtige olie verstevigt en verjongt de huid. Het wordt gebruikt ter ondersteuning van een stralende huid en om evenwicht te bereiken tussen vettigheid en droogte.<\/p>\n<p><strong>Salie <\/strong><em>(Salvia officinalis)<\/em> &amp; <strong>Rozemarijnolie<\/strong> <em>(Rosmarinus officinalis)<\/em> &#8211; Deze krachtige en zuivere nectars bevatten honderden plantaardige bio-actieve stoffen en antioxidanten die de levensduur van deze cr\u00e8me verlengen door het oxidatieproces te vertragen. Het zit vol met krachtige bestanddelen die de huid doen herleven.<\/p>\n<p><img fetchpriority=\"high\" decoding=\"async\" class=\"size-medium wp-image-68103 aligncenter\" src=\"https:\/\/dutchhealthstore.com\/wp-content\/uploads\/2018\/02\/Living-Libations-Organic-Logo-800x89.png\" alt=\"Living Libations - Organic Logo\" width=\"800\" height=\"89\" srcset=\"https:\/\/dutchhealthstore.com\/wp-content\/uploads\/2018\/02\/Living-Libations-Organic-Logo-800x89.png 800w, https:\/\/dutchhealthstore.com\/wp-content\/uploads\/2018\/02\/Living-Libations-Organic-Logo-510x57.png 510w, https:\/\/dutchhealthstore.com\/wp-content\/uploads\/2018\/02\/Living-Libations-Organic-Logo-768x85.png 768w, https:\/\/dutchhealthstore.com\/wp-content\/uploads\/2018\/02\/Living-Libations-Organic-Logo.png 1400w\" sizes=\"(max-width: 800px) 100vw, 800px\" \/><\/p>\n","protected":false},"excerpt":{"rendered":"<p>Living Libations<strong> Seabuckthorn All Over Lotion<\/strong> verzadigt de dorst van uw dermis terwijl u de huid van top tot teen doordrenkt met een lotion die de uitgedroogde huid voorziet van een plantaardig goedje.<br \/>\nLaat lichaam en gezicht glanzen met de gratie van botanische extracten, kruideninfusies en onze meest hydraterende essenti\u00eble olie-elixers.<br \/>\nDit evenwichtige mengsel is perfect als een fijne vochtinbrengende gezichts- en bodylotion voor het hele lichaam en biedt de huid superkrachten wanneer deze lichte en heerlijke lotion intrekt.<\/p>\n","protected":false},"featured_media":93148,"comment_status":"open","ping_status":"closed","template":"","meta":[],"product_brand":[],"product_cat":[5823,1029,5621,5641,5643,5617,2989,14731,5822,1500,1208,1006,5644,5640,5645,5646,5623,5642,2991,5005,4030,510],"product_tag":[9602,21389,21807,4808],"class_list":{"0":"post-105727","1":"product","2":"type-product","3":"status-publish","4":"has-post-thumbnail","6":"product_cat-body-lotion-nl","7":"product_cat-categorieen","8":"product_cat-dry-mature-ageing-skin-nl-4","9":"product_cat-dry-mature-ageing-skin-nl-3","10":"product_cat-sensitive-skin-redness-nl-4","11":"product_cat-sensitive-skin-redness-nl","12":"product_cat-gezicht","13":"product_cat-huidverzorging","14":"product_cat-body-care-nl-3","15":"product_cat-lichaamsverzorging-living-libations","16":"product_cat-living-libations-nederland","17":"product_cat-merken","18":"product_cat-moisturizers-nl","19":"product_cat-moisturizers-nl-7","20":"product_cat-moisturizers-nl-nl","21":"product_cat-moisturizers-nl-nl-3","22":"product_cat-normal-or-combination-skin-nl","23":"product_cat-normal-or-combination-skin-nl-3","24":"product_cat-olien-lotions","25":"product_cat-by-skin-type","26":"product_cat-serums-moisturizers-nl","27":"product_cat-shop-winkel","28":"product_tag-hydrating-nl","29":"product_tag-lichaam","30":"product_tag-natural-nl","31":"product_tag-skin-nl","32":"pa_bestsellers-goed-nl","33":"pa_brand-livinglibations-nl","34":"pa_gtin-7439657275234-nl-2","35":"pa_size-1000-ml-nl","36":"pa_size-200-ml-nl","37":"pa_size-500-ml-nl","38":"pa_skincare-type-moisturizers-nl","39":"pa_skintype-dry-mature-ageing-skin-nl","40":"pa_skintype-normal-combination-skin-nl","41":"pa_skintype-sensitive-skin-redness-nl","43":"first","44":"outofstock","45":"taxable","46":"shipping-taxable","47":"purchasable","48":"product-type-variable"},"bundled_by":[],"bundle_stock_status":"outofstock","bundle_stock_quantity":null,"bundle_virtual":false,"bundle_layout":"","bundle_add_to_cart_form_location":"","bundle_editable_in_cart":false,"bundle_sold_individually_context":"","bundle_item_grouping":"","bundle_min_size":"","bundle_max_size":"","bundle_price":[],"bundled_items":[],"bundle_sell_ids":[],"atum_controlled":true,"out_stock_date":null,"out_stock_threshold":null,"inheritable":true,"stock_on_hold":1,"sold_today":0,"sales_last_days":0,"out_stock_days":0,"lost_sales":0,"update_date":"2026-04-12T00:02:32","atum_locations":[],"atum_stock_status":"outofstock","restock_status":false,"low_stock_amount":"","sales_update_date":"2026-04-12T00:02:32","calc_backorders":null,"group_of_quantity":0,"min_quantity":0,"max_quantity":"","exclude_order_quantity_value_rules":"no","exclude_category_quantity_rules":"no","combine_variations":"no","yoast_head":"<!-- This site is optimized with the Yoast SEO Premium plugin v26.5 (Yoast SEO v26.5) - https:\/\/yoast.com\/wordpress\/plugins\/seo\/ -->\n<title>Seabuckthorn All Over Lotion | Living Libations<\/title>\n<meta name=\"description\" content=\"Laat lichaam en gezicht glanzen met de gratie van botanische extracten, kruideninfusies en onze meest hydraterende essenti\u00eble olie-elixers.\" \/>\n<meta name=\"robots\" content=\"index, follow, max-snippet:-1, max-image-preview:large, max-video-preview:-1\" \/>\n<link rel=\"canonical\" href=\"https:\/\/dutchhealthstore.com\/nl\/product\/seabuckthorn-all-over-lotion\/\" \/>\n<meta property=\"og:locale\" content=\"nl_NL\" \/>\n<meta property=\"og:type\" content=\"article\" \/>\n<meta property=\"og:title\" content=\"Seabuckthorn All Over Lotion - Dutch Health Store\" \/>\n<meta property=\"og:description\" content=\"Laat lichaam en gezicht glanzen met de gratie van botanische extracten, kruideninfusies en onze meest hydraterende essenti\u00eble olie-elixers.\" \/>\n<meta property=\"og:url\" content=\"https:\/\/dutchhealthstore.com\/nl\/product\/seabuckthorn-all-over-lotion\/\" \/>\n<meta property=\"og:site_name\" content=\"Dutch Health Store\" \/>\n<meta property=\"article:publisher\" content=\"https:\/\/www.instagram.com\/dutchhealthstore\/\" \/>\n<meta property=\"article:modified_time\" content=\"2025-04-18T14:08:01+00:00\" \/>\n<meta property=\"og:image\" content=\"https:\/\/dutchhealthstore.com\/wp-content\/uploads\/2020\/02\/Living-Libations-Seabuckthorn-All-Over-Lotion-200-1-e1598250512426.jpg\" \/>\n\t<meta property=\"og:image:width\" content=\"500\" \/>\n\t<meta property=\"og:image:height\" content=\"500\" \/>\n\t<meta property=\"og:image:type\" content=\"image\/jpeg\" \/>\n<meta name=\"twitter:card\" content=\"summary_large_image\" \/>\n<meta name=\"twitter:label1\" content=\"Beschikbaarheid\" \/>\n\t<meta name=\"twitter:data1\" content=\"Uitverkocht\" \/>\n<script type=\"application\/ld+json\" class=\"yoast-schema-graph\">{\"@context\":\"https:\/\/schema.org\",\"@graph\":[{\"@type\":\"WebPage\",\"@id\":\"https:\/\/dutchhealthstore.com\/nl\/product\/seabuckthorn-all-over-lotion\/\",\"url\":\"https:\/\/dutchhealthstore.com\/nl\/product\/seabuckthorn-all-over-lotion\/\",\"name\":\"Seabuckthorn All Over Lotion | Living Libations\",\"isPartOf\":{\"@id\":\"https:\/\/dutchhealthstore.com\/nl\/#website\"},\"primaryImageOfPage\":{\"@id\":\"https:\/\/dutchhealthstore.com\/nl\/product\/seabuckthorn-all-over-lotion\/#primaryimage\"},\"image\":{\"@id\":\"https:\/\/dutchhealthstore.com\/nl\/product\/seabuckthorn-all-over-lotion\/#primaryimage\"},\"thumbnailUrl\":\"https:\/\/dutchhealthstore.com\/wp-content\/uploads\/2020\/02\/Living-Libations-Seabuckthorn-All-Over-Lotion-200-1-e1598250512426.jpg\",\"datePublished\":\"2020-02-10T10:51:21+00:00\",\"dateModified\":\"2025-04-18T14:08:01+00:00\",\"description\":\"Laat lichaam en gezicht glanzen met de gratie van botanische extracten, kruideninfusies en onze meest hydraterende essenti\u00eble olie-elixers.\",\"breadcrumb\":{\"@id\":\"https:\/\/dutchhealthstore.com\/nl\/product\/seabuckthorn-all-over-lotion\/#breadcrumb\"},\"inLanguage\":\"nl-NL\",\"potentialAction\":[{\"@type\":\"ReadAction\",\"target\":[\"https:\/\/dutchhealthstore.com\/nl\/product\/seabuckthorn-all-over-lotion\/\"]}]},{\"@type\":\"ImageObject\",\"inLanguage\":\"nl-NL\",\"@id\":\"https:\/\/dutchhealthstore.com\/nl\/product\/seabuckthorn-all-over-lotion\/#primaryimage\",\"url\":\"https:\/\/dutchhealthstore.com\/wp-content\/uploads\/2020\/02\/Living-Libations-Seabuckthorn-All-Over-Lotion-200-1-e1598250512426.jpg\",\"contentUrl\":\"https:\/\/dutchhealthstore.com\/wp-content\/uploads\/2020\/02\/Living-Libations-Seabuckthorn-All-Over-Lotion-200-1-e1598250512426.jpg\",\"width\":500,\"height\":500,\"caption\":\"Living Libations - Seabuckthorn All Over Lotion 200\"},{\"@type\":\"BreadcrumbList\",\"@id\":\"https:\/\/dutchhealthstore.com\/nl\/product\/seabuckthorn-all-over-lotion\/#breadcrumb\",\"itemListElement\":[{\"@type\":\"ListItem\",\"position\":1,\"name\":\"Home\",\"item\":\"https:\/\/dutchhealthstore.com\/nl\/\"},{\"@type\":\"ListItem\",\"position\":2,\"name\":\"Shop\",\"item\":\"https:\/\/dutchhealthstore.com\/nl\/shop\/\"},{\"@type\":\"ListItem\",\"position\":3,\"name\":\"Seabuckthorn All Over Lotion\"}]},{\"@type\":\"WebSite\",\"@id\":\"https:\/\/dutchhealthstore.com\/nl\/#website\",\"url\":\"https:\/\/dutchhealthstore.com\/nl\/\",\"name\":\"Dutch Health Store\",\"description\":\"Enhance Your Beauty with Organic &amp; Natural Skincare\",\"publisher\":{\"@id\":\"https:\/\/dutchhealthstore.com\/nl\/#organization\"},\"potentialAction\":[{\"@type\":\"SearchAction\",\"target\":{\"@type\":\"EntryPoint\",\"urlTemplate\":\"https:\/\/dutchhealthstore.com\/nl\/?s={search_term_string}\"},\"query-input\":{\"@type\":\"PropertyValueSpecification\",\"valueRequired\":true,\"valueName\":\"search_term_string\"}}],\"inLanguage\":\"nl-NL\"},{\"@type\":\"Organization\",\"@id\":\"https:\/\/dutchhealthstore.com\/nl\/#organization\",\"name\":\"Dutch Health Store\",\"url\":\"https:\/\/dutchhealthstore.com\/nl\/\",\"logo\":{\"@type\":\"ImageObject\",\"inLanguage\":\"nl-NL\",\"@id\":\"https:\/\/dutchhealthstore.com\/nl\/#\/schema\/logo\/image\/\",\"url\":\"https:\/\/dutchhealthstore.com\/wp-content\/uploads\/2020\/08\/logo-dutchhealthstore-jpg-e1599484957574.jpg\",\"contentUrl\":\"https:\/\/dutchhealthstore.com\/wp-content\/uploads\/2020\/08\/logo-dutchhealthstore-jpg-e1599484957574.jpg\",\"width\":400,\"height\":62,\"caption\":\"Dutch Health Store\"},\"image\":{\"@id\":\"https:\/\/dutchhealthstore.com\/nl\/#\/schema\/logo\/image\/\"},\"sameAs\":[\"https:\/\/www.instagram.com\/dutchhealthstore\/\",\"https:\/\/www.facebook.com\/dutchhealthstore\"]}]}<\/script>\n<meta property=\"product:brand\" content=\"Living Libations\" \/>\n<meta property=\"og:availability\" content=\"out of stock\" \/>\n<meta property=\"product:availability\" content=\"out of stock\" \/>\n<meta property=\"product:condition\" content=\"new\" \/>\n<!-- \/ Yoast SEO Premium plugin. -->","yoast_head_json":{"title":"Seabuckthorn All Over Lotion | Living Libations","description":"Laat lichaam en gezicht glanzen met de gratie van botanische extracten, kruideninfusies en onze meest hydraterende essenti\u00eble olie-elixers.","robots":{"index":"index","follow":"follow","max-snippet":"max-snippet:-1","max-image-preview":"max-image-preview:large","max-video-preview":"max-video-preview:-1"},"canonical":"https:\/\/dutchhealthstore.com\/nl\/product\/seabuckthorn-all-over-lotion\/","og_locale":"nl_NL","og_type":"article","og_title":"Seabuckthorn All Over Lotion - Dutch Health Store","og_description":"Laat lichaam en gezicht glanzen met de gratie van botanische extracten, kruideninfusies en onze meest hydraterende essenti\u00eble olie-elixers.","og_url":"https:\/\/dutchhealthstore.com\/nl\/product\/seabuckthorn-all-over-lotion\/","og_site_name":"Dutch Health Store","article_publisher":"https:\/\/www.instagram.com\/dutchhealthstore\/","article_modified_time":"2025-04-18T14:08:01+00:00","og_image":[{"width":500,"height":500,"url":"https:\/\/dutchhealthstore.com\/wp-content\/uploads\/2020\/02\/Living-Libations-Seabuckthorn-All-Over-Lotion-200-1-e1598250512426.jpg","type":"image\/jpeg"}],"twitter_card":"summary_large_image","twitter_misc":{"Beschikbaarheid":"Uitverkocht"},"schema":{"@context":"https:\/\/schema.org","@graph":[{"@type":"WebPage","@id":"https:\/\/dutchhealthstore.com\/nl\/product\/seabuckthorn-all-over-lotion\/","url":"https:\/\/dutchhealthstore.com\/nl\/product\/seabuckthorn-all-over-lotion\/","name":"Seabuckthorn All Over Lotion | Living Libations","isPartOf":{"@id":"https:\/\/dutchhealthstore.com\/nl\/#website"},"primaryImageOfPage":{"@id":"https:\/\/dutchhealthstore.com\/nl\/product\/seabuckthorn-all-over-lotion\/#primaryimage"},"image":{"@id":"https:\/\/dutchhealthstore.com\/nl\/product\/seabuckthorn-all-over-lotion\/#primaryimage"},"thumbnailUrl":"https:\/\/dutchhealthstore.com\/wp-content\/uploads\/2020\/02\/Living-Libations-Seabuckthorn-All-Over-Lotion-200-1-e1598250512426.jpg","datePublished":"2020-02-10T10:51:21+00:00","dateModified":"2025-04-18T14:08:01+00:00","description":"Laat lichaam en gezicht glanzen met de gratie van botanische extracten, kruideninfusies en onze meest hydraterende essenti\u00eble olie-elixers.","breadcrumb":{"@id":"https:\/\/dutchhealthstore.com\/nl\/product\/seabuckthorn-all-over-lotion\/#breadcrumb"},"inLanguage":"nl-NL","potentialAction":[{"@type":"ReadAction","target":["https:\/\/dutchhealthstore.com\/nl\/product\/seabuckthorn-all-over-lotion\/"]}]},{"@type":"ImageObject","inLanguage":"nl-NL","@id":"https:\/\/dutchhealthstore.com\/nl\/product\/seabuckthorn-all-over-lotion\/#primaryimage","url":"https:\/\/dutchhealthstore.com\/wp-content\/uploads\/2020\/02\/Living-Libations-Seabuckthorn-All-Over-Lotion-200-1-e1598250512426.jpg","contentUrl":"https:\/\/dutchhealthstore.com\/wp-content\/uploads\/2020\/02\/Living-Libations-Seabuckthorn-All-Over-Lotion-200-1-e1598250512426.jpg","width":500,"height":500,"caption":"Living Libations - Seabuckthorn All Over Lotion 200"},{"@type":"BreadcrumbList","@id":"https:\/\/dutchhealthstore.com\/nl\/product\/seabuckthorn-all-over-lotion\/#breadcrumb","itemListElement":[{"@type":"ListItem","position":1,"name":"Home","item":"https:\/\/dutchhealthstore.com\/nl\/"},{"@type":"ListItem","position":2,"name":"Shop","item":"https:\/\/dutchhealthstore.com\/nl\/shop\/"},{"@type":"ListItem","position":3,"name":"Seabuckthorn All Over Lotion"}]},{"@type":"WebSite","@id":"https:\/\/dutchhealthstore.com\/nl\/#website","url":"https:\/\/dutchhealthstore.com\/nl\/","name":"Dutch Health Store","description":"Enhance Your Beauty with Organic &amp; Natural Skincare","publisher":{"@id":"https:\/\/dutchhealthstore.com\/nl\/#organization"},"potentialAction":[{"@type":"SearchAction","target":{"@type":"EntryPoint","urlTemplate":"https:\/\/dutchhealthstore.com\/nl\/?s={search_term_string}"},"query-input":{"@type":"PropertyValueSpecification","valueRequired":true,"valueName":"search_term_string"}}],"inLanguage":"nl-NL"},{"@type":"Organization","@id":"https:\/\/dutchhealthstore.com\/nl\/#organization","name":"Dutch Health Store","url":"https:\/\/dutchhealthstore.com\/nl\/","logo":{"@type":"ImageObject","inLanguage":"nl-NL","@id":"https:\/\/dutchhealthstore.com\/nl\/#\/schema\/logo\/image\/","url":"https:\/\/dutchhealthstore.com\/wp-content\/uploads\/2020\/08\/logo-dutchhealthstore-jpg-e1599484957574.jpg","contentUrl":"https:\/\/dutchhealthstore.com\/wp-content\/uploads\/2020\/08\/logo-dutchhealthstore-jpg-e1599484957574.jpg","width":400,"height":62,"caption":"Dutch Health Store"},"image":{"@id":"https:\/\/dutchhealthstore.com\/nl\/#\/schema\/logo\/image\/"},"sameAs":["https:\/\/www.instagram.com\/dutchhealthstore\/","https:\/\/www.facebook.com\/dutchhealthstore"]}]},"product_brand":"Living Libations","og_availability":"out of stock","product_availability":"out of stock","product_condition":"new"},"_links":{"self":[{"href":"https:\/\/dutchhealthstore.com\/nl\/wp-json\/wp\/v2\/product\/105727","targetHints":{"allow":["GET"]}}],"collection":[{"href":"https:\/\/dutchhealthstore.com\/nl\/wp-json\/wp\/v2\/product"}],"about":[{"href":"https:\/\/dutchhealthstore.com\/nl\/wp-json\/wp\/v2\/types\/product"}],"replies":[{"embeddable":true,"href":"https:\/\/dutchhealthstore.com\/nl\/wp-json\/wp\/v2\/comments?post=105727"}],"wp:featuredmedia":[{"embeddable":true,"href":"https:\/\/dutchhealthstore.com\/nl\/wp-json\/wp\/v2\/media\/93148"}],"wp:attachment":[{"href":"https:\/\/dutchhealthstore.com\/nl\/wp-json\/wp\/v2\/media?parent=105727"}],"wp:term":[{"taxonomy":"product_brand","embeddable":true,"href":"https:\/\/dutchhealthstore.com\/nl\/wp-json\/wp\/v2\/product_brand?post=105727"},{"taxonomy":"product_cat","embeddable":true,"href":"https:\/\/dutchhealthstore.com\/nl\/wp-json\/wp\/v2\/product_cat?post=105727"},{"taxonomy":"product_tag","embeddable":true,"href":"https:\/\/dutchhealthstore.com\/nl\/wp-json\/wp\/v2\/product_tag?post=105727"}],"curies":[{"name":"wp","href":"https:\/\/api.w.org\/{rel}","templated":true}]}}