{"id":105639,"date":"2020-01-14T04:07:03","date_gmt":"2020-01-14T04:07:03","guid":{"rendered":"https:\/\/dutchhealthstore.com\/product\/bedew-dab-ozonated-beauty-balm\/"},"modified":"2025-08-07T14:46:29","modified_gmt":"2025-08-07T12:46:29","slug":"bedew-dab-ozonated-beauty-balm","status":"publish","type":"product","link":"https:\/\/dutchhealthstore.com\/nl\/product\/bedew-dab-ozonated-beauty-balm\/","title":{"rendered":"BeDew Dab Ozonated Beauty Balm"},"content":{"rendered":"<p><img decoding=\"async\" class=\"alignright wp-image-56011\" src=\"https:\/\/dutchhealthstore.com\/wp-content\/uploads\/2019\/04\/logo.png\" alt=\"Living libations logo\" width=\"200\" height=\"59\">BeDew Dab Ozonated Beauty Balm mengt azuurblauwe botanische oli\u00ebn met verkoelende plantenextracten en frisse ozon voor een supergekoelde schoonheidsbalsem.<\/p>\n<p>Tranquil Blue Tansy, een van nature kobaltkleurige olie, en chill-pill Peppermint kalmeren een intense huid en verminderen het verschijnen van roodheid en ruwheid. Deze fluweelzachte, gouden balsem verandert in een zijdezachte gel boven kamertemperatuur. Aanvullende jojoba en beschermende laurierwas mengen zich tot een zijdezachte, verzachtende balsem boordevol overvloedige heilige wierook, kalmerend sandelhout en versterkende cipres. Ozon levert de levenskracht van zuurstof aan de huid voor een schitterende, bedauwde gloed.<\/p>\n<p>Houd het hoofd koel met een likje kalmerende dauw dat op elk gewenst plekje wordt aangebracht, of bij het reinigen van de huid &#8217;s morgens en &#8217;s avonds.<\/p>\n<h3>Het aroma van ozon begrijpen<\/h3>\n<p>Als u nieuw bent met ozonhoudende olie, kan de geur verrassend zijn, want hij doet denken aan het aroma van geladen lucht tijdens een onweersbui. De meeste mensen houden van het frisse, geladen aroma, terwijl anderen het bij de eerste snuif sterk en ongewoon vinden. Deze mensen vinden het prettiger nadat ze een paar dagen ozon hebben gebruikt. Elke formule is verrijkt met de verrukkelijke dans van ge\u00efnfuseerde aromatische essenti\u00eble oli\u00ebn om de geur- en huidervaring verder te activeren.<\/p>\n<h3>Gebruiksaanwijzing<\/h3>\n<p>Doe een enkele, krachtige druppel direct op het getroffen gebied. Werkt goed onder oogmake-up, op wenkbrauwen en ook als lipgloss!<\/p>\n<p><strong>Inhoud: 6 ml<\/strong><\/p>\n<h3 class=\"yikes-custom-woo-tab-title yikes-custom-woo-tab-title-natural-organic-ingredients\">Natuurlijke\/biologische Ingredi\u00ebnten<\/h3>\n<p><strong>Ozonated Jojoba<\/strong><em> (Simmondsia chinensis O3)<\/em> &#8211; Jojoba is geperst met weelderige ozon om de huid op te laden! Wanneer ozon wordt toegevoegd aan gezonde jojoba wordt een heel nieuw niveau van overvloed bereikt. Geactiveerde zuurstof, ozon, wordt gemaakt door zuivere zuurstof (twee zuurstofatomen &#8211; O2) te laden tot zuivere ozon (met drie zuurstofatomen &#8211; O3). Deze vers geactiveerde zuurstof wordt dan langzaam in de jojoba gebracht. Door ozon door Jojoba te laten borrelen wordt de olie verder versterkt met een frisse wind die levenskracht in de huid brengt. Jojoba is het antwoord van de woestijn op droogte. Temidden van zandstormen en cactussen ontpopt de jojoba zich als een uitbundige, verzachtende oase. Als deze sterke struik bakt onder de woestijnzon, ontkiemen er parels van vloeibaar goud in de jojobazaden. Deze zaden brengen een gouden olie voort die koud geperst wordt om een lipide te verkrijgen die super vergelijkbaar is met de natuurlijke talg van onze huid. Het zakt moeiteloos in de huid en brengt fytonutri\u00ebnten over die de huid ondersteunen om vocht vast te houden en de elasticiteit aan te vullen. Jojoba is een briljante weldaad voor de huid met zijn overvloed aan voedingsstoffen en vitamine E-tocoferolen. Het smeert als olie, maar is eigenlijk een vloeibare plantenwas, waardoor het perfect geschikt is om een vette huid in balans te brengen, omdat het de talgproductie reguleert en de pori\u00ebn zuivert. Veerkrachtig rijk en zijdeachtig, Jojoba zorgt voor langdurige hydratatie.<\/p>\n<p><strong>Laurierwas<\/strong> <em>(Myrica pubescens)<\/em> &#8211; Heerlijk Laurierwas po\u00ebtisch op je wangen en balsemt een ademend, liefdevol laagje op je huid. Deze fijne vruchtenwas is een zegen van de bes van een altijd groene struik die op grote hoogte in de Andes groeit.<\/p>\n<p><strong>Wierook<\/strong> <em>(Boswellia sacra)<\/em> &#8211; Wierook is prachtig balsemiek van aard, waardoor het de onge\u00ebvenaarde kracht heeft om littekens, fijne lijntjes en wallen te vervagen. Deze olie is een geweldig tonicum dat al duizenden jaren wordt gebruikt om de huid te voeden en te behouden.<\/p>\n<p><strong>Blauwe viooltjes<\/strong> <em>(Tanacetum annuum)<\/em> &#8211; Mooie blauwe viooltjes zijn superhelden die de huid en de geest kalmeren. Deze inktblauwe olie, rijk aan de botanische verbinding azuleen, is een droom om het aanzien van littekens, droogte, roodheid en vlekken te verlichten.<\/p>\n<p><strong>Sandelhout<\/strong> <em>(Santalum album)<\/em> &#8211; Kalmerend sandelhout, al duizenden jaren heilig, maakt de huid sneller glad en vermindert het ontstaan van littekens. Het doordrenkt de huid met prachtige vochtigheid en zuiverende krachten.<\/p>\n<p><strong>Pepermunt<\/strong> <em>(Mentha piperita)<\/em> &#8211; De verkoelende eigenschappen van pepermunt, boordevol muntfrisheid en krachtige plantaardige eigenschappen, zijn de sleutel tot kalmte. Pepermunt voelt verkoelend en lekker aan als ijs, en is daarom een van die essenti\u00eble, etherische oli\u00ebn die in elke reiskit thuishoren. De plantaardige kracht van pepermunt, samen met de tonische voordelen, revitaliseert de doffe huid en brengt de vette huid in balans.<\/p>\n<p><strong>Cipres<\/strong><em> (Cupressus sempervirens)<\/em> &#8211; Versterkend Cipresolie is een kalmerend en versterkend tonicum. Cipres is geweldig voor het zuiveren van de pori\u00ebn. Gedistilleerd uit de machtige naalden van de majestueuze groenblijvende boom, die zich trots naar de hemel uitstrekt terwijl hij waakt over eeuwen van bestaan. Deze frisse essence zuivert de pori\u00ebn, brengt overtollige huidolie in balans, verheft de geest en verstevigt de huid.<\/p>\n<p><img fetchpriority=\"high\" decoding=\"async\" class=\"aligncenter wp-image-68099\" src=\"https:\/\/dutchhealthstore.com\/wp-content\/uploads\/2018\/02\/Logo-Living-Libations-New-2019.png\" alt=\"Logo Living Libations New 2019\" width=\"800\" height=\"88\" srcset=\"https:\/\/dutchhealthstore.com\/wp-content\/uploads\/2018\/02\/Logo-Living-Libations-New-2019.png 905w, https:\/\/dutchhealthstore.com\/wp-content\/uploads\/2018\/02\/Logo-Living-Libations-New-2019-510x56.png 510w, https:\/\/dutchhealthstore.com\/wp-content\/uploads\/2018\/02\/Logo-Living-Libations-New-2019-800x88.png 800w, https:\/\/dutchhealthstore.com\/wp-content\/uploads\/2018\/02\/Logo-Living-Libations-New-2019-768x85.png 768w\" sizes=\"(max-width: 800px) 100vw, 800px\" \/><\/p>\n","protected":false},"excerpt":{"rendered":"<p>Troost uw teint met deze O3-geactiveerde <strong>BeDew Dab Ozonated Beauty Balm<\/strong> Living Libations die zo verkoelend is als de ochtenddauw. Laat deze etherische blauwgekleurde balsem de droge, ruwe, rode huid verkoelen en hechten. Dep dit bedauwde genot &#8217;s ochtends of &#8217;s avonds op de huid die behoefte heeft aan echte blauwe liefdevolle zorg.<\/p>\n","protected":false},"featured_media":89658,"comment_status":"open","ping_status":"closed","template":"","meta":[],"product_brand":[],"product_cat":[3746,5617,2989,4039,1208,1006,5001,4030,510],"product_tag":[4808],"class_list":{"0":"post-105639","1":"product","2":"type-product","3":"status-publish","4":"has-post-thumbnail","6":"product_cat-aroma-mengsels","7":"product_cat-sensitive-skin-redness-nl","8":"product_cat-gezicht","9":"product_cat-huidbehandeling","10":"product_cat-living-libations-nederland","11":"product_cat-merken","12":"product_cat-by-collections-nl-2","13":"product_cat-serums-moisturizers-nl","14":"product_cat-shop-winkel","15":"product_tag-skin-nl","16":"pa_brand-livinglibations-nl","17":"pa_gtin-7439657273254-nl-2","18":"pa_size-6-ml-nl","19":"pa_skintype-sensitive-skin-redness-nl","21":"first","22":"instock","23":"taxable","24":"shipping-taxable","25":"purchasable","26":"product-type-simple"},"bundled_by":[],"bundle_stock_status":"instock","bundle_stock_quantity":3,"bundle_virtual":false,"bundle_layout":"","bundle_add_to_cart_form_location":"","bundle_editable_in_cart":false,"bundle_sold_individually_context":"","bundle_item_grouping":"","bundle_min_size":"","bundle_max_size":"","bundle_price":[],"bundled_items":[],"bundle_sell_ids":[230766],"atum_controlled":true,"out_stock_date":null,"out_stock_threshold":null,"inheritable":false,"stock_on_hold":0,"sold_today":0,"sales_last_days":2,"out_stock_days":0,"lost_sales":0,"update_date":"2026-04-17T11:39:30","atum_locations":[],"atum_stock_status":"instock","restock_status":false,"low_stock_amount":"","sales_update_date":"2026-04-17T11:39:30","calc_backorders":null,"group_of_quantity":0,"min_quantity":0,"max_quantity":"","exclude_order_quantity_value_rules":"no","exclude_category_quantity_rules":"no","combine_variations":"no","yoast_head":"<!-- This site is optimized with the Yoast SEO Premium plugin v26.5 (Yoast SEO v26.5) - https:\/\/yoast.com\/wordpress\/plugins\/seo\/ -->\n<title>BeDew Dab Ozonated Beauty Balm - Organic &amp; Natural | Living Libations<\/title>\n<meta name=\"description\" content=\"Troost uw teint met deze O3-geactiveerde BeDew Dab Ozonated Beauty Balm Living Libations die zo verkoelend is als de ochtenddauw.\" \/>\n<meta name=\"robots\" content=\"index, follow, max-snippet:-1, max-image-preview:large, max-video-preview:-1\" \/>\n<link rel=\"canonical\" href=\"https:\/\/dutchhealthstore.com\/nl\/product\/bedew-dab-ozonated-beauty-balm\/\" \/>\n<meta property=\"og:locale\" content=\"nl_NL\" \/>\n<meta property=\"og:type\" content=\"article\" \/>\n<meta property=\"og:title\" content=\"BeDew Dab Ozonated Beauty Balm - Dutch Health Store\" \/>\n<meta property=\"og:description\" content=\"Troost uw teint met deze O3-geactiveerde BeDew Dab Ozonated Beauty Balm Living Libations die zo verkoelend is als de ochtenddauw.\" \/>\n<meta property=\"og:url\" content=\"https:\/\/dutchhealthstore.com\/nl\/product\/bedew-dab-ozonated-beauty-balm\/\" \/>\n<meta property=\"og:site_name\" content=\"Dutch Health Store\" \/>\n<meta property=\"article:publisher\" content=\"https:\/\/www.instagram.com\/dutchhealthstore\/\" \/>\n<meta property=\"article:modified_time\" content=\"2025-08-07T12:46:29+00:00\" \/>\n<meta property=\"og:image\" content=\"https:\/\/dutchhealthstore.com\/wp-content\/uploads\/2020\/01\/BeDew-Dab-Ozonated-Beauty-Balm-Living-Libations.jpg\" \/>\n\t<meta property=\"og:image:width\" content=\"898\" \/>\n\t<meta property=\"og:image:height\" content=\"898\" \/>\n\t<meta property=\"og:image:type\" content=\"image\/jpeg\" \/>\n<meta name=\"twitter:card\" content=\"summary_large_image\" \/>\n<meta name=\"twitter:label1\" content=\"Prijs\" \/>\n\t<meta name=\"twitter:data1\" content=\"&euro;42,00\" \/>\n\t<meta name=\"twitter:label2\" content=\"Beschikbaarheid\" \/>\n\t<meta name=\"twitter:data2\" content=\"Op voorraad\" \/>\n<script type=\"application\/ld+json\" class=\"yoast-schema-graph\">{\"@context\":\"https:\/\/schema.org\",\"@graph\":[{\"@type\":\"WebPage\",\"@id\":\"https:\/\/dutchhealthstore.com\/nl\/product\/bedew-dab-ozonated-beauty-balm\/\",\"url\":\"https:\/\/dutchhealthstore.com\/nl\/product\/bedew-dab-ozonated-beauty-balm\/\",\"name\":\"BeDew Dab Ozonated Beauty Balm - Organic & Natural | Living Libations\",\"isPartOf\":{\"@id\":\"https:\/\/dutchhealthstore.com\/nl\/#website\"},\"primaryImageOfPage\":{\"@id\":\"https:\/\/dutchhealthstore.com\/nl\/product\/bedew-dab-ozonated-beauty-balm\/#primaryimage\"},\"image\":{\"@id\":\"https:\/\/dutchhealthstore.com\/nl\/product\/bedew-dab-ozonated-beauty-balm\/#primaryimage\"},\"thumbnailUrl\":\"https:\/\/dutchhealthstore.com\/wp-content\/uploads\/2020\/01\/BeDew-Dab-Ozonated-Beauty-Balm-Living-Libations.jpg\",\"datePublished\":\"2020-01-14T04:07:03+00:00\",\"dateModified\":\"2025-08-07T12:46:29+00:00\",\"description\":\"Troost uw teint met deze O3-geactiveerde BeDew Dab Ozonated Beauty Balm Living Libations die zo verkoelend is als de ochtenddauw.\",\"breadcrumb\":{\"@id\":\"https:\/\/dutchhealthstore.com\/nl\/product\/bedew-dab-ozonated-beauty-balm\/#breadcrumb\"},\"inLanguage\":\"nl-NL\",\"potentialAction\":[{\"@type\":\"ReadAction\",\"target\":[\"https:\/\/dutchhealthstore.com\/nl\/product\/bedew-dab-ozonated-beauty-balm\/\"]}]},{\"@type\":\"ImageObject\",\"inLanguage\":\"nl-NL\",\"@id\":\"https:\/\/dutchhealthstore.com\/nl\/product\/bedew-dab-ozonated-beauty-balm\/#primaryimage\",\"url\":\"https:\/\/dutchhealthstore.com\/wp-content\/uploads\/2020\/01\/BeDew-Dab-Ozonated-Beauty-Balm-Living-Libations.jpg\",\"contentUrl\":\"https:\/\/dutchhealthstore.com\/wp-content\/uploads\/2020\/01\/BeDew-Dab-Ozonated-Beauty-Balm-Living-Libations.jpg\",\"width\":898,\"height\":898,\"caption\":\"BeDew Dab Ozonated Beauty Balm - Living Libations\"},{\"@type\":\"BreadcrumbList\",\"@id\":\"https:\/\/dutchhealthstore.com\/nl\/product\/bedew-dab-ozonated-beauty-balm\/#breadcrumb\",\"itemListElement\":[{\"@type\":\"ListItem\",\"position\":1,\"name\":\"Home\",\"item\":\"https:\/\/dutchhealthstore.com\/nl\/\"},{\"@type\":\"ListItem\",\"position\":2,\"name\":\"Shop\",\"item\":\"https:\/\/dutchhealthstore.com\/nl\/shop\/\"},{\"@type\":\"ListItem\",\"position\":3,\"name\":\"BeDew Dab Ozonated Beauty Balm\"}]},{\"@type\":\"WebSite\",\"@id\":\"https:\/\/dutchhealthstore.com\/nl\/#website\",\"url\":\"https:\/\/dutchhealthstore.com\/nl\/\",\"name\":\"Dutch Health Store\",\"description\":\"Enhance Your Beauty with Organic &amp; Natural Skincare\",\"publisher\":{\"@id\":\"https:\/\/dutchhealthstore.com\/nl\/#organization\"},\"potentialAction\":[{\"@type\":\"SearchAction\",\"target\":{\"@type\":\"EntryPoint\",\"urlTemplate\":\"https:\/\/dutchhealthstore.com\/nl\/?s={search_term_string}\"},\"query-input\":{\"@type\":\"PropertyValueSpecification\",\"valueRequired\":true,\"valueName\":\"search_term_string\"}}],\"inLanguage\":\"nl-NL\"},{\"@type\":\"Organization\",\"@id\":\"https:\/\/dutchhealthstore.com\/nl\/#organization\",\"name\":\"Dutch Health Store\",\"url\":\"https:\/\/dutchhealthstore.com\/nl\/\",\"logo\":{\"@type\":\"ImageObject\",\"inLanguage\":\"nl-NL\",\"@id\":\"https:\/\/dutchhealthstore.com\/nl\/#\/schema\/logo\/image\/\",\"url\":\"https:\/\/dutchhealthstore.com\/wp-content\/uploads\/2020\/08\/logo-dutchhealthstore-jpg-e1599484957574.jpg\",\"contentUrl\":\"https:\/\/dutchhealthstore.com\/wp-content\/uploads\/2020\/08\/logo-dutchhealthstore-jpg-e1599484957574.jpg\",\"width\":400,\"height\":62,\"caption\":\"Dutch Health Store\"},\"image\":{\"@id\":\"https:\/\/dutchhealthstore.com\/nl\/#\/schema\/logo\/image\/\"},\"sameAs\":[\"https:\/\/www.instagram.com\/dutchhealthstore\/\",\"https:\/\/www.facebook.com\/dutchhealthstore\"]}]}<\/script>\n<meta property=\"product:brand\" content=\"Living Libations\" \/>\n<meta property=\"product:price:amount\" content=\"42.00\" \/>\n<meta property=\"product:price:currency\" content=\"EUR\" \/>\n<meta property=\"og:availability\" content=\"instock\" \/>\n<meta property=\"product:availability\" content=\"instock\" \/>\n<meta property=\"product:condition\" content=\"new\" \/>\n<!-- \/ Yoast SEO Premium plugin. -->","yoast_head_json":{"title":"BeDew Dab Ozonated Beauty Balm - Organic & Natural | Living Libations","description":"Troost uw teint met deze O3-geactiveerde BeDew Dab Ozonated Beauty Balm Living Libations die zo verkoelend is als de ochtenddauw.","robots":{"index":"index","follow":"follow","max-snippet":"max-snippet:-1","max-image-preview":"max-image-preview:large","max-video-preview":"max-video-preview:-1"},"canonical":"https:\/\/dutchhealthstore.com\/nl\/product\/bedew-dab-ozonated-beauty-balm\/","og_locale":"nl_NL","og_type":"article","og_title":"BeDew Dab Ozonated Beauty Balm - Dutch Health Store","og_description":"Troost uw teint met deze O3-geactiveerde BeDew Dab Ozonated Beauty Balm Living Libations die zo verkoelend is als de ochtenddauw.","og_url":"https:\/\/dutchhealthstore.com\/nl\/product\/bedew-dab-ozonated-beauty-balm\/","og_site_name":"Dutch Health Store","article_publisher":"https:\/\/www.instagram.com\/dutchhealthstore\/","article_modified_time":"2025-08-07T12:46:29+00:00","og_image":[{"width":898,"height":898,"url":"https:\/\/dutchhealthstore.com\/wp-content\/uploads\/2020\/01\/BeDew-Dab-Ozonated-Beauty-Balm-Living-Libations.jpg","type":"image\/jpeg"}],"twitter_card":"summary_large_image","twitter_misc":{"Prijs":"&euro;42,00","Beschikbaarheid":"Op voorraad"},"schema":{"@context":"https:\/\/schema.org","@graph":[{"@type":"WebPage","@id":"https:\/\/dutchhealthstore.com\/nl\/product\/bedew-dab-ozonated-beauty-balm\/","url":"https:\/\/dutchhealthstore.com\/nl\/product\/bedew-dab-ozonated-beauty-balm\/","name":"BeDew Dab Ozonated Beauty Balm - Organic & Natural | Living Libations","isPartOf":{"@id":"https:\/\/dutchhealthstore.com\/nl\/#website"},"primaryImageOfPage":{"@id":"https:\/\/dutchhealthstore.com\/nl\/product\/bedew-dab-ozonated-beauty-balm\/#primaryimage"},"image":{"@id":"https:\/\/dutchhealthstore.com\/nl\/product\/bedew-dab-ozonated-beauty-balm\/#primaryimage"},"thumbnailUrl":"https:\/\/dutchhealthstore.com\/wp-content\/uploads\/2020\/01\/BeDew-Dab-Ozonated-Beauty-Balm-Living-Libations.jpg","datePublished":"2020-01-14T04:07:03+00:00","dateModified":"2025-08-07T12:46:29+00:00","description":"Troost uw teint met deze O3-geactiveerde BeDew Dab Ozonated Beauty Balm Living Libations die zo verkoelend is als de ochtenddauw.","breadcrumb":{"@id":"https:\/\/dutchhealthstore.com\/nl\/product\/bedew-dab-ozonated-beauty-balm\/#breadcrumb"},"inLanguage":"nl-NL","potentialAction":[{"@type":"ReadAction","target":["https:\/\/dutchhealthstore.com\/nl\/product\/bedew-dab-ozonated-beauty-balm\/"]}]},{"@type":"ImageObject","inLanguage":"nl-NL","@id":"https:\/\/dutchhealthstore.com\/nl\/product\/bedew-dab-ozonated-beauty-balm\/#primaryimage","url":"https:\/\/dutchhealthstore.com\/wp-content\/uploads\/2020\/01\/BeDew-Dab-Ozonated-Beauty-Balm-Living-Libations.jpg","contentUrl":"https:\/\/dutchhealthstore.com\/wp-content\/uploads\/2020\/01\/BeDew-Dab-Ozonated-Beauty-Balm-Living-Libations.jpg","width":898,"height":898,"caption":"BeDew Dab Ozonated Beauty Balm - Living Libations"},{"@type":"BreadcrumbList","@id":"https:\/\/dutchhealthstore.com\/nl\/product\/bedew-dab-ozonated-beauty-balm\/#breadcrumb","itemListElement":[{"@type":"ListItem","position":1,"name":"Home","item":"https:\/\/dutchhealthstore.com\/nl\/"},{"@type":"ListItem","position":2,"name":"Shop","item":"https:\/\/dutchhealthstore.com\/nl\/shop\/"},{"@type":"ListItem","position":3,"name":"BeDew Dab Ozonated Beauty Balm"}]},{"@type":"WebSite","@id":"https:\/\/dutchhealthstore.com\/nl\/#website","url":"https:\/\/dutchhealthstore.com\/nl\/","name":"Dutch Health Store","description":"Enhance Your Beauty with Organic &amp; Natural Skincare","publisher":{"@id":"https:\/\/dutchhealthstore.com\/nl\/#organization"},"potentialAction":[{"@type":"SearchAction","target":{"@type":"EntryPoint","urlTemplate":"https:\/\/dutchhealthstore.com\/nl\/?s={search_term_string}"},"query-input":{"@type":"PropertyValueSpecification","valueRequired":true,"valueName":"search_term_string"}}],"inLanguage":"nl-NL"},{"@type":"Organization","@id":"https:\/\/dutchhealthstore.com\/nl\/#organization","name":"Dutch Health Store","url":"https:\/\/dutchhealthstore.com\/nl\/","logo":{"@type":"ImageObject","inLanguage":"nl-NL","@id":"https:\/\/dutchhealthstore.com\/nl\/#\/schema\/logo\/image\/","url":"https:\/\/dutchhealthstore.com\/wp-content\/uploads\/2020\/08\/logo-dutchhealthstore-jpg-e1599484957574.jpg","contentUrl":"https:\/\/dutchhealthstore.com\/wp-content\/uploads\/2020\/08\/logo-dutchhealthstore-jpg-e1599484957574.jpg","width":400,"height":62,"caption":"Dutch Health Store"},"image":{"@id":"https:\/\/dutchhealthstore.com\/nl\/#\/schema\/logo\/image\/"},"sameAs":["https:\/\/www.instagram.com\/dutchhealthstore\/","https:\/\/www.facebook.com\/dutchhealthstore"]}]},"product_brand":"Living Libations","product_price_amount":"42.00","product_price_currency":"EUR","og_availability":"instock","product_availability":"instock","product_condition":"new"},"_links":{"self":[{"href":"https:\/\/dutchhealthstore.com\/nl\/wp-json\/wp\/v2\/product\/105639","targetHints":{"allow":["GET"]}}],"collection":[{"href":"https:\/\/dutchhealthstore.com\/nl\/wp-json\/wp\/v2\/product"}],"about":[{"href":"https:\/\/dutchhealthstore.com\/nl\/wp-json\/wp\/v2\/types\/product"}],"replies":[{"embeddable":true,"href":"https:\/\/dutchhealthstore.com\/nl\/wp-json\/wp\/v2\/comments?post=105639"}],"wp:featuredmedia":[{"embeddable":true,"href":"https:\/\/dutchhealthstore.com\/nl\/wp-json\/wp\/v2\/media\/89658"}],"wp:attachment":[{"href":"https:\/\/dutchhealthstore.com\/nl\/wp-json\/wp\/v2\/media?parent=105639"}],"wp:term":[{"taxonomy":"product_brand","embeddable":true,"href":"https:\/\/dutchhealthstore.com\/nl\/wp-json\/wp\/v2\/product_brand?post=105639"},{"taxonomy":"product_cat","embeddable":true,"href":"https:\/\/dutchhealthstore.com\/nl\/wp-json\/wp\/v2\/product_cat?post=105639"},{"taxonomy":"product_tag","embeddable":true,"href":"https:\/\/dutchhealthstore.com\/nl\/wp-json\/wp\/v2\/product_tag?post=105639"}],"curies":[{"name":"wp","href":"https:\/\/api.w.org\/{rel}","templated":true}]}}