{"id":105629,"date":"2018-02-10T19:05:22","date_gmt":"2018-02-10T19:05:22","guid":{"rendered":"https:\/\/dutchhealthstore.com\/product\/beach-beauty-lip-shimmer\/"},"modified":"2024-09-23T13:21:43","modified_gmt":"2024-09-23T11:21:43","slug":"beach-beauty-lip-shimmer","status":"publish","type":"product","link":"https:\/\/dutchhealthstore.com\/nl\/product\/beach-beauty-lip-shimmer\/","title":{"rendered":"Beach Beauty Shimmer"},"content":{"rendered":"<p><img decoding=\"async\" class=\"size-full wp-image-69549 alignright\" src=\"https:\/\/dutchhealthstore.com\/wp-content\/uploads\/2019\/08\/NEW-Living-Libations-Logo.jpg\" alt=\"NEW - Living Libations - Logo\" width=\"175\" height=\"82\"><\/p>\n<p>De basis van Beach Beauty Shimmer is onze vrolijke bijenwas, met liefde en toewijding gemaakt door gezonde, zoemende honingbijen. Bijenwas beschermt de huid door een poreuze, ademende laag over de lippen te vormen. Aan de bijenwas voegen we Jojoba toe voor vocht, Wortelzaad voor evenwicht, Palmarosa om de huid te versterken, Grapefruit om voller en energieker te maken, Zoete tijm om te verstevigen, Kamille en Vetiver om roodheid te kalmeren, en koffie voor zijn aroma en werking. Fonkelende mica mineralen zijn verwerkt in deze zwoele lipkleur om je lippen de glinsterende kus van de zomer aan het strand te geven.<\/p>\n<h3>Gebruik<\/h3>\n<p>Aanbrengen op lippen, wangen en wenkbrauwen voor kleur en hydratatie vermengd met sprankelende mica mineralen voor een glinsterende toets. Meng met andere lipglinders om je eigen kenmerkende glinsterende tinten te cre\u00ebren.<\/p>\n<p><strong>Inhoud: 6 ml<\/strong><\/p>\n<h3 class=\"yikes-custom-woo-tab-title yikes-custom-woo-tab-title-natural-organic-ingredients\">Natuurlijke\/biologische Ingredi\u00ebnten<\/h3>\n<p><strong>Jojoba <\/strong><em>(Simmondsia chinensis<\/em>) &#8211; Stap uit de droge, gebarsten duisternis in het weelderige licht met de meest opbeurende verzachtende stof van de natuur. Pure jojoba verrijkt je pruillip met alle oplosbare vormen van vitamine E. Deze natuurlijk voorkomende stof is een verleidelijke tweelingvlam, zo vergelijkbaar met de talg van de huid, dat het niet anders kan dan smelten op dorstige lippen.<\/p>\n<p><strong>Bijenwas <\/strong><em>(Cera alba<\/em>) &#8211; De honingbij beschermt graag de bijenkoningin, net zoals onze Happy Beeswax graag uw pruillip beschermt. Dit natuurlijke, petroleumvrije ingredi\u00ebnt vormt een poreus laagje op de lippen en houdt het vocht vast. Laat je lippen ademen terwijl je de wereld tegemoet treedt: een bijenkoningin bewaakt door het wassen, wonderlijke schild van de natuur.<\/p>\n<p><strong>Wortelzaad <\/strong><em>(Daucus carota<\/em>) &#8211; Boeiende wortel brengt de huid in balans en geeft intu\u00eftieve voeding aan weefsel dat te droog of te vet is geworden. Zonnebrand en schrale lippen zullen genieten van de aardende, helende essentie van pure, met stoom gedestilleerde biologische wortelolie.<\/p>\n<p><strong>Palmarosa <\/strong><em>(Cymbopogon martini<\/em>) &#8211; Citroen en roos bedrijven de zoete liefde in de neus! Frisse, citrusachtige palmarosaolie wordt gebruikt om huidcellen te regenereren, met als extra voordelen stressvermindering en angstremming. Uw frisse, geurige pruillip is klaar om alle wonderen van de kust te oogsten.<\/p>\n<p><strong>Grapefruit <\/strong><em>(Citrusparadijs<\/em>) &#8211; Grapefruit zorgt voor een fruitige pruillook met een levendige energie. Dit citruswonder laat de lippen schitteren en glanzen dankzij zijn opbeurende positiviteit. Er wordt ook gezegd dat het de geest concentreert en de huid rond de lippen verheldert.<\/p>\n<p><strong>Kamille <\/strong><em>(Anthemis nobilis<\/em>) &#8211; Kamille is een serene stof waarvan gezegd wordt dat ze een kalmerende streling voor de huid is. Comforting Chamomile wordt met stoom gedistilleerd uit de delicate, kleine bloemblaadjes van de Franse kamille. Het ontspant en vermindert roodheid en hitte. Het is regenererend, versterkend en verhelderend.<\/p>\n<p><strong>Vetiver<\/strong> <em>(Vetiveria zizanioides)<\/em> &#8211; Levendige Vetiver olie is een aardse, aardende essence gedestilleerd uit tropisch gras. Vetiver is kalmerend en hydraterend voor de huid en geeft de huid een aangenaam vol gevoel en een rijk, wortelachtig aroma.<\/p>\n<p><strong>Koffie <\/strong><em>(Coffea arabica L.<\/em>) &#8211; Betoverend Het weldadige mokka-aroma van de koffieboon is een genot om te inhaleren terwijl de lippen genieten van zijn versterkende kracht.<\/p>\n<p><strong>Mica <\/strong><em>(fyllosilicaat mineralen<\/em>) &#8211; Mica is een natuurlijk voorkomend silicaat mineraal dat onze sprankelende Libations een echte zomerglans geeft! Mica glinstert en schittert, en reflecteert op natuurlijke wijze het licht van uw stralende huid. Mica is gemaakt met lagen van geplette edelstenen, rijk aan iriserende kleur. Als een zuivere, fonkelende diamant laat mica het licht schijnen: sterrenlicht, maanlicht of Tiki-fakkels die het kampvuur verlichten. *Mica is niet afkomstig van levende materie en is dus een anorganische verbinding, die buiten het toepassingsgebied van de biologische certificering valt.<\/p>\n<p><strong>Zoete tijm<\/strong> (Thymus linalool) &#8211; Soepele zoete tijm is even sterk als zacht! Het bevat alle versterkende en tonifi\u00ebrende kracht van de andere soorten Tijmolie zonder irritatie te veroorzaken terwijl het de pori\u00ebn zuivert. Zoete tijm zit boordevol linalool en is een kostbaar ingredi\u00ebnt in onze sublieme huidverzorgingsserums. Het is perfect voor zachte verheldering en stimulering van de huid.<\/p>\n<p><img fetchpriority=\"high\" decoding=\"async\" class=\"aligncenter size-full wp-image-11209\" src=\"https:\/\/dutchhealthstore.com\/wp-content\/uploads\/2015\/12\/organic-1.jpg\" alt=\"organic\" width=\"608\" height=\"85\"><\/p>\n","protected":false},"excerpt":{"rendered":"<p>Geef je lippen bloot aan de wereld met deze perfect bleke lipkleur van romig caf\u00e9 au lait, een glinsterende tint van sprankelend zand met hints van schelpenroze. Deze pure taupe-getinte shimmer geeft een strandgloed.<\/p>\n<p>Fonkelende mica mineralen zijn in deze<strong> Beach Beauty Shimmer<\/strong> verwerkt om je lippen een zomerse glans te geven zonder synthetische ingredi\u00ebnten. Mica wordt gemaakt van geplette edelstenen die fyllosilicaat mineralen worden genoemd. Deze kleine fonkelende lichtjes reflecteren op natuurlijke wijze de mooie stralen van zonlicht, maanlicht of de helderheid van omgevingslicht. Laat je lippen genieten van deze botanische balsem!<\/p>\n","protected":false},"featured_media":368031,"comment_status":"open","ping_status":"closed","template":"","meta":[],"product_brand":[],"product_cat":[1029,2989,14731,5977,4024,1208,5976,1006,5894,510,6139],"product_tag":[21696,21802,21697,6234,9766,4808],"class_list":{"0":"post-105629","1":"product","2":"type-product","3":"status-publish","4":"has-post-thumbnail","6":"product_cat-categorieen","7":"product_cat-gezicht","8":"product_cat-huidverzorging","9":"product_cat-lips-nl-3","10":"product_cat-lippen","11":"product_cat-living-libations-nederland","12":"product_cat-make-up-nl","13":"product_cat-merken","14":"product_cat-eye-lip-care-nl","15":"product_cat-shop-winkel","16":"product_cat-cheeks-nl-2","17":"product_tag-lip-verzorging","18":"product_tag-lipgloss","19":"product_tag-lippenbalsem","20":"product_tag-make-up-nl","21":"product_tag-moisturizer-nl","22":"product_tag-skin-nl","23":"pa_brand-livinglibations-nl","24":"pa_gtin-7439657378324-nl","25":"pa_make-up-productype-lips-nl","26":"pa_make-up-productype-cheeks-nl","27":"pa_size-6-ml-nl","28":"pa_skincare-type-lips-eye-care-nl","30":"first","31":"instock","32":"taxable","33":"shipping-taxable","34":"purchasable","35":"product-type-simple"},"bundled_by":[],"bundle_stock_status":"instock","bundle_stock_quantity":5,"bundle_virtual":false,"bundle_layout":"","bundle_add_to_cart_form_location":"","bundle_editable_in_cart":false,"bundle_sold_individually_context":"","bundle_item_grouping":"","bundle_min_size":"","bundle_max_size":"","bundle_price":[],"bundled_items":[],"bundle_sell_ids":[63785],"atum_controlled":true,"out_stock_date":null,"out_stock_threshold":null,"inheritable":false,"stock_on_hold":1,"sold_today":1,"sales_last_days":1,"out_stock_days":0,"lost_sales":0,"update_date":"2026-05-07T16:50:50","atum_locations":[],"atum_stock_status":"instock","restock_status":false,"low_stock_amount":"","sales_update_date":"2026-05-07T16:50:50","calc_backorders":null,"group_of_quantity":0,"min_quantity":0,"max_quantity":"","exclude_order_quantity_value_rules":"no","exclude_category_quantity_rules":"no","combine_variations":"no","yoast_head":"<!-- This site is optimized with the Yoast SEO Premium plugin v26.5 (Yoast SEO v26.5) - https:\/\/yoast.com\/wordpress\/plugins\/seo\/ -->\n<title>Beach Beauty Lip Simmer | Living Libations<\/title>\n<meta name=\"description\" content=\"Fonkelende mica mineralen zijn verwerkt in deze zwoele lipkleur om je lippen een zomerse glans te geven zonder synthetische ingredi\u00ebnten.\" \/>\n<meta name=\"robots\" content=\"index, follow, max-snippet:-1, max-image-preview:large, max-video-preview:-1\" \/>\n<link rel=\"canonical\" href=\"https:\/\/dutchhealthstore.com\/nl\/product\/beach-beauty-lip-shimmer\/\" \/>\n<meta property=\"og:locale\" content=\"nl_NL\" \/>\n<meta property=\"og:type\" content=\"article\" \/>\n<meta property=\"og:title\" content=\"Beach Beauty Shimmer - Dutch Health Store\" \/>\n<meta property=\"og:description\" content=\"Fonkelende mica mineralen zijn verwerkt in deze zwoele lipkleur om je lippen een zomerse glans te geven zonder synthetische ingredi\u00ebnten.\" \/>\n<meta property=\"og:url\" content=\"https:\/\/dutchhealthstore.com\/nl\/product\/beach-beauty-lip-shimmer\/\" \/>\n<meta property=\"og:site_name\" content=\"Dutch Health Store\" \/>\n<meta property=\"article:publisher\" content=\"https:\/\/www.instagram.com\/dutchhealthstore\/\" \/>\n<meta property=\"article:modified_time\" content=\"2024-09-23T11:21:43+00:00\" \/>\n<meta property=\"og:image\" content=\"https:\/\/dutchhealthstore.com\/wp-content\/uploads\/2018\/02\/Living-Libations-beach-beauty-lip-shimmer-e1591704792285.jpg\" \/>\n\t<meta property=\"og:image:width\" content=\"500\" \/>\n\t<meta property=\"og:image:height\" content=\"500\" \/>\n\t<meta property=\"og:image:type\" content=\"image\/jpeg\" \/>\n<meta name=\"twitter:card\" content=\"summary_large_image\" \/>\n<meta name=\"twitter:label1\" content=\"Prijs\" \/>\n\t<meta name=\"twitter:data1\" content=\"&euro;33,00\" \/>\n\t<meta name=\"twitter:label2\" content=\"Beschikbaarheid\" \/>\n\t<meta name=\"twitter:data2\" content=\"Op voorraad\" \/>\n<script type=\"application\/ld+json\" class=\"yoast-schema-graph\">{\"@context\":\"https:\/\/schema.org\",\"@graph\":[{\"@type\":\"WebPage\",\"@id\":\"https:\/\/dutchhealthstore.com\/nl\/product\/beach-beauty-lip-shimmer\/\",\"url\":\"https:\/\/dutchhealthstore.com\/nl\/product\/beach-beauty-lip-shimmer\/\",\"name\":\"Beach Beauty Lip Simmer | Living Libations\",\"isPartOf\":{\"@id\":\"https:\/\/dutchhealthstore.com\/nl\/#website\"},\"primaryImageOfPage\":{\"@id\":\"https:\/\/dutchhealthstore.com\/nl\/product\/beach-beauty-lip-shimmer\/#primaryimage\"},\"image\":{\"@id\":\"https:\/\/dutchhealthstore.com\/nl\/product\/beach-beauty-lip-shimmer\/#primaryimage\"},\"thumbnailUrl\":\"https:\/\/dutchhealthstore.com\/wp-content\/uploads\/2018\/02\/Beach-Beauty-Shimmer.jpg\",\"datePublished\":\"2018-02-10T19:05:22+00:00\",\"dateModified\":\"2024-09-23T11:21:43+00:00\",\"description\":\"Fonkelende mica mineralen zijn verwerkt in deze zwoele lipkleur om je lippen een zomerse glans te geven zonder synthetische ingredi\u00ebnten.\",\"breadcrumb\":{\"@id\":\"https:\/\/dutchhealthstore.com\/nl\/product\/beach-beauty-lip-shimmer\/#breadcrumb\"},\"inLanguage\":\"nl-NL\",\"potentialAction\":[{\"@type\":\"ReadAction\",\"target\":[\"https:\/\/dutchhealthstore.com\/nl\/product\/beach-beauty-lip-shimmer\/\"]}]},{\"@type\":\"ImageObject\",\"inLanguage\":\"nl-NL\",\"@id\":\"https:\/\/dutchhealthstore.com\/nl\/product\/beach-beauty-lip-shimmer\/#primaryimage\",\"url\":\"https:\/\/dutchhealthstore.com\/wp-content\/uploads\/2018\/02\/Beach-Beauty-Shimmer.jpg\",\"contentUrl\":\"https:\/\/dutchhealthstore.com\/wp-content\/uploads\/2018\/02\/Beach-Beauty-Shimmer.jpg\",\"width\":530,\"height\":530,\"caption\":\"beach-beauty-shimmer\"},{\"@type\":\"BreadcrumbList\",\"@id\":\"https:\/\/dutchhealthstore.com\/nl\/product\/beach-beauty-lip-shimmer\/#breadcrumb\",\"itemListElement\":[{\"@type\":\"ListItem\",\"position\":1,\"name\":\"Home\",\"item\":\"https:\/\/dutchhealthstore.com\/nl\/\"},{\"@type\":\"ListItem\",\"position\":2,\"name\":\"Shop\",\"item\":\"https:\/\/dutchhealthstore.com\/nl\/shop\/\"},{\"@type\":\"ListItem\",\"position\":3,\"name\":\"Beach Beauty Shimmer\"}]},{\"@type\":\"WebSite\",\"@id\":\"https:\/\/dutchhealthstore.com\/nl\/#website\",\"url\":\"https:\/\/dutchhealthstore.com\/nl\/\",\"name\":\"Dutch Health Store\",\"description\":\"Enhance Your Beauty with Organic &amp; Natural Skincare\",\"publisher\":{\"@id\":\"https:\/\/dutchhealthstore.com\/nl\/#organization\"},\"potentialAction\":[{\"@type\":\"SearchAction\",\"target\":{\"@type\":\"EntryPoint\",\"urlTemplate\":\"https:\/\/dutchhealthstore.com\/nl\/?s={search_term_string}\"},\"query-input\":{\"@type\":\"PropertyValueSpecification\",\"valueRequired\":true,\"valueName\":\"search_term_string\"}}],\"inLanguage\":\"nl-NL\"},{\"@type\":\"Organization\",\"@id\":\"https:\/\/dutchhealthstore.com\/nl\/#organization\",\"name\":\"Dutch Health Store\",\"url\":\"https:\/\/dutchhealthstore.com\/nl\/\",\"logo\":{\"@type\":\"ImageObject\",\"inLanguage\":\"nl-NL\",\"@id\":\"https:\/\/dutchhealthstore.com\/nl\/#\/schema\/logo\/image\/\",\"url\":\"https:\/\/dutchhealthstore.com\/wp-content\/uploads\/2020\/08\/logo-dutchhealthstore-jpg-e1599484957574.jpg\",\"contentUrl\":\"https:\/\/dutchhealthstore.com\/wp-content\/uploads\/2020\/08\/logo-dutchhealthstore-jpg-e1599484957574.jpg\",\"width\":400,\"height\":62,\"caption\":\"Dutch Health Store\"},\"image\":{\"@id\":\"https:\/\/dutchhealthstore.com\/nl\/#\/schema\/logo\/image\/\"},\"sameAs\":[\"https:\/\/www.instagram.com\/dutchhealthstore\/\",\"https:\/\/www.facebook.com\/dutchhealthstore\"]}]}<\/script>\n<meta property=\"product:brand\" content=\"Living Libations\" \/>\n<meta property=\"product:price:amount\" content=\"33.00\" \/>\n<meta property=\"product:price:currency\" content=\"EUR\" \/>\n<meta property=\"og:availability\" content=\"instock\" \/>\n<meta property=\"product:availability\" content=\"instock\" \/>\n<meta property=\"product:condition\" content=\"new\" \/>\n<!-- \/ Yoast SEO Premium plugin. -->","yoast_head_json":{"title":"Beach Beauty Lip Simmer | Living Libations","description":"Fonkelende mica mineralen zijn verwerkt in deze zwoele lipkleur om je lippen een zomerse glans te geven zonder synthetische ingredi\u00ebnten.","robots":{"index":"index","follow":"follow","max-snippet":"max-snippet:-1","max-image-preview":"max-image-preview:large","max-video-preview":"max-video-preview:-1"},"canonical":"https:\/\/dutchhealthstore.com\/nl\/product\/beach-beauty-lip-shimmer\/","og_locale":"nl_NL","og_type":"article","og_title":"Beach Beauty Shimmer - Dutch Health Store","og_description":"Fonkelende mica mineralen zijn verwerkt in deze zwoele lipkleur om je lippen een zomerse glans te geven zonder synthetische ingredi\u00ebnten.","og_url":"https:\/\/dutchhealthstore.com\/nl\/product\/beach-beauty-lip-shimmer\/","og_site_name":"Dutch Health Store","article_publisher":"https:\/\/www.instagram.com\/dutchhealthstore\/","article_modified_time":"2024-09-23T11:21:43+00:00","og_image":[{"width":500,"height":500,"url":"https:\/\/dutchhealthstore.com\/wp-content\/uploads\/2018\/02\/Living-Libations-beach-beauty-lip-shimmer-e1591704792285.jpg","type":"image\/jpeg"}],"twitter_card":"summary_large_image","twitter_misc":{"Prijs":"&euro;33,00","Beschikbaarheid":"Op voorraad"},"schema":{"@context":"https:\/\/schema.org","@graph":[{"@type":"WebPage","@id":"https:\/\/dutchhealthstore.com\/nl\/product\/beach-beauty-lip-shimmer\/","url":"https:\/\/dutchhealthstore.com\/nl\/product\/beach-beauty-lip-shimmer\/","name":"Beach Beauty Lip Simmer | Living Libations","isPartOf":{"@id":"https:\/\/dutchhealthstore.com\/nl\/#website"},"primaryImageOfPage":{"@id":"https:\/\/dutchhealthstore.com\/nl\/product\/beach-beauty-lip-shimmer\/#primaryimage"},"image":{"@id":"https:\/\/dutchhealthstore.com\/nl\/product\/beach-beauty-lip-shimmer\/#primaryimage"},"thumbnailUrl":"https:\/\/dutchhealthstore.com\/wp-content\/uploads\/2018\/02\/Beach-Beauty-Shimmer.jpg","datePublished":"2018-02-10T19:05:22+00:00","dateModified":"2024-09-23T11:21:43+00:00","description":"Fonkelende mica mineralen zijn verwerkt in deze zwoele lipkleur om je lippen een zomerse glans te geven zonder synthetische ingredi\u00ebnten.","breadcrumb":{"@id":"https:\/\/dutchhealthstore.com\/nl\/product\/beach-beauty-lip-shimmer\/#breadcrumb"},"inLanguage":"nl-NL","potentialAction":[{"@type":"ReadAction","target":["https:\/\/dutchhealthstore.com\/nl\/product\/beach-beauty-lip-shimmer\/"]}]},{"@type":"ImageObject","inLanguage":"nl-NL","@id":"https:\/\/dutchhealthstore.com\/nl\/product\/beach-beauty-lip-shimmer\/#primaryimage","url":"https:\/\/dutchhealthstore.com\/wp-content\/uploads\/2018\/02\/Beach-Beauty-Shimmer.jpg","contentUrl":"https:\/\/dutchhealthstore.com\/wp-content\/uploads\/2018\/02\/Beach-Beauty-Shimmer.jpg","width":530,"height":530,"caption":"beach-beauty-shimmer"},{"@type":"BreadcrumbList","@id":"https:\/\/dutchhealthstore.com\/nl\/product\/beach-beauty-lip-shimmer\/#breadcrumb","itemListElement":[{"@type":"ListItem","position":1,"name":"Home","item":"https:\/\/dutchhealthstore.com\/nl\/"},{"@type":"ListItem","position":2,"name":"Shop","item":"https:\/\/dutchhealthstore.com\/nl\/shop\/"},{"@type":"ListItem","position":3,"name":"Beach Beauty Shimmer"}]},{"@type":"WebSite","@id":"https:\/\/dutchhealthstore.com\/nl\/#website","url":"https:\/\/dutchhealthstore.com\/nl\/","name":"Dutch Health Store","description":"Enhance Your Beauty with Organic &amp; Natural Skincare","publisher":{"@id":"https:\/\/dutchhealthstore.com\/nl\/#organization"},"potentialAction":[{"@type":"SearchAction","target":{"@type":"EntryPoint","urlTemplate":"https:\/\/dutchhealthstore.com\/nl\/?s={search_term_string}"},"query-input":{"@type":"PropertyValueSpecification","valueRequired":true,"valueName":"search_term_string"}}],"inLanguage":"nl-NL"},{"@type":"Organization","@id":"https:\/\/dutchhealthstore.com\/nl\/#organization","name":"Dutch Health Store","url":"https:\/\/dutchhealthstore.com\/nl\/","logo":{"@type":"ImageObject","inLanguage":"nl-NL","@id":"https:\/\/dutchhealthstore.com\/nl\/#\/schema\/logo\/image\/","url":"https:\/\/dutchhealthstore.com\/wp-content\/uploads\/2020\/08\/logo-dutchhealthstore-jpg-e1599484957574.jpg","contentUrl":"https:\/\/dutchhealthstore.com\/wp-content\/uploads\/2020\/08\/logo-dutchhealthstore-jpg-e1599484957574.jpg","width":400,"height":62,"caption":"Dutch Health Store"},"image":{"@id":"https:\/\/dutchhealthstore.com\/nl\/#\/schema\/logo\/image\/"},"sameAs":["https:\/\/www.instagram.com\/dutchhealthstore\/","https:\/\/www.facebook.com\/dutchhealthstore"]}]},"product_brand":"Living Libations","product_price_amount":"33.00","product_price_currency":"EUR","og_availability":"instock","product_availability":"instock","product_condition":"new"},"_links":{"self":[{"href":"https:\/\/dutchhealthstore.com\/nl\/wp-json\/wp\/v2\/product\/105629","targetHints":{"allow":["GET"]}}],"collection":[{"href":"https:\/\/dutchhealthstore.com\/nl\/wp-json\/wp\/v2\/product"}],"about":[{"href":"https:\/\/dutchhealthstore.com\/nl\/wp-json\/wp\/v2\/types\/product"}],"replies":[{"embeddable":true,"href":"https:\/\/dutchhealthstore.com\/nl\/wp-json\/wp\/v2\/comments?post=105629"}],"wp:featuredmedia":[{"embeddable":true,"href":"https:\/\/dutchhealthstore.com\/nl\/wp-json\/wp\/v2\/media\/368031"}],"wp:attachment":[{"href":"https:\/\/dutchhealthstore.com\/nl\/wp-json\/wp\/v2\/media?parent=105629"}],"wp:term":[{"taxonomy":"product_brand","embeddable":true,"href":"https:\/\/dutchhealthstore.com\/nl\/wp-json\/wp\/v2\/product_brand?post=105629"},{"taxonomy":"product_cat","embeddable":true,"href":"https:\/\/dutchhealthstore.com\/nl\/wp-json\/wp\/v2\/product_cat?post=105629"},{"taxonomy":"product_tag","embeddable":true,"href":"https:\/\/dutchhealthstore.com\/nl\/wp-json\/wp\/v2\/product_tag?post=105629"}],"curies":[{"name":"wp","href":"https:\/\/api.w.org\/{rel}","templated":true}]}}