{"id":105484,"date":"2018-02-10T10:35:15","date_gmt":"2018-02-10T10:35:15","guid":{"rendered":"https:\/\/dutchhealthstore.com\/product\/all-season-serum\/"},"modified":"2026-01-05T16:23:12","modified_gmt":"2026-01-05T15:23:12","slug":"all-season-serum","status":"publish","type":"product","link":"https:\/\/dutchhealthstore.com\/nl\/product\/all-season-serum\/","title":{"rendered":"All Season Serum"},"content":{"rendered":"<p style=\"font-weight: 400;\"><img decoding=\"async\" class=\"size-full wp-image-37041 alignright\" src=\"https:\/\/dutchhealthstore.com\/wp-content\/uploads\/2018\/04\/Living_Libations-1.png\" alt=\"Organic &amp; Natural Beautyproducts - Living Libations\" width=\"175\" height=\"82\"><\/p>\n<p>Dit gladmakende serum voor alle seizoenen is een diepe drank van weelderige lipiden: Camelia, Jojoba, Sandelhout, Mirre, Frankincense, Immortelle, Ylang, Rockrose, Verbena, Fragonia en Citroen bundelen hun krachten om de klok terug te draaien, de droge huid te doordrenken, de vochtigheid te harmoniseren, de olieproductie in evenwicht te brengen en de geest op te heffen.<\/p>\n<p>Whether you need to grace your face with tender TLC, restorative moisture, protection from drying stressors or age-defying power, our All Season Serum holds the key to skin harmony.<\/p>\n<h3>Gebruiksaanwijzing<\/h3>\n<p>Breng dag en nacht een paar druppels aan na het wassen van de huid met een Best Skin Ever. Balancerend voor alle huidtypes.<\/p>\n<p><strong>Inhoud: 15 ml<\/strong><\/p>\n<h3 class=\"yikes-custom-woo-tab-title yikes-custom-woo-tab-title-natural-organic-ingredients\">Natuurlijke\/biologische Ingredi\u00ebnten<\/h3>\n<p><b><strong>Camellia <\/strong><\/b><i><em>(<\/em><\/i><i><em>Camellia oleifera)<\/em><\/i> &#8211; Verzorgende Camellia olie wordt snel opgenomen door de dorstige huid en gezichten die de elementen en de krachten van de tijd moeten trotseren. Dit exclusieve elixer zit boordevol vetzuren, waaronder meer dan 80% oliezuur dat qua samenstelling vergelijkbaar is met olijfolie, en antioxidanten. Dit natuurlijke verzachtende middel zou de tere gezichtshuid beschermen tegen blootstelling aan de elementen.<\/p>\n<p><b><strong>Jojoba <\/strong><\/b><i><em>(<\/em><\/i><i><em>Simmondsia chinensis) <\/em><\/i>&#8211; Glorieuze, gouden jojoba voedt en verzorgt de dorstige huid. Jojoba heeft een onge\u00ebvenaard vermogen om de huid te hydrateren, de olieproductie in balans te brengen, de pori\u00ebn diep te reinigen en een langdurige conditionerende werking te cre\u00ebren die de huid verzacht tot perfecte zijde. Het zit boordevol peptiden en lipiden en bevat de hoogste niveaus van fenolische verbindingen die in de natuur voorkomen, samen met antioxidanten en alle oplosbare vormen van vitamine E!<\/p>\n<p><b><strong>Sandelhout <\/strong><\/b><i><em>(Santalum album)<\/em><\/i> &#8211; Sappig sandelhout wordt al duizenden jaren gebruikt om de tere huid te verhelderen, infecties uit te roeien en de dorstige, uitgedroogde huid te verzadigen. Sandelhout is bijzonder geschikt voor de gezichtshuid, en werkt zowel tonisch als adstringerend.<\/p>\n<p><b><strong>Mirre <\/strong><\/b><i><em>(Commiphora myrrha) &#8211;<\/em><\/i><b><strong> <\/strong><\/b>Mirre-olie wordt al sinds de Bijbelse tijd gebruikt als anti-aging gezichtsbehandeling, toen het werd toegepast om rimpels en een verslapte huid te behandelen. Het heilige sap van Mirre werd ook gebruikt om eczeem, droge huid, ontstekingen en kloven te behandelen.<\/p>\n<p><b><strong>Wierook <\/strong><\/b><i><em>(Boswellia carterii)<\/em><\/i> &#8211; Wierookolie werd in het oude Egypte gebruikt als regenererend gezichtsmasker en huidtonicum. Tegenwoordig worden littekenweefsel, huidzweren, verouderde huid, droge huid en ontstoken huid allemaal vaak behandeld met de heilige wierook, die antiseptische en samentrekkende eigenschappen heeft. Naast de huidversterkende krachten kan onze hydro-gedistilleerde Frankincense olie worden gebruikt om het gezicht en de pijnappelklieren te zalven tijdens meditatie of heilige ceremonies.<\/p>\n<p><b><strong>Immortelle <\/strong><\/b><i><em>(Helichrysum italicum) &#8211;<\/em><\/i><b><strong> <\/strong><\/b>Onze Immortelle essenti\u00eble olie is een van de meest kostbare, meest effectieve huidverzorgingsingredi\u00ebnten op aarde. Immortelle regenereert en herstelt de gezonde huid, zuivert de pori\u00ebn en verzacht de zichtbaarheid van littekens, puistjes, vlekken en oneffenheden. Het heeft ook adembenemende emotionele voordelen. Een vleugje Immortelle kan de geest verheffen en transcendent begrip mogelijk maken.<\/p>\n<p><b><strong>Ylang <\/strong><\/b><i><em>(Cananga adorata) <\/em><\/i>&#8211; Ylang essenti\u00eble olie is de meest adaptogene vochtinbrenger van de natuur en brengt de vette en droge huid in balans. Het reinigt de pori\u00ebn, reguleert de olieproductie, ontspant de gezichtsspieren en verzacht littekens. De vrolijke, bloemige geur kust de wangen en nodigt de stralende huid uit om te komen spelen.<\/p>\n<p><b><strong>Citroen Verbena <\/strong><\/b><i><em>(<\/em><\/i><i><em>Aloysia citrodora) &#8211; <\/em><\/i>Citroenverbena is een citrusfrisse droom met een krachtige plantaardige uitstraling. Naast de zonnige, opbeurende geur die de stemming verbetert, verbetert citroenverbena het uiterlijk van een vroegtijdig verouderde huid. Het is bijzonder geschikt om roodheid, wallen en onevenwichtigheden te verlichten.<\/p>\n<p><b><strong>Fragonia <\/strong><\/b><i><em>(<\/em><\/i><i><em>Agonis fragrans) &#8211;<\/em><\/i><b><strong> <\/strong><\/b>Fragrant Fragonia herstelt het evenwicht van de tere huid en de delicate geesten. Voedend en balancerend, deze kruidachtige, naar citrus geurende olie versterkt de harmonie<\/p>\n<p><b><strong>Rotsroos <\/strong><\/b><i><em>(Cistus ladanifer) <\/em><\/i>&#8211; Rockrose is een krachtig natuurlijk adstringerend middel dat vaak wordt gebruikt om huidcellen te regenereren, wonden te behandelen en een ontstoken huid te kalmeren. Rockrose geeft ons All Season Serum zijn opwekkende lucht en biedt een verfrissende, revitaliserende energie die de zintuigen ontwaakt.<\/p>\n<p><strong><span class=\"ll-product-ingredient-first\">Citroen <\/span><\/strong><span class=\"ll-product-ingredient-first\">(<\/span><em><span class=\"ll-product-ingredient-second\">Citrus limon)<i> <\/i>\u2013 <\/span><\/em> <span class=\"ll-product-ingredient-second\">Heerlijke Citroen zuivert, geeft energie en reinigt de huid van top tot teen. Het is uitstekend in reinigingsmiddelen voor acne en oneffenheden. Citroen verstevigt en geeft de huid veerkracht.<\/span><\/p>\n<p><img fetchpriority=\"high\" decoding=\"async\" class=\"size-full wp-image-31577 aligncenter\" src=\"https:\/\/dutchhealthstore.com\/wp-content\/uploads\/2018\/03\/organic_big.png\" alt=\"Organic and Natural - Living Libations\" width=\"623\" height=\"103\" srcset=\"https:\/\/dutchhealthstore.com\/wp-content\/uploads\/2018\/03\/organic_big.png 623w, https:\/\/dutchhealthstore.com\/wp-content\/uploads\/2018\/03\/organic_big-510x84.png 510w, https:\/\/dutchhealthstore.com\/wp-content\/uploads\/2018\/03\/organic_big-600x99.png 600w, https:\/\/dutchhealthstore.com\/wp-content\/uploads\/2018\/03\/organic_big-350x58.png 350w\" sizes=\"(max-width: 623px) 100vw, 623px\" \/><\/p>\n","protected":false},"excerpt":{"rendered":"<p style=\"font-weight: 400;\">Anoint your face with clarifying grace! Living Libations <strong>All Season Serum<\/strong> is een elegant elixer voor alle huidtypes in alle seizoenen. Deze balancerende, voedende fles vochtmagie zit boordevol prachtige botanische ingredi\u00ebnten die speciaal zijn gekozen vanwege hun eigenschappen voor de huid. Whether winter has chiseled dryness into your cheeks or summer has humidified the semblance of your skin, this serum sinks in to revive your skin.<\/p>\n","protected":false},"featured_media":118938,"comment_status":"open","ping_status":"closed","template":"","meta":[],"product_brand":[],"product_cat":[14731,1029,5693,5621,5696,5617,2989,1208,1006,5623,5694,5005,5700,5692,5697,5698,5699,4030,510,5695,5664],"product_tag":[9766,3799,4808],"class_list":{"0":"post-105484","1":"product","2":"type-product","3":"status-publish","4":"has-post-thumbnail","6":"product_cat-huidverzorging","7":"product_cat-categorieen","8":"product_cat-dry-mature-ageing-skin-nl-5","9":"product_cat-dry-mature-ageing-skin-nl-4","10":"product_cat-sensitive-skin-redness-nl-5","11":"product_cat-sensitive-skin-redness-nl","12":"product_cat-gezicht","13":"product_cat-living-libations-nederland","14":"product_cat-merken","15":"product_cat-normal-or-combination-skin-nl","16":"product_cat-normal-or-combination-skin-nl-5","17":"product_cat-by-skin-type","18":"product_cat-serums-nl-4","19":"product_cat-serums-nl-9","20":"product_cat-serums-nl","21":"product_cat-serums-nl-2","22":"product_cat-serums-nl-3","23":"product_cat-serums-moisturizers-nl","24":"product_cat-shop-winkel","25":"product_cat-oily-skin-clogged-pores-nl-6","26":"product_cat-oily-skin-clogged-pores-nl","27":"product_tag-moisturizer-nl","28":"product_tag-serum-nl","29":"product_tag-skin-nl","30":"pa_brand-livinglibations-nl","31":"pa_size-15-ml-nl","32":"pa_skincare-type-face-oil-and-serums-nl","33":"pa_skintype-dry-mature-ageing-skin-nl","34":"pa_skintype-normal-combination-skin-nl","35":"pa_skintype-oily-skin-nl","36":"pa_skintype-sensitive-skin-redness-nl","38":"first","39":"instock","40":"taxable","41":"shipping-taxable","42":"purchasable","43":"product-type-simple"},"bundled_by":[],"bundle_stock_status":"instock","bundle_stock_quantity":5,"bundle_virtual":false,"bundle_layout":"","bundle_add_to_cart_form_location":"","bundle_editable_in_cart":false,"bundle_sold_individually_context":"","bundle_item_grouping":"","bundle_min_size":"","bundle_max_size":"","bundle_price":[],"bundled_items":[],"bundle_sell_ids":[107424],"atum_controlled":true,"out_stock_date":null,"out_stock_threshold":null,"inheritable":false,"stock_on_hold":0,"sold_today":0,"sales_last_days":0,"out_stock_days":0,"lost_sales":0,"update_date":"2026-04-07T13:46:16","atum_locations":[],"atum_stock_status":"instock","restock_status":false,"low_stock_amount":"","sales_update_date":"2026-04-07T13:46:16","calc_backorders":null,"group_of_quantity":0,"min_quantity":0,"max_quantity":"","exclude_order_quantity_value_rules":"no","exclude_category_quantity_rules":"no","combine_variations":"no","yoast_head":"<!-- This site is optimized with the Yoast SEO Premium plugin v26.5 (Yoast SEO v26.5) - https:\/\/yoast.com\/wordpress\/plugins\/seo\/ -->\n<title>All Season Serum | Living Libations<\/title>\n<meta name=\"description\" content=\"Zalf je gezicht met verhelderende genade! Living Libations All Season Serum is een elegant elixer voor alle huidtypes in alle seizoenen.\" \/>\n<meta name=\"robots\" content=\"index, follow, max-snippet:-1, max-image-preview:large, max-video-preview:-1\" \/>\n<link rel=\"canonical\" href=\"https:\/\/dutchhealthstore.com\/nl\/product\/all-season-serum\/\" \/>\n<meta property=\"og:locale\" content=\"nl_NL\" \/>\n<meta property=\"og:type\" content=\"article\" \/>\n<meta property=\"og:title\" content=\"All Season Serum - Dutch Health Store\" \/>\n<meta property=\"og:description\" content=\"Zalf je gezicht met verhelderende genade! Living Libations All Season Serum is een elegant elixer voor alle huidtypes in alle seizoenen.\" \/>\n<meta property=\"og:url\" content=\"https:\/\/dutchhealthstore.com\/nl\/product\/all-season-serum\/\" \/>\n<meta property=\"og:site_name\" content=\"Dutch Health Store\" \/>\n<meta property=\"article:publisher\" content=\"https:\/\/www.instagram.com\/dutchhealthstore\/\" \/>\n<meta property=\"article:modified_time\" content=\"2026-01-05T15:23:12+00:00\" \/>\n<meta property=\"og:image\" content=\"https:\/\/dutchhealthstore.com\/wp-content\/uploads\/2018\/02\/All-Season-Serum-Living-Libations-1-e1597136428103.jpg\" \/>\n\t<meta property=\"og:image:width\" content=\"500\" \/>\n\t<meta property=\"og:image:height\" content=\"500\" \/>\n\t<meta property=\"og:image:type\" content=\"image\/jpeg\" \/>\n<meta name=\"twitter:card\" content=\"summary_large_image\" \/>\n<meta name=\"twitter:label1\" content=\"Prijs\" \/>\n\t<meta name=\"twitter:data1\" content=\"&euro;56,00\" \/>\n\t<meta name=\"twitter:label2\" content=\"Beschikbaarheid\" \/>\n\t<meta name=\"twitter:data2\" content=\"Op voorraad\" \/>\n<script type=\"application\/ld+json\" class=\"yoast-schema-graph\">{\"@context\":\"https:\/\/schema.org\",\"@graph\":[{\"@type\":\"WebPage\",\"@id\":\"https:\/\/dutchhealthstore.com\/nl\/product\/all-season-serum\/\",\"url\":\"https:\/\/dutchhealthstore.com\/nl\/product\/all-season-serum\/\",\"name\":\"All Season Serum | Living Libations\",\"isPartOf\":{\"@id\":\"https:\/\/dutchhealthstore.com\/nl\/#website\"},\"primaryImageOfPage\":{\"@id\":\"https:\/\/dutchhealthstore.com\/nl\/product\/all-season-serum\/#primaryimage\"},\"image\":{\"@id\":\"https:\/\/dutchhealthstore.com\/nl\/product\/all-season-serum\/#primaryimage\"},\"thumbnailUrl\":\"https:\/\/dutchhealthstore.com\/wp-content\/uploads\/2018\/02\/All-Season-Serum-Living-Libations-1-e1597136428103.jpg\",\"datePublished\":\"2018-02-10T10:35:15+00:00\",\"dateModified\":\"2026-01-05T15:23:12+00:00\",\"description\":\"Zalf je gezicht met verhelderende genade! Living Libations All Season Serum is een elegant elixer voor alle huidtypes in alle seizoenen.\",\"breadcrumb\":{\"@id\":\"https:\/\/dutchhealthstore.com\/nl\/product\/all-season-serum\/#breadcrumb\"},\"inLanguage\":\"nl-NL\",\"potentialAction\":[{\"@type\":\"ReadAction\",\"target\":[\"https:\/\/dutchhealthstore.com\/nl\/product\/all-season-serum\/\"]}]},{\"@type\":\"ImageObject\",\"inLanguage\":\"nl-NL\",\"@id\":\"https:\/\/dutchhealthstore.com\/nl\/product\/all-season-serum\/#primaryimage\",\"url\":\"https:\/\/dutchhealthstore.com\/wp-content\/uploads\/2018\/02\/All-Season-Serum-Living-Libations-1-e1597136428103.jpg\",\"contentUrl\":\"https:\/\/dutchhealthstore.com\/wp-content\/uploads\/2018\/02\/All-Season-Serum-Living-Libations-1-e1597136428103.jpg\",\"width\":500,\"height\":500,\"caption\":\"All Season Serum Living Libations\"},{\"@type\":\"BreadcrumbList\",\"@id\":\"https:\/\/dutchhealthstore.com\/nl\/product\/all-season-serum\/#breadcrumb\",\"itemListElement\":[{\"@type\":\"ListItem\",\"position\":1,\"name\":\"Home\",\"item\":\"https:\/\/dutchhealthstore.com\/nl\/\"},{\"@type\":\"ListItem\",\"position\":2,\"name\":\"Shop\",\"item\":\"https:\/\/dutchhealthstore.com\/nl\/shop\/\"},{\"@type\":\"ListItem\",\"position\":3,\"name\":\"All Season Serum\"}]},{\"@type\":\"WebSite\",\"@id\":\"https:\/\/dutchhealthstore.com\/nl\/#website\",\"url\":\"https:\/\/dutchhealthstore.com\/nl\/\",\"name\":\"Dutch Health Store\",\"description\":\"Enhance Your Beauty with Organic &amp; Natural Skincare\",\"publisher\":{\"@id\":\"https:\/\/dutchhealthstore.com\/nl\/#organization\"},\"potentialAction\":[{\"@type\":\"SearchAction\",\"target\":{\"@type\":\"EntryPoint\",\"urlTemplate\":\"https:\/\/dutchhealthstore.com\/nl\/?s={search_term_string}\"},\"query-input\":{\"@type\":\"PropertyValueSpecification\",\"valueRequired\":true,\"valueName\":\"search_term_string\"}}],\"inLanguage\":\"nl-NL\"},{\"@type\":\"Organization\",\"@id\":\"https:\/\/dutchhealthstore.com\/nl\/#organization\",\"name\":\"Dutch Health Store\",\"url\":\"https:\/\/dutchhealthstore.com\/nl\/\",\"logo\":{\"@type\":\"ImageObject\",\"inLanguage\":\"nl-NL\",\"@id\":\"https:\/\/dutchhealthstore.com\/nl\/#\/schema\/logo\/image\/\",\"url\":\"https:\/\/dutchhealthstore.com\/wp-content\/uploads\/2020\/08\/logo-dutchhealthstore-jpg-e1599484957574.jpg\",\"contentUrl\":\"https:\/\/dutchhealthstore.com\/wp-content\/uploads\/2020\/08\/logo-dutchhealthstore-jpg-e1599484957574.jpg\",\"width\":400,\"height\":62,\"caption\":\"Dutch Health Store\"},\"image\":{\"@id\":\"https:\/\/dutchhealthstore.com\/nl\/#\/schema\/logo\/image\/\"},\"sameAs\":[\"https:\/\/www.instagram.com\/dutchhealthstore\/\",\"https:\/\/www.facebook.com\/dutchhealthstore\"]}]}<\/script>\n<meta property=\"product:brand\" content=\"Living Libations\" \/>\n<meta property=\"product:price:amount\" content=\"56.00\" \/>\n<meta property=\"product:price:currency\" content=\"EUR\" \/>\n<meta property=\"og:availability\" content=\"instock\" \/>\n<meta property=\"product:availability\" content=\"instock\" \/>\n<meta property=\"product:condition\" content=\"new\" \/>\n<!-- \/ Yoast SEO Premium plugin. -->","yoast_head_json":{"title":"All Season Serum | Living Libations","description":"Zalf je gezicht met verhelderende genade! Living Libations All Season Serum is een elegant elixer voor alle huidtypes in alle seizoenen.","robots":{"index":"index","follow":"follow","max-snippet":"max-snippet:-1","max-image-preview":"max-image-preview:large","max-video-preview":"max-video-preview:-1"},"canonical":"https:\/\/dutchhealthstore.com\/nl\/product\/all-season-serum\/","og_locale":"nl_NL","og_type":"article","og_title":"All Season Serum - Dutch Health Store","og_description":"Zalf je gezicht met verhelderende genade! Living Libations All Season Serum is een elegant elixer voor alle huidtypes in alle seizoenen.","og_url":"https:\/\/dutchhealthstore.com\/nl\/product\/all-season-serum\/","og_site_name":"Dutch Health Store","article_publisher":"https:\/\/www.instagram.com\/dutchhealthstore\/","article_modified_time":"2026-01-05T15:23:12+00:00","og_image":[{"width":500,"height":500,"url":"https:\/\/dutchhealthstore.com\/wp-content\/uploads\/2018\/02\/All-Season-Serum-Living-Libations-1-e1597136428103.jpg","type":"image\/jpeg"}],"twitter_card":"summary_large_image","twitter_misc":{"Prijs":"&euro;56,00","Beschikbaarheid":"Op voorraad"},"schema":{"@context":"https:\/\/schema.org","@graph":[{"@type":"WebPage","@id":"https:\/\/dutchhealthstore.com\/nl\/product\/all-season-serum\/","url":"https:\/\/dutchhealthstore.com\/nl\/product\/all-season-serum\/","name":"All Season Serum | Living Libations","isPartOf":{"@id":"https:\/\/dutchhealthstore.com\/nl\/#website"},"primaryImageOfPage":{"@id":"https:\/\/dutchhealthstore.com\/nl\/product\/all-season-serum\/#primaryimage"},"image":{"@id":"https:\/\/dutchhealthstore.com\/nl\/product\/all-season-serum\/#primaryimage"},"thumbnailUrl":"https:\/\/dutchhealthstore.com\/wp-content\/uploads\/2018\/02\/All-Season-Serum-Living-Libations-1-e1597136428103.jpg","datePublished":"2018-02-10T10:35:15+00:00","dateModified":"2026-01-05T15:23:12+00:00","description":"Zalf je gezicht met verhelderende genade! Living Libations All Season Serum is een elegant elixer voor alle huidtypes in alle seizoenen.","breadcrumb":{"@id":"https:\/\/dutchhealthstore.com\/nl\/product\/all-season-serum\/#breadcrumb"},"inLanguage":"nl-NL","potentialAction":[{"@type":"ReadAction","target":["https:\/\/dutchhealthstore.com\/nl\/product\/all-season-serum\/"]}]},{"@type":"ImageObject","inLanguage":"nl-NL","@id":"https:\/\/dutchhealthstore.com\/nl\/product\/all-season-serum\/#primaryimage","url":"https:\/\/dutchhealthstore.com\/wp-content\/uploads\/2018\/02\/All-Season-Serum-Living-Libations-1-e1597136428103.jpg","contentUrl":"https:\/\/dutchhealthstore.com\/wp-content\/uploads\/2018\/02\/All-Season-Serum-Living-Libations-1-e1597136428103.jpg","width":500,"height":500,"caption":"All Season Serum Living Libations"},{"@type":"BreadcrumbList","@id":"https:\/\/dutchhealthstore.com\/nl\/product\/all-season-serum\/#breadcrumb","itemListElement":[{"@type":"ListItem","position":1,"name":"Home","item":"https:\/\/dutchhealthstore.com\/nl\/"},{"@type":"ListItem","position":2,"name":"Shop","item":"https:\/\/dutchhealthstore.com\/nl\/shop\/"},{"@type":"ListItem","position":3,"name":"All Season Serum"}]},{"@type":"WebSite","@id":"https:\/\/dutchhealthstore.com\/nl\/#website","url":"https:\/\/dutchhealthstore.com\/nl\/","name":"Dutch Health Store","description":"Enhance Your Beauty with Organic &amp; Natural Skincare","publisher":{"@id":"https:\/\/dutchhealthstore.com\/nl\/#organization"},"potentialAction":[{"@type":"SearchAction","target":{"@type":"EntryPoint","urlTemplate":"https:\/\/dutchhealthstore.com\/nl\/?s={search_term_string}"},"query-input":{"@type":"PropertyValueSpecification","valueRequired":true,"valueName":"search_term_string"}}],"inLanguage":"nl-NL"},{"@type":"Organization","@id":"https:\/\/dutchhealthstore.com\/nl\/#organization","name":"Dutch Health Store","url":"https:\/\/dutchhealthstore.com\/nl\/","logo":{"@type":"ImageObject","inLanguage":"nl-NL","@id":"https:\/\/dutchhealthstore.com\/nl\/#\/schema\/logo\/image\/","url":"https:\/\/dutchhealthstore.com\/wp-content\/uploads\/2020\/08\/logo-dutchhealthstore-jpg-e1599484957574.jpg","contentUrl":"https:\/\/dutchhealthstore.com\/wp-content\/uploads\/2020\/08\/logo-dutchhealthstore-jpg-e1599484957574.jpg","width":400,"height":62,"caption":"Dutch Health Store"},"image":{"@id":"https:\/\/dutchhealthstore.com\/nl\/#\/schema\/logo\/image\/"},"sameAs":["https:\/\/www.instagram.com\/dutchhealthstore\/","https:\/\/www.facebook.com\/dutchhealthstore"]}]},"product_brand":"Living Libations","product_price_amount":"56.00","product_price_currency":"EUR","og_availability":"instock","product_availability":"instock","product_condition":"new"},"_links":{"self":[{"href":"https:\/\/dutchhealthstore.com\/nl\/wp-json\/wp\/v2\/product\/105484","targetHints":{"allow":["GET"]}}],"collection":[{"href":"https:\/\/dutchhealthstore.com\/nl\/wp-json\/wp\/v2\/product"}],"about":[{"href":"https:\/\/dutchhealthstore.com\/nl\/wp-json\/wp\/v2\/types\/product"}],"replies":[{"embeddable":true,"href":"https:\/\/dutchhealthstore.com\/nl\/wp-json\/wp\/v2\/comments?post=105484"}],"wp:featuredmedia":[{"embeddable":true,"href":"https:\/\/dutchhealthstore.com\/nl\/wp-json\/wp\/v2\/media\/118938"}],"wp:attachment":[{"href":"https:\/\/dutchhealthstore.com\/nl\/wp-json\/wp\/v2\/media?parent=105484"}],"wp:term":[{"taxonomy":"product_brand","embeddable":true,"href":"https:\/\/dutchhealthstore.com\/nl\/wp-json\/wp\/v2\/product_brand?post=105484"},{"taxonomy":"product_cat","embeddable":true,"href":"https:\/\/dutchhealthstore.com\/nl\/wp-json\/wp\/v2\/product_cat?post=105484"},{"taxonomy":"product_tag","embeddable":true,"href":"https:\/\/dutchhealthstore.com\/nl\/wp-json\/wp\/v2\/product_tag?post=105484"}],"curies":[{"name":"wp","href":"https:\/\/api.w.org\/{rel}","templated":true}]}}