{"id":103136,"date":"2020-05-19T13:40:55","date_gmt":"2020-05-19T13:40:55","guid":{"rendered":"https:\/\/dutchhealthstore.com\/product\/night-nectar-beauty-balm\/"},"modified":"2026-01-29T14:07:27","modified_gmt":"2026-01-29T13:07:27","slug":"night-nectar-beauty-balm","status":"publish","type":"product","link":"https:\/\/dutchhealthstore.com\/nl\/product\/night-nectar-beauty-balm\/","title":{"rendered":"Night Nectar Beauty Balm"},"content":{"rendered":"<p style=\"text-align: center;\"><img decoding=\"async\" class=\"alignright size-full wp-image-69549\" src=\"https:\/\/dutchhealthstore.com\/wp-content\/uploads\/2019\/08\/NEW-Living-Libations-Logo.jpg\" alt=\"NEW - Living Libations - Logo\" width=\"175\" height=\"82\">Terwijl u de dromen van de maan in u opneemt, omhult u uw teint met het genot van Living Libations weelderige <strong>Night Nectar Beauty Balm<\/strong>.<\/p>\n<p>Verzegel elke porie met aanbiddelijke botanische ingredi\u00ebnten die de huid verzadigen en laat u sussen door de weelderige lipiden die de teint strelen met dit voedende nachtserum.<\/p>\n<p>Omdat de maan in de voering van onze huid leeft, hebben wij een nachtelijke nectar samengesteld die herstelt en verjongt terwijl u zich ontspant. Slaap genesteld in deze overvloedige nachtelijke nectar om de droge huid diep te verwennen, fijne lijntjes op te vullen en de teint aan te vullen zodat u wakker wordt met een tronende huid.<\/p>\n<p style=\"text-align: center;\"><em>&#8220;De maan leeft in de voering van je huid&#8221;<\/em><br \/>\n~Pablo <strong>Nureda<\/strong><\/p>\n<p>Omdat de maan in de voering van onze huid leeft, hebben wij een nachtelijke nectar samengesteld die herstelt en verjongt terwijl u zich ontspant. Slaap genesteld in deze overvloedige nachtelijke nectar om de droge huid diep te verwennen, fijne lijntjes op te vullen en de teint aan te vullen zodat u wakker wordt met een tronende huid.<\/p>\n<h3>Gebruiksaanwijzing<\/h3>\n<p><b><\/b>Na het wassen met een Best Skin Ever, slapen in een huid die is verzacht met deze schoonheidsbalsem.<br \/>\nOp zichzelf voldoende en perfect in combinatie met Open Sky Serum en of All Seeing Eye Cr\u00e8me, gebruik je handpalm als palet om de twee te mengen. Uitstekend voor het verzadigen van super droge plekken en plekken die weelderige smering nodig hebben.<\/p>\n<h3 class=\"yikes-custom-woo-tab-title yikes-custom-woo-tab-title-natural-organic-ingredients\">Natuurlijke\/biologische Ingredi\u00ebnten<\/h3>\n<p><strong>Karit\u00e9boter<\/strong> <em>(Butyrospermum parkii)<\/em> &#8211; Zijdezachte karit\u00e9boter wordt gemaakt van de Afrikaanse karit\u00e9boom en wordt al eeuwenlang gebruikt om de huid te smeren en te voeden. Shea maakt de huid glad terwijl het diep hydraterende manna de huid hydrateert. Dit luxueuze ingredi\u00ebnt stimuleert een stralende teint, verhoogt de elasticiteit en maakt de huid voller.<\/p>\n<p><strong>Cacaoboter<\/strong> <em>(Theobroma cacao)<\/em> &#8211; Deze weldadige boter van rauwe, erfelijke cacaobonen maakt dit ingredi\u00ebnt even heilzaam als verrukkelijk. Deze aromatische boter voorziet de teint van zijdezacht vocht.<\/p>\n<p><strong>Duindoornbes<\/strong><em> (Hippophae rhamnoides)<\/em> &#8211; Duindoorn stuurt zijn lipiden de huid in, waardoor onevenwichtigheden van binnenuit worden verminderd. Dit superkritische extract zit boordevol omega vetzuren 3, 6, 7 en 9, antioxidanten, vitamine, palmitole\u00efnezuren, caroteno\u00efden en fytosterolen. Een enkele druppel van deze superheld-huidredder bevat 190 verschillende bioactieve bestanddelen. De fel oranje bessen van de plant onttrekken een weelderige olie die de teint heerlijk aanvult en reinigt.<\/p>\n<p><span style=\"font-size: 14.4px;\"><b>Broccoli<\/b><\/span><strong> Zaad<\/strong> <em>(Brassica oleracea)<\/em> &#8211; Mooi Broccolizaad presenteert zich als een krachtpatser van weelderige lipiden (eicoseno\u00efde en palmitinezuur), levendige vitaminen (A, C, K en B), en essenti\u00eble vetzuren (twee soorten zeldzame omega 9 en een omega 3). Deze extraordinaire hersteller is heerlijk licht en zorgt voor een zijdezachte huid.<\/p>\n<p><strong>Laurierwas<\/strong> <em>(Myrica pubescens)<\/em> &#8211; Heerlijk Laurierwas po\u00ebtisch op je wangen en balsemt een poreus, liefdevol laagje op je huid. Deze fijne vruchtenwas is een zegen van de bes van een altijd groene struik die op grote hoogte in de Andes groeit.<\/p>\n<p><strong>Kaapse<\/strong> <strong>kamille<\/strong> <em>(Eriocephalus punctulatus)<\/em> &#8211; Innemende Kaapse kamille verspreidt een prachtige, fijne fruitig-bloemige geur die een van onze favoriete aroma&#8217;s is. Kaapse kamille heeft een hoog gehalte aan zeldzame ester- en azuleenverbindingen die een groenblauwe tint geven om allerlei onevenwichtigheden in de huid te verzachten. Deze verjongende essence brengt talg in evenwicht en verzacht de zichtbaarheid van littekens en vlekjes.<\/p>\n<p><strong>Immortelle<\/strong> <em>(Helichrysum italicum)<\/em> &#8211; Immortelle is stellair en schittert goddelijk voor alle soorten huidverzorging. Deze geurige bloemenolie wordt in het wild verwerkt op het eiland Corsica, waar de bloemen bloeien door de zeewind en de zon. De bloemen groeien op een hoogte van 4.000 feet op de rotsachtige kliffen van het platteland. Immortelle helpt bij het verminderen van littekens, vlekken, melasma, roodheid en fijne lijntjes. Dit veelzijdige juweeltje van een olie is ook emotioneel verheffend.<\/p>\n<p><strong>Wortelzaad<\/strong> <em>(Daucus carota)<\/em> &#8211; Koningin Anne&#8217;s kant zalft je gezicht met koninklijke gratie. Wortelolie brengt de olieproductie in perfecte verhoudingen in evenwicht, ongeacht de huidige toestand van uw huid. Vette, droge en gemengde huid kunnen allemaal profiteren van het vochtinbrengende manna van wortelzaad.<\/p>\n<p><strong>Zoete tijm<\/strong> <em>(Thymus linalool)<\/em> &#8211; Zoete tijm is even sterk als zacht! Het bevat alle versterkende en tonifi\u00ebrende kracht van de andere soorten Tijmolie zonder irritatie te veroorzaken terwijl het de pori\u00ebn zuivert. Het staat erom bekend dat het lichaam en geest stimuleert en energie geeft, terwijl het mild genoeg is voor gebruik bij jonge kinderen en ouderen. Zoete tijm is rijk aan linalool en is een geliefd ingredi\u00ebnt in onze zachte huidverzorgingsserums.<\/p>\n<p><strong>Gember<\/strong> <em>(Zingiber officinale)<\/em> &#8211; Een held in ons aromatherapie-arsenaal omdat het een kruidachtige kracht heeft! Warm en pittig, het geeft energie aan een lusteloze toon en helpt bij het verbeteren van de elasticiteit en stevigheid.<\/p>\n<p><strong>Marjolein<\/strong> <em>(Origanum marjorana)<\/em> &#8211; De zoete kruidachtige Marjolein wordt sinds de bijbelse tijd gebruikt om lichaam, geest en ziel te zuiveren. Het warme en doordringende aroma van onze marjolein is sereen en wordt gedestilleerd om de botanische zegeningen van dit geurige kruid vast te leggen. Zijn slaapverwekkende geur werd door de oude Grieken en Romeinen vereerd vanwege zijn kracht om vrede en geluk op te roepen.<\/p>\n<p><strong>Lavendel<\/strong> <em>(Lavandula angustifolia)<\/em> &#8211; Lovely Lavender is een zachte maar krachtige huidversterker die herstellend en kalmerend werkt. Het ontspant roodheid en koelt verhit af. Lavendel kan worden gebruikt om het uiterlijk van littekens te verbeteren, de huidtint te egaliseren, acne te verzachten en het talggehalte van de huid in evenwicht te brengen.<\/p>\n<p><strong>Wierook<\/strong> <em>(Boswellia carterii)<\/em> &#8211; Dit is een heilige, essenti\u00eble essence om de eerbied voor de huid te cultiveren. Vloeibare parels van de levensboom, wierook wordt gedistilleerd uit het harsachtige sap van de boom. Deze fijne, geurige olie wordt al duizenden jaren gezalfd en ge\u00efnhaleerd in spirituele ceremonies en verhoogt de veerkracht van de huid. Met de wijsheid van de eeuwen is wierook formidabel voor het verzachten van littekens, het gladstrijken van een oneffen huid en het minimaliseren van melasma en littekens. Deze olie is een geweldig tonicum dat al eeuwenlang een geliefd botanisch middel is voor lichaamsverzorging.<\/p>\n<p><strong>Jojoba<\/strong> <em>(Simmondsia chinensis)<\/em> &#8211; Glorieuze, gouden jojoba voedt en verzorgt de dorstige huid. Jojoba heeft een onge\u00ebvenaard vermogen om de huid te hydrateren, de olieproductie in balans te brengen, de pori\u00ebn diep te reinigen en een langdurige conditionerende werking te cre\u00ebren die de huid verzacht tot perfecte zijde. Het zit boordevol peptiden en lipiden en bevat de hoogste niveaus van fenolische verbindingen die in de natuur voorkomen, samen met antioxidanten en alle oplosbare vormen van vitamine E.<\/p>\n<p><img fetchpriority=\"high\" decoding=\"async\" class=\"size-medium wp-image-68103 aligncenter\" src=\"https:\/\/dutchhealthstore.com\/wp-content\/uploads\/2018\/02\/Living-Libations-Organic-Logo-800x89.png\" alt=\"Living Libations - Organic Logo\" width=\"800\" height=\"89\" srcset=\"https:\/\/dutchhealthstore.com\/wp-content\/uploads\/2018\/02\/Living-Libations-Organic-Logo-800x89.png 800w, https:\/\/dutchhealthstore.com\/wp-content\/uploads\/2018\/02\/Living-Libations-Organic-Logo-510x57.png 510w, https:\/\/dutchhealthstore.com\/wp-content\/uploads\/2018\/02\/Living-Libations-Organic-Logo-768x85.png 768w, https:\/\/dutchhealthstore.com\/wp-content\/uploads\/2018\/02\/Living-Libations-Organic-Logo.png 1400w\" sizes=\"(max-width: 800px) 100vw, 800px\" \/><\/p>\n","protected":false},"excerpt":{"rendered":"<p>Terwijl u drinkt in de dromen van de maan, cocoon uw teint met het genot van Living Libations weelderige <b><strong>N<\/strong><\/b><b><strong>i<\/strong><\/b><b><strong>ght <\/strong><\/b><b><strong>Nectar <\/strong><\/b><b><strong>Beauty <\/strong><\/b><b><strong>Balm<\/strong><\/b>.<\/p>\n<p>Verzegel elke porie met aanbiddelijke botanische ingredi\u00ebnten die de huid verzadigen en laat u sussen door de weelderige lipiden die de teint strelen met dit voedende nachtserum.<\/p>\n","protected":false},"featured_media":30663,"comment_status":"open","ping_status":"closed","template":"","meta":[],"product_brand":[],"product_cat":[14731,1029,5641,5621,5643,5617,2989,1208,1006,5644,5640,5645,5646,5623,5642,5005,4030,510],"product_tag":[6168,6156,9602,4808],"class_list":{"0":"post-103136","1":"product","2":"type-product","3":"status-publish","4":"has-post-thumbnail","6":"product_cat-huidverzorging","7":"product_cat-categorieen","8":"product_cat-dry-mature-ageing-skin-nl-3","9":"product_cat-dry-mature-ageing-skin-nl-4","10":"product_cat-sensitive-skin-redness-nl-4","11":"product_cat-sensitive-skin-redness-nl","12":"product_cat-gezicht","13":"product_cat-living-libations-nederland","14":"product_cat-merken","15":"product_cat-moisturizers-nl","16":"product_cat-moisturizers-nl-7","17":"product_cat-moisturizers-nl-nl","18":"product_cat-moisturizers-nl-nl-3","19":"product_cat-normal-or-combination-skin-nl","20":"product_cat-normal-or-combination-skin-nl-3","21":"product_cat-by-skin-type","22":"product_cat-serums-moisturizers-nl","23":"product_cat-shop-winkel","24":"product_tag-balm-nl","25":"product_tag-face-care-nl","26":"product_tag-hydrating-nl","27":"product_tag-skin-nl","28":"pa_brand-livinglibations-nl","29":"pa_gtin-7439657368349-nl","30":"pa_size-5-ml-nl","31":"pa_size-15-ml-nl","32":"pa_skincare-type-moisturizers-nl","33":"pa_skintype-dry-mature-ageing-skin-nl","34":"pa_skintype-normal-combination-skin-nl","35":"pa_skintype-sensitive-skin-redness-nl","37":"first","38":"outofstock","39":"taxable","40":"shipping-taxable","41":"purchasable","42":"product-type-variable"},"bundled_by":[],"bundle_stock_status":"outofstock","bundle_stock_quantity":null,"bundle_virtual":false,"bundle_layout":"","bundle_add_to_cart_form_location":"","bundle_editable_in_cart":false,"bundle_sold_individually_context":"","bundle_item_grouping":"","bundle_min_size":"","bundle_max_size":"","bundle_price":[],"bundled_items":[],"bundle_sell_ids":[241192],"atum_controlled":true,"out_stock_date":null,"out_stock_threshold":null,"inheritable":true,"stock_on_hold":0,"sold_today":0,"sales_last_days":0,"out_stock_days":0,"lost_sales":0,"update_date":"2026-04-07T01:47:37","atum_locations":[],"atum_stock_status":"outofstock","restock_status":false,"low_stock_amount":"","sales_update_date":"2026-04-07T01:47:36","calc_backorders":null,"group_of_quantity":0,"min_quantity":0,"max_quantity":"","exclude_order_quantity_value_rules":"no","exclude_category_quantity_rules":"no","combine_variations":"no","yoast_head":"<!-- This site is optimized with the Yoast SEO Premium plugin v26.5 (Yoast SEO v26.5) - https:\/\/yoast.com\/wordpress\/plugins\/seo\/ -->\n<title>Night Nectar Beauty Balm | Living Libations<\/title>\n<meta name=\"description\" content=\"Terwijl u de dromen van de maan in u opneemt, omhult u uw teint met het genot van Living Libations weelderige Night Nectar Beauty Balm.\" \/>\n<meta name=\"robots\" content=\"index, follow, max-snippet:-1, max-image-preview:large, max-video-preview:-1\" \/>\n<link rel=\"canonical\" href=\"https:\/\/dutchhealthstore.com\/nl\/product\/night-nectar-beauty-balm\/\" \/>\n<meta property=\"og:locale\" content=\"nl_NL\" \/>\n<meta property=\"og:type\" content=\"article\" \/>\n<meta property=\"og:title\" content=\"Night Nectar Beauty Balm - Dutch Health Store\" \/>\n<meta property=\"og:description\" content=\"Terwijl u de dromen van de maan in u opneemt, omhult u uw teint met het genot van Living Libations weelderige Night Nectar Beauty Balm.\" \/>\n<meta property=\"og:url\" content=\"https:\/\/dutchhealthstore.com\/nl\/product\/night-nectar-beauty-balm\/\" \/>\n<meta property=\"og:site_name\" content=\"Dutch Health Store\" \/>\n<meta property=\"article:publisher\" content=\"https:\/\/www.instagram.com\/dutchhealthstore\/\" \/>\n<meta property=\"article:modified_time\" content=\"2026-01-29T13:07:27+00:00\" \/>\n<meta property=\"og:image\" content=\"https:\/\/dutchhealthstore.com\/wp-content\/uploads\/2018\/02\/Night_Nectar_Beauty-Balm_Living_Libations.jpg\" \/>\n\t<meta property=\"og:image:width\" content=\"500\" \/>\n\t<meta property=\"og:image:height\" content=\"500\" \/>\n\t<meta property=\"og:image:type\" content=\"image\/jpeg\" \/>\n<meta name=\"twitter:card\" content=\"summary_large_image\" \/>\n<meta name=\"twitter:label1\" content=\"Beschikbaarheid\" \/>\n\t<meta name=\"twitter:data1\" content=\"Uitverkocht\" \/>\n<script type=\"application\/ld+json\" class=\"yoast-schema-graph\">{\"@context\":\"https:\/\/schema.org\",\"@graph\":[{\"@type\":\"WebPage\",\"@id\":\"https:\/\/dutchhealthstore.com\/nl\/product\/night-nectar-beauty-balm\/\",\"url\":\"https:\/\/dutchhealthstore.com\/nl\/product\/night-nectar-beauty-balm\/\",\"name\":\"Night Nectar Beauty Balm | Living Libations\",\"isPartOf\":{\"@id\":\"https:\/\/dutchhealthstore.com\/nl\/#website\"},\"primaryImageOfPage\":{\"@id\":\"https:\/\/dutchhealthstore.com\/nl\/product\/night-nectar-beauty-balm\/#primaryimage\"},\"image\":{\"@id\":\"https:\/\/dutchhealthstore.com\/nl\/product\/night-nectar-beauty-balm\/#primaryimage\"},\"thumbnailUrl\":\"https:\/\/dutchhealthstore.com\/wp-content\/uploads\/2018\/02\/Night_Nectar_Beauty-Balm_Living_Libations.jpg\",\"datePublished\":\"2020-05-19T13:40:55+00:00\",\"dateModified\":\"2026-01-29T13:07:27+00:00\",\"description\":\"Terwijl u de dromen van de maan in u opneemt, omhult u uw teint met het genot van Living Libations weelderige Night Nectar Beauty Balm.\",\"breadcrumb\":{\"@id\":\"https:\/\/dutchhealthstore.com\/nl\/product\/night-nectar-beauty-balm\/#breadcrumb\"},\"inLanguage\":\"nl-NL\",\"potentialAction\":[{\"@type\":\"ReadAction\",\"target\":[\"https:\/\/dutchhealthstore.com\/nl\/product\/night-nectar-beauty-balm\/\"]}]},{\"@type\":\"ImageObject\",\"inLanguage\":\"nl-NL\",\"@id\":\"https:\/\/dutchhealthstore.com\/nl\/product\/night-nectar-beauty-balm\/#primaryimage\",\"url\":\"https:\/\/dutchhealthstore.com\/wp-content\/uploads\/2018\/02\/Night_Nectar_Beauty-Balm_Living_Libations.jpg\",\"contentUrl\":\"https:\/\/dutchhealthstore.com\/wp-content\/uploads\/2018\/02\/Night_Nectar_Beauty-Balm_Living_Libations.jpg\",\"width\":500,\"height\":500},{\"@type\":\"BreadcrumbList\",\"@id\":\"https:\/\/dutchhealthstore.com\/nl\/product\/night-nectar-beauty-balm\/#breadcrumb\",\"itemListElement\":[{\"@type\":\"ListItem\",\"position\":1,\"name\":\"Home\",\"item\":\"https:\/\/dutchhealthstore.com\/nl\/\"},{\"@type\":\"ListItem\",\"position\":2,\"name\":\"Shop\",\"item\":\"https:\/\/dutchhealthstore.com\/nl\/shop\/\"},{\"@type\":\"ListItem\",\"position\":3,\"name\":\"Night Nectar Beauty Balm\"}]},{\"@type\":\"WebSite\",\"@id\":\"https:\/\/dutchhealthstore.com\/nl\/#website\",\"url\":\"https:\/\/dutchhealthstore.com\/nl\/\",\"name\":\"Dutch Health Store\",\"description\":\"Enhance Your Beauty with Organic &amp; Natural Skincare\",\"publisher\":{\"@id\":\"https:\/\/dutchhealthstore.com\/nl\/#organization\"},\"potentialAction\":[{\"@type\":\"SearchAction\",\"target\":{\"@type\":\"EntryPoint\",\"urlTemplate\":\"https:\/\/dutchhealthstore.com\/nl\/?s={search_term_string}\"},\"query-input\":{\"@type\":\"PropertyValueSpecification\",\"valueRequired\":true,\"valueName\":\"search_term_string\"}}],\"inLanguage\":\"nl-NL\"},{\"@type\":\"Organization\",\"@id\":\"https:\/\/dutchhealthstore.com\/nl\/#organization\",\"name\":\"Dutch Health Store\",\"url\":\"https:\/\/dutchhealthstore.com\/nl\/\",\"logo\":{\"@type\":\"ImageObject\",\"inLanguage\":\"nl-NL\",\"@id\":\"https:\/\/dutchhealthstore.com\/nl\/#\/schema\/logo\/image\/\",\"url\":\"https:\/\/dutchhealthstore.com\/wp-content\/uploads\/2020\/08\/logo-dutchhealthstore-jpg-e1599484957574.jpg\",\"contentUrl\":\"https:\/\/dutchhealthstore.com\/wp-content\/uploads\/2020\/08\/logo-dutchhealthstore-jpg-e1599484957574.jpg\",\"width\":400,\"height\":62,\"caption\":\"Dutch Health Store\"},\"image\":{\"@id\":\"https:\/\/dutchhealthstore.com\/nl\/#\/schema\/logo\/image\/\"},\"sameAs\":[\"https:\/\/www.instagram.com\/dutchhealthstore\/\",\"https:\/\/www.facebook.com\/dutchhealthstore\"]}]}<\/script>\n<meta property=\"product:brand\" content=\"Living Libations\" \/>\n<meta property=\"og:availability\" content=\"out of stock\" \/>\n<meta property=\"product:availability\" content=\"out of stock\" \/>\n<meta property=\"product:condition\" content=\"new\" \/>\n<!-- \/ Yoast SEO Premium plugin. -->","yoast_head_json":{"title":"Night Nectar Beauty Balm | Living Libations","description":"Terwijl u de dromen van de maan in u opneemt, omhult u uw teint met het genot van Living Libations weelderige Night Nectar Beauty Balm.","robots":{"index":"index","follow":"follow","max-snippet":"max-snippet:-1","max-image-preview":"max-image-preview:large","max-video-preview":"max-video-preview:-1"},"canonical":"https:\/\/dutchhealthstore.com\/nl\/product\/night-nectar-beauty-balm\/","og_locale":"nl_NL","og_type":"article","og_title":"Night Nectar Beauty Balm - Dutch Health Store","og_description":"Terwijl u de dromen van de maan in u opneemt, omhult u uw teint met het genot van Living Libations weelderige Night Nectar Beauty Balm.","og_url":"https:\/\/dutchhealthstore.com\/nl\/product\/night-nectar-beauty-balm\/","og_site_name":"Dutch Health Store","article_publisher":"https:\/\/www.instagram.com\/dutchhealthstore\/","article_modified_time":"2026-01-29T13:07:27+00:00","og_image":[{"width":500,"height":500,"url":"https:\/\/dutchhealthstore.com\/wp-content\/uploads\/2018\/02\/Night_Nectar_Beauty-Balm_Living_Libations.jpg","type":"image\/jpeg"}],"twitter_card":"summary_large_image","twitter_misc":{"Beschikbaarheid":"Uitverkocht"},"schema":{"@context":"https:\/\/schema.org","@graph":[{"@type":"WebPage","@id":"https:\/\/dutchhealthstore.com\/nl\/product\/night-nectar-beauty-balm\/","url":"https:\/\/dutchhealthstore.com\/nl\/product\/night-nectar-beauty-balm\/","name":"Night Nectar Beauty Balm | Living Libations","isPartOf":{"@id":"https:\/\/dutchhealthstore.com\/nl\/#website"},"primaryImageOfPage":{"@id":"https:\/\/dutchhealthstore.com\/nl\/product\/night-nectar-beauty-balm\/#primaryimage"},"image":{"@id":"https:\/\/dutchhealthstore.com\/nl\/product\/night-nectar-beauty-balm\/#primaryimage"},"thumbnailUrl":"https:\/\/dutchhealthstore.com\/wp-content\/uploads\/2018\/02\/Night_Nectar_Beauty-Balm_Living_Libations.jpg","datePublished":"2020-05-19T13:40:55+00:00","dateModified":"2026-01-29T13:07:27+00:00","description":"Terwijl u de dromen van de maan in u opneemt, omhult u uw teint met het genot van Living Libations weelderige Night Nectar Beauty Balm.","breadcrumb":{"@id":"https:\/\/dutchhealthstore.com\/nl\/product\/night-nectar-beauty-balm\/#breadcrumb"},"inLanguage":"nl-NL","potentialAction":[{"@type":"ReadAction","target":["https:\/\/dutchhealthstore.com\/nl\/product\/night-nectar-beauty-balm\/"]}]},{"@type":"ImageObject","inLanguage":"nl-NL","@id":"https:\/\/dutchhealthstore.com\/nl\/product\/night-nectar-beauty-balm\/#primaryimage","url":"https:\/\/dutchhealthstore.com\/wp-content\/uploads\/2018\/02\/Night_Nectar_Beauty-Balm_Living_Libations.jpg","contentUrl":"https:\/\/dutchhealthstore.com\/wp-content\/uploads\/2018\/02\/Night_Nectar_Beauty-Balm_Living_Libations.jpg","width":500,"height":500},{"@type":"BreadcrumbList","@id":"https:\/\/dutchhealthstore.com\/nl\/product\/night-nectar-beauty-balm\/#breadcrumb","itemListElement":[{"@type":"ListItem","position":1,"name":"Home","item":"https:\/\/dutchhealthstore.com\/nl\/"},{"@type":"ListItem","position":2,"name":"Shop","item":"https:\/\/dutchhealthstore.com\/nl\/shop\/"},{"@type":"ListItem","position":3,"name":"Night Nectar Beauty Balm"}]},{"@type":"WebSite","@id":"https:\/\/dutchhealthstore.com\/nl\/#website","url":"https:\/\/dutchhealthstore.com\/nl\/","name":"Dutch Health Store","description":"Enhance Your Beauty with Organic &amp; Natural Skincare","publisher":{"@id":"https:\/\/dutchhealthstore.com\/nl\/#organization"},"potentialAction":[{"@type":"SearchAction","target":{"@type":"EntryPoint","urlTemplate":"https:\/\/dutchhealthstore.com\/nl\/?s={search_term_string}"},"query-input":{"@type":"PropertyValueSpecification","valueRequired":true,"valueName":"search_term_string"}}],"inLanguage":"nl-NL"},{"@type":"Organization","@id":"https:\/\/dutchhealthstore.com\/nl\/#organization","name":"Dutch Health Store","url":"https:\/\/dutchhealthstore.com\/nl\/","logo":{"@type":"ImageObject","inLanguage":"nl-NL","@id":"https:\/\/dutchhealthstore.com\/nl\/#\/schema\/logo\/image\/","url":"https:\/\/dutchhealthstore.com\/wp-content\/uploads\/2020\/08\/logo-dutchhealthstore-jpg-e1599484957574.jpg","contentUrl":"https:\/\/dutchhealthstore.com\/wp-content\/uploads\/2020\/08\/logo-dutchhealthstore-jpg-e1599484957574.jpg","width":400,"height":62,"caption":"Dutch Health Store"},"image":{"@id":"https:\/\/dutchhealthstore.com\/nl\/#\/schema\/logo\/image\/"},"sameAs":["https:\/\/www.instagram.com\/dutchhealthstore\/","https:\/\/www.facebook.com\/dutchhealthstore"]}]},"product_brand":"Living Libations","og_availability":"out of stock","product_availability":"out of stock","product_condition":"new"},"_links":{"self":[{"href":"https:\/\/dutchhealthstore.com\/nl\/wp-json\/wp\/v2\/product\/103136","targetHints":{"allow":["GET"]}}],"collection":[{"href":"https:\/\/dutchhealthstore.com\/nl\/wp-json\/wp\/v2\/product"}],"about":[{"href":"https:\/\/dutchhealthstore.com\/nl\/wp-json\/wp\/v2\/types\/product"}],"replies":[{"embeddable":true,"href":"https:\/\/dutchhealthstore.com\/nl\/wp-json\/wp\/v2\/comments?post=103136"}],"wp:featuredmedia":[{"embeddable":true,"href":"https:\/\/dutchhealthstore.com\/nl\/wp-json\/wp\/v2\/media\/30663"}],"wp:attachment":[{"href":"https:\/\/dutchhealthstore.com\/nl\/wp-json\/wp\/v2\/media?parent=103136"}],"wp:term":[{"taxonomy":"product_brand","embeddable":true,"href":"https:\/\/dutchhealthstore.com\/nl\/wp-json\/wp\/v2\/product_brand?post=103136"},{"taxonomy":"product_cat","embeddable":true,"href":"https:\/\/dutchhealthstore.com\/nl\/wp-json\/wp\/v2\/product_cat?post=103136"},{"taxonomy":"product_tag","embeddable":true,"href":"https:\/\/dutchhealthstore.com\/nl\/wp-json\/wp\/v2\/product_tag?post=103136"}],"curies":[{"name":"wp","href":"https:\/\/api.w.org\/{rel}","templated":true}]}}