{"id":100728,"date":"2020-02-28T11:43:49","date_gmt":"2020-02-28T10:43:49","guid":{"rendered":"https:\/\/dutchhealthstore.com\/product\/happy-hour-balancing-serum\/"},"modified":"2026-02-09T12:32:01","modified_gmt":"2026-02-09T11:32:01","slug":"happy-hour-balancing-serum","status":"publish","type":"product","link":"https:\/\/dutchhealthstore.com\/nl\/product\/happy-hour-balancing-serum\/","title":{"rendered":"Happy Hour Balancing Serum"},"content":{"rendered":"<h3>Geurprofiel<\/h3>\n<p>Ze ruikt naar een dagje spa, met kalmerende noten van lavendel en kamillebloemen.<\/p>\n<h3>Huidtype<\/h3>\n<p>Het Happy Hour Serum is geschikt voor alle huidtypes, maar is vooral heilzaam voor de droge en gevoelige huid die gevoelig is voor roodheid en ontstekingen.<\/p>\n<h3>Voordelen<\/h3>\n<p>-Kalmeert en brengt de droge, gevoelige, gestreste huid in evenwicht<\/p>\n<p>-Vermindert ontstekingen en versterkt de elasticiteit van de huid<\/p>\n<p>-Reguleert de olieproductie, bestrijdt roodheid en puistjes<\/p>\n<p>-Rijke antioxidanten beschermen de huid tegen schade door vrije radicalen<\/p>\n<h3>Hoe te gebruiken<\/h3>\n<p>Goed schudden. Breng een vol pompje aan op uw handpalm, emulgeer en masseer zachtjes in de vochtige huid.<\/p>\n<p><img fetchpriority=\"high\" decoding=\"async\" class=\"alignnone size-medium\" src=\"https:\/\/www.leahlaniskincare.com\/cdn\/shop\/files\/ezgif-7-5b681571ae0c_1400x.gif?v=1614308240\" width=\"600\" height=\"428\"><\/p>\n<p><strong>Inhoud: 30 ml<\/strong><\/p>\n<h3 class=\"yikes-custom-woo-tab-title yikes-custom-woo-tab-title-organic-ingredients\">Organische Ingredi\u00ebnten<\/h3>\n<div class=\"canela-light-18 font-italic my-3\"><strong>Blue Tansy <\/strong><\/div>\n<div><a href=\"https:\/\/dutchhealthstore.com\/wp-content\/uploads\/2020\/03\/leahlani-blue-tansy.jpg\"><img decoding=\"async\" class=\"alignnone size-full wp-image-339869\" src=\"https:\/\/dutchhealthstore.com\/wp-content\/uploads\/2020\/03\/leahlani-blue-tansy.jpg\" alt=\"leahlani-blauw-tansy\" width=\"200\" height=\"200\" srcset=\"https:\/\/dutchhealthstore.com\/wp-content\/uploads\/2020\/03\/leahlani-blue-tansy.jpg 200w, https:\/\/dutchhealthstore.com\/wp-content\/uploads\/2020\/03\/leahlani-blue-tansy-50x50.jpg 50w, https:\/\/dutchhealthstore.com\/wp-content\/uploads\/2020\/03\/leahlani-blue-tansy-100x100.jpg 100w, https:\/\/dutchhealthstore.com\/wp-content\/uploads\/2020\/03\/leahlani-blue-tansy-64x64.jpg 64w\" sizes=\"(max-width: 200px) 100vw, 200px\" \/><\/a><\/div>\n<div class=\"atlas-grotesk-regular-13 mb-3\">\n<p>Blue Tansy heeft sterk helende en regenererende eigenschappen en verzacht roodheid en ontstekingen, terwijl kapotte haarvaatjes worden gladgestreken en de stevigheid en elasticiteit van de huid worden verbeterd.<\/p>\n<div class=\"canela-light-18 font-italic my-3\"><strong>Rosehip Oil <\/strong><\/div>\n<div><a href=\"https:\/\/dutchhealthstore.com\/wp-content\/uploads\/2020\/03\/leahlani-rosehip-fruit.jpg\"><img decoding=\"async\" class=\"alignnone size-full wp-image-339722\" src=\"https:\/\/dutchhealthstore.com\/wp-content\/uploads\/2020\/03\/leahlani-rosehip-fruit.jpg\" alt=\"leahlani-rozijnen-fruit\" width=\"200\" height=\"200\" srcset=\"https:\/\/dutchhealthstore.com\/wp-content\/uploads\/2020\/03\/leahlani-rosehip-fruit.jpg 200w, https:\/\/dutchhealthstore.com\/wp-content\/uploads\/2020\/03\/leahlani-rosehip-fruit-50x50.jpg 50w, https:\/\/dutchhealthstore.com\/wp-content\/uploads\/2020\/03\/leahlani-rosehip-fruit-100x100.jpg 100w, https:\/\/dutchhealthstore.com\/wp-content\/uploads\/2020\/03\/leahlani-rosehip-fruit-64x64.jpg 64w\" sizes=\"(max-width: 200px) 100vw, 200px\" \/><\/a><\/div>\n<div class=\"atlas-grotesk-regular-13 mb-3\">\n<p>Dringt diep door om een egale teint te bevorderen, littekens te verminderen en de collageenproductie te stimuleren met een natuurlijke overvloed aan essenti\u00eble vetzuren, vitamine E &amp; C en B- caroteen.<\/p>\n<div class=\"canela-light-18 font-italic my-3\"><strong>Leahlani antioxidant cocktail  <\/strong><\/div>\n<div><a href=\"https:\/\/dutchhealthstore.com\/wp-content\/uploads\/2020\/02\/leahlani-antioxidant-cocktail.jpg\"><img loading=\"lazy\" decoding=\"async\" class=\"alignnone size-full wp-image-339899\" src=\"https:\/\/dutchhealthstore.com\/wp-content\/uploads\/2020\/02\/leahlani-antioxidant-cocktail.jpg\" alt=\"leahlani-antioxidant-cocktail\" width=\"200\" height=\"200\" srcset=\"https:\/\/dutchhealthstore.com\/wp-content\/uploads\/2020\/02\/leahlani-antioxidant-cocktail.jpg 200w, https:\/\/dutchhealthstore.com\/wp-content\/uploads\/2020\/02\/leahlani-antioxidant-cocktail-50x50.jpg 50w, https:\/\/dutchhealthstore.com\/wp-content\/uploads\/2020\/02\/leahlani-antioxidant-cocktail-100x100.jpg 100w, https:\/\/dutchhealthstore.com\/wp-content\/uploads\/2020\/02\/leahlani-antioxidant-cocktail-64x64.jpg 64w\" sizes=\"(max-width: 200px) 100vw, 200px\" \/><\/a><\/div>\n<div class=\"atlas-grotesk-regular-13 mb-3\">\n<p>Ons handelsmerk: roodheid verminderend, ontstekingskalmerend, tonifi\u00ebrend elixer van lavendel, kamille, roosgeranium, calendula en organische theeoli\u00ebn.<\/p>\n<div class=\"canela-light-18 font-italic my-3\"><strong>Chardonnay Grapeseed Oil <\/strong><\/div>\n<div><a href=\"https:\/\/dutchhealthstore.com\/wp-content\/uploads\/2020\/02\/leahlani-chardonnay-grapeseed-oil.jpg\"><img loading=\"lazy\" decoding=\"async\" class=\"alignnone size-full wp-image-339903\" src=\"https:\/\/dutchhealthstore.com\/wp-content\/uploads\/2020\/02\/leahlani-chardonnay-grapeseed-oil.jpg\" alt=\"leahlani-chardonnay-grapeseed-oil\" width=\"200\" height=\"200\" srcset=\"https:\/\/dutchhealthstore.com\/wp-content\/uploads\/2020\/02\/leahlani-chardonnay-grapeseed-oil.jpg 200w, https:\/\/dutchhealthstore.com\/wp-content\/uploads\/2020\/02\/leahlani-chardonnay-grapeseed-oil-50x50.jpg 50w, https:\/\/dutchhealthstore.com\/wp-content\/uploads\/2020\/02\/leahlani-chardonnay-grapeseed-oil-100x100.jpg 100w, https:\/\/dutchhealthstore.com\/wp-content\/uploads\/2020\/02\/leahlani-chardonnay-grapeseed-oil-64x64.jpg 64w\" sizes=\"(max-width: 200px) 100vw, 200px\" \/><\/a><\/div>\n<div class=\"atlas-grotesk-regular-13 mb-3\">\n<p>Deze adstringerende olie, die antioxidant en ontstekingsremmend werkt en rijk is aan linoleenzuur, verstrakt en hydrateert en brengt de natuurlijke olieproductie van de huid in balans.<\/p>\n<\/div>\n<\/div>\n<\/div>\n<\/div>\n<h2><strong>Volledige ingredi\u00ebntenlijst<\/strong><\/h2>\n<p>*Vitis Vinifera (Druivenpit en Chardonnay Druivenpit) Olie, *Rosa Canina (Rozenbottel) Bloem Olie, *Simmondsia Chinensis (Jojoba) Zaad Olie, *Helianthus Annus (Zonnebloem) Zaad Olie, *Lavandula Angustifolia (Lavendel) Olie, Tocopherol, *Citrus Nobilis Schil (Oranje Mandarijn) Schil Olie, Calendula officinalis (Calendula) bloemextract, Camellia Sinensis (groene en witte thee) blad extract, Anthemis Nobilis (Kamille) bloem olie, **Tanacetum Annum (Tansy) bloem olie, Aspalathus Linearis (Rooibos thee) extract, Pelargonium Graveolens (Rose Geranium) olie.<\/p>\n<p>*biologisch **wildcrafted<\/p>\n\n\t\t<div class=\"tabbed-content\">\n\t\t\t<h4 class=\"uppercase text-left\">More about Leahlani Skincare<\/h4>\n\t\t\t<ul class=\"nav nav-tabs nav-vertical nav-uppercase nav-size-normal nav-left\" role=\"tablist\"><li id=\"tab-ons-verhaal\" class=\"tab active has-icon\" role=\"presentation\"><a href=\"#tab_ons-verhaal\" role=\"tab\" aria-selected=\"true\" aria-controls=\"tab_ons-verhaal\"><span>ons verhaal<\/span><\/a><\/li>\n<li id=\"tab-onze-studio\" class=\"tab has-icon\" role=\"presentation\"><a href=\"#tab_onze-studio\" tabindex=\"-1\" role=\"tab\" aria-selected=\"false\" aria-controls=\"tab_onze-studio\"><span>onze studio<\/span><\/a><\/li><\/ul><div class=\"tab-panels\"><div id=\"tab_ons-verhaal\" class=\"panel active entry-content\" role=\"tabpanel\" aria-labelledby=\"tab-ons-verhaal\">\n\n<div class=\"row align-middle\"  id=\"row-2043656411\">\n\n\n\t<div id=\"col-15492984\" class=\"col medium-4 small-12 large-4\"  >\n\t\t\t\t<div class=\"col-inner\"  >\n\t\t\t\n\t\t\t\n\n\t<div class=\"img has-hover x md-x lg-x y md-y lg-y\" id=\"image_488707325\">\n\t\t\t\t\t\t\t\t<div class=\"img-inner dark\" >\n\t\t\t<img loading=\"lazy\" decoding=\"async\" width=\"360\" height=\"360\" src=\"https:\/\/dutchhealthstore.com\/wp-content\/uploads\/2020\/06\/Leahlani.jpg\" class=\"attachment-large size-large\" alt=\"\" srcset=\"https:\/\/dutchhealthstore.com\/wp-content\/uploads\/2020\/06\/Leahlani.jpg 360w, https:\/\/dutchhealthstore.com\/wp-content\/uploads\/2020\/06\/Leahlani-100x100.jpg 100w, https:\/\/dutchhealthstore.com\/wp-content\/uploads\/2020\/06\/Leahlani-280x280.jpg 280w, https:\/\/dutchhealthstore.com\/wp-content\/uploads\/2020\/06\/Leahlani-150x150.jpg 150w, https:\/\/dutchhealthstore.com\/wp-content\/uploads\/2020\/06\/Leahlani-32x32.jpg 32w\" sizes=\"(max-width: 360px) 100vw, 360px\" \/>\t\t\t\t\t\t\n\t\t\t\t\t<\/div>\n\t\t\t\t\t\t\t\t\n<style>\n#image_488707325 {\n  width: 100%;\n}\n<\/style>\n\t<\/div>\n\t\n\n\n\t\t<\/div>\n\t\t\t\t\t<\/div>\n\n\t\n\n\t<div id=\"col-1675697107\" class=\"col medium-8 small-12 large-8\"  >\n\t\t\t\t<div class=\"col-inner\"  >\n\t\t\t\n\t\t\t\n\n<p> <\/p>\n<p>Mijn naam is Leah.<\/p>\n<p>Ik ben de oprichter en samensteller van Leahlani Skincare, een gecertificeerde gespecialiseerde huidverzorgingsdeskundige, een tweevoudig gecertificeerde estheticus en een plantkundig alchemist.<\/p>\n<p><span data-preserver-spaces=\"true\"> <i style=\"font-weight: bold;\"><a href=\"\/?p=108294\">Klik hier om meer te lezen<\/a><\/i><\/span><i style=\"font-weight: bold;\"><\/i><i style=\"font-weight: bold;\"><\/i><\/p>\n<p> <\/p>\n\n\t\t<\/div>\n\t\t\t\t\n<style>\n#col-1675697107 > .col-inner {\n  padding: 6px 0px 0px 0px;\n}\n<\/style>\n\t<\/div>\n\n\t\n\n<\/div>\n\n<\/div>\n<div id=\"tab_onze-studio\" class=\"panel entry-content\" role=\"tabpanel\" aria-labelledby=\"tab-onze-studio\">\n\n<div class=\"row\"  id=\"row-1132362284\">\n\n\n\t<div id=\"col-1992435560\" class=\"col medium-9 small-12 large-9\"  >\n\t\t\t\t<div class=\"col-inner\"  >\n\t\t\t\n\t\t\t\n\n<div class=\"container section-title-container\" ><h3 class=\"section-title section-title-normal\"><b><\/b><span class=\"section-title-main\" >Onze studio<\/span><b><\/b><\/h3><\/div>\n\n<div class=\"video video-fit mb\" style=\"padding-top:56.25%;\"><p><iframe title=\"Leahlani | The Making of Honey Love\" src=\"https:\/\/player.vimeo.com\/video\/279942043?dnt=1&amp;app_id=122963\" width=\"1020\" height=\"574\" frameborder=\"0\" allow=\"autoplay; fullscreen\" allowfullscreen><\/iframe><\/p>\n<\/div>\n\n\n\t\t<\/div>\n\t\t\t\t\t<\/div>\n\n\t\n\n\n<style>\n#row-1132362284 > .col > .col-inner {\n  padding: 19px 0px 0px 0px;\n}\n<\/style>\n<\/div>\n\n<\/div><\/div><\/div>\n<h3><\/h3>\n","protected":false},"excerpt":{"rendered":"<p>Harmoniseren &#8211; Balans &#8211; Kalmeren<br \/>\n<em><span data-preserver-spaces=\"true\">kalmerend en balancerend serum <\/span><\/em><\/p>\n<p>Happy hour voor je huid begint nu!<br \/>\nNieuwe naam, zelfde prachtige effectieve formule. Eerder Champagne serum.<\/p>\n<p>Ons <strong>Happy Hour Serum<\/strong> is al lange tijd een essentieel onderdeel van de Leahlani skincare en een van onze favoriete schoonheidsmiddelen om roodheid en ontstekingen tegen te gaan.<br \/>\nHaar lichtgevende cocktail van voedende chardonnay druivenpitolie en krachtige thee-antioxidanten zal in harmonie werken om uw kostbare huid in balans te brengen, zodat u een bedauwde, rustige en soepele teint krijgt.<br \/>\nVerrijkt met een delicaat mengsel van essenti\u00eble oli\u00ebn van blauwe tansia, Franse lavendel, kamille en roosgeranium, is slechts \u00e9\u00e9n pompje voldoende om uw huid terug te brengen naar haar gelukkige plek.<\/p>\n","protected":false},"featured_media":313456,"comment_status":"open","ping_status":"closed","template":"","meta":[],"product_brand":[],"product_cat":[14731,1029,5693,5621,5696,5617,5729,1006,5777,5005,5742,5730,5778,5731,5697,5700,5692,510],"product_tag":[6156,9602,3799,4808],"class_list":{"0":"post-100728","1":"product","2":"type-product","3":"status-publish","4":"has-post-thumbnail","6":"product_cat-huidverzorging","7":"product_cat-categorieen","8":"product_cat-dry-mature-ageing-skin-nl-5","9":"product_cat-dry-mature-ageing-skin-nl-4","10":"product_cat-sensitive-skin-redness-nl-5","11":"product_cat-sensitive-skin-redness-nl","12":"product_cat-leahlani-skincare-nl","13":"product_cat-merken","14":"product_cat-normal-dry-nl","15":"product_cat-by-skin-type","16":"product_cat-by-skin-type-nl-3","17":"product_cat-products-nl-2","18":"product_cat-sensitive-mature-nl","19":"product_cat-serums-nl-7","20":"product_cat-serums-nl","21":"product_cat-serums-nl-4","22":"product_cat-serums-nl-9","23":"product_cat-shop-winkel","24":"product_tag-face-care-nl","25":"product_tag-hydrating-nl","26":"product_tag-serum-nl","27":"product_tag-skin-nl","28":"pa_brand-leahlani-skincare-nl","29":"pa_gtin-705632361474-nl","30":"pa_size-30-ml-nl","31":"pa_skincare-type-face-oil-and-serums-nl","32":"pa_skintype-dry-mature-ageing-skin-nl","33":"pa_skintype-sensitive-skin-redness-nl","35":"first","36":"instock","37":"taxable","38":"shipping-taxable","39":"purchasable","40":"product-type-simple"},"bundled_by":[],"bundle_stock_status":"instock","bundle_stock_quantity":1,"bundle_virtual":false,"bundle_layout":"","bundle_add_to_cart_form_location":"","bundle_editable_in_cart":false,"bundle_sold_individually_context":"","bundle_item_grouping":"","bundle_min_size":"","bundle_max_size":"","bundle_price":[],"bundled_items":[],"bundle_sell_ids":[107424],"atum_controlled":true,"out_stock_date":null,"out_stock_threshold":null,"inheritable":false,"stock_on_hold":0,"sold_today":0,"sales_last_days":0,"out_stock_days":0,"lost_sales":0,"update_date":"2026-03-30T14:00:00","atum_locations":[],"atum_stock_status":"instock","restock_status":false,"low_stock_amount":"","sales_update_date":"2026-03-30T14:00:00","calc_backorders":null,"group_of_quantity":0,"min_quantity":0,"max_quantity":"","exclude_order_quantity_value_rules":"no","exclude_category_quantity_rules":"no","combine_variations":"no","yoast_head":"<!-- This site is optimized with the Yoast SEO Premium plugin v26.5 (Yoast SEO v26.5) - https:\/\/yoast.com\/wordpress\/plugins\/seo\/ -->\n<title>Happy Hour Balancing Serum | Leahlani Skincare<\/title>\n<meta name=\"description\" content=\"Ons Happy Hour Serum is al lange tijd een essentieel onderdeel van de Leahlani skincare en een van onze favoriete schoonheidsmiddelen om roodheid en ontstekingen tegen te gaan.\" \/>\n<meta name=\"robots\" content=\"index, follow, max-snippet:-1, max-image-preview:large, max-video-preview:-1\" \/>\n<link rel=\"canonical\" href=\"https:\/\/dutchhealthstore.com\/nl\/product\/happy-hour-balancing-serum\/\" \/>\n<meta property=\"og:locale\" content=\"nl_NL\" \/>\n<meta property=\"og:type\" content=\"article\" \/>\n<meta property=\"og:title\" content=\"Happy Hour Balancing Serum - Dutch Health Store\" \/>\n<meta property=\"og:description\" content=\"Ons Happy Hour Serum is al lange tijd een essentieel onderdeel van de Leahlani skincare en een van onze favoriete schoonheidsmiddelen om roodheid en ontstekingen tegen te gaan.\" \/>\n<meta property=\"og:url\" content=\"https:\/\/dutchhealthstore.com\/nl\/product\/happy-hour-balancing-serum\/\" \/>\n<meta property=\"og:site_name\" content=\"Dutch Health Store\" \/>\n<meta property=\"article:publisher\" content=\"https:\/\/www.instagram.com\/dutchhealthstore\/\" \/>\n<meta property=\"article:modified_time\" content=\"2026-02-09T11:32:01+00:00\" \/>\n<meta property=\"og:image\" content=\"https:\/\/dutchhealthstore.com\/wp-content\/uploads\/2020\/03\/leahlani_0000s_0012_happy-hour-balancing-2.jpg\" \/>\n\t<meta property=\"og:image:width\" content=\"530\" \/>\n\t<meta property=\"og:image:height\" content=\"530\" \/>\n\t<meta property=\"og:image:type\" content=\"image\/jpeg\" \/>\n<meta name=\"twitter:card\" content=\"summary_large_image\" \/>\n<meta name=\"twitter:label1\" content=\"Prijs\" \/>\n\t<meta name=\"twitter:data1\" content=\"&euro;42,00\" \/>\n\t<meta name=\"twitter:label2\" content=\"Beschikbaarheid\" \/>\n\t<meta name=\"twitter:data2\" content=\"Op voorraad\" \/>\n<script type=\"application\/ld+json\" class=\"yoast-schema-graph\">{\"@context\":\"https:\/\/schema.org\",\"@graph\":[{\"@type\":\"WebPage\",\"@id\":\"https:\/\/dutchhealthstore.com\/nl\/product\/happy-hour-balancing-serum\/\",\"url\":\"https:\/\/dutchhealthstore.com\/nl\/product\/happy-hour-balancing-serum\/\",\"name\":\"Happy Hour Balancing Serum | Leahlani Skincare\",\"isPartOf\":{\"@id\":\"https:\/\/dutchhealthstore.com\/nl\/#website\"},\"primaryImageOfPage\":{\"@id\":\"https:\/\/dutchhealthstore.com\/nl\/product\/happy-hour-balancing-serum\/#primaryimage\"},\"image\":{\"@id\":\"https:\/\/dutchhealthstore.com\/nl\/product\/happy-hour-balancing-serum\/#primaryimage\"},\"thumbnailUrl\":\"https:\/\/dutchhealthstore.com\/wp-content\/uploads\/2020\/03\/leahlani_0000s_0012_happy-hour-balancing-2.jpg\",\"datePublished\":\"2020-02-28T10:43:49+00:00\",\"dateModified\":\"2026-02-09T11:32:01+00:00\",\"description\":\"Ons Happy Hour Serum is al lange tijd een essentieel onderdeel van de Leahlani skincare en een van onze favoriete schoonheidsmiddelen om roodheid en ontstekingen tegen te gaan.\",\"breadcrumb\":{\"@id\":\"https:\/\/dutchhealthstore.com\/nl\/product\/happy-hour-balancing-serum\/#breadcrumb\"},\"inLanguage\":\"nl-NL\",\"potentialAction\":[{\"@type\":\"ReadAction\",\"target\":[\"https:\/\/dutchhealthstore.com\/nl\/product\/happy-hour-balancing-serum\/\"]}]},{\"@type\":\"ImageObject\",\"inLanguage\":\"nl-NL\",\"@id\":\"https:\/\/dutchhealthstore.com\/nl\/product\/happy-hour-balancing-serum\/#primaryimage\",\"url\":\"https:\/\/dutchhealthstore.com\/wp-content\/uploads\/2020\/03\/leahlani_0000s_0012_happy-hour-balancing-2.jpg\",\"contentUrl\":\"https:\/\/dutchhealthstore.com\/wp-content\/uploads\/2020\/03\/leahlani_0000s_0012_happy-hour-balancing-2.jpg\",\"width\":530,\"height\":530},{\"@type\":\"BreadcrumbList\",\"@id\":\"https:\/\/dutchhealthstore.com\/nl\/product\/happy-hour-balancing-serum\/#breadcrumb\",\"itemListElement\":[{\"@type\":\"ListItem\",\"position\":1,\"name\":\"Home\",\"item\":\"https:\/\/dutchhealthstore.com\/nl\/\"},{\"@type\":\"ListItem\",\"position\":2,\"name\":\"Shop\",\"item\":\"https:\/\/dutchhealthstore.com\/nl\/shop\/\"},{\"@type\":\"ListItem\",\"position\":3,\"name\":\"Happy Hour Balancing Serum\"}]},{\"@type\":\"WebSite\",\"@id\":\"https:\/\/dutchhealthstore.com\/nl\/#website\",\"url\":\"https:\/\/dutchhealthstore.com\/nl\/\",\"name\":\"Dutch Health Store\",\"description\":\"Enhance Your Beauty with Organic &amp; Natural Skincare\",\"publisher\":{\"@id\":\"https:\/\/dutchhealthstore.com\/nl\/#organization\"},\"potentialAction\":[{\"@type\":\"SearchAction\",\"target\":{\"@type\":\"EntryPoint\",\"urlTemplate\":\"https:\/\/dutchhealthstore.com\/nl\/?s={search_term_string}\"},\"query-input\":{\"@type\":\"PropertyValueSpecification\",\"valueRequired\":true,\"valueName\":\"search_term_string\"}}],\"inLanguage\":\"nl-NL\"},{\"@type\":\"Organization\",\"@id\":\"https:\/\/dutchhealthstore.com\/nl\/#organization\",\"name\":\"Dutch Health Store\",\"url\":\"https:\/\/dutchhealthstore.com\/nl\/\",\"logo\":{\"@type\":\"ImageObject\",\"inLanguage\":\"nl-NL\",\"@id\":\"https:\/\/dutchhealthstore.com\/nl\/#\/schema\/logo\/image\/\",\"url\":\"https:\/\/dutchhealthstore.com\/wp-content\/uploads\/2020\/08\/logo-dutchhealthstore-jpg-e1599484957574.jpg\",\"contentUrl\":\"https:\/\/dutchhealthstore.com\/wp-content\/uploads\/2020\/08\/logo-dutchhealthstore-jpg-e1599484957574.jpg\",\"width\":400,\"height\":62,\"caption\":\"Dutch Health Store\"},\"image\":{\"@id\":\"https:\/\/dutchhealthstore.com\/nl\/#\/schema\/logo\/image\/\"},\"sameAs\":[\"https:\/\/www.instagram.com\/dutchhealthstore\/\",\"https:\/\/www.facebook.com\/dutchhealthstore\"]}]}<\/script>\n<meta property=\"product:brand\" content=\"Leahlani Skincare\" \/>\n<meta property=\"product:price:amount\" content=\"42.00\" \/>\n<meta property=\"product:price:currency\" content=\"EUR\" \/>\n<meta property=\"og:availability\" content=\"instock\" \/>\n<meta property=\"product:availability\" content=\"instock\" \/>\n<meta property=\"product:condition\" content=\"new\" \/>\n<!-- \/ Yoast SEO Premium plugin. -->","yoast_head_json":{"title":"Happy Hour Balancing Serum | Leahlani Skincare","description":"Ons Happy Hour Serum is al lange tijd een essentieel onderdeel van de Leahlani skincare en een van onze favoriete schoonheidsmiddelen om roodheid en ontstekingen tegen te gaan.","robots":{"index":"index","follow":"follow","max-snippet":"max-snippet:-1","max-image-preview":"max-image-preview:large","max-video-preview":"max-video-preview:-1"},"canonical":"https:\/\/dutchhealthstore.com\/nl\/product\/happy-hour-balancing-serum\/","og_locale":"nl_NL","og_type":"article","og_title":"Happy Hour Balancing Serum - Dutch Health Store","og_description":"Ons Happy Hour Serum is al lange tijd een essentieel onderdeel van de Leahlani skincare en een van onze favoriete schoonheidsmiddelen om roodheid en ontstekingen tegen te gaan.","og_url":"https:\/\/dutchhealthstore.com\/nl\/product\/happy-hour-balancing-serum\/","og_site_name":"Dutch Health Store","article_publisher":"https:\/\/www.instagram.com\/dutchhealthstore\/","article_modified_time":"2026-02-09T11:32:01+00:00","og_image":[{"width":530,"height":530,"url":"https:\/\/dutchhealthstore.com\/wp-content\/uploads\/2020\/03\/leahlani_0000s_0012_happy-hour-balancing-2.jpg","type":"image\/jpeg"}],"twitter_card":"summary_large_image","twitter_misc":{"Prijs":"&euro;42,00","Beschikbaarheid":"Op voorraad"},"schema":{"@context":"https:\/\/schema.org","@graph":[{"@type":"WebPage","@id":"https:\/\/dutchhealthstore.com\/nl\/product\/happy-hour-balancing-serum\/","url":"https:\/\/dutchhealthstore.com\/nl\/product\/happy-hour-balancing-serum\/","name":"Happy Hour Balancing Serum | Leahlani Skincare","isPartOf":{"@id":"https:\/\/dutchhealthstore.com\/nl\/#website"},"primaryImageOfPage":{"@id":"https:\/\/dutchhealthstore.com\/nl\/product\/happy-hour-balancing-serum\/#primaryimage"},"image":{"@id":"https:\/\/dutchhealthstore.com\/nl\/product\/happy-hour-balancing-serum\/#primaryimage"},"thumbnailUrl":"https:\/\/dutchhealthstore.com\/wp-content\/uploads\/2020\/03\/leahlani_0000s_0012_happy-hour-balancing-2.jpg","datePublished":"2020-02-28T10:43:49+00:00","dateModified":"2026-02-09T11:32:01+00:00","description":"Ons Happy Hour Serum is al lange tijd een essentieel onderdeel van de Leahlani skincare en een van onze favoriete schoonheidsmiddelen om roodheid en ontstekingen tegen te gaan.","breadcrumb":{"@id":"https:\/\/dutchhealthstore.com\/nl\/product\/happy-hour-balancing-serum\/#breadcrumb"},"inLanguage":"nl-NL","potentialAction":[{"@type":"ReadAction","target":["https:\/\/dutchhealthstore.com\/nl\/product\/happy-hour-balancing-serum\/"]}]},{"@type":"ImageObject","inLanguage":"nl-NL","@id":"https:\/\/dutchhealthstore.com\/nl\/product\/happy-hour-balancing-serum\/#primaryimage","url":"https:\/\/dutchhealthstore.com\/wp-content\/uploads\/2020\/03\/leahlani_0000s_0012_happy-hour-balancing-2.jpg","contentUrl":"https:\/\/dutchhealthstore.com\/wp-content\/uploads\/2020\/03\/leahlani_0000s_0012_happy-hour-balancing-2.jpg","width":530,"height":530},{"@type":"BreadcrumbList","@id":"https:\/\/dutchhealthstore.com\/nl\/product\/happy-hour-balancing-serum\/#breadcrumb","itemListElement":[{"@type":"ListItem","position":1,"name":"Home","item":"https:\/\/dutchhealthstore.com\/nl\/"},{"@type":"ListItem","position":2,"name":"Shop","item":"https:\/\/dutchhealthstore.com\/nl\/shop\/"},{"@type":"ListItem","position":3,"name":"Happy Hour Balancing Serum"}]},{"@type":"WebSite","@id":"https:\/\/dutchhealthstore.com\/nl\/#website","url":"https:\/\/dutchhealthstore.com\/nl\/","name":"Dutch Health Store","description":"Enhance Your Beauty with Organic &amp; Natural Skincare","publisher":{"@id":"https:\/\/dutchhealthstore.com\/nl\/#organization"},"potentialAction":[{"@type":"SearchAction","target":{"@type":"EntryPoint","urlTemplate":"https:\/\/dutchhealthstore.com\/nl\/?s={search_term_string}"},"query-input":{"@type":"PropertyValueSpecification","valueRequired":true,"valueName":"search_term_string"}}],"inLanguage":"nl-NL"},{"@type":"Organization","@id":"https:\/\/dutchhealthstore.com\/nl\/#organization","name":"Dutch Health Store","url":"https:\/\/dutchhealthstore.com\/nl\/","logo":{"@type":"ImageObject","inLanguage":"nl-NL","@id":"https:\/\/dutchhealthstore.com\/nl\/#\/schema\/logo\/image\/","url":"https:\/\/dutchhealthstore.com\/wp-content\/uploads\/2020\/08\/logo-dutchhealthstore-jpg-e1599484957574.jpg","contentUrl":"https:\/\/dutchhealthstore.com\/wp-content\/uploads\/2020\/08\/logo-dutchhealthstore-jpg-e1599484957574.jpg","width":400,"height":62,"caption":"Dutch Health Store"},"image":{"@id":"https:\/\/dutchhealthstore.com\/nl\/#\/schema\/logo\/image\/"},"sameAs":["https:\/\/www.instagram.com\/dutchhealthstore\/","https:\/\/www.facebook.com\/dutchhealthstore"]}]},"product_brand":"Leahlani Skincare","product_price_amount":"42.00","product_price_currency":"EUR","og_availability":"instock","product_availability":"instock","product_condition":"new"},"_links":{"self":[{"href":"https:\/\/dutchhealthstore.com\/nl\/wp-json\/wp\/v2\/product\/100728","targetHints":{"allow":["GET"]}}],"collection":[{"href":"https:\/\/dutchhealthstore.com\/nl\/wp-json\/wp\/v2\/product"}],"about":[{"href":"https:\/\/dutchhealthstore.com\/nl\/wp-json\/wp\/v2\/types\/product"}],"replies":[{"embeddable":true,"href":"https:\/\/dutchhealthstore.com\/nl\/wp-json\/wp\/v2\/comments?post=100728"}],"wp:featuredmedia":[{"embeddable":true,"href":"https:\/\/dutchhealthstore.com\/nl\/wp-json\/wp\/v2\/media\/313456"}],"wp:attachment":[{"href":"https:\/\/dutchhealthstore.com\/nl\/wp-json\/wp\/v2\/media?parent=100728"}],"wp:term":[{"taxonomy":"product_brand","embeddable":true,"href":"https:\/\/dutchhealthstore.com\/nl\/wp-json\/wp\/v2\/product_brand?post=100728"},{"taxonomy":"product_cat","embeddable":true,"href":"https:\/\/dutchhealthstore.com\/nl\/wp-json\/wp\/v2\/product_cat?post=100728"},{"taxonomy":"product_tag","embeddable":true,"href":"https:\/\/dutchhealthstore.com\/nl\/wp-json\/wp\/v2\/product_tag?post=100728"}],"curies":[{"name":"wp","href":"https:\/\/api.w.org\/{rel}","templated":true}]}}