{"id":100685,"date":"2020-03-02T17:52:35","date_gmt":"2020-03-02T16:52:35","guid":{"rendered":"https:\/\/dutchhealthstore.com\/product\/honey-love-microderm-exfoliator\/"},"modified":"2026-04-05T21:33:39","modified_gmt":"2026-04-05T19:33:39","slug":"honey-love-microderm-exfoliator","status":"publish","type":"product","link":"https:\/\/dutchhealthstore.com\/nl\/product\/honey-love-microderm-exfoliator\/","title":{"rendered":"Honey Love Microderm Exfoliator"},"content":{"rendered":"<h3><em>Exfoli\u00ebren, transformeren en polijsten<\/em><\/h3>\n<h3>Geurprofiel<\/h3>\n<p>De honingliefde ruikt naar zoete honing, wrange hibiscusbloem en lavendelbloesem.<\/p>\n<h3>Huidtype<\/h3>\n<p>De Honey Love werkt prachtig op alle huidtypes, maar is vooral gunstig voor de vette, combo, en acne-gevoelige huid.<\/p>\n<h3>Voordelen<\/h3>\n<p>-Uitstekende, controleerbare peeling voor de verstopte huid.<\/p>\n<p>-Egaliseert en zuivert om puistjes tegen te gaan<\/p>\n<p>-Bolvormige microdermabrasiekristallen voorkomen scheuren en irritatie.<\/p>\n<p>-Verzacht en verbetert de algemene textuur van de huid.<\/p>\n<p>-Reinigt diep zonder de huid uit te drogen<\/p>\n<p><strong>Grootte: 50 ml en 118 ml<\/strong><\/p>\n<h3>Hoe te gebruiken<\/h3>\n<p>Begin met een fris gereinigd gezicht. Roer goed om de kristallen op de bodem van de pot te activeren. Masseer 1\/2 &#8211; 1 theelepel honingliefde in vochtige huid met zachte, ronddraaiende bewegingen. Voor een optimaal resultaat 3-5 minuten wachten alvorens goed af te spoelen met warm water.<\/p>\n<p><img fetchpriority=\"high\" decoding=\"async\" class=\"alignnone size-medium\" src=\"https:\/\/www.leahlaniskincare.com\/cdn\/shop\/files\/honey-love_1400x.gif?v=1614308336\" width=\"640\" height=\"456\"><\/p>\n<h3 class=\"yikes-custom-woo-tab-title yikes-custom-woo-tab-title-organic-ingredients\">Organische Ingredi\u00ebnten<\/h3>\n<div class=\"canela-light-18 font-italic my-3\"><strong>Hawaiiaanse rauwe honing  <\/strong><\/div>\n<div><a href=\"https:\/\/dutchhealthstore.com\/wp-content\/uploads\/2020\/03\/leahlani-hawaiian-raw-honey-1.jpg\"><img decoding=\"async\" class=\"alignnone size-full wp-image-339710\" src=\"https:\/\/dutchhealthstore.com\/wp-content\/uploads\/2020\/03\/leahlani-hawaiian-raw-honey-1.jpg\" alt=\"leahlani-hawaiian-raw-honey\" width=\"200\" height=\"200\" srcset=\"https:\/\/dutchhealthstore.com\/wp-content\/uploads\/2020\/03\/leahlani-hawaiian-raw-honey-1.jpg 200w, https:\/\/dutchhealthstore.com\/wp-content\/uploads\/2020\/03\/leahlani-hawaiian-raw-honey-1-50x50.jpg 50w, https:\/\/dutchhealthstore.com\/wp-content\/uploads\/2020\/03\/leahlani-hawaiian-raw-honey-1-100x100.jpg 100w, https:\/\/dutchhealthstore.com\/wp-content\/uploads\/2020\/03\/leahlani-hawaiian-raw-honey-1-64x64.jpg 64w\" sizes=\"(max-width: 200px) 100vw, 200px\" \/><\/a><\/div>\n<div class=\"atlas-grotesk-regular-13 mb-3\">\n<p>Reinigt de teint, bestrijdt acne en lost bacteri\u00ebn op met zijn natuurlijke antiseptische en antimicrobi\u00eble eigenschappen, en trekt vocht naar de huid.<\/p>\n<div class=\"canela-light-18 font-italic my-3\"><strong>Korund Kristallen  <\/strong><\/div>\n<div><a href=\"https:\/\/dutchhealthstore.com\/wp-content\/uploads\/2020\/03\/leahlani-corundum-crystals.jpg\"><img decoding=\"async\" class=\"alignnone size-full wp-image-339852\" src=\"https:\/\/dutchhealthstore.com\/wp-content\/uploads\/2020\/03\/leahlani-corundum-crystals.jpg\" alt=\"leahlani-corundum-kristallen\" width=\"200\" height=\"200\" srcset=\"https:\/\/dutchhealthstore.com\/wp-content\/uploads\/2020\/03\/leahlani-corundum-crystals.jpg 200w, https:\/\/dutchhealthstore.com\/wp-content\/uploads\/2020\/03\/leahlani-corundum-crystals-50x50.jpg 50w, https:\/\/dutchhealthstore.com\/wp-content\/uploads\/2020\/03\/leahlani-corundum-crystals-100x100.jpg 100w, https:\/\/dutchhealthstore.com\/wp-content\/uploads\/2020\/03\/leahlani-corundum-crystals-64x64.jpg 64w\" sizes=\"(max-width: 200px) 100vw, 200px\" \/><\/a><\/div>\n<div class=\"atlas-grotesk-regular-13 mb-3\">\n<p>Deze antibacteri\u00eble microdermabrasiekristallen in poedervorm zijn gemaakt van het op \u00e9\u00e9n na hardste mineraal dat de wetenschap kent en exfoli\u00ebren zachtjes zonder de huid te irriteren.<\/p>\n<div class=\"canela-light-18 font-italic my-3\"><strong>Nonivrucht  <\/strong><\/div>\n<div><a href=\"https:\/\/dutchhealthstore.com\/wp-content\/uploads\/2020\/03\/leahlani-noni-fruit.jpg\"><img loading=\"lazy\" decoding=\"async\" class=\"alignnone size-full wp-image-339856\" src=\"https:\/\/dutchhealthstore.com\/wp-content\/uploads\/2020\/03\/leahlani-noni-fruit.jpg\" alt=\"leahlani-noni-fruit\" width=\"200\" height=\"200\" srcset=\"https:\/\/dutchhealthstore.com\/wp-content\/uploads\/2020\/03\/leahlani-noni-fruit.jpg 200w, https:\/\/dutchhealthstore.com\/wp-content\/uploads\/2020\/03\/leahlani-noni-fruit-50x50.jpg 50w, https:\/\/dutchhealthstore.com\/wp-content\/uploads\/2020\/03\/leahlani-noni-fruit-100x100.jpg 100w, https:\/\/dutchhealthstore.com\/wp-content\/uploads\/2020\/03\/leahlani-noni-fruit-64x64.jpg 64w\" sizes=\"(max-width: 200px) 100vw, 200px\" \/><\/a><\/div>\n<div class=\"atlas-grotesk-regular-13 mb-3\">\n<p>Een natuurlijk verzachtend middel met ontstekingsremmende eigenschappen en hoge concentraties cruciale vitaminen en mineralen die de huid gladmaken en verjongen.<\/p>\n<div class=\"canela-light-18 font-italic my-3\"><strong>Roselle Hibiscusbloemen  <\/strong><\/div>\n<div><a href=\"https:\/\/dutchhealthstore.com\/wp-content\/uploads\/2020\/03\/leahlani-roselle-hibiscus-flower.jpg\"><img loading=\"lazy\" decoding=\"async\" class=\"alignnone size-full wp-image-339810\" src=\"https:\/\/dutchhealthstore.com\/wp-content\/uploads\/2020\/03\/leahlani-roselle-hibiscus-flower.jpg\" alt=\"leahlani-roselle-hibiscus-bloem\" width=\"200\" height=\"200\" srcset=\"https:\/\/dutchhealthstore.com\/wp-content\/uploads\/2020\/03\/leahlani-roselle-hibiscus-flower.jpg 200w, https:\/\/dutchhealthstore.com\/wp-content\/uploads\/2020\/03\/leahlani-roselle-hibiscus-flower-50x50.jpg 50w, https:\/\/dutchhealthstore.com\/wp-content\/uploads\/2020\/03\/leahlani-roselle-hibiscus-flower-100x100.jpg 100w, https:\/\/dutchhealthstore.com\/wp-content\/uploads\/2020\/03\/leahlani-roselle-hibiscus-flower-64x64.jpg 64w\" sizes=\"(max-width: 200px) 100vw, 200px\" \/><\/a><\/div>\n<div class=\"atlas-grotesk-regular-13 mb-3\">\n<p>Deze AHA-rijke samentrekkende bloem, die ook wel de &#8220;botoxplant&#8221; wordt genoemd vanwege haar verstevigende en liftende eigenschappen, versnelt de celvernieuwing, versterkt de elasticiteit en hydrateert.<\/p>\n<h2><strong>Volledige ingredi\u00ebntenlijst<\/strong><\/h2>\n<\/div>\n<\/div>\n<\/div>\n<\/div>\n<div class=\"ingredients\">\n<div id=\"modal-d6eb1b93-020a-4d3d-bc13-958576cae6c0\" class=\"modal fade show\" role=\"dialog\" aria-modal=\"true\">\n<div class=\"modal-dialog modal-dialog-centered modal-dialog-scrollable\">\n<div class=\"modal-content bg-transparent border-0\">\n<div class=\"modal-body\">\n<div class=\"atlas-grotesk-regular-11 text-uppercase text-center mb-4\">\n<p>*Honing (Hawaiian Raw), Alumina (Korundkristallen), *Glycerine (Plantaardig), *Chamomilla Recutita (Matricaria) Bloempoeder, *Lavandula Angustifolia (Lavendel) Bloempoeder, Klei (Roos), Kaolien (Klei), *Hibiscus Rosa-Sinensis Bloempoeder, **Aristotelia Chilensis (Maqui) Vrucht, **Morinda Citrifolia (Noni)-vrucht, Citrus Sinensis (Zoete Sinaasappel)-schilolie, Leuconostoc Ferment Filtraat, Aqua, *Lavandula Angustifolia (Lavendel)-olie, Hibiscus Rosa-Sinensis-bloem, Helianthus Annuus-zaadolie, Anthemis Nobilis (Kamille)-bloemolie, **Tanacetum annuum (Tansy)-etherische olie.<br \/>\n*biologisch **wildcrafted<\/p>\n<\/div>\n<div class=\"text-center mb-5\"><\/div>\n<\/div>\n<\/div>\n<\/div>\n<\/div>\n<\/div>\n<div class=\"instructions\">\n<div class=\"bg-light py-lg-5 py-3\">\n<div class=\"container-fluid px-lg-4 px-2\">\n<div class=\"row align-items-center no-gutters\">\n<div class=\"col-lg-7 px-lg-4 px-2\">\n<div class=\"embed-responsive embed-responsive-7by5 bg-light\"><\/div>\n<\/div>\n<\/div>\n<\/div>\n<\/div>\n<\/div>\n\n\t\t<div class=\"tabbed-content\">\n\t\t\t<h4 class=\"uppercase text-left\">More about Leahlani Skincare<\/h4>\n\t\t\t<ul class=\"nav nav-tabs nav-vertical nav-uppercase nav-size-normal nav-left\" role=\"tablist\"><li id=\"tab-ons-verhaal\" class=\"tab active has-icon\" role=\"presentation\"><a href=\"#tab_ons-verhaal\" role=\"tab\" aria-selected=\"true\" aria-controls=\"tab_ons-verhaal\"><span>ons verhaal<\/span><\/a><\/li>\n<li id=\"tab-onze-studio\" class=\"tab has-icon\" role=\"presentation\"><a href=\"#tab_onze-studio\" tabindex=\"-1\" role=\"tab\" aria-selected=\"false\" aria-controls=\"tab_onze-studio\"><span>onze studio<\/span><\/a><\/li><\/ul><div class=\"tab-panels\"><div id=\"tab_ons-verhaal\" class=\"panel active entry-content\" role=\"tabpanel\" aria-labelledby=\"tab-ons-verhaal\">\n\n<div class=\"row align-middle\"  id=\"row-1832654759\">\n\n\n\t<div id=\"col-341494214\" class=\"col medium-4 small-12 large-4\"  >\n\t\t\t\t<div class=\"col-inner\"  >\n\t\t\t\n\t\t\t\n\n\t<div class=\"img has-hover x md-x lg-x y md-y lg-y\" id=\"image_302413151\">\n\t\t\t\t\t\t\t\t<div class=\"img-inner dark\" >\n\t\t\t<img loading=\"lazy\" decoding=\"async\" width=\"360\" height=\"360\" src=\"https:\/\/dutchhealthstore.com\/wp-content\/uploads\/2020\/06\/Leahlani.jpg\" class=\"attachment-large size-large\" alt=\"\" srcset=\"https:\/\/dutchhealthstore.com\/wp-content\/uploads\/2020\/06\/Leahlani.jpg 360w, https:\/\/dutchhealthstore.com\/wp-content\/uploads\/2020\/06\/Leahlani-100x100.jpg 100w, https:\/\/dutchhealthstore.com\/wp-content\/uploads\/2020\/06\/Leahlani-280x280.jpg 280w, https:\/\/dutchhealthstore.com\/wp-content\/uploads\/2020\/06\/Leahlani-150x150.jpg 150w, https:\/\/dutchhealthstore.com\/wp-content\/uploads\/2020\/06\/Leahlani-32x32.jpg 32w\" sizes=\"(max-width: 360px) 100vw, 360px\" \/>\t\t\t\t\t\t\n\t\t\t\t\t<\/div>\n\t\t\t\t\t\t\t\t\n<style>\n#image_302413151 {\n  width: 100%;\n}\n<\/style>\n\t<\/div>\n\t\n\n\n\t\t<\/div>\n\t\t\t\t\t<\/div>\n\n\t\n\n\t<div id=\"col-711905113\" class=\"col medium-8 small-12 large-8\"  >\n\t\t\t\t<div class=\"col-inner\"  >\n\t\t\t\n\t\t\t\n\n<p> <\/p>\n<p>Mijn naam is Leah.<\/p>\n<p>Ik ben de oprichter en samensteller van Leahlani Skincare, een gecertificeerde gespecialiseerde huidverzorgingsdeskundige, een tweevoudig gecertificeerde estheticus en een plantkundig alchemist.<\/p>\n<p><span data-preserver-spaces=\"true\"> <i style=\"font-weight: bold;\"><a href=\"\/?p=108294\">Klik hier om meer te lezen<\/a><\/i><\/span><i style=\"font-weight: bold;\"><\/i><i style=\"font-weight: bold;\"><\/i><\/p>\n<p> <\/p>\n\n\t\t<\/div>\n\t\t\t\t\n<style>\n#col-711905113 > .col-inner {\n  padding: 6px 0px 0px 0px;\n}\n<\/style>\n\t<\/div>\n\n\t\n\n<\/div>\n\n<\/div>\n<div id=\"tab_onze-studio\" class=\"panel entry-content\" role=\"tabpanel\" aria-labelledby=\"tab-onze-studio\">\n\n<div class=\"row\"  id=\"row-871424993\">\n\n\n\t<div id=\"col-405005309\" class=\"col medium-9 small-12 large-9\"  >\n\t\t\t\t<div class=\"col-inner\"  >\n\t\t\t\n\t\t\t\n\n<div class=\"container section-title-container\" ><h3 class=\"section-title section-title-normal\"><b><\/b><span class=\"section-title-main\" >Onze studio<\/span><b><\/b><\/h3><\/div>\n\n<div class=\"video video-fit mb\" style=\"padding-top:56.25%;\"><p><iframe title=\"Leahlani | The Making of Honey Love\" src=\"https:\/\/player.vimeo.com\/video\/279942043?dnt=1&amp;app_id=122963\" width=\"1020\" height=\"574\" frameborder=\"0\" allow=\"autoplay; fullscreen\" allowfullscreen><\/iframe><\/p>\n<\/div>\n\n\n\t\t<\/div>\n\t\t\t\t\t<\/div>\n\n\t\n\n\n<style>\n#row-871424993 > .col > .col-inner {\n  padding: 19px 0px 0px 0px;\n}\n<\/style>\n<\/div>\n\n<\/div><\/div><\/div>\n<h3><\/h3>\n","protected":false},"excerpt":{"rendered":"<p>Reinigen &#8211; Exfoli\u00ebren &#8211; Transformeren<br \/>\n<em>microdermabrasie-exfoliator<\/em><\/p>\n<p>Een stralende wekelijkse peeling die de verstopte, acnegevoelige huid wat liefde geeft.<br \/>\nSamengesteld met een krachtig mengsel van ontstekingsremmende nonifruit, verstevigende hibiscusbloem, stimulerende klei en microdermabrasiekristallen, maakt Honey Love de huid gladder en helderder, waardoor de teint en textuur van uw huid drastisch worden verbeterd.<\/p>\n","protected":false},"featured_media":339848,"comment_status":"open","ping_status":"closed","template":"","meta":[],"product_brand":[],"product_cat":[14731,5765,1029,5618,5621,5729,5622,5677,5616,5624,5741,1006,5777,5623,5619,5743,5005,5742,5730,510,5676,5664],"product_tag":[9625,6156,6265,21807,4808],"class_list":{"0":"post-100685","1":"product","2":"type-product","3":"status-publish","4":"has-post-thumbnail","6":"product_cat-huidverzorging","7":"product_cat-acne-breakout-prone","8":"product_cat-categorieen","9":"product_cat-dry-mature-ageing-skin-nl-2","10":"product_cat-dry-mature-ageing-skin-nl-4","11":"product_cat-leahlani-skincare-nl","12":"product_cat-masks-scrubs-exfoliators-nl","13":"product_cat-masks-scrubs-exfoliators-nl-2","14":"product_cat-masks-scrubs-exfoliators-nl-6","15":"product_cat-masks-scrubs-exfoliators-nl-3","16":"product_cat-masks-exfoliators-nl","17":"product_cat-merken","18":"product_cat-normal-dry-nl","19":"product_cat-normal-or-combination-skin-nl","20":"product_cat-normal-or-combination-skin-nl-2","21":"product_cat-oily-combination","22":"product_cat-by-skin-type","23":"product_cat-by-skin-type-nl-3","24":"product_cat-products-nl-2","25":"product_cat-shop-winkel","26":"product_cat-oily-skin-clogged-pores-nl-2","27":"product_cat-oily-skin-clogged-pores-nl","28":"product_tag-exfoliator-nl","29":"product_tag-face-care-nl","30":"product_tag-glow-nl","31":"product_tag-natural-nl","32":"product_tag-skin-nl","33":"pa_brand-leahlani-skincare-nl","34":"pa_gtin-705632361436-nl","35":"pa_size-50-ml-nl","36":"pa_size-118-ml-3-99-oz-nl","37":"pa_skincare-type-masks-scrubs-exfoliators-nl","38":"pa_skintype-dry-mature-ageing-skin-nl","39":"pa_skintype-normal-combination-skin-nl","40":"pa_skintype-oily-skin-nl","42":"first","43":"outofstock","44":"taxable","45":"shipping-taxable","46":"purchasable","47":"product-type-variable"},"bundled_by":[],"bundle_stock_status":"outofstock","bundle_stock_quantity":null,"bundle_virtual":false,"bundle_layout":"","bundle_add_to_cart_form_location":"","bundle_editable_in_cart":false,"bundle_sold_individually_context":"","bundle_item_grouping":"","bundle_min_size":"","bundle_max_size":"","bundle_price":[],"bundled_items":[],"bundle_sell_ids":[230769],"atum_controlled":true,"out_stock_date":null,"out_stock_threshold":null,"inheritable":true,"stock_on_hold":1,"sold_today":0,"sales_last_days":2,"out_stock_days":0,"lost_sales":0,"update_date":"2026-04-09T10:03:01","atum_locations":[],"atum_stock_status":"instock","restock_status":false,"low_stock_amount":"","sales_update_date":"2026-04-09T10:03:01","calc_backorders":null,"group_of_quantity":0,"min_quantity":0,"max_quantity":"","exclude_order_quantity_value_rules":"no","exclude_category_quantity_rules":"no","combine_variations":"no","yoast_head":"<!-- This site is optimized with the Yoast SEO Premium plugin v26.5 (Yoast SEO v26.5) - https:\/\/yoast.com\/wordpress\/plugins\/seo\/ -->\n<title>Honey Love Microderm Exfoliator | Leahlani Skincare<\/title>\n<meta name=\"description\" content=\"De Honey Love is onze drievoudige 3-in-1 schoonheid, die het exfoli\u00ebren van de huid naar een hoger niveau tilt. Als u op zoek bent naar een zachtere teint, minder puistjes en een egale huidskleur.\" \/>\n<meta name=\"robots\" content=\"index, follow, max-snippet:-1, max-image-preview:large, max-video-preview:-1\" \/>\n<link rel=\"canonical\" href=\"https:\/\/dutchhealthstore.com\/nl\/product\/honey-love-microderm-exfoliator\/\" \/>\n<meta property=\"og:locale\" content=\"nl_NL\" \/>\n<meta property=\"og:type\" content=\"article\" \/>\n<meta property=\"og:title\" content=\"Honey Love Microderm Exfoliator - Dutch Health Store\" \/>\n<meta property=\"og:description\" content=\"De Honey Love is onze drievoudige 3-in-1 schoonheid, die het exfoli\u00ebren van de huid naar een hoger niveau tilt. Als u op zoek bent naar een zachtere teint, minder puistjes en een egale huidskleur.\" \/>\n<meta property=\"og:url\" content=\"https:\/\/dutchhealthstore.com\/nl\/product\/honey-love-microderm-exfoliator\/\" \/>\n<meta property=\"og:site_name\" content=\"Dutch Health Store\" \/>\n<meta property=\"article:publisher\" content=\"https:\/\/www.instagram.com\/dutchhealthstore\/\" \/>\n<meta property=\"article:modified_time\" content=\"2026-04-05T19:33:39+00:00\" \/>\n<meta property=\"og:image\" content=\"https:\/\/dutchhealthstore.com\/wp-content\/uploads\/2020\/03\/leahlani-honey-love.jpg\" \/>\n\t<meta property=\"og:image:width\" content=\"530\" \/>\n\t<meta property=\"og:image:height\" content=\"530\" \/>\n\t<meta property=\"og:image:type\" content=\"image\/jpeg\" \/>\n<meta name=\"twitter:card\" content=\"summary_large_image\" \/>\n<meta name=\"twitter:label1\" content=\"Beschikbaarheid\" \/>\n\t<meta name=\"twitter:data1\" content=\"Uitverkocht\" \/>\n<script type=\"application\/ld+json\" class=\"yoast-schema-graph\">{\"@context\":\"https:\/\/schema.org\",\"@graph\":[{\"@type\":\"WebPage\",\"@id\":\"https:\/\/dutchhealthstore.com\/nl\/product\/honey-love-microderm-exfoliator\/\",\"url\":\"https:\/\/dutchhealthstore.com\/nl\/product\/honey-love-microderm-exfoliator\/\",\"name\":\"Honey Love Microderm Exfoliator | Leahlani Skincare\",\"isPartOf\":{\"@id\":\"https:\/\/dutchhealthstore.com\/nl\/#website\"},\"primaryImageOfPage\":{\"@id\":\"https:\/\/dutchhealthstore.com\/nl\/product\/honey-love-microderm-exfoliator\/#primaryimage\"},\"image\":{\"@id\":\"https:\/\/dutchhealthstore.com\/nl\/product\/honey-love-microderm-exfoliator\/#primaryimage\"},\"thumbnailUrl\":\"https:\/\/dutchhealthstore.com\/wp-content\/uploads\/2020\/03\/leahlani-honey-love.jpg\",\"datePublished\":\"2020-03-02T16:52:35+00:00\",\"dateModified\":\"2026-04-05T19:33:39+00:00\",\"description\":\"De Honey Love is onze drievoudige 3-in-1 schoonheid, die het exfoli\u00ebren van de huid naar een hoger niveau tilt. Als u op zoek bent naar een zachtere teint, minder puistjes en een egale huidskleur.\",\"breadcrumb\":{\"@id\":\"https:\/\/dutchhealthstore.com\/nl\/product\/honey-love-microderm-exfoliator\/#breadcrumb\"},\"inLanguage\":\"nl-NL\",\"potentialAction\":[{\"@type\":\"ReadAction\",\"target\":[\"https:\/\/dutchhealthstore.com\/nl\/product\/honey-love-microderm-exfoliator\/\"]}]},{\"@type\":\"ImageObject\",\"inLanguage\":\"nl-NL\",\"@id\":\"https:\/\/dutchhealthstore.com\/nl\/product\/honey-love-microderm-exfoliator\/#primaryimage\",\"url\":\"https:\/\/dutchhealthstore.com\/wp-content\/uploads\/2020\/03\/leahlani-honey-love.jpg\",\"contentUrl\":\"https:\/\/dutchhealthstore.com\/wp-content\/uploads\/2020\/03\/leahlani-honey-love.jpg\",\"width\":530,\"height\":530,\"caption\":\"leahlani-honey-love\"},{\"@type\":\"BreadcrumbList\",\"@id\":\"https:\/\/dutchhealthstore.com\/nl\/product\/honey-love-microderm-exfoliator\/#breadcrumb\",\"itemListElement\":[{\"@type\":\"ListItem\",\"position\":1,\"name\":\"Home\",\"item\":\"https:\/\/dutchhealthstore.com\/nl\/\"},{\"@type\":\"ListItem\",\"position\":2,\"name\":\"Shop\",\"item\":\"https:\/\/dutchhealthstore.com\/nl\/shop\/\"},{\"@type\":\"ListItem\",\"position\":3,\"name\":\"Honey Love Microderm Exfoliator\"}]},{\"@type\":\"WebSite\",\"@id\":\"https:\/\/dutchhealthstore.com\/nl\/#website\",\"url\":\"https:\/\/dutchhealthstore.com\/nl\/\",\"name\":\"Dutch Health Store\",\"description\":\"Enhance Your Beauty with Organic &amp; Natural Skincare\",\"publisher\":{\"@id\":\"https:\/\/dutchhealthstore.com\/nl\/#organization\"},\"potentialAction\":[{\"@type\":\"SearchAction\",\"target\":{\"@type\":\"EntryPoint\",\"urlTemplate\":\"https:\/\/dutchhealthstore.com\/nl\/?s={search_term_string}\"},\"query-input\":{\"@type\":\"PropertyValueSpecification\",\"valueRequired\":true,\"valueName\":\"search_term_string\"}}],\"inLanguage\":\"nl-NL\"},{\"@type\":\"Organization\",\"@id\":\"https:\/\/dutchhealthstore.com\/nl\/#organization\",\"name\":\"Dutch Health Store\",\"url\":\"https:\/\/dutchhealthstore.com\/nl\/\",\"logo\":{\"@type\":\"ImageObject\",\"inLanguage\":\"nl-NL\",\"@id\":\"https:\/\/dutchhealthstore.com\/nl\/#\/schema\/logo\/image\/\",\"url\":\"https:\/\/dutchhealthstore.com\/wp-content\/uploads\/2020\/08\/logo-dutchhealthstore-jpg-e1599484957574.jpg\",\"contentUrl\":\"https:\/\/dutchhealthstore.com\/wp-content\/uploads\/2020\/08\/logo-dutchhealthstore-jpg-e1599484957574.jpg\",\"width\":400,\"height\":62,\"caption\":\"Dutch Health Store\"},\"image\":{\"@id\":\"https:\/\/dutchhealthstore.com\/nl\/#\/schema\/logo\/image\/\"},\"sameAs\":[\"https:\/\/www.instagram.com\/dutchhealthstore\/\",\"https:\/\/www.facebook.com\/dutchhealthstore\"]}]}<\/script>\n<meta property=\"product:brand\" content=\"Leahlani Skincare\" \/>\n<meta property=\"og:availability\" content=\"out of stock\" \/>\n<meta property=\"product:availability\" content=\"out of stock\" \/>\n<meta property=\"product:condition\" content=\"new\" \/>\n<!-- \/ Yoast SEO Premium plugin. -->","yoast_head_json":{"title":"Honey Love Microderm Exfoliator | Leahlani Skincare","description":"De Honey Love is onze drievoudige 3-in-1 schoonheid, die het exfoli\u00ebren van de huid naar een hoger niveau tilt. Als u op zoek bent naar een zachtere teint, minder puistjes en een egale huidskleur.","robots":{"index":"index","follow":"follow","max-snippet":"max-snippet:-1","max-image-preview":"max-image-preview:large","max-video-preview":"max-video-preview:-1"},"canonical":"https:\/\/dutchhealthstore.com\/nl\/product\/honey-love-microderm-exfoliator\/","og_locale":"nl_NL","og_type":"article","og_title":"Honey Love Microderm Exfoliator - Dutch Health Store","og_description":"De Honey Love is onze drievoudige 3-in-1 schoonheid, die het exfoli\u00ebren van de huid naar een hoger niveau tilt. Als u op zoek bent naar een zachtere teint, minder puistjes en een egale huidskleur.","og_url":"https:\/\/dutchhealthstore.com\/nl\/product\/honey-love-microderm-exfoliator\/","og_site_name":"Dutch Health Store","article_publisher":"https:\/\/www.instagram.com\/dutchhealthstore\/","article_modified_time":"2026-04-05T19:33:39+00:00","og_image":[{"width":530,"height":530,"url":"https:\/\/dutchhealthstore.com\/wp-content\/uploads\/2020\/03\/leahlani-honey-love.jpg","type":"image\/jpeg"}],"twitter_card":"summary_large_image","twitter_misc":{"Beschikbaarheid":"Uitverkocht"},"schema":{"@context":"https:\/\/schema.org","@graph":[{"@type":"WebPage","@id":"https:\/\/dutchhealthstore.com\/nl\/product\/honey-love-microderm-exfoliator\/","url":"https:\/\/dutchhealthstore.com\/nl\/product\/honey-love-microderm-exfoliator\/","name":"Honey Love Microderm Exfoliator | Leahlani Skincare","isPartOf":{"@id":"https:\/\/dutchhealthstore.com\/nl\/#website"},"primaryImageOfPage":{"@id":"https:\/\/dutchhealthstore.com\/nl\/product\/honey-love-microderm-exfoliator\/#primaryimage"},"image":{"@id":"https:\/\/dutchhealthstore.com\/nl\/product\/honey-love-microderm-exfoliator\/#primaryimage"},"thumbnailUrl":"https:\/\/dutchhealthstore.com\/wp-content\/uploads\/2020\/03\/leahlani-honey-love.jpg","datePublished":"2020-03-02T16:52:35+00:00","dateModified":"2026-04-05T19:33:39+00:00","description":"De Honey Love is onze drievoudige 3-in-1 schoonheid, die het exfoli\u00ebren van de huid naar een hoger niveau tilt. Als u op zoek bent naar een zachtere teint, minder puistjes en een egale huidskleur.","breadcrumb":{"@id":"https:\/\/dutchhealthstore.com\/nl\/product\/honey-love-microderm-exfoliator\/#breadcrumb"},"inLanguage":"nl-NL","potentialAction":[{"@type":"ReadAction","target":["https:\/\/dutchhealthstore.com\/nl\/product\/honey-love-microderm-exfoliator\/"]}]},{"@type":"ImageObject","inLanguage":"nl-NL","@id":"https:\/\/dutchhealthstore.com\/nl\/product\/honey-love-microderm-exfoliator\/#primaryimage","url":"https:\/\/dutchhealthstore.com\/wp-content\/uploads\/2020\/03\/leahlani-honey-love.jpg","contentUrl":"https:\/\/dutchhealthstore.com\/wp-content\/uploads\/2020\/03\/leahlani-honey-love.jpg","width":530,"height":530,"caption":"leahlani-honey-love"},{"@type":"BreadcrumbList","@id":"https:\/\/dutchhealthstore.com\/nl\/product\/honey-love-microderm-exfoliator\/#breadcrumb","itemListElement":[{"@type":"ListItem","position":1,"name":"Home","item":"https:\/\/dutchhealthstore.com\/nl\/"},{"@type":"ListItem","position":2,"name":"Shop","item":"https:\/\/dutchhealthstore.com\/nl\/shop\/"},{"@type":"ListItem","position":3,"name":"Honey Love Microderm Exfoliator"}]},{"@type":"WebSite","@id":"https:\/\/dutchhealthstore.com\/nl\/#website","url":"https:\/\/dutchhealthstore.com\/nl\/","name":"Dutch Health Store","description":"Enhance Your Beauty with Organic &amp; Natural Skincare","publisher":{"@id":"https:\/\/dutchhealthstore.com\/nl\/#organization"},"potentialAction":[{"@type":"SearchAction","target":{"@type":"EntryPoint","urlTemplate":"https:\/\/dutchhealthstore.com\/nl\/?s={search_term_string}"},"query-input":{"@type":"PropertyValueSpecification","valueRequired":true,"valueName":"search_term_string"}}],"inLanguage":"nl-NL"},{"@type":"Organization","@id":"https:\/\/dutchhealthstore.com\/nl\/#organization","name":"Dutch Health Store","url":"https:\/\/dutchhealthstore.com\/nl\/","logo":{"@type":"ImageObject","inLanguage":"nl-NL","@id":"https:\/\/dutchhealthstore.com\/nl\/#\/schema\/logo\/image\/","url":"https:\/\/dutchhealthstore.com\/wp-content\/uploads\/2020\/08\/logo-dutchhealthstore-jpg-e1599484957574.jpg","contentUrl":"https:\/\/dutchhealthstore.com\/wp-content\/uploads\/2020\/08\/logo-dutchhealthstore-jpg-e1599484957574.jpg","width":400,"height":62,"caption":"Dutch Health Store"},"image":{"@id":"https:\/\/dutchhealthstore.com\/nl\/#\/schema\/logo\/image\/"},"sameAs":["https:\/\/www.instagram.com\/dutchhealthstore\/","https:\/\/www.facebook.com\/dutchhealthstore"]}]},"product_brand":"Leahlani Skincare","og_availability":"out of stock","product_availability":"out of stock","product_condition":"new"},"_links":{"self":[{"href":"https:\/\/dutchhealthstore.com\/nl\/wp-json\/wp\/v2\/product\/100685","targetHints":{"allow":["GET"]}}],"collection":[{"href":"https:\/\/dutchhealthstore.com\/nl\/wp-json\/wp\/v2\/product"}],"about":[{"href":"https:\/\/dutchhealthstore.com\/nl\/wp-json\/wp\/v2\/types\/product"}],"replies":[{"embeddable":true,"href":"https:\/\/dutchhealthstore.com\/nl\/wp-json\/wp\/v2\/comments?post=100685"}],"wp:featuredmedia":[{"embeddable":true,"href":"https:\/\/dutchhealthstore.com\/nl\/wp-json\/wp\/v2\/media\/339848"}],"wp:attachment":[{"href":"https:\/\/dutchhealthstore.com\/nl\/wp-json\/wp\/v2\/media?parent=100685"}],"wp:term":[{"taxonomy":"product_brand","embeddable":true,"href":"https:\/\/dutchhealthstore.com\/nl\/wp-json\/wp\/v2\/product_brand?post=100685"},{"taxonomy":"product_cat","embeddable":true,"href":"https:\/\/dutchhealthstore.com\/nl\/wp-json\/wp\/v2\/product_cat?post=100685"},{"taxonomy":"product_tag","embeddable":true,"href":"https:\/\/dutchhealthstore.com\/nl\/wp-json\/wp\/v2\/product_tag?post=100685"}],"curies":[{"name":"wp","href":"https:\/\/api.w.org\/{rel}","templated":true}]}}