{"id":100419,"date":"2020-03-06T16:39:30","date_gmt":"2020-03-06T15:39:30","guid":{"rendered":"https:\/\/dutchhealthstore.com\/product\/mermaid-mask\/"},"modified":"2026-02-09T12:32:26","modified_gmt":"2026-02-09T11:32:26","slug":"mermaid-mask","status":"publish","type":"product","link":"https:\/\/dutchhealthstore.com\/nl\/product\/mermaid-mask\/","title":{"rendered":"Mermaid Mask"},"content":{"rendered":"<p>Duik in deze pot met smaragdgroene goedheid en ontdek de magie van de zeemeermin.<br \/>\nZie onze <strong>Mermaid Mask<\/strong> als een supervoedsel groene smoothie voor je huid.<br \/>\nGemaakt van de aarde en nectar van Hawa\u00ef, zal deze groene schoonheid uw teint helpen voeden, verhelderen, zuiveren, verzachten en vernieuwen.<br \/>\nZe zit boordevol voedingsstoffen: Hawa\u00efaanse spirulina en rauwe honing, eersteklas chlorella en bloedsomloopbevorderende essenti\u00eble oli\u00ebn die elke cel van je kostbare gezicht voeden, wat resulteert in de ultieme gloed.<\/p>\n<p>Haar diepe, smaragdgroene kleur komt van twee krachtige supervoedingsingredi\u00ebnten, biologische chlorella en biologische spirulina. We hebben de mooiste bronnen van deze groene schoonheden gevonden om de Mermaid Mask mee te maken.<br \/>\nOnze spirulina komt van een boerderij aan de ongerepte kust van Hawa\u00ef die gebruik maakt van de natuurlijke hulpbronnen die haar omringen &#8211; overvloedig warm zonlicht, zuiver diep oceaanwater en 100% vers water uit een Hawa\u00efaanse aquifer.<br \/>\nDe spirulina wordt geteeld in een biologisch veilige zone en gebruikt een oceaankoelings droogtechniek.<br \/>\nWij gebruiken de schoonste en meest zuivere bron van organische chlorella op de planeet, die wordt gekweekt in buitenbaden onder het zonlicht en celwanden bevat die worden &#8220;geopend&#8221; of &#8220;gekraakt&#8221; met behulp van een specifiek proces dat voedingsstoffen behoudt en de absorptie verhoogt.<br \/>\n<strong>Happy mermaiding!<\/strong><\/p>\n<h3>Geurprofiel<\/h3>\n<p>De Mermaid Mask ruikt naar tropische citrusbomen en de zee.<\/p>\n<h3>Huidtype<\/h3>\n<p>De Mermaid Mask is een supervoedselbehandeling voor alle huidtypes.<\/p>\n<h3>Voordelen<\/h3>\n<p>-Complete teintvernieuwing aangedreven door de natuur<\/p>\n<p>-Boost de circulatie en versterkt de huid op cellulair niveau<\/p>\n<p>-Zuivert de pori\u00ebn om puistjes tegen te gaan<\/p>\n<p>-Maakt de teint fris en stralend<\/p>\n<h3>Hoe te gebruiken<\/h3>\n<p>Meng een theelepel masker met een paar druppels water en emulgeer tussen de vingertoppen. Masseer zachtjes in de vochtige huid tot ze gelijkmatig verdeeld is. Laat 10-15 minuten rusten en spoel af met koel water. Herhaal 2-3x per week.<\/p>\n<p><strong>Inhoud: 50 ml<\/strong><\/p>\n<h2 class=\"yikes-custom-woo-tab-title yikes-custom-woo-tab-title-organic-ingredients\">Organische Ingredi\u00ebnten<\/h2>\n<div class=\"canela-light-18 font-italic my-3\"><strong>Hawa\u00efaanse spirulina<\/strong><\/div>\n<div><a href=\"https:\/\/dutchhealthstore.com\/wp-content\/uploads\/2020\/03\/leahlani-hawaiian-spirulina.jpg\"><img decoding=\"async\" class=\"alignnone size-full wp-image-338548\" src=\"https:\/\/dutchhealthstore.com\/wp-content\/uploads\/2020\/03\/leahlani-hawaiian-spirulina.jpg\" alt=\"leahlani-hawaii-spirulina\" width=\"200\" height=\"200\" srcset=\"https:\/\/dutchhealthstore.com\/wp-content\/uploads\/2020\/03\/leahlani-hawaiian-spirulina.jpg 200w, https:\/\/dutchhealthstore.com\/wp-content\/uploads\/2020\/03\/leahlani-hawaiian-spirulina-50x50.jpg 50w, https:\/\/dutchhealthstore.com\/wp-content\/uploads\/2020\/03\/leahlani-hawaiian-spirulina-100x100.jpg 100w, https:\/\/dutchhealthstore.com\/wp-content\/uploads\/2020\/03\/leahlani-hawaiian-spirulina-64x64.jpg 64w\" sizes=\"(max-width: 200px) 100vw, 200px\" \/><\/a><\/div>\n<div class=\"atlas-grotesk-regular-13 mb-3\">\n<p>Een voedzaam supervoedsel boordevol prote\u00efnen, aminozuren en antioxidanten dat vroegtijdige veroudering vertraagt, de teint egaliseert en acne en roodheid bestrijdt.<\/p>\n<div class=\"canela-light-18 font-italic my-3\"><strong>Premium chlorella<\/strong><\/div>\n<div><a href=\"https:\/\/dutchhealthstore.com\/wp-content\/uploads\/2020\/03\/leahlani-premium-chlorella.jpg\"><img decoding=\"async\" class=\"alignnone size-full wp-image-338552\" src=\"https:\/\/dutchhealthstore.com\/wp-content\/uploads\/2020\/03\/leahlani-premium-chlorella.jpg\" alt=\"leahlani-premium-chlorella\" width=\"200\" height=\"200\" srcset=\"https:\/\/dutchhealthstore.com\/wp-content\/uploads\/2020\/03\/leahlani-premium-chlorella.jpg 200w, https:\/\/dutchhealthstore.com\/wp-content\/uploads\/2020\/03\/leahlani-premium-chlorella-50x50.jpg 50w, https:\/\/dutchhealthstore.com\/wp-content\/uploads\/2020\/03\/leahlani-premium-chlorella-100x100.jpg 100w, https:\/\/dutchhealthstore.com\/wp-content\/uploads\/2020\/03\/leahlani-premium-chlorella-64x64.jpg 64w\" sizes=\"(max-width: 200px) 100vw, 200px\" \/><\/a><\/div>\n<div class=\"atlas-grotesk-regular-13 mb-3\">\n<p>Deze microalg, die het &#8220;perfecte voedsel&#8221; wordt genoemd vanwege de uitgebalanceerde verhoudingen van prote\u00efnen, voedingsstoffen, vitaminen en mineralen, vernieuwt en reinigt de huid diep.<\/p>\n<div class=\"canela-light-18 font-italic my-3\"><strong>Hawaiiaanse rauwe honing<\/strong><\/div>\n<div><a href=\"https:\/\/dutchhealthstore.com\/wp-content\/uploads\/2020\/03\/leahlani-hawaiian-raw-honey.jpg\"><img decoding=\"async\" class=\"alignnone size-full wp-image-338556\" src=\"https:\/\/dutchhealthstore.com\/wp-content\/uploads\/2020\/03\/leahlani-hawaiian-raw-honey.jpg\" alt=\"leahlani-hawaii-raw-honing\" width=\"200\" height=\"200\" srcset=\"https:\/\/dutchhealthstore.com\/wp-content\/uploads\/2020\/03\/leahlani-hawaiian-raw-honey.jpg 200w, https:\/\/dutchhealthstore.com\/wp-content\/uploads\/2020\/03\/leahlani-hawaiian-raw-honey-50x50.jpg 50w, https:\/\/dutchhealthstore.com\/wp-content\/uploads\/2020\/03\/leahlani-hawaiian-raw-honey-100x100.jpg 100w, https:\/\/dutchhealthstore.com\/wp-content\/uploads\/2020\/03\/leahlani-hawaiian-raw-honey-64x64.jpg 64w\" sizes=\"(max-width: 200px) 100vw, 200px\" \/><\/a><\/div>\n<div class=\"atlas-grotesk-regular-13 mb-3\">\n<p>Reinigt de huid, bestrijdt acne en lost bacteri\u00ebn op met zijn natuurlijke antiseptische en antimicrobi\u00eble eigenschappen, terwijl het vocht naar de huid trekt en de teint verheldert.<\/p>\n<div class=\"canela-light-18 font-italic my-3\"><strong>Zeeklei<\/strong><\/div>\n<div><a href=\"https:\/\/dutchhealthstore.com\/wp-content\/uploads\/2020\/03\/leahlani-sea-clay-1.jpg\"><img loading=\"lazy\" decoding=\"async\" class=\"alignnone size-full wp-image-338566\" src=\"https:\/\/dutchhealthstore.com\/wp-content\/uploads\/2020\/03\/leahlani-sea-clay-1.jpg\" alt=\"leahlani-zee-klei\" width=\"200\" height=\"200\" srcset=\"https:\/\/dutchhealthstore.com\/wp-content\/uploads\/2020\/03\/leahlani-sea-clay-1.jpg 200w, https:\/\/dutchhealthstore.com\/wp-content\/uploads\/2020\/03\/leahlani-sea-clay-1-50x50.jpg 50w, https:\/\/dutchhealthstore.com\/wp-content\/uploads\/2020\/03\/leahlani-sea-clay-1-100x100.jpg 100w, https:\/\/dutchhealthstore.com\/wp-content\/uploads\/2020\/03\/leahlani-sea-clay-1-64x64.jpg 64w\" sizes=\"(max-width: 200px) 100vw, 200px\" \/><\/a><\/div>\n<div class=\"atlas-grotesk-regular-13 mb-3\">\n<p>Deze oude zeebodemklei verwijdert overtollige oli\u00ebn uit de huid terwijl het de teint remineraliseert en voedt.<\/p>\n<p><strong>Volledige ingredi\u00ebntenlijst:<\/strong><\/p>\n<\/div>\n<\/div>\n<\/div>\n<\/div>\n<p>Honey (Hawaiian Raw Honey), *Arthrospira Platensis (Spirulina) Extract, Illite (Montmorillonite Clay), Kaolin (Sea Clay), *Chlorella Vulgaris (Chlorella) Powder, *Citrus Sinensis (Sweet Orange) Peel Oil, *Hippophae Rhamnoides (Sea Buckthorn) Fruit Oil, Leuconostoc Ferment Filtrate, Aqua, Dunaliella Salina (green microalgae) Extract, Ormenis Multicaulis (Chamomile) Flower Oil, Anthemis Nobilis (Wild Chamomile) Flower Oil, Monarda Fistulosa (Bee Balm), Pelargonium Graveolens (Geranium) Leaf Oil, Cymbopogon Martinii (Palma Rosa) Herb Oil, Lavendula Angustifolia (Lavender) Flower, Cananga Odorata (var.Genuana Ylang Ylang) Flower Oil, Rosa Demascena (Rose) Flower Oil, Nelumbo Nucifera (Lotus, White) Flower Extract, Eriocephalus Punctulatus (Cape Chamomile) Oil, Beeswax (Honey Absolute), Coriandrum Sativum (Coriander) Seed Oil, Vanilla Planifolia Bean Extract<br \/>\n*organic **wild-harvested<\/p>\n\n\t\t<div class=\"tabbed-content\">\n\t\t\t<h4 class=\"uppercase text-left\">More about Leahlani Skincare<\/h4>\n\t\t\t<ul class=\"nav nav-tabs nav-vertical nav-uppercase nav-size-normal nav-left\" role=\"tablist\"><li id=\"tab-ons-verhaal\" class=\"tab active has-icon\" role=\"presentation\"><a href=\"#tab_ons-verhaal\" role=\"tab\" aria-selected=\"true\" aria-controls=\"tab_ons-verhaal\"><span>ons verhaal<\/span><\/a><\/li>\n<li id=\"tab-onze-studio\" class=\"tab has-icon\" role=\"presentation\"><a href=\"#tab_onze-studio\" tabindex=\"-1\" role=\"tab\" aria-selected=\"false\" aria-controls=\"tab_onze-studio\"><span>onze studio<\/span><\/a><\/li><\/ul><div class=\"tab-panels\"><div id=\"tab_ons-verhaal\" class=\"panel active entry-content\" role=\"tabpanel\" aria-labelledby=\"tab-ons-verhaal\">\n\n<div class=\"row align-middle\"  id=\"row-202452722\">\n\n\n\t<div id=\"col-850669582\" class=\"col medium-4 small-12 large-4\"  >\n\t\t\t\t<div class=\"col-inner\"  >\n\t\t\t\n\t\t\t\n\n\t<div class=\"img has-hover x md-x lg-x y md-y lg-y\" id=\"image_1707433643\">\n\t\t\t\t\t\t\t\t<div class=\"img-inner dark\" >\n\t\t\t<img loading=\"lazy\" decoding=\"async\" width=\"360\" height=\"360\" src=\"https:\/\/dutchhealthstore.com\/wp-content\/uploads\/2020\/06\/Leahlani.jpg\" class=\"attachment-large size-large\" alt=\"\" srcset=\"https:\/\/dutchhealthstore.com\/wp-content\/uploads\/2020\/06\/Leahlani.jpg 360w, https:\/\/dutchhealthstore.com\/wp-content\/uploads\/2020\/06\/Leahlani-100x100.jpg 100w, https:\/\/dutchhealthstore.com\/wp-content\/uploads\/2020\/06\/Leahlani-280x280.jpg 280w, https:\/\/dutchhealthstore.com\/wp-content\/uploads\/2020\/06\/Leahlani-150x150.jpg 150w, https:\/\/dutchhealthstore.com\/wp-content\/uploads\/2020\/06\/Leahlani-32x32.jpg 32w\" sizes=\"(max-width: 360px) 100vw, 360px\" \/>\t\t\t\t\t\t\n\t\t\t\t\t<\/div>\n\t\t\t\t\t\t\t\t\n<style>\n#image_1707433643 {\n  width: 100%;\n}\n<\/style>\n\t<\/div>\n\t\n\n\n\t\t<\/div>\n\t\t\t\t\t<\/div>\n\n\t\n\n\t<div id=\"col-1644552654\" class=\"col medium-8 small-12 large-8\"  >\n\t\t\t\t<div class=\"col-inner\"  >\n\t\t\t\n\t\t\t\n\n<p> <\/p>\n<p>Mijn naam is Leah.<\/p>\n<p>Ik ben de oprichter en samensteller van Leahlani Skincare, een gecertificeerde gespecialiseerde huidverzorgingsdeskundige, een tweevoudig gecertificeerde estheticus en een plantkundig alchemist.<\/p>\n<p><span data-preserver-spaces=\"true\"> <i style=\"font-weight: bold;\"><a href=\"\/?p=108294\">Klik hier om meer te lezen<\/a><\/i><\/span><i style=\"font-weight: bold;\"><\/i><i style=\"font-weight: bold;\"><\/i><\/p>\n<p> <\/p>\n\n\t\t<\/div>\n\t\t\t\t\n<style>\n#col-1644552654 > .col-inner {\n  padding: 6px 0px 0px 0px;\n}\n<\/style>\n\t<\/div>\n\n\t\n\n<\/div>\n\n<\/div>\n<div id=\"tab_onze-studio\" class=\"panel entry-content\" role=\"tabpanel\" aria-labelledby=\"tab-onze-studio\">\n\n<div class=\"row\"  id=\"row-2057651522\">\n\n\n\t<div id=\"col-1234900464\" class=\"col medium-9 small-12 large-9\"  >\n\t\t\t\t<div class=\"col-inner\"  >\n\t\t\t\n\t\t\t\n\n<div class=\"container section-title-container\" ><h3 class=\"section-title section-title-normal\"><b><\/b><span class=\"section-title-main\" >Onze studio<\/span><b><\/b><\/h3><\/div>\n\n<div class=\"video video-fit mb\" style=\"padding-top:56.25%;\"><p><iframe title=\"Leahlani | The Making of Honey Love\" src=\"https:\/\/player.vimeo.com\/video\/279942043?dnt=1&amp;app_id=122963\" width=\"1020\" height=\"574\" frameborder=\"0\" allow=\"autoplay; fullscreen\" allowfullscreen><\/iframe><\/p>\n<\/div>\n\n\n\t\t<\/div>\n\t\t\t\t\t<\/div>\n\n\t\n\n\n<style>\n#row-2057651522 > .col > .col-inner {\n  padding: 19px 0px 0px 0px;\n}\n<\/style>\n<\/div>\n\n<\/div><\/div><\/div>\n<h3 style=\"font-size: 20.16px;\"><\/h3>\n<p><b> <\/b><\/p>\n<p><b> <\/b><\/p>\n<p><b> <\/b><\/p>\n","protected":false},"excerpt":{"rendered":"<p>Zuiveren &#8211; Voeden &#8211; Herleven<br \/>\n<em>superfood zuiverend masker<\/em><\/p>\n<p>Een smaragdgroene superfood smoothie voor de huid die de teint voedt, zuivert en revitaliseert op cellulair niveau.<br \/>\nDeze groene godin zit boordevol ongerepte, nutri\u00ebntenrijke Hawa\u00efaanse spirulina, rauwe honing, reinigende zeeklei en de meest zuivere chlorella ter wereld. Deze groene godin benut de overvloed van de natuur om je huid een stralende aloha-gloed te geven.<\/p>\n","protected":false},"featured_media":313488,"comment_status":"open","ping_status":"closed","template":"","meta":[],"product_brand":[],"product_cat":[1029,5618,5621,14731,5729,5622,5677,5616,5624,5741,1006,5623,5619,5743,5742,5005,5730,510,5664,5676],"product_tag":[6156,6265,9602,4141,4808],"class_list":{"0":"post-100419","1":"product","2":"type-product","3":"status-publish","4":"has-post-thumbnail","6":"product_cat-categorieen","7":"product_cat-dry-mature-ageing-skin-nl-2","8":"product_cat-dry-mature-ageing-skin-nl-4","9":"product_cat-huidverzorging","10":"product_cat-leahlani-skincare-nl","11":"product_cat-masks-scrubs-exfoliators-nl","12":"product_cat-masks-scrubs-exfoliators-nl-2","13":"product_cat-masks-scrubs-exfoliators-nl-6","14":"product_cat-masks-scrubs-exfoliators-nl-3","15":"product_cat-masks-exfoliators-nl","16":"product_cat-merken","17":"product_cat-normal-or-combination-skin-nl","18":"product_cat-normal-or-combination-skin-nl-2","19":"product_cat-oily-combination","20":"product_cat-by-skin-type-nl-3","21":"product_cat-by-skin-type","22":"product_cat-products-nl-2","23":"product_cat-shop-winkel","24":"product_cat-oily-skin-clogged-pores-nl","25":"product_cat-oily-skin-clogged-pores-nl-2","26":"product_tag-face-care-nl","27":"product_tag-glow-nl","28":"product_tag-hydrating-nl","29":"product_tag-masker","30":"product_tag-skin-nl","31":"pa_brand-leahlani-skincare-nl","32":"pa_gtin-705632361405-nl","33":"pa_size-50-ml-nl","34":"pa_skincare-type-masks-scrubs-exfoliators-nl","35":"pa_skintype-dry-mature-ageing-skin-nl","36":"pa_skintype-normal-combination-skin-nl","37":"pa_skintype-oily-skin-nl","39":"first","40":"instock","41":"taxable","42":"shipping-taxable","43":"purchasable","44":"product-type-simple"},"bundled_by":[],"bundle_stock_status":"instock","bundle_stock_quantity":3,"bundle_virtual":false,"bundle_layout":"","bundle_add_to_cart_form_location":"","bundle_editable_in_cart":false,"bundle_sold_individually_context":"","bundle_item_grouping":"","bundle_min_size":"","bundle_max_size":"","bundle_price":[],"bundled_items":[],"bundle_sell_ids":[129699],"atum_controlled":true,"out_stock_date":null,"out_stock_threshold":null,"inheritable":false,"stock_on_hold":0,"sold_today":0,"sales_last_days":0,"out_stock_days":0,"lost_sales":0,"update_date":"2026-05-04T13:00:49","atum_locations":[],"atum_stock_status":"instock","restock_status":false,"low_stock_amount":"","sales_update_date":"2026-05-04T13:00:49","calc_backorders":null,"group_of_quantity":0,"min_quantity":0,"max_quantity":"","exclude_order_quantity_value_rules":"no","exclude_category_quantity_rules":"no","combine_variations":"no","yoast_head":"<!-- This site is optimized with the Yoast SEO Premium plugin v26.5 (Yoast SEO v26.5) - https:\/\/yoast.com\/wordpress\/plugins\/seo\/ -->\n<title>Mermaid Mask | Leahlani Skincare<\/title>\n<meta name=\"description\" content=\"Duik in deze pot smaragdgroene goedheid en ontdek de zeemeerminnenmagie. Zie onze Mermaid Mask als een supervoedende groene smoothie voor je huid.\" \/>\n<meta name=\"robots\" content=\"index, follow, max-snippet:-1, max-image-preview:large, max-video-preview:-1\" \/>\n<link rel=\"canonical\" href=\"https:\/\/dutchhealthstore.com\/nl\/product\/mermaid-mask\/\" \/>\n<meta property=\"og:locale\" content=\"nl_NL\" \/>\n<meta property=\"og:type\" content=\"article\" \/>\n<meta property=\"og:title\" content=\"Mermaid Mask - Dutch Health Store\" \/>\n<meta property=\"og:description\" content=\"Duik in deze pot smaragdgroene goedheid en ontdek de zeemeerminnenmagie. Zie onze Mermaid Mask als een supervoedende groene smoothie voor je huid.\" \/>\n<meta property=\"og:url\" content=\"https:\/\/dutchhealthstore.com\/nl\/product\/mermaid-mask\/\" \/>\n<meta property=\"og:site_name\" content=\"Dutch Health Store\" \/>\n<meta property=\"article:publisher\" content=\"https:\/\/www.instagram.com\/dutchhealthstore\/\" \/>\n<meta property=\"article:modified_time\" content=\"2026-02-09T11:32:26+00:00\" \/>\n<meta property=\"og:image\" content=\"https:\/\/dutchhealthstore.com\/wp-content\/uploads\/2020\/03\/leahlani_0000s_0020_mermaid-mask.jpg\" \/>\n\t<meta property=\"og:image:width\" content=\"530\" \/>\n\t<meta property=\"og:image:height\" content=\"530\" \/>\n\t<meta property=\"og:image:type\" content=\"image\/jpeg\" \/>\n<meta name=\"twitter:card\" content=\"summary_large_image\" \/>\n<meta name=\"twitter:label1\" content=\"Prijs\" \/>\n\t<meta name=\"twitter:data1\" content=\"&euro;42,00\" \/>\n\t<meta name=\"twitter:label2\" content=\"Beschikbaarheid\" \/>\n\t<meta name=\"twitter:data2\" content=\"Op voorraad\" \/>\n<script type=\"application\/ld+json\" class=\"yoast-schema-graph\">{\"@context\":\"https:\/\/schema.org\",\"@graph\":[{\"@type\":\"WebPage\",\"@id\":\"https:\/\/dutchhealthstore.com\/nl\/product\/mermaid-mask\/\",\"url\":\"https:\/\/dutchhealthstore.com\/nl\/product\/mermaid-mask\/\",\"name\":\"Mermaid Mask | Leahlani Skincare\",\"isPartOf\":{\"@id\":\"https:\/\/dutchhealthstore.com\/nl\/#website\"},\"primaryImageOfPage\":{\"@id\":\"https:\/\/dutchhealthstore.com\/nl\/product\/mermaid-mask\/#primaryimage\"},\"image\":{\"@id\":\"https:\/\/dutchhealthstore.com\/nl\/product\/mermaid-mask\/#primaryimage\"},\"thumbnailUrl\":\"https:\/\/dutchhealthstore.com\/wp-content\/uploads\/2020\/03\/leahlani_0000s_0020_mermaid-mask.jpg\",\"datePublished\":\"2020-03-06T15:39:30+00:00\",\"dateModified\":\"2026-02-09T11:32:26+00:00\",\"description\":\"Duik in deze pot smaragdgroene goedheid en ontdek de zeemeerminnenmagie. Zie onze Mermaid Mask als een supervoedende groene smoothie voor je huid.\",\"breadcrumb\":{\"@id\":\"https:\/\/dutchhealthstore.com\/nl\/product\/mermaid-mask\/#breadcrumb\"},\"inLanguage\":\"nl-NL\",\"potentialAction\":[{\"@type\":\"ReadAction\",\"target\":[\"https:\/\/dutchhealthstore.com\/nl\/product\/mermaid-mask\/\"]}]},{\"@type\":\"ImageObject\",\"inLanguage\":\"nl-NL\",\"@id\":\"https:\/\/dutchhealthstore.com\/nl\/product\/mermaid-mask\/#primaryimage\",\"url\":\"https:\/\/dutchhealthstore.com\/wp-content\/uploads\/2020\/03\/leahlani_0000s_0020_mermaid-mask.jpg\",\"contentUrl\":\"https:\/\/dutchhealthstore.com\/wp-content\/uploads\/2020\/03\/leahlani_0000s_0020_mermaid-mask.jpg\",\"width\":530,\"height\":530},{\"@type\":\"BreadcrumbList\",\"@id\":\"https:\/\/dutchhealthstore.com\/nl\/product\/mermaid-mask\/#breadcrumb\",\"itemListElement\":[{\"@type\":\"ListItem\",\"position\":1,\"name\":\"Home\",\"item\":\"https:\/\/dutchhealthstore.com\/nl\/\"},{\"@type\":\"ListItem\",\"position\":2,\"name\":\"Shop\",\"item\":\"https:\/\/dutchhealthstore.com\/nl\/shop\/\"},{\"@type\":\"ListItem\",\"position\":3,\"name\":\"Mermaid Mask\"}]},{\"@type\":\"WebSite\",\"@id\":\"https:\/\/dutchhealthstore.com\/nl\/#website\",\"url\":\"https:\/\/dutchhealthstore.com\/nl\/\",\"name\":\"Dutch Health Store\",\"description\":\"Enhance Your Beauty with Organic &amp; Natural Skincare\",\"publisher\":{\"@id\":\"https:\/\/dutchhealthstore.com\/nl\/#organization\"},\"potentialAction\":[{\"@type\":\"SearchAction\",\"target\":{\"@type\":\"EntryPoint\",\"urlTemplate\":\"https:\/\/dutchhealthstore.com\/nl\/?s={search_term_string}\"},\"query-input\":{\"@type\":\"PropertyValueSpecification\",\"valueRequired\":true,\"valueName\":\"search_term_string\"}}],\"inLanguage\":\"nl-NL\"},{\"@type\":\"Organization\",\"@id\":\"https:\/\/dutchhealthstore.com\/nl\/#organization\",\"name\":\"Dutch Health Store\",\"url\":\"https:\/\/dutchhealthstore.com\/nl\/\",\"logo\":{\"@type\":\"ImageObject\",\"inLanguage\":\"nl-NL\",\"@id\":\"https:\/\/dutchhealthstore.com\/nl\/#\/schema\/logo\/image\/\",\"url\":\"https:\/\/dutchhealthstore.com\/wp-content\/uploads\/2020\/08\/logo-dutchhealthstore-jpg-e1599484957574.jpg\",\"contentUrl\":\"https:\/\/dutchhealthstore.com\/wp-content\/uploads\/2020\/08\/logo-dutchhealthstore-jpg-e1599484957574.jpg\",\"width\":400,\"height\":62,\"caption\":\"Dutch Health Store\"},\"image\":{\"@id\":\"https:\/\/dutchhealthstore.com\/nl\/#\/schema\/logo\/image\/\"},\"sameAs\":[\"https:\/\/www.instagram.com\/dutchhealthstore\/\",\"https:\/\/www.facebook.com\/dutchhealthstore\"]}]}<\/script>\n<meta property=\"product:brand\" content=\"Leahlani Skincare\" \/>\n<meta property=\"product:price:amount\" content=\"42.00\" \/>\n<meta property=\"product:price:currency\" content=\"EUR\" \/>\n<meta property=\"og:availability\" content=\"instock\" \/>\n<meta property=\"product:availability\" content=\"instock\" \/>\n<meta property=\"product:condition\" content=\"new\" \/>\n<!-- \/ Yoast SEO Premium plugin. -->","yoast_head_json":{"title":"Mermaid Mask | Leahlani Skincare","description":"Duik in deze pot smaragdgroene goedheid en ontdek de zeemeerminnenmagie. Zie onze Mermaid Mask als een supervoedende groene smoothie voor je huid.","robots":{"index":"index","follow":"follow","max-snippet":"max-snippet:-1","max-image-preview":"max-image-preview:large","max-video-preview":"max-video-preview:-1"},"canonical":"https:\/\/dutchhealthstore.com\/nl\/product\/mermaid-mask\/","og_locale":"nl_NL","og_type":"article","og_title":"Mermaid Mask - Dutch Health Store","og_description":"Duik in deze pot smaragdgroene goedheid en ontdek de zeemeerminnenmagie. Zie onze Mermaid Mask als een supervoedende groene smoothie voor je huid.","og_url":"https:\/\/dutchhealthstore.com\/nl\/product\/mermaid-mask\/","og_site_name":"Dutch Health Store","article_publisher":"https:\/\/www.instagram.com\/dutchhealthstore\/","article_modified_time":"2026-02-09T11:32:26+00:00","og_image":[{"width":530,"height":530,"url":"https:\/\/dutchhealthstore.com\/wp-content\/uploads\/2020\/03\/leahlani_0000s_0020_mermaid-mask.jpg","type":"image\/jpeg"}],"twitter_card":"summary_large_image","twitter_misc":{"Prijs":"&euro;42,00","Beschikbaarheid":"Op voorraad"},"schema":{"@context":"https:\/\/schema.org","@graph":[{"@type":"WebPage","@id":"https:\/\/dutchhealthstore.com\/nl\/product\/mermaid-mask\/","url":"https:\/\/dutchhealthstore.com\/nl\/product\/mermaid-mask\/","name":"Mermaid Mask | Leahlani Skincare","isPartOf":{"@id":"https:\/\/dutchhealthstore.com\/nl\/#website"},"primaryImageOfPage":{"@id":"https:\/\/dutchhealthstore.com\/nl\/product\/mermaid-mask\/#primaryimage"},"image":{"@id":"https:\/\/dutchhealthstore.com\/nl\/product\/mermaid-mask\/#primaryimage"},"thumbnailUrl":"https:\/\/dutchhealthstore.com\/wp-content\/uploads\/2020\/03\/leahlani_0000s_0020_mermaid-mask.jpg","datePublished":"2020-03-06T15:39:30+00:00","dateModified":"2026-02-09T11:32:26+00:00","description":"Duik in deze pot smaragdgroene goedheid en ontdek de zeemeerminnenmagie. Zie onze Mermaid Mask als een supervoedende groene smoothie voor je huid.","breadcrumb":{"@id":"https:\/\/dutchhealthstore.com\/nl\/product\/mermaid-mask\/#breadcrumb"},"inLanguage":"nl-NL","potentialAction":[{"@type":"ReadAction","target":["https:\/\/dutchhealthstore.com\/nl\/product\/mermaid-mask\/"]}]},{"@type":"ImageObject","inLanguage":"nl-NL","@id":"https:\/\/dutchhealthstore.com\/nl\/product\/mermaid-mask\/#primaryimage","url":"https:\/\/dutchhealthstore.com\/wp-content\/uploads\/2020\/03\/leahlani_0000s_0020_mermaid-mask.jpg","contentUrl":"https:\/\/dutchhealthstore.com\/wp-content\/uploads\/2020\/03\/leahlani_0000s_0020_mermaid-mask.jpg","width":530,"height":530},{"@type":"BreadcrumbList","@id":"https:\/\/dutchhealthstore.com\/nl\/product\/mermaid-mask\/#breadcrumb","itemListElement":[{"@type":"ListItem","position":1,"name":"Home","item":"https:\/\/dutchhealthstore.com\/nl\/"},{"@type":"ListItem","position":2,"name":"Shop","item":"https:\/\/dutchhealthstore.com\/nl\/shop\/"},{"@type":"ListItem","position":3,"name":"Mermaid Mask"}]},{"@type":"WebSite","@id":"https:\/\/dutchhealthstore.com\/nl\/#website","url":"https:\/\/dutchhealthstore.com\/nl\/","name":"Dutch Health Store","description":"Enhance Your Beauty with Organic &amp; Natural Skincare","publisher":{"@id":"https:\/\/dutchhealthstore.com\/nl\/#organization"},"potentialAction":[{"@type":"SearchAction","target":{"@type":"EntryPoint","urlTemplate":"https:\/\/dutchhealthstore.com\/nl\/?s={search_term_string}"},"query-input":{"@type":"PropertyValueSpecification","valueRequired":true,"valueName":"search_term_string"}}],"inLanguage":"nl-NL"},{"@type":"Organization","@id":"https:\/\/dutchhealthstore.com\/nl\/#organization","name":"Dutch Health Store","url":"https:\/\/dutchhealthstore.com\/nl\/","logo":{"@type":"ImageObject","inLanguage":"nl-NL","@id":"https:\/\/dutchhealthstore.com\/nl\/#\/schema\/logo\/image\/","url":"https:\/\/dutchhealthstore.com\/wp-content\/uploads\/2020\/08\/logo-dutchhealthstore-jpg-e1599484957574.jpg","contentUrl":"https:\/\/dutchhealthstore.com\/wp-content\/uploads\/2020\/08\/logo-dutchhealthstore-jpg-e1599484957574.jpg","width":400,"height":62,"caption":"Dutch Health Store"},"image":{"@id":"https:\/\/dutchhealthstore.com\/nl\/#\/schema\/logo\/image\/"},"sameAs":["https:\/\/www.instagram.com\/dutchhealthstore\/","https:\/\/www.facebook.com\/dutchhealthstore"]}]},"product_brand":"Leahlani Skincare","product_price_amount":"42.00","product_price_currency":"EUR","og_availability":"instock","product_availability":"instock","product_condition":"new"},"_links":{"self":[{"href":"https:\/\/dutchhealthstore.com\/nl\/wp-json\/wp\/v2\/product\/100419","targetHints":{"allow":["GET"]}}],"collection":[{"href":"https:\/\/dutchhealthstore.com\/nl\/wp-json\/wp\/v2\/product"}],"about":[{"href":"https:\/\/dutchhealthstore.com\/nl\/wp-json\/wp\/v2\/types\/product"}],"replies":[{"embeddable":true,"href":"https:\/\/dutchhealthstore.com\/nl\/wp-json\/wp\/v2\/comments?post=100419"}],"wp:featuredmedia":[{"embeddable":true,"href":"https:\/\/dutchhealthstore.com\/nl\/wp-json\/wp\/v2\/media\/313488"}],"wp:attachment":[{"href":"https:\/\/dutchhealthstore.com\/nl\/wp-json\/wp\/v2\/media?parent=100419"}],"wp:term":[{"taxonomy":"product_brand","embeddable":true,"href":"https:\/\/dutchhealthstore.com\/nl\/wp-json\/wp\/v2\/product_brand?post=100419"},{"taxonomy":"product_cat","embeddable":true,"href":"https:\/\/dutchhealthstore.com\/nl\/wp-json\/wp\/v2\/product_cat?post=100419"},{"taxonomy":"product_tag","embeddable":true,"href":"https:\/\/dutchhealthstore.com\/nl\/wp-json\/wp\/v2\/product_tag?post=100419"}],"curies":[{"name":"wp","href":"https:\/\/api.w.org\/{rel}","templated":true}]}}