{"id":81314,"date":"2018-02-10T19:37:15","date_gmt":"2018-02-10T19:37:15","guid":{"rendered":"https:\/\/dutchhealthstore.com\/product\/best-skin-ever-chocolate\/"},"modified":"2025-12-23T10:44:36","modified_gmt":"2025-12-23T09:44:36","slug":"best-skin-ever-chocolate","status":"publish","type":"product","link":"https:\/\/dutchhealthstore.com\/fr\/product\/best-skin-ever-chocolate\/","title":{"rendered":"Best Skin Ever &#8211; Chocolate"},"content":{"rendered":"<p><img decoding=\"async\" class=\"alignright wp-image-56011\" src=\"https:\/\/dutchhealthstore.com\/wp-content\/uploads\/2019\/04\/logo.png\" alt=\"Living libations logo\" width=\"200\" height=\"59\"><\/p>\n<h3>Comment utiliser<\/h3>\n<p>Du bout des doigts, massez d\u00e9licatement le visage, le cou ou le corps. Appliquer apr\u00e8s le bain, la natation, le bronzage ou la douche. C&rsquo;est aussi une excellente huile de massage. Combinez avec d&rsquo;autres s\u00e9rums, \u00e9lixirs et huile essentielles pour cr\u00e9er votre propre m\u00e9lange unique. Elle peut \u00eatre utilis\u00e9e pour nettoyer le visage et le corps, bien que les peaux d\u00e9s\u00e9quilibr\u00e9es ou sujettes \u00e0 l&rsquo;acn\u00e9 obtiendront de meilleurs r\u00e9sultats avec les produits Seabuckthorn, Rose, Frankincense, Sandalwood ou Neroli Best Skin Ever.<\/p>\n<h3 class=\"yikes-custom-woo-tab-title yikes-custom-woo-tab-title-natural-organic-ingredients\">Natural\/Organic Ingredients<\/h3>\n<p><b><strong>Jojoba dor\u00e9 <\/strong><\/b><i><em>(<\/em><\/i><i><em>Simmondsia chinensis) &#8211;<\/em><\/i><b><strong> <\/strong><\/b>Le glorieux jojoba dor\u00e9 est naturel riche en lipides et en peptides qui cr\u00e9ent une peau soyeuse et durable. Elle contient toutes les formes de la vitamine E, un antioxydant naturel, et poss\u00e8de la plus grande quantit\u00e9 de compos\u00e9s ph\u00e9noliques trouv\u00e9s dans les huiles naturel.<\/p>\n<p><b><strong>huile noix de coco vierge<i><em> <\/em><\/i><\/strong><\/b><i><em>(Cocos nucifera) <\/em><\/i>&#8211; L&rsquo;huile de coco est non com\u00e9dog\u00e8ne. Il aide \u00e0 r\u00e9duire l&rsquo;apparence des rides et des ridules, favorise l&rsquo;\u00e9lasticit\u00e9 et hydrate les peaux assoiff\u00e9es. Il prot\u00e8ge la peau des effets n\u00e9fastes des radicaux libres.<\/p>\n<p><b><strong>Cacao<\/strong><\/b> <b><strong>F\u00e8ves <i><em>(<\/em><\/i><\/strong><\/b><i><em>Theobroma cacao + Cocos Nucifera) <\/em><\/i>Infus\u00e9es dans de l&rsquo;huile de noix de coco vierge, les f\u00e8ves de cacao sont intens\u00e9ment hydratantes, lissantes et th\u00e9rapeutiques pour la peau. Leur parfum sensuel et leur matrice complexe de nutriments v\u00e9g\u00e9taux offrent une douce restauration aux tissus assoiff\u00e9s.<\/p>\n<p><b><strong>Gousses de vanille fra\u00eeches infus\u00e9es dans de la noix de coco vierge <\/strong><\/b><i><em>(<\/em><\/i><i><em>Vanilla Planifolia + Cocos Nucifera)<\/em><\/i> &#8211; La vanille d\u00e9gage une sensualit\u00e9 chaleureuse. Nous faisons tremper des gousses de vanille biologiques brutes dans de l&rsquo;huile de noix de coco vierge pure pendant quelques cycles de pleine lune jusqu&rsquo;\u00e0 ce que l&rsquo;essence sensuelle et la nature apaisante de la vanille saturent l&rsquo;huile de noix de coco. Le parfum frais de la vanille \u00e9voque la beaut\u00e9 et le plaisir.<\/p>\n<p><b><strong> huile essentielle huile Rose Otto <\/strong><\/b><i><em>(Rosa damascene)<\/em><\/i> &#8211; La rose otto est la plus m\u00e9dicinale et la plus tonique de toutes les huiles de rose. C&rsquo;est une essence incroyablement \u00e9l\u00e9gante et pr\u00e9cieuse. Il faut soixante roses pour obtenir une seule goutte d&rsquo;huile essentielle de rose otto! L&rsquo;un des extraits les plus appr\u00e9ci\u00e9s au monde sur le plan m\u00e9dicinal, la rose otto ajoute de la r\u00e9silience et de l&rsquo;\u00e9lasticit\u00e9 \u00e0 la peau, acc\u00e9l\u00e8re la cicatrisation et offre de puissantes propri\u00e9t\u00e9s antiseptiques.<\/p>\n<p><b><strong> huile essentielle huile Ylang Ylang <\/strong><\/b><i><em>(<\/em><\/i><i><em>Cananga odorata)<\/em><\/i> <b><strong><i><em>&#8211; <\/em><\/i><\/strong><\/b>Ylang ylang signifie \u00ab\u00a0fleur des fleurs\u00a0\u00bb. Son parfum joyeux et floral embrasse les joues et invite la peau radieuse \u00e0 sortir et \u00e0 jouer. Il harmonise la peau en l&rsquo;hydratant parfaitement.<\/p>\n<p><b><strong> huile essentielle de citron <\/strong><\/b><i><em>(<\/em><\/i><i><em>Citrus limon) &#8211; <\/em><\/i>L&rsquo;huile essentielle de citron clarifie, dynamise et d\u00e9toxifie la peau de la t\u00eate aux pieds. L&rsquo;huile de citron att\u00e9nue l&rsquo;acn\u00e9 et les bosses tout en tonifiant, raffermissant et insufflant \u00e0 la peau l&rsquo;\u00e9nergie et la r\u00e9silience de la jeunesse.<\/p>\n<p><strong><span class=\"ll-product-ingredient-first\">Graine de carotte <\/span><\/strong><em><span class=\"ll-product-ingredient-first\">(<\/span><span class=\"ll-product-ingredient-second\">daucus carota) \u2014 <\/span><\/em> <span class=\"ll-product-ingredient-second\">La dentelle de la reine Anne oint votre visage d&rsquo;une gr\u00e2ce royale. L&rsquo;huile de carotte stimule la production d&rsquo;huile dans des proportions parfaites, quel que soit l&rsquo;\u00e9tat actuel de votre peau. Les peaux huile, s\u00e8ches et mixtes peuvent toutes b\u00e9n\u00e9ficier du pouvoir stimulant et hydratant des graines de carotte.<\/span><\/p>\n\n\t<section class=\"section\" id=\"section_358777989\">\n\t\t<div class=\"section-bg fill\" >\n\t\t\t\t\t\t\t\t\t\n\t\t\t\n\t<div class=\"is-border\"\n\t\tstyle=\"border-color:rgb(235, 235, 235);border-width:0px 0px 0px 0px;\">\n\t<\/div>\n\n\t\t<\/div>\n\n\t\t\n\n\t\t<div class=\"section-content relative\">\n\t\t\t\n\n<div class=\"row row-small align-center\"  id=\"row-487404591\">\n\n\n\t<div id=\"col-333648278\" class=\"col medium-7 small-12 large-7\"  >\n\t\t\t\t<div class=\"col-inner text-center\"  >\n\t\t\t\n\t\t\t\n\n\t<div class=\"img has-hover x md-x lg-x y md-y lg-y\" id=\"image_166063011\">\n\t\t\t\t\t\t\t\t<div class=\"img-inner dark\" >\n\t\t\t<img fetchpriority=\"high\" decoding=\"async\" width=\"442\" height=\"131\" src=\"https:\/\/dutchhealthstore.com\/wp-content\/uploads\/2020\/09\/logo_2_442x.png\" class=\"attachment-original size-original\" alt=\"\" \/>\t\t\t\t\t\t\n\t\t\t\t\t<\/div>\n\t\t\t\t\t\t\t\t\n<style>\n#image_166063011 {\n  width: 58%;\n}\n<\/style>\n\t<\/div>\n\t\n\n\t<div id=\"gap-2069288061\" class=\"gap-element clearfix\" style=\"display:block; height:auto;\">\n\t\t\n<style>\n#gap-2069288061 {\n  padding-top: 50px;\n}\n<\/style>\n\t<\/div>\n\t\n\n<h2 style=\"text-align: center;\">How to Use Our Best Skin Evers<\/h2>\n<p style=\"text-align: center;\">Our Best Skin Evers renew the face and bedew the body and with grace. These all-in-one botanical blends cleanse, moisturize, and nourish the skin. Best Skin Evers are crafted to bring into balance all skin types.<\/p>\n<p style=\"text-align: center;\">Washing the face with pure pressed plant oils is an ancient Ayurvedic and gracious gypsy method to cleanse and gently exfoliate the skin. Nadine designed the Best Skin Evers to be your finest bathing and beauty aide. These oils plus water and a cloth are the simple essentials to cleanse, exfoliate, moisten and bedew.<\/p>\n<h2 style=\"text-align: center;\">Colder Temperature &amp; The Best Skin Evers<\/h2>\n<p>We get almost daily questions about the <a href=\"\/?product_cat=best-skin-ever-2\">Best Skin Evers<\/a>\u00a0and \"bits\" floating in it. I have discussed this before but am more than happy to do it again. The bits you see are pieces of coconut oil. <a href=\"\/?product_cat=best-skin-ever-2\">The Best Skin Evers<\/a> contain coconut oil and this oil (like many others, for that matter) becomes firmer\/harder as the temperature drops. For example; I have a jar of coconut oil in the kitchen drawer at home that is spreadable but definitely not liquid!<\/p>\n<p>We get these bottles delivered this way and it makes sense because on the way on the plane, in the cargo hold, it's cold, in our warehouse it's very cool and dark, so the coconut oil never gets to a point where it can melt.<br \/>And maybe you've experienced it yourself when you've put a bottle, for preservation, in the fridge. Then you can see almost the entire bottle \"solidify\" in a short time.<\/p>\n<p>Fortunately, there is a very simple, effective solution to this; put the bottle in (hand) warm water and the coconut oil (but Tamanu can also cause this problem) will melt. Shake well and it's ready to use!<\/p>\n<p>Pay attention to the pump as well, because you may have tried to use the product and there is also solidified coconut oil in the pump. You can reopen this by putting it in warm water for a while, drying it well and it is ready to use again.<br \/>A bit of work, but yes, it is thanks to the absence of preservatives! And that's a very nice thought then \ud83d\ude09<\/p>\n\t<div id=\"gap-1509082789\" class=\"gap-element clearfix hide-for-small\" style=\"display:block; height:auto;\">\n\t\t\n<style>\n#gap-1509082789 {\n  padding-top: 50px;\n}\n<\/style>\n\t<\/div>\n\t\n\n\n\t\t<\/div>\n\t\t\t\t\t<\/div>\n\n\t\n\n\t<div id=\"col-722156028\" class=\"col medium-5 small-12 large-5\"  >\n\t\t\t\t<div class=\"col-inner box-shadow-2 box-shadow-5-hover\" style=\"background-color:rgb(255, 255, 255);\" >\n\t\t\t\n\t\t\t\n\n\t<div id=\"text-4171656354\" class=\"text\">\n\t\t\n\n<p><span style=\"font-size: 90%;\"><strong>Directions: Washing\/Cleansing your Face with Best Skin Ever<\/strong><\/span><\/p>\n<ol>\n<li><span style=\"font-size: 90%;\">Humidifiez votre tissu avec de l'eau.<\/span><\/li>\n<li><span style=\"font-size: 90%;\">Appliquez une \u00e0 deux pressions de l'un des produits Best Skin Evers sur la partie humide de la d\u00e9barbouillette.<\/span><\/li>\n<li><span style=\"font-size: 90%;\">Massez en douceur votre visage, cou et nuque avec le tissu. Massez plus vigoureusement pour un effet plus exfoliant. Vous pouvez rincer votre peau mais ce n'est pas sp\u00e9cialement n\u00e9cessaire.<\/span><\/li>\n<\/ol>\n<p><span style=\"font-size: 90%;\">Si vous avez besoin de plus d'hydratation, ajoutez une ou deux gouttes de l'un de nos s\u00e9rums Best Skin Evers ou Libations (Rose Glow, Soothsayer, Royal Rose, Sandalwood, Chocolate Karat ou Open Sky) sur le bout de vos doigts et massez le visage et le cou. Si votre peau a tr\u00e8s soif, une cr\u00e8me Libations (Sundew, Rose Glow, All Seeing ou Maverick) vous comblera.<\/span><\/p>\n<p><span style=\"font-size: 90%;\">Vous pouvez \u00e9galement ajouter une goutte ou deux de l'un des s\u00e9rums \u00e0 un peu de l'une des Cr\u00e8mes. Ils se m\u00e9langent tous magnifiquement ensemble.<\/span><\/p>\n<p><span style=\"font-size: 90%;\"><strong>Directions: Using Best Skin Ever on your Body after a Bath or Shower<\/strong><\/span><\/p>\n<ol>\n<li><span style=\"font-size: 90%;\">Laissez le corps mouill\u00e9 apr\u00e8s un bain ou une douche.<\/span><\/li>\n<li><span style=\"font-size: 90%;\">Mouiller un tissu avec de l'eau. Essorez bien.<\/span><\/li>\n<li><span style=\"font-size: 90%;\">Ajoutez une petit quantit\u00e9 de votre Best Skin Ever \u00e0 votre tissu humide.<\/span><\/li>\n<li><span style=\"font-size: 90%;\">Masser tout le corps avec le tissu, de la t\u00eate aux pieds. Massez plus vigoureusement pour un effet plus exfoliant.<\/span><\/li>\n<\/ol>\n\t\t\n<style>\n#text-4171656354 {\n  font-size: 1rem;\n  line-height: 1.75;\n}\n<\/style>\n\t<\/div>\n\t\n\n\t\t<\/div>\n\t\t\t\t\n<style>\n#col-722156028 > .col-inner {\n  padding: 15px 15px 15px 15px;\n}\n<\/style>\n\t<\/div>\n\n\t\n\n\n<style>\n#row-487404591 > .col > .col-inner {\n  padding: 35px 50px 48px 44px;\n}\n<\/style>\n<\/div>\n\n\t\t<\/div>\n\n\t\t\n<style>\n#section_358777989 {\n  padding-top: 34px;\n  padding-bottom: 34px;\n  min-height: 300px;\n}\n<\/style>\n\t<\/section>\n\t\n<p><img decoding=\"async\" class=\"size-medium wp-image-68103 aligncenter\" src=\"https:\/\/dutchhealthstore.com\/wp-content\/uploads\/2018\/02\/Living-Libations-Organic-Logo-800x89.png\" alt=\"Living Libations - Organic Logo\" width=\"800\" height=\"89\" srcset=\"https:\/\/dutchhealthstore.com\/wp-content\/uploads\/2018\/02\/Living-Libations-Organic-Logo-800x89.png 800w, https:\/\/dutchhealthstore.com\/wp-content\/uploads\/2018\/02\/Living-Libations-Organic-Logo-510x57.png 510w, https:\/\/dutchhealthstore.com\/wp-content\/uploads\/2018\/02\/Living-Libations-Organic-Logo-768x85.png 768w, https:\/\/dutchhealthstore.com\/wp-content\/uploads\/2018\/02\/Living-Libations-Organic-Logo.png 1400w\" sizes=\"(max-width: 800px) 100vw, 800px\" \/><\/p>\n\t<div id=\"gap-62323310\" class=\"gap-element clearfix\" style=\"display:block; height:auto;\">\n\t\t\n<style>\n#gap-62323310 {\n  padding-top: 50px;\n}\n<\/style>\n\t<\/div>\n\t\n","protected":false},"excerpt":{"rendered":"<p>Apaisez votre peau s\u00e8che et plongez vos sens dans un cachemire chocolat\u00e9 cr\u00e9meux avec Living Libations <strong>Chocolate Best Skin Ever.<\/strong><\/p>\n<p>Enveloppez votre peau dans la d\u00e9lectable d\u00e9cadence de <strong>Chocolate Best Skin Ever<\/strong> pour un plaisir sucr\u00e9 pour votre peau et vos sens! Cette d\u00e9licieuse et nutritive libation est positivement emball\u00e9e avec des plantes botaniques pures et des huiles essentielles rajeunissantes. Infusez votre peau avec cette confiserie chocolat\u00e9e \u00e0 la vanille apr\u00e8s le bain, la baignade, le bronzage ou la douche. Il est \u00e9galement glorieux comme huile de massage.<\/p>\n<p>Invitez le chocolat \u00e0 s&rsquo;enrouler autour de votre corps comme de la soie. Le chocolat cru et la vanille saturent la noix de coco cr\u00e9meuse, tandis que les baies d&rsquo;argousier et le jojoba laissent la peau se languir d&rsquo;une douceur dor\u00e9e. Des essences de plantes p\u00e9tillantes \u00e9blouissent comme des joyaux aromatiques dans ce magnifique m\u00e9lange de citron-citrine piquant, de rose-octo de quartz et d&rsquo;un baiser de f\u00e9licit\u00e9 d&rsquo;ylang.<\/p>\n","protected":false},"featured_media":197405,"comment_status":"open","ping_status":"closed","template":"","meta":[],"product_brand":[],"product_cat":[2988,1091,2987,1211,1209,1030,1010,1501,1033],"product_tag":[21392,9769,21393,4864,21358],"class_list":{"0":"post-81314","1":"product","2":"type-product","3":"status-publish","4":"has-post-thumbnail","6":"product_cat-best-skin-ever-fr","7":"product_cat-body-oil-fr","8":"product_cat-huiles-lotions","9":"product_cat-living-libations-france","10":"product_cat-par-marques","11":"product_cat-par-produits","12":"product_cat-notre-boutique","13":"product_cat-corps-living-libations","14":"product_cat-body-care-fr","15":"product_tag-corps","16":"product_tag-moisturizer-fr","17":"product_tag-nettoyage","18":"product_tag-skin-fr","19":"product_tag-soins-du-visage","20":"pa_brand-livinglibations-fr","21":"pa_gtin-7439628320321-fr-2","22":"pa_size-30-ml-fr","23":"pa_size-50-ml-fr","24":"pa_size-100-ml-fr","26":"first","27":"instock","28":"taxable","29":"shipping-taxable","30":"purchasable","31":"product-type-variable"},"bundled_by":[],"bundle_stock_status":"instock","bundle_stock_quantity":null,"bundle_virtual":false,"bundle_layout":"","bundle_add_to_cart_form_location":"","bundle_editable_in_cart":false,"bundle_sold_individually_context":"","bundle_item_grouping":"","bundle_min_size":"","bundle_max_size":"","bundle_price":[],"bundled_items":[],"bundle_sell_ids":[105659],"atum_controlled":true,"out_stock_date":null,"out_stock_threshold":null,"inheritable":true,"stock_on_hold":2,"sold_today":0,"sales_last_days":1,"out_stock_days":0,"lost_sales":0,"update_date":"2026-04-09T07:29:24","atum_locations":[],"atum_stock_status":"instock","restock_status":false,"low_stock_amount":"","sales_update_date":"2026-04-09T07:29:24","calc_backorders":null,"group_of_quantity":0,"min_quantity":0,"max_quantity":"","exclude_order_quantity_value_rules":"no","exclude_category_quantity_rules":"no","combine_variations":"no","yoast_head":"<!-- This site is optimized with the Yoast SEO Premium plugin v26.5 (Yoast SEO v26.5) - https:\/\/yoast.com\/wordpress\/plugins\/seo\/ -->\n<title>Best Skin Ever Chocolate | Living Libations<\/title>\n<meta name=\"description\" content=\"Notre Chocolate Best Skin Ever est une huile corporelle sensuelle et soyeuse, riche en lipides qui s&#039;enfonce dans le corps comme un chocolat chaud.\" \/>\n<meta name=\"robots\" content=\"index, follow, max-snippet:-1, max-image-preview:large, max-video-preview:-1\" \/>\n<link rel=\"canonical\" href=\"https:\/\/dutchhealthstore.com\/fr\/product\/best-skin-ever-chocolate\/\" \/>\n<meta property=\"og:locale\" content=\"fr_FR\" \/>\n<meta property=\"og:type\" content=\"article\" \/>\n<meta property=\"og:title\" content=\"Best Skin Ever - Chocolate - Dutch Health Store\" \/>\n<meta property=\"og:description\" content=\"Notre Chocolate Best Skin Ever est une huile corporelle sensuelle et soyeuse, riche en lipides qui s&#039;enfonce dans le corps comme un chocolat chaud.\" \/>\n<meta property=\"og:url\" content=\"https:\/\/dutchhealthstore.com\/fr\/product\/best-skin-ever-chocolate\/\" \/>\n<meta property=\"og:site_name\" content=\"Dutch Health Store\" \/>\n<meta property=\"article:publisher\" content=\"https:\/\/www.instagram.com\/dutchhealthstore\/\" \/>\n<meta property=\"article:modified_time\" content=\"2025-12-23T09:44:36+00:00\" \/>\n<meta property=\"og:image\" content=\"https:\/\/dutchhealthstore.com\/wp-content\/uploads\/2018\/02\/bse-chocolate-100.jpg\" \/>\n\t<meta property=\"og:image:width\" content=\"500\" \/>\n\t<meta property=\"og:image:height\" content=\"500\" \/>\n\t<meta property=\"og:image:type\" content=\"image\/jpeg\" \/>\n<meta name=\"twitter:card\" content=\"summary_large_image\" \/>\n<meta name=\"twitter:label1\" content=\"Disponibilit\u00e9\" \/>\n\t<meta name=\"twitter:data1\" content=\"En stock\" \/>\n<script type=\"application\/ld+json\" class=\"yoast-schema-graph\">{\"@context\":\"https:\/\/schema.org\",\"@graph\":[{\"@type\":\"WebPage\",\"@id\":\"https:\/\/dutchhealthstore.com\/fr\/product\/best-skin-ever-chocolate\/\",\"url\":\"https:\/\/dutchhealthstore.com\/fr\/product\/best-skin-ever-chocolate\/\",\"name\":\"Best Skin Ever Chocolate | Living Libations\",\"isPartOf\":{\"@id\":\"https:\/\/dutchhealthstore.com\/fr\/#website\"},\"primaryImageOfPage\":{\"@id\":\"https:\/\/dutchhealthstore.com\/fr\/product\/best-skin-ever-chocolate\/#primaryimage\"},\"image\":{\"@id\":\"https:\/\/dutchhealthstore.com\/fr\/product\/best-skin-ever-chocolate\/#primaryimage\"},\"thumbnailUrl\":\"https:\/\/dutchhealthstore.com\/wp-content\/uploads\/2018\/02\/bse-chocolate-100.jpg\",\"datePublished\":\"2018-02-10T19:37:15+00:00\",\"dateModified\":\"2025-12-23T09:44:36+00:00\",\"description\":\"Notre Chocolate Best Skin Ever est une huile corporelle sensuelle et soyeuse, riche en lipides qui s'enfonce dans le corps comme un chocolat chaud.\",\"breadcrumb\":{\"@id\":\"https:\/\/dutchhealthstore.com\/fr\/product\/best-skin-ever-chocolate\/#breadcrumb\"},\"inLanguage\":\"fr-FR\",\"potentialAction\":[{\"@type\":\"ReadAction\",\"target\":[\"https:\/\/dutchhealthstore.com\/fr\/product\/best-skin-ever-chocolate\/\"]}]},{\"@type\":\"ImageObject\",\"inLanguage\":\"fr-FR\",\"@id\":\"https:\/\/dutchhealthstore.com\/fr\/product\/best-skin-ever-chocolate\/#primaryimage\",\"url\":\"https:\/\/dutchhealthstore.com\/wp-content\/uploads\/2018\/02\/bse-chocolate-100.jpg\",\"contentUrl\":\"https:\/\/dutchhealthstore.com\/wp-content\/uploads\/2018\/02\/bse-chocolate-100.jpg\",\"width\":500,\"height\":500,\"caption\":\"bse chocolate 100\"},{\"@type\":\"BreadcrumbList\",\"@id\":\"https:\/\/dutchhealthstore.com\/fr\/product\/best-skin-ever-chocolate\/#breadcrumb\",\"itemListElement\":[{\"@type\":\"ListItem\",\"position\":1,\"name\":\"Home\",\"item\":\"https:\/\/dutchhealthstore.com\/fr\/\"},{\"@type\":\"ListItem\",\"position\":2,\"name\":\"Shop\",\"item\":\"https:\/\/dutchhealthstore.com\/fr\/shop\/\"},{\"@type\":\"ListItem\",\"position\":3,\"name\":\"Best Skin Ever &#8211; Chocolate\"}]},{\"@type\":\"WebSite\",\"@id\":\"https:\/\/dutchhealthstore.com\/fr\/#website\",\"url\":\"https:\/\/dutchhealthstore.com\/fr\/\",\"name\":\"Dutch Health Store\",\"description\":\"Enhance Your Beauty with Organic &amp; Natural Skincare\",\"publisher\":{\"@id\":\"https:\/\/dutchhealthstore.com\/fr\/#organization\"},\"potentialAction\":[{\"@type\":\"SearchAction\",\"target\":{\"@type\":\"EntryPoint\",\"urlTemplate\":\"https:\/\/dutchhealthstore.com\/fr\/?s={search_term_string}\"},\"query-input\":{\"@type\":\"PropertyValueSpecification\",\"valueRequired\":true,\"valueName\":\"search_term_string\"}}],\"inLanguage\":\"fr-FR\"},{\"@type\":\"Organization\",\"@id\":\"https:\/\/dutchhealthstore.com\/fr\/#organization\",\"name\":\"Dutch Health Store\",\"url\":\"https:\/\/dutchhealthstore.com\/fr\/\",\"logo\":{\"@type\":\"ImageObject\",\"inLanguage\":\"fr-FR\",\"@id\":\"https:\/\/dutchhealthstore.com\/fr\/#\/schema\/logo\/image\/\",\"url\":\"https:\/\/dutchhealthstore.com\/wp-content\/uploads\/2020\/08\/logo-dutchhealthstore-jpg-e1599484957574.jpg\",\"contentUrl\":\"https:\/\/dutchhealthstore.com\/wp-content\/uploads\/2020\/08\/logo-dutchhealthstore-jpg-e1599484957574.jpg\",\"width\":400,\"height\":62,\"caption\":\"Dutch Health Store\"},\"image\":{\"@id\":\"https:\/\/dutchhealthstore.com\/fr\/#\/schema\/logo\/image\/\"},\"sameAs\":[\"https:\/\/www.instagram.com\/dutchhealthstore\/\",\"https:\/\/www.facebook.com\/dutchhealthstore\"]}]}<\/script>\n<meta property=\"product:brand\" content=\"Living Libations\" \/>\n<meta property=\"og:availability\" content=\"instock\" \/>\n<meta property=\"product:availability\" content=\"instock\" \/>\n<meta property=\"product:condition\" content=\"new\" \/>\n<!-- \/ Yoast SEO Premium plugin. -->","yoast_head_json":{"title":"Best Skin Ever Chocolate | Living Libations","description":"Notre Chocolate Best Skin Ever est une huile corporelle sensuelle et soyeuse, riche en lipides qui s'enfonce dans le corps comme un chocolat chaud.","robots":{"index":"index","follow":"follow","max-snippet":"max-snippet:-1","max-image-preview":"max-image-preview:large","max-video-preview":"max-video-preview:-1"},"canonical":"https:\/\/dutchhealthstore.com\/fr\/product\/best-skin-ever-chocolate\/","og_locale":"fr_FR","og_type":"article","og_title":"Best Skin Ever - Chocolate - Dutch Health Store","og_description":"Notre Chocolate Best Skin Ever est une huile corporelle sensuelle et soyeuse, riche en lipides qui s'enfonce dans le corps comme un chocolat chaud.","og_url":"https:\/\/dutchhealthstore.com\/fr\/product\/best-skin-ever-chocolate\/","og_site_name":"Dutch Health Store","article_publisher":"https:\/\/www.instagram.com\/dutchhealthstore\/","article_modified_time":"2025-12-23T09:44:36+00:00","og_image":[{"width":500,"height":500,"url":"https:\/\/dutchhealthstore.com\/wp-content\/uploads\/2018\/02\/bse-chocolate-100.jpg","type":"image\/jpeg"}],"twitter_card":"summary_large_image","twitter_misc":{"Disponibilit\u00e9":"En stock"},"schema":{"@context":"https:\/\/schema.org","@graph":[{"@type":"WebPage","@id":"https:\/\/dutchhealthstore.com\/fr\/product\/best-skin-ever-chocolate\/","url":"https:\/\/dutchhealthstore.com\/fr\/product\/best-skin-ever-chocolate\/","name":"Best Skin Ever Chocolate | Living Libations","isPartOf":{"@id":"https:\/\/dutchhealthstore.com\/fr\/#website"},"primaryImageOfPage":{"@id":"https:\/\/dutchhealthstore.com\/fr\/product\/best-skin-ever-chocolate\/#primaryimage"},"image":{"@id":"https:\/\/dutchhealthstore.com\/fr\/product\/best-skin-ever-chocolate\/#primaryimage"},"thumbnailUrl":"https:\/\/dutchhealthstore.com\/wp-content\/uploads\/2018\/02\/bse-chocolate-100.jpg","datePublished":"2018-02-10T19:37:15+00:00","dateModified":"2025-12-23T09:44:36+00:00","description":"Notre Chocolate Best Skin Ever est une huile corporelle sensuelle et soyeuse, riche en lipides qui s'enfonce dans le corps comme un chocolat chaud.","breadcrumb":{"@id":"https:\/\/dutchhealthstore.com\/fr\/product\/best-skin-ever-chocolate\/#breadcrumb"},"inLanguage":"fr-FR","potentialAction":[{"@type":"ReadAction","target":["https:\/\/dutchhealthstore.com\/fr\/product\/best-skin-ever-chocolate\/"]}]},{"@type":"ImageObject","inLanguage":"fr-FR","@id":"https:\/\/dutchhealthstore.com\/fr\/product\/best-skin-ever-chocolate\/#primaryimage","url":"https:\/\/dutchhealthstore.com\/wp-content\/uploads\/2018\/02\/bse-chocolate-100.jpg","contentUrl":"https:\/\/dutchhealthstore.com\/wp-content\/uploads\/2018\/02\/bse-chocolate-100.jpg","width":500,"height":500,"caption":"bse chocolate 100"},{"@type":"BreadcrumbList","@id":"https:\/\/dutchhealthstore.com\/fr\/product\/best-skin-ever-chocolate\/#breadcrumb","itemListElement":[{"@type":"ListItem","position":1,"name":"Home","item":"https:\/\/dutchhealthstore.com\/fr\/"},{"@type":"ListItem","position":2,"name":"Shop","item":"https:\/\/dutchhealthstore.com\/fr\/shop\/"},{"@type":"ListItem","position":3,"name":"Best Skin Ever &#8211; Chocolate"}]},{"@type":"WebSite","@id":"https:\/\/dutchhealthstore.com\/fr\/#website","url":"https:\/\/dutchhealthstore.com\/fr\/","name":"Dutch Health Store","description":"Enhance Your Beauty with Organic &amp; Natural Skincare","publisher":{"@id":"https:\/\/dutchhealthstore.com\/fr\/#organization"},"potentialAction":[{"@type":"SearchAction","target":{"@type":"EntryPoint","urlTemplate":"https:\/\/dutchhealthstore.com\/fr\/?s={search_term_string}"},"query-input":{"@type":"PropertyValueSpecification","valueRequired":true,"valueName":"search_term_string"}}],"inLanguage":"fr-FR"},{"@type":"Organization","@id":"https:\/\/dutchhealthstore.com\/fr\/#organization","name":"Dutch Health Store","url":"https:\/\/dutchhealthstore.com\/fr\/","logo":{"@type":"ImageObject","inLanguage":"fr-FR","@id":"https:\/\/dutchhealthstore.com\/fr\/#\/schema\/logo\/image\/","url":"https:\/\/dutchhealthstore.com\/wp-content\/uploads\/2020\/08\/logo-dutchhealthstore-jpg-e1599484957574.jpg","contentUrl":"https:\/\/dutchhealthstore.com\/wp-content\/uploads\/2020\/08\/logo-dutchhealthstore-jpg-e1599484957574.jpg","width":400,"height":62,"caption":"Dutch Health Store"},"image":{"@id":"https:\/\/dutchhealthstore.com\/fr\/#\/schema\/logo\/image\/"},"sameAs":["https:\/\/www.instagram.com\/dutchhealthstore\/","https:\/\/www.facebook.com\/dutchhealthstore"]}]},"product_brand":"Living Libations","og_availability":"instock","product_availability":"instock","product_condition":"new"},"_links":{"self":[{"href":"https:\/\/dutchhealthstore.com\/fr\/wp-json\/wp\/v2\/product\/81314","targetHints":{"allow":["GET"]}}],"collection":[{"href":"https:\/\/dutchhealthstore.com\/fr\/wp-json\/wp\/v2\/product"}],"about":[{"href":"https:\/\/dutchhealthstore.com\/fr\/wp-json\/wp\/v2\/types\/product"}],"replies":[{"embeddable":true,"href":"https:\/\/dutchhealthstore.com\/fr\/wp-json\/wp\/v2\/comments?post=81314"}],"wp:featuredmedia":[{"embeddable":true,"href":"https:\/\/dutchhealthstore.com\/fr\/wp-json\/wp\/v2\/media\/197405"}],"wp:attachment":[{"href":"https:\/\/dutchhealthstore.com\/fr\/wp-json\/wp\/v2\/media?parent=81314"}],"wp:term":[{"taxonomy":"product_brand","embeddable":true,"href":"https:\/\/dutchhealthstore.com\/fr\/wp-json\/wp\/v2\/product_brand?post=81314"},{"taxonomy":"product_cat","embeddable":true,"href":"https:\/\/dutchhealthstore.com\/fr\/wp-json\/wp\/v2\/product_cat?post=81314"},{"taxonomy":"product_tag","embeddable":true,"href":"https:\/\/dutchhealthstore.com\/fr\/wp-json\/wp\/v2\/product_tag?post=81314"}],"curies":[{"name":"wp","href":"https:\/\/api.w.org\/{rel}","templated":true}]}}