{"id":70731,"date":"2019-05-02T11:06:09","date_gmt":"2019-05-02T09:06:09","guid":{"rendered":"https:\/\/dutchhealthstore.com\/product\/zen-in-a-jar-reishi-spore-triterpene-crystals\/"},"modified":"2025-04-29T13:46:55","modified_gmt":"2025-04-29T11:46:55","slug":"zen-in-a-jar-reishi-spore-triterpene-crystals","status":"publish","type":"product","link":"https:\/\/dutchhealthstore.com\/fr\/product\/zen-in-a-jar-reishi-spore-triterpene-crystals\/","title":{"rendered":"Zen in a Jar &#8211; Reishi Spore Triterpene Crystals"},"content":{"rendered":"<p><img decoding=\"async\" class=\"size-full wp-image-56271 alignright\" src=\"https:\/\/dutchhealthstore.com\/wp-content\/uploads\/2019\/05\/logo-navi-organics-5.jpg\" alt=\"logo navi organics 5\" width=\"200\" height=\"207\" srcset=\"https:\/\/dutchhealthstore.com\/wp-content\/uploads\/2019\/05\/logo-navi-organics-5.jpg 200w, https:\/\/dutchhealthstore.com\/wp-content\/uploads\/2019\/05\/logo-navi-organics-5-32x32.jpg 32w\" sizes=\"(max-width: 200px) 100vw, 200px\" \/>Ces <strong>Reishi Triterpene Crystals<\/strong> surpuissants sont extraits des spores des champignons Reishi Duanwood \u00e0 l&rsquo;aide d&rsquo;une technologie d&rsquo;extraction au CO2 supercritique de pointe.<\/p>\n<p>Les triterp\u00e8nes sont les composants les plus actifs du champignon Reishi v\u00e9n\u00e9r\u00e9 et ont \u00e9t\u00e9 extraits ici dans leur forme la plus pure. Zen in-a Jar est un produit puissant et hautement concentr\u00e9 \u00e0 base de triterp\u00e8ne Reishi pur.<\/p>\n<p>Des \u00e9tudes men\u00e9es sur les propri\u00e9t\u00e9s des triterp\u00e8nes ont montr\u00e9 qu&rsquo;ils peuvent avoir une puissante action anti-inflammatoire, de soutien immunitaire, d&rsquo;\u00e9quilibre hormonal et de protection pour l&rsquo;ensemble de votre syst\u00e8me !<\/p>\n<p>Absolument exempt d&rsquo;additifs et de charges, d&rsquo;ingr\u00e9dients synth\u00e9tiques, de conservateurs, de farines et autres agents de charge, d&rsquo;OGM, de produits laitiers et de gluten. Test\u00e9 et certifi\u00e9 pur de toute contamination par des m\u00e9taux lourds, des moisissures, des produits chimiques et des bact\u00e9ries.<\/p>\n<p>Conditionnement en bocaux de verre ambr\u00e9 dans nos locaux certifi\u00e9s bio. Na&rsquo;vi se consacre \u00e0 l&rsquo;approvisionnement en super aliments et en herbes toniques de la plus haute qualit\u00e9 provenant des zones les plus vierges de notre plan\u00e8te.<\/p>\n<h3>Comment utiliser<\/h3>\n<p>Commencez par 1\/4 de cuill\u00e8re \u00e0 caf\u00e9 pour voir si cela vous convient, puis augmentez la dose si n\u00e9cessaire. Peut \u00eatre pris 3 fois par jour.<\/p>\n<p>A noter que cette poudre est tr\u00e8s am\u00e8re en raison de l&rsquo;intense concentration de triterp\u00e8ne.<\/p>\n<h3><strong>Taille : 45 gr<\/strong><\/h3>\n<h3>Ingr\u00e9dients<\/h3>\n<p>* Poudre de cristaux de triterp\u00e8nes de spores de Reishi. Spores de champignons Reishi <em>(Ganoderma Lucidum)<\/em> cultiv\u00e9s dans le bois de Duan.<\/p>\n<p>Sans agent de remplissage ni conservateur.<br \/>\nProduit provenant de Chine.<\/p>\n<h3>Notre politique d&rsquo;approvisionnement<\/h3>\n<p>Au fil des ans, dans notre recherche des aliments et des herbes les plus vitaux et les plus favorables \u00e0 la vie (une passion qui a donn\u00e9 naissance \u00e0 Na&rsquo;vi Organics), nous avons essay\u00e9 de nombreux aliments, herbes et extraits diff\u00e9rents provenant du monde entier.<\/p>\n<p>Nous sommes fiers que 99 % de nos produits proviennent directement des cultivateurs ou des producteurs, et non de fournisseurs tiers. Cela nous permet de garantir que notre stock est toujours le plus frais possible, et nous savons \u00e9galement que nous payons directement les producteurs en leur garantissant qu&rsquo;ils obtiennent ce qu&rsquo;ils souhaitent pour leurs produits. L&rsquo;\u00e9tablissement de relations de longue date avec nos fournisseurs est \u00e9galement tr\u00e8s important pour nous &#8211; nous sommes ravis des amiti\u00e9s que nous avons nou\u00e9es avec certains de nos producteurs et de la joie de faire des affaires de cette mani\u00e8re.<\/p>\n<p>Nous avons recherch\u00e9 des producteurs passionn\u00e9s par leurs produits et bon nombre des produits que nous stockons sont uniques au Royaume-Uni.<\/p>\n<h4>Approvisionnement en Chine<\/h4>\n<p>Jusqu&rsquo;\u00e0 il y a quelques ann\u00e9es (2015), nous ne nous approvisionnions pas en produits en provenance de Chine en raison de la difficult\u00e9 que nous avons rencontr\u00e9e pour trouver des fournisseurs ayant un v\u00e9ritable engagement \u00e0 fournir une qualit\u00e9 \u00e9lev\u00e9e et constante de sources non contamin\u00e9es d&rsquo;herbes toniques. Nous avons poursuivi nos recherches, car nous savions que, lorsqu&rsquo;elles sont correctement appliqu\u00e9es, les pr\u00e9cieuses connaissances de la m\u00e9decine traditionnelle chinoise ne peuvent \u00eatre surpass\u00e9es. Gr\u00e2ce \u00e0 leur longue histoire d&rsquo;utilisation et d&rsquo;\u00e9tude de leurs plantes traditionnelles, ils savent exactement ce qui est n\u00e9cessaire pour produire les meilleurs rem\u00e8des fonctionnels \u00e0 base de plantes. Les herboristes sont tr\u00e8s appr\u00e9ci\u00e9s dans la culture chinoise. Savoir o\u00f9 et quand r\u00e9colter et comment traiter les herbes m\u00e9dicinales est un art tr\u00e8s prestigieux.<\/p>\n<p>En 2015, nous avons eu la chance de trouver un merveilleux producteur avec qui travailler en Chine. Ils ont une politique d&rsquo;approvisionnement tr\u00e8s stricte et une connaissance approfondie et passionn\u00e9e de la m\u00e9decine traditionnelle chinoise. Apr\u00e8s avoir go\u00fbt\u00e9 leurs produits et appris \u00e0 les conna\u00eetre, nous avons \u00e9t\u00e9 satisfaits de leur engagement en faveur d&rsquo;un approvisionnement propre, d&rsquo;une qualit\u00e9 \u00e9lev\u00e9e et de l&rsquo;attention port\u00e9e aux d\u00e9tails lors du traitement. Gr\u00e2ce \u00e0 ce nouveau partenariat, nous avons commenc\u00e9 \u00e0 proposer une gamme s\u00e9lectionn\u00e9e d&rsquo;herbes toniques.<\/p>\n<p>Depuis que nous avons d\u00e9cid\u00e9 de stocker certains produits fabriqu\u00e9s en Chine, nous avons commenc\u00e9 \u00e0 recevoir des courriels de clients exprimant leur inqui\u00e9tude quant aux polluants environnementaux potentiels. En r\u00e9ponse \u00e0 cela, tous nos produits fabriqu\u00e9s en Chine ont des certificats d&rsquo;analyse disponibles sur demande et nous avons \u00e9galement rassembl\u00e9 quelques mots dans un document PDF qui r\u00e9pond directement \u00e0 ces pr\u00e9occupations. Veuillez cliquer sur le lien ci-dessous pour lire le document complet :<\/p>\n<p><a title=\"Politique d'approvisionnement en Chine - Na'vi Organics\" href=\"https:\/\/cdn.shopify.com\/s\/files\/1\/1345\/0641\/files\/Chinese_Sourcing_Policy_Na_vi_Organics.pdf?8089518323479107043\" target=\"_blank\" rel=\"noopener noreferrer\">Politique d&rsquo;approvisionnement en Chine &#8211; Na&rsquo;vi Organics<\/a><\/p>\n","protected":false},"excerpt":{"rendered":"<p>Ces<strong> Reishi Triterpene Crystals<\/strong> surpuissants sont extraits des spores des champignons Reishi Duanwood \u00e0 l&rsquo;aide d&rsquo;une technologie d&rsquo;extraction au CO2 supercritique de pointe.<\/p>\n<p>Les triterp\u00e8nes sont les composants les plus actifs du champignon Reishi v\u00e9n\u00e9r\u00e9 et ont \u00e9t\u00e9 extraits ici dans leur forme la plus pure. Zen in-a Jar est un produit puissant et hautement concentr\u00e9 \u00e0 base de triterp\u00e8ne Reishi pur.<\/p>\n","protected":false},"featured_media":56074,"comment_status":"open","ping_status":"closed","template":"","meta":[],"product_brand":[],"product_cat":[9966,4384,4383,8466,1209,8467,8980,1010,8786],"product_tag":[21534,21775,21516,21515],"class_list":{"0":"post-70731","1":"product","2":"type-product","3":"status-publish","4":"has-post-thumbnail","6":"product_cat-mushrooms-fr-2","7":"product_cat-tonic-herbs-fr-2","8":"product_cat-navi-organics-fr","9":"product_cat-nutrition-fr","10":"product_cat-par-marques","11":"product_cat-health-fr-2","12":"product_cat-optimum-health-fr-2","13":"product_cat-notre-boutique","14":"product_cat-superfoods-herbals-fr-2","15":"product_tag-lesprit","16":"product_tag-nutrition-fr","17":"product_tag-sante-optimale","18":"product_tag-superfood-fr","19":"pa_brand-naviorganics-fr","20":"pa_health-productype-optimum-health-fr","21":"pa_herbals-product-type-champignons-fr","22":"pa_size-45g-fr","24":"first","25":"outofstock","26":"taxable","27":"shipping-taxable","28":"purchasable","29":"product-type-simple"},"bundled_by":[],"bundle_stock_status":"outofstock","bundle_stock_quantity":0,"bundle_virtual":false,"bundle_layout":"","bundle_add_to_cart_form_location":"","bundle_editable_in_cart":false,"bundle_sold_individually_context":"","bundle_item_grouping":"","bundle_min_size":"","bundle_max_size":"","bundle_price":[],"bundled_items":[],"bundle_sell_ids":[],"atum_controlled":true,"out_stock_date":"2025-10-25 18:56:33","out_stock_threshold":null,"inheritable":false,"stock_on_hold":0,"sold_today":0,"sales_last_days":0,"out_stock_days":171,"lost_sales":0,"update_date":"2026-04-15T00:04:28","atum_locations":[],"atum_stock_status":"outofstock","restock_status":false,"low_stock_amount":"","sales_update_date":"2026-04-15T00:04:28","calc_backorders":null,"group_of_quantity":0,"min_quantity":0,"max_quantity":"","exclude_order_quantity_value_rules":"no","exclude_category_quantity_rules":"no","combine_variations":"no","yoast_head":"<!-- This site is optimized with the Yoast SEO Premium plugin v26.5 (Yoast SEO v26.5) - https:\/\/yoast.com\/wordpress\/plugins\/seo\/ -->\n<title>Zen in a Jar - Reishi Spore Triterpene Chrystals | Na\u00b4vi Organics<\/title>\n<meta name=\"description\" content=\"Nos Reishi Triterpene Crystals surpuissants sont extraits des spores des champignons Reishi de Duanwood.\" \/>\n<meta name=\"robots\" content=\"index, follow, max-snippet:-1, max-image-preview:large, max-video-preview:-1\" \/>\n<link rel=\"canonical\" href=\"https:\/\/dutchhealthstore.com\/fr\/product\/zen-in-a-jar-reishi-spore-triterpene-crystals\/\" \/>\n<meta property=\"og:locale\" content=\"fr_FR\" \/>\n<meta property=\"og:type\" content=\"article\" \/>\n<meta property=\"og:title\" content=\"Zen in a Jar - Reishi Spore Triterpene Crystals - Dutch Health Store\" \/>\n<meta property=\"og:description\" content=\"Nos Reishi Triterpene Crystals surpuissants sont extraits des spores des champignons Reishi de Duanwood.\" \/>\n<meta property=\"og:url\" content=\"https:\/\/dutchhealthstore.com\/fr\/product\/zen-in-a-jar-reishi-spore-triterpene-crystals\/\" \/>\n<meta property=\"og:site_name\" content=\"Dutch Health Store\" \/>\n<meta property=\"article:publisher\" content=\"https:\/\/www.instagram.com\/dutchhealthstore\/\" \/>\n<meta property=\"article:modified_time\" content=\"2025-04-29T11:46:55+00:00\" \/>\n<meta property=\"og:image\" content=\"https:\/\/dutchhealthstore.com\/wp-content\/uploads\/2019\/05\/Navi-Organics-Zen-in-a-Jar-Reishi-Spore-Triterpene-Crystals.jpg\" \/>\n\t<meta property=\"og:image:width\" content=\"510\" \/>\n\t<meta property=\"og:image:height\" content=\"600\" \/>\n\t<meta property=\"og:image:type\" content=\"image\/jpeg\" \/>\n<meta name=\"twitter:card\" content=\"summary_large_image\" \/>\n<meta name=\"twitter:label1\" content=\"Prix\" \/>\n\t<meta name=\"twitter:data1\" content=\"&euro;48,00\" \/>\n\t<meta name=\"twitter:label2\" content=\"Disponibilit\u00e9\" \/>\n\t<meta name=\"twitter:data2\" content=\"Rupture de stock\" \/>\n<script type=\"application\/ld+json\" class=\"yoast-schema-graph\">{\"@context\":\"https:\/\/schema.org\",\"@graph\":[{\"@type\":\"WebPage\",\"@id\":\"https:\/\/dutchhealthstore.com\/fr\/product\/zen-in-a-jar-reishi-spore-triterpene-crystals\/\",\"url\":\"https:\/\/dutchhealthstore.com\/fr\/product\/zen-in-a-jar-reishi-spore-triterpene-crystals\/\",\"name\":\"Zen in a Jar - Reishi Spore Triterpene Chrystals | Na\u00b4vi Organics\",\"isPartOf\":{\"@id\":\"https:\/\/dutchhealthstore.com\/fr\/#website\"},\"primaryImageOfPage\":{\"@id\":\"https:\/\/dutchhealthstore.com\/fr\/product\/zen-in-a-jar-reishi-spore-triterpene-crystals\/#primaryimage\"},\"image\":{\"@id\":\"https:\/\/dutchhealthstore.com\/fr\/product\/zen-in-a-jar-reishi-spore-triterpene-crystals\/#primaryimage\"},\"thumbnailUrl\":\"https:\/\/dutchhealthstore.com\/wp-content\/uploads\/2019\/05\/Navi-Organics-Zen-in-a-Jar-Reishi-Spore-Triterpene-Crystals.jpg\",\"datePublished\":\"2019-05-02T09:06:09+00:00\",\"dateModified\":\"2025-04-29T11:46:55+00:00\",\"description\":\"Nos Reishi Triterpene Crystals surpuissants sont extraits des spores des champignons Reishi de Duanwood.\",\"breadcrumb\":{\"@id\":\"https:\/\/dutchhealthstore.com\/fr\/product\/zen-in-a-jar-reishi-spore-triterpene-crystals\/#breadcrumb\"},\"inLanguage\":\"fr-FR\",\"potentialAction\":[{\"@type\":\"ReadAction\",\"target\":[\"https:\/\/dutchhealthstore.com\/fr\/product\/zen-in-a-jar-reishi-spore-triterpene-crystals\/\"]}]},{\"@type\":\"ImageObject\",\"inLanguage\":\"fr-FR\",\"@id\":\"https:\/\/dutchhealthstore.com\/fr\/product\/zen-in-a-jar-reishi-spore-triterpene-crystals\/#primaryimage\",\"url\":\"https:\/\/dutchhealthstore.com\/wp-content\/uploads\/2019\/05\/Navi-Organics-Zen-in-a-Jar-Reishi-Spore-Triterpene-Crystals.jpg\",\"contentUrl\":\"https:\/\/dutchhealthstore.com\/wp-content\/uploads\/2019\/05\/Navi-Organics-Zen-in-a-Jar-Reishi-Spore-Triterpene-Crystals.jpg\",\"width\":510,\"height\":600,\"caption\":\"Navi Organics-Zen in a Jar - Reishi Spore Triterpene Crystals\"},{\"@type\":\"BreadcrumbList\",\"@id\":\"https:\/\/dutchhealthstore.com\/fr\/product\/zen-in-a-jar-reishi-spore-triterpene-crystals\/#breadcrumb\",\"itemListElement\":[{\"@type\":\"ListItem\",\"position\":1,\"name\":\"Home\",\"item\":\"https:\/\/dutchhealthstore.com\/fr\/\"},{\"@type\":\"ListItem\",\"position\":2,\"name\":\"Shop\",\"item\":\"https:\/\/dutchhealthstore.com\/fr\/shop\/\"},{\"@type\":\"ListItem\",\"position\":3,\"name\":\"Zen in a Jar &#8211; Reishi Spore Triterpene Crystals\"}]},{\"@type\":\"WebSite\",\"@id\":\"https:\/\/dutchhealthstore.com\/fr\/#website\",\"url\":\"https:\/\/dutchhealthstore.com\/fr\/\",\"name\":\"Dutch Health Store\",\"description\":\"Enhance Your Beauty with Organic &amp; Natural Skincare\",\"publisher\":{\"@id\":\"https:\/\/dutchhealthstore.com\/fr\/#organization\"},\"potentialAction\":[{\"@type\":\"SearchAction\",\"target\":{\"@type\":\"EntryPoint\",\"urlTemplate\":\"https:\/\/dutchhealthstore.com\/fr\/?s={search_term_string}\"},\"query-input\":{\"@type\":\"PropertyValueSpecification\",\"valueRequired\":true,\"valueName\":\"search_term_string\"}}],\"inLanguage\":\"fr-FR\"},{\"@type\":\"Organization\",\"@id\":\"https:\/\/dutchhealthstore.com\/fr\/#organization\",\"name\":\"Dutch Health Store\",\"url\":\"https:\/\/dutchhealthstore.com\/fr\/\",\"logo\":{\"@type\":\"ImageObject\",\"inLanguage\":\"fr-FR\",\"@id\":\"https:\/\/dutchhealthstore.com\/fr\/#\/schema\/logo\/image\/\",\"url\":\"https:\/\/dutchhealthstore.com\/wp-content\/uploads\/2020\/08\/logo-dutchhealthstore-jpg-e1599484957574.jpg\",\"contentUrl\":\"https:\/\/dutchhealthstore.com\/wp-content\/uploads\/2020\/08\/logo-dutchhealthstore-jpg-e1599484957574.jpg\",\"width\":400,\"height\":62,\"caption\":\"Dutch Health Store\"},\"image\":{\"@id\":\"https:\/\/dutchhealthstore.com\/fr\/#\/schema\/logo\/image\/\"},\"sameAs\":[\"https:\/\/www.instagram.com\/dutchhealthstore\/\",\"https:\/\/www.facebook.com\/dutchhealthstore\"]}]}<\/script>\n<meta property=\"product:brand\" content=\"Na\u00b4Vi Organics\" \/>\n<meta property=\"product:price:amount\" content=\"48.00\" \/>\n<meta property=\"product:price:currency\" content=\"EUR\" \/>\n<meta property=\"og:availability\" content=\"out of stock\" \/>\n<meta property=\"product:availability\" content=\"out of stock\" \/>\n<meta property=\"product:condition\" content=\"new\" \/>\n<!-- \/ Yoast SEO Premium plugin. -->","yoast_head_json":{"title":"Zen in a Jar - Reishi Spore Triterpene Chrystals | Na\u00b4vi Organics","description":"Nos Reishi Triterpene Crystals surpuissants sont extraits des spores des champignons Reishi de Duanwood.","robots":{"index":"index","follow":"follow","max-snippet":"max-snippet:-1","max-image-preview":"max-image-preview:large","max-video-preview":"max-video-preview:-1"},"canonical":"https:\/\/dutchhealthstore.com\/fr\/product\/zen-in-a-jar-reishi-spore-triterpene-crystals\/","og_locale":"fr_FR","og_type":"article","og_title":"Zen in a Jar - Reishi Spore Triterpene Crystals - Dutch Health Store","og_description":"Nos Reishi Triterpene Crystals surpuissants sont extraits des spores des champignons Reishi de Duanwood.","og_url":"https:\/\/dutchhealthstore.com\/fr\/product\/zen-in-a-jar-reishi-spore-triterpene-crystals\/","og_site_name":"Dutch Health Store","article_publisher":"https:\/\/www.instagram.com\/dutchhealthstore\/","article_modified_time":"2025-04-29T11:46:55+00:00","og_image":[{"width":510,"height":600,"url":"https:\/\/dutchhealthstore.com\/wp-content\/uploads\/2019\/05\/Navi-Organics-Zen-in-a-Jar-Reishi-Spore-Triterpene-Crystals.jpg","type":"image\/jpeg"}],"twitter_card":"summary_large_image","twitter_misc":{"Prix":"&euro;48,00","Disponibilit\u00e9":"Rupture de stock"},"schema":{"@context":"https:\/\/schema.org","@graph":[{"@type":"WebPage","@id":"https:\/\/dutchhealthstore.com\/fr\/product\/zen-in-a-jar-reishi-spore-triterpene-crystals\/","url":"https:\/\/dutchhealthstore.com\/fr\/product\/zen-in-a-jar-reishi-spore-triterpene-crystals\/","name":"Zen in a Jar - Reishi Spore Triterpene Chrystals | Na\u00b4vi Organics","isPartOf":{"@id":"https:\/\/dutchhealthstore.com\/fr\/#website"},"primaryImageOfPage":{"@id":"https:\/\/dutchhealthstore.com\/fr\/product\/zen-in-a-jar-reishi-spore-triterpene-crystals\/#primaryimage"},"image":{"@id":"https:\/\/dutchhealthstore.com\/fr\/product\/zen-in-a-jar-reishi-spore-triterpene-crystals\/#primaryimage"},"thumbnailUrl":"https:\/\/dutchhealthstore.com\/wp-content\/uploads\/2019\/05\/Navi-Organics-Zen-in-a-Jar-Reishi-Spore-Triterpene-Crystals.jpg","datePublished":"2019-05-02T09:06:09+00:00","dateModified":"2025-04-29T11:46:55+00:00","description":"Nos Reishi Triterpene Crystals surpuissants sont extraits des spores des champignons Reishi de Duanwood.","breadcrumb":{"@id":"https:\/\/dutchhealthstore.com\/fr\/product\/zen-in-a-jar-reishi-spore-triterpene-crystals\/#breadcrumb"},"inLanguage":"fr-FR","potentialAction":[{"@type":"ReadAction","target":["https:\/\/dutchhealthstore.com\/fr\/product\/zen-in-a-jar-reishi-spore-triterpene-crystals\/"]}]},{"@type":"ImageObject","inLanguage":"fr-FR","@id":"https:\/\/dutchhealthstore.com\/fr\/product\/zen-in-a-jar-reishi-spore-triterpene-crystals\/#primaryimage","url":"https:\/\/dutchhealthstore.com\/wp-content\/uploads\/2019\/05\/Navi-Organics-Zen-in-a-Jar-Reishi-Spore-Triterpene-Crystals.jpg","contentUrl":"https:\/\/dutchhealthstore.com\/wp-content\/uploads\/2019\/05\/Navi-Organics-Zen-in-a-Jar-Reishi-Spore-Triterpene-Crystals.jpg","width":510,"height":600,"caption":"Navi Organics-Zen in a Jar - Reishi Spore Triterpene Crystals"},{"@type":"BreadcrumbList","@id":"https:\/\/dutchhealthstore.com\/fr\/product\/zen-in-a-jar-reishi-spore-triterpene-crystals\/#breadcrumb","itemListElement":[{"@type":"ListItem","position":1,"name":"Home","item":"https:\/\/dutchhealthstore.com\/fr\/"},{"@type":"ListItem","position":2,"name":"Shop","item":"https:\/\/dutchhealthstore.com\/fr\/shop\/"},{"@type":"ListItem","position":3,"name":"Zen in a Jar &#8211; Reishi Spore Triterpene Crystals"}]},{"@type":"WebSite","@id":"https:\/\/dutchhealthstore.com\/fr\/#website","url":"https:\/\/dutchhealthstore.com\/fr\/","name":"Dutch Health Store","description":"Enhance Your Beauty with Organic &amp; Natural Skincare","publisher":{"@id":"https:\/\/dutchhealthstore.com\/fr\/#organization"},"potentialAction":[{"@type":"SearchAction","target":{"@type":"EntryPoint","urlTemplate":"https:\/\/dutchhealthstore.com\/fr\/?s={search_term_string}"},"query-input":{"@type":"PropertyValueSpecification","valueRequired":true,"valueName":"search_term_string"}}],"inLanguage":"fr-FR"},{"@type":"Organization","@id":"https:\/\/dutchhealthstore.com\/fr\/#organization","name":"Dutch Health Store","url":"https:\/\/dutchhealthstore.com\/fr\/","logo":{"@type":"ImageObject","inLanguage":"fr-FR","@id":"https:\/\/dutchhealthstore.com\/fr\/#\/schema\/logo\/image\/","url":"https:\/\/dutchhealthstore.com\/wp-content\/uploads\/2020\/08\/logo-dutchhealthstore-jpg-e1599484957574.jpg","contentUrl":"https:\/\/dutchhealthstore.com\/wp-content\/uploads\/2020\/08\/logo-dutchhealthstore-jpg-e1599484957574.jpg","width":400,"height":62,"caption":"Dutch Health Store"},"image":{"@id":"https:\/\/dutchhealthstore.com\/fr\/#\/schema\/logo\/image\/"},"sameAs":["https:\/\/www.instagram.com\/dutchhealthstore\/","https:\/\/www.facebook.com\/dutchhealthstore"]}]},"product_brand":"Na\u00b4Vi Organics","product_price_amount":"48.00","product_price_currency":"EUR","og_availability":"out of stock","product_availability":"out of stock","product_condition":"new"},"_links":{"self":[{"href":"https:\/\/dutchhealthstore.com\/fr\/wp-json\/wp\/v2\/product\/70731","targetHints":{"allow":["GET"]}}],"collection":[{"href":"https:\/\/dutchhealthstore.com\/fr\/wp-json\/wp\/v2\/product"}],"about":[{"href":"https:\/\/dutchhealthstore.com\/fr\/wp-json\/wp\/v2\/types\/product"}],"replies":[{"embeddable":true,"href":"https:\/\/dutchhealthstore.com\/fr\/wp-json\/wp\/v2\/comments?post=70731"}],"wp:featuredmedia":[{"embeddable":true,"href":"https:\/\/dutchhealthstore.com\/fr\/wp-json\/wp\/v2\/media\/56074"}],"wp:attachment":[{"href":"https:\/\/dutchhealthstore.com\/fr\/wp-json\/wp\/v2\/media?parent=70731"}],"wp:term":[{"taxonomy":"product_brand","embeddable":true,"href":"https:\/\/dutchhealthstore.com\/fr\/wp-json\/wp\/v2\/product_brand?post=70731"},{"taxonomy":"product_cat","embeddable":true,"href":"https:\/\/dutchhealthstore.com\/fr\/wp-json\/wp\/v2\/product_cat?post=70731"},{"taxonomy":"product_tag","embeddable":true,"href":"https:\/\/dutchhealthstore.com\/fr\/wp-json\/wp\/v2\/product_tag?post=70731"}],"curies":[{"name":"wp","href":"https:\/\/api.w.org\/{rel}","templated":true}]}}