{"id":70668,"date":"2019-05-02T17:19:44","date_gmt":"2019-05-02T15:19:44","guid":{"rendered":"https:\/\/dutchhealthstore.com\/product\/full-spectrum-astragalus-root-extract-powder-superior-quality\/"},"modified":"2024-11-15T16:34:12","modified_gmt":"2024-11-15T15:34:12","slug":"full-spectrum-astragalus-root-extract-powder-superior-quality","status":"publish","type":"product","link":"https:\/\/dutchhealthstore.com\/fr\/product\/full-spectrum-astragalus-root-extract-powder-superior-quality\/","title":{"rendered":"Full Spectrum Astragalus Root Extract Powder &#8211; Superior Quality"},"content":{"rendered":"<div class=\"mg-description\">\n<p><strong><img decoding=\"async\" class=\"size-full wp-image-56271 alignright\" src=\"https:\/\/dutchhealthstore.com\/wp-content\/uploads\/2019\/05\/logo-navi-organics-5.jpg\" alt=\"logo navi organics 5\" width=\"200\" height=\"207\" srcset=\"https:\/\/dutchhealthstore.com\/wp-content\/uploads\/2019\/05\/logo-navi-organics-5.jpg 200w, https:\/\/dutchhealthstore.com\/wp-content\/uploads\/2019\/05\/logo-navi-organics-5-32x32.jpg 32w\" sizes=\"(max-width: 200px) 100vw, 200px\" \/>L&rsquo;astragale<\/strong> est l&rsquo;un des plus grands genres de plantes \u00e0 fleurs de la famille des l\u00e9gumineuses.<br \/>\nDans les \u00e9tudes pharmacologiques, les extraits bruts d&rsquo;astragale, ainsi que les constituants isol\u00e9s, ont montr\u00e9 des activit\u00e9s anti-inflammatoires, immunostimulantes, antioxydantes, antidiab\u00e9tiques, cardioprotectrices, h\u00e9patoprotectrices et antivirales.<\/p>\n<p>Les plantes d&rsquo;Astragalus L., herbes annuelles ou vivaces, sous-arbrisseaux ou arbustes, sont largement r\u00e9pandues dans les r\u00e9gions temp\u00e9r\u00e9es et arides. Jusqu&rsquo;\u00e0 pr\u00e9sent, le genre a \u00e9t\u00e9 estim\u00e9 \u00e0 2000-3000 esp\u00e8ces et plus de 250 sections taxonomiques dans le monde.<br \/>\nLes racines s\u00e9ch\u00e9es de certaines esp\u00e8ces cultiv\u00e9es en Asie de l&rsquo;Est sont bien utilis\u00e9es dans les m\u00e9decines traditionnelles chinoises (TCM).<\/p>\n<p>Cette <strong>Racine d&rsquo;Astragale<\/strong> est extraite \u00e0 l&rsquo;aide d&rsquo;eau purifi\u00e9e et trait\u00e9e conform\u00e9ment \u00e0 la sagesse ancestrale de la m\u00e9decine traditionnelle chinoise. Un processus sp\u00e9cial \u00e0 temp\u00e9rature contr\u00f4l\u00e9e est utilis\u00e9 pour s&rsquo;adapter parfaitement aux caract\u00e9ristiques de la racine, garantissant que tous les composants naturelet les plus pr\u00e9cieux peuvent \u00eatre captur\u00e9s dans l&rsquo;extrait dans les m\u00eames proportions que dans la plante originale, cr\u00e9ant ainsi un extrait parfait \u00e0 spectre complet.<\/p>\n<p>Toutes les poudres d&rsquo;extraits d&rsquo;herbes toniques sont produites avec la plus haute qualit\u00e9 en utilisant une technologie de pointe qui permet aux extraits liquides d&rsquo;\u00eatre soigneusement d\u00e9shydrat\u00e9s en une poudre microfine qui se dissout \u00e0 nouveau dans n&rsquo;importe quel liquide ou eau chaude.<\/p>\n<p>Ils sont livr\u00e9s dans des r\u00e9cipients en verre fonc\u00e9 et sont absolument exempts d&rsquo;additifs et d&rsquo;agents de remplissage, d&rsquo;ingr\u00e9dients synth\u00e9tiques, de conservateurs, de farines et d&rsquo;autres agents de charge, d&rsquo;OGM, de produits laitiers et de gluten, et chaque poudre est minutieusement test\u00e9e pour d\u00e9tecter les m\u00e9taux lourds, les pesticides et autres contaminants &#8211; un certificat d&rsquo;analyse est disponible sur demande pour chaque extrait de plantes.<\/p>\n<h3>Comment utiliser<\/h3>\n<p>1\/2 cuill\u00e8re \u00e0 caf\u00e9 avec de l&rsquo;eau chaude, ou ajout\u00e9e \u00e0 votre th\u00e9, smoothie ou boisson pr\u00e9f\u00e9r\u00e9e. Peut \u00e9galement \u00eatre saupoudr\u00e9 sur la salade ou les aliments chauds.<\/p>\n<h3><strong>Taille : 90 gr<\/strong><\/h3>\n<h3>Ingr\u00e9dients<\/h3>\n<p>* <span id=\":7q.co\" class=\"tL8wMe EMoHub\" dir=\"ltr\">Extrait \u00e0 spectre complet 10:1 de racine d&rsquo;astragale <em>(Astragalus membranaceus)<\/em><\/span><\/p>\n<p>Sans agent de remplissage ni conservateur.<br \/>\nProduit de Chine.<\/p>\n<h3>Notre politique d&rsquo;approvisionnement<\/h3>\n<p>Au fil des ans, dans notre recherche des aliments et des herbes les plus vitaux et les plus favorables \u00e0 la vie (une passion qui a donn\u00e9 naissance \u00e0 Na&rsquo;vi Organics), nous avons essay\u00e9 de nombreux aliments, herbes et extraits diff\u00e9rents provenant du monde entier.<\/p>\n<p>Nous sommes fiers que 99 % de nos produits proviennent directement des cultivateurs ou des producteurs, et non de fournisseurs tiers. Cela nous permet de garantir que notre stock est toujours le plus frais possible, et nous savons \u00e9galement que nous payons directement les producteurs en leur garantissant qu&rsquo;ils obtiennent ce qu&rsquo;ils souhaitent pour leurs produits. L&rsquo;\u00e9tablissement de relations de longue date avec nos fournisseurs est \u00e9galement tr\u00e8s important pour nous &#8211; nous sommes ravis des amiti\u00e9s que nous avons nou\u00e9es avec certains de nos producteurs et de la joie de faire des affaires de cette mani\u00e8re.<\/p>\n<p>Nous avons recherch\u00e9 des producteurs passionn\u00e9s par leurs produits et bon nombre des produits que nous stockons sont uniques au Royaume-Uni.<\/p>\n<h4>Approvisionnement en Chine<\/h4>\n<p>Jusqu&rsquo;\u00e0 il y a quelques ann\u00e9es (2015), nous ne nous approvisionnions pas en produits en provenance de Chine en raison de la difficult\u00e9 que nous avons rencontr\u00e9e pour trouver des fournisseurs ayant un v\u00e9ritable engagement \u00e0 fournir une qualit\u00e9 \u00e9lev\u00e9e et constante de sources non contamin\u00e9es d&rsquo;herbes toniques. Nous avons poursuivi nos recherches, car nous savions que, lorsqu&rsquo;elles sont correctement appliqu\u00e9es, les pr\u00e9cieuses connaissances de la m\u00e9decine traditionnelle chinoise ne peuvent \u00eatre surpass\u00e9es. Gr\u00e2ce \u00e0 leur longue histoire d&rsquo;utilisation et d&rsquo;\u00e9tude de leurs plantes traditionnelles, ils savent exactement ce qui est n\u00e9cessaire pour produire les meilleurs rem\u00e8des fonctionnels \u00e0 base de plantes. Les herboristes sont tr\u00e8s appr\u00e9ci\u00e9s dans la culture chinoise. Savoir o\u00f9 et quand r\u00e9colter et comment traiter les herbes m\u00e9dicinales est un art tr\u00e8s prestigieux.<\/p>\n<p>En 2015, nous avons eu la chance de trouver un merveilleux producteur avec qui travailler en Chine. Ils ont une politique d&rsquo;approvisionnement tr\u00e8s stricte et une connaissance approfondie et passionn\u00e9e de la m\u00e9decine traditionnelle chinoise. Apr\u00e8s avoir go\u00fbt\u00e9 leurs produits et appris \u00e0 les conna\u00eetre, nous avons \u00e9t\u00e9 satisfaits de leur engagement en faveur d&rsquo;un approvisionnement propre, d&rsquo;une qualit\u00e9 \u00e9lev\u00e9e et de l&rsquo;attention port\u00e9e aux d\u00e9tails lors du traitement. Gr\u00e2ce \u00e0 ce nouveau partenariat, nous avons commenc\u00e9 \u00e0 proposer une gamme s\u00e9lectionn\u00e9e d&rsquo;herbes toniques.<\/p>\n<p>Depuis que nous avons d\u00e9cid\u00e9 de stocker certains produits fabriqu\u00e9s en Chine, nous avons commenc\u00e9 \u00e0 recevoir des courriels de clients exprimant leur inqui\u00e9tude quant aux polluants environnementaux potentiels. En r\u00e9ponse \u00e0 cela, tous nos produits fabriqu\u00e9s en Chine ont des certificats d&rsquo;analyse disponibles sur demande et nous avons \u00e9galement rassembl\u00e9 quelques mots dans un document PDF qui r\u00e9pond directement \u00e0 ces pr\u00e9occupations. Veuillez cliquer sur le lien ci-dessous pour lire le document complet :<\/p>\n<p><a title=\"Politique d'approvisionnement en Chine - Na'vi Organics\" href=\"https:\/\/cdn.shopify.com\/s\/files\/1\/1345\/0641\/files\/Chinese_Sourcing_Policy_Na_vi_Organics.pdf?8089518323479107043\" target=\"_blank\" rel=\"noopener noreferrer\">Politique d&rsquo;approvisionnement en Chine &#8211; Na&rsquo;vi Organics<\/a><\/p>\n<h3>Analyses de produits<\/h3>\n<p>Veuillez cliquer sur le lien ci-dessous pour lire le certificat d&rsquo;analyse du produit.<\/p>\n<p><a href=\"https:\/\/dutchhealthstore.com\/wp-content\/uploads\/2019\/05\/Astragalus-Extract-Powder-CoA.pdf\" target=\"_blank\" rel=\"noopener noreferrer\"><img decoding=\"async\" class=\"alignleft wp-image-56302\" src=\"https:\/\/dutchhealthstore.com\/wp-content\/uploads\/2019\/05\/logo-pdf-navi-organics.jpg\" alt=\"logo pdf navi organics\" width=\"100\" height=\"104\"><\/a><\/p>\n<\/div>\n","protected":false},"excerpt":{"rendered":"<p><strong>L&rsquo;astragale<\/strong> est l&rsquo;un des plus grands genres de plantes \u00e0 fleurs de la famille des l\u00e9gumineuses.<br \/>\nDans les \u00e9tudes pharmacologiques, les extraits bruts d&rsquo;astragale, ainsi que les constituants isol\u00e9s, ont montr\u00e9 des activit\u00e9s anti-inflammatoires, immunostimulantes, antioxydantes, antidiab\u00e9tiques, cardioprotectrices, h\u00e9patoprotectrices et antivirales.<\/p>\n<p>Les plantes d&rsquo;Astragalus L., herbes annuelles ou vivaces, sous-arbrisseaux ou arbustes, sont largement r\u00e9pandues dans les r\u00e9gions temp\u00e9r\u00e9es et arides. Jusqu&rsquo;\u00e0 pr\u00e9sent, le genre a \u00e9t\u00e9 estim\u00e9 \u00e0 2000-3000 esp\u00e8ces et plus de 250 sections taxonomiques dans le monde.<br \/>\nLes racines s\u00e9ch\u00e9es de certaines esp\u00e8ces cultiv\u00e9es en Asie de l&rsquo;Est sont bien utilis\u00e9es dans les m\u00e9decines traditionnelles chinoises (TCM).<\/p>\n","protected":false},"featured_media":56120,"comment_status":"open","ping_status":"closed","template":"","meta":[],"product_brand":[],"product_cat":[4384,8981,4383,8466,1209,8467,8980,1010,4400,8786],"product_tag":[4388],"class_list":{"0":"post-70668","1":"product","2":"type-product","3":"status-publish","4":"has-post-thumbnail","6":"product_cat-tonic-herbs-fr-2","7":"product_cat-herbal-blends-fr-2","8":"product_cat-navi-organics-fr","9":"product_cat-nutrition-fr","10":"product_cat-par-marques","11":"product_cat-health-fr-2","12":"product_cat-optimum-health-fr-2","13":"product_cat-notre-boutique","14":"product_cat-superfoods-fr-2","15":"product_cat-superfoods-herbals-fr-2","16":"product_tag-organic-fr","17":"pa_brand-naviorganics-fr","18":"pa_health-productype-optimum-health-fr","19":"pa_herbals-product-type-melanges-dherbes","20":"pa_size-90-gr-fr","22":"first","23":"instock","24":"taxable","25":"shipping-taxable","26":"purchasable","27":"product-type-simple"},"bundled_by":[],"bundle_stock_status":"instock","bundle_stock_quantity":1,"bundle_virtual":false,"bundle_layout":"","bundle_add_to_cart_form_location":"","bundle_editable_in_cart":false,"bundle_sold_individually_context":"","bundle_item_grouping":"","bundle_min_size":"","bundle_max_size":"","bundle_price":[],"bundled_items":[],"bundle_sell_ids":[],"atum_controlled":true,"out_stock_date":null,"out_stock_threshold":null,"inheritable":false,"stock_on_hold":3,"sold_today":0,"sales_last_days":0,"out_stock_days":0,"lost_sales":0,"update_date":"2026-04-13T07:21:19","atum_locations":[],"atum_stock_status":"instock","restock_status":false,"low_stock_amount":"","sales_update_date":"2026-04-13T07:21:19","calc_backorders":null,"group_of_quantity":0,"min_quantity":0,"max_quantity":"","exclude_order_quantity_value_rules":"no","exclude_category_quantity_rules":"no","combine_variations":"no","yoast_head":"<!-- This site is optimized with the Yoast SEO Premium plugin v26.5 (Yoast SEO v26.5) - https:\/\/yoast.com\/wordpress\/plugins\/seo\/ -->\n<title>Full Spectrum Astragalus Root Extract Powder | Na\u00b4vi Organics<\/title>\n<meta name=\"description\" content=\"Cette racine d&#039;astragale est extraite \u00e0 l&#039;aide d&#039;eau purifi\u00e9e et trait\u00e9e conform\u00e9ment \u00e0 la sagesse ancestrale de la m\u00e9decine traditionnelle chinoise.\" \/>\n<meta name=\"robots\" content=\"index, follow, max-snippet:-1, max-image-preview:large, max-video-preview:-1\" \/>\n<link rel=\"canonical\" href=\"https:\/\/dutchhealthstore.com\/fr\/product\/full-spectrum-astragalus-root-extract-powder-superior-quality\/\" \/>\n<meta property=\"og:locale\" content=\"fr_FR\" \/>\n<meta property=\"og:type\" content=\"article\" \/>\n<meta property=\"og:title\" content=\"Full Spectrum Astragalus Root Extract Powder - Superior Quality - Dutch Health Store\" \/>\n<meta property=\"og:description\" content=\"Cette racine d&#039;astragale est extraite \u00e0 l&#039;aide d&#039;eau purifi\u00e9e et trait\u00e9e conform\u00e9ment \u00e0 la sagesse ancestrale de la m\u00e9decine traditionnelle chinoise.\" \/>\n<meta property=\"og:url\" content=\"https:\/\/dutchhealthstore.com\/fr\/product\/full-spectrum-astragalus-root-extract-powder-superior-quality\/\" \/>\n<meta property=\"og:site_name\" content=\"Dutch Health Store\" \/>\n<meta property=\"article:publisher\" content=\"https:\/\/www.instagram.com\/dutchhealthstore\/\" \/>\n<meta property=\"article:modified_time\" content=\"2024-11-15T15:34:12+00:00\" \/>\n<meta property=\"og:image\" content=\"https:\/\/dutchhealthstore.com\/wp-content\/uploads\/2019\/05\/Navi-Organics-Full-Spectrum-Astragalus-Root-Extract-Powder-1.jpg\" \/>\n\t<meta property=\"og:image:width\" content=\"510\" \/>\n\t<meta property=\"og:image:height\" content=\"600\" \/>\n\t<meta property=\"og:image:type\" content=\"image\/jpeg\" \/>\n<meta name=\"twitter:card\" content=\"summary_large_image\" \/>\n<meta name=\"twitter:label1\" content=\"Prix\" \/>\n\t<meta name=\"twitter:data1\" content=\"&euro;30,00\" \/>\n\t<meta name=\"twitter:label2\" content=\"Disponibilit\u00e9\" \/>\n\t<meta name=\"twitter:data2\" content=\"En stock\" \/>\n<script type=\"application\/ld+json\" class=\"yoast-schema-graph\">{\"@context\":\"https:\/\/schema.org\",\"@graph\":[{\"@type\":\"WebPage\",\"@id\":\"https:\/\/dutchhealthstore.com\/fr\/product\/full-spectrum-astragalus-root-extract-powder-superior-quality\/\",\"url\":\"https:\/\/dutchhealthstore.com\/fr\/product\/full-spectrum-astragalus-root-extract-powder-superior-quality\/\",\"name\":\"Full Spectrum Astragalus Root Extract Powder | Na\u00b4vi Organics\",\"isPartOf\":{\"@id\":\"https:\/\/dutchhealthstore.com\/fr\/#website\"},\"primaryImageOfPage\":{\"@id\":\"https:\/\/dutchhealthstore.com\/fr\/product\/full-spectrum-astragalus-root-extract-powder-superior-quality\/#primaryimage\"},\"image\":{\"@id\":\"https:\/\/dutchhealthstore.com\/fr\/product\/full-spectrum-astragalus-root-extract-powder-superior-quality\/#primaryimage\"},\"thumbnailUrl\":\"https:\/\/dutchhealthstore.com\/wp-content\/uploads\/2019\/05\/Navi-Organics-Full-Spectrum-Astragalus-Root-Extract-Powder-1.jpg\",\"datePublished\":\"2019-05-02T15:19:44+00:00\",\"dateModified\":\"2024-11-15T15:34:12+00:00\",\"description\":\"Cette racine d'astragale est extraite \u00e0 l'aide d'eau purifi\u00e9e et trait\u00e9e conform\u00e9ment \u00e0 la sagesse ancestrale de la m\u00e9decine traditionnelle chinoise.\",\"breadcrumb\":{\"@id\":\"https:\/\/dutchhealthstore.com\/fr\/product\/full-spectrum-astragalus-root-extract-powder-superior-quality\/#breadcrumb\"},\"inLanguage\":\"fr-FR\",\"potentialAction\":[{\"@type\":\"ReadAction\",\"target\":[\"https:\/\/dutchhealthstore.com\/fr\/product\/full-spectrum-astragalus-root-extract-powder-superior-quality\/\"]}]},{\"@type\":\"ImageObject\",\"inLanguage\":\"fr-FR\",\"@id\":\"https:\/\/dutchhealthstore.com\/fr\/product\/full-spectrum-astragalus-root-extract-powder-superior-quality\/#primaryimage\",\"url\":\"https:\/\/dutchhealthstore.com\/wp-content\/uploads\/2019\/05\/Navi-Organics-Full-Spectrum-Astragalus-Root-Extract-Powder-1.jpg\",\"contentUrl\":\"https:\/\/dutchhealthstore.com\/wp-content\/uploads\/2019\/05\/Navi-Organics-Full-Spectrum-Astragalus-Root-Extract-Powder-1.jpg\",\"width\":510,\"height\":600,\"caption\":\"Navi Organics - Full Spectrum Astragalus Root Extract Powder 1\"},{\"@type\":\"BreadcrumbList\",\"@id\":\"https:\/\/dutchhealthstore.com\/fr\/product\/full-spectrum-astragalus-root-extract-powder-superior-quality\/#breadcrumb\",\"itemListElement\":[{\"@type\":\"ListItem\",\"position\":1,\"name\":\"Home\",\"item\":\"https:\/\/dutchhealthstore.com\/fr\/\"},{\"@type\":\"ListItem\",\"position\":2,\"name\":\"Shop\",\"item\":\"https:\/\/dutchhealthstore.com\/fr\/shop\/\"},{\"@type\":\"ListItem\",\"position\":3,\"name\":\"Full Spectrum Astragalus Root Extract Powder &#8211; Superior Quality\"}]},{\"@type\":\"WebSite\",\"@id\":\"https:\/\/dutchhealthstore.com\/fr\/#website\",\"url\":\"https:\/\/dutchhealthstore.com\/fr\/\",\"name\":\"Dutch Health Store\",\"description\":\"Enhance Your Beauty with Organic &amp; Natural Skincare\",\"publisher\":{\"@id\":\"https:\/\/dutchhealthstore.com\/fr\/#organization\"},\"potentialAction\":[{\"@type\":\"SearchAction\",\"target\":{\"@type\":\"EntryPoint\",\"urlTemplate\":\"https:\/\/dutchhealthstore.com\/fr\/?s={search_term_string}\"},\"query-input\":{\"@type\":\"PropertyValueSpecification\",\"valueRequired\":true,\"valueName\":\"search_term_string\"}}],\"inLanguage\":\"fr-FR\"},{\"@type\":\"Organization\",\"@id\":\"https:\/\/dutchhealthstore.com\/fr\/#organization\",\"name\":\"Dutch Health Store\",\"url\":\"https:\/\/dutchhealthstore.com\/fr\/\",\"logo\":{\"@type\":\"ImageObject\",\"inLanguage\":\"fr-FR\",\"@id\":\"https:\/\/dutchhealthstore.com\/fr\/#\/schema\/logo\/image\/\",\"url\":\"https:\/\/dutchhealthstore.com\/wp-content\/uploads\/2020\/08\/logo-dutchhealthstore-jpg-e1599484957574.jpg\",\"contentUrl\":\"https:\/\/dutchhealthstore.com\/wp-content\/uploads\/2020\/08\/logo-dutchhealthstore-jpg-e1599484957574.jpg\",\"width\":400,\"height\":62,\"caption\":\"Dutch Health Store\"},\"image\":{\"@id\":\"https:\/\/dutchhealthstore.com\/fr\/#\/schema\/logo\/image\/\"},\"sameAs\":[\"https:\/\/www.instagram.com\/dutchhealthstore\/\",\"https:\/\/www.facebook.com\/dutchhealthstore\"]}]}<\/script>\n<meta property=\"product:brand\" content=\"Na\u00b4Vi Organics\" \/>\n<meta property=\"product:price:amount\" content=\"30.00\" \/>\n<meta property=\"product:price:currency\" content=\"EUR\" \/>\n<meta property=\"og:availability\" content=\"instock\" \/>\n<meta property=\"product:availability\" content=\"instock\" \/>\n<meta property=\"product:condition\" content=\"new\" \/>\n<!-- \/ Yoast SEO Premium plugin. -->","yoast_head_json":{"title":"Full Spectrum Astragalus Root Extract Powder | Na\u00b4vi Organics","description":"Cette racine d'astragale est extraite \u00e0 l'aide d'eau purifi\u00e9e et trait\u00e9e conform\u00e9ment \u00e0 la sagesse ancestrale de la m\u00e9decine traditionnelle chinoise.","robots":{"index":"index","follow":"follow","max-snippet":"max-snippet:-1","max-image-preview":"max-image-preview:large","max-video-preview":"max-video-preview:-1"},"canonical":"https:\/\/dutchhealthstore.com\/fr\/product\/full-spectrum-astragalus-root-extract-powder-superior-quality\/","og_locale":"fr_FR","og_type":"article","og_title":"Full Spectrum Astragalus Root Extract Powder - Superior Quality - Dutch Health Store","og_description":"Cette racine d'astragale est extraite \u00e0 l'aide d'eau purifi\u00e9e et trait\u00e9e conform\u00e9ment \u00e0 la sagesse ancestrale de la m\u00e9decine traditionnelle chinoise.","og_url":"https:\/\/dutchhealthstore.com\/fr\/product\/full-spectrum-astragalus-root-extract-powder-superior-quality\/","og_site_name":"Dutch Health Store","article_publisher":"https:\/\/www.instagram.com\/dutchhealthstore\/","article_modified_time":"2024-11-15T15:34:12+00:00","og_image":[{"width":510,"height":600,"url":"https:\/\/dutchhealthstore.com\/wp-content\/uploads\/2019\/05\/Navi-Organics-Full-Spectrum-Astragalus-Root-Extract-Powder-1.jpg","type":"image\/jpeg"}],"twitter_card":"summary_large_image","twitter_misc":{"Prix":"&euro;30,00","Disponibilit\u00e9":"En stock"},"schema":{"@context":"https:\/\/schema.org","@graph":[{"@type":"WebPage","@id":"https:\/\/dutchhealthstore.com\/fr\/product\/full-spectrum-astragalus-root-extract-powder-superior-quality\/","url":"https:\/\/dutchhealthstore.com\/fr\/product\/full-spectrum-astragalus-root-extract-powder-superior-quality\/","name":"Full Spectrum Astragalus Root Extract Powder | Na\u00b4vi Organics","isPartOf":{"@id":"https:\/\/dutchhealthstore.com\/fr\/#website"},"primaryImageOfPage":{"@id":"https:\/\/dutchhealthstore.com\/fr\/product\/full-spectrum-astragalus-root-extract-powder-superior-quality\/#primaryimage"},"image":{"@id":"https:\/\/dutchhealthstore.com\/fr\/product\/full-spectrum-astragalus-root-extract-powder-superior-quality\/#primaryimage"},"thumbnailUrl":"https:\/\/dutchhealthstore.com\/wp-content\/uploads\/2019\/05\/Navi-Organics-Full-Spectrum-Astragalus-Root-Extract-Powder-1.jpg","datePublished":"2019-05-02T15:19:44+00:00","dateModified":"2024-11-15T15:34:12+00:00","description":"Cette racine d'astragale est extraite \u00e0 l'aide d'eau purifi\u00e9e et trait\u00e9e conform\u00e9ment \u00e0 la sagesse ancestrale de la m\u00e9decine traditionnelle chinoise.","breadcrumb":{"@id":"https:\/\/dutchhealthstore.com\/fr\/product\/full-spectrum-astragalus-root-extract-powder-superior-quality\/#breadcrumb"},"inLanguage":"fr-FR","potentialAction":[{"@type":"ReadAction","target":["https:\/\/dutchhealthstore.com\/fr\/product\/full-spectrum-astragalus-root-extract-powder-superior-quality\/"]}]},{"@type":"ImageObject","inLanguage":"fr-FR","@id":"https:\/\/dutchhealthstore.com\/fr\/product\/full-spectrum-astragalus-root-extract-powder-superior-quality\/#primaryimage","url":"https:\/\/dutchhealthstore.com\/wp-content\/uploads\/2019\/05\/Navi-Organics-Full-Spectrum-Astragalus-Root-Extract-Powder-1.jpg","contentUrl":"https:\/\/dutchhealthstore.com\/wp-content\/uploads\/2019\/05\/Navi-Organics-Full-Spectrum-Astragalus-Root-Extract-Powder-1.jpg","width":510,"height":600,"caption":"Navi Organics - Full Spectrum Astragalus Root Extract Powder 1"},{"@type":"BreadcrumbList","@id":"https:\/\/dutchhealthstore.com\/fr\/product\/full-spectrum-astragalus-root-extract-powder-superior-quality\/#breadcrumb","itemListElement":[{"@type":"ListItem","position":1,"name":"Home","item":"https:\/\/dutchhealthstore.com\/fr\/"},{"@type":"ListItem","position":2,"name":"Shop","item":"https:\/\/dutchhealthstore.com\/fr\/shop\/"},{"@type":"ListItem","position":3,"name":"Full Spectrum Astragalus Root Extract Powder &#8211; Superior Quality"}]},{"@type":"WebSite","@id":"https:\/\/dutchhealthstore.com\/fr\/#website","url":"https:\/\/dutchhealthstore.com\/fr\/","name":"Dutch Health Store","description":"Enhance Your Beauty with Organic &amp; Natural Skincare","publisher":{"@id":"https:\/\/dutchhealthstore.com\/fr\/#organization"},"potentialAction":[{"@type":"SearchAction","target":{"@type":"EntryPoint","urlTemplate":"https:\/\/dutchhealthstore.com\/fr\/?s={search_term_string}"},"query-input":{"@type":"PropertyValueSpecification","valueRequired":true,"valueName":"search_term_string"}}],"inLanguage":"fr-FR"},{"@type":"Organization","@id":"https:\/\/dutchhealthstore.com\/fr\/#organization","name":"Dutch Health Store","url":"https:\/\/dutchhealthstore.com\/fr\/","logo":{"@type":"ImageObject","inLanguage":"fr-FR","@id":"https:\/\/dutchhealthstore.com\/fr\/#\/schema\/logo\/image\/","url":"https:\/\/dutchhealthstore.com\/wp-content\/uploads\/2020\/08\/logo-dutchhealthstore-jpg-e1599484957574.jpg","contentUrl":"https:\/\/dutchhealthstore.com\/wp-content\/uploads\/2020\/08\/logo-dutchhealthstore-jpg-e1599484957574.jpg","width":400,"height":62,"caption":"Dutch Health Store"},"image":{"@id":"https:\/\/dutchhealthstore.com\/fr\/#\/schema\/logo\/image\/"},"sameAs":["https:\/\/www.instagram.com\/dutchhealthstore\/","https:\/\/www.facebook.com\/dutchhealthstore"]}]},"product_brand":"Na\u00b4Vi Organics","product_price_amount":"30.00","product_price_currency":"EUR","og_availability":"instock","product_availability":"instock","product_condition":"new"},"_links":{"self":[{"href":"https:\/\/dutchhealthstore.com\/fr\/wp-json\/wp\/v2\/product\/70668","targetHints":{"allow":["GET"]}}],"collection":[{"href":"https:\/\/dutchhealthstore.com\/fr\/wp-json\/wp\/v2\/product"}],"about":[{"href":"https:\/\/dutchhealthstore.com\/fr\/wp-json\/wp\/v2\/types\/product"}],"replies":[{"embeddable":true,"href":"https:\/\/dutchhealthstore.com\/fr\/wp-json\/wp\/v2\/comments?post=70668"}],"wp:featuredmedia":[{"embeddable":true,"href":"https:\/\/dutchhealthstore.com\/fr\/wp-json\/wp\/v2\/media\/56120"}],"wp:attachment":[{"href":"https:\/\/dutchhealthstore.com\/fr\/wp-json\/wp\/v2\/media?parent=70668"}],"wp:term":[{"taxonomy":"product_brand","embeddable":true,"href":"https:\/\/dutchhealthstore.com\/fr\/wp-json\/wp\/v2\/product_brand?post=70668"},{"taxonomy":"product_cat","embeddable":true,"href":"https:\/\/dutchhealthstore.com\/fr\/wp-json\/wp\/v2\/product_cat?post=70668"},{"taxonomy":"product_tag","embeddable":true,"href":"https:\/\/dutchhealthstore.com\/fr\/wp-json\/wp\/v2\/product_tag?post=70668"}],"curies":[{"name":"wp","href":"https:\/\/api.w.org\/{rel}","templated":true}]}}