{"id":70653,"date":"2019-05-02T04:06:28","date_gmt":"2019-05-02T02:06:28","guid":{"rendered":"https:\/\/dutchhealthstore.com\/product\/tonic-gold-m-herbal-coffee-medicinal-mushroom-elixir-immune-boosting-antioxidant\/"},"modified":"2025-11-21T22:14:11","modified_gmt":"2025-11-21T21:14:11","slug":"tonic-gold-m-herbal-coffee-medicinal-mushroom-elixir-immune-boosting-antioxidant","status":"publish","type":"product","link":"https:\/\/dutchhealthstore.com\/fr\/product\/tonic-gold-m-herbal-coffee-medicinal-mushroom-elixir-immune-boosting-antioxidant\/","title":{"rendered":"Tonic Gold M &#8211; Herbal Coffee &#8211; Medicinal Mushroom Elixir &#8211; Immune Boosting Antioxidant"},"content":{"rendered":"<p><img decoding=\"async\" class=\"size-full wp-image-56271 alignright\" src=\"https:\/\/dutchhealthstore.com\/wp-content\/uploads\/2019\/05\/logo-navi-organics-5.jpg\" alt=\"logo navi organics 5\" width=\"200\" height=\"207\" srcset=\"https:\/\/dutchhealthstore.com\/wp-content\/uploads\/2019\/05\/logo-navi-organics-5.jpg 200w, https:\/\/dutchhealthstore.com\/wp-content\/uploads\/2019\/05\/logo-navi-organics-5-32x32.jpg 32w\" sizes=\"(max-width: 200px) 100vw, 200px\" \/>Nous avons le plaisir de vous pr\u00e9senter la deuxi\u00e8me <strong>Tonic Herbal Elixir Powder<\/strong>.<\/p>\n<p>Cet \u00e9lixir a \u00e9volu\u00e9 \u00e0 partir de la formule de base du m\u00e9lange original Tonic Gold, \u00e0 laquelle ont \u00e9t\u00e9 ajout\u00e9s des extraits de champignons m\u00e9dicinaux. Tous les extraits de champignons utilis\u00e9s dans ce m\u00e9lange sont produits uniquement \u00e0 partir des fructifications, et lorsqu&rsquo;il est avantageux d&rsquo;effectuer des doubles extractions, celles-ci ont \u00e9galement \u00e9t\u00e9 effectu\u00e9es.<\/p>\n<h3>Directions :<\/h3>\n<p>1g (ou 1\/4 &#8211; 1\/2) cuill\u00e8re \u00e0 caf\u00e9 (selon l&rsquo;intensit\u00e9 de l&rsquo;ar\u00f4me souhait\u00e9) dans la tasse.<\/p>\n<p>Ajouter l&rsquo;eau chaude et remuer.<\/p>\n<p>Il est \u00e9galement possible d&rsquo;ajouter diff\u00e9rentes sortes de lait pour obtenir un caf\u00e9 blanc\/cr\u00e8me.<br \/>\nNotre pr\u00e9f\u00e9r\u00e9 jusqu&rsquo;\u00e0 pr\u00e9sent est le lait de coco !<\/p>\n<h3><strong>Taille : 80 gr<\/strong><\/h3>\n<h3>Ingr\u00e9dients:<\/h3>\n<p>Ces ingr\u00e9dients sont m\u00e9lang\u00e9s pour cr\u00e9er une boisson chaude antioxydante et stimulante pour le syst\u00e8me immunitaire, qui peut \u00eatre consomm\u00e9e \u00e0 tout moment de la journ\u00e9e.<\/p>\n<ul>\n<li>Shitake Mushroom Extract<\/li>\n<li>Cordyceps Militaris Mushroom Extract<\/li>\n<li>Maitake Mushroom Extract 10:1<\/li>\n<li>Reishi Mushroom Extract 10:1 (double extraction)<\/li>\n<li>Chaga Mushroom Extract 10:1 (double extraction)<\/li>\n<li>Lions Mane Mushroom Extract 10:1<\/li>\n<li>Turkey Tail Mushroom Extract 10:1<\/li>\n<li>Meshima Mushroom Extract 10:1<\/li>\n<li>Moringa Oleifera Leaf Extract 10:1<\/li>\n<li>Prepared He Shou Wu Extract 10:1<\/li>\n<\/ul>\n<p>Sans agent de remplissage ni conservateur.<\/p>\n<h3>Notre politique d&rsquo;approvisionnement<\/h3>\n<p>Au fil des ans, dans notre recherche des aliments et des herbes les plus vitaux et les plus favorables \u00e0 la vie (une passion qui a donn\u00e9 naissance \u00e0 Na&rsquo;vi Organics), nous avons essay\u00e9 de nombreux aliments, herbes et extraits diff\u00e9rents provenant du monde entier.<\/p>\n<p>Nous sommes fiers que 99 % de nos produits proviennent directement des cultivateurs ou des producteurs, et non de fournisseurs tiers. Cela nous permet de garantir que notre stock est toujours le plus frais possible, et nous savons \u00e9galement que nous payons directement les producteurs en leur garantissant qu&rsquo;ils obtiennent ce qu&rsquo;ils souhaitent pour leurs produits. L&rsquo;\u00e9tablissement de relations de longue date avec nos fournisseurs est \u00e9galement tr\u00e8s important pour nous &#8211; nous sommes ravis des amiti\u00e9s que nous avons nou\u00e9es avec certains de nos producteurs et de la joie de faire des affaires de cette mani\u00e8re.<\/p>\n<p>Nous avons recherch\u00e9 des producteurs passionn\u00e9s par leurs produits et bon nombre des produits que nous stockons sont uniques au Royaume-Uni.<\/p>\n<h4>Approvisionnement en Chine<\/h4>\n<p>Jusqu&rsquo;\u00e0 il y a quelques ann\u00e9es (2015), nous ne nous approvisionnions pas en produits en provenance de Chine en raison de la difficult\u00e9 que nous avons rencontr\u00e9e pour trouver des fournisseurs ayant un v\u00e9ritable engagement \u00e0 fournir une qualit\u00e9 \u00e9lev\u00e9e et constante de sources non contamin\u00e9es d&rsquo;herbes toniques. Nous avons poursuivi nos recherches, car nous savions que, lorsqu&rsquo;elles sont correctement appliqu\u00e9es, les pr\u00e9cieuses connaissances de la m\u00e9decine traditionnelle chinoise ne peuvent \u00eatre surpass\u00e9es. Gr\u00e2ce \u00e0 leur longue histoire d&rsquo;utilisation et d&rsquo;\u00e9tude de leurs plantes traditionnelles, ils savent exactement ce qui est n\u00e9cessaire pour produire les meilleurs rem\u00e8des fonctionnels \u00e0 base de plantes. Les herboristes sont tr\u00e8s appr\u00e9ci\u00e9s dans la culture chinoise. Savoir o\u00f9 et quand r\u00e9colter et comment traiter les herbes m\u00e9dicinales est un art tr\u00e8s prestigieux.<\/p>\n<p>En 2015, nous avons eu la chance de trouver un merveilleux producteur avec qui travailler en Chine. Ils ont une politique d&rsquo;approvisionnement tr\u00e8s stricte et une connaissance approfondie et passionn\u00e9e de la m\u00e9decine traditionnelle chinoise. Apr\u00e8s avoir go\u00fbt\u00e9 leurs produits et appris \u00e0 les conna\u00eetre, nous avons \u00e9t\u00e9 satisfaits de leur engagement en faveur d&rsquo;un approvisionnement propre, d&rsquo;une qualit\u00e9 \u00e9lev\u00e9e et de l&rsquo;attention port\u00e9e aux d\u00e9tails lors du traitement. Gr\u00e2ce \u00e0 ce nouveau partenariat, nous avons commenc\u00e9 \u00e0 proposer une gamme s\u00e9lectionn\u00e9e d&rsquo;herbes toniques.<\/p>\n<p>Depuis que nous avons d\u00e9cid\u00e9 de stocker certains produits fabriqu\u00e9s en Chine, nous avons commenc\u00e9 \u00e0 recevoir des courriels de clients exprimant leur inqui\u00e9tude quant aux polluants environnementaux potentiels. En r\u00e9ponse \u00e0 cela, tous nos produits fabriqu\u00e9s en Chine ont des certificats d&rsquo;analyse disponibles sur demande et nous avons \u00e9galement rassembl\u00e9 quelques mots dans un document PDF qui r\u00e9pond directement \u00e0 ces pr\u00e9occupations. Veuillez cliquer sur le lien ci-dessous pour lire le document complet :<\/p>\n<p><a title=\"Politique d'approvisionnement en Chine - Na'vi Organics\" href=\"https:\/\/cdn.shopify.com\/s\/files\/1\/1345\/0641\/files\/Chinese_Sourcing_Policy_Na_vi_Organics.pdf?8089518323479107043\" target=\"_blank\" rel=\"noopener noreferrer\">Politique d&rsquo;approvisionnement en Chine &#8211; Na&rsquo;vi Organics<\/a><\/p>\n<h3>Analyses de produits<\/h3>\n<p>Veuillez cliquer sur le lien ci-dessous pour lire le certificat d&rsquo;analyse du produit.<\/p>\n<p><a href=\"https:\/\/dutchhealthstore.com\/wp-content\/uploads\/2019\/05\/Navi-Organics-Tonic-Gold-Herbal-Coffee-.pdf\" target=\"_blank\" rel=\"noopener noreferrer\"><img decoding=\"async\" class=\"alignleft wp-image-56302 size-full\" src=\"https:\/\/dutchhealthstore.com\/wp-content\/uploads\/2019\/05\/logo-pdf-navi-organics.jpg\" alt=\"logo pdf navi organics\" width=\"100\" height=\"104\"><\/a><\/p>\n","protected":false},"excerpt":{"rendered":"<p>Nous avons le plaisir de vous pr\u00e9senter la deuxi\u00e8me<strong> Tonic Herbal Elixir Powder<\/strong>.<\/p>\n<p>Cet \u00e9lixir a \u00e9volu\u00e9 \u00e0 partir de la formule de base du m\u00e9lange original Tonic Gold, \u00e0 laquelle ont \u00e9t\u00e9 ajout\u00e9s des extraits de champignons m\u00e9dicinaux.<br \/>\nTous les extraits de champignons utilis\u00e9s dans ce m\u00e9lange sont produits uniquement \u00e0 partir des fructifications, et lorsqu&rsquo;il est avantageux d&rsquo;effectuer des doubles extractions, celles-ci ont \u00e9galement \u00e9t\u00e9 effectu\u00e9es.<\/p>\n","protected":false},"featured_media":56056,"comment_status":"open","ping_status":"closed","template":"","meta":[],"product_brand":[],"product_cat":[4384,10911,8981,4383,8466,1209,8467,1010,8786],"product_tag":[4392,4388],"class_list":{"0":"post-70653","1":"product","2":"type-product","3":"status-publish","4":"has-post-thumbnail","6":"product_cat-tonic-herbs-fr-2","7":"product_cat-immunity-colds-fr","8":"product_cat-herbal-blends-fr-2","9":"product_cat-navi-organics-fr","10":"product_cat-nutrition-fr","11":"product_cat-par-marques","12":"product_cat-health-fr-2","13":"product_cat-notre-boutique","14":"product_cat-superfoods-herbals-fr-2","15":"product_tag-elixir-fr","16":"product_tag-organic-fr","17":"pa_brand-naviorganics-fr","18":"pa_health-productype-immunity-colds-fr","19":"pa_herbals-product-type-melanges-dherbes","20":"pa_remedies-cold-flu-fr","21":"pa_size-80-g-fr","23":"first","24":"outofstock","25":"taxable","26":"shipping-taxable","27":"purchasable","28":"product-type-simple"},"bundled_by":[],"bundle_stock_status":"outofstock","bundle_stock_quantity":0,"bundle_virtual":false,"bundle_layout":"","bundle_add_to_cart_form_location":"","bundle_editable_in_cart":false,"bundle_sold_individually_context":"","bundle_item_grouping":"","bundle_min_size":"","bundle_max_size":"","bundle_price":[],"bundled_items":[],"bundle_sell_ids":[],"atum_controlled":true,"out_stock_date":"2026-03-27 17:02:17","out_stock_threshold":null,"inheritable":false,"stock_on_hold":1,"sold_today":0,"sales_last_days":0,"out_stock_days":10,"lost_sales":0,"update_date":"2026-04-07T01:47:00","atum_locations":[],"atum_stock_status":"outofstock","restock_status":false,"low_stock_amount":"","sales_update_date":"2026-04-07T01:47:00","calc_backorders":null,"group_of_quantity":0,"min_quantity":0,"max_quantity":"","exclude_order_quantity_value_rules":"no","exclude_category_quantity_rules":"no","combine_variations":"no","yoast_head":"<!-- This site is optimized with the Yoast SEO Premium plugin v26.5 (Yoast SEO v26.5) - https:\/\/yoast.com\/wordpress\/plugins\/seo\/ -->\n<title>Tonic Gold M - Herbal Coffee - Medicinal Mushroom Elixir | Na\u00b4vi Organics<\/title>\n<meta name=\"description\" content=\"Cet \u00e9lixir a \u00e9volu\u00e9 \u00e0 partir de la formule de base de notre m\u00e9lange original Tonic Gold, \u00e0 laquelle ont \u00e9t\u00e9 ajout\u00e9s des extraits de champignons m\u00e9dicinaux.\" \/>\n<meta name=\"robots\" content=\"index, follow, max-snippet:-1, max-image-preview:large, max-video-preview:-1\" \/>\n<link rel=\"canonical\" href=\"https:\/\/dutchhealthstore.com\/fr\/product\/tonic-gold-m-herbal-coffee-medicinal-mushroom-elixir-immune-boosting-antioxidant\/\" \/>\n<meta property=\"og:locale\" content=\"fr_FR\" \/>\n<meta property=\"og:type\" content=\"article\" \/>\n<meta property=\"og:title\" content=\"Tonic Gold M - Herbal Coffee - Medicinal Mushroom Elixir - Immune Boosting Antioxidant - Dutch Health Store\" \/>\n<meta property=\"og:description\" content=\"Cet \u00e9lixir a \u00e9volu\u00e9 \u00e0 partir de la formule de base de notre m\u00e9lange original Tonic Gold, \u00e0 laquelle ont \u00e9t\u00e9 ajout\u00e9s des extraits de champignons m\u00e9dicinaux.\" \/>\n<meta property=\"og:url\" content=\"https:\/\/dutchhealthstore.com\/fr\/product\/tonic-gold-m-herbal-coffee-medicinal-mushroom-elixir-immune-boosting-antioxidant\/\" \/>\n<meta property=\"og:site_name\" content=\"Dutch Health Store\" \/>\n<meta property=\"article:publisher\" content=\"https:\/\/www.instagram.com\/dutchhealthstore\/\" \/>\n<meta property=\"article:modified_time\" content=\"2025-11-21T21:14:11+00:00\" \/>\n<meta property=\"og:image\" content=\"https:\/\/dutchhealthstore.com\/wp-content\/uploads\/2019\/05\/Navi-Organics-Tonic-Gold-M-1-Herbal-Coffee-Medicinal-Mushroom-Elixir-Immune-Boosting-Antioxidant.jpg\" \/>\n\t<meta property=\"og:image:width\" content=\"510\" \/>\n\t<meta property=\"og:image:height\" content=\"600\" \/>\n\t<meta property=\"og:image:type\" content=\"image\/jpeg\" \/>\n<meta name=\"twitter:card\" content=\"summary_large_image\" \/>\n<meta name=\"twitter:label1\" content=\"Prix\" \/>\n\t<meta name=\"twitter:data1\" content=\"&euro;34,00\" \/>\n\t<meta name=\"twitter:label2\" content=\"Disponibilit\u00e9\" \/>\n\t<meta name=\"twitter:data2\" content=\"Rupture de stock\" \/>\n<script type=\"application\/ld+json\" class=\"yoast-schema-graph\">{\"@context\":\"https:\/\/schema.org\",\"@graph\":[{\"@type\":\"WebPage\",\"@id\":\"https:\/\/dutchhealthstore.com\/fr\/product\/tonic-gold-m-herbal-coffee-medicinal-mushroom-elixir-immune-boosting-antioxidant\/\",\"url\":\"https:\/\/dutchhealthstore.com\/fr\/product\/tonic-gold-m-herbal-coffee-medicinal-mushroom-elixir-immune-boosting-antioxidant\/\",\"name\":\"Tonic Gold M - Herbal Coffee - Medicinal Mushroom Elixir | Na\u00b4vi Organics\",\"isPartOf\":{\"@id\":\"https:\/\/dutchhealthstore.com\/fr\/#website\"},\"primaryImageOfPage\":{\"@id\":\"https:\/\/dutchhealthstore.com\/fr\/product\/tonic-gold-m-herbal-coffee-medicinal-mushroom-elixir-immune-boosting-antioxidant\/#primaryimage\"},\"image\":{\"@id\":\"https:\/\/dutchhealthstore.com\/fr\/product\/tonic-gold-m-herbal-coffee-medicinal-mushroom-elixir-immune-boosting-antioxidant\/#primaryimage\"},\"thumbnailUrl\":\"https:\/\/dutchhealthstore.com\/wp-content\/uploads\/2019\/05\/Navi-Organics-Tonic-Gold-M-1-Herbal-Coffee-Medicinal-Mushroom-Elixir-Immune-Boosting-Antioxidant.jpg\",\"datePublished\":\"2019-05-02T02:06:28+00:00\",\"dateModified\":\"2025-11-21T21:14:11+00:00\",\"description\":\"Cet \u00e9lixir a \u00e9volu\u00e9 \u00e0 partir de la formule de base de notre m\u00e9lange original Tonic Gold, \u00e0 laquelle ont \u00e9t\u00e9 ajout\u00e9s des extraits de champignons m\u00e9dicinaux.\",\"breadcrumb\":{\"@id\":\"https:\/\/dutchhealthstore.com\/fr\/product\/tonic-gold-m-herbal-coffee-medicinal-mushroom-elixir-immune-boosting-antioxidant\/#breadcrumb\"},\"inLanguage\":\"fr-FR\",\"potentialAction\":[{\"@type\":\"ReadAction\",\"target\":[\"https:\/\/dutchhealthstore.com\/fr\/product\/tonic-gold-m-herbal-coffee-medicinal-mushroom-elixir-immune-boosting-antioxidant\/\"]}]},{\"@type\":\"ImageObject\",\"inLanguage\":\"fr-FR\",\"@id\":\"https:\/\/dutchhealthstore.com\/fr\/product\/tonic-gold-m-herbal-coffee-medicinal-mushroom-elixir-immune-boosting-antioxidant\/#primaryimage\",\"url\":\"https:\/\/dutchhealthstore.com\/wp-content\/uploads\/2019\/05\/Navi-Organics-Tonic-Gold-M-1-Herbal-Coffee-Medicinal-Mushroom-Elixir-Immune-Boosting-Antioxidant.jpg\",\"contentUrl\":\"https:\/\/dutchhealthstore.com\/wp-content\/uploads\/2019\/05\/Navi-Organics-Tonic-Gold-M-1-Herbal-Coffee-Medicinal-Mushroom-Elixir-Immune-Boosting-Antioxidant.jpg\",\"width\":510,\"height\":600,\"caption\":\"Navi Organics - Tonic Gold M - 1 Herbal Coffee - Medicinal Mushroom Elixir - Immune Boosting Antioxidant\"},{\"@type\":\"BreadcrumbList\",\"@id\":\"https:\/\/dutchhealthstore.com\/fr\/product\/tonic-gold-m-herbal-coffee-medicinal-mushroom-elixir-immune-boosting-antioxidant\/#breadcrumb\",\"itemListElement\":[{\"@type\":\"ListItem\",\"position\":1,\"name\":\"Home\",\"item\":\"https:\/\/dutchhealthstore.com\/fr\/\"},{\"@type\":\"ListItem\",\"position\":2,\"name\":\"Shop\",\"item\":\"https:\/\/dutchhealthstore.com\/fr\/shop\/\"},{\"@type\":\"ListItem\",\"position\":3,\"name\":\"Tonic Gold M &#8211; Herbal Coffee &#8211; Medicinal Mushroom Elixir &#8211; Immune Boosting Antioxidant\"}]},{\"@type\":\"WebSite\",\"@id\":\"https:\/\/dutchhealthstore.com\/fr\/#website\",\"url\":\"https:\/\/dutchhealthstore.com\/fr\/\",\"name\":\"Dutch Health Store\",\"description\":\"Enhance Your Beauty with Organic &amp; Natural Skincare\",\"publisher\":{\"@id\":\"https:\/\/dutchhealthstore.com\/fr\/#organization\"},\"potentialAction\":[{\"@type\":\"SearchAction\",\"target\":{\"@type\":\"EntryPoint\",\"urlTemplate\":\"https:\/\/dutchhealthstore.com\/fr\/?s={search_term_string}\"},\"query-input\":{\"@type\":\"PropertyValueSpecification\",\"valueRequired\":true,\"valueName\":\"search_term_string\"}}],\"inLanguage\":\"fr-FR\"},{\"@type\":\"Organization\",\"@id\":\"https:\/\/dutchhealthstore.com\/fr\/#organization\",\"name\":\"Dutch Health Store\",\"url\":\"https:\/\/dutchhealthstore.com\/fr\/\",\"logo\":{\"@type\":\"ImageObject\",\"inLanguage\":\"fr-FR\",\"@id\":\"https:\/\/dutchhealthstore.com\/fr\/#\/schema\/logo\/image\/\",\"url\":\"https:\/\/dutchhealthstore.com\/wp-content\/uploads\/2020\/08\/logo-dutchhealthstore-jpg-e1599484957574.jpg\",\"contentUrl\":\"https:\/\/dutchhealthstore.com\/wp-content\/uploads\/2020\/08\/logo-dutchhealthstore-jpg-e1599484957574.jpg\",\"width\":400,\"height\":62,\"caption\":\"Dutch Health Store\"},\"image\":{\"@id\":\"https:\/\/dutchhealthstore.com\/fr\/#\/schema\/logo\/image\/\"},\"sameAs\":[\"https:\/\/www.instagram.com\/dutchhealthstore\/\",\"https:\/\/www.facebook.com\/dutchhealthstore\"]}]}<\/script>\n<meta property=\"product:brand\" content=\"Na\u00b4Vi Organics\" \/>\n<meta property=\"product:price:amount\" content=\"34.00\" \/>\n<meta property=\"product:price:currency\" content=\"EUR\" \/>\n<meta property=\"og:availability\" content=\"out of stock\" \/>\n<meta property=\"product:availability\" content=\"out of stock\" \/>\n<meta property=\"product:condition\" content=\"new\" \/>\n<!-- \/ Yoast SEO Premium plugin. -->","yoast_head_json":{"title":"Tonic Gold M - Herbal Coffee - Medicinal Mushroom Elixir | Na\u00b4vi Organics","description":"Cet \u00e9lixir a \u00e9volu\u00e9 \u00e0 partir de la formule de base de notre m\u00e9lange original Tonic Gold, \u00e0 laquelle ont \u00e9t\u00e9 ajout\u00e9s des extraits de champignons m\u00e9dicinaux.","robots":{"index":"index","follow":"follow","max-snippet":"max-snippet:-1","max-image-preview":"max-image-preview:large","max-video-preview":"max-video-preview:-1"},"canonical":"https:\/\/dutchhealthstore.com\/fr\/product\/tonic-gold-m-herbal-coffee-medicinal-mushroom-elixir-immune-boosting-antioxidant\/","og_locale":"fr_FR","og_type":"article","og_title":"Tonic Gold M - Herbal Coffee - Medicinal Mushroom Elixir - Immune Boosting Antioxidant - Dutch Health Store","og_description":"Cet \u00e9lixir a \u00e9volu\u00e9 \u00e0 partir de la formule de base de notre m\u00e9lange original Tonic Gold, \u00e0 laquelle ont \u00e9t\u00e9 ajout\u00e9s des extraits de champignons m\u00e9dicinaux.","og_url":"https:\/\/dutchhealthstore.com\/fr\/product\/tonic-gold-m-herbal-coffee-medicinal-mushroom-elixir-immune-boosting-antioxidant\/","og_site_name":"Dutch Health Store","article_publisher":"https:\/\/www.instagram.com\/dutchhealthstore\/","article_modified_time":"2025-11-21T21:14:11+00:00","og_image":[{"width":510,"height":600,"url":"https:\/\/dutchhealthstore.com\/wp-content\/uploads\/2019\/05\/Navi-Organics-Tonic-Gold-M-1-Herbal-Coffee-Medicinal-Mushroom-Elixir-Immune-Boosting-Antioxidant.jpg","type":"image\/jpeg"}],"twitter_card":"summary_large_image","twitter_misc":{"Prix":"&euro;34,00","Disponibilit\u00e9":"Rupture de stock"},"schema":{"@context":"https:\/\/schema.org","@graph":[{"@type":"WebPage","@id":"https:\/\/dutchhealthstore.com\/fr\/product\/tonic-gold-m-herbal-coffee-medicinal-mushroom-elixir-immune-boosting-antioxidant\/","url":"https:\/\/dutchhealthstore.com\/fr\/product\/tonic-gold-m-herbal-coffee-medicinal-mushroom-elixir-immune-boosting-antioxidant\/","name":"Tonic Gold M - Herbal Coffee - Medicinal Mushroom Elixir | Na\u00b4vi Organics","isPartOf":{"@id":"https:\/\/dutchhealthstore.com\/fr\/#website"},"primaryImageOfPage":{"@id":"https:\/\/dutchhealthstore.com\/fr\/product\/tonic-gold-m-herbal-coffee-medicinal-mushroom-elixir-immune-boosting-antioxidant\/#primaryimage"},"image":{"@id":"https:\/\/dutchhealthstore.com\/fr\/product\/tonic-gold-m-herbal-coffee-medicinal-mushroom-elixir-immune-boosting-antioxidant\/#primaryimage"},"thumbnailUrl":"https:\/\/dutchhealthstore.com\/wp-content\/uploads\/2019\/05\/Navi-Organics-Tonic-Gold-M-1-Herbal-Coffee-Medicinal-Mushroom-Elixir-Immune-Boosting-Antioxidant.jpg","datePublished":"2019-05-02T02:06:28+00:00","dateModified":"2025-11-21T21:14:11+00:00","description":"Cet \u00e9lixir a \u00e9volu\u00e9 \u00e0 partir de la formule de base de notre m\u00e9lange original Tonic Gold, \u00e0 laquelle ont \u00e9t\u00e9 ajout\u00e9s des extraits de champignons m\u00e9dicinaux.","breadcrumb":{"@id":"https:\/\/dutchhealthstore.com\/fr\/product\/tonic-gold-m-herbal-coffee-medicinal-mushroom-elixir-immune-boosting-antioxidant\/#breadcrumb"},"inLanguage":"fr-FR","potentialAction":[{"@type":"ReadAction","target":["https:\/\/dutchhealthstore.com\/fr\/product\/tonic-gold-m-herbal-coffee-medicinal-mushroom-elixir-immune-boosting-antioxidant\/"]}]},{"@type":"ImageObject","inLanguage":"fr-FR","@id":"https:\/\/dutchhealthstore.com\/fr\/product\/tonic-gold-m-herbal-coffee-medicinal-mushroom-elixir-immune-boosting-antioxidant\/#primaryimage","url":"https:\/\/dutchhealthstore.com\/wp-content\/uploads\/2019\/05\/Navi-Organics-Tonic-Gold-M-1-Herbal-Coffee-Medicinal-Mushroom-Elixir-Immune-Boosting-Antioxidant.jpg","contentUrl":"https:\/\/dutchhealthstore.com\/wp-content\/uploads\/2019\/05\/Navi-Organics-Tonic-Gold-M-1-Herbal-Coffee-Medicinal-Mushroom-Elixir-Immune-Boosting-Antioxidant.jpg","width":510,"height":600,"caption":"Navi Organics - Tonic Gold M - 1 Herbal Coffee - Medicinal Mushroom Elixir - Immune Boosting Antioxidant"},{"@type":"BreadcrumbList","@id":"https:\/\/dutchhealthstore.com\/fr\/product\/tonic-gold-m-herbal-coffee-medicinal-mushroom-elixir-immune-boosting-antioxidant\/#breadcrumb","itemListElement":[{"@type":"ListItem","position":1,"name":"Home","item":"https:\/\/dutchhealthstore.com\/fr\/"},{"@type":"ListItem","position":2,"name":"Shop","item":"https:\/\/dutchhealthstore.com\/fr\/shop\/"},{"@type":"ListItem","position":3,"name":"Tonic Gold M &#8211; Herbal Coffee &#8211; Medicinal Mushroom Elixir &#8211; Immune Boosting Antioxidant"}]},{"@type":"WebSite","@id":"https:\/\/dutchhealthstore.com\/fr\/#website","url":"https:\/\/dutchhealthstore.com\/fr\/","name":"Dutch Health Store","description":"Enhance Your Beauty with Organic &amp; Natural Skincare","publisher":{"@id":"https:\/\/dutchhealthstore.com\/fr\/#organization"},"potentialAction":[{"@type":"SearchAction","target":{"@type":"EntryPoint","urlTemplate":"https:\/\/dutchhealthstore.com\/fr\/?s={search_term_string}"},"query-input":{"@type":"PropertyValueSpecification","valueRequired":true,"valueName":"search_term_string"}}],"inLanguage":"fr-FR"},{"@type":"Organization","@id":"https:\/\/dutchhealthstore.com\/fr\/#organization","name":"Dutch Health Store","url":"https:\/\/dutchhealthstore.com\/fr\/","logo":{"@type":"ImageObject","inLanguage":"fr-FR","@id":"https:\/\/dutchhealthstore.com\/fr\/#\/schema\/logo\/image\/","url":"https:\/\/dutchhealthstore.com\/wp-content\/uploads\/2020\/08\/logo-dutchhealthstore-jpg-e1599484957574.jpg","contentUrl":"https:\/\/dutchhealthstore.com\/wp-content\/uploads\/2020\/08\/logo-dutchhealthstore-jpg-e1599484957574.jpg","width":400,"height":62,"caption":"Dutch Health Store"},"image":{"@id":"https:\/\/dutchhealthstore.com\/fr\/#\/schema\/logo\/image\/"},"sameAs":["https:\/\/www.instagram.com\/dutchhealthstore\/","https:\/\/www.facebook.com\/dutchhealthstore"]}]},"product_brand":"Na\u00b4Vi Organics","product_price_amount":"34.00","product_price_currency":"EUR","og_availability":"out of stock","product_availability":"out of stock","product_condition":"new"},"_links":{"self":[{"href":"https:\/\/dutchhealthstore.com\/fr\/wp-json\/wp\/v2\/product\/70653","targetHints":{"allow":["GET"]}}],"collection":[{"href":"https:\/\/dutchhealthstore.com\/fr\/wp-json\/wp\/v2\/product"}],"about":[{"href":"https:\/\/dutchhealthstore.com\/fr\/wp-json\/wp\/v2\/types\/product"}],"replies":[{"embeddable":true,"href":"https:\/\/dutchhealthstore.com\/fr\/wp-json\/wp\/v2\/comments?post=70653"}],"wp:featuredmedia":[{"embeddable":true,"href":"https:\/\/dutchhealthstore.com\/fr\/wp-json\/wp\/v2\/media\/56056"}],"wp:attachment":[{"href":"https:\/\/dutchhealthstore.com\/fr\/wp-json\/wp\/v2\/media?parent=70653"}],"wp:term":[{"taxonomy":"product_brand","embeddable":true,"href":"https:\/\/dutchhealthstore.com\/fr\/wp-json\/wp\/v2\/product_brand?post=70653"},{"taxonomy":"product_cat","embeddable":true,"href":"https:\/\/dutchhealthstore.com\/fr\/wp-json\/wp\/v2\/product_cat?post=70653"},{"taxonomy":"product_tag","embeddable":true,"href":"https:\/\/dutchhealthstore.com\/fr\/wp-json\/wp\/v2\/product_tag?post=70653"}],"curies":[{"name":"wp","href":"https:\/\/api.w.org\/{rel}","templated":true}]}}