{"id":65943,"date":"2018-02-10T19:26:24","date_gmt":"2018-02-10T19:26:24","guid":{"rendered":"https:\/\/dutchhealthstore.com\/product\/wild-child-happy-gum-drops\/"},"modified":"2026-03-20T16:50:47","modified_gmt":"2026-03-20T15:50:47","slug":"wild-child-happy-gum-drops","status":"publish","type":"product","link":"https:\/\/dutchhealthstore.com\/fr\/product\/wild-child-happy-gum-drops\/","title":{"rendered":"Wild Child Happy Gum Drops"},"content":{"rendered":"<h3><img decoding=\"async\" class=\"alignright size-full wp-image-37041\" src=\"https:\/\/dutchhealthstore.com\/wp-content\/uploads\/2018\/04\/Living_Libations-1.png\" alt=\"Organic &amp; Natural Beautyproducts - Living Libations\" width=\"175\" height=\"82\"><\/h3>\n<p>Living Libations <strong>Wild Child Happy Gum Drops<\/strong> est une forme plus douce de Happy Gum Drops. Il nettoie en douceur et se glisse entre les dents pour un sourire doux et sauvage. Les <strong>Wild Child Happy Gum Drops<\/strong> cr\u00e9ent une mosa\u00efque de fleurs botaniques. Chacune des huiles contenues dans cette formule est soigneusement s\u00e9lectionn\u00e9e pour ses effets individuels et synergiques afin de maintenir une bouche heureuse chez les enfants.<\/p>\n<p>Cr\u00e9\u00e9 pour les enfants de moins de 9 ans.<br \/>\nTest\u00e9 et approuv\u00e9 par notre fils \u00e0 2 ans.<\/p>\n<h3>Utiliser<\/h3>\n<p>Pour les enfants de 9 ans et moins. Id\u00e9al \u00e0 recracher, mais s\u00fbr \u00e0 avaler dans la portion d&rsquo;une goutte utilis\u00e9e. Ajoutez une goutte \u00e0 la brosse \u00e0 dents, au bain de bouche sal\u00e9, massez les gencives ou faites glisser une goutte sur le fil dentaire pour nettoyer les petits espaces entre les dents. Suivez le reste des \u00e9tapes du programme \u00ab\u00a0Successful Oral Care\u00a0\u00bb.<\/p>\n<h3 class=\"yikes-custom-woo-tab-title yikes-custom-woo-tab-title-natural-organic-ingredients\">Ingr\u00e9dients Naturels\/Biologiques<\/h3>\n<p><strong>Argousier <\/strong><em>(Hippophae rhamnoides)<\/em> &#8211; Il s&rsquo;agit d&rsquo;une huile incroyablement riche et vitale extraite d&rsquo;une baie orange vif. Il est parfaitement \u00e9quilibr\u00e9 en acides gras essentiels om\u00e9ga 3, 6, 7 et 9. Notre baie d&rsquo;argousier est un extrait sp\u00e9cial super critique qui capture plus de 190 substances bioactives de la baie comestible. L&rsquo;huile est une source luxuriante de vitamines C, E, de provitamines A et B, de b\u00eata-carot\u00e8ne, de carot\u00e9no\u00efdes, de phytost\u00e9rols pr\u00e9cieux et les acides palmitol\u00e9iques rares. Toutes ces propri\u00e9t\u00e9s extraordinaires de la plante contribuent \u00e0 la b\u00e9n\u00e9diction de l&rsquo;argousier dans votre bouche.<\/p>\n<p><strong>Menthe poivr\u00e9e <\/strong><em>(Mentha piperita) &#8211; <\/em>Le go\u00fbt frais et l\u00e9ger de la menthe poivr\u00e9e vous procure une haleine fra\u00eeche et durable. Notre menthe poivr\u00e9e est une v\u00e9ritable distillation des feuilles fra\u00eeches et provient d&rsquo;une famille de distillateurs de quatri\u00e8me g\u00e9n\u00e9ration en France. La menthe poivr\u00e9e que l&rsquo;on trouve dans les dentifrice commerciaux est un menthol artificiel et n&rsquo;offre qu&rsquo;une saveur. La vraie menthe poivr\u00e9e est un ami puissant et agr\u00e9able pour les soins bucco-dentaires. Il inhibe \u00e9galement les bact\u00e9ries qui causent la mauvaise haleine.<\/p>\n<p><strong>Rose Otto<\/strong><em> (Rosa damascena)<\/em> &#8211; La rose est une essence pr\u00e9cieuse et \u00e9l\u00e9gante. Il faut soixante roses pour obtenir une goutte d&rsquo;huile essentielle de rose otto! C&rsquo;est l&rsquo;une des huiles les plus appr\u00e9ci\u00e9es pour ses effets tonifiants.<\/p>\n<p><strong>Bourgeon de girofle <\/strong><em>(Eugenia carophyllata) &#8211;<\/em><b> <\/b>Distill\u00e9e \u00e0 partir des bourgeons fleuris du giroflier, cette plante culinaire convaincante est un rafra\u00eechisseur d&rsquo;haleine robuste et le roi des soins buccaux. L&rsquo;huile de clou de girofle a rafra\u00eechi le souffle et a \u00e9t\u00e9 un choix optimal pour les soins de la bouche depuis l&rsquo;Antiquit\u00e9. Ses composants botaniques, l&rsquo;eug\u00e9nol, les esters et les sesquiterp\u00e8nes, s&rsquo;associent pour cr\u00e9er une centrale \u00e9lectrique pour une bouche propre et fra\u00eeche.<\/p>\n<p><strong>Origan <\/strong><em>(Origanum vulgare)<\/em> &#8211; Notre huile d&rsquo;origan sauvage est cultiv\u00e9e dans les montagnes qui bordent la M\u00e9diterran\u00e9e. Il contient deux compos\u00e9s ph\u00e9nols qui contribuent \u00e0 sa propri\u00e9t\u00e9 unique: le carvacrol \u00e0 des concentrations sup\u00e9rieures \u00e0 65% et le thymol \u00e0 une concentration de 3,4%. Il est consid\u00e9r\u00e9 comme une huile chaude et un excellent botanique biotique qui a rafra\u00eechi le souffle pendant des si\u00e8cles.<\/p>\n<p><strong>Cannelle <\/strong><em>(Cinnamomum ceylanicum) &#8211;<\/em><strong> <\/strong>Notre v\u00e9ritable huile essentielle d&rsquo;\u00e9corce de cannelle de Madagascar est un puissant nettoyant de plaque et un rafra\u00eechisseur d&rsquo;haleine. Il s&rsquo;agit d&rsquo;une \u00e9pice classique, et son go\u00fbt est \u00e9galement agr\u00e9able!<\/p>\n<p><strong>Arbre \u00e0 th\u00e9 <\/strong><em>(Malaleuca alternifolia) &#8211;<\/em><strong> <\/strong>L&rsquo;arbre \u00e0 th\u00e9 traditionnel est une herbac\u00e9e hercul\u00e9enne \u00e0 tout faire. Il est naturellement emball\u00e9 avec des auxiliaires de bouche magnifiques. Des compos\u00e9s v\u00e9g\u00e9taux puissants de cin\u00e9ole et de propanol agissent pour rafra\u00eechir la bouche, emp\u00eacher la formation de tartre et bannir les bact\u00e9ries responsables de la mauvaise haleine. Distill\u00e9e \u00e0 la vapeur en Australie, l&rsquo;huile de Tea Tree \u00e9voque un ar\u00f4me tr\u00e8s propre.<\/p>\n<p><strong>Thym doux <\/strong><em>(Thymus officinalis linalool) &#8211;<\/em><strong> <\/strong>Il s&rsquo;agit d&rsquo;une vari\u00e9t\u00e9 rare de l&rsquo;esp\u00e8ce de thym. C&rsquo;est un toner doux qui \u00e9quilibre les s\u00e9cr\u00e9tions orales. Thyme Linalol est \u00e9galement un puissant botanique biotique qui bannit les bact\u00e9ries de la mauvaise haleine.<\/p>\n<p><strong> huile jojoba<\/strong> <em>(Simmondsia chinensis)<\/em> &#8211; Le jojoba est connu pour ses incroyables bienfaits pour la peau, et c&rsquo;est aussi un acteur majeur des soins bucco-dentaires naturel. Les lipides affectueux du jojoba apaisent facilement les tissus buccaux.<\/p>\n<p><img fetchpriority=\"high\" decoding=\"async\" class=\"size-large wp-image-11209 aligncenter\" src=\"https:\/\/dutchhealthstore.com\/wp-content\/uploads\/2015\/12\/organic-1.jpg\" alt=\"organic\" width=\"608\" height=\"85\"><\/p>\n","protected":false},"excerpt":{"rendered":"<p>Living Libations <b>W<\/b><b>i<\/b><b>l<\/b><b>d<\/b> <b>C<\/b><b>h<\/b><b>i<\/b><b>l<\/b><b>d<\/b> <b>Happy Gum Drops <\/b>est une forme plus douce de Happy Gum Drops. Il nettoie en douceur et p\u00e9n\u00e8tre entre les dents pour un sourire d&rsquo;enfant sauvage et doux. Wild Child Happy Gum Drops cr\u00e9e une mosa\u00efque de fleurs botaniques. Chacune des huiles de soins bucco-dentaires contenues dans ces formules est soigneusement s\u00e9lectionn\u00e9e pour ses effets individuels et synergiques afin de maintenir une bouche heureuse chez les enfants.<\/p>\n<p><strong>Cr\u00e9\u00e9 pour les enfants de moins de 9 ans.<\/strong><br \/>\nTest\u00e9 et approuv\u00e9 par notre fils \u00e0 2 ans.<\/p>\n","protected":false},"featured_media":50154,"comment_status":"open","ping_status":"closed","template":"","meta":[],"product_brand":[],"product_cat":[6752,6642,1037,2185,1211,1047,1209,1030,3949,1010],"product_tag":[4456,21805],"class_list":{"0":"post-65943","1":"product","2":"type-product","3":"status-publish","4":"has-post-thumbnail","6":"product_cat-babies-pregnancy-fr-2","7":"product_cat-family-fr","8":"product_cat-hygiene-dentaire","9":"product_cat-hygiene-dentaire-fr","10":"product_cat-living-libations-france","11":"product_cat-nos-collections","12":"product_cat-par-marques","13":"product_cat-par-produits","14":"product_cat-serums-dentaires","15":"product_cat-notre-boutique","16":"product_tag-dental-care-fr","17":"product_tag-gommes","18":"pa_bestsellers-goed-fr","19":"pa_brand-livinglibations-fr","20":"pa_dental-care-product-type-tooth-serum-fr","21":"pa_dental-care-product-type-gum-care-fr","22":"pa_size-15-ml-fr","23":"pa_size-30-ml-fr","24":"pa_size-5-ml-fr","26":"first","27":"instock","28":"taxable","29":"shipping-taxable","30":"purchasable","31":"product-type-variable"},"bundled_by":[],"bundle_stock_status":"instock","bundle_stock_quantity":null,"bundle_virtual":false,"bundle_layout":"","bundle_add_to_cart_form_location":"","bundle_editable_in_cart":false,"bundle_sold_individually_context":"","bundle_item_grouping":"","bundle_min_size":"","bundle_max_size":"","bundle_price":[],"bundled_items":[],"bundle_sell_ids":[239215],"atum_controlled":true,"out_stock_date":null,"out_stock_threshold":null,"inheritable":true,"stock_on_hold":0,"sold_today":0,"sales_last_days":0,"out_stock_days":0,"lost_sales":0,"update_date":"2026-04-24T00:11:20","atum_locations":[],"atum_stock_status":"instock","restock_status":false,"low_stock_amount":"","sales_update_date":"2026-04-24T00:11:20","calc_backorders":null,"group_of_quantity":0,"min_quantity":0,"max_quantity":"","exclude_order_quantity_value_rules":"no","exclude_category_quantity_rules":"no","combine_variations":"no","yoast_head":"<!-- This site is optimized with the Yoast SEO Premium plugin v26.5 (Yoast SEO v26.5) - https:\/\/yoast.com\/wordpress\/plugins\/seo\/ -->\n<title>Wild Child Happy Gum Drops | Living Libations<\/title>\n<meta name=\"description\" content=\"Cette forme plus douce de Happy Gum Drops nettoie en douceur et p\u00e9n\u00e8tre entre les dents. Cr\u00e9\u00e9 pour les enfants de moins de 9 ans.\" \/>\n<meta name=\"robots\" content=\"index, follow, max-snippet:-1, max-image-preview:large, max-video-preview:-1\" \/>\n<link rel=\"canonical\" href=\"https:\/\/dutchhealthstore.com\/fr\/product\/wild-child-happy-gum-drops\/\" \/>\n<meta property=\"og:locale\" content=\"fr_FR\" \/>\n<meta property=\"og:type\" content=\"article\" \/>\n<meta property=\"og:title\" content=\"Wild Child Happy Gum Drops - Dutch Health Store\" \/>\n<meta property=\"og:description\" content=\"Cette forme plus douce de Happy Gum Drops nettoie en douceur et p\u00e9n\u00e8tre entre les dents. Cr\u00e9\u00e9 pour les enfants de moins de 9 ans.\" \/>\n<meta property=\"og:url\" content=\"https:\/\/dutchhealthstore.com\/fr\/product\/wild-child-happy-gum-drops\/\" \/>\n<meta property=\"og:site_name\" content=\"Dutch Health Store\" \/>\n<meta property=\"article:publisher\" content=\"https:\/\/www.instagram.com\/dutchhealthstore\/\" \/>\n<meta property=\"article:modified_time\" content=\"2026-03-20T15:50:47+00:00\" \/>\n<meta property=\"og:image\" content=\"https:\/\/dutchhealthstore.com\/wp-content\/uploads\/2018\/02\/Living-Libations-Wild-Child-Happy-Gum-Drops.jpg\" \/>\n\t<meta property=\"og:image:width\" content=\"1000\" \/>\n\t<meta property=\"og:image:height\" content=\"1000\" \/>\n\t<meta property=\"og:image:type\" content=\"image\/jpeg\" \/>\n<meta name=\"twitter:card\" content=\"summary_large_image\" \/>\n<meta name=\"twitter:label1\" content=\"Disponibilit\u00e9\" \/>\n\t<meta name=\"twitter:data1\" content=\"En stock\" \/>\n<script type=\"application\/ld+json\" class=\"yoast-schema-graph\">{\"@context\":\"https:\/\/schema.org\",\"@graph\":[{\"@type\":\"WebPage\",\"@id\":\"https:\/\/dutchhealthstore.com\/fr\/product\/wild-child-happy-gum-drops\/\",\"url\":\"https:\/\/dutchhealthstore.com\/fr\/product\/wild-child-happy-gum-drops\/\",\"name\":\"Wild Child Happy Gum Drops | Living Libations\",\"isPartOf\":{\"@id\":\"https:\/\/dutchhealthstore.com\/fr\/#website\"},\"primaryImageOfPage\":{\"@id\":\"https:\/\/dutchhealthstore.com\/fr\/product\/wild-child-happy-gum-drops\/#primaryimage\"},\"image\":{\"@id\":\"https:\/\/dutchhealthstore.com\/fr\/product\/wild-child-happy-gum-drops\/#primaryimage\"},\"thumbnailUrl\":\"https:\/\/dutchhealthstore.com\/wp-content\/uploads\/2018\/02\/Living-Libations-Wild-Child-Happy-Gum-Drops.jpg\",\"datePublished\":\"2018-02-10T19:26:24+00:00\",\"dateModified\":\"2026-03-20T15:50:47+00:00\",\"description\":\"Cette forme plus douce de Happy Gum Drops nettoie en douceur et p\u00e9n\u00e8tre entre les dents. Cr\u00e9\u00e9 pour les enfants de moins de 9 ans.\",\"breadcrumb\":{\"@id\":\"https:\/\/dutchhealthstore.com\/fr\/product\/wild-child-happy-gum-drops\/#breadcrumb\"},\"inLanguage\":\"fr-FR\",\"potentialAction\":[{\"@type\":\"ReadAction\",\"target\":[\"https:\/\/dutchhealthstore.com\/fr\/product\/wild-child-happy-gum-drops\/\"]}]},{\"@type\":\"ImageObject\",\"inLanguage\":\"fr-FR\",\"@id\":\"https:\/\/dutchhealthstore.com\/fr\/product\/wild-child-happy-gum-drops\/#primaryimage\",\"url\":\"https:\/\/dutchhealthstore.com\/wp-content\/uploads\/2018\/02\/Living-Libations-Wild-Child-Happy-Gum-Drops.jpg\",\"contentUrl\":\"https:\/\/dutchhealthstore.com\/wp-content\/uploads\/2018\/02\/Living-Libations-Wild-Child-Happy-Gum-Drops.jpg\",\"width\":1000,\"height\":1000,\"caption\":\"Wild Child Happy Gum Drops\"},{\"@type\":\"BreadcrumbList\",\"@id\":\"https:\/\/dutchhealthstore.com\/fr\/product\/wild-child-happy-gum-drops\/#breadcrumb\",\"itemListElement\":[{\"@type\":\"ListItem\",\"position\":1,\"name\":\"Home\",\"item\":\"https:\/\/dutchhealthstore.com\/fr\/\"},{\"@type\":\"ListItem\",\"position\":2,\"name\":\"Shop\",\"item\":\"https:\/\/dutchhealthstore.com\/fr\/shop\/\"},{\"@type\":\"ListItem\",\"position\":3,\"name\":\"Wild Child Happy Gum Drops\"}]},{\"@type\":\"WebSite\",\"@id\":\"https:\/\/dutchhealthstore.com\/fr\/#website\",\"url\":\"https:\/\/dutchhealthstore.com\/fr\/\",\"name\":\"Dutch Health Store\",\"description\":\"Enhance Your Beauty with Organic &amp; Natural Skincare\",\"publisher\":{\"@id\":\"https:\/\/dutchhealthstore.com\/fr\/#organization\"},\"potentialAction\":[{\"@type\":\"SearchAction\",\"target\":{\"@type\":\"EntryPoint\",\"urlTemplate\":\"https:\/\/dutchhealthstore.com\/fr\/?s={search_term_string}\"},\"query-input\":{\"@type\":\"PropertyValueSpecification\",\"valueRequired\":true,\"valueName\":\"search_term_string\"}}],\"inLanguage\":\"fr-FR\"},{\"@type\":\"Organization\",\"@id\":\"https:\/\/dutchhealthstore.com\/fr\/#organization\",\"name\":\"Dutch Health Store\",\"url\":\"https:\/\/dutchhealthstore.com\/fr\/\",\"logo\":{\"@type\":\"ImageObject\",\"inLanguage\":\"fr-FR\",\"@id\":\"https:\/\/dutchhealthstore.com\/fr\/#\/schema\/logo\/image\/\",\"url\":\"https:\/\/dutchhealthstore.com\/wp-content\/uploads\/2020\/08\/logo-dutchhealthstore-jpg-e1599484957574.jpg\",\"contentUrl\":\"https:\/\/dutchhealthstore.com\/wp-content\/uploads\/2020\/08\/logo-dutchhealthstore-jpg-e1599484957574.jpg\",\"width\":400,\"height\":62,\"caption\":\"Dutch Health Store\"},\"image\":{\"@id\":\"https:\/\/dutchhealthstore.com\/fr\/#\/schema\/logo\/image\/\"},\"sameAs\":[\"https:\/\/www.instagram.com\/dutchhealthstore\/\",\"https:\/\/www.facebook.com\/dutchhealthstore\"]}]}<\/script>\n<meta property=\"product:brand\" content=\"Living Libations\" \/>\n<meta property=\"og:availability\" content=\"instock\" \/>\n<meta property=\"product:availability\" content=\"instock\" \/>\n<meta property=\"product:condition\" content=\"new\" \/>\n<!-- \/ Yoast SEO Premium plugin. -->","yoast_head_json":{"title":"Wild Child Happy Gum Drops | Living Libations","description":"Cette forme plus douce de Happy Gum Drops nettoie en douceur et p\u00e9n\u00e8tre entre les dents. Cr\u00e9\u00e9 pour les enfants de moins de 9 ans.","robots":{"index":"index","follow":"follow","max-snippet":"max-snippet:-1","max-image-preview":"max-image-preview:large","max-video-preview":"max-video-preview:-1"},"canonical":"https:\/\/dutchhealthstore.com\/fr\/product\/wild-child-happy-gum-drops\/","og_locale":"fr_FR","og_type":"article","og_title":"Wild Child Happy Gum Drops - Dutch Health Store","og_description":"Cette forme plus douce de Happy Gum Drops nettoie en douceur et p\u00e9n\u00e8tre entre les dents. Cr\u00e9\u00e9 pour les enfants de moins de 9 ans.","og_url":"https:\/\/dutchhealthstore.com\/fr\/product\/wild-child-happy-gum-drops\/","og_site_name":"Dutch Health Store","article_publisher":"https:\/\/www.instagram.com\/dutchhealthstore\/","article_modified_time":"2026-03-20T15:50:47+00:00","og_image":[{"width":1000,"height":1000,"url":"https:\/\/dutchhealthstore.com\/wp-content\/uploads\/2018\/02\/Living-Libations-Wild-Child-Happy-Gum-Drops.jpg","type":"image\/jpeg"}],"twitter_card":"summary_large_image","twitter_misc":{"Disponibilit\u00e9":"En stock"},"schema":{"@context":"https:\/\/schema.org","@graph":[{"@type":"WebPage","@id":"https:\/\/dutchhealthstore.com\/fr\/product\/wild-child-happy-gum-drops\/","url":"https:\/\/dutchhealthstore.com\/fr\/product\/wild-child-happy-gum-drops\/","name":"Wild Child Happy Gum Drops | Living Libations","isPartOf":{"@id":"https:\/\/dutchhealthstore.com\/fr\/#website"},"primaryImageOfPage":{"@id":"https:\/\/dutchhealthstore.com\/fr\/product\/wild-child-happy-gum-drops\/#primaryimage"},"image":{"@id":"https:\/\/dutchhealthstore.com\/fr\/product\/wild-child-happy-gum-drops\/#primaryimage"},"thumbnailUrl":"https:\/\/dutchhealthstore.com\/wp-content\/uploads\/2018\/02\/Living-Libations-Wild-Child-Happy-Gum-Drops.jpg","datePublished":"2018-02-10T19:26:24+00:00","dateModified":"2026-03-20T15:50:47+00:00","description":"Cette forme plus douce de Happy Gum Drops nettoie en douceur et p\u00e9n\u00e8tre entre les dents. Cr\u00e9\u00e9 pour les enfants de moins de 9 ans.","breadcrumb":{"@id":"https:\/\/dutchhealthstore.com\/fr\/product\/wild-child-happy-gum-drops\/#breadcrumb"},"inLanguage":"fr-FR","potentialAction":[{"@type":"ReadAction","target":["https:\/\/dutchhealthstore.com\/fr\/product\/wild-child-happy-gum-drops\/"]}]},{"@type":"ImageObject","inLanguage":"fr-FR","@id":"https:\/\/dutchhealthstore.com\/fr\/product\/wild-child-happy-gum-drops\/#primaryimage","url":"https:\/\/dutchhealthstore.com\/wp-content\/uploads\/2018\/02\/Living-Libations-Wild-Child-Happy-Gum-Drops.jpg","contentUrl":"https:\/\/dutchhealthstore.com\/wp-content\/uploads\/2018\/02\/Living-Libations-Wild-Child-Happy-Gum-Drops.jpg","width":1000,"height":1000,"caption":"Wild Child Happy Gum Drops"},{"@type":"BreadcrumbList","@id":"https:\/\/dutchhealthstore.com\/fr\/product\/wild-child-happy-gum-drops\/#breadcrumb","itemListElement":[{"@type":"ListItem","position":1,"name":"Home","item":"https:\/\/dutchhealthstore.com\/fr\/"},{"@type":"ListItem","position":2,"name":"Shop","item":"https:\/\/dutchhealthstore.com\/fr\/shop\/"},{"@type":"ListItem","position":3,"name":"Wild Child Happy Gum Drops"}]},{"@type":"WebSite","@id":"https:\/\/dutchhealthstore.com\/fr\/#website","url":"https:\/\/dutchhealthstore.com\/fr\/","name":"Dutch Health Store","description":"Enhance Your Beauty with Organic &amp; Natural Skincare","publisher":{"@id":"https:\/\/dutchhealthstore.com\/fr\/#organization"},"potentialAction":[{"@type":"SearchAction","target":{"@type":"EntryPoint","urlTemplate":"https:\/\/dutchhealthstore.com\/fr\/?s={search_term_string}"},"query-input":{"@type":"PropertyValueSpecification","valueRequired":true,"valueName":"search_term_string"}}],"inLanguage":"fr-FR"},{"@type":"Organization","@id":"https:\/\/dutchhealthstore.com\/fr\/#organization","name":"Dutch Health Store","url":"https:\/\/dutchhealthstore.com\/fr\/","logo":{"@type":"ImageObject","inLanguage":"fr-FR","@id":"https:\/\/dutchhealthstore.com\/fr\/#\/schema\/logo\/image\/","url":"https:\/\/dutchhealthstore.com\/wp-content\/uploads\/2020\/08\/logo-dutchhealthstore-jpg-e1599484957574.jpg","contentUrl":"https:\/\/dutchhealthstore.com\/wp-content\/uploads\/2020\/08\/logo-dutchhealthstore-jpg-e1599484957574.jpg","width":400,"height":62,"caption":"Dutch Health Store"},"image":{"@id":"https:\/\/dutchhealthstore.com\/fr\/#\/schema\/logo\/image\/"},"sameAs":["https:\/\/www.instagram.com\/dutchhealthstore\/","https:\/\/www.facebook.com\/dutchhealthstore"]}]},"product_brand":"Living Libations","og_availability":"instock","product_availability":"instock","product_condition":"new"},"_links":{"self":[{"href":"https:\/\/dutchhealthstore.com\/fr\/wp-json\/wp\/v2\/product\/65943","targetHints":{"allow":["GET"]}}],"collection":[{"href":"https:\/\/dutchhealthstore.com\/fr\/wp-json\/wp\/v2\/product"}],"about":[{"href":"https:\/\/dutchhealthstore.com\/fr\/wp-json\/wp\/v2\/types\/product"}],"replies":[{"embeddable":true,"href":"https:\/\/dutchhealthstore.com\/fr\/wp-json\/wp\/v2\/comments?post=65943"}],"wp:featuredmedia":[{"embeddable":true,"href":"https:\/\/dutchhealthstore.com\/fr\/wp-json\/wp\/v2\/media\/50154"}],"wp:attachment":[{"href":"https:\/\/dutchhealthstore.com\/fr\/wp-json\/wp\/v2\/media?parent=65943"}],"wp:term":[{"taxonomy":"product_brand","embeddable":true,"href":"https:\/\/dutchhealthstore.com\/fr\/wp-json\/wp\/v2\/product_brand?post=65943"},{"taxonomy":"product_cat","embeddable":true,"href":"https:\/\/dutchhealthstore.com\/fr\/wp-json\/wp\/v2\/product_cat?post=65943"},{"taxonomy":"product_tag","embeddable":true,"href":"https:\/\/dutchhealthstore.com\/fr\/wp-json\/wp\/v2\/product_tag?post=65943"}],"curies":[{"name":"wp","href":"https:\/\/api.w.org\/{rel}","templated":true}]}}