{"id":377075,"date":"2026-04-30T11:34:54","date_gmt":"2026-04-30T09:34:54","guid":{"rendered":"https:\/\/dutchhealthstore.com\/product\/whitening-mint-tooth-scrub\/"},"modified":"2026-04-30T11:34:54","modified_gmt":"2026-04-30T09:34:54","slug":"whitening-mint-tooth-scrub","status":"publish","type":"product","link":"https:\/\/dutchhealthstore.com\/fr\/product\/whitening-mint-tooth-scrub\/","title":{"rendered":"Whitening Mint Tooth Scrub"},"content":{"rendered":"<p>Utilisez-le seul pour un nettoyage en profondeur, ou m\u00e9langez-en une petite quantit\u00e9 \u00e0 votre dentifrice habituel pour ajuster le niveau de polissage.<br \/>\nNous utilisons le n\u00f4tre environ une fois par semaine, avec un l\u00e9ger ajout \u00e0 notre routine de brossage nocturne quelques fois par semaine selon les besoins. En cas d\u2019utilisation seule, nous recommandons de faire suivre par un brossage ou un bain de bouche \u00e0 l\u2019huile pour laisser un fini protecteur l\u00e9ger sur les dents. <\/p>\n<p><strong>Soin gommant ou dentifrice \u2014 de quoi avez-vous besoin ?<\/strong><\/p>\n<p>Le soin gommant est votre alli\u00e9 lorsque vos dents n\u00e9cessitent un nettoyage intensif et approfondi<br \/>\nNotre dentifrice habituel est formul\u00e9 avec une tr\u00e8s faible abrasivit\u00e9 \u2014 id\u00e9al pour un usage quotidien<br \/>\nTout est question d\u2019\u00e9quilibre : un nettoyage efficace sans exc\u00e8s<\/p>\n<p><strong>Comment \u00e7a marche<\/strong><\/p>\n<p>Ce soin gommant associe du bicarbonate de soude sans aluminium, du charbon actif et de la pierre ponce broy\u00e9e comme trio d\u2019abrasifs doux. Il repose sur la m\u00eame base que notre dentifrice habituel \u2014 avec nos 20 % de micro-hydroxyapatite de corail naturel et tout le spectre des herbes m\u00e9dicinales \u2014 mais va encore plus loin. Les herbes sont infus\u00e9es lentement dans une base d\u2019huile de s\u00e9same biologique, puis enrichies de poudres d\u2019herbes concentr\u00e9es pour une formule nettement plus puissante.  <\/p>\n<p><strong>Format : 2 oz menthe<\/strong><\/p>\n<p>\u2605 Aucun produit n\u2019est une solution parfaite pour tout le monde. \u00c9coutez votre corps \u2014 et cessez l\u2019utilisation en cas d\u2019effets ind\u00e9sirables. <\/p>\n<h3>Comment utiliser<\/h3>\n<ol>\n<li>D\u00e9posez une noisette de produit sur votre brosse \u00e0 dents<\/li>\n<li>Brossez-vous les dents doucement et soigneusement jusqu\u2019\u00e0 ce qu\u2019elles soient lisses et propres<\/li>\n<li>Nous recommandons de recracher dans une poubelle pour faciliter le nettoyage<\/li>\n<li>Utilisez 1 \u00e0 3 jours par semaine selon les besoins<\/li>\n<li>\u00c0 utiliser dans les 3 mois suivant l\u2019ouverture<\/li>\n<\/ol>\n<h2><strong>Ingr\u00e9dients naturels \/ biologiques <\/strong><\/h2>\n<p>Carbonate de calcium, micro-hydroxyapatite (issue de corail fossilis\u00e9), *huile d\u2019olive ozon\u00e9e, *huile de ricin, beurre de kokum, *huile de s\u00e9same, *cire d\u2019abeille, poudre de nacre, poudre de perle, *paille d\u2019avoine, extrait de card\u00e8re, *cardamome, *pr\u00eale, extrait d\u2019eucommia, *hadjod, *triphala, *r\u00e9glisse, *anantamul, extrait de drynaria, *ortie, *arjuna, extrait de rehmannia, *orme rouge, *clous de girofle, *rose, miswak, *manjistha, *\u00e9corce de ch\u00eane blanc, *curcuma, *\u00e9chinac\u00e9e, *kalmegh, shilajit, *neem, th\u00e9obromine, pierre ponce, charbon actif, bicarbonate de soude, *huile essentielle de menthe poivr\u00e9e, *huile essentielle de menthe verte. &#8212;<br \/>\n*Biologique **Cueillette sauvage <\/p>\n\n\t<section class=\"section\" id=\"section_1720976579\">\n\t\t<div class=\"section-bg fill\" >\n\t\t\t<img fetchpriority=\"high\" decoding=\"async\" width=\"1536\" height=\"1024\" src=\"https:\/\/dutchhealthstore.com\/wp-content\/uploads\/2026\/02\/bliss-bg.jpg\" class=\"bg attachment- size-\" alt=\"\" \/>\t\t\t\t\t\t<div class=\"section-bg-overlay absolute fill\"><\/div>\n\t\t\t\n\n\t\t<\/div>\n\n\t\t\n\n\t\t<div class=\"section-content relative\">\n\t\t\t\n\n\t<div id=\"gap-731861660\" class=\"gap-element clearfix\" style=\"display:block; height:auto;\">\n\t\t\n<style>\n#gap-731861660 {\n  padding-top: 15px;\n}\n<\/style>\n\t<\/div>\n\t\n\n<div class=\"container section-title-container\" ><h3 class=\"section-title section-title-normal\"><b><\/b><span class=\"section-title-main\" >\u00c0 propos de Bliss Energetics<\/span><b><\/b><\/h3><\/div>\n\n<div class=\"row\"  id=\"row-711828945\">\n\n\n\t<div id=\"col-406683139\" class=\"col small-12 large-12\"  >\n\t\t\t\t<div class=\"col-inner\"  >\n\t\t\t\n\t\t\t\n\n<p>Bliss Energetics est une marque de soins bucco-dentaires holistiques d\u00e9di\u00e9e \u00e0 une v\u00e9ritable remin\u00e9ralisation. Ancr\u00e9e dans l'Ayurveda, la m\u00e9decine traditionnelle chinoise et la science des min\u00e9raux, chaque formule est con\u00e7ue pour soutenir la capacit\u00e9 naturelle du corps \u00e0 reconstruire l'\u00e9mail et \u00e0 renforcer les dents de l'int\u00e9rieur. <\/p>\n<p>Ce ne sont pas des produits dentaires conventionnels. Ils se concentrent sur les min\u00e9raux biodisponibles, les vitamines liposolubles et la sagesse des plantes pour nourrir les dents en tant que tissu vivant \u2014 tout en favorisant la salive, l'absorption et l'\u00e9quilibre structurel. <\/p>\n<p>Exempte d'additifs synth\u00e9tiques et \u00e9labor\u00e9e avec intention, Bliss Energetics combine la densit\u00e9 min\u00e9rale avec la conscience \u00e9nerg\u00e9tique.<\/p>\n<p>C'est un soin bucco-dentaire pour ceux qui croient que la gu\u00e9rison se produit lorsque le corps est correctement nourri.<\/p>\n\n\n\t\t<\/div>\n\t\t\t\t\t<\/div>\n\n\t\n\n<\/div>\n\n\t\t<\/div>\n\n\t\t\n<style>\n#section_1720976579 {\n  padding-top: 30px;\n  padding-bottom: 30px;\n}\n#section_1720976579 .section-bg-overlay {\n  background-color: rgba(255, 255, 255, 0.767);\n}\n<\/style>\n\t<\/section>\n\t\n","protected":false},"excerpt":{"rendered":"<p>Ce soin gommant est con\u00e7u pour \u00eatre utilis\u00e9 seul ou avec notre dentifrice habituel \u2014 vous offrant la libert\u00e9 de combiner et d\u2019adapter votre routine selon les besoins de vos dents.<\/p>\n","protected":false},"featured_media":377043,"comment_status":"open","ping_status":"closed","template":"","meta":[],"product_brand":[],"product_cat":[22214,1037,1908,20902,20908,1209,1030,1010],"product_tag":[],"class_list":{"0":"post-377075","1":"product","2":"type-product","3":"status-publish","4":"has-post-thumbnail","6":"product_cat-bliss-energetics","7":"product_cat-hygiene-dentaire","8":"product_cat-new-additions-fr","9":"product_cat-new-additions-healthcare-fr","10":"product_cat-new-additions-skincare-fr","11":"product_cat-par-marques","12":"product_cat-par-produits","13":"product_cat-notre-boutique","14":"pa_brand-bliss-energetics","15":"pa_dental-care-product-type-toothpaste-fr","16":"pa_gtin-22428","17":"pa_size-2-oz-56-g-fr-2","19":"first","20":"instock","21":"taxable","22":"shipping-taxable","23":"purchasable","24":"product-type-simple"},"bundled_by":[],"bundle_stock_status":"instock","bundle_stock_quantity":12,"bundle_virtual":false,"bundle_layout":"","bundle_add_to_cart_form_location":"","bundle_editable_in_cart":false,"bundle_sold_individually_context":"","bundle_item_grouping":"","bundle_min_size":"","bundle_max_size":"","bundle_price":[],"bundled_items":[],"bundle_sell_ids":[],"atum_controlled":true,"out_stock_date":null,"out_stock_threshold":null,"inheritable":false,"stock_on_hold":0,"sold_today":0,"sales_last_days":0,"out_stock_days":0,"lost_sales":0,"update_date":"2026-05-03T20:09:36","atum_locations":[],"atum_stock_status":"instock","restock_status":false,"low_stock_amount":"","sales_update_date":"2026-05-03T20:09:36","calc_backorders":null,"group_of_quantity":0,"min_quantity":0,"max_quantity":"","exclude_order_quantity_value_rules":"no","exclude_category_quantity_rules":"no","combine_variations":"no","yoast_head":"<!-- This site is optimized with the Yoast SEO Premium plugin v26.5 (Yoast SEO v26.5) - https:\/\/yoast.com\/wordpress\/plugins\/seo\/ -->\n<title>Whitening Mint Tooth Scrub - Bliss Energetics<\/title>\n<meta name=\"description\" content=\"Ce soin gommant est con\u00e7u pour \u00eatre utilis\u00e9 seul ou avec notre dentifrice habituel \u2014 vous offrant la libert\u00e9 de combiner et d\u2019adapter votre routine selon les besoins de vos dents.\" \/>\n<meta name=\"robots\" content=\"index, follow, max-snippet:-1, max-image-preview:large, max-video-preview:-1\" \/>\n<link rel=\"canonical\" href=\"https:\/\/dutchhealthstore.com\/fr\/product\/whitening-mint-tooth-scrub\/\" \/>\n<meta property=\"og:locale\" content=\"fr_FR\" \/>\n<meta property=\"og:type\" content=\"article\" \/>\n<meta property=\"og:title\" content=\"Whitening Mint Tooth Scrub - Dutch Health Store\" \/>\n<meta property=\"og:description\" content=\"Ce soin gommant est con\u00e7u pour \u00eatre utilis\u00e9 seul ou avec notre dentifrice habituel \u2014 vous offrant la libert\u00e9 de combiner et d\u2019adapter votre routine selon les besoins de vos dents.\" \/>\n<meta property=\"og:url\" content=\"https:\/\/dutchhealthstore.com\/fr\/product\/whitening-mint-tooth-scrub\/\" \/>\n<meta property=\"og:site_name\" content=\"Dutch Health Store\" \/>\n<meta property=\"article:publisher\" content=\"https:\/\/www.instagram.com\/dutchhealthstore\/\" \/>\n<meta property=\"og:image\" content=\"https:\/\/dutchhealthstore.com\/wp-content\/uploads\/2026\/04\/Untitled-design-2026-04-30T103447.370.jpg\" \/>\n\t<meta property=\"og:image:width\" content=\"530\" \/>\n\t<meta property=\"og:image:height\" content=\"530\" \/>\n\t<meta property=\"og:image:type\" content=\"image\/jpeg\" \/>\n<meta name=\"twitter:card\" content=\"summary_large_image\" \/>\n<meta name=\"twitter:label1\" content=\"Prix\" \/>\n\t<meta name=\"twitter:data1\" content=\"&euro;28,00\" \/>\n\t<meta name=\"twitter:label2\" content=\"Disponibilit\u00e9\" \/>\n\t<meta name=\"twitter:data2\" content=\"En stock\" \/>\n<script type=\"application\/ld+json\" class=\"yoast-schema-graph\">{\"@context\":\"https:\/\/schema.org\",\"@graph\":[{\"@type\":\"WebPage\",\"@id\":\"https:\/\/dutchhealthstore.com\/fr\/product\/whitening-mint-tooth-scrub\/\",\"url\":\"https:\/\/dutchhealthstore.com\/fr\/product\/whitening-mint-tooth-scrub\/\",\"name\":\"Whitening Mint Tooth Scrub - Bliss Energetics\",\"isPartOf\":{\"@id\":\"https:\/\/dutchhealthstore.com\/fr\/#website\"},\"primaryImageOfPage\":{\"@id\":\"https:\/\/dutchhealthstore.com\/fr\/product\/whitening-mint-tooth-scrub\/#primaryimage\"},\"image\":{\"@id\":\"https:\/\/dutchhealthstore.com\/fr\/product\/whitening-mint-tooth-scrub\/#primaryimage\"},\"thumbnailUrl\":\"https:\/\/dutchhealthstore.com\/wp-content\/uploads\/2026\/04\/Untitled-design-2026-04-30T103447.370.jpg\",\"datePublished\":\"2026-04-30T09:34:54+00:00\",\"description\":\"Ce soin gommant est con\u00e7u pour \u00eatre utilis\u00e9 seul ou avec notre dentifrice habituel \u2014 vous offrant la libert\u00e9 de combiner et d\u2019adapter votre routine selon les besoins de vos dents.\",\"breadcrumb\":{\"@id\":\"https:\/\/dutchhealthstore.com\/fr\/product\/whitening-mint-tooth-scrub\/#breadcrumb\"},\"inLanguage\":\"fr-FR\",\"potentialAction\":[{\"@type\":\"ReadAction\",\"target\":[\"https:\/\/dutchhealthstore.com\/fr\/product\/whitening-mint-tooth-scrub\/\"]}]},{\"@type\":\"ImageObject\",\"inLanguage\":\"fr-FR\",\"@id\":\"https:\/\/dutchhealthstore.com\/fr\/product\/whitening-mint-tooth-scrub\/#primaryimage\",\"url\":\"https:\/\/dutchhealthstore.com\/wp-content\/uploads\/2026\/04\/Untitled-design-2026-04-30T103447.370.jpg\",\"contentUrl\":\"https:\/\/dutchhealthstore.com\/wp-content\/uploads\/2026\/04\/Untitled-design-2026-04-30T103447.370.jpg\",\"width\":530,\"height\":530,\"caption\":\"bliss-tooth-scrub-mint\"},{\"@type\":\"BreadcrumbList\",\"@id\":\"https:\/\/dutchhealthstore.com\/fr\/product\/whitening-mint-tooth-scrub\/#breadcrumb\",\"itemListElement\":[{\"@type\":\"ListItem\",\"position\":1,\"name\":\"Home\",\"item\":\"https:\/\/dutchhealthstore.com\/fr\/\"},{\"@type\":\"ListItem\",\"position\":2,\"name\":\"Shop\",\"item\":\"https:\/\/dutchhealthstore.com\/fr\/shop\/\"},{\"@type\":\"ListItem\",\"position\":3,\"name\":\"Whitening Mint Tooth Scrub\"}]},{\"@type\":\"WebSite\",\"@id\":\"https:\/\/dutchhealthstore.com\/fr\/#website\",\"url\":\"https:\/\/dutchhealthstore.com\/fr\/\",\"name\":\"Dutch Health Store\",\"description\":\"Enhance Your Beauty with Organic &amp; Natural Skincare\",\"publisher\":{\"@id\":\"https:\/\/dutchhealthstore.com\/fr\/#organization\"},\"potentialAction\":[{\"@type\":\"SearchAction\",\"target\":{\"@type\":\"EntryPoint\",\"urlTemplate\":\"https:\/\/dutchhealthstore.com\/fr\/?s={search_term_string}\"},\"query-input\":{\"@type\":\"PropertyValueSpecification\",\"valueRequired\":true,\"valueName\":\"search_term_string\"}}],\"inLanguage\":\"fr-FR\"},{\"@type\":\"Organization\",\"@id\":\"https:\/\/dutchhealthstore.com\/fr\/#organization\",\"name\":\"Dutch Health Store\",\"url\":\"https:\/\/dutchhealthstore.com\/fr\/\",\"logo\":{\"@type\":\"ImageObject\",\"inLanguage\":\"fr-FR\",\"@id\":\"https:\/\/dutchhealthstore.com\/fr\/#\/schema\/logo\/image\/\",\"url\":\"https:\/\/dutchhealthstore.com\/wp-content\/uploads\/2020\/08\/logo-dutchhealthstore-jpg-e1599484957574.jpg\",\"contentUrl\":\"https:\/\/dutchhealthstore.com\/wp-content\/uploads\/2020\/08\/logo-dutchhealthstore-jpg-e1599484957574.jpg\",\"width\":400,\"height\":62,\"caption\":\"Dutch Health Store\"},\"image\":{\"@id\":\"https:\/\/dutchhealthstore.com\/fr\/#\/schema\/logo\/image\/\"},\"sameAs\":[\"https:\/\/www.instagram.com\/dutchhealthstore\/\",\"https:\/\/www.facebook.com\/dutchhealthstore\"]}]}<\/script>\n<meta property=\"product:brand\" content=\"Bliss Energetics\" \/>\n<meta property=\"product:price:amount\" content=\"28.00\" \/>\n<meta property=\"product:price:currency\" content=\"EUR\" \/>\n<meta property=\"og:availability\" content=\"instock\" \/>\n<meta property=\"product:availability\" content=\"instock\" \/>\n<meta property=\"product:condition\" content=\"new\" \/>\n<!-- \/ Yoast SEO Premium plugin. -->","yoast_head_json":{"title":"Whitening Mint Tooth Scrub - Bliss Energetics","description":"Ce soin gommant est con\u00e7u pour \u00eatre utilis\u00e9 seul ou avec notre dentifrice habituel \u2014 vous offrant la libert\u00e9 de combiner et d\u2019adapter votre routine selon les besoins de vos dents.","robots":{"index":"index","follow":"follow","max-snippet":"max-snippet:-1","max-image-preview":"max-image-preview:large","max-video-preview":"max-video-preview:-1"},"canonical":"https:\/\/dutchhealthstore.com\/fr\/product\/whitening-mint-tooth-scrub\/","og_locale":"fr_FR","og_type":"article","og_title":"Whitening Mint Tooth Scrub - Dutch Health Store","og_description":"Ce soin gommant est con\u00e7u pour \u00eatre utilis\u00e9 seul ou avec notre dentifrice habituel \u2014 vous offrant la libert\u00e9 de combiner et d\u2019adapter votre routine selon les besoins de vos dents.","og_url":"https:\/\/dutchhealthstore.com\/fr\/product\/whitening-mint-tooth-scrub\/","og_site_name":"Dutch Health Store","article_publisher":"https:\/\/www.instagram.com\/dutchhealthstore\/","og_image":[{"width":530,"height":530,"url":"https:\/\/dutchhealthstore.com\/wp-content\/uploads\/2026\/04\/Untitled-design-2026-04-30T103447.370.jpg","type":"image\/jpeg"}],"twitter_card":"summary_large_image","twitter_misc":{"Prix":"&euro;28,00","Disponibilit\u00e9":"En stock"},"schema":{"@context":"https:\/\/schema.org","@graph":[{"@type":"WebPage","@id":"https:\/\/dutchhealthstore.com\/fr\/product\/whitening-mint-tooth-scrub\/","url":"https:\/\/dutchhealthstore.com\/fr\/product\/whitening-mint-tooth-scrub\/","name":"Whitening Mint Tooth Scrub - Bliss Energetics","isPartOf":{"@id":"https:\/\/dutchhealthstore.com\/fr\/#website"},"primaryImageOfPage":{"@id":"https:\/\/dutchhealthstore.com\/fr\/product\/whitening-mint-tooth-scrub\/#primaryimage"},"image":{"@id":"https:\/\/dutchhealthstore.com\/fr\/product\/whitening-mint-tooth-scrub\/#primaryimage"},"thumbnailUrl":"https:\/\/dutchhealthstore.com\/wp-content\/uploads\/2026\/04\/Untitled-design-2026-04-30T103447.370.jpg","datePublished":"2026-04-30T09:34:54+00:00","description":"Ce soin gommant est con\u00e7u pour \u00eatre utilis\u00e9 seul ou avec notre dentifrice habituel \u2014 vous offrant la libert\u00e9 de combiner et d\u2019adapter votre routine selon les besoins de vos dents.","breadcrumb":{"@id":"https:\/\/dutchhealthstore.com\/fr\/product\/whitening-mint-tooth-scrub\/#breadcrumb"},"inLanguage":"fr-FR","potentialAction":[{"@type":"ReadAction","target":["https:\/\/dutchhealthstore.com\/fr\/product\/whitening-mint-tooth-scrub\/"]}]},{"@type":"ImageObject","inLanguage":"fr-FR","@id":"https:\/\/dutchhealthstore.com\/fr\/product\/whitening-mint-tooth-scrub\/#primaryimage","url":"https:\/\/dutchhealthstore.com\/wp-content\/uploads\/2026\/04\/Untitled-design-2026-04-30T103447.370.jpg","contentUrl":"https:\/\/dutchhealthstore.com\/wp-content\/uploads\/2026\/04\/Untitled-design-2026-04-30T103447.370.jpg","width":530,"height":530,"caption":"bliss-tooth-scrub-mint"},{"@type":"BreadcrumbList","@id":"https:\/\/dutchhealthstore.com\/fr\/product\/whitening-mint-tooth-scrub\/#breadcrumb","itemListElement":[{"@type":"ListItem","position":1,"name":"Home","item":"https:\/\/dutchhealthstore.com\/fr\/"},{"@type":"ListItem","position":2,"name":"Shop","item":"https:\/\/dutchhealthstore.com\/fr\/shop\/"},{"@type":"ListItem","position":3,"name":"Whitening Mint Tooth Scrub"}]},{"@type":"WebSite","@id":"https:\/\/dutchhealthstore.com\/fr\/#website","url":"https:\/\/dutchhealthstore.com\/fr\/","name":"Dutch Health Store","description":"Enhance Your Beauty with Organic &amp; Natural Skincare","publisher":{"@id":"https:\/\/dutchhealthstore.com\/fr\/#organization"},"potentialAction":[{"@type":"SearchAction","target":{"@type":"EntryPoint","urlTemplate":"https:\/\/dutchhealthstore.com\/fr\/?s={search_term_string}"},"query-input":{"@type":"PropertyValueSpecification","valueRequired":true,"valueName":"search_term_string"}}],"inLanguage":"fr-FR"},{"@type":"Organization","@id":"https:\/\/dutchhealthstore.com\/fr\/#organization","name":"Dutch Health Store","url":"https:\/\/dutchhealthstore.com\/fr\/","logo":{"@type":"ImageObject","inLanguage":"fr-FR","@id":"https:\/\/dutchhealthstore.com\/fr\/#\/schema\/logo\/image\/","url":"https:\/\/dutchhealthstore.com\/wp-content\/uploads\/2020\/08\/logo-dutchhealthstore-jpg-e1599484957574.jpg","contentUrl":"https:\/\/dutchhealthstore.com\/wp-content\/uploads\/2020\/08\/logo-dutchhealthstore-jpg-e1599484957574.jpg","width":400,"height":62,"caption":"Dutch Health Store"},"image":{"@id":"https:\/\/dutchhealthstore.com\/fr\/#\/schema\/logo\/image\/"},"sameAs":["https:\/\/www.instagram.com\/dutchhealthstore\/","https:\/\/www.facebook.com\/dutchhealthstore"]}]},"product_brand":"Bliss Energetics","product_price_amount":"28.00","product_price_currency":"EUR","og_availability":"instock","product_availability":"instock","product_condition":"new"},"_links":{"self":[{"href":"https:\/\/dutchhealthstore.com\/fr\/wp-json\/wp\/v2\/product\/377075","targetHints":{"allow":["GET"]}}],"collection":[{"href":"https:\/\/dutchhealthstore.com\/fr\/wp-json\/wp\/v2\/product"}],"about":[{"href":"https:\/\/dutchhealthstore.com\/fr\/wp-json\/wp\/v2\/types\/product"}],"replies":[{"embeddable":true,"href":"https:\/\/dutchhealthstore.com\/fr\/wp-json\/wp\/v2\/comments?post=377075"}],"wp:featuredmedia":[{"embeddable":true,"href":"https:\/\/dutchhealthstore.com\/fr\/wp-json\/wp\/v2\/media\/377043"}],"wp:attachment":[{"href":"https:\/\/dutchhealthstore.com\/fr\/wp-json\/wp\/v2\/media?parent=377075"}],"wp:term":[{"taxonomy":"product_brand","embeddable":true,"href":"https:\/\/dutchhealthstore.com\/fr\/wp-json\/wp\/v2\/product_brand?post=377075"},{"taxonomy":"product_cat","embeddable":true,"href":"https:\/\/dutchhealthstore.com\/fr\/wp-json\/wp\/v2\/product_cat?post=377075"},{"taxonomy":"product_tag","embeddable":true,"href":"https:\/\/dutchhealthstore.com\/fr\/wp-json\/wp\/v2\/product_tag?post=377075"}],"curies":[{"name":"wp","href":"https:\/\/api.w.org\/{rel}","templated":true}]}}