{"id":377068,"date":"2026-04-30T11:27:32","date_gmt":"2026-04-30T09:27:32","guid":{"rendered":"https:\/\/dutchhealthstore.com\/product\/ozonated-gum-massage-oil\/"},"modified":"2026-05-01T15:54:45","modified_gmt":"2026-05-01T13:54:45","slug":"ozonated-gum-massage-oil","status":"publish","type":"product","link":"https:\/\/dutchhealthstore.com\/fr\/product\/ozonated-gum-massage-oil\/","title":{"rendered":"Ozonated Gum Massage Oil"},"content":{"rendered":"<p>Les saignements, les rougeurs et les gonflements sont des signaux indiquant que votre corps a besoin de soutien.<\/p>\n<p><strong>\u00c0 qui s\u2019adresse-t-il ?<\/strong><\/p>\n<ul>\n<li>Les personnes souffrant de gingivite, de poches parodontales ou de r\u00e9cession gingivale<\/li>\n<li>Toute personne cherchant \u00e0 r\u00e9duire l\u2019inflammation buccale, \u00e0 raffermir les tissus gingivaux l\u00e2ches et \u00e0 trouver un soulagement durable<\/li>\n<li>Les familles souhaitant une approche naturelle pour r\u00e9duire les bact\u00e9ries buccales nocives ou g\u00e9rer les abc\u00e8s<\/li>\n<\/ul>\n<p><strong>Comment \u00e7a marche<\/strong><br \/>\nCe m\u00e9lange s\u2019appuie sur des herbes am\u00e8res, astringentes et rafra\u00eechissantes pour \u00e9vacuer l\u2019exc\u00e8s de chaleur des gencives \u2014 ce qui le rend particuli\u00e8rement adapt\u00e9 aux affections inflammatoires comme la gingivite. La formule est sp\u00e9cifiquement con\u00e7ue pour aider \u00e0 r\u00e9duire les poches gingivales, traiter la r\u00e9cession et soutenir la gu\u00e9rison des abc\u00e8s. <\/p>\n<p><strong>Taille : 1 oz et 2 oz<\/strong><\/p>\n<h3>Comment utiliser<\/h3>\n<p>Appliquez sur vos doigts et massez d\u00e9licatement vos gencives !<\/p>\n<p>Cette formule est fortement ozon\u00e9e avec une infusion d\u2019herbes concentr\u00e9e, vous pouvez la diluer pour un go\u00fbt plus doux ! Pour les rougeurs, ajoutez un peu d\u2019huile de coco. Si vous souhaitez plus de nutrition, ajoutez de l\u2019huile de s\u00e9same.  <\/p>\n<p>VEUILLEZ NOTER : Comme nous utilisons de l\u2019huile de coco ordinaire comme base, le produit arrivera probablement partiellement solidifi\u00e9, mais il se liqu\u00e9fiera \u00e0 temp\u00e9rature ambiante.<\/p>\n<p>&nbsp;<\/p>\n<h3>Ingr\u00e9dients cl\u00e9s &amp; bienfaits<\/h3>\n<p>Huile d\u2019olive ozon\u00e9e \u2014 L\u2019huile d\u2019olive p\u00e9n\u00e8tre naturellement les tissus gingivaux et, lorsqu\u2019elle est ozon\u00e9e, elle lib\u00e8re des compos\u00e9s d\u2019oxyg\u00e8ne stabilis\u00e9s qui aident \u00e0 supprimer les bact\u00e9ries buccales nocives et \u00e0 soutenir la r\u00e9g\u00e9n\u00e9ration des tissus.<br \/>\nHuile de coco enti\u00e8re \u2014 Favorise un meilleur \u00e9quilibre bact\u00e9rien dans la bouche en inhibant les microbes nocifs et en r\u00e9duisant leur capacit\u00e9 \u00e0 adh\u00e9rer aux dents et aux gencives. Son profil naturel d\u2019acides gras lui permet de rester sur la surface des dents plus longtemps que l\u2019huile MCT, ce qui la rend particuli\u00e8rement efficace pour les soins bucco-dentaires. (Le produit peut arriver partiellement solidifi\u00e9 ; il se liqu\u00e9fiera \u00e0 temp\u00e9rature ambiante.)<br \/>\nAnantamul \u2014 Une herbe ayurv\u00e9dique traditionnelle pris\u00e9e pour ses propri\u00e9t\u00e9s anti-inflammatoires, antimicrobiennes et cicatrisantes \u2014 toutes directement b\u00e9n\u00e9fiques pour la sant\u00e9 des gencives.<br \/>\nTriphala \u2014 Aide \u00e0 r\u00e9duire la plaque dentaire et la gingivite gr\u00e2ce \u00e0 ses actions anti-inflammatoires et antibact\u00e9riennes reconnues.<br \/>\nPr\u00eale des champs (Horsetail) \u2014 Favorise l\u2019int\u00e9grit\u00e9 du tissu conjonctif, apportant un soutien structurel au tissu gingival.<br \/>\nAmla \u2014 Pilier des soins bucco-dentaires ayurv\u00e9diques, l\u2019Amla renforce le tissu gingival, r\u00e9duit l\u2019inflammation et combat les bact\u00e9ries associ\u00e9es aux maladies des gencives.<br \/>\n\u00c9corce de ch\u00eane blanc \u2014 Aide \u00e0 raffermir et \u00e0 fortifier le tissu gingival, r\u00e9duit les saignements mineurs et peut aider \u00e0 pr\u00e9venir une r\u00e9cession suppl\u00e9mentaire.<\/p>\n<p><strong>\u00c0 propos de la nouvelle formule<\/strong><br \/>\nNous avons reformul\u00e9 ce m\u00e9lange pour en am\u00e9liorer l\u2019efficacit\u00e9. L\u2019huile d\u2019olive ozon\u00e9e est d\u00e9sormais associ\u00e9e \u00e0 l\u2019huile de coco enti\u00e8re pour une base plus puissante et synergique. L\u2019huile d\u2019olive ozon\u00e9e p\u00e9n\u00e8tre profond\u00e9ment les tissus pour d\u00e9livrer de l\u2019oxyg\u00e8ne stabilis\u00e9 qui \u00e9limine les bact\u00e9ries nocives et renforce la structure des gencives \u2014 avec une stabilit\u00e9 de l\u2019ozone sup\u00e9rieure \u00e0 celle de l\u2019huile de coco seule. L\u2019huile de coco enti\u00e8re constitue la base, utilisant ses acides gras naturels pour inhiber la croissance bact\u00e9rienne et prolonger le temps de contact en surface sur les dents et les gencives. Ensemble, elles favorisent la force des gencives, un microbiome buccal \u00e9quilibr\u00e9 et une sant\u00e9 dentaire durable.<br \/>\nCette formule est fortement ozon\u00e9e avec une concentration \u00e9lev\u00e9e en infusion d\u2019herbes. Si vous pr\u00e9f\u00e9rez une exp\u00e9rience plus douce, diluez-la simplement : l\u2019huile de coco att\u00e9nue les rougeurs et l\u2019intensit\u00e9 de la fra\u00eecheur, l\u2019huile de s\u00e9same apporte une nutrition suppl\u00e9mentaire, ou m\u00e9langez-la avec n\u2019importe quelle huile qui convient \u00e0 vos besoins.     <\/p>\n<p>\u2605  <strong><em>Aucun produit n\u2019est une solution parfaite pour tout le monde. \u00c9coutez votre corps \u2014 et cessez l\u2019utilisation si vous ressentez des effets ind\u00e9sirables. <\/em><\/strong><\/p>\n<h2><strong>Ingr\u00e9dients naturels \/ biologiques <\/strong><\/h2>\n<p>*Huile d\u2019olive ozon\u00e9e, *huile de coco MCT, *huile de coco extra vierge, *Anantamul, *Triphala, poudre de perle, *Amla, *paille d\u2019avoine, *pr\u00eale, *cardamome, *\u00e9corce de ch\u00eane blanc, *Musta, Miswak, **bois de santal, Eclipta, ch\u00e8vrefeuille, *Neem, *Kalmegh, *curcuma, *chlorophylle, *orme rouge, *rose, *ortie, *Manjistha, *clous de girofle, **myrrhe, th\u00e9obromine, *r\u00e9glisse, *\u00e9chinac\u00e9e. &#8212;<br \/>\n*Biologique **Cueillette sauvage <\/p>\n\n\t<section class=\"section\" id=\"section_1758735095\">\n\t\t<div class=\"section-bg fill\" >\n\t\t\t<img fetchpriority=\"high\" decoding=\"async\" width=\"1536\" height=\"1024\" src=\"https:\/\/dutchhealthstore.com\/wp-content\/uploads\/2026\/02\/bliss-bg.jpg\" class=\"bg attachment- size-\" alt=\"\" \/>\t\t\t\t\t\t<div class=\"section-bg-overlay absolute fill\"><\/div>\n\t\t\t\n\n\t\t<\/div>\n\n\t\t\n\n\t\t<div class=\"section-content relative\">\n\t\t\t\n\n\t<div id=\"gap-468495823\" class=\"gap-element clearfix\" style=\"display:block; height:auto;\">\n\t\t\n<style>\n#gap-468495823 {\n  padding-top: 15px;\n}\n<\/style>\n\t<\/div>\n\t\n\n<div class=\"container section-title-container\" ><h3 class=\"section-title section-title-normal\"><b><\/b><span class=\"section-title-main\" >\u00c0 propos de Bliss Energetics<\/span><b><\/b><\/h3><\/div>\n\n<div class=\"row\"  id=\"row-1288969658\">\n\n\n\t<div id=\"col-1937040694\" class=\"col small-12 large-12\"  >\n\t\t\t\t<div class=\"col-inner\"  >\n\t\t\t\n\t\t\t\n\n<p>Bliss Energetics est une marque de soins bucco-dentaires holistiques d\u00e9di\u00e9e \u00e0 une v\u00e9ritable remin\u00e9ralisation. Ancr\u00e9e dans l'Ayurveda, la m\u00e9decine traditionnelle chinoise et la science des min\u00e9raux, chaque formule est con\u00e7ue pour soutenir la capacit\u00e9 naturelle du corps \u00e0 reconstruire l'\u00e9mail et \u00e0 renforcer les dents de l'int\u00e9rieur. <\/p>\n<p>Ce ne sont pas des produits dentaires conventionnels. Ils se concentrent sur les min\u00e9raux biodisponibles, les vitamines liposolubles et la sagesse des plantes pour nourrir les dents en tant que tissu vivant \u2014 tout en favorisant la salive, l'absorption et l'\u00e9quilibre structurel. <\/p>\n<p>Exempte d'additifs synth\u00e9tiques et \u00e9labor\u00e9e avec intention, Bliss Energetics combine la densit\u00e9 min\u00e9rale avec la conscience \u00e9nerg\u00e9tique.<\/p>\n<p>C'est un soin bucco-dentaire pour ceux qui croient que la gu\u00e9rison se produit lorsque le corps est correctement nourri.<\/p>\n\n\n\t\t<\/div>\n\t\t\t\t\t<\/div>\n\n\t\n\n<\/div>\n\n\t\t<\/div>\n\n\t\t\n<style>\n#section_1758735095 {\n  padding-top: 30px;\n  padding-bottom: 30px;\n}\n#section_1758735095 .section-bg-overlay {\n  background-color: rgba(255, 255, 255, 0.767);\n}\n<\/style>\n\t<\/section>\n\t\n","protected":false},"excerpt":{"rendered":"<p>En Ayurveda comme en m\u00e9decine traditionnelle chinoise, les gencives sont consid\u00e9r\u00e9es comme le miroir de la sant\u00e9 interne \u2014 refl\u00e9tant l\u2019exc\u00e8s de chaleur, la s\u00e9cheresse et l\u2019inflammation avant qu\u2019ils ne deviennent visibles ailleurs.<\/p>\n","protected":false},"featured_media":377031,"comment_status":"open","ping_status":"closed","template":"","meta":[],"product_brand":[],"product_cat":[22214,1037,1908,20902,20908,1209,1030,1010],"product_tag":[],"class_list":{"0":"post-377068","1":"product","2":"type-product","3":"status-publish","4":"has-post-thumbnail","6":"product_cat-bliss-energetics","7":"product_cat-hygiene-dentaire","8":"product_cat-new-additions-fr","9":"product_cat-new-additions-healthcare-fr","10":"product_cat-new-additions-skincare-fr","11":"product_cat-par-marques","12":"product_cat-par-produits","13":"product_cat-notre-boutique","14":"pa_brand-bliss-energetics","15":"pa_dental-care-product-type-gum-care-fr","16":"pa_gtin-22423","17":"pa_size-1-fl-oz","18":"pa_size-2-fl-oz","20":"first","21":"instock","22":"taxable","23":"shipping-taxable","24":"purchasable","25":"product-type-variable"},"bundled_by":[],"bundle_stock_status":"instock","bundle_stock_quantity":null,"bundle_virtual":false,"bundle_layout":"","bundle_add_to_cart_form_location":"","bundle_editable_in_cart":false,"bundle_sold_individually_context":"","bundle_item_grouping":"","bundle_min_size":"","bundle_max_size":"","bundle_price":[],"bundled_items":[],"bundle_sell_ids":[],"atum_controlled":true,"out_stock_date":null,"out_stock_threshold":null,"inheritable":true,"stock_on_hold":1,"sold_today":1,"sales_last_days":1,"out_stock_days":null,"lost_sales":0,"update_date":"2026-05-01T13:54:49","atum_locations":[],"atum_stock_status":"instock","restock_status":false,"low_stock_amount":"","sales_update_date":"2026-05-01T13:15:11","calc_backorders":null,"group_of_quantity":0,"min_quantity":0,"max_quantity":"","exclude_order_quantity_value_rules":"no","exclude_category_quantity_rules":"no","combine_variations":"no","yoast_head":"<!-- This site is optimized with the Yoast SEO Premium plugin v26.5 (Yoast SEO v26.5) - https:\/\/yoast.com\/wordpress\/plugins\/seo\/ -->\n<title>Ozonated Gum Massage Oil - Bliss Energetics<\/title>\n<meta name=\"description\" content=\"Toute personne cherchant \u00e0 r\u00e9duire l\u2019inflammation buccale, \u00e0 raffermir les tissus gingivaux l\u00e2ches et \u00e0 trouver un soulagement durable\" \/>\n<meta name=\"robots\" content=\"index, follow, max-snippet:-1, max-image-preview:large, max-video-preview:-1\" \/>\n<link rel=\"canonical\" href=\"https:\/\/dutchhealthstore.com\/fr\/product\/ozonated-gum-massage-oil\/\" \/>\n<meta property=\"og:locale\" content=\"fr_FR\" \/>\n<meta property=\"og:type\" content=\"article\" \/>\n<meta property=\"og:title\" content=\"Ozonated Gum Massage Oil - Dutch Health Store\" \/>\n<meta property=\"og:description\" content=\"Toute personne cherchant \u00e0 r\u00e9duire l\u2019inflammation buccale, \u00e0 raffermir les tissus gingivaux l\u00e2ches et \u00e0 trouver un soulagement durable\" \/>\n<meta property=\"og:url\" content=\"https:\/\/dutchhealthstore.com\/fr\/product\/ozonated-gum-massage-oil\/\" \/>\n<meta property=\"og:site_name\" content=\"Dutch Health Store\" \/>\n<meta property=\"article:publisher\" content=\"https:\/\/www.instagram.com\/dutchhealthstore\/\" \/>\n<meta property=\"article:modified_time\" content=\"2026-05-01T13:54:45+00:00\" \/>\n<meta property=\"og:image\" content=\"https:\/\/dutchhealthstore.com\/wp-content\/uploads\/2026\/04\/Untitled-design-2026-04-30T101710.609.jpg\" \/>\n\t<meta property=\"og:image:width\" content=\"530\" \/>\n\t<meta property=\"og:image:height\" content=\"530\" \/>\n\t<meta property=\"og:image:type\" content=\"image\/jpeg\" \/>\n<meta name=\"twitter:card\" content=\"summary_large_image\" \/>\n<meta name=\"twitter:label1\" content=\"Disponibilit\u00e9\" \/>\n\t<meta name=\"twitter:data1\" content=\"En stock\" \/>\n<script type=\"application\/ld+json\" class=\"yoast-schema-graph\">{\"@context\":\"https:\/\/schema.org\",\"@graph\":[{\"@type\":\"WebPage\",\"@id\":\"https:\/\/dutchhealthstore.com\/fr\/product\/ozonated-gum-massage-oil\/\",\"url\":\"https:\/\/dutchhealthstore.com\/fr\/product\/ozonated-gum-massage-oil\/\",\"name\":\"Ozonated Gum Massage Oil - Bliss Energetics\",\"isPartOf\":{\"@id\":\"https:\/\/dutchhealthstore.com\/fr\/#website\"},\"primaryImageOfPage\":{\"@id\":\"https:\/\/dutchhealthstore.com\/fr\/product\/ozonated-gum-massage-oil\/#primaryimage\"},\"image\":{\"@id\":\"https:\/\/dutchhealthstore.com\/fr\/product\/ozonated-gum-massage-oil\/#primaryimage\"},\"thumbnailUrl\":\"https:\/\/dutchhealthstore.com\/wp-content\/uploads\/2026\/04\/Untitled-design-2026-04-30T101710.609.jpg\",\"datePublished\":\"2026-04-30T09:27:32+00:00\",\"dateModified\":\"2026-05-01T13:54:45+00:00\",\"description\":\"Toute personne cherchant \u00e0 r\u00e9duire l\u2019inflammation buccale, \u00e0 raffermir les tissus gingivaux l\u00e2ches et \u00e0 trouver un soulagement durable\",\"breadcrumb\":{\"@id\":\"https:\/\/dutchhealthstore.com\/fr\/product\/ozonated-gum-massage-oil\/#breadcrumb\"},\"inLanguage\":\"fr-FR\",\"potentialAction\":[{\"@type\":\"ReadAction\",\"target\":[\"https:\/\/dutchhealthstore.com\/fr\/product\/ozonated-gum-massage-oil\/\"]}]},{\"@type\":\"ImageObject\",\"inLanguage\":\"fr-FR\",\"@id\":\"https:\/\/dutchhealthstore.com\/fr\/product\/ozonated-gum-massage-oil\/#primaryimage\",\"url\":\"https:\/\/dutchhealthstore.com\/wp-content\/uploads\/2026\/04\/Untitled-design-2026-04-30T101710.609.jpg\",\"contentUrl\":\"https:\/\/dutchhealthstore.com\/wp-content\/uploads\/2026\/04\/Untitled-design-2026-04-30T101710.609.jpg\",\"width\":530,\"height\":530,\"caption\":\"huile-massage-gencives-bliss\"},{\"@type\":\"BreadcrumbList\",\"@id\":\"https:\/\/dutchhealthstore.com\/fr\/product\/ozonated-gum-massage-oil\/#breadcrumb\",\"itemListElement\":[{\"@type\":\"ListItem\",\"position\":1,\"name\":\"Home\",\"item\":\"https:\/\/dutchhealthstore.com\/fr\/\"},{\"@type\":\"ListItem\",\"position\":2,\"name\":\"Shop\",\"item\":\"https:\/\/dutchhealthstore.com\/fr\/shop\/\"},{\"@type\":\"ListItem\",\"position\":3,\"name\":\"Ozonated Gum Massage Oil\"}]},{\"@type\":\"WebSite\",\"@id\":\"https:\/\/dutchhealthstore.com\/fr\/#website\",\"url\":\"https:\/\/dutchhealthstore.com\/fr\/\",\"name\":\"Dutch Health Store\",\"description\":\"Enhance Your Beauty with Organic &amp; Natural Skincare\",\"publisher\":{\"@id\":\"https:\/\/dutchhealthstore.com\/fr\/#organization\"},\"potentialAction\":[{\"@type\":\"SearchAction\",\"target\":{\"@type\":\"EntryPoint\",\"urlTemplate\":\"https:\/\/dutchhealthstore.com\/fr\/?s={search_term_string}\"},\"query-input\":{\"@type\":\"PropertyValueSpecification\",\"valueRequired\":true,\"valueName\":\"search_term_string\"}}],\"inLanguage\":\"fr-FR\"},{\"@type\":\"Organization\",\"@id\":\"https:\/\/dutchhealthstore.com\/fr\/#organization\",\"name\":\"Dutch Health Store\",\"url\":\"https:\/\/dutchhealthstore.com\/fr\/\",\"logo\":{\"@type\":\"ImageObject\",\"inLanguage\":\"fr-FR\",\"@id\":\"https:\/\/dutchhealthstore.com\/fr\/#\/schema\/logo\/image\/\",\"url\":\"https:\/\/dutchhealthstore.com\/wp-content\/uploads\/2020\/08\/logo-dutchhealthstore-jpg-e1599484957574.jpg\",\"contentUrl\":\"https:\/\/dutchhealthstore.com\/wp-content\/uploads\/2020\/08\/logo-dutchhealthstore-jpg-e1599484957574.jpg\",\"width\":400,\"height\":62,\"caption\":\"Dutch Health Store\"},\"image\":{\"@id\":\"https:\/\/dutchhealthstore.com\/fr\/#\/schema\/logo\/image\/\"},\"sameAs\":[\"https:\/\/www.instagram.com\/dutchhealthstore\/\",\"https:\/\/www.facebook.com\/dutchhealthstore\"]}]}<\/script>\n<meta property=\"product:brand\" content=\"Bliss Energetics\" \/>\n<meta property=\"og:availability\" content=\"instock\" \/>\n<meta property=\"product:availability\" content=\"instock\" \/>\n<meta property=\"product:condition\" content=\"new\" \/>\n<!-- \/ Yoast SEO Premium plugin. -->","yoast_head_json":{"title":"Ozonated Gum Massage Oil - Bliss Energetics","description":"Toute personne cherchant \u00e0 r\u00e9duire l\u2019inflammation buccale, \u00e0 raffermir les tissus gingivaux l\u00e2ches et \u00e0 trouver un soulagement durable","robots":{"index":"index","follow":"follow","max-snippet":"max-snippet:-1","max-image-preview":"max-image-preview:large","max-video-preview":"max-video-preview:-1"},"canonical":"https:\/\/dutchhealthstore.com\/fr\/product\/ozonated-gum-massage-oil\/","og_locale":"fr_FR","og_type":"article","og_title":"Ozonated Gum Massage Oil - Dutch Health Store","og_description":"Toute personne cherchant \u00e0 r\u00e9duire l\u2019inflammation buccale, \u00e0 raffermir les tissus gingivaux l\u00e2ches et \u00e0 trouver un soulagement durable","og_url":"https:\/\/dutchhealthstore.com\/fr\/product\/ozonated-gum-massage-oil\/","og_site_name":"Dutch Health Store","article_publisher":"https:\/\/www.instagram.com\/dutchhealthstore\/","article_modified_time":"2026-05-01T13:54:45+00:00","og_image":[{"width":530,"height":530,"url":"https:\/\/dutchhealthstore.com\/wp-content\/uploads\/2026\/04\/Untitled-design-2026-04-30T101710.609.jpg","type":"image\/jpeg"}],"twitter_card":"summary_large_image","twitter_misc":{"Disponibilit\u00e9":"En stock"},"schema":{"@context":"https:\/\/schema.org","@graph":[{"@type":"WebPage","@id":"https:\/\/dutchhealthstore.com\/fr\/product\/ozonated-gum-massage-oil\/","url":"https:\/\/dutchhealthstore.com\/fr\/product\/ozonated-gum-massage-oil\/","name":"Ozonated Gum Massage Oil - Bliss Energetics","isPartOf":{"@id":"https:\/\/dutchhealthstore.com\/fr\/#website"},"primaryImageOfPage":{"@id":"https:\/\/dutchhealthstore.com\/fr\/product\/ozonated-gum-massage-oil\/#primaryimage"},"image":{"@id":"https:\/\/dutchhealthstore.com\/fr\/product\/ozonated-gum-massage-oil\/#primaryimage"},"thumbnailUrl":"https:\/\/dutchhealthstore.com\/wp-content\/uploads\/2026\/04\/Untitled-design-2026-04-30T101710.609.jpg","datePublished":"2026-04-30T09:27:32+00:00","dateModified":"2026-05-01T13:54:45+00:00","description":"Toute personne cherchant \u00e0 r\u00e9duire l\u2019inflammation buccale, \u00e0 raffermir les tissus gingivaux l\u00e2ches et \u00e0 trouver un soulagement durable","breadcrumb":{"@id":"https:\/\/dutchhealthstore.com\/fr\/product\/ozonated-gum-massage-oil\/#breadcrumb"},"inLanguage":"fr-FR","potentialAction":[{"@type":"ReadAction","target":["https:\/\/dutchhealthstore.com\/fr\/product\/ozonated-gum-massage-oil\/"]}]},{"@type":"ImageObject","inLanguage":"fr-FR","@id":"https:\/\/dutchhealthstore.com\/fr\/product\/ozonated-gum-massage-oil\/#primaryimage","url":"https:\/\/dutchhealthstore.com\/wp-content\/uploads\/2026\/04\/Untitled-design-2026-04-30T101710.609.jpg","contentUrl":"https:\/\/dutchhealthstore.com\/wp-content\/uploads\/2026\/04\/Untitled-design-2026-04-30T101710.609.jpg","width":530,"height":530,"caption":"huile-massage-gencives-bliss"},{"@type":"BreadcrumbList","@id":"https:\/\/dutchhealthstore.com\/fr\/product\/ozonated-gum-massage-oil\/#breadcrumb","itemListElement":[{"@type":"ListItem","position":1,"name":"Home","item":"https:\/\/dutchhealthstore.com\/fr\/"},{"@type":"ListItem","position":2,"name":"Shop","item":"https:\/\/dutchhealthstore.com\/fr\/shop\/"},{"@type":"ListItem","position":3,"name":"Ozonated Gum Massage Oil"}]},{"@type":"WebSite","@id":"https:\/\/dutchhealthstore.com\/fr\/#website","url":"https:\/\/dutchhealthstore.com\/fr\/","name":"Dutch Health Store","description":"Enhance Your Beauty with Organic &amp; Natural Skincare","publisher":{"@id":"https:\/\/dutchhealthstore.com\/fr\/#organization"},"potentialAction":[{"@type":"SearchAction","target":{"@type":"EntryPoint","urlTemplate":"https:\/\/dutchhealthstore.com\/fr\/?s={search_term_string}"},"query-input":{"@type":"PropertyValueSpecification","valueRequired":true,"valueName":"search_term_string"}}],"inLanguage":"fr-FR"},{"@type":"Organization","@id":"https:\/\/dutchhealthstore.com\/fr\/#organization","name":"Dutch Health Store","url":"https:\/\/dutchhealthstore.com\/fr\/","logo":{"@type":"ImageObject","inLanguage":"fr-FR","@id":"https:\/\/dutchhealthstore.com\/fr\/#\/schema\/logo\/image\/","url":"https:\/\/dutchhealthstore.com\/wp-content\/uploads\/2020\/08\/logo-dutchhealthstore-jpg-e1599484957574.jpg","contentUrl":"https:\/\/dutchhealthstore.com\/wp-content\/uploads\/2020\/08\/logo-dutchhealthstore-jpg-e1599484957574.jpg","width":400,"height":62,"caption":"Dutch Health Store"},"image":{"@id":"https:\/\/dutchhealthstore.com\/fr\/#\/schema\/logo\/image\/"},"sameAs":["https:\/\/www.instagram.com\/dutchhealthstore\/","https:\/\/www.facebook.com\/dutchhealthstore"]}]},"product_brand":"Bliss Energetics","og_availability":"instock","product_availability":"instock","product_condition":"new"},"_links":{"self":[{"href":"https:\/\/dutchhealthstore.com\/fr\/wp-json\/wp\/v2\/product\/377068","targetHints":{"allow":["GET"]}}],"collection":[{"href":"https:\/\/dutchhealthstore.com\/fr\/wp-json\/wp\/v2\/product"}],"about":[{"href":"https:\/\/dutchhealthstore.com\/fr\/wp-json\/wp\/v2\/types\/product"}],"replies":[{"embeddable":true,"href":"https:\/\/dutchhealthstore.com\/fr\/wp-json\/wp\/v2\/comments?post=377068"}],"wp:featuredmedia":[{"embeddable":true,"href":"https:\/\/dutchhealthstore.com\/fr\/wp-json\/wp\/v2\/media\/377031"}],"wp:attachment":[{"href":"https:\/\/dutchhealthstore.com\/fr\/wp-json\/wp\/v2\/media?parent=377068"}],"wp:term":[{"taxonomy":"product_brand","embeddable":true,"href":"https:\/\/dutchhealthstore.com\/fr\/wp-json\/wp\/v2\/product_brand?post=377068"},{"taxonomy":"product_cat","embeddable":true,"href":"https:\/\/dutchhealthstore.com\/fr\/wp-json\/wp\/v2\/product_cat?post=377068"},{"taxonomy":"product_tag","embeddable":true,"href":"https:\/\/dutchhealthstore.com\/fr\/wp-json\/wp\/v2\/product_tag?post=377068"}],"curies":[{"name":"wp","href":"https:\/\/api.w.org\/{rel}","templated":true}]}}