{"id":374582,"date":"2026-03-24T14:50:19","date_gmt":"2026-03-24T13:50:19","guid":{"rendered":"https:\/\/dutchhealthstore.com\/product\/cream-tea-all-purpose-balm-with-earl-grey\/"},"modified":"2026-03-24T14:50:19","modified_gmt":"2026-03-24T13:50:19","slug":"cream-tea-all-purpose-balm-with-earl-grey","status":"publish","type":"product","link":"https:\/\/dutchhealthstore.com\/fr\/product\/cream-tea-all-purpose-balm-with-earl-grey\/","title":{"rendered":"Cream Tea All Purpose Balm with Earl Grey"},"content":{"rendered":"<p>Sa formule concentr\u00e9e offre un \u00e9quilibre parfait entre richesse et l\u00e9g\u00e8ret\u00e9, s\u2019absorbant sans effort pour hydrater et renforcer durablement la r\u00e9silience de la peau.<br \/>\nSon ar\u00f4me herbac\u00e9 \u00e9voque la chaleur r\u00e9confortante du th\u00e9 noir au lait, du beurre baratt\u00e9 \u00e0 la main et des jardins d\u2019\u00e9t\u00e9 anim\u00e9s par des fleurs \u00e9panouies et des herbes verdoyantes.<\/p>\n<p>Formul\u00e9 pour la polyvalence, Cream Tea offre un soin nourrissant pour les mains, les l\u00e8vres, les pieds et le corps \u2014 enveloppant la peau d\u2019une hydratation apaisante tout en la prot\u00e9geant des \u00e9l\u00e9ments rigoureux de l\u2019hiver. Qu\u2019il soit utilis\u00e9 tout au long de la journ\u00e9e ou comme rituel nocturne, ce baume adaptable restaure la douceur et la r\u00e9silience partout o\u00f9 cela est n\u00e9cessaire. Compagnon cr\u00e9meux et d\u00e9licatement aromatique pour les mois les plus froids, il maintient la peau radieuse et r\u00e9g\u00e9n\u00e9r\u00e9e d\u00e8s le premier contact.  <\/p>\n<p><strong>Philosophie des fleurs<\/strong><br \/>\nEarl Grey ferment\u00e9 \u00b7 Avoine laiteuse \u00b7 Fleur d\u2019\u00e9chinac\u00e9e \u00b7 Fruit de rose<br \/>\nRose th\u00e9 moulue sur pierre \u00b7 Huile d\u2019olive d\u2019origine unique<\/p>\n<h3>Comment utiliser<\/h3>\n<p>Massez d\u00e9licatement ce baume botanique multifonctionnel et riche en nutriments sur toute zone n\u00e9cessitant une hydratation profonde, une nutrition apaisante ou une protection hydratante. Notre m\u00e9lange soigneusement s\u00e9lectionn\u00e9 d\u2019herbes et de fleurs offre une combinaison unique de phytonutriments choisis pour soutenir la gu\u00e9rison de la peau, renforcer sa r\u00e9silience et restaurer sa vitalit\u00e9 naturelle. <\/p>\n<h3>Plantes actives<\/h3>\n<p><strong>Ferment de th\u00e9 Earl Grey<\/strong> \u2014 Un ferment naturel de feuilles d\u2019Earl Grey enti\u00e8res qui am\u00e9liore la biodisponibilit\u00e9 et lib\u00e8re une multitude de bienfaits pour la peau. Les tanins, les cat\u00e9chines et les polyph\u00e9nols agissent ensemble pour apaiser l\u2019inflammation, am\u00e9liorer l\u2019\u00e9lasticit\u00e9 et favoriser l\u2019hydratation \u2014 tandis que les antioxydants prot\u00e8gent contre les agressions environnementales pour maintenir une peau r\u00e9siliente et saine pendant les mois d\u2019hiver.<br \/>\n<strong>Essence de bergamote<\/strong> \u2014 \u00c9l\u00e9ment traditionnel de l\u2019Earl Grey, la bergamote apporte des propri\u00e9t\u00e9s antibact\u00e9riennes et calmantes \u00e0 la peau. Son d\u00e9licat caract\u00e8re floral-citronn\u00e9 rafra\u00eechit les sens, tandis qu\u2019une teneur \u00e9lev\u00e9e en antioxydants \u2014 y compris la vitamine C \u2014 favorise la clart\u00e9 et la vitalit\u00e9 g\u00e9n\u00e9rale.<br \/>\n<strong>Rose th\u00e9 sauvage<\/strong> \u2014 Riche en antioxydants, la rose renforce les cellules cutan\u00e9es et favorise la r\u00e9g\u00e9n\u00e9ration tissulaire, tout en tonifiant, nourrissant et offrant une douce protection antibact\u00e9rienne.<br \/>\n<strong>Avoine laiteuse<\/strong> \u2014 Cet extrait botanique soutient la sant\u00e9 de la peau gr\u00e2ce \u00e0 un m\u00e9lange de min\u00e9raux, dont le magn\u00e9sium et le calcium. Le b\u00eata-glucane apaisant et la vitamine B att\u00e9nuent les irritations, am\u00e9liorent l\u2019hydratation et fortifient la barri\u00e8re naturelle de la peau.<br \/>\n<strong>Fruit de rose de Nouvelle-\u00c9cosse<\/strong> \u2014 Source g\u00e9n\u00e9reuse de vitamine C, le fruit de rose soutient la synth\u00e8se de collag\u00e8ne et favorise un teint plus lisse. Ses qualit\u00e9s antioxydantes et apaisantes en font un ajout r\u00e9parateur pour les peaux s\u00e8ches et ab\u00eem\u00e9es par l\u2019hiver.<br \/>\n<strong>Gotu Kola<\/strong> \u2014 C\u00e9l\u00e9br\u00e9 pour son r\u00f4le dans le soutien du collag\u00e8ne, le Gotu Kola rajeunit et renforce la peau avec les vitamines A, C et E \u2014 aidant \u00e0 la r\u00e9paration tout en restaurant la souplesse et l\u2019\u00e9quilibre.<br \/>\n<strong>Racine de guimauve ancestrale<\/strong> \u2014 Reconnue pour ses propri\u00e9t\u00e9s humectantes, la racine de guimauve attire l\u2019humidit\u00e9 vers la peau, adoucissant la texture et am\u00e9liorant l\u2019hydratation. Elle aide \u00e9galement \u00e0 d\u00e9fendre contre les agressions environnementales, laissant la peau nourrie et r\u00e9confort\u00e9e.<br \/>\n<strong>Cire d\u2019abeille de prairie<\/strong> \u2014 Cette cire artisanale, enrichie en vitamine A, forme une barri\u00e8re respirante qui retient l\u2019humidit\u00e9 tout en prot\u00e9geant la peau de la s\u00e9cheresse et des \u00e9l\u00e9ments.<br \/>\n<strong>Teinture de m\u00e9lisse<\/strong> \u2014 Des antioxydants naturels \u2014 y compris les acides caf\u00e9ique et f\u00e9rulique \u2014 aident \u00e0 calmer la peau et \u00e0 apporter soulagement et \u00e9quilibre face aux agressions environnementales quotidiennes.<\/p>\n<p><em>Tous les ingr\u00e9dients sont biologiques, sauvages et issus de sources durables, \u00e9thiques et r\u00e9gionales.<\/em><\/p>\n<p><strong>Taille : 50 ml<\/strong><\/p>\n<h2><strong>Ingr\u00e9dients naturels \/ biologiques <\/strong><\/h2>\n<p>Extraits et essences de plantes biologiques enti\u00e8res faits maison d\u2019Olea europaea (Huile d\u2019olive press\u00e9e \u00e0 froid d\u2019origine unique), Punica granatum (Huile de grenade), Cocos nucifera (Huile de noix de coco), Apis mellifera (Cire d\u2019abeille brute), Ricinus communis (Huile de ricin noire), Camellia sinensis (Th\u00e9 Earl Grey ferment\u00e9), Sambucus nigra (Teinture de fleur de sureau), Rosa spp. (Ferment de rose), Achillea millefolium (Fleur d\u2019achill\u00e9e millefeuille), Althaea officinalis (Racine de guimauve), Stellaria media (Mouron des oiseaux), Symphytum officinale (Feuille de consoude), Centella asiatica (Gotu Kola), Urtica dioica (Ortie), Echinacea purpurea (Ferment d\u2019\u00e9chinac\u00e9e), Carthamus tinctorius (Carthame), Trifolium pratense (Tr\u00e8fle rouge), Avena sativa (Teinture d\u2019avoine laiteuse), Rosa canina (Fruit de rose), Melissa officinalis (Hydrolat de m\u00e9lisse distill\u00e9 maison), Lavandula angustifolia (Teinture de lavande), Citrus bergamia (Bergamote vieillie), Lavandula x intermedia (Lavandin), Argile glaciaire canadienne, Argile rose. <\/p>\n\n\t<section class=\"section dark\" id=\"section_1660535164\">\n\t\t<div class=\"section-bg fill\" >\n\t\t\t<img fetchpriority=\"high\" decoding=\"async\" width=\"1200\" height=\"604\" src=\"https:\/\/dutchhealthstore.com\/wp-content\/uploads\/2026\/02\/bgux.jpg\" class=\"bg attachment- size-\" alt=\"\" \/>\t\t\t\t\t\t<div class=\"section-bg-overlay absolute fill\"><\/div>\n\t\t\t\n\n\t\t<\/div>\n\n\t\t\n\n\t\t<div class=\"section-content relative\">\n\t\t\t\n\n\t<div id=\"gap-572390876\" class=\"gap-element clearfix\" style=\"display:block; height:auto;\">\n\t\t\n<style>\n#gap-572390876 {\n  padding-top: 15px;\n}\n<\/style>\n\t<\/div>\n\t\n\n<div class=\"container section-title-container\" ><h3 class=\"section-title section-title-normal\"><b><\/b><span class=\"section-title-main\" >\u00c0 propos de Tidelands House<\/span><b><\/b><\/h3><\/div>\n\n<div class=\"row\"  id=\"row-1778698459\">\n\n\n\t<div id=\"col-1313556438\" class=\"col small-12 large-12\"  >\n\t\t\t\t<div class=\"col-inner\"  >\n\t\t\t\n\t\t\t\n\n<p>Tidelands House est un atelier canadien de soins botaniques pour la peau, fond\u00e9 par l\u2019herboriste Dominique Del Col. Chaque formule est fabriqu\u00e9e \u00e0 la main dans une distillerie baign\u00e9e de lumi\u00e8re solaire, au sein d\u2019un cottage en pierre restaur\u00e9 du XIXe si\u00e8cle, o\u00f9 des herbes sont suspendues aux poutres en bois et o\u00f9 les plantes sont pr\u00e9par\u00e9es au rythme des saisons.<\/p>\n<p>Des plantes sauvages cueillies, la culture biodynamique et des v\u00e9g\u00e9taux marins r\u00e9colt\u00e9s sur les c\u00f4tes orientales du Canada constituent le c\u0153ur de chaque pr\u00e9paration. Les ingr\u00e9dients sont r\u00e9colt\u00e9s au pic de leur vitalit\u00e9 et \u00e9labor\u00e9s en micro-lots afin de pr\u00e9server leur puissance, leur fra\u00eecheur et leur int\u00e9grit\u00e9 \u00e9nerg\u00e9tique. <\/p>\n<p>Aucun additif synth\u00e9tique. Aucun agent de charge inutile. Uniquement des extraits botaniques riches en nutriments, des essences florales ferment\u00e9es et des huiles v\u00e9g\u00e9tales pures, pr\u00e9sent\u00e9s dans du verre opalin d\u2019inspiration patrimoniale.  <\/p>\n<p>Tidelands House propose des soins lents et intentionnels \u2014 ancr\u00e9s dans la terre, le rituel et le respect \u00e0 la fois de la tradition et de la science botanique moderne.<\/p>\n\n\n\t\t<\/div>\n\t\t\t\t\t<\/div>\n\n\t\n\n<\/div>\n\n\t\t<\/div>\n\n\t\t\n<style>\n#section_1660535164 {\n  padding-top: 30px;\n  padding-bottom: 30px;\n  background-color: rgb(40, 40, 40);\n}\n#section_1660535164 .section-bg-overlay {\n  background-color: rgba(0, 0, 0, 0.477);\n}\n#section_1660535164 .section-bg img {\n  object-position: 51% 73%;\n}\n<\/style>\n\t<\/section>\n\t\n","protected":false},"excerpt":{"rendered":"<p>Cream Tea est un baume tout usage, soigneusement confectionn\u00e9 \u00e0 la main avec des essences de fleurs et de racines pour nourrir, r\u00e9parer et prot\u00e9ger.<\/p>\n","protected":false},"featured_media":374475,"comment_status":"open","ping_status":"closed","template":"","meta":[],"product_brand":[],"product_cat":[1100,6642,5658,5722,5654,5659,20927,5660,1908,20908,1209,1030,5107,5673,5721,20925,5656,5627,5655,5121,1229,5657,20926,20947,1010,14733,5905,5902,1033,8506,5866,22208],"product_tag":[],"class_list":{"0":"post-374582","1":"product","2":"type-product","3":"status-publish","4":"has-post-thumbnail","6":"product_cat-hand-cream-fr","7":"product_cat-family-fr","8":"product_cat-moisturizers-fr-fr-2","9":"product_cat-moisturizers-fr-fr-4","10":"product_cat-moisturizers-fr-fr","11":"product_cat-moisturizers-fr-fr-3","12":"product_cat-hydratants","13":"product_cat-moisturizers-fr-fr-5","14":"product_cat-new-additions-fr","15":"product_cat-new-additions-skincare-fr","16":"product_cat-par-marques","17":"product_cat-par-produits","18":"product_cat-by-skin-type-fr-4","19":"product_cat-oily-skin-clogged-pores-fr","20":"product_cat-oily-skin-clogged-pores","21":"product_cat-peau-mature-et-vieillissante","22":"product_cat-normal-or-combination-skin-fr","23":"product_cat-normal-or-combination-skin-fr-2","24":"product_cat-dry-mature-ageing-skin-fr","25":"product_cat-dry-mature-ageing-skin-fr-2","26":"product_cat-sensitive-skin-redness-fr","27":"product_cat-sensitive-skin-redness","28":"product_cat-secs","29":"product_cat-secs-fr","30":"product_cat-notre-boutique","31":"product_cat-soins-de-la-peau","32":"product_cat-lip-care","33":"product_cat-eye-lip-care-fr-2","34":"product_cat-body-care-fr","35":"product_cat-every-day-solutions-fr-2","36":"product_cat-sun-outdoor-care","37":"product_cat-tidelands-house","38":"pa_brand-tidelands-house","39":"pa_gtin-22393","40":"pa_size-50-ml-fr","41":"pa_skincare-type-face-oil-and-serums-fr","42":"pa_skincare-type-moisturizers-fr","44":"first","45":"instock","46":"taxable","47":"shipping-taxable","48":"purchasable","49":"product-type-simple"},"bundled_by":[],"bundle_stock_status":"instock","bundle_stock_quantity":3,"bundle_virtual":false,"bundle_layout":"","bundle_add_to_cart_form_location":"","bundle_editable_in_cart":false,"bundle_sold_individually_context":"","bundle_item_grouping":"","bundle_min_size":"","bundle_max_size":"","bundle_price":[],"bundled_items":[],"bundle_sell_ids":[107695],"atum_controlled":true,"out_stock_date":null,"out_stock_threshold":null,"inheritable":false,"stock_on_hold":0,"sold_today":0,"sales_last_days":0,"out_stock_days":0,"lost_sales":0,"update_date":"2026-05-11T07:05:56","atum_locations":[],"atum_stock_status":"instock","restock_status":false,"low_stock_amount":"","sales_update_date":"2026-05-11T07:05:56","calc_backorders":null,"group_of_quantity":0,"min_quantity":0,"max_quantity":"","exclude_order_quantity_value_rules":"no","exclude_category_quantity_rules":"no","combine_variations":"no","yoast_head":"<!-- This site is optimized with the Yoast SEO Premium plugin v26.5 (Yoast SEO v26.5) - https:\/\/yoast.com\/wordpress\/plugins\/seo\/ -->\n<title>Cream Tea All Purpose Balm with Earl Grey - Tidelands House<\/title>\n<meta name=\"description\" content=\"Cream Tea est un baume tout usage, soigneusement confectionn\u00e9 \u00e0 la main avec des essences de fleurs et de racines pour nourrir, r\u00e9parer et prot\u00e9ger.\" \/>\n<meta name=\"robots\" content=\"index, follow, max-snippet:-1, max-image-preview:large, max-video-preview:-1\" \/>\n<link rel=\"canonical\" href=\"https:\/\/dutchhealthstore.com\/fr\/product\/cream-tea-all-purpose-balm-with-earl-grey\/\" \/>\n<meta property=\"og:locale\" content=\"fr_FR\" \/>\n<meta property=\"og:type\" content=\"article\" \/>\n<meta property=\"og:title\" content=\"Cream Tea All Purpose Balm with Earl Grey - Dutch Health Store\" \/>\n<meta property=\"og:description\" content=\"Cream Tea est un baume tout usage, soigneusement confectionn\u00e9 \u00e0 la main avec des essences de fleurs et de racines pour nourrir, r\u00e9parer et prot\u00e9ger.\" \/>\n<meta property=\"og:url\" content=\"https:\/\/dutchhealthstore.com\/fr\/product\/cream-tea-all-purpose-balm-with-earl-grey\/\" \/>\n<meta property=\"og:site_name\" content=\"Dutch Health Store\" \/>\n<meta property=\"article:publisher\" content=\"https:\/\/www.instagram.com\/dutchhealthstore\/\" \/>\n<meta property=\"og:image\" content=\"https:\/\/dutchhealthstore.com\/wp-content\/uploads\/2026\/03\/Untitled-design-2026-03-24T083125.070.jpg\" \/>\n\t<meta property=\"og:image:width\" content=\"530\" \/>\n\t<meta property=\"og:image:height\" content=\"530\" \/>\n\t<meta property=\"og:image:type\" content=\"image\/jpeg\" \/>\n<meta name=\"twitter:card\" content=\"summary_large_image\" \/>\n<meta name=\"twitter:label1\" content=\"Prix\" \/>\n\t<meta name=\"twitter:data1\" content=\"&euro;52,50\" \/>\n\t<meta name=\"twitter:label2\" content=\"Disponibilit\u00e9\" \/>\n\t<meta name=\"twitter:data2\" content=\"En stock\" \/>\n<script type=\"application\/ld+json\" class=\"yoast-schema-graph\">{\"@context\":\"https:\/\/schema.org\",\"@graph\":[{\"@type\":\"WebPage\",\"@id\":\"https:\/\/dutchhealthstore.com\/fr\/product\/cream-tea-all-purpose-balm-with-earl-grey\/\",\"url\":\"https:\/\/dutchhealthstore.com\/fr\/product\/cream-tea-all-purpose-balm-with-earl-grey\/\",\"name\":\"Cream Tea All Purpose Balm with Earl Grey - Tidelands House\",\"isPartOf\":{\"@id\":\"https:\/\/dutchhealthstore.com\/fr\/#website\"},\"primaryImageOfPage\":{\"@id\":\"https:\/\/dutchhealthstore.com\/fr\/product\/cream-tea-all-purpose-balm-with-earl-grey\/#primaryimage\"},\"image\":{\"@id\":\"https:\/\/dutchhealthstore.com\/fr\/product\/cream-tea-all-purpose-balm-with-earl-grey\/#primaryimage\"},\"thumbnailUrl\":\"https:\/\/dutchhealthstore.com\/wp-content\/uploads\/2026\/03\/Untitled-design-2026-03-24T083125.070.jpg\",\"datePublished\":\"2026-03-24T13:50:19+00:00\",\"description\":\"Cream Tea est un baume tout usage, soigneusement confectionn\u00e9 \u00e0 la main avec des essences de fleurs et de racines pour nourrir, r\u00e9parer et prot\u00e9ger.\",\"breadcrumb\":{\"@id\":\"https:\/\/dutchhealthstore.com\/fr\/product\/cream-tea-all-purpose-balm-with-earl-grey\/#breadcrumb\"},\"inLanguage\":\"fr-FR\",\"potentialAction\":[{\"@type\":\"ReadAction\",\"target\":[\"https:\/\/dutchhealthstore.com\/fr\/product\/cream-tea-all-purpose-balm-with-earl-grey\/\"]}]},{\"@type\":\"ImageObject\",\"inLanguage\":\"fr-FR\",\"@id\":\"https:\/\/dutchhealthstore.com\/fr\/product\/cream-tea-all-purpose-balm-with-earl-grey\/#primaryimage\",\"url\":\"https:\/\/dutchhealthstore.com\/wp-content\/uploads\/2026\/03\/Untitled-design-2026-03-24T083125.070.jpg\",\"contentUrl\":\"https:\/\/dutchhealthstore.com\/wp-content\/uploads\/2026\/03\/Untitled-design-2026-03-24T083125.070.jpg\",\"width\":530,\"height\":530,\"caption\":\"tidelands-house-cream-tea\"},{\"@type\":\"BreadcrumbList\",\"@id\":\"https:\/\/dutchhealthstore.com\/fr\/product\/cream-tea-all-purpose-balm-with-earl-grey\/#breadcrumb\",\"itemListElement\":[{\"@type\":\"ListItem\",\"position\":1,\"name\":\"Home\",\"item\":\"https:\/\/dutchhealthstore.com\/fr\/\"},{\"@type\":\"ListItem\",\"position\":2,\"name\":\"Shop\",\"item\":\"https:\/\/dutchhealthstore.com\/fr\/shop\/\"},{\"@type\":\"ListItem\",\"position\":3,\"name\":\"Cream Tea All Purpose Balm with Earl Grey\"}]},{\"@type\":\"WebSite\",\"@id\":\"https:\/\/dutchhealthstore.com\/fr\/#website\",\"url\":\"https:\/\/dutchhealthstore.com\/fr\/\",\"name\":\"Dutch Health Store\",\"description\":\"Enhance Your Beauty with Organic &amp; Natural Skincare\",\"publisher\":{\"@id\":\"https:\/\/dutchhealthstore.com\/fr\/#organization\"},\"potentialAction\":[{\"@type\":\"SearchAction\",\"target\":{\"@type\":\"EntryPoint\",\"urlTemplate\":\"https:\/\/dutchhealthstore.com\/fr\/?s={search_term_string}\"},\"query-input\":{\"@type\":\"PropertyValueSpecification\",\"valueRequired\":true,\"valueName\":\"search_term_string\"}}],\"inLanguage\":\"fr-FR\"},{\"@type\":\"Organization\",\"@id\":\"https:\/\/dutchhealthstore.com\/fr\/#organization\",\"name\":\"Dutch Health Store\",\"url\":\"https:\/\/dutchhealthstore.com\/fr\/\",\"logo\":{\"@type\":\"ImageObject\",\"inLanguage\":\"fr-FR\",\"@id\":\"https:\/\/dutchhealthstore.com\/fr\/#\/schema\/logo\/image\/\",\"url\":\"https:\/\/dutchhealthstore.com\/wp-content\/uploads\/2020\/08\/logo-dutchhealthstore-jpg-e1599484957574.jpg\",\"contentUrl\":\"https:\/\/dutchhealthstore.com\/wp-content\/uploads\/2020\/08\/logo-dutchhealthstore-jpg-e1599484957574.jpg\",\"width\":400,\"height\":62,\"caption\":\"Dutch Health Store\"},\"image\":{\"@id\":\"https:\/\/dutchhealthstore.com\/fr\/#\/schema\/logo\/image\/\"},\"sameAs\":[\"https:\/\/www.instagram.com\/dutchhealthstore\/\",\"https:\/\/www.facebook.com\/dutchhealthstore\"]}]}<\/script>\n<meta property=\"product:brand\" content=\"Tidelands House\" \/>\n<meta property=\"product:price:amount\" content=\"52.50\" \/>\n<meta property=\"product:price:currency\" content=\"EUR\" \/>\n<meta property=\"og:availability\" content=\"instock\" \/>\n<meta property=\"product:availability\" content=\"instock\" \/>\n<meta property=\"product:condition\" content=\"new\" \/>\n<!-- \/ Yoast SEO Premium plugin. -->","yoast_head_json":{"title":"Cream Tea All Purpose Balm with Earl Grey - Tidelands House","description":"Cream Tea est un baume tout usage, soigneusement confectionn\u00e9 \u00e0 la main avec des essences de fleurs et de racines pour nourrir, r\u00e9parer et prot\u00e9ger.","robots":{"index":"index","follow":"follow","max-snippet":"max-snippet:-1","max-image-preview":"max-image-preview:large","max-video-preview":"max-video-preview:-1"},"canonical":"https:\/\/dutchhealthstore.com\/fr\/product\/cream-tea-all-purpose-balm-with-earl-grey\/","og_locale":"fr_FR","og_type":"article","og_title":"Cream Tea All Purpose Balm with Earl Grey - Dutch Health Store","og_description":"Cream Tea est un baume tout usage, soigneusement confectionn\u00e9 \u00e0 la main avec des essences de fleurs et de racines pour nourrir, r\u00e9parer et prot\u00e9ger.","og_url":"https:\/\/dutchhealthstore.com\/fr\/product\/cream-tea-all-purpose-balm-with-earl-grey\/","og_site_name":"Dutch Health Store","article_publisher":"https:\/\/www.instagram.com\/dutchhealthstore\/","og_image":[{"width":530,"height":530,"url":"https:\/\/dutchhealthstore.com\/wp-content\/uploads\/2026\/03\/Untitled-design-2026-03-24T083125.070.jpg","type":"image\/jpeg"}],"twitter_card":"summary_large_image","twitter_misc":{"Prix":"&euro;52,50","Disponibilit\u00e9":"En stock"},"schema":{"@context":"https:\/\/schema.org","@graph":[{"@type":"WebPage","@id":"https:\/\/dutchhealthstore.com\/fr\/product\/cream-tea-all-purpose-balm-with-earl-grey\/","url":"https:\/\/dutchhealthstore.com\/fr\/product\/cream-tea-all-purpose-balm-with-earl-grey\/","name":"Cream Tea All Purpose Balm with Earl Grey - Tidelands House","isPartOf":{"@id":"https:\/\/dutchhealthstore.com\/fr\/#website"},"primaryImageOfPage":{"@id":"https:\/\/dutchhealthstore.com\/fr\/product\/cream-tea-all-purpose-balm-with-earl-grey\/#primaryimage"},"image":{"@id":"https:\/\/dutchhealthstore.com\/fr\/product\/cream-tea-all-purpose-balm-with-earl-grey\/#primaryimage"},"thumbnailUrl":"https:\/\/dutchhealthstore.com\/wp-content\/uploads\/2026\/03\/Untitled-design-2026-03-24T083125.070.jpg","datePublished":"2026-03-24T13:50:19+00:00","description":"Cream Tea est un baume tout usage, soigneusement confectionn\u00e9 \u00e0 la main avec des essences de fleurs et de racines pour nourrir, r\u00e9parer et prot\u00e9ger.","breadcrumb":{"@id":"https:\/\/dutchhealthstore.com\/fr\/product\/cream-tea-all-purpose-balm-with-earl-grey\/#breadcrumb"},"inLanguage":"fr-FR","potentialAction":[{"@type":"ReadAction","target":["https:\/\/dutchhealthstore.com\/fr\/product\/cream-tea-all-purpose-balm-with-earl-grey\/"]}]},{"@type":"ImageObject","inLanguage":"fr-FR","@id":"https:\/\/dutchhealthstore.com\/fr\/product\/cream-tea-all-purpose-balm-with-earl-grey\/#primaryimage","url":"https:\/\/dutchhealthstore.com\/wp-content\/uploads\/2026\/03\/Untitled-design-2026-03-24T083125.070.jpg","contentUrl":"https:\/\/dutchhealthstore.com\/wp-content\/uploads\/2026\/03\/Untitled-design-2026-03-24T083125.070.jpg","width":530,"height":530,"caption":"tidelands-house-cream-tea"},{"@type":"BreadcrumbList","@id":"https:\/\/dutchhealthstore.com\/fr\/product\/cream-tea-all-purpose-balm-with-earl-grey\/#breadcrumb","itemListElement":[{"@type":"ListItem","position":1,"name":"Home","item":"https:\/\/dutchhealthstore.com\/fr\/"},{"@type":"ListItem","position":2,"name":"Shop","item":"https:\/\/dutchhealthstore.com\/fr\/shop\/"},{"@type":"ListItem","position":3,"name":"Cream Tea All Purpose Balm with Earl Grey"}]},{"@type":"WebSite","@id":"https:\/\/dutchhealthstore.com\/fr\/#website","url":"https:\/\/dutchhealthstore.com\/fr\/","name":"Dutch Health Store","description":"Enhance Your Beauty with Organic &amp; Natural Skincare","publisher":{"@id":"https:\/\/dutchhealthstore.com\/fr\/#organization"},"potentialAction":[{"@type":"SearchAction","target":{"@type":"EntryPoint","urlTemplate":"https:\/\/dutchhealthstore.com\/fr\/?s={search_term_string}"},"query-input":{"@type":"PropertyValueSpecification","valueRequired":true,"valueName":"search_term_string"}}],"inLanguage":"fr-FR"},{"@type":"Organization","@id":"https:\/\/dutchhealthstore.com\/fr\/#organization","name":"Dutch Health Store","url":"https:\/\/dutchhealthstore.com\/fr\/","logo":{"@type":"ImageObject","inLanguage":"fr-FR","@id":"https:\/\/dutchhealthstore.com\/fr\/#\/schema\/logo\/image\/","url":"https:\/\/dutchhealthstore.com\/wp-content\/uploads\/2020\/08\/logo-dutchhealthstore-jpg-e1599484957574.jpg","contentUrl":"https:\/\/dutchhealthstore.com\/wp-content\/uploads\/2020\/08\/logo-dutchhealthstore-jpg-e1599484957574.jpg","width":400,"height":62,"caption":"Dutch Health Store"},"image":{"@id":"https:\/\/dutchhealthstore.com\/fr\/#\/schema\/logo\/image\/"},"sameAs":["https:\/\/www.instagram.com\/dutchhealthstore\/","https:\/\/www.facebook.com\/dutchhealthstore"]}]},"product_brand":"Tidelands House","product_price_amount":"52.50","product_price_currency":"EUR","og_availability":"instock","product_availability":"instock","product_condition":"new"},"_links":{"self":[{"href":"https:\/\/dutchhealthstore.com\/fr\/wp-json\/wp\/v2\/product\/374582","targetHints":{"allow":["GET"]}}],"collection":[{"href":"https:\/\/dutchhealthstore.com\/fr\/wp-json\/wp\/v2\/product"}],"about":[{"href":"https:\/\/dutchhealthstore.com\/fr\/wp-json\/wp\/v2\/types\/product"}],"replies":[{"embeddable":true,"href":"https:\/\/dutchhealthstore.com\/fr\/wp-json\/wp\/v2\/comments?post=374582"}],"wp:featuredmedia":[{"embeddable":true,"href":"https:\/\/dutchhealthstore.com\/fr\/wp-json\/wp\/v2\/media\/374475"}],"wp:attachment":[{"href":"https:\/\/dutchhealthstore.com\/fr\/wp-json\/wp\/v2\/media?parent=374582"}],"wp:term":[{"taxonomy":"product_brand","embeddable":true,"href":"https:\/\/dutchhealthstore.com\/fr\/wp-json\/wp\/v2\/product_brand?post=374582"},{"taxonomy":"product_cat","embeddable":true,"href":"https:\/\/dutchhealthstore.com\/fr\/wp-json\/wp\/v2\/product_cat?post=374582"},{"taxonomy":"product_tag","embeddable":true,"href":"https:\/\/dutchhealthstore.com\/fr\/wp-json\/wp\/v2\/product_tag?post=374582"}],"curies":[{"name":"wp","href":"https:\/\/api.w.org\/{rel}","templated":true}]}}