{"id":374578,"date":"2026-03-24T15:11:06","date_gmt":"2026-03-24T14:11:06","guid":{"rendered":"https:\/\/dutchhealthstore.com\/product\/la-mer-profonde-eye-full-brows-deep-repair-serum\/"},"modified":"2026-03-24T15:11:06","modified_gmt":"2026-03-24T14:11:06","slug":"la-mer-profonde-eye-full-brows-deep-repair-serum","status":"publish","type":"product","link":"https:\/\/dutchhealthstore.com\/fr\/product\/la-mer-profonde-eye-full-brows-deep-repair-serum\/","title":{"rendered":"La Mer Profonde Eye + Full Brows Deep Repair Serum"},"content":{"rendered":"<p>Enrichi d&rsquo;algues marines canadiennes sauvages riches en nutriments, de caf\u00e9 torr\u00e9fi\u00e9 fonc\u00e9 biologique, d&rsquo;enzyme CoQ10 et d&rsquo;extraits v\u00e9g\u00e9taux r\u00e9g\u00e9n\u00e9rants, La Mer Profonde est con\u00e7u pour nourrir la peau d\u00e9licate du contour des yeux \u2014 att\u00e9nuant les ridules et r\u00e9duisant les poches tout en laissant la peau douce, souple et r\u00e9g\u00e9n\u00e9r\u00e9e. L\u00e9ger et \u00e0 absorption rapide, ce concentr\u00e9 pr\u00e9cieux est \u00e9galement sp\u00e9cialement formul\u00e9 pour fortifier, conditionner et \u00e9paissir les poils des sourcils, favorisant une croissance qui sublime la forme naturelle des sourcils. <\/p>\n<p><strong>Philosophie des fleurs <\/strong><\/p>\n<p>Fleurs de Mar\u00e9e \u00b7 Laminaire Sucr\u00e9e \u00b7 Racine de R\u00e9glisse \u00b7 Fleur de Camomille Bior\u00e9gionale \u00b7 Grains de Caf\u00e9 Torr\u00e9fi\u00e9 Fonc\u00e9<\/p>\n<h3>Comment utiliser<\/h3>\n<p>Avant d&rsquo;appliquer votre s\u00e9rum pour le visage, passez l&rsquo;applicateur rafra\u00eechissant sur les sourcils et le contour des yeux, en insistant sur l&rsquo;os orbital. Tapotez d\u00e9licatement du bout des doigts jusqu&rsquo;\u00e0 absorption compl\u00e8te. Utilisez matin et soir selon vos besoins.<br \/>\nUn massage pour les poches sous les yeux :<br \/>\nApr\u00e8s avoir appliqu\u00e9 La Mer Profonde, utilisez vos index et majeurs pour masser en formant un J autour des orbites oculaires \u2014 en commen\u00e7ant sur les c\u00f4t\u00e9s du nez et en remontant juste sous les coins ext\u00e9rieurs des yeux, en terminant l\u00e0 o\u00f9 les pommettes rejoignent les coins ext\u00e9rieurs. R\u00e9p\u00e9tez plusieurs fois jusqu&rsquo;\u00e0 absorption compl\u00e8te du s\u00e9rum. Cette technique favorise le drainage lymphatique et aide \u00e0 minimiser le gonflement sous les yeux.    <\/p>\n<h3>Plantes actives<\/h3>\n<p><strong>Laminaire Sucr\u00e9e<\/strong> \u2014 Parmi les plantes les plus nutritives pour la peau, l&rsquo;algue sauvage offre un spectre complet de prot\u00e9ines, b\u00eata-carot\u00e8ne, enzymes, acides amin\u00e9s, fibres, polysaccharides mucilagineux, antioxydants, vitamines A, B, B12, C et E, ainsi qu&rsquo;une abondance d&rsquo;oligo-\u00e9l\u00e9ments.<br \/>\n<strong>Enzyme CoQ10 Naturelle<\/strong> \u2014 Les niveaux de CoQ10 diminuent naturellement avec l&rsquo;\u00e2ge, r\u00e9duisant progressivement la capacit\u00e9 de la peau \u00e0 produire du collag\u00e8ne et de l&rsquo;\u00e9lastine. Cette enzyme naturelle apporte de puissants antioxydants en profondeur dans la peau \u2014 un composant essentiel de la souplesse et de l&rsquo;\u00e9clat qui aide \u00e0 minimiser l&rsquo;apparence des ridules et des plis.<br \/>\n<strong>Caf\u00e9 Torr\u00e9fi\u00e9 Fonc\u00e9 (Coffea arabica)<\/strong> \u2014 Une infusion lente de grains de caf\u00e9 torr\u00e9fi\u00e9s localement dans des huiles v\u00e9g\u00e9tales dor\u00e9es extrait les propri\u00e9t\u00e9s antioxydantes et tonifiantes du grain entier. Les polyph\u00e9nols et phytocompos\u00e9s du caf\u00e9 favorisent la circulation et aident \u00e0 r\u00e9duire l&rsquo;apparence des poches et de la fatigue autour des yeux. L&rsquo;infusion torr\u00e9fi\u00e9e apporte une chaleur subtile qui nourrit la peau et peut favoriser l&rsquo;apparence de sourcils et de cils plus forts et plus fournis au fil du temps.<br \/>\n<strong>Feuille d&rsquo;Ortie<\/strong> \u2014 Naturellement riche en silice, soufre et phytonutriments vibrants qui favorisent des cheveux plus brillants et plus sains. L&rsquo;ortie aide \u00e9galement \u00e0 lutter contre l&rsquo;amincissement pour encourager la densit\u00e9 et l&rsquo;\u00e9paisseur, tout en renfor\u00e7ant la r\u00e9silience de la peau face aux dommages UV et aux agressions environnementales.<br \/>\n<strong>Racine de Guimauve<\/strong> \u2014 Un humectant naturel qui attire l&rsquo;humidit\u00e9 vers la peau et les cheveux, am\u00e9liorant les niveaux d&rsquo;hydratation. Riche en flavono\u00efdes aux propri\u00e9t\u00e9s anti-inflammatoires inh\u00e9rentes, cet extrait aide \u00e0 prot\u00e9ger contre les dommages UV et les radicaux libres et \u00e0 les inverser.<br \/>\n<strong>Huile Pure de Noix de Macadamia<\/strong> \u2014 Exceptionnellement riche en acides gras b\u00e9n\u00e9fiques, avec une teneur \u00e9lev\u00e9e en acide linol\u00e9ique et ol\u00e9ique qui restaure la barri\u00e8re naturelle de la peau \u2014 pr\u00e9venant la perte d&rsquo;humidit\u00e9 et prot\u00e9geant contre les dommages environnementaux et les toxines.<br \/>\n<strong>Racine de R\u00e9glisse<\/strong> \u2014 Att\u00e9nue l&rsquo;hyperpigmentation et le teint irr\u00e9gulier tout en bloquant naturellement la lumi\u00e8re UV gr\u00e2ce \u00e0 ses enzymes naturelles. Les compos\u00e9s actifs r\u00e9duisent l&rsquo;inflammation et le gonflement, tout en tonifiant et raffermissant la peau. Une source riche en nutriments vitaux et antioxydants qui neutralisent les radicaux libres.  <\/p>\n<p><em><strong>Cette formule est sans huiles essentielles.<\/strong><\/em><br \/>\n<em><strong>Tous les ingr\u00e9dients sont biologiques, sauvages et issus de sources durables, \u00e9thiques et r\u00e9gionales.<\/strong><\/em><\/p>\n<p><strong>Taille : 10 ml<\/strong><\/p>\n<h2><strong>Ingr\u00e9dients naturels \/ biologiques <\/strong><\/h2>\n<p>Extractions et Essences de Plantes Enti\u00e8res Maison de Laminaire Sucr\u00e9e de l&rsquo;\u00cele de Vancouver (<em>Saccharina latissima<\/em>), Laminaire Kombu (<em>Laminaria japonica<\/em>), Racine de R\u00e9glisse (<em>Glycyrrhiza glabra<\/em>), Racine de Guimauve (<em>Althaea officinalis<\/em>), Feuille de Menthe Poivr\u00e9e Sauvage (<em>Mentha piperita<\/em>), Fleurs de Camomille (<em>Matricaria chamomilla<\/em>), Feuille de Mouron des Oiseaux (<em>Stellaria media<\/em>), Feuille d&rsquo;Ortie de Pleine Lune (<em>Urtica dioica<\/em>), Huile de Noix de Macadamia (<em>Macadamia integrifolia<\/em>), Huile de Jojoba (<em>Simmondsia chinensis<\/em>), Grains de Caf\u00e9 Biologiques Locaux Torr\u00e9fi\u00e9s Lentement (<em>Coffea arabica<\/em>), Extrait de CoQ10 d&rsquo;Origine Naturelle (<em>Ubiquinone<\/em>).<\/p>\n\n\t<section class=\"section dark\" id=\"section_317343789\">\n\t\t<div class=\"section-bg fill\" >\n\t\t\t<img fetchpriority=\"high\" decoding=\"async\" width=\"1200\" height=\"604\" src=\"https:\/\/dutchhealthstore.com\/wp-content\/uploads\/2026\/02\/bgux.jpg\" class=\"bg attachment- size-\" alt=\"\" \/>\t\t\t\t\t\t<div class=\"section-bg-overlay absolute fill\"><\/div>\n\t\t\t\n\n\t\t<\/div>\n\n\t\t\n\n\t\t<div class=\"section-content relative\">\n\t\t\t\n\n\t<div id=\"gap-1148490296\" class=\"gap-element clearfix\" style=\"display:block; height:auto;\">\n\t\t\n<style>\n#gap-1148490296 {\n  padding-top: 15px;\n}\n<\/style>\n\t<\/div>\n\t\n\n<div class=\"container section-title-container\" ><h3 class=\"section-title section-title-normal\"><b><\/b><span class=\"section-title-main\" >\u00c0 propos de Tidelands House<\/span><b><\/b><\/h3><\/div>\n\n<div class=\"row\"  id=\"row-740262639\">\n\n\n\t<div id=\"col-1192441270\" class=\"col small-12 large-12\"  >\n\t\t\t\t<div class=\"col-inner\"  >\n\t\t\t\n\t\t\t\n\n<p>Tidelands House est un atelier canadien de soins botaniques pour la peau, fond\u00e9 par l\u2019herboriste Dominique Del Col. Chaque formule est fabriqu\u00e9e \u00e0 la main dans une distillerie baign\u00e9e de lumi\u00e8re solaire, au sein d\u2019un cottage en pierre restaur\u00e9 du XIXe si\u00e8cle, o\u00f9 des herbes sont suspendues aux poutres en bois et o\u00f9 les plantes sont pr\u00e9par\u00e9es au rythme des saisons.<\/p>\n<p>Des plantes sauvages cueillies, la culture biodynamique et des v\u00e9g\u00e9taux marins r\u00e9colt\u00e9s sur les c\u00f4tes orientales du Canada constituent le c\u0153ur de chaque pr\u00e9paration. Les ingr\u00e9dients sont r\u00e9colt\u00e9s au pic de leur vitalit\u00e9 et \u00e9labor\u00e9s en micro-lots afin de pr\u00e9server leur puissance, leur fra\u00eecheur et leur int\u00e9grit\u00e9 \u00e9nerg\u00e9tique. <\/p>\n<p>Aucun additif synth\u00e9tique. Aucun agent de charge inutile. Uniquement des extraits botaniques riches en nutriments, des essences florales ferment\u00e9es et des huiles v\u00e9g\u00e9tales pures, pr\u00e9sent\u00e9s dans du verre opalin d\u2019inspiration patrimoniale.  <\/p>\n<p>Tidelands House propose des soins lents et intentionnels \u2014 ancr\u00e9s dans la terre, le rituel et le respect \u00e0 la fois de la tradition et de la science botanique moderne.<\/p>\n\n\n\t\t<\/div>\n\t\t\t\t\t<\/div>\n\n\t\n\n<\/div>\n\n\t\t<\/div>\n\n\t\t\n<style>\n#section_317343789 {\n  padding-top: 30px;\n  padding-bottom: 30px;\n  background-color: rgb(40, 40, 40);\n}\n#section_317343789 .section-bg-overlay {\n  background-color: rgba(0, 0, 0, 0.477);\n}\n#section_317343789 .section-bg img {\n  object-position: 51% 73%;\n}\n<\/style>\n\t<\/section>\n\t\n","protected":false},"excerpt":{"rendered":"<p>La Mer Profonde est con\u00e7u pour nourrir la peau d\u00e9licate du contour des yeux \u2014 att\u00e9nuant les ridules et r\u00e9duisant les poches tout en laissant la peau douce, souple et r\u00e9g\u00e9n\u00e9r\u00e9e.<\/p>\n","protected":false},"featured_media":374495,"comment_status":"open","ping_status":"closed","template":"","meta":[],"product_brand":[],"product_cat":[1908,20908,1209,1030,1010,14733,5927,5902,22208],"product_tag":[],"class_list":{"0":"post-374578","1":"product","2":"type-product","3":"status-publish","4":"has-post-thumbnail","6":"product_cat-new-additions-fr","7":"product_cat-new-additions-skincare-fr","8":"product_cat-par-marques","9":"product_cat-par-produits","10":"product_cat-notre-boutique","11":"product_cat-soins-de-la-peau","12":"product_cat-eye-care-fr-3","13":"product_cat-eye-lip-care-fr-2","14":"product_cat-tidelands-house","15":"pa_brand-tidelands-house","16":"pa_gtin-22390","17":"pa_size-10-ml-fr","18":"pa_skincare-type-lips-eye-care-fr","20":"first","21":"outofstock","22":"taxable","23":"shipping-taxable","24":"purchasable","25":"product-type-simple"},"bundled_by":[],"bundle_stock_status":"outofstock","bundle_stock_quantity":0,"bundle_virtual":false,"bundle_layout":"","bundle_add_to_cart_form_location":"","bundle_editable_in_cart":false,"bundle_sold_individually_context":"","bundle_item_grouping":"","bundle_min_size":"","bundle_max_size":"","bundle_price":[],"bundled_items":[],"bundle_sell_ids":[372480],"atum_controlled":true,"out_stock_date":"2026-03-28 14:07:57","out_stock_threshold":null,"inheritable":false,"stock_on_hold":0,"sold_today":0,"sales_last_days":3,"out_stock_days":1,"lost_sales":19,"update_date":"2026-05-04T08:04:02","atum_locations":[],"atum_stock_status":"outofstock","restock_status":false,"low_stock_amount":"","sales_update_date":"2026-05-04T08:04:02","calc_backorders":null,"group_of_quantity":0,"min_quantity":0,"max_quantity":"","exclude_order_quantity_value_rules":"no","exclude_category_quantity_rules":"no","combine_variations":"no","yoast_head":"<!-- This site is optimized with the Yoast SEO Premium plugin v26.5 (Yoast SEO v26.5) - https:\/\/yoast.com\/wordpress\/plugins\/seo\/ -->\n<title>La Mer Profonde Eye + Full Brows Deep Repair Serum - Tidelands House<\/title>\n<meta name=\"description\" content=\"La Mer Profonde est con\u00e7u pour nourrir la peau d\u00e9licate du contour des yeux \u2014 att\u00e9nuant les ridules et r\u00e9duisant les poches tout en laissant la peau douce, souple et r\u00e9g\u00e9n\u00e9r\u00e9e.\" \/>\n<meta name=\"robots\" content=\"index, follow, max-snippet:-1, max-image-preview:large, max-video-preview:-1\" \/>\n<link rel=\"canonical\" href=\"https:\/\/dutchhealthstore.com\/fr\/product\/la-mer-profonde-eye-full-brows-deep-repair-serum\/\" \/>\n<meta property=\"og:locale\" content=\"fr_FR\" \/>\n<meta property=\"og:type\" content=\"article\" \/>\n<meta property=\"og:title\" content=\"La Mer Profonde Eye + Full Brows Deep Repair Serum - Dutch Health Store\" \/>\n<meta property=\"og:description\" content=\"La Mer Profonde est con\u00e7u pour nourrir la peau d\u00e9licate du contour des yeux \u2014 att\u00e9nuant les ridules et r\u00e9duisant les poches tout en laissant la peau douce, souple et r\u00e9g\u00e9n\u00e9r\u00e9e.\" \/>\n<meta property=\"og:url\" content=\"https:\/\/dutchhealthstore.com\/fr\/product\/la-mer-profonde-eye-full-brows-deep-repair-serum\/\" \/>\n<meta property=\"og:site_name\" content=\"Dutch Health Store\" \/>\n<meta property=\"article:publisher\" content=\"https:\/\/www.instagram.com\/dutchhealthstore\/\" \/>\n<meta property=\"og:image\" content=\"https:\/\/dutchhealthstore.com\/wp-content\/uploads\/2026\/03\/Untitled-design-2026-03-24T092920.666.jpg\" \/>\n\t<meta property=\"og:image:width\" content=\"530\" \/>\n\t<meta property=\"og:image:height\" content=\"530\" \/>\n\t<meta property=\"og:image:type\" content=\"image\/jpeg\" \/>\n<meta name=\"twitter:card\" content=\"summary_large_image\" \/>\n<meta name=\"twitter:label1\" content=\"Prix\" \/>\n\t<meta name=\"twitter:data1\" content=\"&euro;45,95\" \/>\n\t<meta name=\"twitter:label2\" content=\"Disponibilit\u00e9\" \/>\n\t<meta name=\"twitter:data2\" content=\"Rupture de stock\" \/>\n<script type=\"application\/ld+json\" class=\"yoast-schema-graph\">{\"@context\":\"https:\/\/schema.org\",\"@graph\":[{\"@type\":\"WebPage\",\"@id\":\"https:\/\/dutchhealthstore.com\/fr\/product\/la-mer-profonde-eye-full-brows-deep-repair-serum\/\",\"url\":\"https:\/\/dutchhealthstore.com\/fr\/product\/la-mer-profonde-eye-full-brows-deep-repair-serum\/\",\"name\":\"La Mer Profonde Eye + Full Brows Deep Repair Serum - Tidelands House\",\"isPartOf\":{\"@id\":\"https:\/\/dutchhealthstore.com\/fr\/#website\"},\"primaryImageOfPage\":{\"@id\":\"https:\/\/dutchhealthstore.com\/fr\/product\/la-mer-profonde-eye-full-brows-deep-repair-serum\/#primaryimage\"},\"image\":{\"@id\":\"https:\/\/dutchhealthstore.com\/fr\/product\/la-mer-profonde-eye-full-brows-deep-repair-serum\/#primaryimage\"},\"thumbnailUrl\":\"https:\/\/dutchhealthstore.com\/wp-content\/uploads\/2026\/03\/Untitled-design-2026-03-24T092920.666.jpg\",\"datePublished\":\"2026-03-24T14:11:06+00:00\",\"description\":\"La Mer Profonde est con\u00e7u pour nourrir la peau d\u00e9licate du contour des yeux \u2014 att\u00e9nuant les ridules et r\u00e9duisant les poches tout en laissant la peau douce, souple et r\u00e9g\u00e9n\u00e9r\u00e9e.\",\"breadcrumb\":{\"@id\":\"https:\/\/dutchhealthstore.com\/fr\/product\/la-mer-profonde-eye-full-brows-deep-repair-serum\/#breadcrumb\"},\"inLanguage\":\"fr-FR\",\"potentialAction\":[{\"@type\":\"ReadAction\",\"target\":[\"https:\/\/dutchhealthstore.com\/fr\/product\/la-mer-profonde-eye-full-brows-deep-repair-serum\/\"]}]},{\"@type\":\"ImageObject\",\"inLanguage\":\"fr-FR\",\"@id\":\"https:\/\/dutchhealthstore.com\/fr\/product\/la-mer-profonde-eye-full-brows-deep-repair-serum\/#primaryimage\",\"url\":\"https:\/\/dutchhealthstore.com\/wp-content\/uploads\/2026\/03\/Untitled-design-2026-03-24T092920.666.jpg\",\"contentUrl\":\"https:\/\/dutchhealthstore.com\/wp-content\/uploads\/2026\/03\/Untitled-design-2026-03-24T092920.666.jpg\",\"width\":530,\"height\":530,\"caption\":\"tidelands-house-la-mer-profonde\"},{\"@type\":\"BreadcrumbList\",\"@id\":\"https:\/\/dutchhealthstore.com\/fr\/product\/la-mer-profonde-eye-full-brows-deep-repair-serum\/#breadcrumb\",\"itemListElement\":[{\"@type\":\"ListItem\",\"position\":1,\"name\":\"Home\",\"item\":\"https:\/\/dutchhealthstore.com\/fr\/\"},{\"@type\":\"ListItem\",\"position\":2,\"name\":\"Shop\",\"item\":\"https:\/\/dutchhealthstore.com\/fr\/shop\/\"},{\"@type\":\"ListItem\",\"position\":3,\"name\":\"La Mer Profonde Eye + Full Brows Deep Repair Serum\"}]},{\"@type\":\"WebSite\",\"@id\":\"https:\/\/dutchhealthstore.com\/fr\/#website\",\"url\":\"https:\/\/dutchhealthstore.com\/fr\/\",\"name\":\"Dutch Health Store\",\"description\":\"Enhance Your Beauty with Organic &amp; Natural Skincare\",\"publisher\":{\"@id\":\"https:\/\/dutchhealthstore.com\/fr\/#organization\"},\"potentialAction\":[{\"@type\":\"SearchAction\",\"target\":{\"@type\":\"EntryPoint\",\"urlTemplate\":\"https:\/\/dutchhealthstore.com\/fr\/?s={search_term_string}\"},\"query-input\":{\"@type\":\"PropertyValueSpecification\",\"valueRequired\":true,\"valueName\":\"search_term_string\"}}],\"inLanguage\":\"fr-FR\"},{\"@type\":\"Organization\",\"@id\":\"https:\/\/dutchhealthstore.com\/fr\/#organization\",\"name\":\"Dutch Health Store\",\"url\":\"https:\/\/dutchhealthstore.com\/fr\/\",\"logo\":{\"@type\":\"ImageObject\",\"inLanguage\":\"fr-FR\",\"@id\":\"https:\/\/dutchhealthstore.com\/fr\/#\/schema\/logo\/image\/\",\"url\":\"https:\/\/dutchhealthstore.com\/wp-content\/uploads\/2020\/08\/logo-dutchhealthstore-jpg-e1599484957574.jpg\",\"contentUrl\":\"https:\/\/dutchhealthstore.com\/wp-content\/uploads\/2020\/08\/logo-dutchhealthstore-jpg-e1599484957574.jpg\",\"width\":400,\"height\":62,\"caption\":\"Dutch Health Store\"},\"image\":{\"@id\":\"https:\/\/dutchhealthstore.com\/fr\/#\/schema\/logo\/image\/\"},\"sameAs\":[\"https:\/\/www.instagram.com\/dutchhealthstore\/\",\"https:\/\/www.facebook.com\/dutchhealthstore\"]}]}<\/script>\n<meta property=\"product:brand\" content=\"Tidelands House\" \/>\n<meta property=\"product:price:amount\" content=\"45.95\" \/>\n<meta property=\"product:price:currency\" content=\"EUR\" \/>\n<meta property=\"og:availability\" content=\"out of stock\" \/>\n<meta property=\"product:availability\" content=\"out of stock\" \/>\n<meta property=\"product:condition\" content=\"new\" \/>\n<!-- \/ Yoast SEO Premium plugin. -->","yoast_head_json":{"title":"La Mer Profonde Eye + Full Brows Deep Repair Serum - Tidelands House","description":"La Mer Profonde est con\u00e7u pour nourrir la peau d\u00e9licate du contour des yeux \u2014 att\u00e9nuant les ridules et r\u00e9duisant les poches tout en laissant la peau douce, souple et r\u00e9g\u00e9n\u00e9r\u00e9e.","robots":{"index":"index","follow":"follow","max-snippet":"max-snippet:-1","max-image-preview":"max-image-preview:large","max-video-preview":"max-video-preview:-1"},"canonical":"https:\/\/dutchhealthstore.com\/fr\/product\/la-mer-profonde-eye-full-brows-deep-repair-serum\/","og_locale":"fr_FR","og_type":"article","og_title":"La Mer Profonde Eye + Full Brows Deep Repair Serum - Dutch Health Store","og_description":"La Mer Profonde est con\u00e7u pour nourrir la peau d\u00e9licate du contour des yeux \u2014 att\u00e9nuant les ridules et r\u00e9duisant les poches tout en laissant la peau douce, souple et r\u00e9g\u00e9n\u00e9r\u00e9e.","og_url":"https:\/\/dutchhealthstore.com\/fr\/product\/la-mer-profonde-eye-full-brows-deep-repair-serum\/","og_site_name":"Dutch Health Store","article_publisher":"https:\/\/www.instagram.com\/dutchhealthstore\/","og_image":[{"width":530,"height":530,"url":"https:\/\/dutchhealthstore.com\/wp-content\/uploads\/2026\/03\/Untitled-design-2026-03-24T092920.666.jpg","type":"image\/jpeg"}],"twitter_card":"summary_large_image","twitter_misc":{"Prix":"&euro;45,95","Disponibilit\u00e9":"Rupture de stock"},"schema":{"@context":"https:\/\/schema.org","@graph":[{"@type":"WebPage","@id":"https:\/\/dutchhealthstore.com\/fr\/product\/la-mer-profonde-eye-full-brows-deep-repair-serum\/","url":"https:\/\/dutchhealthstore.com\/fr\/product\/la-mer-profonde-eye-full-brows-deep-repair-serum\/","name":"La Mer Profonde Eye + Full Brows Deep Repair Serum - Tidelands House","isPartOf":{"@id":"https:\/\/dutchhealthstore.com\/fr\/#website"},"primaryImageOfPage":{"@id":"https:\/\/dutchhealthstore.com\/fr\/product\/la-mer-profonde-eye-full-brows-deep-repair-serum\/#primaryimage"},"image":{"@id":"https:\/\/dutchhealthstore.com\/fr\/product\/la-mer-profonde-eye-full-brows-deep-repair-serum\/#primaryimage"},"thumbnailUrl":"https:\/\/dutchhealthstore.com\/wp-content\/uploads\/2026\/03\/Untitled-design-2026-03-24T092920.666.jpg","datePublished":"2026-03-24T14:11:06+00:00","description":"La Mer Profonde est con\u00e7u pour nourrir la peau d\u00e9licate du contour des yeux \u2014 att\u00e9nuant les ridules et r\u00e9duisant les poches tout en laissant la peau douce, souple et r\u00e9g\u00e9n\u00e9r\u00e9e.","breadcrumb":{"@id":"https:\/\/dutchhealthstore.com\/fr\/product\/la-mer-profonde-eye-full-brows-deep-repair-serum\/#breadcrumb"},"inLanguage":"fr-FR","potentialAction":[{"@type":"ReadAction","target":["https:\/\/dutchhealthstore.com\/fr\/product\/la-mer-profonde-eye-full-brows-deep-repair-serum\/"]}]},{"@type":"ImageObject","inLanguage":"fr-FR","@id":"https:\/\/dutchhealthstore.com\/fr\/product\/la-mer-profonde-eye-full-brows-deep-repair-serum\/#primaryimage","url":"https:\/\/dutchhealthstore.com\/wp-content\/uploads\/2026\/03\/Untitled-design-2026-03-24T092920.666.jpg","contentUrl":"https:\/\/dutchhealthstore.com\/wp-content\/uploads\/2026\/03\/Untitled-design-2026-03-24T092920.666.jpg","width":530,"height":530,"caption":"tidelands-house-la-mer-profonde"},{"@type":"BreadcrumbList","@id":"https:\/\/dutchhealthstore.com\/fr\/product\/la-mer-profonde-eye-full-brows-deep-repair-serum\/#breadcrumb","itemListElement":[{"@type":"ListItem","position":1,"name":"Home","item":"https:\/\/dutchhealthstore.com\/fr\/"},{"@type":"ListItem","position":2,"name":"Shop","item":"https:\/\/dutchhealthstore.com\/fr\/shop\/"},{"@type":"ListItem","position":3,"name":"La Mer Profonde Eye + Full Brows Deep Repair Serum"}]},{"@type":"WebSite","@id":"https:\/\/dutchhealthstore.com\/fr\/#website","url":"https:\/\/dutchhealthstore.com\/fr\/","name":"Dutch Health Store","description":"Enhance Your Beauty with Organic &amp; Natural Skincare","publisher":{"@id":"https:\/\/dutchhealthstore.com\/fr\/#organization"},"potentialAction":[{"@type":"SearchAction","target":{"@type":"EntryPoint","urlTemplate":"https:\/\/dutchhealthstore.com\/fr\/?s={search_term_string}"},"query-input":{"@type":"PropertyValueSpecification","valueRequired":true,"valueName":"search_term_string"}}],"inLanguage":"fr-FR"},{"@type":"Organization","@id":"https:\/\/dutchhealthstore.com\/fr\/#organization","name":"Dutch Health Store","url":"https:\/\/dutchhealthstore.com\/fr\/","logo":{"@type":"ImageObject","inLanguage":"fr-FR","@id":"https:\/\/dutchhealthstore.com\/fr\/#\/schema\/logo\/image\/","url":"https:\/\/dutchhealthstore.com\/wp-content\/uploads\/2020\/08\/logo-dutchhealthstore-jpg-e1599484957574.jpg","contentUrl":"https:\/\/dutchhealthstore.com\/wp-content\/uploads\/2020\/08\/logo-dutchhealthstore-jpg-e1599484957574.jpg","width":400,"height":62,"caption":"Dutch Health Store"},"image":{"@id":"https:\/\/dutchhealthstore.com\/fr\/#\/schema\/logo\/image\/"},"sameAs":["https:\/\/www.instagram.com\/dutchhealthstore\/","https:\/\/www.facebook.com\/dutchhealthstore"]}]},"product_brand":"Tidelands House","product_price_amount":"45.95","product_price_currency":"EUR","og_availability":"out of stock","product_availability":"out of stock","product_condition":"new"},"_links":{"self":[{"href":"https:\/\/dutchhealthstore.com\/fr\/wp-json\/wp\/v2\/product\/374578","targetHints":{"allow":["GET"]}}],"collection":[{"href":"https:\/\/dutchhealthstore.com\/fr\/wp-json\/wp\/v2\/product"}],"about":[{"href":"https:\/\/dutchhealthstore.com\/fr\/wp-json\/wp\/v2\/types\/product"}],"replies":[{"embeddable":true,"href":"https:\/\/dutchhealthstore.com\/fr\/wp-json\/wp\/v2\/comments?post=374578"}],"wp:featuredmedia":[{"embeddable":true,"href":"https:\/\/dutchhealthstore.com\/fr\/wp-json\/wp\/v2\/media\/374495"}],"wp:attachment":[{"href":"https:\/\/dutchhealthstore.com\/fr\/wp-json\/wp\/v2\/media?parent=374578"}],"wp:term":[{"taxonomy":"product_brand","embeddable":true,"href":"https:\/\/dutchhealthstore.com\/fr\/wp-json\/wp\/v2\/product_brand?post=374578"},{"taxonomy":"product_cat","embeddable":true,"href":"https:\/\/dutchhealthstore.com\/fr\/wp-json\/wp\/v2\/product_cat?post=374578"},{"taxonomy":"product_tag","embeddable":true,"href":"https:\/\/dutchhealthstore.com\/fr\/wp-json\/wp\/v2\/product_tag?post=374578"}],"curies":[{"name":"wp","href":"https:\/\/api.w.org\/{rel}","templated":true}]}}