{"id":374574,"date":"2026-03-24T15:13:48","date_gmt":"2026-03-24T14:13:48","guid":{"rendered":"https:\/\/dutchhealthstore.com\/product\/la-lueur-coq10-illuminating-facial-serum\/"},"modified":"2026-03-24T15:48:35","modified_gmt":"2026-03-24T14:48:35","slug":"la-lueur-coq10-illuminating-facial-serum","status":"publish","type":"product","link":"https:\/\/dutchhealthstore.com\/fr\/product\/la-lueur-coq10-illuminating-facial-serum\/","title":{"rendered":"La Lueur CoQ10 Illuminating Facial Serum"},"content":{"rendered":"<p>La Lueur est infus\u00e9 de min\u00e9raux silicat\u00e9s naturels iris\u00e9s qui conf\u00e8rent \u00e0 la peau un \u00e9clat subtil et lumineux. Riche en antioxydants naturels, ce s\u00e9rum cicatrisant r\u00e9pare les dommages caus\u00e9s par les radicaux libres, stimule la r\u00e9g\u00e9n\u00e9ration cellulaire et adoucit et hydrate en profondeur \u2014 renouvelant le teint de l\u2019int\u00e9rieur.<br \/>\nUn s\u00e9rum apaisant et r\u00e9g\u00e9n\u00e9rant adapt\u00e9 aux peaux normales, s\u00e8ches et matures. <\/p>\n<p><strong>Philosophie des fleurs<\/strong><br \/>\nRacine de salsepareille \u00b7 Fruit de rose \u00b7 Fleur de tanaisie \u00b7 Teinture de m\u00e9lisse \u00b7 Essence pure de figue de Barbarie<\/p>\n<h3>Comment utiliser<\/h3>\n<p>Apr\u00e8s le nettoyage, vaporisez sur le visage une lotion tonique, une eau florale ou des gouttes de ros\u00e9e. Pressez 3 \u00e0 5 gouttes de s\u00e9rum sur le visage, le cou et le d\u00e9collet\u00e9, en massant avec intention par de lents mouvements circulaires jusqu\u2019\u00e0 absorption compl\u00e8te.  Utiliser matin et soir. Pour une r\u00e9paration plus profonde, compl\u00e9tez avec un baume pour le visage ou un concentr\u00e9 de s\u00e9rum de votre choix.<\/p>\n<h3>\u00c9l\u00e9ments actifs<\/h3>\n<p><strong>Huile de figue de Barbarie<\/strong> \u2014 Un antioxydant puissant qui ralentit la maturation cellulaire, favorise le renouvellement et prot\u00e8ge la peau des dommages caus\u00e9s par les radicaux libres. Att\u00e9nue l\u2019apparence des cicatrices et apaise les rougeurs.<br \/>\nRacine de salsepareille \u2014 Riche en flavono\u00efdes et en nutriments essentiels, notamment le cuivre, le fer, le mangan\u00e8se, le zinc et les vitamines A et D. Un ingr\u00e9dient id\u00e9al pour un vieillissement sain, particuli\u00e8rement pour la peau d\u00e9licate du contour des yeux.<br \/>\n<strong>Huile de graines de cam\u00e9lia<\/strong> \u2014 Riche en acide ol\u00e9ique, en vitamines A, B, D et E, et en acides gras nourrissants Om\u00e9ga 3, 6 et 9. S\u2019absorbe sans effort pour une hydratation cicatrisante et l\u00e9g\u00e8re.<br \/>\nHuile de graines de cumin noir d\u2019\u00c9gypte \u2014 Une huile profond\u00e9ment nourrissante, c\u00e9l\u00e8bre pour ses propri\u00e9t\u00e9s embellissantes \u2014 r\u00e9duisant l\u2019inflammation et les rougeurs tout en clarifiant et en unifiant le teint.<br \/>\n<strong>M\u00e9lisse<\/strong> \u2014 Prot\u00e8ge contre les agresseurs environnementaux gr\u00e2ce aux antioxydants naturels que sont les acides caf\u00e9ique et f\u00e9rulique. Une source riche en eug\u00e9nol et en tanins, apportant une qualit\u00e9 calmante et apaisante \u00e0 la peau.<br \/>\n<strong>Enzyme CoQ10 naturelle<\/strong> \u2014 Les niveaux de CoQ10 diminuent naturellement avec l\u2019\u00e2ge, r\u00e9duisant progressivement la capacit\u00e9 de la peau \u00e0 produire du collag\u00e8ne et de l\u2019\u00e9lastine. Cette enzyme naturelle d\u00e9livre de puissants antioxydants en profondeur dans la peau \u2014 un \u00e9l\u00e9ment essentiel de souplesse et d\u2019\u00e9clat qui aide \u00e0 minimiser l\u2019apparence des ridules et des plis.<br \/>\n<strong>Min\u00e9raux \u00e9clatants<\/strong> \u2014 De d\u00e9licates paillettes d\u2019or iris\u00e9 illuminent doucement la peau et adoucissent l\u2019apparence des zones d\u2019ombre et des ridules.<\/p>\n<p>Nos ingr\u00e9dients sont biologiques, issus de la cueillette sauvage et proviennent de sources durables, \u00e9thiques et r\u00e9gionales.<\/p>\n<p><strong>Prendre soin de votre potion<\/strong><br \/>\n<em>Cette potion sauvage pour la peau, fabriqu\u00e9e \u00e0 la main, conserve toute son efficacit\u00e9 lorsqu\u2019elle est utilis\u00e9e dans les 6 mois suivant l\u2019ouverture. Conservez \u00e0 temp\u00e9rature ambiante, \u00e0 l\u2019abri de la lumi\u00e8re directe du soleil. <\/em><\/p>\n<p><strong>Taille : 30 ml<\/strong><\/p>\n<h2><strong>Ingr\u00e9dients naturels \/ biologiques <\/strong><\/h2>\n<p>Extractions de plantes enti\u00e8res faites maison et essences de figue de Barbarie ( <em>Opuntia ficus-indica<\/em>), fruit de rose de Nouvelle-\u00c9cosse ( <em>Rosa rugosa<\/em>), racine de salsepareille (<em>Smilax spp.<\/em>), fleur de houblon ( <em>Humulus lupulus<\/em>), fleur de lavandin ( <em>Lavandula x intermedia<\/em>), fleur de tanaisie ( <em>Tanacetum vulgare<\/em>), m\u00e9lisse ( <em>Melissa officinalis<\/em>), fleur d\u2019oranger ( <em>Citrus sinensis<\/em>), huile de graines de cumin noir ( <em>Nigella sativa<\/em>), huile de noyaux d\u2019abricot ( <em>Prunus armeniaca<\/em>), huile de graines de cam\u00e9lia ( <em>Camellia oleifera<\/em>), huile de feuilles de bourrache (<em>Borago officinalis<\/em>), huile de tamanu (<em>Calophyllum inophyllum<\/em>), min\u00e9raux silicat\u00e9s naturels (<em>divers min\u00e9raux<\/em>), extrait de CoQ10 d\u2019origine naturelle (<em>ubiquinone<\/em>).<\/p>\n\n\t<section class=\"section dark\" id=\"section_1802658234\">\n\t\t<div class=\"section-bg fill\" >\n\t\t\t<img fetchpriority=\"high\" decoding=\"async\" width=\"1200\" height=\"604\" src=\"https:\/\/dutchhealthstore.com\/wp-content\/uploads\/2026\/02\/bgux.jpg\" class=\"bg attachment- size-\" alt=\"\" \/>\t\t\t\t\t\t<div class=\"section-bg-overlay absolute fill\"><\/div>\n\t\t\t\n\n\t\t<\/div>\n\n\t\t\n\n\t\t<div class=\"section-content relative\">\n\t\t\t\n\n\t<div id=\"gap-785416732\" class=\"gap-element clearfix\" style=\"display:block; height:auto;\">\n\t\t\n<style>\n#gap-785416732 {\n  padding-top: 15px;\n}\n<\/style>\n\t<\/div>\n\t\n\n<div class=\"container section-title-container\" ><h3 class=\"section-title section-title-normal\"><b><\/b><span class=\"section-title-main\" >\u00c0 propos de Tidelands House<\/span><b><\/b><\/h3><\/div>\n\n<div class=\"row\"  id=\"row-305691966\">\n\n\n\t<div id=\"col-110516144\" class=\"col small-12 large-12\"  >\n\t\t\t\t<div class=\"col-inner\"  >\n\t\t\t\n\t\t\t\n\n<p>Tidelands House est un atelier canadien de soins botaniques pour la peau, fond\u00e9 par l\u2019herboriste Dominique Del Col. Chaque formule est fabriqu\u00e9e \u00e0 la main dans une distillerie baign\u00e9e de lumi\u00e8re solaire, au sein d\u2019un cottage en pierre restaur\u00e9 du XIXe si\u00e8cle, o\u00f9 des herbes sont suspendues aux poutres en bois et o\u00f9 les plantes sont pr\u00e9par\u00e9es au rythme des saisons.<\/p>\n<p>Des plantes sauvages cueillies, la culture biodynamique et des v\u00e9g\u00e9taux marins r\u00e9colt\u00e9s sur les c\u00f4tes orientales du Canada constituent le c\u0153ur de chaque pr\u00e9paration. Les ingr\u00e9dients sont r\u00e9colt\u00e9s au pic de leur vitalit\u00e9 et \u00e9labor\u00e9s en micro-lots afin de pr\u00e9server leur puissance, leur fra\u00eecheur et leur int\u00e9grit\u00e9 \u00e9nerg\u00e9tique. <\/p>\n<p>Aucun additif synth\u00e9tique. Aucun agent de charge inutile. Uniquement des extraits botaniques riches en nutriments, des essences florales ferment\u00e9es et des huiles v\u00e9g\u00e9tales pures, pr\u00e9sent\u00e9s dans du verre opalin d\u2019inspiration patrimoniale.  <\/p>\n<p>Tidelands House propose des soins lents et intentionnels \u2014 ancr\u00e9s dans la terre, le rituel et le respect \u00e0 la fois de la tradition et de la science botanique moderne.<\/p>\n\n\n\t\t<\/div>\n\t\t\t\t\t<\/div>\n\n\t\n\n<\/div>\n\n\t\t<\/div>\n\n\t\t\n<style>\n#section_1802658234 {\n  padding-top: 30px;\n  padding-bottom: 30px;\n  background-color: rgb(40, 40, 40);\n}\n#section_1802658234 .section-bg-overlay {\n  background-color: rgba(0, 0, 0, 0.477);\n}\n#section_1802658234 .section-bg img {\n  object-position: 51% 73%;\n}\n<\/style>\n\t<\/section>\n\t\n","protected":false},"excerpt":{"rendered":"<p>Un s\u00e9rum artisanal en \u00e9dition limit\u00e9e, \u00e9labor\u00e9 \u00e0 partir de plantes sauvages pures et brutes et d\u2019extraits d\u2019herbes.<\/p>\n","protected":false},"featured_media":374444,"comment_status":"open","ping_status":"closed","template":"","meta":[],"product_brand":[],"product_cat":[1908,20908,1209,1030,5107,5711,5673,20925,5710,5627,5121,5709,5712,1229,20947,20992,5715,5716,20991,5713,4240,5714,1010,14733,22208],"product_tag":[],"class_list":{"0":"post-374574","1":"product","2":"type-product","3":"status-publish","4":"has-post-thumbnail","6":"product_cat-new-additions-fr","7":"product_cat-new-additions-skincare-fr","8":"product_cat-par-marques","9":"product_cat-par-produits","10":"product_cat-by-skin-type-fr-4","11":"product_cat-oily-skin-clogged-pores-fr-5","12":"product_cat-oily-skin-clogged-pores-fr","13":"product_cat-peau-mature-et-vieillissante","14":"product_cat-normal-or-combination-skin-fr-4","15":"product_cat-normal-or-combination-skin-fr-2","16":"product_cat-dry-mature-ageing-skin-fr-2","17":"product_cat-dry-mature-ageing-skin-fr-4","18":"product_cat-sensitive-skin-redness-fr-3","19":"product_cat-sensitive-skin-redness-fr","20":"product_cat-secs-fr","21":"product_cat-secs-fr-3","22":"product_cat-serums-fr-4","23":"product_cat-serums-fr-5","24":"product_cat-serums-fr-6","25":"product_cat-serums-fr","26":"product_cat-serums-fr-2","27":"product_cat-serums-fr-3","28":"product_cat-notre-boutique","29":"product_cat-soins-de-la-peau","30":"product_cat-tidelands-house","31":"pa_brand-tidelands-house","32":"pa_gtin-22386","33":"pa_size-30-ml-fr","34":"pa_skincare-type-face-oil-and-serums-fr","36":"first","37":"instock","38":"taxable","39":"shipping-taxable","40":"purchasable","41":"product-type-simple"},"bundled_by":[],"bundle_stock_status":"instock","bundle_stock_quantity":1,"bundle_virtual":false,"bundle_layout":"","bundle_add_to_cart_form_location":"","bundle_editable_in_cart":false,"bundle_sold_individually_context":"","bundle_item_grouping":"","bundle_min_size":"","bundle_max_size":"","bundle_price":[],"bundled_items":[],"bundle_sell_ids":[372711],"atum_controlled":true,"out_stock_date":null,"out_stock_threshold":null,"inheritable":false,"stock_on_hold":0,"sold_today":0,"sales_last_days":2,"out_stock_days":0,"lost_sales":0,"update_date":"2026-04-14T07:21:59","atum_locations":[],"atum_stock_status":"instock","restock_status":false,"low_stock_amount":"","sales_update_date":"2026-04-14T07:21:59","calc_backorders":null,"group_of_quantity":0,"min_quantity":0,"max_quantity":"","exclude_order_quantity_value_rules":"no","exclude_category_quantity_rules":"no","combine_variations":"no","yoast_head":"<!-- This site is optimized with the Yoast SEO Premium plugin v26.5 (Yoast SEO v26.5) - https:\/\/yoast.com\/wordpress\/plugins\/seo\/ -->\n<title>La Lueur CoQ10 Illuminating Facial Serum - Tidelands House<\/title>\n<meta name=\"description\" content=\"Un s\u00e9rum artisanal en \u00e9dition limit\u00e9e, \u00e9labor\u00e9 \u00e0 partir de plantes sauvages pures et brutes et d\u2019extraits d\u2019herbes.\" \/>\n<meta name=\"robots\" content=\"index, follow, max-snippet:-1, max-image-preview:large, max-video-preview:-1\" \/>\n<link rel=\"canonical\" href=\"https:\/\/dutchhealthstore.com\/fr\/product\/la-lueur-coq10-illuminating-facial-serum\/\" \/>\n<meta property=\"og:locale\" content=\"fr_FR\" \/>\n<meta property=\"og:type\" content=\"article\" \/>\n<meta property=\"og:title\" content=\"La Lueur CoQ10 Illuminating Facial Serum - Dutch Health Store\" \/>\n<meta property=\"og:description\" content=\"Un s\u00e9rum artisanal en \u00e9dition limit\u00e9e, \u00e9labor\u00e9 \u00e0 partir de plantes sauvages pures et brutes et d\u2019extraits d\u2019herbes.\" \/>\n<meta property=\"og:url\" content=\"https:\/\/dutchhealthstore.com\/fr\/product\/la-lueur-coq10-illuminating-facial-serum\/\" \/>\n<meta property=\"og:site_name\" content=\"Dutch Health Store\" \/>\n<meta property=\"article:publisher\" content=\"https:\/\/www.instagram.com\/dutchhealthstore\/\" \/>\n<meta property=\"article:modified_time\" content=\"2026-03-24T14:48:35+00:00\" \/>\n<meta property=\"og:image\" content=\"https:\/\/dutchhealthstore.com\/wp-content\/uploads\/2026\/03\/Untitled-design-2026-03-23T162502.820.jpg\" \/>\n\t<meta property=\"og:image:width\" content=\"530\" \/>\n\t<meta property=\"og:image:height\" content=\"530\" \/>\n\t<meta property=\"og:image:type\" content=\"image\/jpeg\" \/>\n<meta name=\"twitter:card\" content=\"summary_large_image\" \/>\n<meta name=\"twitter:label1\" content=\"Prix\" \/>\n\t<meta name=\"twitter:data1\" content=\"&euro;71,95\" \/>\n\t<meta name=\"twitter:label2\" content=\"Disponibilit\u00e9\" \/>\n\t<meta name=\"twitter:data2\" content=\"En stock\" \/>\n<script type=\"application\/ld+json\" class=\"yoast-schema-graph\">{\"@context\":\"https:\/\/schema.org\",\"@graph\":[{\"@type\":\"WebPage\",\"@id\":\"https:\/\/dutchhealthstore.com\/fr\/product\/la-lueur-coq10-illuminating-facial-serum\/\",\"url\":\"https:\/\/dutchhealthstore.com\/fr\/product\/la-lueur-coq10-illuminating-facial-serum\/\",\"name\":\"La Lueur CoQ10 Illuminating Facial Serum - Tidelands House\",\"isPartOf\":{\"@id\":\"https:\/\/dutchhealthstore.com\/fr\/#website\"},\"primaryImageOfPage\":{\"@id\":\"https:\/\/dutchhealthstore.com\/fr\/product\/la-lueur-coq10-illuminating-facial-serum\/#primaryimage\"},\"image\":{\"@id\":\"https:\/\/dutchhealthstore.com\/fr\/product\/la-lueur-coq10-illuminating-facial-serum\/#primaryimage\"},\"thumbnailUrl\":\"https:\/\/dutchhealthstore.com\/wp-content\/uploads\/2026\/03\/Untitled-design-2026-03-23T162502.820.jpg\",\"datePublished\":\"2026-03-24T14:13:48+00:00\",\"dateModified\":\"2026-03-24T14:48:35+00:00\",\"description\":\"Un s\u00e9rum artisanal en \u00e9dition limit\u00e9e, \u00e9labor\u00e9 \u00e0 partir de plantes sauvages pures et brutes et d\u2019extraits d\u2019herbes.\",\"breadcrumb\":{\"@id\":\"https:\/\/dutchhealthstore.com\/fr\/product\/la-lueur-coq10-illuminating-facial-serum\/#breadcrumb\"},\"inLanguage\":\"fr-FR\",\"potentialAction\":[{\"@type\":\"ReadAction\",\"target\":[\"https:\/\/dutchhealthstore.com\/fr\/product\/la-lueur-coq10-illuminating-facial-serum\/\"]}]},{\"@type\":\"ImageObject\",\"inLanguage\":\"fr-FR\",\"@id\":\"https:\/\/dutchhealthstore.com\/fr\/product\/la-lueur-coq10-illuminating-facial-serum\/#primaryimage\",\"url\":\"https:\/\/dutchhealthstore.com\/wp-content\/uploads\/2026\/03\/Untitled-design-2026-03-23T162502.820.jpg\",\"contentUrl\":\"https:\/\/dutchhealthstore.com\/wp-content\/uploads\/2026\/03\/Untitled-design-2026-03-23T162502.820.jpg\",\"width\":530,\"height\":530,\"caption\":\"tidelands-house-la-lueur\"},{\"@type\":\"BreadcrumbList\",\"@id\":\"https:\/\/dutchhealthstore.com\/fr\/product\/la-lueur-coq10-illuminating-facial-serum\/#breadcrumb\",\"itemListElement\":[{\"@type\":\"ListItem\",\"position\":1,\"name\":\"Home\",\"item\":\"https:\/\/dutchhealthstore.com\/fr\/\"},{\"@type\":\"ListItem\",\"position\":2,\"name\":\"Shop\",\"item\":\"https:\/\/dutchhealthstore.com\/fr\/shop\/\"},{\"@type\":\"ListItem\",\"position\":3,\"name\":\"La Lueur CoQ10 Illuminating Facial Serum\"}]},{\"@type\":\"WebSite\",\"@id\":\"https:\/\/dutchhealthstore.com\/fr\/#website\",\"url\":\"https:\/\/dutchhealthstore.com\/fr\/\",\"name\":\"Dutch Health Store\",\"description\":\"Enhance Your Beauty with Organic &amp; Natural Skincare\",\"publisher\":{\"@id\":\"https:\/\/dutchhealthstore.com\/fr\/#organization\"},\"potentialAction\":[{\"@type\":\"SearchAction\",\"target\":{\"@type\":\"EntryPoint\",\"urlTemplate\":\"https:\/\/dutchhealthstore.com\/fr\/?s={search_term_string}\"},\"query-input\":{\"@type\":\"PropertyValueSpecification\",\"valueRequired\":true,\"valueName\":\"search_term_string\"}}],\"inLanguage\":\"fr-FR\"},{\"@type\":\"Organization\",\"@id\":\"https:\/\/dutchhealthstore.com\/fr\/#organization\",\"name\":\"Dutch Health Store\",\"url\":\"https:\/\/dutchhealthstore.com\/fr\/\",\"logo\":{\"@type\":\"ImageObject\",\"inLanguage\":\"fr-FR\",\"@id\":\"https:\/\/dutchhealthstore.com\/fr\/#\/schema\/logo\/image\/\",\"url\":\"https:\/\/dutchhealthstore.com\/wp-content\/uploads\/2020\/08\/logo-dutchhealthstore-jpg-e1599484957574.jpg\",\"contentUrl\":\"https:\/\/dutchhealthstore.com\/wp-content\/uploads\/2020\/08\/logo-dutchhealthstore-jpg-e1599484957574.jpg\",\"width\":400,\"height\":62,\"caption\":\"Dutch Health Store\"},\"image\":{\"@id\":\"https:\/\/dutchhealthstore.com\/fr\/#\/schema\/logo\/image\/\"},\"sameAs\":[\"https:\/\/www.instagram.com\/dutchhealthstore\/\",\"https:\/\/www.facebook.com\/dutchhealthstore\"]}]}<\/script>\n<meta property=\"product:brand\" content=\"Tidelands House\" \/>\n<meta property=\"product:price:amount\" content=\"71.95\" \/>\n<meta property=\"product:price:currency\" content=\"EUR\" \/>\n<meta property=\"og:availability\" content=\"instock\" \/>\n<meta property=\"product:availability\" content=\"instock\" \/>\n<meta property=\"product:condition\" content=\"new\" \/>\n<!-- \/ Yoast SEO Premium plugin. -->","yoast_head_json":{"title":"La Lueur CoQ10 Illuminating Facial Serum - Tidelands House","description":"Un s\u00e9rum artisanal en \u00e9dition limit\u00e9e, \u00e9labor\u00e9 \u00e0 partir de plantes sauvages pures et brutes et d\u2019extraits d\u2019herbes.","robots":{"index":"index","follow":"follow","max-snippet":"max-snippet:-1","max-image-preview":"max-image-preview:large","max-video-preview":"max-video-preview:-1"},"canonical":"https:\/\/dutchhealthstore.com\/fr\/product\/la-lueur-coq10-illuminating-facial-serum\/","og_locale":"fr_FR","og_type":"article","og_title":"La Lueur CoQ10 Illuminating Facial Serum - Dutch Health Store","og_description":"Un s\u00e9rum artisanal en \u00e9dition limit\u00e9e, \u00e9labor\u00e9 \u00e0 partir de plantes sauvages pures et brutes et d\u2019extraits d\u2019herbes.","og_url":"https:\/\/dutchhealthstore.com\/fr\/product\/la-lueur-coq10-illuminating-facial-serum\/","og_site_name":"Dutch Health Store","article_publisher":"https:\/\/www.instagram.com\/dutchhealthstore\/","article_modified_time":"2026-03-24T14:48:35+00:00","og_image":[{"width":530,"height":530,"url":"https:\/\/dutchhealthstore.com\/wp-content\/uploads\/2026\/03\/Untitled-design-2026-03-23T162502.820.jpg","type":"image\/jpeg"}],"twitter_card":"summary_large_image","twitter_misc":{"Prix":"&euro;71,95","Disponibilit\u00e9":"En stock"},"schema":{"@context":"https:\/\/schema.org","@graph":[{"@type":"WebPage","@id":"https:\/\/dutchhealthstore.com\/fr\/product\/la-lueur-coq10-illuminating-facial-serum\/","url":"https:\/\/dutchhealthstore.com\/fr\/product\/la-lueur-coq10-illuminating-facial-serum\/","name":"La Lueur CoQ10 Illuminating Facial Serum - Tidelands House","isPartOf":{"@id":"https:\/\/dutchhealthstore.com\/fr\/#website"},"primaryImageOfPage":{"@id":"https:\/\/dutchhealthstore.com\/fr\/product\/la-lueur-coq10-illuminating-facial-serum\/#primaryimage"},"image":{"@id":"https:\/\/dutchhealthstore.com\/fr\/product\/la-lueur-coq10-illuminating-facial-serum\/#primaryimage"},"thumbnailUrl":"https:\/\/dutchhealthstore.com\/wp-content\/uploads\/2026\/03\/Untitled-design-2026-03-23T162502.820.jpg","datePublished":"2026-03-24T14:13:48+00:00","dateModified":"2026-03-24T14:48:35+00:00","description":"Un s\u00e9rum artisanal en \u00e9dition limit\u00e9e, \u00e9labor\u00e9 \u00e0 partir de plantes sauvages pures et brutes et d\u2019extraits d\u2019herbes.","breadcrumb":{"@id":"https:\/\/dutchhealthstore.com\/fr\/product\/la-lueur-coq10-illuminating-facial-serum\/#breadcrumb"},"inLanguage":"fr-FR","potentialAction":[{"@type":"ReadAction","target":["https:\/\/dutchhealthstore.com\/fr\/product\/la-lueur-coq10-illuminating-facial-serum\/"]}]},{"@type":"ImageObject","inLanguage":"fr-FR","@id":"https:\/\/dutchhealthstore.com\/fr\/product\/la-lueur-coq10-illuminating-facial-serum\/#primaryimage","url":"https:\/\/dutchhealthstore.com\/wp-content\/uploads\/2026\/03\/Untitled-design-2026-03-23T162502.820.jpg","contentUrl":"https:\/\/dutchhealthstore.com\/wp-content\/uploads\/2026\/03\/Untitled-design-2026-03-23T162502.820.jpg","width":530,"height":530,"caption":"tidelands-house-la-lueur"},{"@type":"BreadcrumbList","@id":"https:\/\/dutchhealthstore.com\/fr\/product\/la-lueur-coq10-illuminating-facial-serum\/#breadcrumb","itemListElement":[{"@type":"ListItem","position":1,"name":"Home","item":"https:\/\/dutchhealthstore.com\/fr\/"},{"@type":"ListItem","position":2,"name":"Shop","item":"https:\/\/dutchhealthstore.com\/fr\/shop\/"},{"@type":"ListItem","position":3,"name":"La Lueur CoQ10 Illuminating Facial Serum"}]},{"@type":"WebSite","@id":"https:\/\/dutchhealthstore.com\/fr\/#website","url":"https:\/\/dutchhealthstore.com\/fr\/","name":"Dutch Health Store","description":"Enhance Your Beauty with Organic &amp; Natural Skincare","publisher":{"@id":"https:\/\/dutchhealthstore.com\/fr\/#organization"},"potentialAction":[{"@type":"SearchAction","target":{"@type":"EntryPoint","urlTemplate":"https:\/\/dutchhealthstore.com\/fr\/?s={search_term_string}"},"query-input":{"@type":"PropertyValueSpecification","valueRequired":true,"valueName":"search_term_string"}}],"inLanguage":"fr-FR"},{"@type":"Organization","@id":"https:\/\/dutchhealthstore.com\/fr\/#organization","name":"Dutch Health Store","url":"https:\/\/dutchhealthstore.com\/fr\/","logo":{"@type":"ImageObject","inLanguage":"fr-FR","@id":"https:\/\/dutchhealthstore.com\/fr\/#\/schema\/logo\/image\/","url":"https:\/\/dutchhealthstore.com\/wp-content\/uploads\/2020\/08\/logo-dutchhealthstore-jpg-e1599484957574.jpg","contentUrl":"https:\/\/dutchhealthstore.com\/wp-content\/uploads\/2020\/08\/logo-dutchhealthstore-jpg-e1599484957574.jpg","width":400,"height":62,"caption":"Dutch Health Store"},"image":{"@id":"https:\/\/dutchhealthstore.com\/fr\/#\/schema\/logo\/image\/"},"sameAs":["https:\/\/www.instagram.com\/dutchhealthstore\/","https:\/\/www.facebook.com\/dutchhealthstore"]}]},"product_brand":"Tidelands House","product_price_amount":"71.95","product_price_currency":"EUR","og_availability":"instock","product_availability":"instock","product_condition":"new"},"_links":{"self":[{"href":"https:\/\/dutchhealthstore.com\/fr\/wp-json\/wp\/v2\/product\/374574","targetHints":{"allow":["GET"]}}],"collection":[{"href":"https:\/\/dutchhealthstore.com\/fr\/wp-json\/wp\/v2\/product"}],"about":[{"href":"https:\/\/dutchhealthstore.com\/fr\/wp-json\/wp\/v2\/types\/product"}],"replies":[{"embeddable":true,"href":"https:\/\/dutchhealthstore.com\/fr\/wp-json\/wp\/v2\/comments?post=374574"}],"wp:featuredmedia":[{"embeddable":true,"href":"https:\/\/dutchhealthstore.com\/fr\/wp-json\/wp\/v2\/media\/374444"}],"wp:attachment":[{"href":"https:\/\/dutchhealthstore.com\/fr\/wp-json\/wp\/v2\/media?parent=374574"}],"wp:term":[{"taxonomy":"product_brand","embeddable":true,"href":"https:\/\/dutchhealthstore.com\/fr\/wp-json\/wp\/v2\/product_brand?post=374574"},{"taxonomy":"product_cat","embeddable":true,"href":"https:\/\/dutchhealthstore.com\/fr\/wp-json\/wp\/v2\/product_cat?post=374574"},{"taxonomy":"product_tag","embeddable":true,"href":"https:\/\/dutchhealthstore.com\/fr\/wp-json\/wp\/v2\/product_tag?post=374574"}],"curies":[{"name":"wp","href":"https:\/\/api.w.org\/{rel}","templated":true}]}}