{"id":373171,"date":"2026-03-03T16:13:18","date_gmt":"2026-03-03T15:13:18","guid":{"rendered":"https:\/\/dutchhealthstore.com\/product\/tooth-serum\/"},"modified":"2026-03-31T10:55:15","modified_gmt":"2026-03-31T08:55:15","slug":"tooth-serum","status":"publish","type":"product","link":"https:\/\/dutchhealthstore.com\/fr\/product\/tooth-serum\/","title":{"rendered":"Tooth Serum"},"content":{"rendered":"<p>Notre S\u00e9rum Topique Nourrissant pour les Dents commence par une huile de haute qualit\u00e9 qui est lentement infus\u00e9e d&rsquo;herbes et de min\u00e9raux soigneusement s\u00e9lectionn\u00e9s, reconnus pour soutenir la force des dents et la sant\u00e9 des gencives. L&rsquo;objectif principal de ce m\u00e9lange est de nourrir et de soutenir le processus de gu\u00e9rison naturel des dents. En m\u00eame temps, il contient des herbes qui aident \u00e0 apaiser les gencives et \u00e0 favoriser un environnement buccal \u00e9quilibr\u00e9.  <\/p>\n<h3>Que fait-il ?<\/h3>\n<p>\u2713 Aide \u00e0 nourrir et \u00e0 soutenir la force de vos dents.<br \/>\n\u2713 Laisse une l\u00e9g\u00e8re couche protectrice sur les dents apr\u00e8s le brossage. Il suffit de le brosser.<br \/>\n\u2713 Id\u00e9al pour les personnes qui respirent par la bouche ou souffrent de s\u00e9cheresse buccale.<\/p>\n<h3>Comment \u00e7a marche ?<\/h3>\n<p>L&rsquo;huile de s\u00e9same est depuis longtemps appr\u00e9ci\u00e9e pour ses effets protecteurs et stabilisants sur la bouche. Nous avons am\u00e9lior\u00e9 cette base traditionnelle en l&rsquo;infusant d&rsquo;un m\u00e9lange concentr\u00e9 d&rsquo;herbes s\u00e9lectionn\u00e9es pour soutenir la r\u00e9paration naturelle et la sant\u00e9 bucco-dentaire globale. Nous utilisons une quantit\u00e9 g\u00e9n\u00e9reuse d&rsquo;herbes pour garantir que la formule reste efficace et pertinente.  <\/p>\n<h3>Vous pouvez utiliser l&rsquo;huile de diff\u00e9rentes mani\u00e8res :<\/h3>\n<ul>\n<li>Massez directement sur les dents et les gencives.<\/li>\n<li>Ajoutez quelques gouttes \u00e0 votre brosse \u00e0 dents et brossez soigneusement.<\/li>\n<li>Utilisez avant le brossage pour aider \u00e0 d\u00e9loger l&rsquo;accumulation et les taches de surface.<\/li>\n<li>Utilisez apr\u00e8s le brossage pour aider \u00e0 renforcer et \u00e0 nourrir les dents.<\/li>\n<li>M\u00e9langez-le \u00e0 une huile de base pour cr\u00e9er votre propre formule de bain de bouche \u00e0 l&rsquo;huile.<\/li>\n<li>C&rsquo;est aussi une option pratique pour les enfants qui ne peuvent pas ou pr\u00e9f\u00e8rent ne pas faire de bain de bouche \u00e0 l&rsquo;huile.<\/li>\n<\/ul>\n<p>&nbsp;<\/p>\n<h3>Formule Mise \u00e0 Jour pour une Efficacit\u00e9 Am\u00e9lior\u00e9e<\/h3>\n<p>Nous avons r\u00e9cemment am\u00e9lior\u00e9 la formule en passant \u00e0 l&rsquo;huile d&rsquo;olive ozon\u00e9e. L&rsquo;huile d&rsquo;olive p\u00e9n\u00e8tre et soutient naturellement le tissu gingival. Lorsqu&rsquo;elle est ozon\u00e9e, elle contient des compos\u00e9s d&rsquo;oxyg\u00e8ne stabilis\u00e9s qui aident \u00e0 maintenir un \u00e9quilibre sain dans la bouche et \u00e0 soutenir l&rsquo;int\u00e9grit\u00e9 des gencives.  <\/p>\n<p>L&rsquo;huile d&rsquo;olive retient l&rsquo;ozone plus efficacement que l&rsquo;huile de coco, permettant \u00e0 ces compos\u00e9s b\u00e9n\u00e9fiques de rester actifs plus longtemps. Le r\u00e9sultat est un environnement plus fort et plus favorable pour la sant\u00e9 \u00e0 long terme des gencives et des dents. <\/p>\n<p>Cette formule est fortement ozon\u00e9e et contient une infusion d&rsquo;herbes plus concentr\u00e9e. Si vous pr\u00e9f\u00e9rez un go\u00fbt plus doux, vous pouvez la diluer avant utilisation. <\/p>\n<p>\u2605 Important : Aucun produit ne convient parfaitement \u00e0 tout le monde. \u00c9coutez toujours votre corps et cessez l&rsquo;utilisation si vous ressentez des r\u00e9actions ind\u00e9sirables. <\/p>\n<p><strong>Taille : 1 fl oz <\/strong><\/p>\n<h3>Comment l&rsquo;utiliser<\/h3>\n<p>Massez sur vos dents et vos gencives ou ajoutez-en \u00e0 votre brosse \u00e0 dents et brossez partout. Il n&rsquo;est pas n\u00e9cessaire de rincer.<\/p>\n<h2><strong>Ingr\u00e9dients naturels \/ biologiques <\/strong><\/h2>\n<p>Huile de S\u00e9same, Huile d&rsquo;Olive Ozon\u00e9e, Microhydroxyapatite, Carbonate de Calcium, Corail, Poudre de Perle, Paille d&rsquo;Avoine, Card\u00e8re, Cardamome, Pr\u00eale, Eucommia, Hadjod, Triphala, R\u00e9glisse, Anantamul, Drynaria, Ortie, Arjuna, Rehmannia, Orme Rouge, Clous de Girofle, Rose, Miswak, Manjistha, \u00c9corce de Ch\u00eane Blanc, Eclipta, Curcuma, \u00c9chinac\u00e9e, Kalmegh, Shilajit, Neem, Th\u00e9obromine<\/p>\n\n\t<section class=\"section\" id=\"section_1534901286\">\n\t\t<div class=\"section-bg fill\" >\n\t\t\t<img fetchpriority=\"high\" decoding=\"async\" width=\"1536\" height=\"1024\" src=\"https:\/\/dutchhealthstore.com\/wp-content\/uploads\/2026\/02\/bliss-bg.jpg\" class=\"bg attachment- size-\" alt=\"\" \/>\t\t\t\t\t\t<div class=\"section-bg-overlay absolute fill\"><\/div>\n\t\t\t\n\n\t\t<\/div>\n\n\t\t\n\n\t\t<div class=\"section-content relative\">\n\t\t\t\n\n\t<div id=\"gap-36594158\" class=\"gap-element clearfix\" style=\"display:block; height:auto;\">\n\t\t\n<style>\n#gap-36594158 {\n  padding-top: 15px;\n}\n<\/style>\n\t<\/div>\n\t\n\n<div class=\"container section-title-container\" ><h3 class=\"section-title section-title-normal\"><b><\/b><span class=\"section-title-main\" >\u00c0 propos de Bliss Energetics<\/span><b><\/b><\/h3><\/div>\n\n<div class=\"row\"  id=\"row-266055358\">\n\n\n\t<div id=\"col-767270671\" class=\"col small-12 large-12\"  >\n\t\t\t\t<div class=\"col-inner\"  >\n\t\t\t\n\t\t\t\n\n<p>Bliss Energetics est une marque de soins bucco-dentaires holistiques d\u00e9di\u00e9e \u00e0 une v\u00e9ritable remin\u00e9ralisation. Ancr\u00e9e dans l'Ayurveda, la m\u00e9decine traditionnelle chinoise et la science des min\u00e9raux, chaque formule est con\u00e7ue pour soutenir la capacit\u00e9 naturelle du corps \u00e0 reconstruire l'\u00e9mail et \u00e0 renforcer les dents de l'int\u00e9rieur. <\/p>\n<p>Ce ne sont pas des produits dentaires conventionnels. Ils se concentrent sur les min\u00e9raux biodisponibles, les vitamines liposolubles et la sagesse des plantes pour nourrir les dents en tant que tissu vivant \u2014 tout en favorisant la salive, l'absorption et l'\u00e9quilibre structurel. <\/p>\n<p>Exempte d'additifs synth\u00e9tiques et \u00e9labor\u00e9e avec intention, Bliss Energetics combine la densit\u00e9 min\u00e9rale avec la conscience \u00e9nerg\u00e9tique.<\/p>\n<p>C'est un soin bucco-dentaire pour ceux qui croient que la gu\u00e9rison se produit lorsque le corps est correctement nourri.<\/p>\n\n\n\t\t<\/div>\n\t\t\t\t\t<\/div>\n\n\t\n\n<\/div>\n\n\t\t<\/div>\n\n\t\t\n<style>\n#section_1534901286 {\n  padding-top: 30px;\n  padding-bottom: 30px;\n}\n#section_1534901286 .section-bg-overlay {\n  background-color: rgba(255, 255, 255, 0.767);\n}\n<\/style>\n\t<\/section>\n\t\n","protected":false},"excerpt":{"rendered":"<p>Cette huile riche et concentr\u00e9e est infus\u00e9e d&rsquo;herbes et de min\u00e9raux puissants pour nourrir en profondeur vos dents et vos gencives. Vous pouvez la masser d\u00e9licatement directement sur vos dents et vos gencives ou appliquer quelques gouttes sur votre brosse \u00e0 dents et brosser comme d&rsquo;habitude. <\/p>\n","protected":false},"featured_media":372124,"comment_status":"open","ping_status":"closed","template":"","meta":[],"product_brand":[],"product_cat":[22214,1037,1908,20902,20908,1209,1030,1010],"product_tag":[],"class_list":{"0":"post-373171","1":"product","2":"type-product","3":"status-publish","4":"has-post-thumbnail","6":"product_cat-bliss-energetics","7":"product_cat-hygiene-dentaire","8":"product_cat-new-additions-fr","9":"product_cat-new-additions-healthcare-fr","10":"product_cat-new-additions-skincare-fr","11":"product_cat-par-marques","12":"product_cat-par-produits","13":"product_cat-notre-boutique","14":"pa_brand-bliss-energetics","15":"pa_dental-care-product-type-tooth-serum-fr","16":"pa_dental-care-product-type-gum-care-fr","17":"pa_size-1-fl-oz","19":"first","20":"outofstock","21":"taxable","22":"shipping-taxable","23":"purchasable","24":"product-type-simple"},"bundled_by":[],"bundle_stock_status":"outofstock","bundle_stock_quantity":0,"bundle_virtual":false,"bundle_layout":"","bundle_add_to_cart_form_location":"","bundle_editable_in_cart":false,"bundle_sold_individually_context":"","bundle_item_grouping":"","bundle_min_size":"","bundle_max_size":"","bundle_price":[],"bundled_items":[],"bundle_sell_ids":[104232],"atum_controlled":true,"out_stock_date":"2026-03-31 11:39:34","out_stock_threshold":null,"inheritable":false,"stock_on_hold":1,"sold_today":0,"sales_last_days":2,"out_stock_days":0,"lost_sales":0,"update_date":"2026-04-17T08:24:29","atum_locations":[],"atum_stock_status":"outofstock","restock_status":false,"low_stock_amount":"","sales_update_date":"2026-04-17T08:24:29","calc_backorders":null,"group_of_quantity":0,"min_quantity":0,"max_quantity":"","exclude_order_quantity_value_rules":"no","exclude_category_quantity_rules":"no","combine_variations":"no","yoast_head":"<!-- This site is optimized with the Yoast SEO Premium plugin v26.5 (Yoast SEO v26.5) - https:\/\/yoast.com\/wordpress\/plugins\/seo\/ -->\n<title>Tooth Serum - Bliss Energetics<\/title>\n<meta name=\"description\" content=\"Cette huile riche et concentr\u00e9e est infus\u00e9e d&#039;herbes et de min\u00e9raux puissants pour nourrir en profondeur vos dents et vos gencives. Vous pouvez la masser d\u00e9licatement directement sur vos dents et vos gencives ou appliquer quelques gouttes sur votre brosse \u00e0 dents et brosser comme d&#039;habitude.\" \/>\n<meta name=\"robots\" content=\"index, follow, max-snippet:-1, max-image-preview:large, max-video-preview:-1\" \/>\n<link rel=\"canonical\" href=\"https:\/\/dutchhealthstore.com\/fr\/product\/tooth-serum\/\" \/>\n<meta property=\"og:locale\" content=\"fr_FR\" \/>\n<meta property=\"og:type\" content=\"article\" \/>\n<meta property=\"og:title\" content=\"Tooth Serum - Dutch Health Store\" \/>\n<meta property=\"og:description\" content=\"Cette huile riche et concentr\u00e9e est infus\u00e9e d&#039;herbes et de min\u00e9raux puissants pour nourrir en profondeur vos dents et vos gencives. Vous pouvez la masser d\u00e9licatement directement sur vos dents et vos gencives ou appliquer quelques gouttes sur votre brosse \u00e0 dents et brosser comme d&#039;habitude.\" \/>\n<meta property=\"og:url\" content=\"https:\/\/dutchhealthstore.com\/fr\/product\/tooth-serum\/\" \/>\n<meta property=\"og:site_name\" content=\"Dutch Health Store\" \/>\n<meta property=\"article:publisher\" content=\"https:\/\/www.instagram.com\/dutchhealthstore\/\" \/>\n<meta property=\"article:modified_time\" content=\"2026-03-31T08:55:15+00:00\" \/>\n<meta property=\"og:image\" content=\"https:\/\/dutchhealthstore.com\/wp-content\/uploads\/2026\/02\/Untitled-design-2026-02-20T142035.682.jpg\" \/>\n\t<meta property=\"og:image:width\" content=\"530\" \/>\n\t<meta property=\"og:image:height\" content=\"530\" \/>\n\t<meta property=\"og:image:type\" content=\"image\/jpeg\" \/>\n<meta name=\"twitter:card\" content=\"summary_large_image\" \/>\n<meta name=\"twitter:label1\" content=\"Prix\" \/>\n\t<meta name=\"twitter:data1\" content=\"&euro;29,00\" \/>\n\t<meta name=\"twitter:label2\" content=\"Disponibilit\u00e9\" \/>\n\t<meta name=\"twitter:data2\" content=\"Rupture de stock\" \/>\n<script type=\"application\/ld+json\" class=\"yoast-schema-graph\">{\"@context\":\"https:\/\/schema.org\",\"@graph\":[{\"@type\":\"WebPage\",\"@id\":\"https:\/\/dutchhealthstore.com\/fr\/product\/tooth-serum\/\",\"url\":\"https:\/\/dutchhealthstore.com\/fr\/product\/tooth-serum\/\",\"name\":\"Tooth Serum - Bliss Energetics\",\"isPartOf\":{\"@id\":\"https:\/\/dutchhealthstore.com\/fr\/#website\"},\"primaryImageOfPage\":{\"@id\":\"https:\/\/dutchhealthstore.com\/fr\/product\/tooth-serum\/#primaryimage\"},\"image\":{\"@id\":\"https:\/\/dutchhealthstore.com\/fr\/product\/tooth-serum\/#primaryimage\"},\"thumbnailUrl\":\"https:\/\/dutchhealthstore.com\/wp-content\/uploads\/2026\/02\/Untitled-design-2026-02-20T142035.682.jpg\",\"datePublished\":\"2026-03-03T15:13:18+00:00\",\"dateModified\":\"2026-03-31T08:55:15+00:00\",\"description\":\"Cette huile riche et concentr\u00e9e est infus\u00e9e d'herbes et de min\u00e9raux puissants pour nourrir en profondeur vos dents et vos gencives. Vous pouvez la masser d\u00e9licatement directement sur vos dents et vos gencives ou appliquer quelques gouttes sur votre brosse \u00e0 dents et brosser comme d'habitude.\",\"breadcrumb\":{\"@id\":\"https:\/\/dutchhealthstore.com\/fr\/product\/tooth-serum\/#breadcrumb\"},\"inLanguage\":\"fr-FR\",\"potentialAction\":[{\"@type\":\"ReadAction\",\"target\":[\"https:\/\/dutchhealthstore.com\/fr\/product\/tooth-serum\/\"]}]},{\"@type\":\"ImageObject\",\"inLanguage\":\"fr-FR\",\"@id\":\"https:\/\/dutchhealthstore.com\/fr\/product\/tooth-serum\/#primaryimage\",\"url\":\"https:\/\/dutchhealthstore.com\/wp-content\/uploads\/2026\/02\/Untitled-design-2026-02-20T142035.682.jpg\",\"contentUrl\":\"https:\/\/dutchhealthstore.com\/wp-content\/uploads\/2026\/02\/Untitled-design-2026-02-20T142035.682.jpg\",\"width\":530,\"height\":530,\"caption\":\"bliss-tooth-serum\"},{\"@type\":\"BreadcrumbList\",\"@id\":\"https:\/\/dutchhealthstore.com\/fr\/product\/tooth-serum\/#breadcrumb\",\"itemListElement\":[{\"@type\":\"ListItem\",\"position\":1,\"name\":\"Home\",\"item\":\"https:\/\/dutchhealthstore.com\/fr\/\"},{\"@type\":\"ListItem\",\"position\":2,\"name\":\"Shop\",\"item\":\"https:\/\/dutchhealthstore.com\/fr\/shop\/\"},{\"@type\":\"ListItem\",\"position\":3,\"name\":\"Tooth Serum\"}]},{\"@type\":\"WebSite\",\"@id\":\"https:\/\/dutchhealthstore.com\/fr\/#website\",\"url\":\"https:\/\/dutchhealthstore.com\/fr\/\",\"name\":\"Dutch Health Store\",\"description\":\"Enhance Your Beauty with Organic &amp; Natural Skincare\",\"publisher\":{\"@id\":\"https:\/\/dutchhealthstore.com\/fr\/#organization\"},\"potentialAction\":[{\"@type\":\"SearchAction\",\"target\":{\"@type\":\"EntryPoint\",\"urlTemplate\":\"https:\/\/dutchhealthstore.com\/fr\/?s={search_term_string}\"},\"query-input\":{\"@type\":\"PropertyValueSpecification\",\"valueRequired\":true,\"valueName\":\"search_term_string\"}}],\"inLanguage\":\"fr-FR\"},{\"@type\":\"Organization\",\"@id\":\"https:\/\/dutchhealthstore.com\/fr\/#organization\",\"name\":\"Dutch Health Store\",\"url\":\"https:\/\/dutchhealthstore.com\/fr\/\",\"logo\":{\"@type\":\"ImageObject\",\"inLanguage\":\"fr-FR\",\"@id\":\"https:\/\/dutchhealthstore.com\/fr\/#\/schema\/logo\/image\/\",\"url\":\"https:\/\/dutchhealthstore.com\/wp-content\/uploads\/2020\/08\/logo-dutchhealthstore-jpg-e1599484957574.jpg\",\"contentUrl\":\"https:\/\/dutchhealthstore.com\/wp-content\/uploads\/2020\/08\/logo-dutchhealthstore-jpg-e1599484957574.jpg\",\"width\":400,\"height\":62,\"caption\":\"Dutch Health Store\"},\"image\":{\"@id\":\"https:\/\/dutchhealthstore.com\/fr\/#\/schema\/logo\/image\/\"},\"sameAs\":[\"https:\/\/www.instagram.com\/dutchhealthstore\/\",\"https:\/\/www.facebook.com\/dutchhealthstore\"]}]}<\/script>\n<meta property=\"product:brand\" content=\"Bliss Energetics\" \/>\n<meta property=\"product:price:amount\" content=\"29.00\" \/>\n<meta property=\"product:price:currency\" content=\"EUR\" \/>\n<meta property=\"og:availability\" content=\"out of stock\" \/>\n<meta property=\"product:availability\" content=\"out of stock\" \/>\n<meta property=\"product:condition\" content=\"new\" \/>\n<!-- \/ Yoast SEO Premium plugin. -->","yoast_head_json":{"title":"Tooth Serum - Bliss Energetics","description":"Cette huile riche et concentr\u00e9e est infus\u00e9e d'herbes et de min\u00e9raux puissants pour nourrir en profondeur vos dents et vos gencives. Vous pouvez la masser d\u00e9licatement directement sur vos dents et vos gencives ou appliquer quelques gouttes sur votre brosse \u00e0 dents et brosser comme d'habitude.","robots":{"index":"index","follow":"follow","max-snippet":"max-snippet:-1","max-image-preview":"max-image-preview:large","max-video-preview":"max-video-preview:-1"},"canonical":"https:\/\/dutchhealthstore.com\/fr\/product\/tooth-serum\/","og_locale":"fr_FR","og_type":"article","og_title":"Tooth Serum - Dutch Health Store","og_description":"Cette huile riche et concentr\u00e9e est infus\u00e9e d'herbes et de min\u00e9raux puissants pour nourrir en profondeur vos dents et vos gencives. Vous pouvez la masser d\u00e9licatement directement sur vos dents et vos gencives ou appliquer quelques gouttes sur votre brosse \u00e0 dents et brosser comme d'habitude.","og_url":"https:\/\/dutchhealthstore.com\/fr\/product\/tooth-serum\/","og_site_name":"Dutch Health Store","article_publisher":"https:\/\/www.instagram.com\/dutchhealthstore\/","article_modified_time":"2026-03-31T08:55:15+00:00","og_image":[{"width":530,"height":530,"url":"https:\/\/dutchhealthstore.com\/wp-content\/uploads\/2026\/02\/Untitled-design-2026-02-20T142035.682.jpg","type":"image\/jpeg"}],"twitter_card":"summary_large_image","twitter_misc":{"Prix":"&euro;29,00","Disponibilit\u00e9":"Rupture de stock"},"schema":{"@context":"https:\/\/schema.org","@graph":[{"@type":"WebPage","@id":"https:\/\/dutchhealthstore.com\/fr\/product\/tooth-serum\/","url":"https:\/\/dutchhealthstore.com\/fr\/product\/tooth-serum\/","name":"Tooth Serum - Bliss Energetics","isPartOf":{"@id":"https:\/\/dutchhealthstore.com\/fr\/#website"},"primaryImageOfPage":{"@id":"https:\/\/dutchhealthstore.com\/fr\/product\/tooth-serum\/#primaryimage"},"image":{"@id":"https:\/\/dutchhealthstore.com\/fr\/product\/tooth-serum\/#primaryimage"},"thumbnailUrl":"https:\/\/dutchhealthstore.com\/wp-content\/uploads\/2026\/02\/Untitled-design-2026-02-20T142035.682.jpg","datePublished":"2026-03-03T15:13:18+00:00","dateModified":"2026-03-31T08:55:15+00:00","description":"Cette huile riche et concentr\u00e9e est infus\u00e9e d'herbes et de min\u00e9raux puissants pour nourrir en profondeur vos dents et vos gencives. Vous pouvez la masser d\u00e9licatement directement sur vos dents et vos gencives ou appliquer quelques gouttes sur votre brosse \u00e0 dents et brosser comme d'habitude.","breadcrumb":{"@id":"https:\/\/dutchhealthstore.com\/fr\/product\/tooth-serum\/#breadcrumb"},"inLanguage":"fr-FR","potentialAction":[{"@type":"ReadAction","target":["https:\/\/dutchhealthstore.com\/fr\/product\/tooth-serum\/"]}]},{"@type":"ImageObject","inLanguage":"fr-FR","@id":"https:\/\/dutchhealthstore.com\/fr\/product\/tooth-serum\/#primaryimage","url":"https:\/\/dutchhealthstore.com\/wp-content\/uploads\/2026\/02\/Untitled-design-2026-02-20T142035.682.jpg","contentUrl":"https:\/\/dutchhealthstore.com\/wp-content\/uploads\/2026\/02\/Untitled-design-2026-02-20T142035.682.jpg","width":530,"height":530,"caption":"bliss-tooth-serum"},{"@type":"BreadcrumbList","@id":"https:\/\/dutchhealthstore.com\/fr\/product\/tooth-serum\/#breadcrumb","itemListElement":[{"@type":"ListItem","position":1,"name":"Home","item":"https:\/\/dutchhealthstore.com\/fr\/"},{"@type":"ListItem","position":2,"name":"Shop","item":"https:\/\/dutchhealthstore.com\/fr\/shop\/"},{"@type":"ListItem","position":3,"name":"Tooth Serum"}]},{"@type":"WebSite","@id":"https:\/\/dutchhealthstore.com\/fr\/#website","url":"https:\/\/dutchhealthstore.com\/fr\/","name":"Dutch Health Store","description":"Enhance Your Beauty with Organic &amp; Natural Skincare","publisher":{"@id":"https:\/\/dutchhealthstore.com\/fr\/#organization"},"potentialAction":[{"@type":"SearchAction","target":{"@type":"EntryPoint","urlTemplate":"https:\/\/dutchhealthstore.com\/fr\/?s={search_term_string}"},"query-input":{"@type":"PropertyValueSpecification","valueRequired":true,"valueName":"search_term_string"}}],"inLanguage":"fr-FR"},{"@type":"Organization","@id":"https:\/\/dutchhealthstore.com\/fr\/#organization","name":"Dutch Health Store","url":"https:\/\/dutchhealthstore.com\/fr\/","logo":{"@type":"ImageObject","inLanguage":"fr-FR","@id":"https:\/\/dutchhealthstore.com\/fr\/#\/schema\/logo\/image\/","url":"https:\/\/dutchhealthstore.com\/wp-content\/uploads\/2020\/08\/logo-dutchhealthstore-jpg-e1599484957574.jpg","contentUrl":"https:\/\/dutchhealthstore.com\/wp-content\/uploads\/2020\/08\/logo-dutchhealthstore-jpg-e1599484957574.jpg","width":400,"height":62,"caption":"Dutch Health Store"},"image":{"@id":"https:\/\/dutchhealthstore.com\/fr\/#\/schema\/logo\/image\/"},"sameAs":["https:\/\/www.instagram.com\/dutchhealthstore\/","https:\/\/www.facebook.com\/dutchhealthstore"]}]},"product_brand":"Bliss Energetics","product_price_amount":"29.00","product_price_currency":"EUR","og_availability":"out of stock","product_availability":"out of stock","product_condition":"new"},"_links":{"self":[{"href":"https:\/\/dutchhealthstore.com\/fr\/wp-json\/wp\/v2\/product\/373171","targetHints":{"allow":["GET"]}}],"collection":[{"href":"https:\/\/dutchhealthstore.com\/fr\/wp-json\/wp\/v2\/product"}],"about":[{"href":"https:\/\/dutchhealthstore.com\/fr\/wp-json\/wp\/v2\/types\/product"}],"replies":[{"embeddable":true,"href":"https:\/\/dutchhealthstore.com\/fr\/wp-json\/wp\/v2\/comments?post=373171"}],"wp:featuredmedia":[{"embeddable":true,"href":"https:\/\/dutchhealthstore.com\/fr\/wp-json\/wp\/v2\/media\/372124"}],"wp:attachment":[{"href":"https:\/\/dutchhealthstore.com\/fr\/wp-json\/wp\/v2\/media?parent=373171"}],"wp:term":[{"taxonomy":"product_brand","embeddable":true,"href":"https:\/\/dutchhealthstore.com\/fr\/wp-json\/wp\/v2\/product_brand?post=373171"},{"taxonomy":"product_cat","embeddable":true,"href":"https:\/\/dutchhealthstore.com\/fr\/wp-json\/wp\/v2\/product_cat?post=373171"},{"taxonomy":"product_tag","embeddable":true,"href":"https:\/\/dutchhealthstore.com\/fr\/wp-json\/wp\/v2\/product_tag?post=373171"}],"curies":[{"name":"wp","href":"https:\/\/api.w.org\/{rel}","templated":true}]}}