{"id":373148,"date":"2026-03-03T16:21:51","date_gmt":"2026-03-03T15:21:51","guid":{"rendered":"https:\/\/dutchhealthstore.com\/product\/primal-puddy\/"},"modified":"2026-03-11T18:54:44","modified_gmt":"2026-03-11T17:54:44","slug":"primal-puddy","status":"publish","type":"product","link":"https:\/\/dutchhealthstore.com\/fr\/product\/primal-puddy\/","title":{"rendered":"Primal Puddy"},"content":{"rendered":"<p data-start=\"0\" data-end=\"28\">Primal Puddy est un traitement localis\u00e9 remin\u00e9ralisant puissant formul\u00e9 pour apporter des min\u00e9raux essentiels directement \u00e0 l&rsquo;\u00e9mail dentaire. Il est con\u00e7u pour aider \u00e0 soutenir la r\u00e9paration, renforcer les zones fragilis\u00e9es et prot\u00e9ger les dents de mani\u00e8re naturelle. <\/p>\n<p data-start=\"251\" data-end=\"604\">Les dents sont uniques car elles peuvent \u00eatre touch\u00e9es et trait\u00e9es directement. Primal Puddy tire parti de cela en pla\u00e7ant le soutien min\u00e9ral exactement l\u00e0 o\u00f9 il est le plus n\u00e9cessaire. Cette approche pratique combine des ingr\u00e9dients qui soutiennent l&rsquo;\u00e9mail et des ingr\u00e9dients traditionnellement valoris\u00e9s pour nourrir les os dans une formule concentr\u00e9e, vous donnant un meilleur contr\u00f4le sur votre routine de soins bucco-dentaires.  <\/p>\n<p data-start=\"606\" data-end=\"896\">Primal Puddy contient de l&rsquo;hydroxyapatite bovine biodisponible provenant de bovins n\u00e9o-z\u00e9landais nourris \u00e0 l&rsquo;herbe. Elle est m\u00e9lang\u00e9e avec du sel de bambou, du carbonate de calcium, du colostrum, de la poudre de perle, de la coquille d&rsquo;hu\u00eetre et du shilajit pour fournir un large spectre de min\u00e9raux tout en favorisant un environnement buccal \u00e9quilibr\u00e9. <\/p>\n<p data-start=\"898\" data-end=\"1211\">La formule comprend \u00e9galement des huiles riches en vitamines K2 et D3, qui soutiennent le transport du calcium et du phosphore dans l&rsquo;\u00e9mail. La lactoferrine du colostrum et la conchioline de la perle aident \u00e0 soutenir la sant\u00e9 des gencives et la r\u00e9paration cellulaire. La lanoline aide la p\u00e2te \u00e0 adh\u00e9rer aux dents pour un contact prolong\u00e9 et une meilleure absorption des min\u00e9raux.  <\/p>\n<h3 data-start=\"1218\" data-end=\"1239\"><strong data-start=\"1222\" data-end=\"1239\">Pour qui<\/strong><\/h3>\n<ul>\n<li data-start=\"1241\" data-end=\"1318\">Personnes pr\u00e9sentant des caries, des zones fragilis\u00e9es, une sensibilit\u00e9 ou une usure pr\u00e9coce de l&rsquo;\u00e9mail.<\/li>\n<li data-start=\"1320\" data-end=\"1381\">Ceux qui recherchent une approche naturelle et ancestrale des soins bucco-dentaires.<\/li>\n<li data-start=\"1383\" data-end=\"1447\">Familles qui pr\u00e9f\u00e8rent \u00e9viter le fluor et les additifs synth\u00e9tiques.<\/li>\n<\/ul>\n<h3 data-start=\"1454\" data-end=\"1478\"><strong data-start=\"1458\" data-end=\"1478\">Comment cela fonctionne<\/strong><\/h3>\n<p data-start=\"1480\" data-end=\"1774\">Les dents sont des structures vivantes capables d&rsquo;absorber des min\u00e9raux. Primal Puddy utilise des min\u00e9raux biodisponibles combin\u00e9s avec des vitamines liposolubles K2 et D3 dans une base collante et nourrissante. Cette texture permet \u00e0 la formule de rester en contact avec les dents suffisamment longtemps pour soutenir une absorption min\u00e9rale efficace.  <\/p>\n<h3 data-start=\"1480\" data-end=\"1774\"><strong>Comment utiliser <\/strong><\/h3>\n<ol>\n<li>Prenez un petit morceau de p\u00e2te et roulez-le en boule.<\/li>\n<li>Pressez fermement et \u00e9talez sur une dent propre et s\u00e8che<\/li>\n<li>Peut \u00eatre utilis\u00e9 sous un prot\u00e8ge-dents ou une goutti\u00e8re Invisalign<\/li>\n<li>Concentrez-vous sur la sensation, en imaginant l&rsquo;absorption des min\u00e9raux et la gu\u00e9rison !<\/li>\n<li>Une sensibilit\u00e9 peut survenir apr\u00e8s la premi\u00e8re utilisation<\/li>\n<\/ol>\n<h2 data-start=\"1781\" data-end=\"1814\"><strong data-start=\"1784\" data-end=\"1814\">Ingr\u00e9dients cl\u00e9s &amp; bienfaits<\/strong><\/h2>\n<p data-start=\"1816\" data-end=\"1971\"><strong data-start=\"1816\" data-end=\"1846\">Suif et lanoline nourris \u00e0 l&rsquo;herbe<\/strong><br data-start=\"1846\" data-end=\"1849\">Fournissent des vitamines liposolubles et agissent comme vecteurs pour les min\u00e9raux. La lanoline aide la p\u00e2te \u00e0 rester en place pour un contact prolong\u00e9. <\/p>\n<p data-start=\"1973\" data-end=\"2108\"><strong data-start=\"1973\" data-end=\"2023\">Hydroxyapatite, poudre de perle et coquille d&rsquo;hu\u00eetre<\/strong><br data-start=\"2023\" data-end=\"2026\">Apportent du calcium et du phosphore naturels pour aider \u00e0 soutenir la force de l&rsquo;\u00e9mail.<\/p>\n<p data-start=\"2110\" data-end=\"2236\"><strong data-start=\"2110\" data-end=\"2136\">Sel de bambou et shilajit<\/strong><br data-start=\"2136\" data-end=\"2139\">Apportent une large gamme de min\u00e9raux tout en aidant \u00e0 maintenir un environnement alcalin dans la bouche.<\/p>\n<p data-start=\"2238\" data-end=\"2353\"><strong data-start=\"2238\" data-end=\"2264\">Huile d&rsquo;\u00e9meu et huile de jaune d&rsquo;\u0153uf<\/strong><br data-start=\"2264\" data-end=\"2267\">Naturellement riches en vitamine K2 (MK-4), soutenant la r\u00e9paration cellulaire et le transport des min\u00e9raux.<\/p>\n<p data-start=\"2355\" data-end=\"2444\"><strong data-start=\"2355\" data-end=\"2368\">Colostrum<\/strong><br data-start=\"2368\" data-end=\"2371\">Contient des facteurs de croissance qui nourrissent le tissu gingival et soutiennent la r\u00e9g\u00e9n\u00e9ration.<\/p>\n<p data-start=\"2446\" data-end=\"2549\"><strong data-start=\"2446\" data-end=\"2457\">Cire d&rsquo;abeille<\/strong><br data-start=\"2457\" data-end=\"2460\">Cr\u00e9e une couche douce et protectrice qui aide \u00e0 maintenir les min\u00e9raux en place pour une absorption prolong\u00e9e.<\/p>\n<p data-start=\"2556\" data-end=\"2581\"><strong data-start=\"2559\" data-end=\"2581\">Comment utiliser<\/strong><\/p>\n<p data-start=\"2583\" data-end=\"2844\">Prenez un petit morceau de p\u00e2te et roulez-le en boule.<br data-start=\"2635\" data-end=\"2638\">Pressez fermement et \u00e9talez sur une dent propre et s\u00e8che.<br data-start=\"2685\" data-end=\"2688\">Peut \u00eatre port\u00e9 sous un prot\u00e8ge-dents ou une goutti\u00e8re Invisalign.<br data-start=\"2745\" data-end=\"2748\">Concentrez-vous sur la sensation et laissez la formule en place pour soutenir l&rsquo;absorption des min\u00e9raux.<\/p>\n<p data-start=\"2846\" data-end=\"2907\">Une l\u00e9g\u00e8re augmentation de la sensibilit\u00e9 peut survenir apr\u00e8s la premi\u00e8re utilisation.<\/p>\n<p data-start=\"2846\" data-end=\"2907\"><strong>Format : 1 oz-45 g \/ 2 oz-86 g<\/strong><\/p>\n<p data-start=\"2846\" data-end=\"2907\"><strong style=\"font-size: 23.04px; color: #333333;\">Ingr\u00e9dients naturels \/ biologiques <\/strong><\/p>\n<p>*Suif nourri \u00e0 l&rsquo;herbe, carbonate de calcium, lanoline, hydroxyapatite d&rsquo;os de bovins nourris \u00e0 l&rsquo;herbe, coquille d&rsquo;hu\u00eetre, colostrum, perle, *cire d&rsquo;abeille, *huile d&rsquo;\u00e9meu, huile de jaune d&rsquo;\u0153uf de poules \u00e9lev\u00e9es en p\u00e2turage, sel de bambou, oligo-\u00e9l\u00e9ments, *shilajit.<\/p>\n<ul>\n<li>100 % naturel et de qualit\u00e9 alimentaire<\/li>\n<li>*Organique<\/li>\n<li>Contient : lait et \u0153ufs<\/li>\n<\/ul>\n<p>https:\/\/www.telegraaf.nl\/lifestyle\/gezondheid\/nog-achttien-weken-om-te-werken-aan-je-summerbody-dit-heeft-meer-effect-dan-sporten\/64388110.html<\/p>\n","protected":false},"excerpt":{"rendered":"<p data-start=\"2948\" data-end=\"3117\">Une p\u00e2te dentaire remin\u00e9ralisante riche en min\u00e9raux fabriqu\u00e9e avec de l&rsquo;hydroxyapatite nourrie \u00e0 l&rsquo;herbe et des vitamines liposolubles. Con\u00e7ue pour renforcer l&rsquo;\u00e9mail et soutenir le bien-\u00eatre dentaire naturel. <\/p>\n","protected":false},"featured_media":372071,"comment_status":"open","ping_status":"closed","template":"","meta":[],"product_brand":[],"product_cat":[22214,1037,1908,20902,20908,1209,1030,1010],"product_tag":[],"class_list":{"0":"post-373148","1":"product","2":"type-product","3":"status-publish","4":"has-post-thumbnail","6":"product_cat-bliss-energetics","7":"product_cat-hygiene-dentaire","8":"product_cat-new-additions-fr","9":"product_cat-new-additions-healthcare-fr","10":"product_cat-new-additions-skincare-fr","11":"product_cat-par-marques","12":"product_cat-par-produits","13":"product_cat-notre-boutique","14":"pa_brand-bliss-energetics","15":"pa_dental-care-product-type-toothpaste-fr","16":"pa_dental-care-product-type-tooth-serum-fr","17":"pa_size-1-oz-45-g","18":"pa_size-2-oz-86-g","20":"first","21":"instock","22":"taxable","23":"shipping-taxable","24":"purchasable","25":"product-type-variable"},"bundled_by":[],"bundle_stock_status":"instock","bundle_stock_quantity":null,"bundle_virtual":false,"bundle_layout":"","bundle_add_to_cart_form_location":"","bundle_editable_in_cart":false,"bundle_sold_individually_context":"","bundle_item_grouping":"","bundle_min_size":"","bundle_max_size":"","bundle_price":[],"bundled_items":[],"bundle_sell_ids":[372120],"atum_controlled":true,"out_stock_date":null,"out_stock_threshold":null,"inheritable":true,"stock_on_hold":2,"sold_today":1,"sales_last_days":5,"out_stock_days":0,"lost_sales":0,"update_date":"2026-04-13T07:20:57","atum_locations":[],"atum_stock_status":"instock","restock_status":false,"low_stock_amount":"","sales_update_date":"2026-04-13T07:20:57","calc_backorders":null,"group_of_quantity":0,"min_quantity":0,"max_quantity":"","exclude_order_quantity_value_rules":"no","exclude_category_quantity_rules":"no","combine_variations":"no","yoast_head":"<!-- This site is optimized with the Yoast SEO Premium plugin v26.5 (Yoast SEO v26.5) - https:\/\/yoast.com\/wordpress\/plugins\/seo\/ -->\n<title>Primal Puddy - Bliss Energetics<\/title>\n<meta name=\"description\" content=\"P\u00e2te dentaire remin\u00e9ralisante Primal avec hydroxyapatite nourrie \u00e0 l&#039;herbe et ingr\u00e9dients riches en min\u00e9raux. Soutient la force de l&#039;\u00e9mail et les soins bucco-dentaires naturels.\" \/>\n<meta name=\"robots\" content=\"index, follow, max-snippet:-1, max-image-preview:large, max-video-preview:-1\" \/>\n<link rel=\"canonical\" href=\"https:\/\/dutchhealthstore.com\/fr\/product\/primal-puddy\/\" \/>\n<meta property=\"og:locale\" content=\"fr_FR\" \/>\n<meta property=\"og:type\" content=\"article\" \/>\n<meta property=\"og:title\" content=\"Primal Puddy - Dutch Health Store\" \/>\n<meta property=\"og:description\" content=\"P\u00e2te dentaire remin\u00e9ralisante Primal avec hydroxyapatite nourrie \u00e0 l&#039;herbe et ingr\u00e9dients riches en min\u00e9raux. Soutient la force de l&#039;\u00e9mail et les soins bucco-dentaires naturels.\" \/>\n<meta property=\"og:url\" content=\"https:\/\/dutchhealthstore.com\/fr\/product\/primal-puddy\/\" \/>\n<meta property=\"og:site_name\" content=\"Dutch Health Store\" \/>\n<meta property=\"article:publisher\" content=\"https:\/\/www.instagram.com\/dutchhealthstore\/\" \/>\n<meta property=\"article:modified_time\" content=\"2026-03-11T17:54:44+00:00\" \/>\n<meta property=\"og:image\" content=\"https:\/\/dutchhealthstore.com\/wp-content\/uploads\/2026\/02\/Primal-Puddy.jpg\" \/>\n\t<meta property=\"og:image:width\" content=\"530\" \/>\n\t<meta property=\"og:image:height\" content=\"530\" \/>\n\t<meta property=\"og:image:type\" content=\"image\/jpeg\" \/>\n<meta name=\"twitter:card\" content=\"summary_large_image\" \/>\n<meta name=\"twitter:label1\" content=\"Disponibilit\u00e9\" \/>\n\t<meta name=\"twitter:data1\" content=\"En stock\" \/>\n<script type=\"application\/ld+json\" class=\"yoast-schema-graph\">{\"@context\":\"https:\/\/schema.org\",\"@graph\":[{\"@type\":\"WebPage\",\"@id\":\"https:\/\/dutchhealthstore.com\/fr\/product\/primal-puddy\/\",\"url\":\"https:\/\/dutchhealthstore.com\/fr\/product\/primal-puddy\/\",\"name\":\"Primal Puddy - Bliss Energetics\",\"isPartOf\":{\"@id\":\"https:\/\/dutchhealthstore.com\/fr\/#website\"},\"primaryImageOfPage\":{\"@id\":\"https:\/\/dutchhealthstore.com\/fr\/product\/primal-puddy\/#primaryimage\"},\"image\":{\"@id\":\"https:\/\/dutchhealthstore.com\/fr\/product\/primal-puddy\/#primaryimage\"},\"thumbnailUrl\":\"https:\/\/dutchhealthstore.com\/wp-content\/uploads\/2026\/02\/Primal-Puddy.jpg\",\"datePublished\":\"2026-03-03T15:21:51+00:00\",\"dateModified\":\"2026-03-11T17:54:44+00:00\",\"description\":\"P\u00e2te dentaire remin\u00e9ralisante Primal avec hydroxyapatite nourrie \u00e0 l'herbe et ingr\u00e9dients riches en min\u00e9raux. Soutient la force de l'\u00e9mail et les soins bucco-dentaires naturels.\",\"breadcrumb\":{\"@id\":\"https:\/\/dutchhealthstore.com\/fr\/product\/primal-puddy\/#breadcrumb\"},\"inLanguage\":\"fr-FR\",\"potentialAction\":[{\"@type\":\"ReadAction\",\"target\":[\"https:\/\/dutchhealthstore.com\/fr\/product\/primal-puddy\/\"]}]},{\"@type\":\"ImageObject\",\"inLanguage\":\"fr-FR\",\"@id\":\"https:\/\/dutchhealthstore.com\/fr\/product\/primal-puddy\/#primaryimage\",\"url\":\"https:\/\/dutchhealthstore.com\/wp-content\/uploads\/2026\/02\/Primal-Puddy.jpg\",\"contentUrl\":\"https:\/\/dutchhealthstore.com\/wp-content\/uploads\/2026\/02\/Primal-Puddy.jpg\",\"width\":530,\"height\":530,\"caption\":\"primal-puddy\"},{\"@type\":\"BreadcrumbList\",\"@id\":\"https:\/\/dutchhealthstore.com\/fr\/product\/primal-puddy\/#breadcrumb\",\"itemListElement\":[{\"@type\":\"ListItem\",\"position\":1,\"name\":\"Home\",\"item\":\"https:\/\/dutchhealthstore.com\/fr\/\"},{\"@type\":\"ListItem\",\"position\":2,\"name\":\"Shop\",\"item\":\"https:\/\/dutchhealthstore.com\/fr\/shop\/\"},{\"@type\":\"ListItem\",\"position\":3,\"name\":\"Primal Puddy\"}]},{\"@type\":\"WebSite\",\"@id\":\"https:\/\/dutchhealthstore.com\/fr\/#website\",\"url\":\"https:\/\/dutchhealthstore.com\/fr\/\",\"name\":\"Dutch Health Store\",\"description\":\"Enhance Your Beauty with Organic &amp; Natural Skincare\",\"publisher\":{\"@id\":\"https:\/\/dutchhealthstore.com\/fr\/#organization\"},\"potentialAction\":[{\"@type\":\"SearchAction\",\"target\":{\"@type\":\"EntryPoint\",\"urlTemplate\":\"https:\/\/dutchhealthstore.com\/fr\/?s={search_term_string}\"},\"query-input\":{\"@type\":\"PropertyValueSpecification\",\"valueRequired\":true,\"valueName\":\"search_term_string\"}}],\"inLanguage\":\"fr-FR\"},{\"@type\":\"Organization\",\"@id\":\"https:\/\/dutchhealthstore.com\/fr\/#organization\",\"name\":\"Dutch Health Store\",\"url\":\"https:\/\/dutchhealthstore.com\/fr\/\",\"logo\":{\"@type\":\"ImageObject\",\"inLanguage\":\"fr-FR\",\"@id\":\"https:\/\/dutchhealthstore.com\/fr\/#\/schema\/logo\/image\/\",\"url\":\"https:\/\/dutchhealthstore.com\/wp-content\/uploads\/2020\/08\/logo-dutchhealthstore-jpg-e1599484957574.jpg\",\"contentUrl\":\"https:\/\/dutchhealthstore.com\/wp-content\/uploads\/2020\/08\/logo-dutchhealthstore-jpg-e1599484957574.jpg\",\"width\":400,\"height\":62,\"caption\":\"Dutch Health Store\"},\"image\":{\"@id\":\"https:\/\/dutchhealthstore.com\/fr\/#\/schema\/logo\/image\/\"},\"sameAs\":[\"https:\/\/www.instagram.com\/dutchhealthstore\/\",\"https:\/\/www.facebook.com\/dutchhealthstore\"]}]}<\/script>\n<meta property=\"product:brand\" content=\"Bliss Energetics\" \/>\n<meta property=\"og:availability\" content=\"instock\" \/>\n<meta property=\"product:availability\" content=\"instock\" \/>\n<meta property=\"product:condition\" content=\"new\" \/>\n<!-- \/ Yoast SEO Premium plugin. -->","yoast_head_json":{"title":"Primal Puddy - Bliss Energetics","description":"P\u00e2te dentaire remin\u00e9ralisante Primal avec hydroxyapatite nourrie \u00e0 l'herbe et ingr\u00e9dients riches en min\u00e9raux. Soutient la force de l'\u00e9mail et les soins bucco-dentaires naturels.","robots":{"index":"index","follow":"follow","max-snippet":"max-snippet:-1","max-image-preview":"max-image-preview:large","max-video-preview":"max-video-preview:-1"},"canonical":"https:\/\/dutchhealthstore.com\/fr\/product\/primal-puddy\/","og_locale":"fr_FR","og_type":"article","og_title":"Primal Puddy - Dutch Health Store","og_description":"P\u00e2te dentaire remin\u00e9ralisante Primal avec hydroxyapatite nourrie \u00e0 l'herbe et ingr\u00e9dients riches en min\u00e9raux. Soutient la force de l'\u00e9mail et les soins bucco-dentaires naturels.","og_url":"https:\/\/dutchhealthstore.com\/fr\/product\/primal-puddy\/","og_site_name":"Dutch Health Store","article_publisher":"https:\/\/www.instagram.com\/dutchhealthstore\/","article_modified_time":"2026-03-11T17:54:44+00:00","og_image":[{"width":530,"height":530,"url":"https:\/\/dutchhealthstore.com\/wp-content\/uploads\/2026\/02\/Primal-Puddy.jpg","type":"image\/jpeg"}],"twitter_card":"summary_large_image","twitter_misc":{"Disponibilit\u00e9":"En stock"},"schema":{"@context":"https:\/\/schema.org","@graph":[{"@type":"WebPage","@id":"https:\/\/dutchhealthstore.com\/fr\/product\/primal-puddy\/","url":"https:\/\/dutchhealthstore.com\/fr\/product\/primal-puddy\/","name":"Primal Puddy - Bliss Energetics","isPartOf":{"@id":"https:\/\/dutchhealthstore.com\/fr\/#website"},"primaryImageOfPage":{"@id":"https:\/\/dutchhealthstore.com\/fr\/product\/primal-puddy\/#primaryimage"},"image":{"@id":"https:\/\/dutchhealthstore.com\/fr\/product\/primal-puddy\/#primaryimage"},"thumbnailUrl":"https:\/\/dutchhealthstore.com\/wp-content\/uploads\/2026\/02\/Primal-Puddy.jpg","datePublished":"2026-03-03T15:21:51+00:00","dateModified":"2026-03-11T17:54:44+00:00","description":"P\u00e2te dentaire remin\u00e9ralisante Primal avec hydroxyapatite nourrie \u00e0 l'herbe et ingr\u00e9dients riches en min\u00e9raux. Soutient la force de l'\u00e9mail et les soins bucco-dentaires naturels.","breadcrumb":{"@id":"https:\/\/dutchhealthstore.com\/fr\/product\/primal-puddy\/#breadcrumb"},"inLanguage":"fr-FR","potentialAction":[{"@type":"ReadAction","target":["https:\/\/dutchhealthstore.com\/fr\/product\/primal-puddy\/"]}]},{"@type":"ImageObject","inLanguage":"fr-FR","@id":"https:\/\/dutchhealthstore.com\/fr\/product\/primal-puddy\/#primaryimage","url":"https:\/\/dutchhealthstore.com\/wp-content\/uploads\/2026\/02\/Primal-Puddy.jpg","contentUrl":"https:\/\/dutchhealthstore.com\/wp-content\/uploads\/2026\/02\/Primal-Puddy.jpg","width":530,"height":530,"caption":"primal-puddy"},{"@type":"BreadcrumbList","@id":"https:\/\/dutchhealthstore.com\/fr\/product\/primal-puddy\/#breadcrumb","itemListElement":[{"@type":"ListItem","position":1,"name":"Home","item":"https:\/\/dutchhealthstore.com\/fr\/"},{"@type":"ListItem","position":2,"name":"Shop","item":"https:\/\/dutchhealthstore.com\/fr\/shop\/"},{"@type":"ListItem","position":3,"name":"Primal Puddy"}]},{"@type":"WebSite","@id":"https:\/\/dutchhealthstore.com\/fr\/#website","url":"https:\/\/dutchhealthstore.com\/fr\/","name":"Dutch Health Store","description":"Enhance Your Beauty with Organic &amp; Natural Skincare","publisher":{"@id":"https:\/\/dutchhealthstore.com\/fr\/#organization"},"potentialAction":[{"@type":"SearchAction","target":{"@type":"EntryPoint","urlTemplate":"https:\/\/dutchhealthstore.com\/fr\/?s={search_term_string}"},"query-input":{"@type":"PropertyValueSpecification","valueRequired":true,"valueName":"search_term_string"}}],"inLanguage":"fr-FR"},{"@type":"Organization","@id":"https:\/\/dutchhealthstore.com\/fr\/#organization","name":"Dutch Health Store","url":"https:\/\/dutchhealthstore.com\/fr\/","logo":{"@type":"ImageObject","inLanguage":"fr-FR","@id":"https:\/\/dutchhealthstore.com\/fr\/#\/schema\/logo\/image\/","url":"https:\/\/dutchhealthstore.com\/wp-content\/uploads\/2020\/08\/logo-dutchhealthstore-jpg-e1599484957574.jpg","contentUrl":"https:\/\/dutchhealthstore.com\/wp-content\/uploads\/2020\/08\/logo-dutchhealthstore-jpg-e1599484957574.jpg","width":400,"height":62,"caption":"Dutch Health Store"},"image":{"@id":"https:\/\/dutchhealthstore.com\/fr\/#\/schema\/logo\/image\/"},"sameAs":["https:\/\/www.instagram.com\/dutchhealthstore\/","https:\/\/www.facebook.com\/dutchhealthstore"]}]},"product_brand":"Bliss Energetics","og_availability":"instock","product_availability":"instock","product_condition":"new"},"_links":{"self":[{"href":"https:\/\/dutchhealthstore.com\/fr\/wp-json\/wp\/v2\/product\/373148","targetHints":{"allow":["GET"]}}],"collection":[{"href":"https:\/\/dutchhealthstore.com\/fr\/wp-json\/wp\/v2\/product"}],"about":[{"href":"https:\/\/dutchhealthstore.com\/fr\/wp-json\/wp\/v2\/types\/product"}],"replies":[{"embeddable":true,"href":"https:\/\/dutchhealthstore.com\/fr\/wp-json\/wp\/v2\/comments?post=373148"}],"wp:featuredmedia":[{"embeddable":true,"href":"https:\/\/dutchhealthstore.com\/fr\/wp-json\/wp\/v2\/media\/372071"}],"wp:attachment":[{"href":"https:\/\/dutchhealthstore.com\/fr\/wp-json\/wp\/v2\/media?parent=373148"}],"wp:term":[{"taxonomy":"product_brand","embeddable":true,"href":"https:\/\/dutchhealthstore.com\/fr\/wp-json\/wp\/v2\/product_brand?post=373148"},{"taxonomy":"product_cat","embeddable":true,"href":"https:\/\/dutchhealthstore.com\/fr\/wp-json\/wp\/v2\/product_cat?post=373148"},{"taxonomy":"product_tag","embeddable":true,"href":"https:\/\/dutchhealthstore.com\/fr\/wp-json\/wp\/v2\/product_tag?post=373148"}],"curies":[{"name":"wp","href":"https:\/\/api.w.org\/{rel}","templated":true}]}}