{"id":373138,"date":"2026-03-03T16:29:30","date_gmt":"2026-03-03T15:29:30","guid":{"rendered":"https:\/\/dutchhealthstore.com\/product\/remineralizing-tooth-puddy\/"},"modified":"2026-03-03T16:29:30","modified_gmt":"2026-03-03T15:29:30","slug":"remineralizing-tooth-puddy","status":"publish","type":"product","link":"https:\/\/dutchhealthstore.com\/fr\/product\/remineralizing-tooth-puddy\/","title":{"rendered":"Remineralizing Tooth Puddy"},"content":{"rendered":"<div class=\"flex flex-col text-sm pb-25\">\n<article class=\"text-token-text-primary w-full focus:outline-none [--shadow-height:45px] has-data-writing-block:pointer-events-none has-data-writing-block:-mt-(--shadow-height) has-data-writing-block:pt-(--shadow-height) [&amp;:has([data-writing-block])&gt;*]:pointer-events-auto scroll-mt-[calc(var(--header-height)+min(200px,max(70px,20svh)))]\" dir=\"auto\" tabindex=\"-1\" data-turn-id=\"request-69942ed3-f8f4-8393-b097-03e32a636ab4-1\" data-testid=\"conversation-turn-32\" data-scroll-anchor=\"true\" data-turn=\"assistant\">\n<div class=\"text-base my-auto mx-auto pb-10 [--thread-content-margin:--spacing(4)] @w-sm\/main:[--thread-content-margin:--spacing(6)] @w-lg\/main:[--thread-content-margin:--spacing(16)] px-(--thread-content-margin)\">\n<div class=\"[--thread-content-max-width:40rem] @w-lg\/main:[--thread-content-max-width:48rem] mx-auto max-w-(--thread-content-max-width) flex-1 group\/turn-messages focus-visible:outline-hidden relative flex w-full min-w-0 flex-col agent-turn\" tabindex=\"-1\">\n<div class=\"flex max-w-full flex-col grow\">\n<div class=\"min-h-8 text-message relative flex w-full flex-col items-end gap-2 text-start break-words whitespace-normal [.text-message+&amp;]:mt-1\" dir=\"auto\" data-message-author-role=\"assistant\" data-message-id=\"c9be2676-68bc-4883-ae4b-bcfae9dbaef9\" data-message-model-slug=\"gpt-5-2\">\n<div class=\"flex w-full flex-col gap-1 empty:hidden first:pt-[1px]\">\n<div class=\"markdown prose dark:prose-invert w-full wrap-break-word light markdown-new-styling\">\n<p data-start=\"26\" data-end=\"284\">Bliss Tooth Puddy est un soin local collant, riche en min\u00e9raux, con\u00e7u pour renforcer les dents fragiles ou carenc\u00e9es en min\u00e9raux. Cette formule 100 % naturelle est pens\u00e9e pour nourrir l\u2019\u00e9mail, apaiser la sensibilit\u00e9 et soutenir le processus naturel de remin\u00e9ralisation \u00e0 ses d\u00e9buts. <\/p>\n<p data-start=\"286\" data-end=\"696\">Contrairement aux os, les dents peuvent \u00eatre atteintes et trait\u00e9es directement. Cela permet un apport min\u00e9ral localis\u00e9, exactement l\u00e0 o\u00f9 il est n\u00e9cessaire. La p\u00e2te dentaire remin\u00e9ralisante originale associe des plantes issues de l\u2019herboristerie occidentale, de l\u2019Ayurveda et de la m\u00e9decine traditionnelle chinoise, utilis\u00e9es depuis longtemps pour soutenir la sant\u00e9 bucco-dentaire, apaiser les gencives et maintenir des dents solides. Sa longue histoire d\u2019utilisation refl\u00e8te la confiance accord\u00e9e \u00e0 cette approche traditionnelle.   <\/p>\n<h3 data-start=\"703\" data-end=\"724\"><strong data-start=\"707\" data-end=\"724\">Pour qui<\/strong><\/h3>\n<ul>\n<li data-start=\"726\" data-end=\"810\">V\u00e9g\u00e9tariens et personnes ayant des restrictions alimentaires. Sans viande, lait ni \u0153ufs. <\/li>\n<li data-start=\"812\" data-end=\"887\">Adultes et enfants pr\u00e9sentant des zones fragiles, une sensibilit\u00e9 ou une usure pr\u00e9coce de l\u2019\u00e9mail.<\/li>\n<li data-start=\"889\" data-end=\"987\">Familles \u00e0 la recherche d\u2019une approche naturelle, sans fluor, des soins bucco-dentaires, inspir\u00e9e des m\u00e9thodes traditionnelles.<\/li>\n<\/ul>\n<h3 data-start=\"994\" data-end=\"1018\"><strong data-start=\"998\" data-end=\"1018\">Comment cela fonctionne<\/strong><\/h3>\n<p data-start=\"1020\" data-end=\"1237\">Les dents sont des structures vivantes capables d\u2019absorber des min\u00e9raux. Cette formule originale associe des plantes chinoises et ayurv\u00e9diques \u00e0 de l\u2019hydroxyapatite issue de corail et \u00e0 de l\u2019huile de s\u00e9same biologique, traditionnellement appr\u00e9ci\u00e9e dans les soins dentaires ayurv\u00e9diques. <\/p>\n<p data-start=\"1239\" data-end=\"1357\">Appliquez d\u00e9licatement apr\u00e8s le brossage et laissez la p\u00e2te poser sur les dents afin de favoriser l\u2019absorption des min\u00e9raux et la solidit\u00e9 de l\u2019\u00e9mail.<\/p>\n<h3 data-start=\"1364\" data-end=\"1398\"><strong data-start=\"1368\" data-end=\"1398\">Ingr\u00e9dients cl\u00e9s &amp; bienfaits<\/strong><\/h3>\n<p data-start=\"1400\" data-end=\"1582\"><strong data-start=\"1400\" data-end=\"1435\">Hydroxyapatite naturelle non nano<\/strong><br data-start=\"1435\" data-end=\"1438\">Issue de corail fossilis\u00e9 et utilis\u00e9e \u00e0 une concentration plus \u00e9lev\u00e9e que de nombreux produits comparables. Les particules non nano aident \u00e0 soutenir la solidit\u00e9 de l\u2019\u00e9mail. <\/p>\n<p data-start=\"1584\" data-end=\"1691\"><strong data-start=\"1584\" data-end=\"1605\">Carbonate de calcium<\/strong><br data-start=\"1605\" data-end=\"1608\">Une base riche en min\u00e9raux. Une forme soigneusement s\u00e9lectionn\u00e9e, \u00e0 faible teneur en plomb, est utilis\u00e9e pour pr\u00e9server la puret\u00e9. <\/p>\n<p data-start=\"1693\" data-end=\"1801\"><strong data-start=\"1693\" data-end=\"1719\">Poudre de perle et corail<\/strong><br data-start=\"1719\" data-end=\"1722\">Deux sources min\u00e9rales naturelles, traditionnellement appr\u00e9ci\u00e9es pour soutenir la solidit\u00e9 des dents.<\/p>\n<p data-start=\"1803\" data-end=\"1863\"><strong data-start=\"1803\" data-end=\"1819\">Propolis d\u2019abeille<\/strong><br data-start=\"1819\" data-end=\"1822\">Connue pour soutenir la sant\u00e9 bucco-dentaire globale.<\/p>\n<p data-start=\"1865\" data-end=\"1955\"><strong data-start=\"1865\" data-end=\"1881\">Huile ozon\u00e9e<\/strong><br data-start=\"1881\" data-end=\"1884\">Souvent utilis\u00e9e dans les protocoles de soins dentaires holistiques pour soutenir les dents et les gencives.<\/p>\n<p data-start=\"1957\" data-end=\"2058\"><strong data-start=\"1957\" data-end=\"1972\">Th\u00e9obromine<\/strong><br data-start=\"1972\" data-end=\"1975\">Un compos\u00e9 naturellement pr\u00e9sent, \u00e9tudi\u00e9 pour son potentiel \u00e0 aider \u00e0 renforcer l\u2019\u00e9mail.<\/p>\n<p data-start=\"2060\" data-end=\"2207\"><strong data-start=\"2060\" data-end=\"2082\">Huile de s\u00e9same biologique<\/strong><br data-start=\"2082\" data-end=\"2085\">Infus\u00e9e lentement avec des plantes qui soutiennent les dents et traditionnellement utilis\u00e9e en Ayurveda pour ses propri\u00e9t\u00e9s protectrices et stabilisantes.<\/p>\n<h3 data-start=\"2214\" data-end=\"2236\"><strong data-start=\"2218\" data-end=\"2236\">Notre engagement<\/strong><\/h3>\n<p data-start=\"2238\" data-end=\"2430\">Nous nous concentrons sur la cr\u00e9ation de produits s\u00fbrs, propres et efficaces. En tant qu\u2019entreprise familiale, nous affinons continuellement nos formules afin de r\u00e9pondre aux standards que nous jugeons dignes de confiance pour nos propres enfants et nos proches. <\/p>\n<p data-start=\"0\" data-end=\"24\"><strong data-start=\"0\" data-end=\"22\">Mode d\u2019emploi<\/strong><\/p>\n<p data-start=\"26\" data-end=\"69\">Appliquez une petite quantit\u00e9 sur des dents propres et s\u00e8ches.<\/p>\n<p data-start=\"71\" data-end=\"200\">Utilisez aussi souvent que souhait\u00e9, avec une application le soir recommand\u00e9e. Peut \u00e9galement \u00eatre port\u00e9 sous une goutti\u00e8re ou un appareil de contention Invisalign. <\/p>\n<p data-start=\"202\" data-end=\"311\">Une l\u00e9g\u00e8re sensation de pulsation peut survenir au d\u00e9but. C\u2019est normal et cela s\u2019att\u00e9nue g\u00e9n\u00e9ralement apr\u00e8s les premi\u00e8res utilisations. <\/p>\n<p data-start=\"313\" data-end=\"679\"><strong data-start=\"313\" data-end=\"321\">Conseil :<\/strong> Ramollissez la p\u00e2te entre vos doigts jusqu\u2019\u00e0 obtenir une texture collante, type colle. Assurez-vous que la dent est parfaitement s\u00e8che avant l\u2019application afin d\u2019am\u00e9liorer l\u2019adh\u00e9rence. Frottez d\u00e9licatement la p\u00e2te d\u2019avant en arri\u00e8re sur la zone concern\u00e9e pour cr\u00e9er de l\u2019accroche et l\u2019aider \u00e0 adh\u00e9rer. Laissez en place aussi longtemps que souhait\u00e9. Une utilisation pendant la nuit est recommand\u00e9e. Retirez lors du brossage des dents.     <\/p>\n<p data-start=\"681\" data-end=\"807\" data-is-last-node=\"\" data-is-only-node=\"\">En cas d\u2019inconfort, cessez l\u2019utilisation. Ce produit est destin\u00e9 \u00e0 aider \u00e0 r\u00e9duire la sensibilit\u00e9 dentaire. <\/p>\n<\/div>\n<\/div>\n<\/div>\n<\/div>\n<\/div>\n<\/div>\n<\/article>\n<\/div>\n<p><strong>Format : 1 oz et 2 oz <\/strong><\/p>\n<h2><strong>Ingr\u00e9dients naturels \/ biologiques <\/strong><\/h2>\n<p>carbonate de calcium, hydroxyapatite de corail, th\u00e9obromine, *huile de coco ozon\u00e9e, *huile de s\u00e9same, **corail, *paille d\u2019avoine, racine de card\u00e8re, **perle, *cardamome, *pr\u00eale, eucommia, hadjod, *triphala, *r\u00e9glisse, *anantamul, drynaria, *ortie, *arjuna, rehmannia, *orme rouge, *clou de girofle, *rose, miswak, *manjistha, *\u00e9corce de ch\u00eane blanc, *bhringaraj, *curcuma, *\u00e9chinac\u00e9e, *kalmegh, **shilajit, *neem, *beurre de kokum, *cire d\u2019abeille, *huile de ricin<\/p>\n<p><strong>Ce produit ne convient pas aux personnes allergiques aux abeilles !!<\/strong><\/p>\n","protected":false},"excerpt":{"rendered":"<p>Une p\u00e2te dentaire remin\u00e9ralisante riche en min\u00e9raux, con\u00e7ue pour renforcer l\u2019\u00e9mail et r\u00e9duire la sensibilit\u00e9. Formul\u00e9e avec de l\u2019hydroxyapatite, des extraits de plantes et des huiles naturelles pour un soutien bucco-dentaire au quotidien. <\/p>\n","protected":false},"featured_media":372062,"comment_status":"open","ping_status":"closed","template":"","meta":[],"product_brand":[],"product_cat":[22214,1037,1908,20902,20908,1209,1030,1010],"product_tag":[],"class_list":{"0":"post-373138","1":"product","2":"type-product","3":"status-publish","4":"has-post-thumbnail","6":"product_cat-bliss-energetics","7":"product_cat-hygiene-dentaire","8":"product_cat-new-additions-fr","9":"product_cat-new-additions-healthcare-fr","10":"product_cat-new-additions-skincare-fr","11":"product_cat-par-marques","12":"product_cat-par-produits","13":"product_cat-notre-boutique","14":"pa_brand-bliss-energetics","15":"pa_dental-care-product-type-toothpaste-fr","16":"pa_dental-care-product-type-tooth-serum-fr","17":"pa_size-1-oz-56-g","18":"pa_size-2-oz-109-g","20":"first","21":"instock","22":"taxable","23":"shipping-taxable","24":"purchasable","25":"product-type-variable"},"bundled_by":[],"bundle_stock_status":"instock","bundle_stock_quantity":null,"bundle_virtual":false,"bundle_layout":"","bundle_add_to_cart_form_location":"","bundle_editable_in_cart":false,"bundle_sold_individually_context":"","bundle_item_grouping":"","bundle_min_size":"","bundle_max_size":"","bundle_price":[],"bundled_items":[],"bundle_sell_ids":[372120],"atum_controlled":true,"out_stock_date":null,"out_stock_threshold":null,"inheritable":true,"stock_on_hold":1,"sold_today":1,"sales_last_days":1,"out_stock_days":0,"lost_sales":0,"update_date":"2026-04-17T08:24:29","atum_locations":[],"atum_stock_status":"instock","restock_status":false,"low_stock_amount":"","sales_update_date":"2026-04-17T08:24:29","calc_backorders":null,"group_of_quantity":0,"min_quantity":0,"max_quantity":"","exclude_order_quantity_value_rules":"no","exclude_category_quantity_rules":"no","combine_variations":"no","yoast_head":"<!-- This site is optimized with the Yoast SEO Premium plugin v26.5 (Yoast SEO v26.5) - https:\/\/yoast.com\/wordpress\/plugins\/seo\/ -->\n<title>Remineralizing Tooth Puddy - Bliss Energetics<\/title>\n<meta name=\"description\" content=\"P\u00e2te dentaire remin\u00e9ralisante naturelle \u00e0 l\u2019hydroxyapatite et aux extraits de plantes. Soutient la solidit\u00e9 de l\u2019\u00e9mail et aide \u00e0 r\u00e9duire la sensibilit\u00e9 dentaire\" \/>\n<meta name=\"robots\" content=\"index, follow, max-snippet:-1, max-image-preview:large, max-video-preview:-1\" \/>\n<link rel=\"canonical\" href=\"https:\/\/dutchhealthstore.com\/fr\/product\/remineralizing-tooth-puddy\/\" \/>\n<meta property=\"og:locale\" content=\"fr_FR\" \/>\n<meta property=\"og:type\" content=\"article\" \/>\n<meta property=\"og:title\" content=\"Remineralizing Tooth Puddy - Dutch Health Store\" \/>\n<meta property=\"og:description\" content=\"P\u00e2te dentaire remin\u00e9ralisante naturelle \u00e0 l\u2019hydroxyapatite et aux extraits de plantes. Soutient la solidit\u00e9 de l\u2019\u00e9mail et aide \u00e0 r\u00e9duire la sensibilit\u00e9 dentaire\" \/>\n<meta property=\"og:url\" content=\"https:\/\/dutchhealthstore.com\/fr\/product\/remineralizing-tooth-puddy\/\" \/>\n<meta property=\"og:site_name\" content=\"Dutch Health Store\" \/>\n<meta property=\"article:publisher\" content=\"https:\/\/www.instagram.com\/dutchhealthstore\/\" \/>\n<meta property=\"og:image\" content=\"https:\/\/dutchhealthstore.com\/wp-content\/uploads\/2026\/02\/remineralizing-tooth-puddy.jpg\" \/>\n\t<meta property=\"og:image:width\" content=\"530\" \/>\n\t<meta property=\"og:image:height\" content=\"530\" \/>\n\t<meta property=\"og:image:type\" content=\"image\/jpeg\" \/>\n<meta name=\"twitter:card\" content=\"summary_large_image\" \/>\n<meta name=\"twitter:label1\" content=\"Disponibilit\u00e9\" \/>\n\t<meta name=\"twitter:data1\" content=\"En stock\" \/>\n<script type=\"application\/ld+json\" class=\"yoast-schema-graph\">{\"@context\":\"https:\/\/schema.org\",\"@graph\":[{\"@type\":\"WebPage\",\"@id\":\"https:\/\/dutchhealthstore.com\/fr\/product\/remineralizing-tooth-puddy\/\",\"url\":\"https:\/\/dutchhealthstore.com\/fr\/product\/remineralizing-tooth-puddy\/\",\"name\":\"Remineralizing Tooth Puddy - Bliss Energetics\",\"isPartOf\":{\"@id\":\"https:\/\/dutchhealthstore.com\/fr\/#website\"},\"primaryImageOfPage\":{\"@id\":\"https:\/\/dutchhealthstore.com\/fr\/product\/remineralizing-tooth-puddy\/#primaryimage\"},\"image\":{\"@id\":\"https:\/\/dutchhealthstore.com\/fr\/product\/remineralizing-tooth-puddy\/#primaryimage\"},\"thumbnailUrl\":\"https:\/\/dutchhealthstore.com\/wp-content\/uploads\/2026\/02\/remineralizing-tooth-puddy.jpg\",\"datePublished\":\"2026-03-03T15:29:30+00:00\",\"description\":\"P\u00e2te dentaire remin\u00e9ralisante naturelle \u00e0 l\u2019hydroxyapatite et aux extraits de plantes. Soutient la solidit\u00e9 de l\u2019\u00e9mail et aide \u00e0 r\u00e9duire la sensibilit\u00e9 dentaire\",\"breadcrumb\":{\"@id\":\"https:\/\/dutchhealthstore.com\/fr\/product\/remineralizing-tooth-puddy\/#breadcrumb\"},\"inLanguage\":\"fr-FR\",\"potentialAction\":[{\"@type\":\"ReadAction\",\"target\":[\"https:\/\/dutchhealthstore.com\/fr\/product\/remineralizing-tooth-puddy\/\"]}]},{\"@type\":\"ImageObject\",\"inLanguage\":\"fr-FR\",\"@id\":\"https:\/\/dutchhealthstore.com\/fr\/product\/remineralizing-tooth-puddy\/#primaryimage\",\"url\":\"https:\/\/dutchhealthstore.com\/wp-content\/uploads\/2026\/02\/remineralizing-tooth-puddy.jpg\",\"contentUrl\":\"https:\/\/dutchhealthstore.com\/wp-content\/uploads\/2026\/02\/remineralizing-tooth-puddy.jpg\",\"width\":530,\"height\":530,\"caption\":\"remineralizing-tooth-puddy\"},{\"@type\":\"BreadcrumbList\",\"@id\":\"https:\/\/dutchhealthstore.com\/fr\/product\/remineralizing-tooth-puddy\/#breadcrumb\",\"itemListElement\":[{\"@type\":\"ListItem\",\"position\":1,\"name\":\"Home\",\"item\":\"https:\/\/dutchhealthstore.com\/fr\/\"},{\"@type\":\"ListItem\",\"position\":2,\"name\":\"Shop\",\"item\":\"https:\/\/dutchhealthstore.com\/fr\/shop\/\"},{\"@type\":\"ListItem\",\"position\":3,\"name\":\"Remineralizing Tooth Puddy\"}]},{\"@type\":\"WebSite\",\"@id\":\"https:\/\/dutchhealthstore.com\/fr\/#website\",\"url\":\"https:\/\/dutchhealthstore.com\/fr\/\",\"name\":\"Dutch Health Store\",\"description\":\"Enhance Your Beauty with Organic &amp; Natural Skincare\",\"publisher\":{\"@id\":\"https:\/\/dutchhealthstore.com\/fr\/#organization\"},\"potentialAction\":[{\"@type\":\"SearchAction\",\"target\":{\"@type\":\"EntryPoint\",\"urlTemplate\":\"https:\/\/dutchhealthstore.com\/fr\/?s={search_term_string}\"},\"query-input\":{\"@type\":\"PropertyValueSpecification\",\"valueRequired\":true,\"valueName\":\"search_term_string\"}}],\"inLanguage\":\"fr-FR\"},{\"@type\":\"Organization\",\"@id\":\"https:\/\/dutchhealthstore.com\/fr\/#organization\",\"name\":\"Dutch Health Store\",\"url\":\"https:\/\/dutchhealthstore.com\/fr\/\",\"logo\":{\"@type\":\"ImageObject\",\"inLanguage\":\"fr-FR\",\"@id\":\"https:\/\/dutchhealthstore.com\/fr\/#\/schema\/logo\/image\/\",\"url\":\"https:\/\/dutchhealthstore.com\/wp-content\/uploads\/2020\/08\/logo-dutchhealthstore-jpg-e1599484957574.jpg\",\"contentUrl\":\"https:\/\/dutchhealthstore.com\/wp-content\/uploads\/2020\/08\/logo-dutchhealthstore-jpg-e1599484957574.jpg\",\"width\":400,\"height\":62,\"caption\":\"Dutch Health Store\"},\"image\":{\"@id\":\"https:\/\/dutchhealthstore.com\/fr\/#\/schema\/logo\/image\/\"},\"sameAs\":[\"https:\/\/www.instagram.com\/dutchhealthstore\/\",\"https:\/\/www.facebook.com\/dutchhealthstore\"]}]}<\/script>\n<meta property=\"product:brand\" content=\"Bliss Energetics\" \/>\n<meta property=\"og:availability\" content=\"instock\" \/>\n<meta property=\"product:availability\" content=\"instock\" \/>\n<meta property=\"product:condition\" content=\"new\" \/>\n<!-- \/ Yoast SEO Premium plugin. -->","yoast_head_json":{"title":"Remineralizing Tooth Puddy - Bliss Energetics","description":"P\u00e2te dentaire remin\u00e9ralisante naturelle \u00e0 l\u2019hydroxyapatite et aux extraits de plantes. Soutient la solidit\u00e9 de l\u2019\u00e9mail et aide \u00e0 r\u00e9duire la sensibilit\u00e9 dentaire","robots":{"index":"index","follow":"follow","max-snippet":"max-snippet:-1","max-image-preview":"max-image-preview:large","max-video-preview":"max-video-preview:-1"},"canonical":"https:\/\/dutchhealthstore.com\/fr\/product\/remineralizing-tooth-puddy\/","og_locale":"fr_FR","og_type":"article","og_title":"Remineralizing Tooth Puddy - Dutch Health Store","og_description":"P\u00e2te dentaire remin\u00e9ralisante naturelle \u00e0 l\u2019hydroxyapatite et aux extraits de plantes. Soutient la solidit\u00e9 de l\u2019\u00e9mail et aide \u00e0 r\u00e9duire la sensibilit\u00e9 dentaire","og_url":"https:\/\/dutchhealthstore.com\/fr\/product\/remineralizing-tooth-puddy\/","og_site_name":"Dutch Health Store","article_publisher":"https:\/\/www.instagram.com\/dutchhealthstore\/","og_image":[{"width":530,"height":530,"url":"https:\/\/dutchhealthstore.com\/wp-content\/uploads\/2026\/02\/remineralizing-tooth-puddy.jpg","type":"image\/jpeg"}],"twitter_card":"summary_large_image","twitter_misc":{"Disponibilit\u00e9":"En stock"},"schema":{"@context":"https:\/\/schema.org","@graph":[{"@type":"WebPage","@id":"https:\/\/dutchhealthstore.com\/fr\/product\/remineralizing-tooth-puddy\/","url":"https:\/\/dutchhealthstore.com\/fr\/product\/remineralizing-tooth-puddy\/","name":"Remineralizing Tooth Puddy - Bliss Energetics","isPartOf":{"@id":"https:\/\/dutchhealthstore.com\/fr\/#website"},"primaryImageOfPage":{"@id":"https:\/\/dutchhealthstore.com\/fr\/product\/remineralizing-tooth-puddy\/#primaryimage"},"image":{"@id":"https:\/\/dutchhealthstore.com\/fr\/product\/remineralizing-tooth-puddy\/#primaryimage"},"thumbnailUrl":"https:\/\/dutchhealthstore.com\/wp-content\/uploads\/2026\/02\/remineralizing-tooth-puddy.jpg","datePublished":"2026-03-03T15:29:30+00:00","description":"P\u00e2te dentaire remin\u00e9ralisante naturelle \u00e0 l\u2019hydroxyapatite et aux extraits de plantes. Soutient la solidit\u00e9 de l\u2019\u00e9mail et aide \u00e0 r\u00e9duire la sensibilit\u00e9 dentaire","breadcrumb":{"@id":"https:\/\/dutchhealthstore.com\/fr\/product\/remineralizing-tooth-puddy\/#breadcrumb"},"inLanguage":"fr-FR","potentialAction":[{"@type":"ReadAction","target":["https:\/\/dutchhealthstore.com\/fr\/product\/remineralizing-tooth-puddy\/"]}]},{"@type":"ImageObject","inLanguage":"fr-FR","@id":"https:\/\/dutchhealthstore.com\/fr\/product\/remineralizing-tooth-puddy\/#primaryimage","url":"https:\/\/dutchhealthstore.com\/wp-content\/uploads\/2026\/02\/remineralizing-tooth-puddy.jpg","contentUrl":"https:\/\/dutchhealthstore.com\/wp-content\/uploads\/2026\/02\/remineralizing-tooth-puddy.jpg","width":530,"height":530,"caption":"remineralizing-tooth-puddy"},{"@type":"BreadcrumbList","@id":"https:\/\/dutchhealthstore.com\/fr\/product\/remineralizing-tooth-puddy\/#breadcrumb","itemListElement":[{"@type":"ListItem","position":1,"name":"Home","item":"https:\/\/dutchhealthstore.com\/fr\/"},{"@type":"ListItem","position":2,"name":"Shop","item":"https:\/\/dutchhealthstore.com\/fr\/shop\/"},{"@type":"ListItem","position":3,"name":"Remineralizing Tooth Puddy"}]},{"@type":"WebSite","@id":"https:\/\/dutchhealthstore.com\/fr\/#website","url":"https:\/\/dutchhealthstore.com\/fr\/","name":"Dutch Health Store","description":"Enhance Your Beauty with Organic &amp; Natural Skincare","publisher":{"@id":"https:\/\/dutchhealthstore.com\/fr\/#organization"},"potentialAction":[{"@type":"SearchAction","target":{"@type":"EntryPoint","urlTemplate":"https:\/\/dutchhealthstore.com\/fr\/?s={search_term_string}"},"query-input":{"@type":"PropertyValueSpecification","valueRequired":true,"valueName":"search_term_string"}}],"inLanguage":"fr-FR"},{"@type":"Organization","@id":"https:\/\/dutchhealthstore.com\/fr\/#organization","name":"Dutch Health Store","url":"https:\/\/dutchhealthstore.com\/fr\/","logo":{"@type":"ImageObject","inLanguage":"fr-FR","@id":"https:\/\/dutchhealthstore.com\/fr\/#\/schema\/logo\/image\/","url":"https:\/\/dutchhealthstore.com\/wp-content\/uploads\/2020\/08\/logo-dutchhealthstore-jpg-e1599484957574.jpg","contentUrl":"https:\/\/dutchhealthstore.com\/wp-content\/uploads\/2020\/08\/logo-dutchhealthstore-jpg-e1599484957574.jpg","width":400,"height":62,"caption":"Dutch Health Store"},"image":{"@id":"https:\/\/dutchhealthstore.com\/fr\/#\/schema\/logo\/image\/"},"sameAs":["https:\/\/www.instagram.com\/dutchhealthstore\/","https:\/\/www.facebook.com\/dutchhealthstore"]}]},"product_brand":"Bliss Energetics","og_availability":"instock","product_availability":"instock","product_condition":"new"},"_links":{"self":[{"href":"https:\/\/dutchhealthstore.com\/fr\/wp-json\/wp\/v2\/product\/373138","targetHints":{"allow":["GET"]}}],"collection":[{"href":"https:\/\/dutchhealthstore.com\/fr\/wp-json\/wp\/v2\/product"}],"about":[{"href":"https:\/\/dutchhealthstore.com\/fr\/wp-json\/wp\/v2\/types\/product"}],"replies":[{"embeddable":true,"href":"https:\/\/dutchhealthstore.com\/fr\/wp-json\/wp\/v2\/comments?post=373138"}],"wp:featuredmedia":[{"embeddable":true,"href":"https:\/\/dutchhealthstore.com\/fr\/wp-json\/wp\/v2\/media\/372062"}],"wp:attachment":[{"href":"https:\/\/dutchhealthstore.com\/fr\/wp-json\/wp\/v2\/media?parent=373138"}],"wp:term":[{"taxonomy":"product_brand","embeddable":true,"href":"https:\/\/dutchhealthstore.com\/fr\/wp-json\/wp\/v2\/product_brand?post=373138"},{"taxonomy":"product_cat","embeddable":true,"href":"https:\/\/dutchhealthstore.com\/fr\/wp-json\/wp\/v2\/product_cat?post=373138"},{"taxonomy":"product_tag","embeddable":true,"href":"https:\/\/dutchhealthstore.com\/fr\/wp-json\/wp\/v2\/product_tag?post=373138"}],"curies":[{"name":"wp","href":"https:\/\/api.w.org\/{rel}","templated":true}]}}