{"id":372720,"date":"2026-02-23T11:34:29","date_gmt":"2026-02-23T10:34:29","guid":{"rendered":"https:\/\/dutchhealthstore.com\/product\/le-paillis-de-jardin-garden-mulch-vitamin-c-emulsion-facial-mask\/"},"modified":"2026-03-23T14:29:35","modified_gmt":"2026-03-23T13:29:35","slug":"le-paillis-de-jardin-garden-mulch-vitamin-c-emulsion-facial-mask","status":"publish","type":"product","link":"https:\/\/dutchhealthstore.com\/fr\/product\/le-paillis-de-jardin-garden-mulch-vitamin-c-emulsion-facial-mask\/","title":{"rendered":"Le Paillis de Jardin \u2018Garden Mulch\u2019 Vitamin C Emulsion Facial Mask"},"content":{"rendered":"<p>Cr\u00e9\u00e9 avec des essences distill\u00e9es maison et des ferments lents, chaque ingr\u00e9dient est soigneusement choisi pour sa force r\u00e9paratrice et ses r\u00e9sultats visibles. La riche teinte bleu-vert, parsem\u00e9e de p\u00e9tales de souci \u00e9clatants, refl\u00e8te la puissance des plantes qu&rsquo;il contient. Ce masque vous invite \u00e0 un rituel ancrant tout en nourrissant profond\u00e9ment et en revitalisant votre teint pour la saison.  <\/p>\n<p>La texture est \u00e9paisse et sirupeuse, douce et l\u00e9g\u00e8rement gluante, offrant une exfoliation douce avec un fini lisse et ros\u00e9. La formule adoucit, affine et favorise le renouvellement cutan\u00e9.  Convient \u00e0 tous les types de peau.<\/p>\n<h3>Le rituel<\/h3>\n<p>Ce masque \u00e0 base de miel de propolis peut naturellement se raffermir en refroidissant \u2014 une belle caract\u00e9ristique du travail avec des ingr\u00e9dients bruts et non transform\u00e9s.<\/p>\n<p>Pour l&rsquo;activer, pr\u00e9levez une petite quantit\u00e9 dans votre paume et ajoutez quelques gouttes d&rsquo;eau ou de Fallen Fruit Luminous Nectar Drops. R\u00e9chauffez d\u00e9licatement entre vos doigts jusqu&rsquo;\u00e0 ce qu&rsquo;il devienne soyeux et facile \u00e0 \u00e9taler. Appliquez sur peau humide ou fra\u00eechement vaporis\u00e9e.  <\/p>\n<p>Vous pouvez choisir votre rituel :<\/p>\n<p>\u2022 Massez d\u00e9licatement par mouvements circulaires pour une exfoliation l\u00e9g\u00e8re et une stimulation.<br \/>\n\u2022 Ou laissez le masque reposer tranquillement, permettant aux botaniques d&rsquo;extraire les impuret\u00e9s tout en apportant un \u00e9clat renouvel\u00e9.<\/p>\n<p>Suivez ce dont votre peau a besoin \u00e0 chaque fois. \u00c9vitez le contour des yeux et rincez abondamment \u00e0 l&rsquo;eau ti\u00e8de une fois termin\u00e9. <\/p>\n<p><em>A utiliser dans les 6 mois suivant l&rsquo;ouverture. Conserver dans un endroit frais, sec et \u00e0 l&rsquo;abri de la lumi\u00e8re.<\/em><\/p>\n<h3>Plantes actives<\/h3>\n<p><em>Ma\u00efs Violet Ancestral<\/em><\/p>\n<p>Naturellement riche en vitamine C et en antioxydants, le ma\u00efs violet aide \u00e0 illuminer les peaux ternes et \u00e0 r\u00e9duire l&rsquo;apparence des taches brunes. Il favorise la production de collag\u00e8ne, am\u00e9liorant la fermet\u00e9 et l&rsquo;\u00e9lasticit\u00e9 tout en prot\u00e9geant contre le stress environnemental. <\/p>\n<p><em>Cerise Ac\u00e9rola<\/em><\/p>\n<p>Source puissante de vitamine C naturelle, l&rsquo;ac\u00e9rola favorise la synth\u00e8se du collag\u00e8ne pour maintenir la fermet\u00e9 cutan\u00e9e. Son profil antioxydant aide \u00e0 d\u00e9fendre contre les UV et le stress environnemental tout en favorisant un teint plus lumineux et uniforme. <\/p>\n<p><em>Fleurs de Calendula Ferment\u00e9es<\/em><\/p>\n<p>Le calendula offre de la vitamine C naturelle et un soutien antioxydant. Il aide \u00e0 apaiser les irritations, calmer les rougeurs et illuminer le teint irr\u00e9gulier, ce qui le rend id\u00e9al pour les peaux sensibles ou stress\u00e9es. <\/p>\n<p><em>Spiruline bleue<\/em><\/p>\n<p>Contient de la vitamine C naturelle et des antioxydants qui aident \u00e0 r\u00e9duire le teint terne et \u00e0 favoriser un \u00e9clat lumineux. Il favorise la production de collag\u00e8ne et aide \u00e0 lisser l&rsquo;apparence des ridules. <\/p>\n<p><em>Ferment d&rsquo;Ortie<\/em><\/p>\n<p>Riche en vitamine C et en antioxydants protecteurs, l&rsquo;ortie aide \u00e0 am\u00e9liorer le teint irr\u00e9gulier et \u00e0 d\u00e9fendre contre le stress oxydatif. Elle favorise une peau plus ferme et plus r\u00e9siliente. <\/p>\n<p><em>Fruit de rose de Nouvelle-\u00c9cosse<\/em><\/p>\n<p>Riche en vitamine C, le fruit de rose refait d\u00e9licatement surface la peau tout en apportant des nutriments essentiels. Il favorise la production de collag\u00e8ne, calme l&rsquo;inflammation et am\u00e9liore l&rsquo;\u00e9clat et la vitalit\u00e9. <\/p>\n<p><em>Feuille de framboisier rouge<\/em><\/p>\n<p>Fra\u00eechement press\u00e9e et riche en nutriments, la feuille de framboise rouge contient des acides gras essentiels, des carot\u00e9no\u00efdes et des flavono\u00efdes qui renforcent la r\u00e9silience de la peau, surtout apr\u00e8s l&rsquo;exposition au soleil.<\/p>\n<p><em>Miel R\u00e9gional Vieilli<\/em><\/p>\n<p>Le miel brut fournit des enzymes naturelles qui exfolient d\u00e9licatement et encouragent un renouvellement cellulaire sain. Ses propri\u00e9t\u00e9s antimicrobiennes aident \u00e0 maintenir un microbiome cutan\u00e9 \u00e9quilibr\u00e9, tandis que ses qualit\u00e9s humectantes hydratent en profondeur pour une peau douce et \u00e9clatante. <\/p>\n<p>Nous collaborons avec des apiculteurs locaux qui privil\u00e9gient le bien-\u00eatre des abeilles et la durabilit\u00e9 environnementale, garantissant un approvisionnement en miel \u00e9thique et responsable.<\/p>\n<p><strong>Cette formule est totalement exempte d&rsquo;huiles essentielles.<\/strong><\/p>\n<p><strong>Tous les ingr\u00e9dients sont biologiques, issus de cueillette sauvage, et sourc\u00e9s de mani\u00e8re durable, \u00e9thique et r\u00e9gionale.<\/strong><\/p>\n<p><strong>Taille : 30 ml<\/strong><\/p>\n<h3><strong>Ingr\u00e9dients naturels \/ biologiques <\/strong><\/h3>\n<p>Racine de Guimauve Bior\u00e9gionale ( <em>Althaea officinalis<\/em>), Ma\u00efs Violet Ancestral Ferment\u00e9 ( <em>Zea mays<\/em>), Argousier de Nouvelle-\u00c9cosse ( <em>Hippophae rhamnoides<\/em>), Ac\u00e9rola ( <em>Malpighia emarginata<\/em>), Algue Spiruline Bleue ( <em>Phycocyanin<\/em>), Ortie Bior\u00e9gionale ( <em>Urtica dioica<\/em>), R\u00e9glisse ( <em>Glycyrrhiza glabra<\/em>), Huile de p\u00e9pins de Framboise Rouge Biodynamique ( <em>Rubus idaeus<\/em>), Tamanu ( <em>Calophyllum inophyllum<\/em>), P\u00e9pins de Courge ( <em>Cucurbita pepo<\/em>), Huile de p\u00e9pins de Cynorrhodon (<em>Rosa canina<\/em>), Jojoba (<em>Simmondsia chinensis<\/em>), Fleurs de Calendula (<em>Calendula officinalis<\/em>), Miel Brut Ferment\u00e9 et Vieilli, Argile de Limon Glaciaire (<em>Montmorillonite<\/em>).<\/p>\n\n\t<section class=\"section dark\" id=\"section_643024516\">\n\t\t<div class=\"section-bg fill\" >\n\t\t\t<img fetchpriority=\"high\" decoding=\"async\" width=\"1200\" height=\"604\" src=\"https:\/\/dutchhealthstore.com\/wp-content\/uploads\/2026\/02\/bgux.jpg\" class=\"bg attachment- size-\" alt=\"\" \/>\t\t\t\t\t\t<div class=\"section-bg-overlay absolute fill\"><\/div>\n\t\t\t\n\n\t\t<\/div>\n\n\t\t\n\n\t\t<div class=\"section-content relative\">\n\t\t\t\n\n\t<div id=\"gap-1001151492\" class=\"gap-element clearfix\" style=\"display:block; height:auto;\">\n\t\t\n<style>\n#gap-1001151492 {\n  padding-top: 15px;\n}\n<\/style>\n\t<\/div>\n\t\n\n<div class=\"container section-title-container\" ><h3 class=\"section-title section-title-normal\"><b><\/b><span class=\"section-title-main\" >\u00c0 propos de Tidelands House<\/span><b><\/b><\/h3><\/div>\n\n<div class=\"row\"  id=\"row-1668461556\">\n\n\n\t<div id=\"col-960541760\" class=\"col small-12 large-12\"  >\n\t\t\t\t<div class=\"col-inner\"  >\n\t\t\t\n\t\t\t\n\n<p>Tidelands House est un atelier canadien de soins botaniques pour la peau, fond\u00e9 par l\u2019herboriste Dominique Del Col. Chaque formule est fabriqu\u00e9e \u00e0 la main dans une distillerie baign\u00e9e de lumi\u00e8re solaire, au sein d\u2019un cottage en pierre restaur\u00e9 du XIXe si\u00e8cle, o\u00f9 des herbes sont suspendues aux poutres en bois et o\u00f9 les plantes sont pr\u00e9par\u00e9es au rythme des saisons.<\/p>\n<p>Des plantes sauvages cueillies, la culture biodynamique et des v\u00e9g\u00e9taux marins r\u00e9colt\u00e9s sur les c\u00f4tes orientales du Canada constituent le c\u0153ur de chaque pr\u00e9paration. Les ingr\u00e9dients sont r\u00e9colt\u00e9s au pic de leur vitalit\u00e9 et \u00e9labor\u00e9s en micro-lots afin de pr\u00e9server leur puissance, leur fra\u00eecheur et leur int\u00e9grit\u00e9 \u00e9nerg\u00e9tique. <\/p>\n<p>Aucun additif synth\u00e9tique. Aucun agent de charge inutile. Uniquement des extraits botaniques riches en nutriments, des essences florales ferment\u00e9es et des huiles v\u00e9g\u00e9tales pures, pr\u00e9sent\u00e9s dans du verre opalin d\u2019inspiration patrimoniale.  <\/p>\n<p>Tidelands House propose des soins lents et intentionnels \u2014 ancr\u00e9s dans la terre, le rituel et le respect \u00e0 la fois de la tradition et de la science botanique moderne.<\/p>\n\n\n\t\t<\/div>\n\t\t\t\t\t<\/div>\n\n\t\n\n<\/div>\n\n\t\t<\/div>\n\n\t\t\n<style>\n#section_643024516 {\n  padding-top: 30px;\n  padding-bottom: 30px;\n  background-color: rgb(40, 40, 40);\n}\n#section_643024516 .section-bg-overlay {\n  background-color: rgba(0, 0, 0, 0.477);\n}\n#section_643024516 .section-bg img {\n  object-position: 51% 73%;\n}\n<\/style>\n\t<\/section>\n\t\n","protected":false},"excerpt":{"rendered":"<p>Le Paillis de Jardin est un masque \u00e9mulsion polissant vibrant inspir\u00e9 de notre exploration continue de la vitamine C d&rsquo;origine naturelle et de puissants botaniques bior\u00e9gionaux.<\/p>\n","protected":false},"featured_media":371655,"comment_status":"open","ping_status":"closed","template":"","meta":[],"product_brand":[],"product_cat":[21009,20925,20947,14733,1117,5629,5127,5680,5628,1908,20908,1209,1030,5107,5673,4978,4977,5627,4976,5121,1229,4979,1010,22208],"product_tag":[],"class_list":{"0":"post-372720","1":"product","2":"type-product","3":"status-publish","4":"has-post-thumbnail","6":"product_cat-exfoliants-et-gommages","7":"product_cat-peau-mature-et-vieillissante","8":"product_cat-secs-fr","9":"product_cat-soins-de-la-peau","10":"product_cat-gommages-exfoliants-fr","11":"product_cat-masks-scrubs-exfoliators-fr-4","12":"product_cat-masks-scrubs-exfoliators-fr","13":"product_cat-masks-scrubs-exfoliators-fr-2","14":"product_cat-masks-scrubs-exfoliators-fr-5","15":"product_cat-new-additions-fr","16":"product_cat-new-additions-skincare-fr","17":"product_cat-par-marques","18":"product_cat-par-produits","19":"product_cat-by-skin-type-fr-4","20":"product_cat-oily-skin-clogged-pores-fr","21":"product_cat-oily-skin-clogged-pores-fr-2","22":"product_cat-normal-or-combination-skin","23":"product_cat-normal-or-combination-skin-fr-2","24":"product_cat-dry-mature-ageing-skin","25":"product_cat-dry-mature-ageing-skin-fr-2","26":"product_cat-sensitive-skin-redness-fr","27":"product_cat-sensitive-skin-redness-fr-2","28":"product_cat-notre-boutique","29":"product_cat-tidelands-house","30":"pa_brand-tidelands-house","31":"pa_gtin-22313","32":"pa_size-30-ml-3-fr","33":"pa_skincare-type-masks-scrubs-exfoliators-fr","35":"first","36":"instock","37":"taxable","38":"shipping-taxable","39":"purchasable","40":"product-type-simple"},"bundled_by":[],"bundle_stock_status":"instock","bundle_stock_quantity":2,"bundle_virtual":false,"bundle_layout":"","bundle_add_to_cart_form_location":"","bundle_editable_in_cart":false,"bundle_sold_individually_context":"","bundle_item_grouping":"","bundle_min_size":"","bundle_max_size":"","bundle_price":[],"bundled_items":[],"bundle_sell_ids":[372491,372495,372685,372465],"atum_controlled":true,"out_stock_date":null,"out_stock_threshold":null,"inheritable":false,"stock_on_hold":1,"sold_today":0,"sales_last_days":1,"out_stock_days":0,"lost_sales":0,"update_date":"2026-04-10T07:36:22","atum_locations":[],"atum_stock_status":"instock","restock_status":false,"low_stock_amount":"","sales_update_date":"2026-04-10T07:36:22","calc_backorders":null,"group_of_quantity":0,"min_quantity":0,"max_quantity":"","exclude_order_quantity_value_rules":"no","exclude_category_quantity_rules":"no","combine_variations":"no","yoast_head":"<!-- This site is optimized with the Yoast SEO Premium plugin v26.5 (Yoast SEO v26.5) - https:\/\/yoast.com\/wordpress\/plugins\/seo\/ -->\n<title>Le Paillis de Jardin \u2018Garden Mulch\u2019 Vitamin C Emulsion Facial Mask - Tidelands House<\/title>\n<meta name=\"description\" content=\"Le Paillis de Jardin est un masque \u00e9mulsion polissant vibrant inspir\u00e9 de notre exploration continue de la vitamine C d&#039;origine naturelle et de puissants botaniques bior\u00e9gionaux.\" \/>\n<meta name=\"robots\" content=\"index, follow, max-snippet:-1, max-image-preview:large, max-video-preview:-1\" \/>\n<link rel=\"canonical\" href=\"https:\/\/dutchhealthstore.com\/fr\/product\/le-paillis-de-jardin-garden-mulch-vitamin-c-emulsion-facial-mask\/\" \/>\n<meta property=\"og:locale\" content=\"fr_FR\" \/>\n<meta property=\"og:type\" content=\"article\" \/>\n<meta property=\"og:title\" content=\"Le Paillis de Jardin \u2018Garden Mulch\u2019 Vitamin C Emulsion Facial Mask - Dutch Health Store\" \/>\n<meta property=\"og:description\" content=\"Le Paillis de Jardin est un masque \u00e9mulsion polissant vibrant inspir\u00e9 de notre exploration continue de la vitamine C d&#039;origine naturelle et de puissants botaniques bior\u00e9gionaux.\" \/>\n<meta property=\"og:url\" content=\"https:\/\/dutchhealthstore.com\/fr\/product\/le-paillis-de-jardin-garden-mulch-vitamin-c-emulsion-facial-mask\/\" \/>\n<meta property=\"og:site_name\" content=\"Dutch Health Store\" \/>\n<meta property=\"article:publisher\" content=\"https:\/\/www.instagram.com\/dutchhealthstore\/\" \/>\n<meta property=\"article:modified_time\" content=\"2026-03-23T13:29:35+00:00\" \/>\n<meta property=\"og:image\" content=\"https:\/\/dutchhealthstore.com\/wp-content\/uploads\/2026\/02\/Untitled-design-2026-02-16T161937.865.jpg\" \/>\n\t<meta property=\"og:image:width\" content=\"530\" \/>\n\t<meta property=\"og:image:height\" content=\"530\" \/>\n\t<meta property=\"og:image:type\" content=\"image\/jpeg\" \/>\n<meta name=\"twitter:card\" content=\"summary_large_image\" \/>\n<meta name=\"twitter:label1\" content=\"Prix\" \/>\n\t<meta name=\"twitter:data1\" content=\"&euro;43,00\" \/>\n\t<meta name=\"twitter:label2\" content=\"Disponibilit\u00e9\" \/>\n\t<meta name=\"twitter:data2\" content=\"En stock\" \/>\n<script type=\"application\/ld+json\" class=\"yoast-schema-graph\">{\"@context\":\"https:\/\/schema.org\",\"@graph\":[{\"@type\":\"WebPage\",\"@id\":\"https:\/\/dutchhealthstore.com\/fr\/product\/le-paillis-de-jardin-garden-mulch-vitamin-c-emulsion-facial-mask\/\",\"url\":\"https:\/\/dutchhealthstore.com\/fr\/product\/le-paillis-de-jardin-garden-mulch-vitamin-c-emulsion-facial-mask\/\",\"name\":\"Le Paillis de Jardin \u2018Garden Mulch\u2019 Vitamin C Emulsion Facial Mask - Tidelands House\",\"isPartOf\":{\"@id\":\"https:\/\/dutchhealthstore.com\/fr\/#website\"},\"primaryImageOfPage\":{\"@id\":\"https:\/\/dutchhealthstore.com\/fr\/product\/le-paillis-de-jardin-garden-mulch-vitamin-c-emulsion-facial-mask\/#primaryimage\"},\"image\":{\"@id\":\"https:\/\/dutchhealthstore.com\/fr\/product\/le-paillis-de-jardin-garden-mulch-vitamin-c-emulsion-facial-mask\/#primaryimage\"},\"thumbnailUrl\":\"https:\/\/dutchhealthstore.com\/wp-content\/uploads\/2026\/02\/Untitled-design-2026-02-16T161937.865.jpg\",\"datePublished\":\"2026-02-23T10:34:29+00:00\",\"dateModified\":\"2026-03-23T13:29:35+00:00\",\"description\":\"Le Paillis de Jardin est un masque \u00e9mulsion polissant vibrant inspir\u00e9 de notre exploration continue de la vitamine C d'origine naturelle et de puissants botaniques bior\u00e9gionaux.\",\"breadcrumb\":{\"@id\":\"https:\/\/dutchhealthstore.com\/fr\/product\/le-paillis-de-jardin-garden-mulch-vitamin-c-emulsion-facial-mask\/#breadcrumb\"},\"inLanguage\":\"fr-FR\",\"potentialAction\":[{\"@type\":\"ReadAction\",\"target\":[\"https:\/\/dutchhealthstore.com\/fr\/product\/le-paillis-de-jardin-garden-mulch-vitamin-c-emulsion-facial-mask\/\"]}]},{\"@type\":\"ImageObject\",\"inLanguage\":\"fr-FR\",\"@id\":\"https:\/\/dutchhealthstore.com\/fr\/product\/le-paillis-de-jardin-garden-mulch-vitamin-c-emulsion-facial-mask\/#primaryimage\",\"url\":\"https:\/\/dutchhealthstore.com\/wp-content\/uploads\/2026\/02\/Untitled-design-2026-02-16T161937.865.jpg\",\"contentUrl\":\"https:\/\/dutchhealthstore.com\/wp-content\/uploads\/2026\/02\/Untitled-design-2026-02-16T161937.865.jpg\",\"width\":530,\"height\":530,\"caption\":\"tidelands-house-le-pailles-de-jardin\"},{\"@type\":\"BreadcrumbList\",\"@id\":\"https:\/\/dutchhealthstore.com\/fr\/product\/le-paillis-de-jardin-garden-mulch-vitamin-c-emulsion-facial-mask\/#breadcrumb\",\"itemListElement\":[{\"@type\":\"ListItem\",\"position\":1,\"name\":\"Home\",\"item\":\"https:\/\/dutchhealthstore.com\/fr\/\"},{\"@type\":\"ListItem\",\"position\":2,\"name\":\"Shop\",\"item\":\"https:\/\/dutchhealthstore.com\/fr\/shop\/\"},{\"@type\":\"ListItem\",\"position\":3,\"name\":\"Le Paillis de Jardin \u2018Garden Mulch\u2019 Vitamin C Emulsion Facial Mask\"}]},{\"@type\":\"WebSite\",\"@id\":\"https:\/\/dutchhealthstore.com\/fr\/#website\",\"url\":\"https:\/\/dutchhealthstore.com\/fr\/\",\"name\":\"Dutch Health Store\",\"description\":\"Enhance Your Beauty with Organic &amp; Natural Skincare\",\"publisher\":{\"@id\":\"https:\/\/dutchhealthstore.com\/fr\/#organization\"},\"potentialAction\":[{\"@type\":\"SearchAction\",\"target\":{\"@type\":\"EntryPoint\",\"urlTemplate\":\"https:\/\/dutchhealthstore.com\/fr\/?s={search_term_string}\"},\"query-input\":{\"@type\":\"PropertyValueSpecification\",\"valueRequired\":true,\"valueName\":\"search_term_string\"}}],\"inLanguage\":\"fr-FR\"},{\"@type\":\"Organization\",\"@id\":\"https:\/\/dutchhealthstore.com\/fr\/#organization\",\"name\":\"Dutch Health Store\",\"url\":\"https:\/\/dutchhealthstore.com\/fr\/\",\"logo\":{\"@type\":\"ImageObject\",\"inLanguage\":\"fr-FR\",\"@id\":\"https:\/\/dutchhealthstore.com\/fr\/#\/schema\/logo\/image\/\",\"url\":\"https:\/\/dutchhealthstore.com\/wp-content\/uploads\/2020\/08\/logo-dutchhealthstore-jpg-e1599484957574.jpg\",\"contentUrl\":\"https:\/\/dutchhealthstore.com\/wp-content\/uploads\/2020\/08\/logo-dutchhealthstore-jpg-e1599484957574.jpg\",\"width\":400,\"height\":62,\"caption\":\"Dutch Health Store\"},\"image\":{\"@id\":\"https:\/\/dutchhealthstore.com\/fr\/#\/schema\/logo\/image\/\"},\"sameAs\":[\"https:\/\/www.instagram.com\/dutchhealthstore\/\",\"https:\/\/www.facebook.com\/dutchhealthstore\"]}]}<\/script>\n<meta property=\"product:brand\" content=\"Tidelands House\" \/>\n<meta property=\"product:price:amount\" content=\"43.00\" \/>\n<meta property=\"product:price:currency\" content=\"EUR\" \/>\n<meta property=\"og:availability\" content=\"instock\" \/>\n<meta property=\"product:availability\" content=\"instock\" \/>\n<meta property=\"product:condition\" content=\"new\" \/>\n<!-- \/ Yoast SEO Premium plugin. -->","yoast_head_json":{"title":"Le Paillis de Jardin \u2018Garden Mulch\u2019 Vitamin C Emulsion Facial Mask - Tidelands House","description":"Le Paillis de Jardin est un masque \u00e9mulsion polissant vibrant inspir\u00e9 de notre exploration continue de la vitamine C d'origine naturelle et de puissants botaniques bior\u00e9gionaux.","robots":{"index":"index","follow":"follow","max-snippet":"max-snippet:-1","max-image-preview":"max-image-preview:large","max-video-preview":"max-video-preview:-1"},"canonical":"https:\/\/dutchhealthstore.com\/fr\/product\/le-paillis-de-jardin-garden-mulch-vitamin-c-emulsion-facial-mask\/","og_locale":"fr_FR","og_type":"article","og_title":"Le Paillis de Jardin \u2018Garden Mulch\u2019 Vitamin C Emulsion Facial Mask - Dutch Health Store","og_description":"Le Paillis de Jardin est un masque \u00e9mulsion polissant vibrant inspir\u00e9 de notre exploration continue de la vitamine C d'origine naturelle et de puissants botaniques bior\u00e9gionaux.","og_url":"https:\/\/dutchhealthstore.com\/fr\/product\/le-paillis-de-jardin-garden-mulch-vitamin-c-emulsion-facial-mask\/","og_site_name":"Dutch Health Store","article_publisher":"https:\/\/www.instagram.com\/dutchhealthstore\/","article_modified_time":"2026-03-23T13:29:35+00:00","og_image":[{"width":530,"height":530,"url":"https:\/\/dutchhealthstore.com\/wp-content\/uploads\/2026\/02\/Untitled-design-2026-02-16T161937.865.jpg","type":"image\/jpeg"}],"twitter_card":"summary_large_image","twitter_misc":{"Prix":"&euro;43,00","Disponibilit\u00e9":"En stock"},"schema":{"@context":"https:\/\/schema.org","@graph":[{"@type":"WebPage","@id":"https:\/\/dutchhealthstore.com\/fr\/product\/le-paillis-de-jardin-garden-mulch-vitamin-c-emulsion-facial-mask\/","url":"https:\/\/dutchhealthstore.com\/fr\/product\/le-paillis-de-jardin-garden-mulch-vitamin-c-emulsion-facial-mask\/","name":"Le Paillis de Jardin \u2018Garden Mulch\u2019 Vitamin C Emulsion Facial Mask - Tidelands House","isPartOf":{"@id":"https:\/\/dutchhealthstore.com\/fr\/#website"},"primaryImageOfPage":{"@id":"https:\/\/dutchhealthstore.com\/fr\/product\/le-paillis-de-jardin-garden-mulch-vitamin-c-emulsion-facial-mask\/#primaryimage"},"image":{"@id":"https:\/\/dutchhealthstore.com\/fr\/product\/le-paillis-de-jardin-garden-mulch-vitamin-c-emulsion-facial-mask\/#primaryimage"},"thumbnailUrl":"https:\/\/dutchhealthstore.com\/wp-content\/uploads\/2026\/02\/Untitled-design-2026-02-16T161937.865.jpg","datePublished":"2026-02-23T10:34:29+00:00","dateModified":"2026-03-23T13:29:35+00:00","description":"Le Paillis de Jardin est un masque \u00e9mulsion polissant vibrant inspir\u00e9 de notre exploration continue de la vitamine C d'origine naturelle et de puissants botaniques bior\u00e9gionaux.","breadcrumb":{"@id":"https:\/\/dutchhealthstore.com\/fr\/product\/le-paillis-de-jardin-garden-mulch-vitamin-c-emulsion-facial-mask\/#breadcrumb"},"inLanguage":"fr-FR","potentialAction":[{"@type":"ReadAction","target":["https:\/\/dutchhealthstore.com\/fr\/product\/le-paillis-de-jardin-garden-mulch-vitamin-c-emulsion-facial-mask\/"]}]},{"@type":"ImageObject","inLanguage":"fr-FR","@id":"https:\/\/dutchhealthstore.com\/fr\/product\/le-paillis-de-jardin-garden-mulch-vitamin-c-emulsion-facial-mask\/#primaryimage","url":"https:\/\/dutchhealthstore.com\/wp-content\/uploads\/2026\/02\/Untitled-design-2026-02-16T161937.865.jpg","contentUrl":"https:\/\/dutchhealthstore.com\/wp-content\/uploads\/2026\/02\/Untitled-design-2026-02-16T161937.865.jpg","width":530,"height":530,"caption":"tidelands-house-le-pailles-de-jardin"},{"@type":"BreadcrumbList","@id":"https:\/\/dutchhealthstore.com\/fr\/product\/le-paillis-de-jardin-garden-mulch-vitamin-c-emulsion-facial-mask\/#breadcrumb","itemListElement":[{"@type":"ListItem","position":1,"name":"Home","item":"https:\/\/dutchhealthstore.com\/fr\/"},{"@type":"ListItem","position":2,"name":"Shop","item":"https:\/\/dutchhealthstore.com\/fr\/shop\/"},{"@type":"ListItem","position":3,"name":"Le Paillis de Jardin \u2018Garden Mulch\u2019 Vitamin C Emulsion Facial Mask"}]},{"@type":"WebSite","@id":"https:\/\/dutchhealthstore.com\/fr\/#website","url":"https:\/\/dutchhealthstore.com\/fr\/","name":"Dutch Health Store","description":"Enhance Your Beauty with Organic &amp; Natural Skincare","publisher":{"@id":"https:\/\/dutchhealthstore.com\/fr\/#organization"},"potentialAction":[{"@type":"SearchAction","target":{"@type":"EntryPoint","urlTemplate":"https:\/\/dutchhealthstore.com\/fr\/?s={search_term_string}"},"query-input":{"@type":"PropertyValueSpecification","valueRequired":true,"valueName":"search_term_string"}}],"inLanguage":"fr-FR"},{"@type":"Organization","@id":"https:\/\/dutchhealthstore.com\/fr\/#organization","name":"Dutch Health Store","url":"https:\/\/dutchhealthstore.com\/fr\/","logo":{"@type":"ImageObject","inLanguage":"fr-FR","@id":"https:\/\/dutchhealthstore.com\/fr\/#\/schema\/logo\/image\/","url":"https:\/\/dutchhealthstore.com\/wp-content\/uploads\/2020\/08\/logo-dutchhealthstore-jpg-e1599484957574.jpg","contentUrl":"https:\/\/dutchhealthstore.com\/wp-content\/uploads\/2020\/08\/logo-dutchhealthstore-jpg-e1599484957574.jpg","width":400,"height":62,"caption":"Dutch Health Store"},"image":{"@id":"https:\/\/dutchhealthstore.com\/fr\/#\/schema\/logo\/image\/"},"sameAs":["https:\/\/www.instagram.com\/dutchhealthstore\/","https:\/\/www.facebook.com\/dutchhealthstore"]}]},"product_brand":"Tidelands House","product_price_amount":"43.00","product_price_currency":"EUR","og_availability":"instock","product_availability":"instock","product_condition":"new"},"_links":{"self":[{"href":"https:\/\/dutchhealthstore.com\/fr\/wp-json\/wp\/v2\/product\/372720","targetHints":{"allow":["GET"]}}],"collection":[{"href":"https:\/\/dutchhealthstore.com\/fr\/wp-json\/wp\/v2\/product"}],"about":[{"href":"https:\/\/dutchhealthstore.com\/fr\/wp-json\/wp\/v2\/types\/product"}],"replies":[{"embeddable":true,"href":"https:\/\/dutchhealthstore.com\/fr\/wp-json\/wp\/v2\/comments?post=372720"}],"wp:featuredmedia":[{"embeddable":true,"href":"https:\/\/dutchhealthstore.com\/fr\/wp-json\/wp\/v2\/media\/371655"}],"wp:attachment":[{"href":"https:\/\/dutchhealthstore.com\/fr\/wp-json\/wp\/v2\/media?parent=372720"}],"wp:term":[{"taxonomy":"product_brand","embeddable":true,"href":"https:\/\/dutchhealthstore.com\/fr\/wp-json\/wp\/v2\/product_brand?post=372720"},{"taxonomy":"product_cat","embeddable":true,"href":"https:\/\/dutchhealthstore.com\/fr\/wp-json\/wp\/v2\/product_cat?post=372720"},{"taxonomy":"product_tag","embeddable":true,"href":"https:\/\/dutchhealthstore.com\/fr\/wp-json\/wp\/v2\/product_tag?post=372720"}],"curies":[{"name":"wp","href":"https:\/\/api.w.org\/{rel}","templated":true}]}}