{"id":372717,"date":"2026-02-23T11:34:56","date_gmt":"2026-02-23T10:34:56","guid":{"rendered":"https:\/\/dutchhealthstore.com\/product\/conservatory-floral-antioxidant-nectar-facial-serum\/"},"modified":"2026-03-31T18:56:16","modified_gmt":"2026-03-31T16:56:16","slug":"conservatory-floral-antioxidant-nectar-facial-serum","status":"publish","type":"product","link":"https:\/\/dutchhealthstore.com\/fr\/product\/conservatory-floral-antioxidant-nectar-facial-serum\/","title":{"rendered":"Conservatory Floral Antioxidant Nectar Facial Serum"},"content":{"rendered":"<p>Ces extraits botaniques apportent de puissants phytonutriments biologiques, tandis que les antioxydants et les min\u00e9raux essentiels contribuent \u00e0 une peau souple et un teint \u00e9clatant.<\/p>\n<p>La formule associe des acides gras nourrissants \u00e0 de puissants antioxydants tels que les carot\u00e9no\u00efdes et les polyph\u00e9nols. Ensemble, ils cr\u00e9ent l\u2019environnement id\u00e9al pour une peau mature d\u2019apparence saine et bien soutenue. Ce m\u00e9lange favorise le renouvellement cellulaire, maintient l\u2019hydratation et procure un \u00e9clat repulp\u00e9 et ros\u00e9.  <\/p>\n<p>Le s\u00e9rum est apaisant, adoucissant et r\u00e9g\u00e9n\u00e9rant, ce qui le rend adapt\u00e9 \u00e0 tous les types de peau.<\/p>\n<p><strong>Philosophie des fleurs<\/strong><\/p>\n<p>La Fleur d\u2019\u00c9chinac\u00e9e, le Fruit de Rose, le Tr\u00e8fle Sauvage, le Ferment d\u2019Aub\u00e9pine et la Racine de Curcuma Moulu \u00e0 la Pierre constituent le c\u0153ur botanique de ce nectar riche en antioxydants.<\/p>\n<h3>Le rituel<\/h3>\n<p>Apr\u00e8s le nettoyage, vaporisez le visage avec un tonique, une eau florale ou des gouttes de ros\u00e9e. Pendant que la peau est encore l\u00e9g\u00e8rement humide, pressez 3 \u00e0 5 gouttes de s\u00e9rum sur le visage, le cou et le d\u00e9collet\u00e9. <\/p>\n<p>Massez d\u00e9licatement par mouvements circulaires jusqu\u2019\u00e0 absorption compl\u00e8te. Utilisez quotidiennement matin et soir. Pour une nutrition accrue, appliquez ensuite un baume facial ou un s\u00e9rum concentr\u00e9 de votre choix.  <\/p>\n<h3>Plantes actives<\/h3>\n<p><em>Fleur d\u2019\u00c9chinac\u00e9e<\/em><\/p>\n<p>Un antioxydant naturel qui aide \u00e0 prot\u00e9ger la peau du stress environnemental. Il offre un soutien antimicrobien et anti-inflammatoire tout en aidant \u00e0 maintenir l\u2019hydratation au sein de la barri\u00e8re cutan\u00e9e. <\/p>\n<p><em>Ferment d\u2019Aub\u00e9pine<\/em><\/p>\n<p>Ce ferment protecteur aide \u00e0 \u00e9quilibrer la production d\u2019huile et \u00e0 minimiser l\u2019apparence des pores. Il soutient la peau contre les radicaux libres et le stress li\u00e9 aux UV. Une fermentation douce am\u00e9liore la disponibilit\u00e9 des nutriments et fournit un l\u00e9ger soutien probiotique pour un teint d\u2019apparence saine.  <\/p>\n<p><em>Fruit de rose de Nouvelle-\u00c9cosse<\/em><\/p>\n<p>Riche en vitamine C, le fruit de rose offre une l\u00e9g\u00e8re exfoliation enzymatique pour rafra\u00eechir la couche externe de la peau. Il aide \u00e0 stimuler la production de collag\u00e8ne, \u00e0 calmer l\u2019inflammation et \u00e0 restaurer l\u2019\u00e9clat et la vitalit\u00e9. <\/p>\n<p><em>Racine de Curcuma Moulu \u00e0 la Pierre<\/em><\/p>\n<p>Connu pour ses propri\u00e9t\u00e9s anti-inflammatoires, le curcuma aide \u00e0 adoucir l\u2019apparence de l\u2019hyperpigmentation et du teint irr\u00e9gulier. Il soutient \u00e9galement la circulation, ce qui peut r\u00e9duire les poches et les cernes sous les yeux. <\/p>\n<p><em>Racine d\u2019astragale<\/em><\/p>\n<p>Un puissant botanique qui soutient la force du tissu conjonctif et la sant\u00e9 globale de la peau. Il peut aider \u00e0 r\u00e9duire la d\u00e9gradation du collag\u00e8ne li\u00e9e \u00e0 l\u2019exposition aux UV. <\/p>\n<p><em>Gotu Kola<\/em><\/p>\n<p>Bien connue pour soutenir la production de collag\u00e8ne, le gotu kola aide \u00e0 nourrir le tissu conjonctif et \u00e0 favoriser une peau plus ferme et plus r\u00e9siliente.<\/p>\n<p><em>Feuille d\u2019ortie<\/em><\/p>\n<p>Naturellement riche en silice, soufre et phytonutriments, l\u2019ortie renforce la peau et am\u00e9liore sa r\u00e9silience contre le stress environnemental et les dommages UV.<\/p>\n<p><em>Racine de r\u00e9glisse<\/em><\/p>\n<p>Aide \u00e0 adoucir l\u2019apparence de l\u2019hyperpigmentation et de la d\u00e9coloration. Ses compos\u00e9s naturels calment l\u2019inflammation, soutiennent une peau d\u2019apparence plus ferme et offrent une protection antioxydante contre les radicaux libres. <\/p>\n<p><em>Feuille de consoude<\/em><\/p>\n<p>Contient de l\u2019allanto\u00efne pour adoucir et lisser la peau. Ses tanins aident \u00e0 prot\u00e9ger contre les bact\u00e9ries et le stress environnemental, tandis que l\u2019acide rosmarinique offre un soutien antioxydant contre les dommages UV. <\/p>\n<p><em>Fleur de calendula r\u00e9colt\u00e9e<\/em><\/p>\n<p>Le calendula aide \u00e0 am\u00e9liorer la fermet\u00e9 et l\u2019hydratation de la peau tout en favorisant la r\u00e9paration. Riche en antioxydants et en propri\u00e9t\u00e9s antiseptiques naturelles, il est particuli\u00e8rement b\u00e9n\u00e9fique pour les peaux sujettes \u00e0 l\u2019acn\u00e9 et aux rougeurs. <\/p>\n<p><em>Fleur de Camomille Sauvage<\/em><\/p>\n<p>Naturellement antibact\u00e9rienne, antifongique, anti-inflammatoire et apaisante. La camomille aide \u00e0 calmer les irritations, \u00e0 hydrater en douceur et \u00e0 r\u00e9conforter la peau. <\/p>\n<p><em>Graine de Grenade<\/em><\/p>\n<p>Une huile profond\u00e9ment nourrissante qui aide \u00e0 pr\u00e9venir la perte d\u2019humidit\u00e9 et \u00e0 renforcer la barri\u00e8re lipidique. Riche en acides gras essentiels et en antioxydants, elle soutient une peau repulp\u00e9e et r\u00e9siliente. <\/p>\n<p><em><strong>Tous les ingr\u00e9dients sont biologiques, issus de cueillette sauvage, et sourc\u00e9s de mani\u00e8re durable, \u00e9thique et r\u00e9gionale.<\/strong><\/em><\/p>\n<p><strong>Taille : 30 ml<\/strong><\/p>\n<h2><strong>Ingr\u00e9dients naturels \/ biologiques <\/strong><\/h2>\n<p>Extractions et Essences de Plantes Enti\u00e8res Faites Maison de Cacao Ancien (Theobroma cacao), Fleur d\u2019\u00c9chinac\u00e9e (Echinacea purpurea), Racine de Gingembre (Zingiber officinale), Racine de Curcuma Moulu \u00e0 la Pierre (Curcuma longa), Baie de Schisandra (Schisandra chinensis), Ferment d\u2019Aub\u00e9pine (Epigaea repens), Racine d\u2019\u00c9pine-vinette (Berberis vulgaris), Pr\u00eale (Equisetum arvense), Fleur de Tr\u00e8fle Rouge (Trifolium pratense), Th\u00e9 Vert Jasmin (Camellia sinensis), Feuille d\u2019Ortie (Urtica dioica), Gotu Kola (Centella asiatica), Consoude Fra\u00eeche (Symphytum officinale), M\u00e9lisse (Melissa officinalis), Astragale (Astragalus membranaceus), Racine de R\u00e9glisse (Glycyrrhiza glabra), Fleur de Sureau (Sambucus nigra), Calendula (Calendula officinalis), Huile de Jojoba (Simmondsia chinensis), Huile de Graines de Cam\u00e9lia (Camellia oleifera), Fruit de Rose de Nouvelle-\u00c9cosse (Rosa rugosa), Grenade (Punica granatum), Olive (Olea europaea), Graine de Canneberge (Vaccinium macrocarpon), Graine de Bourrache (Borago officinalis), Lavande Sauvage (Lavandula angustifolia), Extrait de Graine de Carotte Ancienne (Daucus carota), Ferment d\u2019Achill\u00e9e Millefeuille (Achillea millefolium), G\u00e9ranium Rosat (Pelargonium graveolens), Camomille Sauvage (Matricaria chamomilla).<\/p>\n\n\t<section class=\"section dark\" id=\"section_787413276\">\n\t\t<div class=\"section-bg fill\" >\n\t\t\t<img fetchpriority=\"high\" decoding=\"async\" width=\"1200\" height=\"604\" src=\"https:\/\/dutchhealthstore.com\/wp-content\/uploads\/2026\/02\/bgux.jpg\" class=\"bg attachment- size-\" alt=\"\" \/>\t\t\t\t\t\t<div class=\"section-bg-overlay absolute fill\"><\/div>\n\t\t\t\n\n\t\t<\/div>\n\n\t\t\n\n\t\t<div class=\"section-content relative\">\n\t\t\t\n\n\t<div id=\"gap-1602799816\" class=\"gap-element clearfix\" style=\"display:block; height:auto;\">\n\t\t\n<style>\n#gap-1602799816 {\n  padding-top: 15px;\n}\n<\/style>\n\t<\/div>\n\t\n\n<div class=\"container section-title-container\" ><h3 class=\"section-title section-title-normal\"><b><\/b><span class=\"section-title-main\" >\u00c0 propos de Tidelands House<\/span><b><\/b><\/h3><\/div>\n\n<div class=\"row\"  id=\"row-1033081900\">\n\n\n\t<div id=\"col-58459053\" class=\"col small-12 large-12\"  >\n\t\t\t\t<div class=\"col-inner\"  >\n\t\t\t\n\t\t\t\n\n<p>Tidelands House est un atelier canadien de soins botaniques pour la peau, fond\u00e9 par l\u2019herboriste Dominique Del Col. Chaque formule est fabriqu\u00e9e \u00e0 la main dans une distillerie baign\u00e9e de lumi\u00e8re solaire, au sein d\u2019un cottage en pierre restaur\u00e9 du XIXe si\u00e8cle, o\u00f9 des herbes sont suspendues aux poutres en bois et o\u00f9 les plantes sont pr\u00e9par\u00e9es au rythme des saisons.<\/p>\n<p>Des plantes sauvages cueillies, la culture biodynamique et des v\u00e9g\u00e9taux marins r\u00e9colt\u00e9s sur les c\u00f4tes orientales du Canada constituent le c\u0153ur de chaque pr\u00e9paration. Les ingr\u00e9dients sont r\u00e9colt\u00e9s au pic de leur vitalit\u00e9 et \u00e9labor\u00e9s en micro-lots afin de pr\u00e9server leur puissance, leur fra\u00eecheur et leur int\u00e9grit\u00e9 \u00e9nerg\u00e9tique. <\/p>\n<p>Aucun additif synth\u00e9tique. Aucun agent de charge inutile. Uniquement des extraits botaniques riches en nutriments, des essences florales ferment\u00e9es et des huiles v\u00e9g\u00e9tales pures, pr\u00e9sent\u00e9s dans du verre opalin d\u2019inspiration patrimoniale.  <\/p>\n<p>Tidelands House propose des soins lents et intentionnels \u2014 ancr\u00e9s dans la terre, le rituel et le respect \u00e0 la fois de la tradition et de la science botanique moderne.<\/p>\n\n\n\t\t<\/div>\n\t\t\t\t\t<\/div>\n\n\t\n\n<\/div>\n\n\t\t<\/div>\n\n\t\t\n<style>\n#section_787413276 {\n  padding-top: 30px;\n  padding-bottom: 30px;\n  background-color: rgb(40, 40, 40);\n}\n#section_787413276 .section-bg-overlay {\n  background-color: rgba(0, 0, 0, 0.477);\n}\n#section_787413276 .section-bg img {\n  object-position: 51% 73%;\n}\n<\/style>\n\t<\/section>\n\t\n<p>&nbsp;<\/p>\n","protected":false},"excerpt":{"rendered":"<p>Le Nectar Floral Antioxydant du Conservatoire est un s\u00e9rum facial riche en nutriments, formul\u00e9 \u00e0 partir de fleurs fra\u00eeches et de racines sauvages.<\/p>\n","protected":false},"featured_media":371582,"comment_status":"open","ping_status":"closed","template":"","meta":[],"product_brand":[],"product_cat":[1908,20908,1209,1030,5107,5711,5673,20925,5627,5710,5709,5121,5712,1229,20992,5716,20991,5713,4240,5714,5715,1010,13172,14733,22208],"product_tag":[],"class_list":{"0":"post-372717","1":"product","2":"type-product","3":"status-publish","4":"has-post-thumbnail","6":"product_cat-new-additions-fr","7":"product_cat-new-additions-skincare-fr","8":"product_cat-par-marques","9":"product_cat-par-produits","10":"product_cat-by-skin-type-fr-4","11":"product_cat-oily-skin-clogged-pores-fr-5","12":"product_cat-oily-skin-clogged-pores-fr","13":"product_cat-peau-mature-et-vieillissante","14":"product_cat-normal-or-combination-skin-fr-2","15":"product_cat-normal-or-combination-skin-fr-4","16":"product_cat-dry-mature-ageing-skin-fr-4","17":"product_cat-dry-mature-ageing-skin-fr-2","18":"product_cat-sensitive-skin-redness-fr-3","19":"product_cat-sensitive-skin-redness-fr","20":"product_cat-secs-fr-3","21":"product_cat-serums-fr-5","22":"product_cat-serums-fr-6","23":"product_cat-serums-fr","24":"product_cat-serums-fr-2","25":"product_cat-serums-fr-3","26":"product_cat-serums-fr-4","27":"product_cat-notre-boutique","28":"product_cat-skincare-fr-2","29":"product_cat-soins-de-la-peau","30":"product_cat-tidelands-house","31":"pa_brand-tidelands-house","32":"pa_gtin-22310","33":"pa_size-30-ml-fr","34":"pa_skincare-type-face-oil-and-serums-fr","36":"first","37":"outofstock","38":"taxable","39":"shipping-taxable","40":"purchasable","41":"product-type-simple"},"bundled_by":[],"bundle_stock_status":"outofstock","bundle_stock_quantity":0,"bundle_virtual":false,"bundle_layout":"","bundle_add_to_cart_form_location":"","bundle_editable_in_cart":false,"bundle_sold_individually_context":"","bundle_item_grouping":"","bundle_min_size":"","bundle_max_size":"","bundle_price":[],"bundled_items":[],"bundle_sell_ids":[372495,372606,372692,372503],"atum_controlled":true,"out_stock_date":"2026-03-31 18:56:17","out_stock_threshold":null,"inheritable":false,"stock_on_hold":2,"sold_today":0,"sales_last_days":3,"out_stock_days":1,"lost_sales":17,"update_date":"2026-04-24T13:03:42","atum_locations":[],"atum_stock_status":"outofstock","restock_status":false,"low_stock_amount":"","sales_update_date":"2026-04-24T13:03:42","calc_backorders":null,"group_of_quantity":0,"min_quantity":0,"max_quantity":"","exclude_order_quantity_value_rules":"no","exclude_category_quantity_rules":"no","combine_variations":"no","yoast_head":"<!-- This site is optimized with the Yoast SEO Premium plugin v26.5 (Yoast SEO v26.5) - https:\/\/yoast.com\/wordpress\/plugins\/seo\/ -->\n<title>Conservatory Floral Antioxidant Nectar Facial Serum - Tidelands House<\/title>\n<meta name=\"description\" content=\"Le Nectar Floral Antioxydant du Conservatoire est un s\u00e9rum facial riche en nutriments, formul\u00e9 \u00e0 partir de fleurs fra\u00eeches et de racines sauvages.\" \/>\n<meta name=\"robots\" content=\"index, follow, max-snippet:-1, max-image-preview:large, max-video-preview:-1\" \/>\n<link rel=\"canonical\" href=\"https:\/\/dutchhealthstore.com\/fr\/product\/conservatory-floral-antioxidant-nectar-facial-serum\/\" \/>\n<meta property=\"og:locale\" content=\"fr_FR\" \/>\n<meta property=\"og:type\" content=\"article\" \/>\n<meta property=\"og:title\" content=\"Conservatory Floral Antioxidant Nectar Facial Serum - Dutch Health Store\" \/>\n<meta property=\"og:description\" content=\"Le Nectar Floral Antioxydant du Conservatoire est un s\u00e9rum facial riche en nutriments, formul\u00e9 \u00e0 partir de fleurs fra\u00eeches et de racines sauvages.\" \/>\n<meta property=\"og:url\" content=\"https:\/\/dutchhealthstore.com\/fr\/product\/conservatory-floral-antioxidant-nectar-facial-serum\/\" \/>\n<meta property=\"og:site_name\" content=\"Dutch Health Store\" \/>\n<meta property=\"article:publisher\" content=\"https:\/\/www.instagram.com\/dutchhealthstore\/\" \/>\n<meta property=\"article:modified_time\" content=\"2026-03-31T16:56:16+00:00\" \/>\n<meta property=\"og:image\" content=\"https:\/\/dutchhealthstore.com\/wp-content\/uploads\/2026\/02\/Untitled-design-2026-02-16T145801.658.jpg\" \/>\n\t<meta property=\"og:image:width\" content=\"530\" \/>\n\t<meta property=\"og:image:height\" content=\"530\" \/>\n\t<meta property=\"og:image:type\" content=\"image\/jpeg\" \/>\n<meta name=\"twitter:card\" content=\"summary_large_image\" \/>\n<meta name=\"twitter:label1\" content=\"Prix\" \/>\n\t<meta name=\"twitter:data1\" content=\"&euro;60,00\" \/>\n\t<meta name=\"twitter:label2\" content=\"Disponibilit\u00e9\" \/>\n\t<meta name=\"twitter:data2\" content=\"Rupture de stock\" \/>\n<script type=\"application\/ld+json\" class=\"yoast-schema-graph\">{\"@context\":\"https:\/\/schema.org\",\"@graph\":[{\"@type\":\"WebPage\",\"@id\":\"https:\/\/dutchhealthstore.com\/fr\/product\/conservatory-floral-antioxidant-nectar-facial-serum\/\",\"url\":\"https:\/\/dutchhealthstore.com\/fr\/product\/conservatory-floral-antioxidant-nectar-facial-serum\/\",\"name\":\"Conservatory Floral Antioxidant Nectar Facial Serum - Tidelands House\",\"isPartOf\":{\"@id\":\"https:\/\/dutchhealthstore.com\/fr\/#website\"},\"primaryImageOfPage\":{\"@id\":\"https:\/\/dutchhealthstore.com\/fr\/product\/conservatory-floral-antioxidant-nectar-facial-serum\/#primaryimage\"},\"image\":{\"@id\":\"https:\/\/dutchhealthstore.com\/fr\/product\/conservatory-floral-antioxidant-nectar-facial-serum\/#primaryimage\"},\"thumbnailUrl\":\"https:\/\/dutchhealthstore.com\/wp-content\/uploads\/2026\/02\/Untitled-design-2026-02-16T145801.658.jpg\",\"datePublished\":\"2026-02-23T10:34:56+00:00\",\"dateModified\":\"2026-03-31T16:56:16+00:00\",\"description\":\"Le Nectar Floral Antioxydant du Conservatoire est un s\u00e9rum facial riche en nutriments, formul\u00e9 \u00e0 partir de fleurs fra\u00eeches et de racines sauvages.\",\"breadcrumb\":{\"@id\":\"https:\/\/dutchhealthstore.com\/fr\/product\/conservatory-floral-antioxidant-nectar-facial-serum\/#breadcrumb\"},\"inLanguage\":\"fr-FR\",\"potentialAction\":[{\"@type\":\"ReadAction\",\"target\":[\"https:\/\/dutchhealthstore.com\/fr\/product\/conservatory-floral-antioxidant-nectar-facial-serum\/\"]}]},{\"@type\":\"ImageObject\",\"inLanguage\":\"fr-FR\",\"@id\":\"https:\/\/dutchhealthstore.com\/fr\/product\/conservatory-floral-antioxidant-nectar-facial-serum\/#primaryimage\",\"url\":\"https:\/\/dutchhealthstore.com\/wp-content\/uploads\/2026\/02\/Untitled-design-2026-02-16T145801.658.jpg\",\"contentUrl\":\"https:\/\/dutchhealthstore.com\/wp-content\/uploads\/2026\/02\/Untitled-design-2026-02-16T145801.658.jpg\",\"width\":530,\"height\":530,\"caption\":\"tidelands-house-conservatory-facial-cream-1\"},{\"@type\":\"BreadcrumbList\",\"@id\":\"https:\/\/dutchhealthstore.com\/fr\/product\/conservatory-floral-antioxidant-nectar-facial-serum\/#breadcrumb\",\"itemListElement\":[{\"@type\":\"ListItem\",\"position\":1,\"name\":\"Home\",\"item\":\"https:\/\/dutchhealthstore.com\/fr\/\"},{\"@type\":\"ListItem\",\"position\":2,\"name\":\"Shop\",\"item\":\"https:\/\/dutchhealthstore.com\/fr\/shop\/\"},{\"@type\":\"ListItem\",\"position\":3,\"name\":\"Conservatory Floral Antioxidant Nectar Facial Serum\"}]},{\"@type\":\"WebSite\",\"@id\":\"https:\/\/dutchhealthstore.com\/fr\/#website\",\"url\":\"https:\/\/dutchhealthstore.com\/fr\/\",\"name\":\"Dutch Health Store\",\"description\":\"Enhance Your Beauty with Organic &amp; Natural Skincare\",\"publisher\":{\"@id\":\"https:\/\/dutchhealthstore.com\/fr\/#organization\"},\"potentialAction\":[{\"@type\":\"SearchAction\",\"target\":{\"@type\":\"EntryPoint\",\"urlTemplate\":\"https:\/\/dutchhealthstore.com\/fr\/?s={search_term_string}\"},\"query-input\":{\"@type\":\"PropertyValueSpecification\",\"valueRequired\":true,\"valueName\":\"search_term_string\"}}],\"inLanguage\":\"fr-FR\"},{\"@type\":\"Organization\",\"@id\":\"https:\/\/dutchhealthstore.com\/fr\/#organization\",\"name\":\"Dutch Health Store\",\"url\":\"https:\/\/dutchhealthstore.com\/fr\/\",\"logo\":{\"@type\":\"ImageObject\",\"inLanguage\":\"fr-FR\",\"@id\":\"https:\/\/dutchhealthstore.com\/fr\/#\/schema\/logo\/image\/\",\"url\":\"https:\/\/dutchhealthstore.com\/wp-content\/uploads\/2020\/08\/logo-dutchhealthstore-jpg-e1599484957574.jpg\",\"contentUrl\":\"https:\/\/dutchhealthstore.com\/wp-content\/uploads\/2020\/08\/logo-dutchhealthstore-jpg-e1599484957574.jpg\",\"width\":400,\"height\":62,\"caption\":\"Dutch Health Store\"},\"image\":{\"@id\":\"https:\/\/dutchhealthstore.com\/fr\/#\/schema\/logo\/image\/\"},\"sameAs\":[\"https:\/\/www.instagram.com\/dutchhealthstore\/\",\"https:\/\/www.facebook.com\/dutchhealthstore\"]}]}<\/script>\n<meta property=\"product:brand\" content=\"Tidelands House\" \/>\n<meta property=\"product:price:amount\" content=\"60.00\" \/>\n<meta property=\"product:price:currency\" content=\"EUR\" \/>\n<meta property=\"og:availability\" content=\"out of stock\" \/>\n<meta property=\"product:availability\" content=\"out of stock\" \/>\n<meta property=\"product:condition\" content=\"new\" \/>\n<!-- \/ Yoast SEO Premium plugin. -->","yoast_head_json":{"title":"Conservatory Floral Antioxidant Nectar Facial Serum - Tidelands House","description":"Le Nectar Floral Antioxydant du Conservatoire est un s\u00e9rum facial riche en nutriments, formul\u00e9 \u00e0 partir de fleurs fra\u00eeches et de racines sauvages.","robots":{"index":"index","follow":"follow","max-snippet":"max-snippet:-1","max-image-preview":"max-image-preview:large","max-video-preview":"max-video-preview:-1"},"canonical":"https:\/\/dutchhealthstore.com\/fr\/product\/conservatory-floral-antioxidant-nectar-facial-serum\/","og_locale":"fr_FR","og_type":"article","og_title":"Conservatory Floral Antioxidant Nectar Facial Serum - Dutch Health Store","og_description":"Le Nectar Floral Antioxydant du Conservatoire est un s\u00e9rum facial riche en nutriments, formul\u00e9 \u00e0 partir de fleurs fra\u00eeches et de racines sauvages.","og_url":"https:\/\/dutchhealthstore.com\/fr\/product\/conservatory-floral-antioxidant-nectar-facial-serum\/","og_site_name":"Dutch Health Store","article_publisher":"https:\/\/www.instagram.com\/dutchhealthstore\/","article_modified_time":"2026-03-31T16:56:16+00:00","og_image":[{"width":530,"height":530,"url":"https:\/\/dutchhealthstore.com\/wp-content\/uploads\/2026\/02\/Untitled-design-2026-02-16T145801.658.jpg","type":"image\/jpeg"}],"twitter_card":"summary_large_image","twitter_misc":{"Prix":"&euro;60,00","Disponibilit\u00e9":"Rupture de stock"},"schema":{"@context":"https:\/\/schema.org","@graph":[{"@type":"WebPage","@id":"https:\/\/dutchhealthstore.com\/fr\/product\/conservatory-floral-antioxidant-nectar-facial-serum\/","url":"https:\/\/dutchhealthstore.com\/fr\/product\/conservatory-floral-antioxidant-nectar-facial-serum\/","name":"Conservatory Floral Antioxidant Nectar Facial Serum - Tidelands House","isPartOf":{"@id":"https:\/\/dutchhealthstore.com\/fr\/#website"},"primaryImageOfPage":{"@id":"https:\/\/dutchhealthstore.com\/fr\/product\/conservatory-floral-antioxidant-nectar-facial-serum\/#primaryimage"},"image":{"@id":"https:\/\/dutchhealthstore.com\/fr\/product\/conservatory-floral-antioxidant-nectar-facial-serum\/#primaryimage"},"thumbnailUrl":"https:\/\/dutchhealthstore.com\/wp-content\/uploads\/2026\/02\/Untitled-design-2026-02-16T145801.658.jpg","datePublished":"2026-02-23T10:34:56+00:00","dateModified":"2026-03-31T16:56:16+00:00","description":"Le Nectar Floral Antioxydant du Conservatoire est un s\u00e9rum facial riche en nutriments, formul\u00e9 \u00e0 partir de fleurs fra\u00eeches et de racines sauvages.","breadcrumb":{"@id":"https:\/\/dutchhealthstore.com\/fr\/product\/conservatory-floral-antioxidant-nectar-facial-serum\/#breadcrumb"},"inLanguage":"fr-FR","potentialAction":[{"@type":"ReadAction","target":["https:\/\/dutchhealthstore.com\/fr\/product\/conservatory-floral-antioxidant-nectar-facial-serum\/"]}]},{"@type":"ImageObject","inLanguage":"fr-FR","@id":"https:\/\/dutchhealthstore.com\/fr\/product\/conservatory-floral-antioxidant-nectar-facial-serum\/#primaryimage","url":"https:\/\/dutchhealthstore.com\/wp-content\/uploads\/2026\/02\/Untitled-design-2026-02-16T145801.658.jpg","contentUrl":"https:\/\/dutchhealthstore.com\/wp-content\/uploads\/2026\/02\/Untitled-design-2026-02-16T145801.658.jpg","width":530,"height":530,"caption":"tidelands-house-conservatory-facial-cream-1"},{"@type":"BreadcrumbList","@id":"https:\/\/dutchhealthstore.com\/fr\/product\/conservatory-floral-antioxidant-nectar-facial-serum\/#breadcrumb","itemListElement":[{"@type":"ListItem","position":1,"name":"Home","item":"https:\/\/dutchhealthstore.com\/fr\/"},{"@type":"ListItem","position":2,"name":"Shop","item":"https:\/\/dutchhealthstore.com\/fr\/shop\/"},{"@type":"ListItem","position":3,"name":"Conservatory Floral Antioxidant Nectar Facial Serum"}]},{"@type":"WebSite","@id":"https:\/\/dutchhealthstore.com\/fr\/#website","url":"https:\/\/dutchhealthstore.com\/fr\/","name":"Dutch Health Store","description":"Enhance Your Beauty with Organic &amp; Natural Skincare","publisher":{"@id":"https:\/\/dutchhealthstore.com\/fr\/#organization"},"potentialAction":[{"@type":"SearchAction","target":{"@type":"EntryPoint","urlTemplate":"https:\/\/dutchhealthstore.com\/fr\/?s={search_term_string}"},"query-input":{"@type":"PropertyValueSpecification","valueRequired":true,"valueName":"search_term_string"}}],"inLanguage":"fr-FR"},{"@type":"Organization","@id":"https:\/\/dutchhealthstore.com\/fr\/#organization","name":"Dutch Health Store","url":"https:\/\/dutchhealthstore.com\/fr\/","logo":{"@type":"ImageObject","inLanguage":"fr-FR","@id":"https:\/\/dutchhealthstore.com\/fr\/#\/schema\/logo\/image\/","url":"https:\/\/dutchhealthstore.com\/wp-content\/uploads\/2020\/08\/logo-dutchhealthstore-jpg-e1599484957574.jpg","contentUrl":"https:\/\/dutchhealthstore.com\/wp-content\/uploads\/2020\/08\/logo-dutchhealthstore-jpg-e1599484957574.jpg","width":400,"height":62,"caption":"Dutch Health Store"},"image":{"@id":"https:\/\/dutchhealthstore.com\/fr\/#\/schema\/logo\/image\/"},"sameAs":["https:\/\/www.instagram.com\/dutchhealthstore\/","https:\/\/www.facebook.com\/dutchhealthstore"]}]},"product_brand":"Tidelands House","product_price_amount":"60.00","product_price_currency":"EUR","og_availability":"out of stock","product_availability":"out of stock","product_condition":"new"},"_links":{"self":[{"href":"https:\/\/dutchhealthstore.com\/fr\/wp-json\/wp\/v2\/product\/372717","targetHints":{"allow":["GET"]}}],"collection":[{"href":"https:\/\/dutchhealthstore.com\/fr\/wp-json\/wp\/v2\/product"}],"about":[{"href":"https:\/\/dutchhealthstore.com\/fr\/wp-json\/wp\/v2\/types\/product"}],"replies":[{"embeddable":true,"href":"https:\/\/dutchhealthstore.com\/fr\/wp-json\/wp\/v2\/comments?post=372717"}],"wp:featuredmedia":[{"embeddable":true,"href":"https:\/\/dutchhealthstore.com\/fr\/wp-json\/wp\/v2\/media\/371582"}],"wp:attachment":[{"href":"https:\/\/dutchhealthstore.com\/fr\/wp-json\/wp\/v2\/media?parent=372717"}],"wp:term":[{"taxonomy":"product_brand","embeddable":true,"href":"https:\/\/dutchhealthstore.com\/fr\/wp-json\/wp\/v2\/product_brand?post=372717"},{"taxonomy":"product_cat","embeddable":true,"href":"https:\/\/dutchhealthstore.com\/fr\/wp-json\/wp\/v2\/product_cat?post=372717"},{"taxonomy":"product_tag","embeddable":true,"href":"https:\/\/dutchhealthstore.com\/fr\/wp-json\/wp\/v2\/product_tag?post=372717"}],"curies":[{"name":"wp","href":"https:\/\/api.w.org\/{rel}","templated":true}]}}