{"id":372714,"date":"2026-02-23T11:35:15","date_gmt":"2026-02-23T10:35:15","guid":{"rendered":"https:\/\/dutchhealthstore.com\/product\/the-sauvage-fermented-spring-greens-facial-serum\/"},"modified":"2026-03-19T15:35:22","modified_gmt":"2026-03-19T14:35:22","slug":"the-sauvage-fermented-spring-greens-facial-serum","status":"publish","type":"product","link":"https:\/\/dutchhealthstore.com\/fr\/product\/the-sauvage-fermented-spring-greens-facial-serum\/","title":{"rendered":"Th\u00e9 Sauvage Fermented Spring Greens Facial Serum"},"content":{"rendered":"<p>Les plantes sont \u00e9cras\u00e9es \u00e0 la main dans un mortier en pierre, puis d\u00e9licatement ferment\u00e9es afin de pr\u00e9server l\u2019int\u00e9gralit\u00e9 de leur profil nutritionnel. Le r\u00e9sultat : un s\u00e9rum vert profond qui refl\u00e8te sa richesse en vie v\u00e9g\u00e9tale et en compos\u00e9s actifs. <\/p>\n<p>Ce m\u00e9lange unique r\u00e9unit des plantes sauvages d\u2019origine r\u00e9gionale, riches en phytonutriments, vitamines essentielles et min\u00e9raux b\u00e9n\u00e9fiques pour la peau. Ensemble, elles favorisent une peau souple, d\u2019apparence saine, lumineuse et \u00e9clatante. <\/p>\n<p>La formule est apaisante, assouplissante et r\u00e9g\u00e9n\u00e9rante, adapt\u00e9e \u00e0 tous les types de peau.<\/p>\n<p><strong>Philosophie des fleurs<\/strong><\/p>\n<p>La feuille de persil en teinture, la framboise rouge, les jeunes orties, la menthe fra\u00eeche et le ferment de th\u00e9 Darjeeling constituent le c\u0153ur de ce s\u00e9rum vert vibrant.<\/p>\n<h3>Le rituel<\/h3>\n<p>Apr\u00e8s le nettoyage, vaporisez le visage avec une lotion tonique, une eau florale ou des gouttes de ros\u00e9e. Tant que la peau est encore l\u00e9g\u00e8rement humide, pressez 3 \u00e0 5 gouttes de s\u00e9rum sur le visage, le cou et le d\u00e9collet\u00e9. <\/p>\n<p>Massez d\u00e9licatement par mouvements circulaires jusqu\u2019\u00e0 absorption compl\u00e8te. Utilisez quotidiennement, matin et soir. Pour une nutrition et une r\u00e9paration plus profondes, poursuivez avec votre baume visage ou votre concentr\u00e9 de s\u00e9rum pr\u00e9f\u00e9r\u00e9.  <\/p>\n<p><strong>Plantes actives<\/strong><\/p>\n<p><em>Feuille de persil<\/em><\/p>\n<p>Riche en vitamine C, le persil aide \u00e0 soutenir la production de collag\u00e8ne, pour une peau souple et lisse tout en att\u00e9nuant l\u2019apparence des ridules. La vitamine K soutient la zone d\u00e9licate du contour de l\u2019\u0153il et aide \u00e0 minimiser l\u2019apparence des cernes et des poches. <\/p>\n<p><em>Racine d\u2019astragale<\/em><\/p>\n<p>Une plante puissante reconnue pour ses propri\u00e9t\u00e9s anti-inflammatoires naturelles. L\u2019astragale soutient la solidit\u00e9 des tissus conjonctifs et la sant\u00e9 globale de la peau. Elle peut aussi aider \u00e0 r\u00e9duire la d\u00e9gradation du collag\u00e8ne caus\u00e9e par l\u2019exposition aux UV.  <\/p>\n<p><em>Feuille d\u2019ortie<\/em><\/p>\n<p>Naturellement riche en silice, soufre et phytonutriments vibrants, l\u2019ortie aide \u00e0 renforcer la peau et \u00e0 am\u00e9liorer sa r\u00e9sistance face au stress environnemental et aux dommages li\u00e9s aux UV.<\/p>\n<p><em>Ferment de th\u00e9 Darjeeling<\/em><\/p>\n<p>Riche en antioxydants et en magn\u00e9sium, ce th\u00e9 ferment\u00e9 aide \u00e0 se d\u00e9fendre contre les radicaux libres tout en apaisant les imperfections et en adoucissant le teint.<\/p>\n<p><em>Racine de guimauve<\/em><\/p>\n<p>Un humectant naturel qui attire l\u2019hydratation dans la peau, am\u00e9liorant l\u2019hydratation. Ses flavono\u00efdes offrent un soutien apaisant et anti-inflammatoire, et aident \u00e0 se d\u00e9fendre contre le stress li\u00e9 aux UV et aux radicaux libres. <\/p>\n<p><em>Feuille de consoude<\/em><\/p>\n<p>Contient de l\u2019allanto\u00efne, qui aide \u00e0 assouplir et lisser la peau. Ses tanins aident \u00e0 prot\u00e9ger contre les bact\u00e9ries et les toxines environnementales tout en soutenant la r\u00e9paration cutan\u00e9e. L\u2019acide rosmarinique apporte une protection antioxydante contre les dommages li\u00e9s aux UV.  <\/p>\n<p><em>Feuille de framboisier rouge<\/em><\/p>\n<p>Fra\u00eechement press\u00e9e et non raffin\u00e9e, la feuille de framboisier rouge est riche en acides gras essentiels, carot\u00e9no\u00efdes et flavono\u00efdes. Elle aide \u00e0 am\u00e9liorer la r\u00e9sistance et la r\u00e9cup\u00e9ration de la peau apr\u00e8s l\u2019exposition au soleil. <\/p>\n<p><em>Algue spiruline<\/em><\/p>\n<p>La spiruline est l\u2019un des superaliments verts les plus riches en nutriments pour la peau. Elle contient des prot\u00e9ines, du b\u00eata-carot\u00e8ne, des enzymes, des acides amin\u00e9s, des fibres, des antioxydants, des vitamines A, B, C, E et B12, ainsi que d\u2019importants oligo-\u00e9l\u00e9ments. Ces nutriments aident \u00e0 nourrir et \u00e0 soutenir un teint d\u2019apparence saine.  <\/p>\n<p><em>Ashwagandha sauvage<\/em><\/p>\n<p>Reconnue pour sa capacit\u00e9 \u00e0 soutenir la production de collag\u00e8ne, l\u2019ashwagandha aide \u00e0 am\u00e9liorer le tonus et la texture. Ses antioxydants naturels contribuent \u00e0 r\u00e9duire l\u2019apparence des ridules et de la pigmentation irr\u00e9guli\u00e8re. <\/p>\n<p><em>Feuille de moringa<\/em><\/p>\n<p>Exceptionnellement riche en vitamine C, le moringa soutient la production naturelle de collag\u00e8ne et un renouvellement cellulaire sain. Il contient aussi des vitamines A et B, qui aident \u00e0 neutraliser les radicaux libres et \u00e0 soutenir le processus de r\u00e9paration de la peau. <\/p>\n<p><strong>Tous les ingr\u00e9dients sont biologiques, issus de cueillette sauvage, et sourc\u00e9s de mani\u00e8re durable, \u00e9thique et r\u00e9gionale.<\/strong><\/p>\n<p><strong>Taille : 30 ml<\/strong><\/p>\n<h2><strong>Ingr\u00e9dients naturels \/ biologiques <\/strong><\/h2>\n<p>Extraits et essences maison de plantes enti\u00e8res : feuille de consoude (Symphytum officinale), racine de guimauve (Althaea officinalis), feuille d\u2019ortie (Urtica dioica), fleur d\u2019achill\u00e9e millefeuille (Achillea millefolium), mouron des oiseaux (Stellaria media), feuille de framboisier (Rubus idaeus), pr\u00eale (Equisetum arvense), feuille de persil (Petroselinum crispum), ferment de th\u00e9 Darjeeling (Camellia sinensis), plantain frais (Plantago major), fleur de houblon (Humulus lupulus), menthe sauvage (Mentha arvensis), feuille de moringa (Moringa oleifera), racine de pissenlit (Taraxacum officinale), racine d\u2019ashwagandha (Withania somnifera), algue spiruline (Arthrospira platensis), huile de jojoba (Simmondsia chinensis), huile de tamanu (Calophyllum inophyllum), huile de graines de framboise rouge (Rubus idaeus), huile de graines de chia (Salvia hispanica), m\u00e9lange exclusif d\u2019essences botaniques distill\u00e9es au cuivre.<\/p>\n\n\t<section class=\"section dark\" id=\"section_859678627\">\n\t\t<div class=\"section-bg fill\" >\n\t\t\t<img fetchpriority=\"high\" decoding=\"async\" width=\"1200\" height=\"604\" src=\"https:\/\/dutchhealthstore.com\/wp-content\/uploads\/2026\/02\/bgux.jpg\" class=\"bg attachment- size-\" alt=\"\" \/>\t\t\t\t\t\t<div class=\"section-bg-overlay absolute fill\"><\/div>\n\t\t\t\n\n\t\t<\/div>\n\n\t\t\n\n\t\t<div class=\"section-content relative\">\n\t\t\t\n\n\t<div id=\"gap-12676158\" class=\"gap-element clearfix\" style=\"display:block; height:auto;\">\n\t\t\n<style>\n#gap-12676158 {\n  padding-top: 15px;\n}\n<\/style>\n\t<\/div>\n\t\n\n<div class=\"container section-title-container\" ><h3 class=\"section-title section-title-normal\"><b><\/b><span class=\"section-title-main\" >\u00c0 propos de Tidelands House<\/span><b><\/b><\/h3><\/div>\n\n<div class=\"row\"  id=\"row-90444158\">\n\n\n\t<div id=\"col-603483266\" class=\"col small-12 large-12\"  >\n\t\t\t\t<div class=\"col-inner\"  >\n\t\t\t\n\t\t\t\n\n<p>Tidelands House est un atelier canadien de soins botaniques pour la peau, fond\u00e9 par l\u2019herboriste Dominique Del Col. Chaque formule est fabriqu\u00e9e \u00e0 la main dans une distillerie baign\u00e9e de lumi\u00e8re solaire, au sein d\u2019un cottage en pierre restaur\u00e9 du XIXe si\u00e8cle, o\u00f9 des herbes sont suspendues aux poutres en bois et o\u00f9 les plantes sont pr\u00e9par\u00e9es au rythme des saisons.<\/p>\n<p>Des plantes sauvages cueillies, la culture biodynamique et des v\u00e9g\u00e9taux marins r\u00e9colt\u00e9s sur les c\u00f4tes orientales du Canada constituent le c\u0153ur de chaque pr\u00e9paration. Les ingr\u00e9dients sont r\u00e9colt\u00e9s au pic de leur vitalit\u00e9 et \u00e9labor\u00e9s en micro-lots afin de pr\u00e9server leur puissance, leur fra\u00eecheur et leur int\u00e9grit\u00e9 \u00e9nerg\u00e9tique. <\/p>\n<p>Aucun additif synth\u00e9tique. Aucun agent de charge inutile. Uniquement des extraits botaniques riches en nutriments, des essences florales ferment\u00e9es et des huiles v\u00e9g\u00e9tales pures, pr\u00e9sent\u00e9s dans du verre opalin d\u2019inspiration patrimoniale.  <\/p>\n<p>Tidelands House propose des soins lents et intentionnels \u2014 ancr\u00e9s dans la terre, le rituel et le respect \u00e0 la fois de la tradition et de la science botanique moderne.<\/p>\n\n\n\t\t<\/div>\n\t\t\t\t\t<\/div>\n\n\t\n\n<\/div>\n\n\t\t<\/div>\n\n\t\t\n<style>\n#section_859678627 {\n  padding-top: 30px;\n  padding-bottom: 30px;\n  background-color: rgb(40, 40, 40);\n}\n#section_859678627 .section-bg-overlay {\n  background-color: rgba(0, 0, 0, 0.477);\n}\n#section_859678627 .section-bg img {\n  object-position: 51% 73%;\n}\n<\/style>\n\t<\/section>\n\t\n","protected":false},"excerpt":{"rendered":"<p>Th\u00e9 Sauvage est un s\u00e9rum visage hautement concentr\u00e9, formul\u00e9 avec plus de vingt herbes sauvages cueillies et de jeunes pousses printani\u00e8res fra\u00eeches. Chaque plante est soigneusement s\u00e9lectionn\u00e9e au sommet de sa vitalit\u00e9 saisonni\u00e8re. <\/p>\n","protected":false},"featured_media":371561,"comment_status":"open","ping_status":"closed","template":"","meta":[],"product_brand":[],"product_cat":[20925,20992,20947,20991,14733,1908,20908,1209,1030,5107,5711,5673,5710,5627,5709,5121,1229,5712,5714,5715,5716,5713,4240,1010,13172,22208],"product_tag":[],"class_list":{"0":"post-372714","1":"product","2":"type-product","3":"status-publish","4":"has-post-thumbnail","6":"product_cat-peau-mature-et-vieillissante","7":"product_cat-secs-fr-3","8":"product_cat-secs-fr","9":"product_cat-serums-fr-6","10":"product_cat-soins-de-la-peau","11":"product_cat-new-additions-fr","12":"product_cat-new-additions-skincare-fr","13":"product_cat-par-marques","14":"product_cat-par-produits","15":"product_cat-by-skin-type-fr-4","16":"product_cat-oily-skin-clogged-pores-fr-5","17":"product_cat-oily-skin-clogged-pores-fr","18":"product_cat-normal-or-combination-skin-fr-4","19":"product_cat-normal-or-combination-skin-fr-2","20":"product_cat-dry-mature-ageing-skin-fr-4","21":"product_cat-dry-mature-ageing-skin-fr-2","22":"product_cat-sensitive-skin-redness-fr","23":"product_cat-sensitive-skin-redness-fr-3","24":"product_cat-serums-fr-3","25":"product_cat-serums-fr-4","26":"product_cat-serums-fr-5","27":"product_cat-serums-fr","28":"product_cat-serums-fr-2","29":"product_cat-notre-boutique","30":"product_cat-skincare-fr-2","31":"product_cat-tidelands-house","32":"pa_brand-tidelands-house","33":"pa_gtin-22307","34":"pa_size-30-ml-3-fr","35":"pa_skincare-type-face-oil-and-serums-fr","37":"first","38":"outofstock","39":"taxable","40":"shipping-taxable","41":"purchasable","42":"product-type-simple"},"bundled_by":[],"bundle_stock_status":"outofstock","bundle_stock_quantity":0,"bundle_virtual":false,"bundle_layout":"","bundle_add_to_cart_form_location":"","bundle_editable_in_cart":false,"bundle_sold_individually_context":"","bundle_item_grouping":"","bundle_min_size":"","bundle_max_size":"","bundle_price":[],"bundled_items":[],"bundle_sell_ids":[372480,372603,372695,372688],"atum_controlled":true,"out_stock_date":"2026-03-28 13:53:45","out_stock_threshold":null,"inheritable":false,"stock_on_hold":1,"sold_today":0,"sales_last_days":1,"out_stock_days":1,"lost_sales":8,"update_date":"2026-04-07T06:56:24","atum_locations":[],"atum_stock_status":"outofstock","restock_status":false,"low_stock_amount":"","sales_update_date":"2026-04-07T06:56:24","calc_backorders":null,"group_of_quantity":0,"min_quantity":0,"max_quantity":"","exclude_order_quantity_value_rules":"no","exclude_category_quantity_rules":"no","combine_variations":"no","yoast_head":"<!-- This site is optimized with the Yoast SEO Premium plugin v26.5 (Yoast SEO v26.5) - https:\/\/yoast.com\/wordpress\/plugins\/seo\/ -->\n<title>Th\u00e9 Sauvage Fermented Spring Greens Facial Serum - Tidelands House<\/title>\n<meta name=\"description\" content=\"Th\u00e9 Sauvage est un s\u00e9rum visage hautement concentr\u00e9, formul\u00e9 avec plus de vingt herbes sauvages cueillies et de jeunes pousses printani\u00e8res fra\u00eeches.\" \/>\n<meta name=\"robots\" content=\"index, follow, max-snippet:-1, max-image-preview:large, max-video-preview:-1\" \/>\n<link rel=\"canonical\" href=\"https:\/\/dutchhealthstore.com\/fr\/product\/the-sauvage-fermented-spring-greens-facial-serum\/\" \/>\n<meta property=\"og:locale\" content=\"fr_FR\" \/>\n<meta property=\"og:type\" content=\"article\" \/>\n<meta property=\"og:title\" content=\"Th\u00e9 Sauvage Fermented Spring Greens Facial Serum - Dutch Health Store\" \/>\n<meta property=\"og:description\" content=\"Th\u00e9 Sauvage est un s\u00e9rum visage hautement concentr\u00e9, formul\u00e9 avec plus de vingt herbes sauvages cueillies et de jeunes pousses printani\u00e8res fra\u00eeches.\" \/>\n<meta property=\"og:url\" content=\"https:\/\/dutchhealthstore.com\/fr\/product\/the-sauvage-fermented-spring-greens-facial-serum\/\" \/>\n<meta property=\"og:site_name\" content=\"Dutch Health Store\" \/>\n<meta property=\"article:publisher\" content=\"https:\/\/www.instagram.com\/dutchhealthstore\/\" \/>\n<meta property=\"article:modified_time\" content=\"2026-03-19T14:35:22+00:00\" \/>\n<meta property=\"og:image\" content=\"https:\/\/dutchhealthstore.com\/wp-content\/uploads\/2026\/02\/Untitled-design-2026-02-16T144137.577.jpg\" \/>\n\t<meta property=\"og:image:width\" content=\"530\" \/>\n\t<meta property=\"og:image:height\" content=\"530\" \/>\n\t<meta property=\"og:image:type\" content=\"image\/jpeg\" \/>\n<meta name=\"twitter:card\" content=\"summary_large_image\" \/>\n<meta name=\"twitter:label1\" content=\"Prix\" \/>\n\t<meta name=\"twitter:data1\" content=\"&euro;60,00\" \/>\n\t<meta name=\"twitter:label2\" content=\"Disponibilit\u00e9\" \/>\n\t<meta name=\"twitter:data2\" content=\"Rupture de stock\" \/>\n<script type=\"application\/ld+json\" class=\"yoast-schema-graph\">{\"@context\":\"https:\/\/schema.org\",\"@graph\":[{\"@type\":\"WebPage\",\"@id\":\"https:\/\/dutchhealthstore.com\/fr\/product\/the-sauvage-fermented-spring-greens-facial-serum\/\",\"url\":\"https:\/\/dutchhealthstore.com\/fr\/product\/the-sauvage-fermented-spring-greens-facial-serum\/\",\"name\":\"Th\u00e9 Sauvage Fermented Spring Greens Facial Serum - Tidelands House\",\"isPartOf\":{\"@id\":\"https:\/\/dutchhealthstore.com\/fr\/#website\"},\"primaryImageOfPage\":{\"@id\":\"https:\/\/dutchhealthstore.com\/fr\/product\/the-sauvage-fermented-spring-greens-facial-serum\/#primaryimage\"},\"image\":{\"@id\":\"https:\/\/dutchhealthstore.com\/fr\/product\/the-sauvage-fermented-spring-greens-facial-serum\/#primaryimage\"},\"thumbnailUrl\":\"https:\/\/dutchhealthstore.com\/wp-content\/uploads\/2026\/02\/Untitled-design-2026-02-16T144137.577.jpg\",\"datePublished\":\"2026-02-23T10:35:15+00:00\",\"dateModified\":\"2026-03-19T14:35:22+00:00\",\"description\":\"Th\u00e9 Sauvage est un s\u00e9rum visage hautement concentr\u00e9, formul\u00e9 avec plus de vingt herbes sauvages cueillies et de jeunes pousses printani\u00e8res fra\u00eeches.\",\"breadcrumb\":{\"@id\":\"https:\/\/dutchhealthstore.com\/fr\/product\/the-sauvage-fermented-spring-greens-facial-serum\/#breadcrumb\"},\"inLanguage\":\"fr-FR\",\"potentialAction\":[{\"@type\":\"ReadAction\",\"target\":[\"https:\/\/dutchhealthstore.com\/fr\/product\/the-sauvage-fermented-spring-greens-facial-serum\/\"]}]},{\"@type\":\"ImageObject\",\"inLanguage\":\"fr-FR\",\"@id\":\"https:\/\/dutchhealthstore.com\/fr\/product\/the-sauvage-fermented-spring-greens-facial-serum\/#primaryimage\",\"url\":\"https:\/\/dutchhealthstore.com\/wp-content\/uploads\/2026\/02\/Untitled-design-2026-02-16T144137.577.jpg\",\"contentUrl\":\"https:\/\/dutchhealthstore.com\/wp-content\/uploads\/2026\/02\/Untitled-design-2026-02-16T144137.577.jpg\",\"width\":530,\"height\":530,\"caption\":\"tidelands-house-the-sauvage\"},{\"@type\":\"BreadcrumbList\",\"@id\":\"https:\/\/dutchhealthstore.com\/fr\/product\/the-sauvage-fermented-spring-greens-facial-serum\/#breadcrumb\",\"itemListElement\":[{\"@type\":\"ListItem\",\"position\":1,\"name\":\"Home\",\"item\":\"https:\/\/dutchhealthstore.com\/fr\/\"},{\"@type\":\"ListItem\",\"position\":2,\"name\":\"Shop\",\"item\":\"https:\/\/dutchhealthstore.com\/fr\/shop\/\"},{\"@type\":\"ListItem\",\"position\":3,\"name\":\"Th\u00e9 Sauvage Fermented Spring Greens Facial Serum\"}]},{\"@type\":\"WebSite\",\"@id\":\"https:\/\/dutchhealthstore.com\/fr\/#website\",\"url\":\"https:\/\/dutchhealthstore.com\/fr\/\",\"name\":\"Dutch Health Store\",\"description\":\"Enhance Your Beauty with Organic &amp; Natural Skincare\",\"publisher\":{\"@id\":\"https:\/\/dutchhealthstore.com\/fr\/#organization\"},\"potentialAction\":[{\"@type\":\"SearchAction\",\"target\":{\"@type\":\"EntryPoint\",\"urlTemplate\":\"https:\/\/dutchhealthstore.com\/fr\/?s={search_term_string}\"},\"query-input\":{\"@type\":\"PropertyValueSpecification\",\"valueRequired\":true,\"valueName\":\"search_term_string\"}}],\"inLanguage\":\"fr-FR\"},{\"@type\":\"Organization\",\"@id\":\"https:\/\/dutchhealthstore.com\/fr\/#organization\",\"name\":\"Dutch Health Store\",\"url\":\"https:\/\/dutchhealthstore.com\/fr\/\",\"logo\":{\"@type\":\"ImageObject\",\"inLanguage\":\"fr-FR\",\"@id\":\"https:\/\/dutchhealthstore.com\/fr\/#\/schema\/logo\/image\/\",\"url\":\"https:\/\/dutchhealthstore.com\/wp-content\/uploads\/2020\/08\/logo-dutchhealthstore-jpg-e1599484957574.jpg\",\"contentUrl\":\"https:\/\/dutchhealthstore.com\/wp-content\/uploads\/2020\/08\/logo-dutchhealthstore-jpg-e1599484957574.jpg\",\"width\":400,\"height\":62,\"caption\":\"Dutch Health Store\"},\"image\":{\"@id\":\"https:\/\/dutchhealthstore.com\/fr\/#\/schema\/logo\/image\/\"},\"sameAs\":[\"https:\/\/www.instagram.com\/dutchhealthstore\/\",\"https:\/\/www.facebook.com\/dutchhealthstore\"]}]}<\/script>\n<meta property=\"product:brand\" content=\"Tidelands House\" \/>\n<meta property=\"product:price:amount\" content=\"60.00\" \/>\n<meta property=\"product:price:currency\" content=\"EUR\" \/>\n<meta property=\"og:availability\" content=\"out of stock\" \/>\n<meta property=\"product:availability\" content=\"out of stock\" \/>\n<meta property=\"product:condition\" content=\"new\" \/>\n<!-- \/ Yoast SEO Premium plugin. -->","yoast_head_json":{"title":"Th\u00e9 Sauvage Fermented Spring Greens Facial Serum - Tidelands House","description":"Th\u00e9 Sauvage est un s\u00e9rum visage hautement concentr\u00e9, formul\u00e9 avec plus de vingt herbes sauvages cueillies et de jeunes pousses printani\u00e8res fra\u00eeches.","robots":{"index":"index","follow":"follow","max-snippet":"max-snippet:-1","max-image-preview":"max-image-preview:large","max-video-preview":"max-video-preview:-1"},"canonical":"https:\/\/dutchhealthstore.com\/fr\/product\/the-sauvage-fermented-spring-greens-facial-serum\/","og_locale":"fr_FR","og_type":"article","og_title":"Th\u00e9 Sauvage Fermented Spring Greens Facial Serum - Dutch Health Store","og_description":"Th\u00e9 Sauvage est un s\u00e9rum visage hautement concentr\u00e9, formul\u00e9 avec plus de vingt herbes sauvages cueillies et de jeunes pousses printani\u00e8res fra\u00eeches.","og_url":"https:\/\/dutchhealthstore.com\/fr\/product\/the-sauvage-fermented-spring-greens-facial-serum\/","og_site_name":"Dutch Health Store","article_publisher":"https:\/\/www.instagram.com\/dutchhealthstore\/","article_modified_time":"2026-03-19T14:35:22+00:00","og_image":[{"width":530,"height":530,"url":"https:\/\/dutchhealthstore.com\/wp-content\/uploads\/2026\/02\/Untitled-design-2026-02-16T144137.577.jpg","type":"image\/jpeg"}],"twitter_card":"summary_large_image","twitter_misc":{"Prix":"&euro;60,00","Disponibilit\u00e9":"Rupture de stock"},"schema":{"@context":"https:\/\/schema.org","@graph":[{"@type":"WebPage","@id":"https:\/\/dutchhealthstore.com\/fr\/product\/the-sauvage-fermented-spring-greens-facial-serum\/","url":"https:\/\/dutchhealthstore.com\/fr\/product\/the-sauvage-fermented-spring-greens-facial-serum\/","name":"Th\u00e9 Sauvage Fermented Spring Greens Facial Serum - Tidelands House","isPartOf":{"@id":"https:\/\/dutchhealthstore.com\/fr\/#website"},"primaryImageOfPage":{"@id":"https:\/\/dutchhealthstore.com\/fr\/product\/the-sauvage-fermented-spring-greens-facial-serum\/#primaryimage"},"image":{"@id":"https:\/\/dutchhealthstore.com\/fr\/product\/the-sauvage-fermented-spring-greens-facial-serum\/#primaryimage"},"thumbnailUrl":"https:\/\/dutchhealthstore.com\/wp-content\/uploads\/2026\/02\/Untitled-design-2026-02-16T144137.577.jpg","datePublished":"2026-02-23T10:35:15+00:00","dateModified":"2026-03-19T14:35:22+00:00","description":"Th\u00e9 Sauvage est un s\u00e9rum visage hautement concentr\u00e9, formul\u00e9 avec plus de vingt herbes sauvages cueillies et de jeunes pousses printani\u00e8res fra\u00eeches.","breadcrumb":{"@id":"https:\/\/dutchhealthstore.com\/fr\/product\/the-sauvage-fermented-spring-greens-facial-serum\/#breadcrumb"},"inLanguage":"fr-FR","potentialAction":[{"@type":"ReadAction","target":["https:\/\/dutchhealthstore.com\/fr\/product\/the-sauvage-fermented-spring-greens-facial-serum\/"]}]},{"@type":"ImageObject","inLanguage":"fr-FR","@id":"https:\/\/dutchhealthstore.com\/fr\/product\/the-sauvage-fermented-spring-greens-facial-serum\/#primaryimage","url":"https:\/\/dutchhealthstore.com\/wp-content\/uploads\/2026\/02\/Untitled-design-2026-02-16T144137.577.jpg","contentUrl":"https:\/\/dutchhealthstore.com\/wp-content\/uploads\/2026\/02\/Untitled-design-2026-02-16T144137.577.jpg","width":530,"height":530,"caption":"tidelands-house-the-sauvage"},{"@type":"BreadcrumbList","@id":"https:\/\/dutchhealthstore.com\/fr\/product\/the-sauvage-fermented-spring-greens-facial-serum\/#breadcrumb","itemListElement":[{"@type":"ListItem","position":1,"name":"Home","item":"https:\/\/dutchhealthstore.com\/fr\/"},{"@type":"ListItem","position":2,"name":"Shop","item":"https:\/\/dutchhealthstore.com\/fr\/shop\/"},{"@type":"ListItem","position":3,"name":"Th\u00e9 Sauvage Fermented Spring Greens Facial Serum"}]},{"@type":"WebSite","@id":"https:\/\/dutchhealthstore.com\/fr\/#website","url":"https:\/\/dutchhealthstore.com\/fr\/","name":"Dutch Health Store","description":"Enhance Your Beauty with Organic &amp; Natural Skincare","publisher":{"@id":"https:\/\/dutchhealthstore.com\/fr\/#organization"},"potentialAction":[{"@type":"SearchAction","target":{"@type":"EntryPoint","urlTemplate":"https:\/\/dutchhealthstore.com\/fr\/?s={search_term_string}"},"query-input":{"@type":"PropertyValueSpecification","valueRequired":true,"valueName":"search_term_string"}}],"inLanguage":"fr-FR"},{"@type":"Organization","@id":"https:\/\/dutchhealthstore.com\/fr\/#organization","name":"Dutch Health Store","url":"https:\/\/dutchhealthstore.com\/fr\/","logo":{"@type":"ImageObject","inLanguage":"fr-FR","@id":"https:\/\/dutchhealthstore.com\/fr\/#\/schema\/logo\/image\/","url":"https:\/\/dutchhealthstore.com\/wp-content\/uploads\/2020\/08\/logo-dutchhealthstore-jpg-e1599484957574.jpg","contentUrl":"https:\/\/dutchhealthstore.com\/wp-content\/uploads\/2020\/08\/logo-dutchhealthstore-jpg-e1599484957574.jpg","width":400,"height":62,"caption":"Dutch Health Store"},"image":{"@id":"https:\/\/dutchhealthstore.com\/fr\/#\/schema\/logo\/image\/"},"sameAs":["https:\/\/www.instagram.com\/dutchhealthstore\/","https:\/\/www.facebook.com\/dutchhealthstore"]}]},"product_brand":"Tidelands House","product_price_amount":"60.00","product_price_currency":"EUR","og_availability":"out of stock","product_availability":"out of stock","product_condition":"new"},"_links":{"self":[{"href":"https:\/\/dutchhealthstore.com\/fr\/wp-json\/wp\/v2\/product\/372714","targetHints":{"allow":["GET"]}}],"collection":[{"href":"https:\/\/dutchhealthstore.com\/fr\/wp-json\/wp\/v2\/product"}],"about":[{"href":"https:\/\/dutchhealthstore.com\/fr\/wp-json\/wp\/v2\/types\/product"}],"replies":[{"embeddable":true,"href":"https:\/\/dutchhealthstore.com\/fr\/wp-json\/wp\/v2\/comments?post=372714"}],"wp:featuredmedia":[{"embeddable":true,"href":"https:\/\/dutchhealthstore.com\/fr\/wp-json\/wp\/v2\/media\/371561"}],"wp:attachment":[{"href":"https:\/\/dutchhealthstore.com\/fr\/wp-json\/wp\/v2\/media?parent=372714"}],"wp:term":[{"taxonomy":"product_brand","embeddable":true,"href":"https:\/\/dutchhealthstore.com\/fr\/wp-json\/wp\/v2\/product_brand?post=372714"},{"taxonomy":"product_cat","embeddable":true,"href":"https:\/\/dutchhealthstore.com\/fr\/wp-json\/wp\/v2\/product_cat?post=372714"},{"taxonomy":"product_tag","embeddable":true,"href":"https:\/\/dutchhealthstore.com\/fr\/wp-json\/wp\/v2\/product_tag?post=372714"}],"curies":[{"name":"wp","href":"https:\/\/api.w.org\/{rel}","templated":true}]}}