{"id":372711,"date":"2026-02-23T11:35:34","date_gmt":"2026-02-23T10:35:34","guid":{"rendered":"https:\/\/dutchhealthstore.com\/product\/sweet-brine-facial-cleansing-fluid-makeup-remover\/"},"modified":"2026-03-23T14:29:19","modified_gmt":"2026-03-23T13:29:19","slug":"sweet-brine-facial-cleansing-fluid-makeup-remover","status":"publish","type":"product","link":"https:\/\/dutchhealthstore.com\/fr\/product\/sweet-brine-facial-cleansing-fluid-makeup-remover\/","title":{"rendered":"Sweet Brine Facial Cleansing Fluid + Makeup Remover"},"content":{"rendered":"<p>La formule m\u00e9lange des algues marines sauvages avec des plantes riches en nutriments et des extraits distill\u00e9s \u00e0 l\u2019interne.<\/p>\n<p>Ensemble, ces ingr\u00e9dients aident \u00e0 purifier, nourrir, hydrater et restaurer votre teint. Tout en \u00e9liminant les impuret\u00e9s et le maquillage, il soutient l\u2019\u00e9quilibre naturel de la peau, la laissant douce, fra\u00eeche et ressourc\u00e9e. <\/p>\n<p>Philosophie des fleurs<\/p>\n<p>Le varech de sucre c\u00f4tier, l\u2019algue kombu grill\u00e9e, le houblon en fleur, la feuille de consoude et la racine de guimauve s\u2019unissent dans ce m\u00e9lange soigneusement \u00e9labor\u00e9. Chaque plante est choisie pour sa capacit\u00e9 \u00e0 apaiser, renforcer et favoriser une peau d\u2019apparence saine. <\/p>\n<h3>Le rituel<\/h3>\n<p>Appliquez un l\u00e9ger filet de fluide nettoyant sur la peau s\u00e8che. Massez doucement pendant 1 \u00e0 3 minutes, en insistant sur le maquillage des yeux, le fond de teint et les zones de congestion. <\/p>\n<p>Trempez une lingette pour le visage dans l\u2019eau chaude et placez-la sur votre visage. Pressez doucement jusqu\u2019\u00e0 ce que le tissu refroidisse. R\u00e9p\u00e9tez cette \u00e9tape 1 \u00e0 3 fois sur le visage, le cou et le d\u00e9collet\u00e9 jusqu\u2019\u00e0 ce que le nettoyant soit compl\u00e8tement \u00e9limin\u00e9.  <\/p>\n<p>Terminez votre routine avec une brume faciale, un s\u00e9rum et un baume pour sceller l\u2019hydratation.<\/p>\n<p>Pour de meilleurs r\u00e9sultats, utilisez-le avec la <a href=\"https:\/\/dutchhealthstore.com\/product\/organic-h-face-cloth\/\">Lingette pour le visage en coton biologique<\/a>. Ensemble, ils aident \u00e0 nettoyer, vaporiser, d\u00e9toxifier et nourrir la peau avec facilit\u00e9. <\/p>\n<p><strong>Plantes actives<\/strong><br \/>\n<em>Varech de sucre et algues kombu<\/em><\/p>\n<p>Les algues sauvages figurent parmi les plantes les plus denses en nutriments de la nature. Elles contiennent des prot\u00e9ines, du b\u00eata-carot\u00e8ne, des enzymes, des acides amin\u00e9s, des fibres, des polysaccharides de mucilage, des antioxydants et des vitamines A, B, C, E et B12. Elles sont \u00e9galement riches en oligo-\u00e9l\u00e9ments qui aident \u00e0 maintenir une peau saine et \u00e9clatante.  <\/p>\n<p><em>Mousse d\u2019Irlande<\/em><\/p>\n<p>R\u00e9colt\u00e9e \u00e0 la main le long des rivages sablonneux de l\u2019\u00cele-du-Prince-\u00c9douard, la mousse d\u2019Irlande regorge de calcium, de soufre, de magn\u00e9sium, de potassium, de vitamine A et de vitamine K. Ces nutriments aident \u00e0 adoucir les ridules, \u00e0 hydrater la peau et \u00e0 la prot\u00e9ger contre le stress environnemental. Naturellement riche en mucilage, elle hydrate en profondeur les peaux s\u00e8ches et sensibles sans obstruer les pores. <\/p>\n<p><em>Racine de guimauve<\/em><\/p>\n<p>Humectant naturel, la racine de guimauve attire l\u2019humidit\u00e9 dans la peau pour am\u00e9liorer l\u2019hydratation. Elle est riche en flavono\u00efdes et poss\u00e8de des propri\u00e9t\u00e9s anti-inflammatoires naturelles. Cela aide \u00e0 calmer la peau et \u00e0 la d\u00e9fendre contre les dommages caus\u00e9s par les UV et les radicaux libres.  <\/p>\n<p><em>Feuille de consoude<\/em><\/p>\n<p>La feuille de consoude contient de l\u2019allanto\u00efne, un compos\u00e9 puissant qui adoucit et lisse la peau. Ses tanins aident \u00e0 prot\u00e9ger contre les bact\u00e9ries et les toxines environnementales tout en \u00e9liminant les impuret\u00e9s. L\u2019acide rosmarinique offre un soutien antioxydant et aide \u00e0 prot\u00e9ger la peau du stress li\u00e9 aux UV.  <\/p>\n<p><em>Fleur d\u2019immortelle<\/em><\/p>\n<p>Cette plante \u00e9quilibrante aide \u00e0 r\u00e9duire l\u2019apparence des taches de vieillesse et du teint irr\u00e9gulier. Elle apaise l\u2019inflammation et favorise un teint radieux et \u00e9clatant. <\/p>\n<p><em>Essence d\u2019achill\u00e9e millefeuille<\/em><\/p>\n<p>L\u2019achill\u00e9e millefeuille est calmante et profond\u00e9ment apaisante, ce qui la rend id\u00e9ale pour les peaux sensibles ou sujettes aux irritations. Elle soutient la r\u00e9paration cutan\u00e9e et favorise une apparence saine. <\/p>\n<p><em>Fleur de calendula r\u00e9colt\u00e9e<\/em><\/p>\n<p>Le calendula aide \u00e0 am\u00e9liorer la fermet\u00e9 de la peau tout en la prot\u00e9geant contre les dommages environnementaux quotidiens. Il augmente les niveaux d\u2019hydratation, ce qui est essentiel pour pr\u00e9venir les signes visibles du vieillissement. Riche en antioxydants et dot\u00e9 de propri\u00e9t\u00e9s antiseptiques naturelles, il est particuli\u00e8rement b\u00e9n\u00e9fique pour les peaux sujettes \u00e0 l\u2019acn\u00e9 ou aux rougeurs.  <\/p>\n<p>Tous les ingr\u00e9dients sont biologiques, sauvages et sourc\u00e9s de mani\u00e8re durable et \u00e9thique aupr\u00e8s de producteurs r\u00e9gionaux.<\/p>\n<p><strong>Taille : 50 ml<\/strong><\/p>\n<h2><strong>Ingr\u00e9dients naturels \/ biologiques <\/strong><\/h2>\n<p>Extractions de plantes enti\u00e8res et essences maison de varech de sucre de l\u2019\u00eele de Vancouver ( <em>Saccharina latissima<\/em>), varech taureau c\u00f4tier ( <em>Nereocystis luetkeana<\/em>), mousse d\u2019Irlande de l\u2019\u00cele-du-Prince-\u00c9douard ( <em>Chondrus crispus<\/em>), racine de guimauve ( <em>Althaea officinalis<\/em>), fleur et racine d\u2019achill\u00e9e millefeuille ( <em>Achillea millefolium<\/em>), mouron des oiseaux ( <em>Stellaria media<\/em>), fleur de calendula ( <em>Calendula officinalis<\/em>), fleur de houblon ( <em>Humulus lupulus<\/em>), fleur de lavande ( <em>Lavandula angustifolia<\/em>), gotu kola ( <em>Centella asiatica<\/em>), feuille de consoude ( <em>Symphytum officinale<\/em>), feuille de pr\u00eale ( <em>Equisetum arvense<\/em>), fleur d\u2019immortelle ( <em>Helichrysum italicum<\/em>), teinture de fleur de lavandin ( <em>Lavandula x intermedia<\/em>), huile de graines de tournesol (<em>Helianthus annuus<\/em>), graines de citrouille (<em>Cucurbita pepo<\/em>), graine de ricin (<em>Ricinus communis<\/em>), huile de jojoba (<em>Simmondsia chinensis<\/em>).<\/p>\n\n\t<section class=\"section dark\" id=\"section_729592834\">\n\t\t<div class=\"section-bg fill\" >\n\t\t\t<img fetchpriority=\"high\" decoding=\"async\" width=\"1200\" height=\"604\" src=\"https:\/\/dutchhealthstore.com\/wp-content\/uploads\/2026\/02\/bgux.jpg\" class=\"bg attachment- size-\" alt=\"\" \/>\t\t\t\t\t\t<div class=\"section-bg-overlay absolute fill\"><\/div>\n\t\t\t\n\n\t\t<\/div>\n\n\t\t\n\n\t\t<div class=\"section-content relative\">\n\t\t\t\n\n\t<div id=\"gap-1967367213\" class=\"gap-element clearfix\" style=\"display:block; height:auto;\">\n\t\t\n<style>\n#gap-1967367213 {\n  padding-top: 15px;\n}\n<\/style>\n\t<\/div>\n\t\n\n<div class=\"container section-title-container\" ><h3 class=\"section-title section-title-normal\"><b><\/b><span class=\"section-title-main\" >\u00c0 propos de Tidelands House<\/span><b><\/b><\/h3><\/div>\n\n<div class=\"row\"  id=\"row-1811143925\">\n\n\n\t<div id=\"col-1582169169\" class=\"col small-12 large-12\"  >\n\t\t\t\t<div class=\"col-inner\"  >\n\t\t\t\n\t\t\t\n\n<p>Tidelands House est un atelier canadien de soins botaniques pour la peau, fond\u00e9 par l\u2019herboriste Dominique Del Col. Chaque formule est fabriqu\u00e9e \u00e0 la main dans une distillerie baign\u00e9e de lumi\u00e8re solaire, au sein d\u2019un cottage en pierre restaur\u00e9 du XIXe si\u00e8cle, o\u00f9 des herbes sont suspendues aux poutres en bois et o\u00f9 les plantes sont pr\u00e9par\u00e9es au rythme des saisons.<\/p>\n<p>Des plantes sauvages cueillies, la culture biodynamique et des v\u00e9g\u00e9taux marins r\u00e9colt\u00e9s sur les c\u00f4tes orientales du Canada constituent le c\u0153ur de chaque pr\u00e9paration. Les ingr\u00e9dients sont r\u00e9colt\u00e9s au pic de leur vitalit\u00e9 et \u00e9labor\u00e9s en micro-lots afin de pr\u00e9server leur puissance, leur fra\u00eecheur et leur int\u00e9grit\u00e9 \u00e9nerg\u00e9tique. <\/p>\n<p>Aucun additif synth\u00e9tique. Aucun agent de charge inutile. Uniquement des extraits botaniques riches en nutriments, des essences florales ferment\u00e9es et des huiles v\u00e9g\u00e9tales pures, pr\u00e9sent\u00e9s dans du verre opalin d\u2019inspiration patrimoniale.  <\/p>\n<p>Tidelands House propose des soins lents et intentionnels \u2014 ancr\u00e9s dans la terre, le rituel et le respect \u00e0 la fois de la tradition et de la science botanique moderne.<\/p>\n\n\n\t\t<\/div>\n\t\t\t\t\t<\/div>\n\n\t\n\n<\/div>\n\n\t\t<\/div>\n\n\t\t\n<style>\n#section_729592834 {\n  padding-top: 30px;\n  padding-bottom: 30px;\n  background-color: rgb(40, 40, 40);\n}\n#section_729592834 .section-bg-overlay {\n  background-color: rgba(0, 0, 0, 0.477);\n}\n#section_729592834 .section-bg img {\n  object-position: 51% 73%;\n}\n<\/style>\n\t<\/section>\n\t\n","protected":false},"excerpt":{"rendered":"<p>Ce fluide nettoyant pour le visage, \u00e0 la fois doux et puissant, d\u00e9maquille et nettoie la peau en profondeur en une seule \u00e9tape simple.<\/p>\n","protected":false},"featured_media":371531,"comment_status":"open","ping_status":"closed","template":"","meta":[],"product_brand":[],"product_cat":[20925,6319,1036,5691,9626,4911,1908,20908,1047,1209,1030,1229,1010,22208],"product_tag":[],"class_list":{"0":"post-372711","1":"product","2":"type-product","3":"status-publish","4":"has-post-thumbnail","6":"product_cat-peau-mature-et-vieillissante","7":"product_cat-make-up-remover-fr","8":"product_cat-maquillage","9":"product_cat-cleansers-fr-7","10":"product_cat-cleansers","11":"product_cat-cleansers-fr","12":"product_cat-new-additions-fr","13":"product_cat-new-additions-skincare-fr","14":"product_cat-nos-collections","15":"product_cat-par-marques","16":"product_cat-par-produits","17":"product_cat-sensitive-skin-redness-fr","18":"product_cat-notre-boutique","19":"product_cat-tidelands-house","20":"pa_brand-tidelands-house","21":"pa_gtin-22304","22":"pa_size-50-ml-fr","23":"pa_skincare-type-cleansers-fr","25":"first","26":"instock","27":"taxable","28":"shipping-taxable","29":"purchasable","30":"product-type-simple"},"bundled_by":[],"bundle_stock_status":"instock","bundle_stock_quantity":1,"bundle_virtual":false,"bundle_layout":"","bundle_add_to_cart_form_location":"","bundle_editable_in_cart":false,"bundle_sold_individually_context":"","bundle_item_grouping":"","bundle_min_size":"","bundle_max_size":"","bundle_price":[],"bundled_items":[],"bundle_sell_ids":[372465,372717,372491,372499],"atum_controlled":true,"out_stock_date":null,"out_stock_threshold":null,"inheritable":false,"stock_on_hold":1,"sold_today":0,"sales_last_days":1,"out_stock_days":0,"lost_sales":0,"update_date":"2026-04-10T07:36:22","atum_locations":[],"atum_stock_status":"instock","restock_status":true,"low_stock_amount":"","sales_update_date":"2026-04-10T07:36:22","calc_backorders":null,"group_of_quantity":0,"min_quantity":0,"max_quantity":"","exclude_order_quantity_value_rules":"no","exclude_category_quantity_rules":"no","combine_variations":"no","yoast_head":"<!-- This site is optimized with the Yoast SEO Premium plugin v26.5 (Yoast SEO v26.5) - https:\/\/yoast.com\/wordpress\/plugins\/seo\/ -->\n<title>Sweet Brine Facial Cleansing Fluid + Makeup Remover Tidelands House<\/title>\n<meta name=\"description\" content=\"Ce fluide nettoyant pour le visage, \u00e0 la fois doux et puissant, d\u00e9maquille et nettoie la peau en profondeur en une seule \u00e9tape simple.\" \/>\n<meta name=\"robots\" content=\"index, follow, max-snippet:-1, max-image-preview:large, max-video-preview:-1\" \/>\n<link rel=\"canonical\" href=\"https:\/\/dutchhealthstore.com\/fr\/product\/sweet-brine-facial-cleansing-fluid-makeup-remover\/\" \/>\n<meta property=\"og:locale\" content=\"fr_FR\" \/>\n<meta property=\"og:type\" content=\"article\" \/>\n<meta property=\"og:title\" content=\"Sweet Brine Facial Cleansing Fluid + Makeup Remover - Dutch Health Store\" \/>\n<meta property=\"og:description\" content=\"Ce fluide nettoyant pour le visage, \u00e0 la fois doux et puissant, d\u00e9maquille et nettoie la peau en profondeur en une seule \u00e9tape simple.\" \/>\n<meta property=\"og:url\" content=\"https:\/\/dutchhealthstore.com\/fr\/product\/sweet-brine-facial-cleansing-fluid-makeup-remover\/\" \/>\n<meta property=\"og:site_name\" content=\"Dutch Health Store\" \/>\n<meta property=\"article:publisher\" content=\"https:\/\/www.instagram.com\/dutchhealthstore\/\" \/>\n<meta property=\"article:modified_time\" content=\"2026-03-23T13:29:19+00:00\" \/>\n<meta property=\"og:image\" content=\"https:\/\/dutchhealthstore.com\/wp-content\/uploads\/2026\/02\/Untitled-design-2026-02-16T140639.624.jpg\" \/>\n\t<meta property=\"og:image:width\" content=\"530\" \/>\n\t<meta property=\"og:image:height\" content=\"530\" \/>\n\t<meta property=\"og:image:type\" content=\"image\/jpeg\" \/>\n<meta name=\"twitter:card\" content=\"summary_large_image\" \/>\n<meta name=\"twitter:label1\" content=\"Prix\" \/>\n\t<meta name=\"twitter:data1\" content=\"&euro;43,00\" \/>\n\t<meta name=\"twitter:label2\" content=\"Disponibilit\u00e9\" \/>\n\t<meta name=\"twitter:data2\" content=\"En stock\" \/>\n<script type=\"application\/ld+json\" class=\"yoast-schema-graph\">{\"@context\":\"https:\/\/schema.org\",\"@graph\":[{\"@type\":\"WebPage\",\"@id\":\"https:\/\/dutchhealthstore.com\/fr\/product\/sweet-brine-facial-cleansing-fluid-makeup-remover\/\",\"url\":\"https:\/\/dutchhealthstore.com\/fr\/product\/sweet-brine-facial-cleansing-fluid-makeup-remover\/\",\"name\":\"Sweet Brine Facial Cleansing Fluid + Makeup Remover Tidelands House\",\"isPartOf\":{\"@id\":\"https:\/\/dutchhealthstore.com\/fr\/#website\"},\"primaryImageOfPage\":{\"@id\":\"https:\/\/dutchhealthstore.com\/fr\/product\/sweet-brine-facial-cleansing-fluid-makeup-remover\/#primaryimage\"},\"image\":{\"@id\":\"https:\/\/dutchhealthstore.com\/fr\/product\/sweet-brine-facial-cleansing-fluid-makeup-remover\/#primaryimage\"},\"thumbnailUrl\":\"https:\/\/dutchhealthstore.com\/wp-content\/uploads\/2026\/02\/Untitled-design-2026-02-16T140639.624.jpg\",\"datePublished\":\"2026-02-23T10:35:34+00:00\",\"dateModified\":\"2026-03-23T13:29:19+00:00\",\"description\":\"Ce fluide nettoyant pour le visage, \u00e0 la fois doux et puissant, d\u00e9maquille et nettoie la peau en profondeur en une seule \u00e9tape simple.\",\"breadcrumb\":{\"@id\":\"https:\/\/dutchhealthstore.com\/fr\/product\/sweet-brine-facial-cleansing-fluid-makeup-remover\/#breadcrumb\"},\"inLanguage\":\"fr-FR\",\"potentialAction\":[{\"@type\":\"ReadAction\",\"target\":[\"https:\/\/dutchhealthstore.com\/fr\/product\/sweet-brine-facial-cleansing-fluid-makeup-remover\/\"]}]},{\"@type\":\"ImageObject\",\"inLanguage\":\"fr-FR\",\"@id\":\"https:\/\/dutchhealthstore.com\/fr\/product\/sweet-brine-facial-cleansing-fluid-makeup-remover\/#primaryimage\",\"url\":\"https:\/\/dutchhealthstore.com\/wp-content\/uploads\/2026\/02\/Untitled-design-2026-02-16T140639.624.jpg\",\"contentUrl\":\"https:\/\/dutchhealthstore.com\/wp-content\/uploads\/2026\/02\/Untitled-design-2026-02-16T140639.624.jpg\",\"width\":530,\"height\":530,\"caption\":\"tidelands-house-sweet-brine\"},{\"@type\":\"BreadcrumbList\",\"@id\":\"https:\/\/dutchhealthstore.com\/fr\/product\/sweet-brine-facial-cleansing-fluid-makeup-remover\/#breadcrumb\",\"itemListElement\":[{\"@type\":\"ListItem\",\"position\":1,\"name\":\"Home\",\"item\":\"https:\/\/dutchhealthstore.com\/fr\/\"},{\"@type\":\"ListItem\",\"position\":2,\"name\":\"Shop\",\"item\":\"https:\/\/dutchhealthstore.com\/fr\/shop\/\"},{\"@type\":\"ListItem\",\"position\":3,\"name\":\"Sweet Brine Facial Cleansing Fluid + Makeup Remover\"}]},{\"@type\":\"WebSite\",\"@id\":\"https:\/\/dutchhealthstore.com\/fr\/#website\",\"url\":\"https:\/\/dutchhealthstore.com\/fr\/\",\"name\":\"Dutch Health Store\",\"description\":\"Enhance Your Beauty with Organic &amp; Natural Skincare\",\"publisher\":{\"@id\":\"https:\/\/dutchhealthstore.com\/fr\/#organization\"},\"potentialAction\":[{\"@type\":\"SearchAction\",\"target\":{\"@type\":\"EntryPoint\",\"urlTemplate\":\"https:\/\/dutchhealthstore.com\/fr\/?s={search_term_string}\"},\"query-input\":{\"@type\":\"PropertyValueSpecification\",\"valueRequired\":true,\"valueName\":\"search_term_string\"}}],\"inLanguage\":\"fr-FR\"},{\"@type\":\"Organization\",\"@id\":\"https:\/\/dutchhealthstore.com\/fr\/#organization\",\"name\":\"Dutch Health Store\",\"url\":\"https:\/\/dutchhealthstore.com\/fr\/\",\"logo\":{\"@type\":\"ImageObject\",\"inLanguage\":\"fr-FR\",\"@id\":\"https:\/\/dutchhealthstore.com\/fr\/#\/schema\/logo\/image\/\",\"url\":\"https:\/\/dutchhealthstore.com\/wp-content\/uploads\/2020\/08\/logo-dutchhealthstore-jpg-e1599484957574.jpg\",\"contentUrl\":\"https:\/\/dutchhealthstore.com\/wp-content\/uploads\/2020\/08\/logo-dutchhealthstore-jpg-e1599484957574.jpg\",\"width\":400,\"height\":62,\"caption\":\"Dutch Health Store\"},\"image\":{\"@id\":\"https:\/\/dutchhealthstore.com\/fr\/#\/schema\/logo\/image\/\"},\"sameAs\":[\"https:\/\/www.instagram.com\/dutchhealthstore\/\",\"https:\/\/www.facebook.com\/dutchhealthstore\"]}]}<\/script>\n<meta property=\"product:brand\" content=\"Tidelands House\" \/>\n<meta property=\"product:price:amount\" content=\"43.00\" \/>\n<meta property=\"product:price:currency\" content=\"EUR\" \/>\n<meta property=\"og:availability\" content=\"instock\" \/>\n<meta property=\"product:availability\" content=\"instock\" \/>\n<meta property=\"product:condition\" content=\"new\" \/>\n<!-- \/ Yoast SEO Premium plugin. -->","yoast_head_json":{"title":"Sweet Brine Facial Cleansing Fluid + Makeup Remover Tidelands House","description":"Ce fluide nettoyant pour le visage, \u00e0 la fois doux et puissant, d\u00e9maquille et nettoie la peau en profondeur en une seule \u00e9tape simple.","robots":{"index":"index","follow":"follow","max-snippet":"max-snippet:-1","max-image-preview":"max-image-preview:large","max-video-preview":"max-video-preview:-1"},"canonical":"https:\/\/dutchhealthstore.com\/fr\/product\/sweet-brine-facial-cleansing-fluid-makeup-remover\/","og_locale":"fr_FR","og_type":"article","og_title":"Sweet Brine Facial Cleansing Fluid + Makeup Remover - Dutch Health Store","og_description":"Ce fluide nettoyant pour le visage, \u00e0 la fois doux et puissant, d\u00e9maquille et nettoie la peau en profondeur en une seule \u00e9tape simple.","og_url":"https:\/\/dutchhealthstore.com\/fr\/product\/sweet-brine-facial-cleansing-fluid-makeup-remover\/","og_site_name":"Dutch Health Store","article_publisher":"https:\/\/www.instagram.com\/dutchhealthstore\/","article_modified_time":"2026-03-23T13:29:19+00:00","og_image":[{"width":530,"height":530,"url":"https:\/\/dutchhealthstore.com\/wp-content\/uploads\/2026\/02\/Untitled-design-2026-02-16T140639.624.jpg","type":"image\/jpeg"}],"twitter_card":"summary_large_image","twitter_misc":{"Prix":"&euro;43,00","Disponibilit\u00e9":"En stock"},"schema":{"@context":"https:\/\/schema.org","@graph":[{"@type":"WebPage","@id":"https:\/\/dutchhealthstore.com\/fr\/product\/sweet-brine-facial-cleansing-fluid-makeup-remover\/","url":"https:\/\/dutchhealthstore.com\/fr\/product\/sweet-brine-facial-cleansing-fluid-makeup-remover\/","name":"Sweet Brine Facial Cleansing Fluid + Makeup Remover Tidelands House","isPartOf":{"@id":"https:\/\/dutchhealthstore.com\/fr\/#website"},"primaryImageOfPage":{"@id":"https:\/\/dutchhealthstore.com\/fr\/product\/sweet-brine-facial-cleansing-fluid-makeup-remover\/#primaryimage"},"image":{"@id":"https:\/\/dutchhealthstore.com\/fr\/product\/sweet-brine-facial-cleansing-fluid-makeup-remover\/#primaryimage"},"thumbnailUrl":"https:\/\/dutchhealthstore.com\/wp-content\/uploads\/2026\/02\/Untitled-design-2026-02-16T140639.624.jpg","datePublished":"2026-02-23T10:35:34+00:00","dateModified":"2026-03-23T13:29:19+00:00","description":"Ce fluide nettoyant pour le visage, \u00e0 la fois doux et puissant, d\u00e9maquille et nettoie la peau en profondeur en une seule \u00e9tape simple.","breadcrumb":{"@id":"https:\/\/dutchhealthstore.com\/fr\/product\/sweet-brine-facial-cleansing-fluid-makeup-remover\/#breadcrumb"},"inLanguage":"fr-FR","potentialAction":[{"@type":"ReadAction","target":["https:\/\/dutchhealthstore.com\/fr\/product\/sweet-brine-facial-cleansing-fluid-makeup-remover\/"]}]},{"@type":"ImageObject","inLanguage":"fr-FR","@id":"https:\/\/dutchhealthstore.com\/fr\/product\/sweet-brine-facial-cleansing-fluid-makeup-remover\/#primaryimage","url":"https:\/\/dutchhealthstore.com\/wp-content\/uploads\/2026\/02\/Untitled-design-2026-02-16T140639.624.jpg","contentUrl":"https:\/\/dutchhealthstore.com\/wp-content\/uploads\/2026\/02\/Untitled-design-2026-02-16T140639.624.jpg","width":530,"height":530,"caption":"tidelands-house-sweet-brine"},{"@type":"BreadcrumbList","@id":"https:\/\/dutchhealthstore.com\/fr\/product\/sweet-brine-facial-cleansing-fluid-makeup-remover\/#breadcrumb","itemListElement":[{"@type":"ListItem","position":1,"name":"Home","item":"https:\/\/dutchhealthstore.com\/fr\/"},{"@type":"ListItem","position":2,"name":"Shop","item":"https:\/\/dutchhealthstore.com\/fr\/shop\/"},{"@type":"ListItem","position":3,"name":"Sweet Brine Facial Cleansing Fluid + Makeup Remover"}]},{"@type":"WebSite","@id":"https:\/\/dutchhealthstore.com\/fr\/#website","url":"https:\/\/dutchhealthstore.com\/fr\/","name":"Dutch Health Store","description":"Enhance Your Beauty with Organic &amp; Natural Skincare","publisher":{"@id":"https:\/\/dutchhealthstore.com\/fr\/#organization"},"potentialAction":[{"@type":"SearchAction","target":{"@type":"EntryPoint","urlTemplate":"https:\/\/dutchhealthstore.com\/fr\/?s={search_term_string}"},"query-input":{"@type":"PropertyValueSpecification","valueRequired":true,"valueName":"search_term_string"}}],"inLanguage":"fr-FR"},{"@type":"Organization","@id":"https:\/\/dutchhealthstore.com\/fr\/#organization","name":"Dutch Health Store","url":"https:\/\/dutchhealthstore.com\/fr\/","logo":{"@type":"ImageObject","inLanguage":"fr-FR","@id":"https:\/\/dutchhealthstore.com\/fr\/#\/schema\/logo\/image\/","url":"https:\/\/dutchhealthstore.com\/wp-content\/uploads\/2020\/08\/logo-dutchhealthstore-jpg-e1599484957574.jpg","contentUrl":"https:\/\/dutchhealthstore.com\/wp-content\/uploads\/2020\/08\/logo-dutchhealthstore-jpg-e1599484957574.jpg","width":400,"height":62,"caption":"Dutch Health Store"},"image":{"@id":"https:\/\/dutchhealthstore.com\/fr\/#\/schema\/logo\/image\/"},"sameAs":["https:\/\/www.instagram.com\/dutchhealthstore\/","https:\/\/www.facebook.com\/dutchhealthstore"]}]},"product_brand":"Tidelands House","product_price_amount":"43.00","product_price_currency":"EUR","og_availability":"instock","product_availability":"instock","product_condition":"new"},"_links":{"self":[{"href":"https:\/\/dutchhealthstore.com\/fr\/wp-json\/wp\/v2\/product\/372711","targetHints":{"allow":["GET"]}}],"collection":[{"href":"https:\/\/dutchhealthstore.com\/fr\/wp-json\/wp\/v2\/product"}],"about":[{"href":"https:\/\/dutchhealthstore.com\/fr\/wp-json\/wp\/v2\/types\/product"}],"replies":[{"embeddable":true,"href":"https:\/\/dutchhealthstore.com\/fr\/wp-json\/wp\/v2\/comments?post=372711"}],"wp:featuredmedia":[{"embeddable":true,"href":"https:\/\/dutchhealthstore.com\/fr\/wp-json\/wp\/v2\/media\/371531"}],"wp:attachment":[{"href":"https:\/\/dutchhealthstore.com\/fr\/wp-json\/wp\/v2\/media?parent=372711"}],"wp:term":[{"taxonomy":"product_brand","embeddable":true,"href":"https:\/\/dutchhealthstore.com\/fr\/wp-json\/wp\/v2\/product_brand?post=372711"},{"taxonomy":"product_cat","embeddable":true,"href":"https:\/\/dutchhealthstore.com\/fr\/wp-json\/wp\/v2\/product_cat?post=372711"},{"taxonomy":"product_tag","embeddable":true,"href":"https:\/\/dutchhealthstore.com\/fr\/wp-json\/wp\/v2\/product_tag?post=372711"}],"curies":[{"name":"wp","href":"https:\/\/api.w.org\/{rel}","templated":true}]}}