{"id":372692,"date":"2026-02-23T11:39:36","date_gmt":"2026-02-23T10:39:36","guid":{"rendered":"https:\/\/dutchhealthstore.com\/product\/english-tea-rose-huile-de-parfum-no-1\/"},"modified":"2026-03-23T14:29:48","modified_gmt":"2026-03-23T13:29:48","slug":"english-tea-rose-huile-de-parfum-no-1","status":"publish","type":"product","link":"https:\/\/dutchhealthstore.com\/fr\/product\/english-tea-rose-huile-de-parfum-no-1\/","title":{"rendered":"English Tea Rose Huile de Parfum No. 1"},"content":{"rendered":"<p>English Tea Rose &amp; Oakmoss<br \/>\nHuile de Parfum No. 1<\/p>\n<h4 data-start=\"537\" data-end=\"559\"><strong data-start=\"542\" data-end=\"559\">Le Parfum<\/strong><\/h4>\n<p data-start=\"561\" data-end=\"692\">Une huile de parfum botanique raffin\u00e9e centr\u00e9e sur la rose th\u00e9 cottage et le lichen ferment\u00e9 sauvage. Pure, \u00e9l\u00e9gante et discr\u00e8tement captivante. <\/p>\n<h4 data-start=\"998\" data-end=\"1027\"><strong data-start=\"1003\" data-end=\"1027\">L&rsquo;exp\u00e9rience olfactive<\/strong><\/h4>\n<p data-start=\"1029\" data-end=\"1280\">Le parfum \u00e9voque un moment de connexion \u00e0 soi, ancr\u00e9e et profonde. Des p\u00e9tales de rose velout\u00e9s se m\u00ealent \u00e0 des notes de miel fum\u00e9, de feuilles humides et de mousse foresti\u00e8re. Le r\u00e9sultat est floral et terreux, doux et complexe \u2014 comme une promenade dans un jardin secret apr\u00e8s la pluie d&rsquo;\u00e9t\u00e9.  <\/p>\n<h4 data-start=\"1287\" data-end=\"1306\"><strong data-start=\"1292\" data-end=\"1306\">Mode d&#8217;emploi<\/strong><\/h4>\n<p data-start=\"1308\" data-end=\"1460\">Chaque Huile de Parfum est pr\u00e9sent\u00e9e dans un flacon en verre avec un roller en acier lisse pour une application sans effort. Les flacons peuvent \u00eatre en verre opalin ou en ambre fonc\u00e9. <\/p>\n<p data-start=\"1462\" data-end=\"1593\">Appliquez d\u00e9licatement sur les points de pulsation tels que les poignets, le cou et le d\u00e9collet\u00e9. Laissez l&rsquo;huile s\u00e9cher \u00e0 l&rsquo;air libre et p\u00e9n\u00e9trer naturellement dans la peau. <\/p>\n<p data-start=\"1595\" data-end=\"1673\" data-is-last-node=\"\" data-is-only-node=\"\">Conservez dans un endroit frais, sec et \u00e0 l&rsquo;abri de la lumi\u00e8re pour pr\u00e9server ses d\u00e9licates notes botaniques.<\/p>\n<p><em><strong>Tous les ingr\u00e9dients sont biologiques, issus de cueillette sauvage, et sourc\u00e9s de mani\u00e8re durable, \u00e9thique et r\u00e9gionale. <\/strong><\/em><\/p>\n<p><strong>Taille : 10 ml<\/strong><\/p>\n<h2><strong>Ingr\u00e9dients naturels \/ biologiques <\/strong><\/h2>\n<p>Extractions et essences de plantes enti\u00e8res faites maison d&rsquo;English Tea Rose, rose cottage sauvage, mousse de ch\u00eane ferment\u00e9e (absolus, CO2 et extraits de plantes), triglyc\u00e9rides caprylique\/caprique (huile de coco biologique, fractionn\u00e9e), Simmondsia chinensis.<\/p>\n\n\t<section class=\"section dark\" id=\"section_2046622597\">\n\t\t<div class=\"section-bg fill\" >\n\t\t\t<img fetchpriority=\"high\" decoding=\"async\" width=\"1200\" height=\"604\" src=\"https:\/\/dutchhealthstore.com\/wp-content\/uploads\/2026\/02\/bgux.jpg\" class=\"bg attachment- size-\" alt=\"\" \/>\t\t\t\t\t\t<div class=\"section-bg-overlay absolute fill\"><\/div>\n\t\t\t\n\n\t\t<\/div>\n\n\t\t\n\n\t\t<div class=\"section-content relative\">\n\t\t\t\n\n\t<div id=\"gap-1863721896\" class=\"gap-element clearfix\" style=\"display:block; height:auto;\">\n\t\t\n<style>\n#gap-1863721896 {\n  padding-top: 15px;\n}\n<\/style>\n\t<\/div>\n\t\n\n<div class=\"container section-title-container\" ><h3 class=\"section-title section-title-normal\"><b><\/b><span class=\"section-title-main\" >\u00c0 propos de Tidelands House<\/span><b><\/b><\/h3><\/div>\n\n<div class=\"row\"  id=\"row-891959829\">\n\n\n\t<div id=\"col-1952904715\" class=\"col small-12 large-12\"  >\n\t\t\t\t<div class=\"col-inner\"  >\n\t\t\t\n\t\t\t\n\n<p>Tidelands House est un atelier canadien de soins botaniques pour la peau, fond\u00e9 par l\u2019herboriste Dominique Del Col. Chaque formule est fabriqu\u00e9e \u00e0 la main dans une distillerie baign\u00e9e de lumi\u00e8re solaire, au sein d\u2019un cottage en pierre restaur\u00e9 du XIXe si\u00e8cle, o\u00f9 des herbes sont suspendues aux poutres en bois et o\u00f9 les plantes sont pr\u00e9par\u00e9es au rythme des saisons.<\/p>\n<p>Des plantes sauvages cueillies, la culture biodynamique et des v\u00e9g\u00e9taux marins r\u00e9colt\u00e9s sur les c\u00f4tes orientales du Canada constituent le c\u0153ur de chaque pr\u00e9paration. Les ingr\u00e9dients sont r\u00e9colt\u00e9s au pic de leur vitalit\u00e9 et \u00e9labor\u00e9s en micro-lots afin de pr\u00e9server leur puissance, leur fra\u00eecheur et leur int\u00e9grit\u00e9 \u00e9nerg\u00e9tique. <\/p>\n<p>Aucun additif synth\u00e9tique. Aucun agent de charge inutile. Uniquement des extraits botaniques riches en nutriments, des essences florales ferment\u00e9es et des huiles v\u00e9g\u00e9tales pures, pr\u00e9sent\u00e9s dans du verre opalin d\u2019inspiration patrimoniale.  <\/p>\n<p>Tidelands House propose des soins lents et intentionnels \u2014 ancr\u00e9s dans la terre, le rituel et le respect \u00e0 la fois de la tradition et de la science botanique moderne.<\/p>\n\n\n\t\t<\/div>\n\t\t\t\t\t<\/div>\n\n\t\n\n<\/div>\n\n\t\t<\/div>\n\n\t\t\n<style>\n#section_2046622597 {\n  padding-top: 30px;\n  padding-bottom: 30px;\n  background-color: rgb(40, 40, 40);\n}\n#section_2046622597 .section-bg-overlay {\n  background-color: rgba(0, 0, 0, 0.477);\n}\n#section_2046622597 .section-bg img {\n  object-position: 51% 73%;\n}\n<\/style>\n\t<\/section>\n\t\n","protected":false},"excerpt":{"rendered":"<p>Une d\u00e9licate huile de parfum botanique \u00e9labor\u00e9e avec de la rose th\u00e9 anglaise et du lichen ferment\u00e9 sauvage. Ce parfum artisanal se d\u00e9voile comme un rituel floral doux et terreux, appliqu\u00e9 sans effort avec un flacon roller luxueux. <\/p>\n","protected":false},"featured_media":371801,"comment_status":"open","ping_status":"closed","template":"","meta":[],"product_brand":[],"product_cat":[1908,20908,1209,1030,6817,6697,1010,22208],"product_tag":[],"class_list":{"0":"post-372692","1":"product","2":"type-product","3":"status-publish","4":"has-post-thumbnail","6":"product_cat-new-additions-fr","7":"product_cat-new-additions-skincare-fr","8":"product_cat-par-marques","9":"product_cat-par-produits","10":"product_cat-perfumes-fr","11":"product_cat-fragrances-fr","12":"product_cat-notre-boutique","13":"product_cat-tidelands-house","14":"pa_brand-tidelands-house","15":"pa_fragrances-product-type-perfumes-fr","16":"pa_gtin-22289","17":"pa_size-10-ml-fr","19":"first","20":"instock","21":"taxable","22":"shipping-taxable","23":"purchasable","24":"product-type-simple"},"bundled_by":[],"bundle_stock_status":"instock","bundle_stock_quantity":3,"bundle_virtual":false,"bundle_layout":"","bundle_add_to_cart_form_location":"","bundle_editable_in_cart":false,"bundle_sold_individually_context":"","bundle_item_grouping":"","bundle_min_size":"","bundle_max_size":"","bundle_price":[],"bundled_items":[],"bundle_sell_ids":[372695],"atum_controlled":true,"out_stock_date":null,"out_stock_threshold":null,"inheritable":false,"stock_on_hold":1,"sold_today":0,"sales_last_days":3,"out_stock_days":0,"lost_sales":0,"update_date":"2026-04-07T06:56:24","atum_locations":[],"atum_stock_status":"instock","restock_status":false,"low_stock_amount":"","sales_update_date":"2026-04-07T06:56:24","calc_backorders":null,"group_of_quantity":0,"min_quantity":0,"max_quantity":"","exclude_order_quantity_value_rules":"no","exclude_category_quantity_rules":"no","combine_variations":"no","yoast_head":"<!-- This site is optimized with the Yoast SEO Premium plugin v26.5 (Yoast SEO v26.5) - https:\/\/yoast.com\/wordpress\/plugins\/seo\/ -->\n<title>English Tea Rose Huile de Parfum No. 1 - Tidelands House<\/title>\n<meta name=\"description\" content=\"Huile de parfum botanique \u00e0 la rose th\u00e9 avec lichen ferment\u00e9 sauvage. Un parfum floral artisanal dans un flacon roller luxueux pour une \u00e9l\u00e9gance douce et terreuse.\" \/>\n<meta name=\"robots\" content=\"index, follow, max-snippet:-1, max-image-preview:large, max-video-preview:-1\" \/>\n<link rel=\"canonical\" href=\"https:\/\/dutchhealthstore.com\/fr\/product\/english-tea-rose-huile-de-parfum-no-1\/\" \/>\n<meta property=\"og:locale\" content=\"fr_FR\" \/>\n<meta property=\"og:type\" content=\"article\" \/>\n<meta property=\"og:title\" content=\"English Tea Rose Huile de Parfum No. 1 - Dutch Health Store\" \/>\n<meta property=\"og:description\" content=\"Huile de parfum botanique \u00e0 la rose th\u00e9 avec lichen ferment\u00e9 sauvage. Un parfum floral artisanal dans un flacon roller luxueux pour une \u00e9l\u00e9gance douce et terreuse.\" \/>\n<meta property=\"og:url\" content=\"https:\/\/dutchhealthstore.com\/fr\/product\/english-tea-rose-huile-de-parfum-no-1\/\" \/>\n<meta property=\"og:site_name\" content=\"Dutch Health Store\" \/>\n<meta property=\"article:publisher\" content=\"https:\/\/www.instagram.com\/dutchhealthstore\/\" \/>\n<meta property=\"article:modified_time\" content=\"2026-03-23T13:29:48+00:00\" \/>\n<meta property=\"og:image\" content=\"https:\/\/dutchhealthstore.com\/wp-content\/uploads\/2026\/02\/English-Tea-Rose-Huile-de-Parfum-No.-1.jpg\" \/>\n\t<meta property=\"og:image:width\" content=\"530\" \/>\n\t<meta property=\"og:image:height\" content=\"530\" \/>\n\t<meta property=\"og:image:type\" content=\"image\/jpeg\" \/>\n<meta name=\"twitter:card\" content=\"summary_large_image\" \/>\n<meta name=\"twitter:label1\" content=\"Prix\" \/>\n\t<meta name=\"twitter:data1\" content=\"&euro;49,00\" \/>\n\t<meta name=\"twitter:label2\" content=\"Disponibilit\u00e9\" \/>\n\t<meta name=\"twitter:data2\" content=\"En stock\" \/>\n<script type=\"application\/ld+json\" class=\"yoast-schema-graph\">{\"@context\":\"https:\/\/schema.org\",\"@graph\":[{\"@type\":\"WebPage\",\"@id\":\"https:\/\/dutchhealthstore.com\/fr\/product\/english-tea-rose-huile-de-parfum-no-1\/\",\"url\":\"https:\/\/dutchhealthstore.com\/fr\/product\/english-tea-rose-huile-de-parfum-no-1\/\",\"name\":\"English Tea Rose Huile de Parfum No. 1 - Tidelands House\",\"isPartOf\":{\"@id\":\"https:\/\/dutchhealthstore.com\/fr\/#website\"},\"primaryImageOfPage\":{\"@id\":\"https:\/\/dutchhealthstore.com\/fr\/product\/english-tea-rose-huile-de-parfum-no-1\/#primaryimage\"},\"image\":{\"@id\":\"https:\/\/dutchhealthstore.com\/fr\/product\/english-tea-rose-huile-de-parfum-no-1\/#primaryimage\"},\"thumbnailUrl\":\"https:\/\/dutchhealthstore.com\/wp-content\/uploads\/2026\/02\/English-Tea-Rose-Huile-de-Parfum-No.-1.jpg\",\"datePublished\":\"2026-02-23T10:39:36+00:00\",\"dateModified\":\"2026-03-23T13:29:48+00:00\",\"description\":\"Huile de parfum botanique \u00e0 la rose th\u00e9 avec lichen ferment\u00e9 sauvage. Un parfum floral artisanal dans un flacon roller luxueux pour une \u00e9l\u00e9gance douce et terreuse.\",\"breadcrumb\":{\"@id\":\"https:\/\/dutchhealthstore.com\/fr\/product\/english-tea-rose-huile-de-parfum-no-1\/#breadcrumb\"},\"inLanguage\":\"fr-FR\",\"potentialAction\":[{\"@type\":\"ReadAction\",\"target\":[\"https:\/\/dutchhealthstore.com\/fr\/product\/english-tea-rose-huile-de-parfum-no-1\/\"]}]},{\"@type\":\"ImageObject\",\"inLanguage\":\"fr-FR\",\"@id\":\"https:\/\/dutchhealthstore.com\/fr\/product\/english-tea-rose-huile-de-parfum-no-1\/#primaryimage\",\"url\":\"https:\/\/dutchhealthstore.com\/wp-content\/uploads\/2026\/02\/English-Tea-Rose-Huile-de-Parfum-No.-1.jpg\",\"contentUrl\":\"https:\/\/dutchhealthstore.com\/wp-content\/uploads\/2026\/02\/English-Tea-Rose-Huile-de-Parfum-No.-1.jpg\",\"width\":530,\"height\":530,\"caption\":\"English Tea Rose Huile de Parfum No.-1\"},{\"@type\":\"BreadcrumbList\",\"@id\":\"https:\/\/dutchhealthstore.com\/fr\/product\/english-tea-rose-huile-de-parfum-no-1\/#breadcrumb\",\"itemListElement\":[{\"@type\":\"ListItem\",\"position\":1,\"name\":\"Home\",\"item\":\"https:\/\/dutchhealthstore.com\/fr\/\"},{\"@type\":\"ListItem\",\"position\":2,\"name\":\"Shop\",\"item\":\"https:\/\/dutchhealthstore.com\/fr\/shop\/\"},{\"@type\":\"ListItem\",\"position\":3,\"name\":\"English Tea Rose Huile de Parfum No. 1\"}]},{\"@type\":\"WebSite\",\"@id\":\"https:\/\/dutchhealthstore.com\/fr\/#website\",\"url\":\"https:\/\/dutchhealthstore.com\/fr\/\",\"name\":\"Dutch Health Store\",\"description\":\"Enhance Your Beauty with Organic &amp; Natural Skincare\",\"publisher\":{\"@id\":\"https:\/\/dutchhealthstore.com\/fr\/#organization\"},\"potentialAction\":[{\"@type\":\"SearchAction\",\"target\":{\"@type\":\"EntryPoint\",\"urlTemplate\":\"https:\/\/dutchhealthstore.com\/fr\/?s={search_term_string}\"},\"query-input\":{\"@type\":\"PropertyValueSpecification\",\"valueRequired\":true,\"valueName\":\"search_term_string\"}}],\"inLanguage\":\"fr-FR\"},{\"@type\":\"Organization\",\"@id\":\"https:\/\/dutchhealthstore.com\/fr\/#organization\",\"name\":\"Dutch Health Store\",\"url\":\"https:\/\/dutchhealthstore.com\/fr\/\",\"logo\":{\"@type\":\"ImageObject\",\"inLanguage\":\"fr-FR\",\"@id\":\"https:\/\/dutchhealthstore.com\/fr\/#\/schema\/logo\/image\/\",\"url\":\"https:\/\/dutchhealthstore.com\/wp-content\/uploads\/2020\/08\/logo-dutchhealthstore-jpg-e1599484957574.jpg\",\"contentUrl\":\"https:\/\/dutchhealthstore.com\/wp-content\/uploads\/2020\/08\/logo-dutchhealthstore-jpg-e1599484957574.jpg\",\"width\":400,\"height\":62,\"caption\":\"Dutch Health Store\"},\"image\":{\"@id\":\"https:\/\/dutchhealthstore.com\/fr\/#\/schema\/logo\/image\/\"},\"sameAs\":[\"https:\/\/www.instagram.com\/dutchhealthstore\/\",\"https:\/\/www.facebook.com\/dutchhealthstore\"]}]}<\/script>\n<meta property=\"product:brand\" content=\"Tidelands House\" \/>\n<meta property=\"product:price:amount\" content=\"49.00\" \/>\n<meta property=\"product:price:currency\" content=\"EUR\" \/>\n<meta property=\"og:availability\" content=\"instock\" \/>\n<meta property=\"product:availability\" content=\"instock\" \/>\n<meta property=\"product:condition\" content=\"new\" \/>\n<!-- \/ Yoast SEO Premium plugin. -->","yoast_head_json":{"title":"English Tea Rose Huile de Parfum No. 1 - Tidelands House","description":"Huile de parfum botanique \u00e0 la rose th\u00e9 avec lichen ferment\u00e9 sauvage. Un parfum floral artisanal dans un flacon roller luxueux pour une \u00e9l\u00e9gance douce et terreuse.","robots":{"index":"index","follow":"follow","max-snippet":"max-snippet:-1","max-image-preview":"max-image-preview:large","max-video-preview":"max-video-preview:-1"},"canonical":"https:\/\/dutchhealthstore.com\/fr\/product\/english-tea-rose-huile-de-parfum-no-1\/","og_locale":"fr_FR","og_type":"article","og_title":"English Tea Rose Huile de Parfum No. 1 - Dutch Health Store","og_description":"Huile de parfum botanique \u00e0 la rose th\u00e9 avec lichen ferment\u00e9 sauvage. Un parfum floral artisanal dans un flacon roller luxueux pour une \u00e9l\u00e9gance douce et terreuse.","og_url":"https:\/\/dutchhealthstore.com\/fr\/product\/english-tea-rose-huile-de-parfum-no-1\/","og_site_name":"Dutch Health Store","article_publisher":"https:\/\/www.instagram.com\/dutchhealthstore\/","article_modified_time":"2026-03-23T13:29:48+00:00","og_image":[{"width":530,"height":530,"url":"https:\/\/dutchhealthstore.com\/wp-content\/uploads\/2026\/02\/English-Tea-Rose-Huile-de-Parfum-No.-1.jpg","type":"image\/jpeg"}],"twitter_card":"summary_large_image","twitter_misc":{"Prix":"&euro;49,00","Disponibilit\u00e9":"En stock"},"schema":{"@context":"https:\/\/schema.org","@graph":[{"@type":"WebPage","@id":"https:\/\/dutchhealthstore.com\/fr\/product\/english-tea-rose-huile-de-parfum-no-1\/","url":"https:\/\/dutchhealthstore.com\/fr\/product\/english-tea-rose-huile-de-parfum-no-1\/","name":"English Tea Rose Huile de Parfum No. 1 - Tidelands House","isPartOf":{"@id":"https:\/\/dutchhealthstore.com\/fr\/#website"},"primaryImageOfPage":{"@id":"https:\/\/dutchhealthstore.com\/fr\/product\/english-tea-rose-huile-de-parfum-no-1\/#primaryimage"},"image":{"@id":"https:\/\/dutchhealthstore.com\/fr\/product\/english-tea-rose-huile-de-parfum-no-1\/#primaryimage"},"thumbnailUrl":"https:\/\/dutchhealthstore.com\/wp-content\/uploads\/2026\/02\/English-Tea-Rose-Huile-de-Parfum-No.-1.jpg","datePublished":"2026-02-23T10:39:36+00:00","dateModified":"2026-03-23T13:29:48+00:00","description":"Huile de parfum botanique \u00e0 la rose th\u00e9 avec lichen ferment\u00e9 sauvage. Un parfum floral artisanal dans un flacon roller luxueux pour une \u00e9l\u00e9gance douce et terreuse.","breadcrumb":{"@id":"https:\/\/dutchhealthstore.com\/fr\/product\/english-tea-rose-huile-de-parfum-no-1\/#breadcrumb"},"inLanguage":"fr-FR","potentialAction":[{"@type":"ReadAction","target":["https:\/\/dutchhealthstore.com\/fr\/product\/english-tea-rose-huile-de-parfum-no-1\/"]}]},{"@type":"ImageObject","inLanguage":"fr-FR","@id":"https:\/\/dutchhealthstore.com\/fr\/product\/english-tea-rose-huile-de-parfum-no-1\/#primaryimage","url":"https:\/\/dutchhealthstore.com\/wp-content\/uploads\/2026\/02\/English-Tea-Rose-Huile-de-Parfum-No.-1.jpg","contentUrl":"https:\/\/dutchhealthstore.com\/wp-content\/uploads\/2026\/02\/English-Tea-Rose-Huile-de-Parfum-No.-1.jpg","width":530,"height":530,"caption":"English Tea Rose Huile de Parfum No.-1"},{"@type":"BreadcrumbList","@id":"https:\/\/dutchhealthstore.com\/fr\/product\/english-tea-rose-huile-de-parfum-no-1\/#breadcrumb","itemListElement":[{"@type":"ListItem","position":1,"name":"Home","item":"https:\/\/dutchhealthstore.com\/fr\/"},{"@type":"ListItem","position":2,"name":"Shop","item":"https:\/\/dutchhealthstore.com\/fr\/shop\/"},{"@type":"ListItem","position":3,"name":"English Tea Rose Huile de Parfum No. 1"}]},{"@type":"WebSite","@id":"https:\/\/dutchhealthstore.com\/fr\/#website","url":"https:\/\/dutchhealthstore.com\/fr\/","name":"Dutch Health Store","description":"Enhance Your Beauty with Organic &amp; Natural Skincare","publisher":{"@id":"https:\/\/dutchhealthstore.com\/fr\/#organization"},"potentialAction":[{"@type":"SearchAction","target":{"@type":"EntryPoint","urlTemplate":"https:\/\/dutchhealthstore.com\/fr\/?s={search_term_string}"},"query-input":{"@type":"PropertyValueSpecification","valueRequired":true,"valueName":"search_term_string"}}],"inLanguage":"fr-FR"},{"@type":"Organization","@id":"https:\/\/dutchhealthstore.com\/fr\/#organization","name":"Dutch Health Store","url":"https:\/\/dutchhealthstore.com\/fr\/","logo":{"@type":"ImageObject","inLanguage":"fr-FR","@id":"https:\/\/dutchhealthstore.com\/fr\/#\/schema\/logo\/image\/","url":"https:\/\/dutchhealthstore.com\/wp-content\/uploads\/2020\/08\/logo-dutchhealthstore-jpg-e1599484957574.jpg","contentUrl":"https:\/\/dutchhealthstore.com\/wp-content\/uploads\/2020\/08\/logo-dutchhealthstore-jpg-e1599484957574.jpg","width":400,"height":62,"caption":"Dutch Health Store"},"image":{"@id":"https:\/\/dutchhealthstore.com\/fr\/#\/schema\/logo\/image\/"},"sameAs":["https:\/\/www.instagram.com\/dutchhealthstore\/","https:\/\/www.facebook.com\/dutchhealthstore"]}]},"product_brand":"Tidelands House","product_price_amount":"49.00","product_price_currency":"EUR","og_availability":"instock","product_availability":"instock","product_condition":"new"},"_links":{"self":[{"href":"https:\/\/dutchhealthstore.com\/fr\/wp-json\/wp\/v2\/product\/372692","targetHints":{"allow":["GET"]}}],"collection":[{"href":"https:\/\/dutchhealthstore.com\/fr\/wp-json\/wp\/v2\/product"}],"about":[{"href":"https:\/\/dutchhealthstore.com\/fr\/wp-json\/wp\/v2\/types\/product"}],"replies":[{"embeddable":true,"href":"https:\/\/dutchhealthstore.com\/fr\/wp-json\/wp\/v2\/comments?post=372692"}],"wp:featuredmedia":[{"embeddable":true,"href":"https:\/\/dutchhealthstore.com\/fr\/wp-json\/wp\/v2\/media\/371801"}],"wp:attachment":[{"href":"https:\/\/dutchhealthstore.com\/fr\/wp-json\/wp\/v2\/media?parent=372692"}],"wp:term":[{"taxonomy":"product_brand","embeddable":true,"href":"https:\/\/dutchhealthstore.com\/fr\/wp-json\/wp\/v2\/product_brand?post=372692"},{"taxonomy":"product_cat","embeddable":true,"href":"https:\/\/dutchhealthstore.com\/fr\/wp-json\/wp\/v2\/product_cat?post=372692"},{"taxonomy":"product_tag","embeddable":true,"href":"https:\/\/dutchhealthstore.com\/fr\/wp-json\/wp\/v2\/product_tag?post=372692"}],"curies":[{"name":"wp","href":"https:\/\/api.w.org\/{rel}","templated":true}]}}