{"id":372688,"date":"2026-02-23T11:41:57","date_gmt":"2026-02-23T10:41:57","guid":{"rendered":"https:\/\/dutchhealthstore.com\/product\/reishi-boreale-forest-mineral-renewal-facial-serum\/"},"modified":"2026-02-23T11:41:57","modified_gmt":"2026-02-23T10:41:57","slug":"reishi-boreale-forest-mineral-renewal-facial-serum","status":"publish","type":"product","link":"https:\/\/dutchhealthstore.com\/fr\/product\/reishi-boreale-forest-mineral-renewal-facial-serum\/","title":{"rendered":"Reishi Bor\u00e9ale Forest Mineral Renewal Facial Serum"},"content":{"rendered":"<h4 data-start=\"585\" data-end=\"605\"><strong data-start=\"590\" data-end=\"605\">La Formule<\/strong><\/h4>\n<p data-start=\"606\" data-end=\"847\">Ce s\u00e9rum visage \u00e9clatant, ultra riche en nutriments, est port\u00e9 par de puissantes plantes riches en vitamines et phytonutriments. Il aide \u00e0 prot\u00e9ger la peau du stress li\u00e9 aux UV tout en soutenant la r\u00e9paration et le r\u00e9approvisionnement, avant comme apr\u00e8s l\u2019exposition au soleil. <\/p>\n<p data-start=\"849\" data-end=\"1067\">Sa texture l\u00e9g\u00e8re p\u00e9n\u00e8tre facilement, restaure l\u2019hydratation, ravive l\u2019\u00e9clat et aide \u00e0 att\u00e9nuer l\u2019apparence des d\u00e9colorations. R\u00e9sultat : un teint plus lisse, plus uniforme, \u00e0 l\u2019\u00e9clat \u00e9quilibr\u00e9. <\/p>\n<p data-start=\"1069\" data-end=\"1159\">Adapt\u00e9 \u00e0 tous les types de peau, ce s\u00e9rum soutient la r\u00e9sistance, la douceur et une r\u00e9paration visible.<\/p>\n<h3>Philosophie des fleurs<\/h3>\n<p>Racine de guimauve, baie d\u2019argousier, racine de r\u00e9glisse vieillie, orties de lune, fleur de camomille bior\u00e9gionale et racine d\u2019astragale.<\/p>\n<h3>Plantes actives<\/h3>\n<p data-start=\"1773\" data-end=\"1995\"><strong data-start=\"1773\" data-end=\"1792\">Champignon reishi<\/strong><br data-start=\"1792\" data-end=\"1795\">R\u00e9colt\u00e9 \u00e0 la main dans les for\u00eats bor\u00e9ales, le reishi contient des polysaccharides r\u00e9parateurs et des b\u00eata-glucanes. Il aide \u00e0 apaiser la peau, \u00e0 soutenir le flux lymphatique et \u00e0 r\u00e9duire l\u2019apparence des poches et du teint terne. <\/p>\n<p data-start=\"1997\" data-end=\"2211\"><strong data-start=\"1997\" data-end=\"2016\">Racine d\u2019astragale<\/strong><br data-start=\"2016\" data-end=\"2019\">Une plante anti-inflammatoire puissante qui renforce le tissu conjonctif et soutient l\u2019int\u00e9grit\u00e9 du collag\u00e8ne. Elle aide \u00e0 prot\u00e9ger la peau contre la d\u00e9gradation environnementale induite par l\u2019exposition aux UV. <\/p>\n<p data-start=\"2213\" data-end=\"2337\"><strong data-start=\"2213\" data-end=\"2226\">Gotu kola<\/strong><br data-start=\"2226\" data-end=\"2229\">Favorise la production de collag\u00e8ne et nourrit le tissu conjonctif d\u00e9licat, soutenant la fermet\u00e9 et l\u2019\u00e9lasticit\u00e9.<\/p>\n<p data-start=\"2339\" data-end=\"2497\"><strong data-start=\"2339\" data-end=\"2354\">Feuille d\u2019ortie<\/strong><br data-start=\"2354\" data-end=\"2357\">Riche en silice, soufre et phytonutriments, elle aide \u00e0 renforcer la peau et \u00e0 am\u00e9liorer sa r\u00e9sistance face au stress environnemental et aux dommages li\u00e9s aux UV.<\/p>\n<p data-start=\"2499\" data-end=\"2660\"><strong data-start=\"2499\" data-end=\"2521\">Algue kombu<\/strong><br data-start=\"2521\" data-end=\"2524\">R\u00e9colt\u00e9e de mani\u00e8re \u00e9thique et riche en min\u00e9raux, cette plante marine apporte \u00e0 la peau des vitamines et nutriments essentiels pour favoriser un \u00e9clat sain.<\/p>\n<p data-start=\"2662\" data-end=\"2802\"><strong data-start=\"2662\" data-end=\"2682\">Racine de guimauve<\/strong><br data-start=\"2682\" data-end=\"2685\">Un humectant naturel qui retient l\u2019humidit\u00e9, am\u00e9liore l\u2019hydratation et offre des bienfaits apaisants et antioxydants.<\/p>\n<p data-start=\"2804\" data-end=\"2959\"><strong data-start=\"2804\" data-end=\"2821\">Racine de r\u00e9glisse<\/strong><br data-start=\"2821\" data-end=\"2824\">Aide \u00e0 att\u00e9nuer l\u2019apparence de l\u2019hyperpigmentation et du teint irr\u00e9gulier. Naturellement apaisante et riche en antioxydants, elle soutient la clart\u00e9 de la peau. <\/p>\n<p data-start=\"2961\" data-end=\"3102\"><strong data-start=\"2961\" data-end=\"2977\">Feuille de consoude<\/strong><br data-start=\"2977\" data-end=\"2980\">Contient de l\u2019allanto\u00efne pour adoucir et soutenir le renouvellement cutan\u00e9. Son profil antioxydant aide \u00e0 prot\u00e9ger du stress environnemental. <\/p>\n<p data-start=\"3104\" data-end=\"3280\"><strong data-start=\"3104\" data-end=\"3132\">Fleur de calendula sauvage<\/strong><br data-start=\"3132\" data-end=\"3135\">Soutient l\u2019hydratation et la fermet\u00e9 tout en apaisant les peaux sujettes aux rougeurs ou \u00e0 l\u2019acn\u00e9. Naturellement riche en antioxydants, avec de douces qualit\u00e9s protectrices. <\/p>\n<p data-start=\"3282\" data-end=\"3456\"><strong data-start=\"3282\" data-end=\"3308\">huile de p\u00e9pins de framboise rouge<\/strong><br data-start=\"3308\" data-end=\"3311\">Press\u00e9e \u00e0 froid et riche en nutriments, elle contient des acides gras essentiels, des carot\u00e9no\u00efdes et des flavono\u00efdes qui aident \u00e0 am\u00e9liorer la r\u00e9sistance de la peau au soleil.<\/p>\n<p data-start=\"3458\" data-end=\"3680\"><strong data-start=\"3458\" data-end=\"3481\">Baie d\u2019argousier<\/strong><br data-start=\"3481\" data-end=\"3484\">Une huile de superfruit \u00e9clatante, riche en acides gras essentiels et en carot\u00e9no\u00efdes. Elle nourrit, renforce le tissu conjonctif et am\u00e9liore l\u2019\u00e9clat naturel de la peau ainsi que sa capacit\u00e9 d\u2019adaptation aux changements saisonniers. <\/p>\n<p data-start=\"3682\" data-end=\"3838\"><strong data-start=\"3682\" data-end=\"3708\">Fleur de camomille sauvage<\/strong><br data-start=\"3708\" data-end=\"3711\">Connue pour ses propri\u00e9t\u00e9s calmantes et apaisantes. Hydrate en douceur tout en soutenant les peaux sensibles gr\u00e2ce \u00e0 son parfum doux et r\u00e9confortant. <\/p>\n<p><em><strong>Tous les ingr\u00e9dients sont biologiques, issus de cueillette sauvage, et sourc\u00e9s de mani\u00e8re durable, \u00e9thique et r\u00e9gionale. <\/strong><\/em><\/p>\n<p><strong>Taille : 30 ml<\/strong><\/p>\n<h3 data-start=\"3845\" data-end=\"3872\"><strong data-start=\"3849\" data-end=\"3872\">Philosophie de soin solaire<\/strong><\/h3>\n<p data-start=\"3874\" data-end=\"4162\" data-is-last-node=\"\" data-is-only-node=\"\">Ce s\u00e9rum de soin est con\u00e7u pour accompagner une approche consciente du soleil. Profitez d\u2019une exposition mod\u00e9r\u00e9e tout en l\u2019associant \u00e0 un \u00e9cran solaire min\u00e9ral ou \u00e0 base de zinc pour une protection suppl\u00e9mentaire. Privil\u00e9gier une protection physique plut\u00f4t que des formules chimiques soutient \u00e0 la fois la sant\u00e9 de la peau et le bien-\u00eatre environnemental.  <\/p>\n<h2><strong>Ingr\u00e9dients naturels \/ biologiques <\/strong><\/h2>\n<p>Extraits et essences maison de plantes enti\u00e8res : champignon reishi sauvage de for\u00eat bor\u00e9ale (<em>Ganoderma lucidum<\/em>), racine de r\u00e9glisse (<em>Glycyrrhiza glabra<\/em>), fleur de calendula (<em>Calendula officinalis<\/em>), gotu kola (<em>Centella asiatica<\/em>), racine de guimauve (<em>Althaea officinalis<\/em>), cynorrhodons de Nouvelle-\u00c9cosse (<em>Rosa canina<\/em>), fleur de tr\u00e8fle rouge (<em>Trifolium pratense<\/em>), feuille d\u2019ortie de lune (<em>Urtica dioica<\/em>), fleur de sureau (<em>Sambucus nigra<\/em>), racine d\u2019astragale (<em>Astragalus membranaceus<\/em>), feuille de pr\u00eale (<em>Equisetum arvense<\/em>), feuille de consoude (<em>Symphytum officinale<\/em>), graine de fenouil (<em>Foeniculum vulgare<\/em>), kombu de l\u2019\u00eele de Vancouver (<em>Laminaria digitata<\/em>), fleur de camomille (<em>Matricaria chamomilla<\/em>), huile de p\u00e9pins de framboise rouge (<em>Rubus idaeus<\/em>), huile de p\u00e9pins de canneberge (<em>Vaccinium macrocarpon<\/em>), huile de baie d\u2019argousier (<em>Hippophae rhamnoides<\/em>), huile de jojoba (<em>Simmondsia chinensis<\/em>), huile de tamanu (<em>Calophyllum inophyllum<\/em>), huile de p\u00e9pins de courge (<em>Cucurbita pepo<\/em>), huile de graines de carotte (<em>Daucus carota<\/em>).<\/p>\n\n\t<section class=\"section dark\" id=\"section_2009400339\">\n\t\t<div class=\"section-bg fill\" >\n\t\t\t<img fetchpriority=\"high\" decoding=\"async\" width=\"1200\" height=\"604\" src=\"https:\/\/dutchhealthstore.com\/wp-content\/uploads\/2026\/02\/bgux.jpg\" class=\"bg attachment- size-\" alt=\"\" \/>\t\t\t\t\t\t<div class=\"section-bg-overlay absolute fill\"><\/div>\n\t\t\t\n\n\t\t<\/div>\n\n\t\t\n\n\t\t<div class=\"section-content relative\">\n\t\t\t\n\n\t<div id=\"gap-795339815\" class=\"gap-element clearfix\" style=\"display:block; height:auto;\">\n\t\t\n<style>\n#gap-795339815 {\n  padding-top: 15px;\n}\n<\/style>\n\t<\/div>\n\t\n\n<div class=\"container section-title-container\" ><h3 class=\"section-title section-title-normal\"><b><\/b><span class=\"section-title-main\" >\u00c0 propos de Tidelands House<\/span><b><\/b><\/h3><\/div>\n\n<div class=\"row\"  id=\"row-547043722\">\n\n\n\t<div id=\"col-2144653610\" class=\"col small-12 large-12\"  >\n\t\t\t\t<div class=\"col-inner\"  >\n\t\t\t\n\t\t\t\n\n<p>Tidelands House est un atelier canadien de soins botaniques pour la peau, fond\u00e9 par l\u2019herboriste Dominique Del Col. Chaque formule est fabriqu\u00e9e \u00e0 la main dans une distillerie baign\u00e9e de lumi\u00e8re solaire, au sein d\u2019un cottage en pierre restaur\u00e9 du XIXe si\u00e8cle, o\u00f9 des herbes sont suspendues aux poutres en bois et o\u00f9 les plantes sont pr\u00e9par\u00e9es au rythme des saisons.<\/p>\n<p>Des plantes sauvages cueillies, la culture biodynamique et des v\u00e9g\u00e9taux marins r\u00e9colt\u00e9s sur les c\u00f4tes orientales du Canada constituent le c\u0153ur de chaque pr\u00e9paration. Les ingr\u00e9dients sont r\u00e9colt\u00e9s au pic de leur vitalit\u00e9 et \u00e9labor\u00e9s en micro-lots afin de pr\u00e9server leur puissance, leur fra\u00eecheur et leur int\u00e9grit\u00e9 \u00e9nerg\u00e9tique. <\/p>\n<p>Aucun additif synth\u00e9tique. Aucun agent de charge inutile. Uniquement des extraits botaniques riches en nutriments, des essences florales ferment\u00e9es et des huiles v\u00e9g\u00e9tales pures, pr\u00e9sent\u00e9s dans du verre opalin d\u2019inspiration patrimoniale.  <\/p>\n<p>Tidelands House propose des soins lents et intentionnels \u2014 ancr\u00e9s dans la terre, le rituel et le respect \u00e0 la fois de la tradition et de la science botanique moderne.<\/p>\n\n\n\t\t<\/div>\n\t\t\t\t\t<\/div>\n\n\t\n\n<\/div>\n\n\t\t<\/div>\n\n\t\t\n<style>\n#section_2009400339 {\n  padding-top: 30px;\n  padding-bottom: 30px;\n  background-color: rgb(40, 40, 40);\n}\n#section_2009400339 .section-bg-overlay {\n  background-color: rgba(0, 0, 0, 0.477);\n}\n#section_2009400339 .section-bg img {\n  object-position: 51% 73%;\n}\n<\/style>\n\t<\/section>\n\t\n","protected":false},"excerpt":{"rendered":"<p>Un s\u00e9rum visage botanique concentr\u00e9, con\u00e7u pour prot\u00e9ger, r\u00e9parer et illuminer la peau avant et apr\u00e8s l\u2019exposition au soleil. Riche en phytonutriments et en vitamines essentielles, cette formule \u00e9quilibrante soutient l\u2019hydratation, la r\u00e9sistance et un teint lisse et \u00e9clatant, pour tous les types de peau. <\/p>\n","protected":false},"featured_media":371833,"comment_status":"open","ping_status":"closed","template":"","meta":[],"product_brand":[],"product_cat":[20925,20947,20992,20991,14733,6642,1908,20908,1047,1209,1030,5107,5711,5673,5710,5627,5709,5121,1229,5712,5713,4240,5714,5715,5716,1010,8506,5866,22208],"product_tag":[],"class_list":{"0":"post-372688","1":"product","2":"type-product","3":"status-publish","4":"has-post-thumbnail","6":"product_cat-peau-mature-et-vieillissante","7":"product_cat-secs-fr","8":"product_cat-secs-fr-3","9":"product_cat-serums-fr-6","10":"product_cat-soins-de-la-peau","11":"product_cat-family-fr","12":"product_cat-new-additions-fr","13":"product_cat-new-additions-skincare-fr","14":"product_cat-nos-collections","15":"product_cat-par-marques","16":"product_cat-par-produits","17":"product_cat-by-skin-type-fr-4","18":"product_cat-oily-skin-clogged-pores-fr-5","19":"product_cat-oily-skin-clogged-pores-fr","20":"product_cat-normal-or-combination-skin-fr-4","21":"product_cat-normal-or-combination-skin-fr-2","22":"product_cat-dry-mature-ageing-skin-fr-4","23":"product_cat-dry-mature-ageing-skin-fr-2","24":"product_cat-sensitive-skin-redness-fr","25":"product_cat-sensitive-skin-redness-fr-3","26":"product_cat-serums-fr","27":"product_cat-serums-fr-2","28":"product_cat-serums-fr-3","29":"product_cat-serums-fr-4","30":"product_cat-serums-fr-5","31":"product_cat-notre-boutique","32":"product_cat-every-day-solutions-fr-2","33":"product_cat-sun-outdoor-care","34":"product_cat-tidelands-house","35":"pa_brand-tidelands-house","36":"pa_gtin-22286","37":"pa_size-30-ml-fr","38":"pa_skincare-type-face-oil-and-serums-fr","40":"first","41":"outofstock","42":"taxable","43":"shipping-taxable","44":"purchasable","45":"product-type-simple"},"bundled_by":[],"bundle_stock_status":"outofstock","bundle_stock_quantity":0,"bundle_virtual":false,"bundle_layout":"","bundle_add_to_cart_form_location":"","bundle_editable_in_cart":false,"bundle_sold_individually_context":"","bundle_item_grouping":"","bundle_min_size":"","bundle_max_size":"","bundle_price":[],"bundled_items":[],"bundle_sell_ids":[372717],"atum_controlled":true,"out_stock_date":"2026-03-06 23:58:18","out_stock_threshold":null,"inheritable":false,"stock_on_hold":1,"sold_today":0,"sales_last_days":3,"out_stock_days":2,"lost_sales":51,"update_date":"2026-04-10T07:36:21","atum_locations":[],"atum_stock_status":"outofstock","restock_status":false,"low_stock_amount":"","sales_update_date":"2026-04-10T07:36:21","calc_backorders":null,"group_of_quantity":0,"min_quantity":0,"max_quantity":"","exclude_order_quantity_value_rules":"no","exclude_category_quantity_rules":"no","combine_variations":"no","yoast_head":"<!-- This site is optimized with the Yoast SEO Premium plugin v26.5 (Yoast SEO v26.5) - https:\/\/yoast.com\/wordpress\/plugins\/seo\/ -->\n<title>Reishi Bor\u00e9ale Forest Mineral Renewal Facial Serum - Tidelands House<\/title>\n<meta name=\"description\" content=\"S\u00e9rum visage botanique r\u00e9parateur apr\u00e8s-soleil, aux plantes riches en phytonutriments. Hydrate, illumine et soutient la peau avant et apr\u00e8s l\u2019exposition au soleil.\" \/>\n<meta name=\"robots\" content=\"index, follow, max-snippet:-1, max-image-preview:large, max-video-preview:-1\" \/>\n<link rel=\"canonical\" href=\"https:\/\/dutchhealthstore.com\/fr\/product\/reishi-boreale-forest-mineral-renewal-facial-serum\/\" \/>\n<meta property=\"og:locale\" content=\"fr_FR\" \/>\n<meta property=\"og:type\" content=\"article\" \/>\n<meta property=\"og:title\" content=\"Reishi Bor\u00e9ale Forest Mineral Renewal Facial Serum - Dutch Health Store\" \/>\n<meta property=\"og:description\" content=\"S\u00e9rum visage botanique r\u00e9parateur apr\u00e8s-soleil, aux plantes riches en phytonutriments. Hydrate, illumine et soutient la peau avant et apr\u00e8s l\u2019exposition au soleil.\" \/>\n<meta property=\"og:url\" content=\"https:\/\/dutchhealthstore.com\/fr\/product\/reishi-boreale-forest-mineral-renewal-facial-serum\/\" \/>\n<meta property=\"og:site_name\" content=\"Dutch Health Store\" \/>\n<meta property=\"article:publisher\" content=\"https:\/\/www.instagram.com\/dutchhealthstore\/\" \/>\n<meta property=\"og:image\" content=\"https:\/\/dutchhealthstore.com\/wp-content\/uploads\/2026\/02\/Reishi-Boreale-Forest-Mineral-Renewal-Facial-Serum.jpg\" \/>\n\t<meta property=\"og:image:width\" content=\"530\" \/>\n\t<meta property=\"og:image:height\" content=\"530\" \/>\n\t<meta property=\"og:image:type\" content=\"image\/jpeg\" \/>\n<meta name=\"twitter:card\" content=\"summary_large_image\" \/>\n<meta name=\"twitter:label1\" content=\"Prix\" \/>\n\t<meta name=\"twitter:data1\" content=\"&euro;60,00\" \/>\n\t<meta name=\"twitter:label2\" content=\"Disponibilit\u00e9\" \/>\n\t<meta name=\"twitter:data2\" content=\"Rupture de stock\" \/>\n<script type=\"application\/ld+json\" class=\"yoast-schema-graph\">{\"@context\":\"https:\/\/schema.org\",\"@graph\":[{\"@type\":\"WebPage\",\"@id\":\"https:\/\/dutchhealthstore.com\/fr\/product\/reishi-boreale-forest-mineral-renewal-facial-serum\/\",\"url\":\"https:\/\/dutchhealthstore.com\/fr\/product\/reishi-boreale-forest-mineral-renewal-facial-serum\/\",\"name\":\"Reishi Bor\u00e9ale Forest Mineral Renewal Facial Serum - Tidelands House\",\"isPartOf\":{\"@id\":\"https:\/\/dutchhealthstore.com\/fr\/#website\"},\"primaryImageOfPage\":{\"@id\":\"https:\/\/dutchhealthstore.com\/fr\/product\/reishi-boreale-forest-mineral-renewal-facial-serum\/#primaryimage\"},\"image\":{\"@id\":\"https:\/\/dutchhealthstore.com\/fr\/product\/reishi-boreale-forest-mineral-renewal-facial-serum\/#primaryimage\"},\"thumbnailUrl\":\"https:\/\/dutchhealthstore.com\/wp-content\/uploads\/2026\/02\/Reishi-Boreale-Forest-Mineral-Renewal-Facial-Serum.jpg\",\"datePublished\":\"2026-02-23T10:41:57+00:00\",\"description\":\"S\u00e9rum visage botanique r\u00e9parateur apr\u00e8s-soleil, aux plantes riches en phytonutriments. Hydrate, illumine et soutient la peau avant et apr\u00e8s l\u2019exposition au soleil.\",\"breadcrumb\":{\"@id\":\"https:\/\/dutchhealthstore.com\/fr\/product\/reishi-boreale-forest-mineral-renewal-facial-serum\/#breadcrumb\"},\"inLanguage\":\"fr-FR\",\"potentialAction\":[{\"@type\":\"ReadAction\",\"target\":[\"https:\/\/dutchhealthstore.com\/fr\/product\/reishi-boreale-forest-mineral-renewal-facial-serum\/\"]}]},{\"@type\":\"ImageObject\",\"inLanguage\":\"fr-FR\",\"@id\":\"https:\/\/dutchhealthstore.com\/fr\/product\/reishi-boreale-forest-mineral-renewal-facial-serum\/#primaryimage\",\"url\":\"https:\/\/dutchhealthstore.com\/wp-content\/uploads\/2026\/02\/Reishi-Boreale-Forest-Mineral-Renewal-Facial-Serum.jpg\",\"contentUrl\":\"https:\/\/dutchhealthstore.com\/wp-content\/uploads\/2026\/02\/Reishi-Boreale-Forest-Mineral-Renewal-Facial-Serum.jpg\",\"width\":530,\"height\":530,\"caption\":\"reishi-boreale-forest-mineral-renewal-facial-serum\"},{\"@type\":\"BreadcrumbList\",\"@id\":\"https:\/\/dutchhealthstore.com\/fr\/product\/reishi-boreale-forest-mineral-renewal-facial-serum\/#breadcrumb\",\"itemListElement\":[{\"@type\":\"ListItem\",\"position\":1,\"name\":\"Home\",\"item\":\"https:\/\/dutchhealthstore.com\/fr\/\"},{\"@type\":\"ListItem\",\"position\":2,\"name\":\"Shop\",\"item\":\"https:\/\/dutchhealthstore.com\/fr\/shop\/\"},{\"@type\":\"ListItem\",\"position\":3,\"name\":\"Reishi Bor\u00e9ale Forest Mineral Renewal Facial Serum\"}]},{\"@type\":\"WebSite\",\"@id\":\"https:\/\/dutchhealthstore.com\/fr\/#website\",\"url\":\"https:\/\/dutchhealthstore.com\/fr\/\",\"name\":\"Dutch Health Store\",\"description\":\"Enhance Your Beauty with Organic &amp; Natural Skincare\",\"publisher\":{\"@id\":\"https:\/\/dutchhealthstore.com\/fr\/#organization\"},\"potentialAction\":[{\"@type\":\"SearchAction\",\"target\":{\"@type\":\"EntryPoint\",\"urlTemplate\":\"https:\/\/dutchhealthstore.com\/fr\/?s={search_term_string}\"},\"query-input\":{\"@type\":\"PropertyValueSpecification\",\"valueRequired\":true,\"valueName\":\"search_term_string\"}}],\"inLanguage\":\"fr-FR\"},{\"@type\":\"Organization\",\"@id\":\"https:\/\/dutchhealthstore.com\/fr\/#organization\",\"name\":\"Dutch Health Store\",\"url\":\"https:\/\/dutchhealthstore.com\/fr\/\",\"logo\":{\"@type\":\"ImageObject\",\"inLanguage\":\"fr-FR\",\"@id\":\"https:\/\/dutchhealthstore.com\/fr\/#\/schema\/logo\/image\/\",\"url\":\"https:\/\/dutchhealthstore.com\/wp-content\/uploads\/2020\/08\/logo-dutchhealthstore-jpg-e1599484957574.jpg\",\"contentUrl\":\"https:\/\/dutchhealthstore.com\/wp-content\/uploads\/2020\/08\/logo-dutchhealthstore-jpg-e1599484957574.jpg\",\"width\":400,\"height\":62,\"caption\":\"Dutch Health Store\"},\"image\":{\"@id\":\"https:\/\/dutchhealthstore.com\/fr\/#\/schema\/logo\/image\/\"},\"sameAs\":[\"https:\/\/www.instagram.com\/dutchhealthstore\/\",\"https:\/\/www.facebook.com\/dutchhealthstore\"]}]}<\/script>\n<meta property=\"product:brand\" content=\"Tidelands House\" \/>\n<meta property=\"product:price:amount\" content=\"60.00\" \/>\n<meta property=\"product:price:currency\" content=\"EUR\" \/>\n<meta property=\"og:availability\" content=\"out of stock\" \/>\n<meta property=\"product:availability\" content=\"out of stock\" \/>\n<meta property=\"product:condition\" content=\"new\" \/>\n<!-- \/ Yoast SEO Premium plugin. -->","yoast_head_json":{"title":"Reishi Bor\u00e9ale Forest Mineral Renewal Facial Serum - Tidelands House","description":"S\u00e9rum visage botanique r\u00e9parateur apr\u00e8s-soleil, aux plantes riches en phytonutriments. Hydrate, illumine et soutient la peau avant et apr\u00e8s l\u2019exposition au soleil.","robots":{"index":"index","follow":"follow","max-snippet":"max-snippet:-1","max-image-preview":"max-image-preview:large","max-video-preview":"max-video-preview:-1"},"canonical":"https:\/\/dutchhealthstore.com\/fr\/product\/reishi-boreale-forest-mineral-renewal-facial-serum\/","og_locale":"fr_FR","og_type":"article","og_title":"Reishi Bor\u00e9ale Forest Mineral Renewal Facial Serum - Dutch Health Store","og_description":"S\u00e9rum visage botanique r\u00e9parateur apr\u00e8s-soleil, aux plantes riches en phytonutriments. Hydrate, illumine et soutient la peau avant et apr\u00e8s l\u2019exposition au soleil.","og_url":"https:\/\/dutchhealthstore.com\/fr\/product\/reishi-boreale-forest-mineral-renewal-facial-serum\/","og_site_name":"Dutch Health Store","article_publisher":"https:\/\/www.instagram.com\/dutchhealthstore\/","og_image":[{"width":530,"height":530,"url":"https:\/\/dutchhealthstore.com\/wp-content\/uploads\/2026\/02\/Reishi-Boreale-Forest-Mineral-Renewal-Facial-Serum.jpg","type":"image\/jpeg"}],"twitter_card":"summary_large_image","twitter_misc":{"Prix":"&euro;60,00","Disponibilit\u00e9":"Rupture de stock"},"schema":{"@context":"https:\/\/schema.org","@graph":[{"@type":"WebPage","@id":"https:\/\/dutchhealthstore.com\/fr\/product\/reishi-boreale-forest-mineral-renewal-facial-serum\/","url":"https:\/\/dutchhealthstore.com\/fr\/product\/reishi-boreale-forest-mineral-renewal-facial-serum\/","name":"Reishi Bor\u00e9ale Forest Mineral Renewal Facial Serum - Tidelands House","isPartOf":{"@id":"https:\/\/dutchhealthstore.com\/fr\/#website"},"primaryImageOfPage":{"@id":"https:\/\/dutchhealthstore.com\/fr\/product\/reishi-boreale-forest-mineral-renewal-facial-serum\/#primaryimage"},"image":{"@id":"https:\/\/dutchhealthstore.com\/fr\/product\/reishi-boreale-forest-mineral-renewal-facial-serum\/#primaryimage"},"thumbnailUrl":"https:\/\/dutchhealthstore.com\/wp-content\/uploads\/2026\/02\/Reishi-Boreale-Forest-Mineral-Renewal-Facial-Serum.jpg","datePublished":"2026-02-23T10:41:57+00:00","description":"S\u00e9rum visage botanique r\u00e9parateur apr\u00e8s-soleil, aux plantes riches en phytonutriments. Hydrate, illumine et soutient la peau avant et apr\u00e8s l\u2019exposition au soleil.","breadcrumb":{"@id":"https:\/\/dutchhealthstore.com\/fr\/product\/reishi-boreale-forest-mineral-renewal-facial-serum\/#breadcrumb"},"inLanguage":"fr-FR","potentialAction":[{"@type":"ReadAction","target":["https:\/\/dutchhealthstore.com\/fr\/product\/reishi-boreale-forest-mineral-renewal-facial-serum\/"]}]},{"@type":"ImageObject","inLanguage":"fr-FR","@id":"https:\/\/dutchhealthstore.com\/fr\/product\/reishi-boreale-forest-mineral-renewal-facial-serum\/#primaryimage","url":"https:\/\/dutchhealthstore.com\/wp-content\/uploads\/2026\/02\/Reishi-Boreale-Forest-Mineral-Renewal-Facial-Serum.jpg","contentUrl":"https:\/\/dutchhealthstore.com\/wp-content\/uploads\/2026\/02\/Reishi-Boreale-Forest-Mineral-Renewal-Facial-Serum.jpg","width":530,"height":530,"caption":"reishi-boreale-forest-mineral-renewal-facial-serum"},{"@type":"BreadcrumbList","@id":"https:\/\/dutchhealthstore.com\/fr\/product\/reishi-boreale-forest-mineral-renewal-facial-serum\/#breadcrumb","itemListElement":[{"@type":"ListItem","position":1,"name":"Home","item":"https:\/\/dutchhealthstore.com\/fr\/"},{"@type":"ListItem","position":2,"name":"Shop","item":"https:\/\/dutchhealthstore.com\/fr\/shop\/"},{"@type":"ListItem","position":3,"name":"Reishi Bor\u00e9ale Forest Mineral Renewal Facial Serum"}]},{"@type":"WebSite","@id":"https:\/\/dutchhealthstore.com\/fr\/#website","url":"https:\/\/dutchhealthstore.com\/fr\/","name":"Dutch Health Store","description":"Enhance Your Beauty with Organic &amp; Natural Skincare","publisher":{"@id":"https:\/\/dutchhealthstore.com\/fr\/#organization"},"potentialAction":[{"@type":"SearchAction","target":{"@type":"EntryPoint","urlTemplate":"https:\/\/dutchhealthstore.com\/fr\/?s={search_term_string}"},"query-input":{"@type":"PropertyValueSpecification","valueRequired":true,"valueName":"search_term_string"}}],"inLanguage":"fr-FR"},{"@type":"Organization","@id":"https:\/\/dutchhealthstore.com\/fr\/#organization","name":"Dutch Health Store","url":"https:\/\/dutchhealthstore.com\/fr\/","logo":{"@type":"ImageObject","inLanguage":"fr-FR","@id":"https:\/\/dutchhealthstore.com\/fr\/#\/schema\/logo\/image\/","url":"https:\/\/dutchhealthstore.com\/wp-content\/uploads\/2020\/08\/logo-dutchhealthstore-jpg-e1599484957574.jpg","contentUrl":"https:\/\/dutchhealthstore.com\/wp-content\/uploads\/2020\/08\/logo-dutchhealthstore-jpg-e1599484957574.jpg","width":400,"height":62,"caption":"Dutch Health Store"},"image":{"@id":"https:\/\/dutchhealthstore.com\/fr\/#\/schema\/logo\/image\/"},"sameAs":["https:\/\/www.instagram.com\/dutchhealthstore\/","https:\/\/www.facebook.com\/dutchhealthstore"]}]},"product_brand":"Tidelands House","product_price_amount":"60.00","product_price_currency":"EUR","og_availability":"out of stock","product_availability":"out of stock","product_condition":"new"},"_links":{"self":[{"href":"https:\/\/dutchhealthstore.com\/fr\/wp-json\/wp\/v2\/product\/372688","targetHints":{"allow":["GET"]}}],"collection":[{"href":"https:\/\/dutchhealthstore.com\/fr\/wp-json\/wp\/v2\/product"}],"about":[{"href":"https:\/\/dutchhealthstore.com\/fr\/wp-json\/wp\/v2\/types\/product"}],"replies":[{"embeddable":true,"href":"https:\/\/dutchhealthstore.com\/fr\/wp-json\/wp\/v2\/comments?post=372688"}],"wp:featuredmedia":[{"embeddable":true,"href":"https:\/\/dutchhealthstore.com\/fr\/wp-json\/wp\/v2\/media\/371833"}],"wp:attachment":[{"href":"https:\/\/dutchhealthstore.com\/fr\/wp-json\/wp\/v2\/media?parent=372688"}],"wp:term":[{"taxonomy":"product_brand","embeddable":true,"href":"https:\/\/dutchhealthstore.com\/fr\/wp-json\/wp\/v2\/product_brand?post=372688"},{"taxonomy":"product_cat","embeddable":true,"href":"https:\/\/dutchhealthstore.com\/fr\/wp-json\/wp\/v2\/product_cat?post=372688"},{"taxonomy":"product_tag","embeddable":true,"href":"https:\/\/dutchhealthstore.com\/fr\/wp-json\/wp\/v2\/product_tag?post=372688"}],"curies":[{"name":"wp","href":"https:\/\/api.w.org\/{rel}","templated":true}]}}