{"id":372606,"date":"2026-02-23T11:48:00","date_gmt":"2026-02-23T10:48:00","guid":{"rendered":"https:\/\/dutchhealthstore.com\/product\/perle-ancienne-luminescence-glow-balm\/"},"modified":"2026-02-23T11:48:00","modified_gmt":"2026-02-23T10:48:00","slug":"perle-ancienne-luminescence-glow-balm","status":"publish","type":"product","link":"https:\/\/dutchhealthstore.com\/fr\/product\/perle-ancienne-luminescence-glow-balm\/","title":{"rendered":"Perle Ancienne Luminescence Glow Balm"},"content":{"rendered":"<h4 data-start=\"600\" data-end=\"620\"><strong data-start=\"605\" data-end=\"620\">La Formule<\/strong><\/h4>\n<p data-start=\"622\" data-end=\"836\">Ce baume multi-usage \u00e9clatant laisse un doux voile dor\u00e9 qui sublime toutes les carnations. Les extraits botaniques de fleurs et de racines prennent soin de la peau, tandis que les min\u00e9raux d\u2019origine naturelle cr\u00e9ent un \u00e9clat subtil et r\u00e9flecteur de lumi\u00e8re. <\/p>\n<p data-start=\"838\" data-end=\"987\">Le parfum est chaud et herbac\u00e9, avec une douceur cr\u00e9meuse, \u00e9voquant une cr\u00e8me au beurre fra\u00eeche et des jardins ensoleill\u00e9s remplis de feuilles vertes et de fleurs \u00e9panouies.<\/p>\n<h3>Philosophie des fleurs<\/h3>\n<p>Racine de salsepareille, M\u00e9lisse, Feuille de laurier sauvage, Absolue de Styrax, Racine de guimauve et Gotu Kola d\u00e9licatement torr\u00e9fi\u00e9.<\/p>\n<p data-start=\"0\" data-end=\"17\"><strong data-start=\"0\" data-end=\"15\">Le Rituel :<\/strong><\/p>\n<p data-start=\"19\" data-end=\"287\">Pour un \u00e9clat doux et ensoleill\u00e9 et une hydratation accrue, r\u00e9chauffez une petite quantit\u00e9 de baume entre vos doigts et appliquez-le sur les points saillants du visage. \u00c9talez-le sur les pommettes, les arcades sourcili\u00e8res et le d\u00e9collet\u00e9, ou lissez-le sur les \u00e9paules, les bras et les jambes pour un \u00e9clat global. <\/p>\n<p data-start=\"289\" data-end=\"391\" data-is-last-node=\"\" data-is-only-node=\"\">Portez-le seul pour un \u00e9clat naturel ou superposez-le \u00e0 votre routine de soins quotidienne pour une luminosit\u00e9 accrue.<\/p>\n<h3>Plantes actives<\/h3>\n<p data-start=\"1539\" data-end=\"1737\"><strong data-start=\"1539\" data-end=\"1552\">Gotu Kola<\/strong><br data-start=\"1552\" data-end=\"1555\">Connu pour son puissant soutien \u00e0 la production de collag\u00e8ne, le Gotu Kola renforce et nourrit les tissus conjonctifs d\u00e9licats. Il joue un r\u00f4le essentiel dans le maintien d\u2019une peau ferme et r\u00e9siliente. <\/p>\n<p data-start=\"1739\" data-end=\"1931\"><strong data-start=\"1739\" data-end=\"1759\">Racine de guimauve<\/strong><br data-start=\"1759\" data-end=\"1762\">Un humectant naturel qui aide \u00e0 attirer et \u00e0 retenir l\u2019humidit\u00e9. Riche en compos\u00e9s v\u00e9g\u00e9taux apaisants, il soutient l\u2019hydratation et aide \u00e0 prot\u00e9ger la peau du stress environnemental. <\/p>\n<p data-start=\"1933\" data-end=\"2183\"><strong data-start=\"1933\" data-end=\"1951\">Cire d\u2019abeille des pr\u00e9s<\/strong><br data-start=\"1951\" data-end=\"1954\">Provenant de ruchers des pr\u00e9s g\u00e9r\u00e9s de mani\u00e8re responsable, cette cire d\u2019abeille brute et biologique aide \u00e0 retenir l\u2019humidit\u00e9 et \u00e0 prot\u00e9ger la peau de la s\u00e9cheresse. Soigneusement filtr\u00e9e pour sa puret\u00e9, elle cr\u00e9e une barri\u00e8re respirante qui maintient la peau douce et prot\u00e9g\u00e9e. <\/p>\n<p data-start=\"2185\" data-end=\"2366\"><strong data-start=\"2185\" data-end=\"2208\">Teinture de m\u00e9lisse<\/strong><br data-start=\"2208\" data-end=\"2211\">Naturellement riche en antioxydants tels que les acides caf\u00e9ique et f\u00e9rulique. Elle aide \u00e0 d\u00e9fendre contre le stress environnemental tout en offrant des bienfaits apaisants \u00e0 la peau. <\/p>\n<p data-start=\"2368\" data-end=\"2551\"><strong data-start=\"2368\" data-end=\"2404\">Min\u00e9raux illuminants extraits \u00e9thiquement<\/strong><br data-start=\"2404\" data-end=\"2407\">De fines particules min\u00e9rales captant la lumi\u00e8re illuminent le teint et adoucissent l\u2019apparence des ombres et des ridules, laissant un \u00e9clat lisse et sain.<\/p>\n<p data-start=\"2553\" data-end=\"2765\" data-is-last-node=\"\" data-is-only-node=\"\"><strong data-start=\"2553\" data-end=\"2585\">Huile de graines et de fleurs de cam\u00e9lia<\/strong><br data-start=\"2585\" data-end=\"2588\">Abondante en acide ol\u00e9ique, vitamines A, B, D et E, et acides gras Om\u00e9ga nourrissants. Cette huile l\u00e9g\u00e8re s\u2019absorbe facilement et procure une hydratation profonde et r\u00e9paratrice sans lourdeur. <\/p>\n<p><em><strong>Tous les ingr\u00e9dients sont biologiques, issus de cueillette sauvage, et sourc\u00e9s de mani\u00e8re durable, \u00e9thique et r\u00e9gionale. <\/strong><\/em><\/p>\n<p><strong>Taille : 30 ml<\/strong><\/p>\n<h2><strong>Ingr\u00e9dients naturels \/ biologiques <\/strong><\/h2>\n<p>Extraits et essences de plantes enti\u00e8res faits maison de racine de salsepareille (<em>Smilax ornata<\/em>), teinture de m\u00e9lisse (<em>Melissa officinalis<\/em>), essence de feuille de laurier (<em>Laurus nobilis<\/em>), r\u00e9sine de styrax (<em>Styrax officinalis<\/em>), feuille de Gotu Kola (<em>Centella asiatica<\/em>), racine de guimauve (<em>Althaea officinalis<\/em>), huile de carthame (<em>Carthamus tinctorius<\/em>), cire d\u2019abeille des pr\u00e9s bior\u00e9gionale brute et non filtr\u00e9e (<em>Cera alba<\/em>), huile de noix de coco vierge brute (<em>Cocos nucifera<\/em>), essence de fleur de lavande (<em>Lavandula angustifolia<\/em>), feuille de menthe verte sauvage (<em>Mentha spicata<\/em>), graine de tournesol (<em>Helianthus annuus<\/em>), min\u00e9raux silicat\u00e9s naturels extraits \u00e9thiquement (<em>Montmorillonite<\/em>), huile de graines et de fleurs de cam\u00e9lia (<em>Camellia oleifera<\/em>).<\/p>\n\n\t<section class=\"section dark\" id=\"section_911861277\">\n\t\t<div class=\"section-bg fill\" >\n\t\t\t<img fetchpriority=\"high\" decoding=\"async\" width=\"1200\" height=\"604\" src=\"https:\/\/dutchhealthstore.com\/wp-content\/uploads\/2026\/02\/bgux.jpg\" class=\"bg attachment- size-\" alt=\"\" \/>\t\t\t\t\t\t<div class=\"section-bg-overlay absolute fill\"><\/div>\n\t\t\t\n\n\t\t<\/div>\n\n\t\t\n\n\t\t<div class=\"section-content relative\">\n\t\t\t\n\n\t<div id=\"gap-1813471490\" class=\"gap-element clearfix\" style=\"display:block; height:auto;\">\n\t\t\n<style>\n#gap-1813471490 {\n  padding-top: 15px;\n}\n<\/style>\n\t<\/div>\n\t\n\n<div class=\"container section-title-container\" ><h3 class=\"section-title section-title-normal\"><b><\/b><span class=\"section-title-main\" >\u00c0 propos de Tidelands House<\/span><b><\/b><\/h3><\/div>\n\n<div class=\"row\"  id=\"row-394768831\">\n\n\n\t<div id=\"col-51768703\" class=\"col small-12 large-12\"  >\n\t\t\t\t<div class=\"col-inner\"  >\n\t\t\t\n\t\t\t\n\n<p>Tidelands House est un atelier canadien de soins botaniques pour la peau, fond\u00e9 par l\u2019herboriste Dominique Del Col. Chaque formule est fabriqu\u00e9e \u00e0 la main dans une distillerie baign\u00e9e de lumi\u00e8re solaire, au sein d\u2019un cottage en pierre restaur\u00e9 du XIXe si\u00e8cle, o\u00f9 des herbes sont suspendues aux poutres en bois et o\u00f9 les plantes sont pr\u00e9par\u00e9es au rythme des saisons.<\/p>\n<p>Des plantes sauvages cueillies, la culture biodynamique et des v\u00e9g\u00e9taux marins r\u00e9colt\u00e9s sur les c\u00f4tes orientales du Canada constituent le c\u0153ur de chaque pr\u00e9paration. Les ingr\u00e9dients sont r\u00e9colt\u00e9s au pic de leur vitalit\u00e9 et \u00e9labor\u00e9s en micro-lots afin de pr\u00e9server leur puissance, leur fra\u00eecheur et leur int\u00e9grit\u00e9 \u00e9nerg\u00e9tique. <\/p>\n<p>Aucun additif synth\u00e9tique. Aucun agent de charge inutile. Uniquement des extraits botaniques riches en nutriments, des essences florales ferment\u00e9es et des huiles v\u00e9g\u00e9tales pures, pr\u00e9sent\u00e9s dans du verre opalin d\u2019inspiration patrimoniale.  <\/p>\n<p>Tidelands House propose des soins lents et intentionnels \u2014 ancr\u00e9s dans la terre, le rituel et le respect \u00e0 la fois de la tradition et de la science botanique moderne.<\/p>\n\n\n\t\t<\/div>\n\t\t\t\t\t<\/div>\n\n\t\n\n<\/div>\n\n\t\t<\/div>\n\n\t\t\n<style>\n#section_911861277 {\n  padding-top: 30px;\n  padding-bottom: 30px;\n  background-color: rgb(40, 40, 40);\n}\n#section_911861277 .section-bg-overlay {\n  background-color: rgba(0, 0, 0, 0.477);\n}\n#section_911861277 .section-bg img {\n  object-position: 51% 73%;\n}\n<\/style>\n\t<\/section>\n\t\n","protected":false},"excerpt":{"rendered":"<p>Un baume ros\u00e9 lumineux tout usage qui procure un \u00e9clat dor\u00e9 subtil au visage et au corps. Cette formule soyeuse fond sur la peau, ajoutant un \u00e9clat doux tout en nourrissant gr\u00e2ce aux extraits botaniques, \u00e0 la cire d\u2019abeille et aux reflets min\u00e9raux pour un fini lisse et ensoleill\u00e9. <\/p>\n","protected":false},"featured_media":371763,"comment_status":"open","ping_status":"closed","template":"","meta":[],"product_brand":[],"product_cat":[20927,20925,20947,20926,14733,5658,5722,5654,5659,5660,1908,20908,1209,1030,5107,5673,5721,5656,5627,5121,5655,5657,1229,1010,13172,22208],"product_tag":[],"class_list":{"0":"post-372606","1":"product","2":"type-product","3":"status-publish","4":"has-post-thumbnail","6":"product_cat-hydratants","7":"product_cat-peau-mature-et-vieillissante","8":"product_cat-secs-fr","9":"product_cat-secs","10":"product_cat-soins-de-la-peau","11":"product_cat-moisturizers-fr-fr-2","12":"product_cat-moisturizers-fr-fr-4","13":"product_cat-moisturizers-fr-fr","14":"product_cat-moisturizers-fr-fr-3","15":"product_cat-moisturizers-fr-fr-5","16":"product_cat-new-additions-fr","17":"product_cat-new-additions-skincare-fr","18":"product_cat-par-marques","19":"product_cat-par-produits","20":"product_cat-by-skin-type-fr-4","21":"product_cat-oily-skin-clogged-pores-fr","22":"product_cat-oily-skin-clogged-pores","23":"product_cat-normal-or-combination-skin-fr","24":"product_cat-normal-or-combination-skin-fr-2","25":"product_cat-dry-mature-ageing-skin-fr-2","26":"product_cat-dry-mature-ageing-skin-fr","27":"product_cat-sensitive-skin-redness","28":"product_cat-sensitive-skin-redness-fr","29":"product_cat-notre-boutique","30":"product_cat-skincare-fr-2","31":"product_cat-tidelands-house","32":"pa_brand-tidelands-house","33":"pa_gtin-22277","34":"pa_size-30-ml-fr","35":"pa_skincare-type-moisturizers-fr","37":"first","38":"instock","39":"taxable","40":"shipping-taxable","41":"purchasable","42":"product-type-simple"},"bundled_by":[],"bundle_stock_status":"instock","bundle_stock_quantity":1,"bundle_virtual":false,"bundle_layout":"","bundle_add_to_cart_form_location":"","bundle_editable_in_cart":false,"bundle_sold_individually_context":"","bundle_item_grouping":"","bundle_min_size":"","bundle_max_size":"","bundle_price":[],"bundled_items":[],"bundle_sell_ids":[372714],"atum_controlled":true,"out_stock_date":null,"out_stock_threshold":null,"inheritable":false,"stock_on_hold":0,"sold_today":0,"sales_last_days":0,"out_stock_days":0,"lost_sales":0,"update_date":"2026-04-10T07:36:21","atum_locations":[],"atum_stock_status":"instock","restock_status":false,"low_stock_amount":"","sales_update_date":"2026-04-10T07:36:21","calc_backorders":null,"group_of_quantity":0,"min_quantity":0,"max_quantity":"","exclude_order_quantity_value_rules":"no","exclude_category_quantity_rules":"no","combine_variations":"no","yoast_head":"<!-- This site is optimized with the Yoast SEO Premium plugin v26.5 (Yoast SEO v26.5) - https:\/\/yoast.com\/wordpress\/plugins\/seo\/ -->\n<title>Perle Ancienne Luminescence Glow Balm - Tidelands House<\/title>\n<meta name=\"description\" content=\"Baume dor\u00e9 et ros\u00e9 pour le visage et le corps, aux extraits botaniques et min\u00e9raux illuminants. Il apporte un \u00e9clat subtil tout en nourrissant et hydratant intens\u00e9ment la peau.\" \/>\n<meta name=\"robots\" content=\"index, follow, max-snippet:-1, max-image-preview:large, max-video-preview:-1\" \/>\n<link rel=\"canonical\" href=\"https:\/\/dutchhealthstore.com\/fr\/product\/perle-ancienne-luminescence-glow-balm\/\" \/>\n<meta property=\"og:locale\" content=\"fr_FR\" \/>\n<meta property=\"og:type\" content=\"article\" \/>\n<meta property=\"og:title\" content=\"Perle Ancienne Luminescence Glow Balm - Dutch Health Store\" \/>\n<meta property=\"og:description\" content=\"Baume dor\u00e9 et ros\u00e9 pour le visage et le corps, aux extraits botaniques et min\u00e9raux illuminants. Il apporte un \u00e9clat subtil tout en nourrissant et hydratant intens\u00e9ment la peau.\" \/>\n<meta property=\"og:url\" content=\"https:\/\/dutchhealthstore.com\/fr\/product\/perle-ancienne-luminescence-glow-balm\/\" \/>\n<meta property=\"og:site_name\" content=\"Dutch Health Store\" \/>\n<meta property=\"article:publisher\" content=\"https:\/\/www.instagram.com\/dutchhealthstore\/\" \/>\n<meta property=\"og:image\" content=\"https:\/\/dutchhealthstore.com\/wp-content\/uploads\/2026\/02\/Perle-Ancienne-Luminescense-Glow-Balm.jpg\" \/>\n\t<meta property=\"og:image:width\" content=\"530\" \/>\n\t<meta property=\"og:image:height\" content=\"530\" \/>\n\t<meta property=\"og:image:type\" content=\"image\/jpeg\" \/>\n<meta name=\"twitter:card\" content=\"summary_large_image\" \/>\n<meta name=\"twitter:label1\" content=\"Prix\" \/>\n\t<meta name=\"twitter:data1\" content=\"&euro;46,00\" \/>\n\t<meta name=\"twitter:label2\" content=\"Disponibilit\u00e9\" \/>\n\t<meta name=\"twitter:data2\" content=\"En stock\" \/>\n<script type=\"application\/ld+json\" class=\"yoast-schema-graph\">{\"@context\":\"https:\/\/schema.org\",\"@graph\":[{\"@type\":\"WebPage\",\"@id\":\"https:\/\/dutchhealthstore.com\/fr\/product\/perle-ancienne-luminescence-glow-balm\/\",\"url\":\"https:\/\/dutchhealthstore.com\/fr\/product\/perle-ancienne-luminescence-glow-balm\/\",\"name\":\"Perle Ancienne Luminescence Glow Balm - Tidelands House\",\"isPartOf\":{\"@id\":\"https:\/\/dutchhealthstore.com\/fr\/#website\"},\"primaryImageOfPage\":{\"@id\":\"https:\/\/dutchhealthstore.com\/fr\/product\/perle-ancienne-luminescence-glow-balm\/#primaryimage\"},\"image\":{\"@id\":\"https:\/\/dutchhealthstore.com\/fr\/product\/perle-ancienne-luminescence-glow-balm\/#primaryimage\"},\"thumbnailUrl\":\"https:\/\/dutchhealthstore.com\/wp-content\/uploads\/2026\/02\/Perle-Ancienne-Luminescense-Glow-Balm.jpg\",\"datePublished\":\"2026-02-23T10:48:00+00:00\",\"description\":\"Baume dor\u00e9 et ros\u00e9 pour le visage et le corps, aux extraits botaniques et min\u00e9raux illuminants. Il apporte un \u00e9clat subtil tout en nourrissant et hydratant intens\u00e9ment la peau.\",\"breadcrumb\":{\"@id\":\"https:\/\/dutchhealthstore.com\/fr\/product\/perle-ancienne-luminescence-glow-balm\/#breadcrumb\"},\"inLanguage\":\"fr-FR\",\"potentialAction\":[{\"@type\":\"ReadAction\",\"target\":[\"https:\/\/dutchhealthstore.com\/fr\/product\/perle-ancienne-luminescence-glow-balm\/\"]}]},{\"@type\":\"ImageObject\",\"inLanguage\":\"fr-FR\",\"@id\":\"https:\/\/dutchhealthstore.com\/fr\/product\/perle-ancienne-luminescence-glow-balm\/#primaryimage\",\"url\":\"https:\/\/dutchhealthstore.com\/wp-content\/uploads\/2026\/02\/Perle-Ancienne-Luminescense-Glow-Balm.jpg\",\"contentUrl\":\"https:\/\/dutchhealthstore.com\/wp-content\/uploads\/2026\/02\/Perle-Ancienne-Luminescense-Glow-Balm.jpg\",\"width\":530,\"height\":530,\"caption\":\"perle-ancienne-luminescense-glow-balm\"},{\"@type\":\"BreadcrumbList\",\"@id\":\"https:\/\/dutchhealthstore.com\/fr\/product\/perle-ancienne-luminescence-glow-balm\/#breadcrumb\",\"itemListElement\":[{\"@type\":\"ListItem\",\"position\":1,\"name\":\"Home\",\"item\":\"https:\/\/dutchhealthstore.com\/fr\/\"},{\"@type\":\"ListItem\",\"position\":2,\"name\":\"Shop\",\"item\":\"https:\/\/dutchhealthstore.com\/fr\/shop\/\"},{\"@type\":\"ListItem\",\"position\":3,\"name\":\"Perle Ancienne Luminescence Glow Balm\"}]},{\"@type\":\"WebSite\",\"@id\":\"https:\/\/dutchhealthstore.com\/fr\/#website\",\"url\":\"https:\/\/dutchhealthstore.com\/fr\/\",\"name\":\"Dutch Health Store\",\"description\":\"Enhance Your Beauty with Organic &amp; Natural Skincare\",\"publisher\":{\"@id\":\"https:\/\/dutchhealthstore.com\/fr\/#organization\"},\"potentialAction\":[{\"@type\":\"SearchAction\",\"target\":{\"@type\":\"EntryPoint\",\"urlTemplate\":\"https:\/\/dutchhealthstore.com\/fr\/?s={search_term_string}\"},\"query-input\":{\"@type\":\"PropertyValueSpecification\",\"valueRequired\":true,\"valueName\":\"search_term_string\"}}],\"inLanguage\":\"fr-FR\"},{\"@type\":\"Organization\",\"@id\":\"https:\/\/dutchhealthstore.com\/fr\/#organization\",\"name\":\"Dutch Health Store\",\"url\":\"https:\/\/dutchhealthstore.com\/fr\/\",\"logo\":{\"@type\":\"ImageObject\",\"inLanguage\":\"fr-FR\",\"@id\":\"https:\/\/dutchhealthstore.com\/fr\/#\/schema\/logo\/image\/\",\"url\":\"https:\/\/dutchhealthstore.com\/wp-content\/uploads\/2020\/08\/logo-dutchhealthstore-jpg-e1599484957574.jpg\",\"contentUrl\":\"https:\/\/dutchhealthstore.com\/wp-content\/uploads\/2020\/08\/logo-dutchhealthstore-jpg-e1599484957574.jpg\",\"width\":400,\"height\":62,\"caption\":\"Dutch Health Store\"},\"image\":{\"@id\":\"https:\/\/dutchhealthstore.com\/fr\/#\/schema\/logo\/image\/\"},\"sameAs\":[\"https:\/\/www.instagram.com\/dutchhealthstore\/\",\"https:\/\/www.facebook.com\/dutchhealthstore\"]}]}<\/script>\n<meta property=\"product:brand\" content=\"Tidelands House\" \/>\n<meta property=\"product:price:amount\" content=\"46.00\" \/>\n<meta property=\"product:price:currency\" content=\"EUR\" \/>\n<meta property=\"og:availability\" content=\"instock\" \/>\n<meta property=\"product:availability\" content=\"instock\" \/>\n<meta property=\"product:condition\" content=\"new\" \/>\n<!-- \/ Yoast SEO Premium plugin. -->","yoast_head_json":{"title":"Perle Ancienne Luminescence Glow Balm - Tidelands House","description":"Baume dor\u00e9 et ros\u00e9 pour le visage et le corps, aux extraits botaniques et min\u00e9raux illuminants. Il apporte un \u00e9clat subtil tout en nourrissant et hydratant intens\u00e9ment la peau.","robots":{"index":"index","follow":"follow","max-snippet":"max-snippet:-1","max-image-preview":"max-image-preview:large","max-video-preview":"max-video-preview:-1"},"canonical":"https:\/\/dutchhealthstore.com\/fr\/product\/perle-ancienne-luminescence-glow-balm\/","og_locale":"fr_FR","og_type":"article","og_title":"Perle Ancienne Luminescence Glow Balm - Dutch Health Store","og_description":"Baume dor\u00e9 et ros\u00e9 pour le visage et le corps, aux extraits botaniques et min\u00e9raux illuminants. Il apporte un \u00e9clat subtil tout en nourrissant et hydratant intens\u00e9ment la peau.","og_url":"https:\/\/dutchhealthstore.com\/fr\/product\/perle-ancienne-luminescence-glow-balm\/","og_site_name":"Dutch Health Store","article_publisher":"https:\/\/www.instagram.com\/dutchhealthstore\/","og_image":[{"width":530,"height":530,"url":"https:\/\/dutchhealthstore.com\/wp-content\/uploads\/2026\/02\/Perle-Ancienne-Luminescense-Glow-Balm.jpg","type":"image\/jpeg"}],"twitter_card":"summary_large_image","twitter_misc":{"Prix":"&euro;46,00","Disponibilit\u00e9":"En stock"},"schema":{"@context":"https:\/\/schema.org","@graph":[{"@type":"WebPage","@id":"https:\/\/dutchhealthstore.com\/fr\/product\/perle-ancienne-luminescence-glow-balm\/","url":"https:\/\/dutchhealthstore.com\/fr\/product\/perle-ancienne-luminescence-glow-balm\/","name":"Perle Ancienne Luminescence Glow Balm - Tidelands House","isPartOf":{"@id":"https:\/\/dutchhealthstore.com\/fr\/#website"},"primaryImageOfPage":{"@id":"https:\/\/dutchhealthstore.com\/fr\/product\/perle-ancienne-luminescence-glow-balm\/#primaryimage"},"image":{"@id":"https:\/\/dutchhealthstore.com\/fr\/product\/perle-ancienne-luminescence-glow-balm\/#primaryimage"},"thumbnailUrl":"https:\/\/dutchhealthstore.com\/wp-content\/uploads\/2026\/02\/Perle-Ancienne-Luminescense-Glow-Balm.jpg","datePublished":"2026-02-23T10:48:00+00:00","description":"Baume dor\u00e9 et ros\u00e9 pour le visage et le corps, aux extraits botaniques et min\u00e9raux illuminants. Il apporte un \u00e9clat subtil tout en nourrissant et hydratant intens\u00e9ment la peau.","breadcrumb":{"@id":"https:\/\/dutchhealthstore.com\/fr\/product\/perle-ancienne-luminescence-glow-balm\/#breadcrumb"},"inLanguage":"fr-FR","potentialAction":[{"@type":"ReadAction","target":["https:\/\/dutchhealthstore.com\/fr\/product\/perle-ancienne-luminescence-glow-balm\/"]}]},{"@type":"ImageObject","inLanguage":"fr-FR","@id":"https:\/\/dutchhealthstore.com\/fr\/product\/perle-ancienne-luminescence-glow-balm\/#primaryimage","url":"https:\/\/dutchhealthstore.com\/wp-content\/uploads\/2026\/02\/Perle-Ancienne-Luminescense-Glow-Balm.jpg","contentUrl":"https:\/\/dutchhealthstore.com\/wp-content\/uploads\/2026\/02\/Perle-Ancienne-Luminescense-Glow-Balm.jpg","width":530,"height":530,"caption":"perle-ancienne-luminescense-glow-balm"},{"@type":"BreadcrumbList","@id":"https:\/\/dutchhealthstore.com\/fr\/product\/perle-ancienne-luminescence-glow-balm\/#breadcrumb","itemListElement":[{"@type":"ListItem","position":1,"name":"Home","item":"https:\/\/dutchhealthstore.com\/fr\/"},{"@type":"ListItem","position":2,"name":"Shop","item":"https:\/\/dutchhealthstore.com\/fr\/shop\/"},{"@type":"ListItem","position":3,"name":"Perle Ancienne Luminescence Glow Balm"}]},{"@type":"WebSite","@id":"https:\/\/dutchhealthstore.com\/fr\/#website","url":"https:\/\/dutchhealthstore.com\/fr\/","name":"Dutch Health Store","description":"Enhance Your Beauty with Organic &amp; Natural Skincare","publisher":{"@id":"https:\/\/dutchhealthstore.com\/fr\/#organization"},"potentialAction":[{"@type":"SearchAction","target":{"@type":"EntryPoint","urlTemplate":"https:\/\/dutchhealthstore.com\/fr\/?s={search_term_string}"},"query-input":{"@type":"PropertyValueSpecification","valueRequired":true,"valueName":"search_term_string"}}],"inLanguage":"fr-FR"},{"@type":"Organization","@id":"https:\/\/dutchhealthstore.com\/fr\/#organization","name":"Dutch Health Store","url":"https:\/\/dutchhealthstore.com\/fr\/","logo":{"@type":"ImageObject","inLanguage":"fr-FR","@id":"https:\/\/dutchhealthstore.com\/fr\/#\/schema\/logo\/image\/","url":"https:\/\/dutchhealthstore.com\/wp-content\/uploads\/2020\/08\/logo-dutchhealthstore-jpg-e1599484957574.jpg","contentUrl":"https:\/\/dutchhealthstore.com\/wp-content\/uploads\/2020\/08\/logo-dutchhealthstore-jpg-e1599484957574.jpg","width":400,"height":62,"caption":"Dutch Health Store"},"image":{"@id":"https:\/\/dutchhealthstore.com\/fr\/#\/schema\/logo\/image\/"},"sameAs":["https:\/\/www.instagram.com\/dutchhealthstore\/","https:\/\/www.facebook.com\/dutchhealthstore"]}]},"product_brand":"Tidelands House","product_price_amount":"46.00","product_price_currency":"EUR","og_availability":"instock","product_availability":"instock","product_condition":"new"},"_links":{"self":[{"href":"https:\/\/dutchhealthstore.com\/fr\/wp-json\/wp\/v2\/product\/372606","targetHints":{"allow":["GET"]}}],"collection":[{"href":"https:\/\/dutchhealthstore.com\/fr\/wp-json\/wp\/v2\/product"}],"about":[{"href":"https:\/\/dutchhealthstore.com\/fr\/wp-json\/wp\/v2\/types\/product"}],"replies":[{"embeddable":true,"href":"https:\/\/dutchhealthstore.com\/fr\/wp-json\/wp\/v2\/comments?post=372606"}],"wp:featuredmedia":[{"embeddable":true,"href":"https:\/\/dutchhealthstore.com\/fr\/wp-json\/wp\/v2\/media\/371763"}],"wp:attachment":[{"href":"https:\/\/dutchhealthstore.com\/fr\/wp-json\/wp\/v2\/media?parent=372606"}],"wp:term":[{"taxonomy":"product_brand","embeddable":true,"href":"https:\/\/dutchhealthstore.com\/fr\/wp-json\/wp\/v2\/product_brand?post=372606"},{"taxonomy":"product_cat","embeddable":true,"href":"https:\/\/dutchhealthstore.com\/fr\/wp-json\/wp\/v2\/product_cat?post=372606"},{"taxonomy":"product_tag","embeddable":true,"href":"https:\/\/dutchhealthstore.com\/fr\/wp-json\/wp\/v2\/product_tag?post=372606"}],"curies":[{"name":"wp","href":"https:\/\/api.w.org\/{rel}","templated":true}]}}