{"id":372603,"date":"2026-02-23T11:50:14","date_gmt":"2026-02-23T10:50:14","guid":{"rendered":"https:\/\/dutchhealthstore.com\/product\/garden-spell-tinted-lip-cheek-creme\/"},"modified":"2026-03-23T14:29:45","modified_gmt":"2026-03-23T13:29:45","slug":"garden-spell-tinted-lip-cheek-creme","status":"publish","type":"product","link":"https:\/\/dutchhealthstore.com\/fr\/product\/garden-spell-tinted-lip-cheek-creme\/","title":{"rendered":"Garden Spell Tinted Lip &amp; Cheek Cr\u00e8me"},"content":{"rendered":"<p data-start=\"0\" data-end=\"16\"><strong data-start=\"0\" data-end=\"14\">La teinte :<\/strong><\/p>\n<p data-start=\"18\" data-end=\"93\">Un ton pivoine ros\u00e9 doux aux p\u00e9tales d\u00e9licatement patin\u00e9s et un fard naturel.<\/p>\n<h3>Philosophie des fleurs<\/h3>\n<p>Fleur d&rsquo;immortelle, menthe aquatique rafra\u00eechissante, racine de guimauve ferment\u00e9e et feuille de plantain apaisante.<\/p>\n<h3>Plantes actives<\/h3>\n<p data-start=\"247\" data-end=\"602\">Au c\u0153ur de cette couleur distinctive se trouve un \u00e9quilibre flatteur de chaleur et de douceur qui sublime tous les tons de peau. Elle apporte un \u00e9clat frais et moderne aux l\u00e8vres, rehaussant et approfondissant subtilement votre teinte naturelle. Sur les joues, un d\u00e9licat reflet rose antique cr\u00e9e une brillance lumineuse avec une finition ros\u00e9e qui illumine d\u00e9licatement le teint.  <\/p>\n<p data-start=\"604\" data-end=\"917\">La texture est cr\u00e9meuse, soyeuse et facile \u00e0 estomper. Elle se module sans effort d&rsquo;un voile transparent \u00e0 une teinte plus riche tout en restant l\u00e9g\u00e8re et confortable sur la peau. Enrichie d&rsquo;essences florales, la formule prend soin des zones d\u00e9licates, laissant une radiance lumineuse et une couleur vibrante issue de min\u00e9raux terrestres purs.  <\/p>\n<p data-start=\"919\" data-end=\"982\">Cette teinte polyvalente est destin\u00e9e \u00e0 devenir un favori quotidien.<\/p>\n<p><em><strong>Tous les ingr\u00e9dients sont biologiques, issus de cueillette sauvage, et sourc\u00e9s de mani\u00e8re durable, \u00e9thique et r\u00e9gionale. <\/strong><\/em><\/p>\n<p><strong>Taille : 15 ml<\/strong><\/p>\n<p data-start=\"989\" data-end=\"1008\"><strong data-start=\"989\" data-end=\"1006\">Mode d&rsquo;application :<\/strong><\/p>\n<p data-start=\"1010\" data-end=\"1131\" data-is-last-node=\"\" data-is-only-node=\"\">Tapoter d\u00e9licatement sur les l\u00e8vres et les joues du bout des doigts. Superposer pour plus d&rsquo;intensit\u00e9 et rafra\u00eechir tout au long de la journ\u00e9e selon vos envies. <\/p>\n<h2><strong>Ingr\u00e9dients naturels \/ biologiques <\/strong><\/h2>\n<p>Racine de guimauve (<em>Althaea officinalis<\/em>), m\u00e9lisse (<em>Melissa officinalis<\/em>), fleur de sureau (<em>Sambucus nigra<\/em>), teinture de camomille (<em>Matricaria chamomilla<\/em>), tournesol bior\u00e9gional (<em>Helianthus annuus<\/em>), amande brute (<em>Prunus dulcis<\/em>), graine de ricin noir (<em>Ricinus communis<\/em>), huile de jojoba (<em>Simmondsia chinensis<\/em>), cire d&rsquo;abeille de prairie locale brute non raffin\u00e9e (<em>Cera alba<\/em>), beurre de karit\u00e9 brut (<em>Vitellaria paradoxa<\/em>), fleur de lavande (<em>Lavandula angustifolia<\/em>), fleur de calendula (<em>Calendula officinalis<\/em>), fleur d&rsquo;immortelle (<em>Helichrysum italicum<\/em>), teinture de menthe aquatique (<em>Mentha aquatica<\/em>), racine de betterave ancestrale (<em>Beta vulgaris<\/em>), plantain (<em>Plantago major<\/em>), min\u00e9raux silicat\u00e9s naturels (<em>Montmorillonite<\/em>).<\/p>\n\n\t<section class=\"section dark\" id=\"section_1577500040\">\n\t\t<div class=\"section-bg fill\" >\n\t\t\t<img fetchpriority=\"high\" decoding=\"async\" width=\"1200\" height=\"604\" src=\"https:\/\/dutchhealthstore.com\/wp-content\/uploads\/2026\/02\/bgux.jpg\" class=\"bg attachment- size-\" alt=\"\" \/>\t\t\t\t\t\t<div class=\"section-bg-overlay absolute fill\"><\/div>\n\t\t\t\n\n\t\t<\/div>\n\n\t\t\n\n\t\t<div class=\"section-content relative\">\n\t\t\t\n\n\t<div id=\"gap-500910176\" class=\"gap-element clearfix\" style=\"display:block; height:auto;\">\n\t\t\n<style>\n#gap-500910176 {\n  padding-top: 15px;\n}\n<\/style>\n\t<\/div>\n\t\n\n<div class=\"container section-title-container\" ><h3 class=\"section-title section-title-normal\"><b><\/b><span class=\"section-title-main\" >\u00c0 propos de Tidelands House<\/span><b><\/b><\/h3><\/div>\n\n<div class=\"row\"  id=\"row-2046524576\">\n\n\n\t<div id=\"col-1947624337\" class=\"col small-12 large-12\"  >\n\t\t\t\t<div class=\"col-inner\"  >\n\t\t\t\n\t\t\t\n\n<p>Tidelands House est un atelier canadien de soins botaniques pour la peau, fond\u00e9 par l\u2019herboriste Dominique Del Col. Chaque formule est fabriqu\u00e9e \u00e0 la main dans une distillerie baign\u00e9e de lumi\u00e8re solaire, au sein d\u2019un cottage en pierre restaur\u00e9 du XIXe si\u00e8cle, o\u00f9 des herbes sont suspendues aux poutres en bois et o\u00f9 les plantes sont pr\u00e9par\u00e9es au rythme des saisons.<\/p>\n<p>Des plantes sauvages cueillies, la culture biodynamique et des v\u00e9g\u00e9taux marins r\u00e9colt\u00e9s sur les c\u00f4tes orientales du Canada constituent le c\u0153ur de chaque pr\u00e9paration. Les ingr\u00e9dients sont r\u00e9colt\u00e9s au pic de leur vitalit\u00e9 et \u00e9labor\u00e9s en micro-lots afin de pr\u00e9server leur puissance, leur fra\u00eecheur et leur int\u00e9grit\u00e9 \u00e9nerg\u00e9tique. <\/p>\n<p>Aucun additif synth\u00e9tique. Aucun agent de charge inutile. Uniquement des extraits botaniques riches en nutriments, des essences florales ferment\u00e9es et des huiles v\u00e9g\u00e9tales pures, pr\u00e9sent\u00e9s dans du verre opalin d\u2019inspiration patrimoniale.  <\/p>\n<p>Tidelands House propose des soins lents et intentionnels \u2014 ancr\u00e9s dans la terre, le rituel et le respect \u00e0 la fois de la tradition et de la science botanique moderne.<\/p>\n\n\n\t\t<\/div>\n\t\t\t\t\t<\/div>\n\n\t\n\n<\/div>\n\n\t\t<\/div>\n\n\t\t\n<style>\n#section_1577500040 {\n  padding-top: 30px;\n  padding-bottom: 30px;\n  background-color: rgb(40, 40, 40);\n}\n#section_1577500040 .section-bg-overlay {\n  background-color: rgba(0, 0, 0, 0.477);\n}\n#section_1577500040 .section-bg img {\n  object-position: 51% 73%;\n}\n<\/style>\n\t<\/section>\n\t\n","protected":false},"excerpt":{"rendered":"<p>Une teinte pivoine-rose douce con\u00e7ue pour sublimer votre \u00e9clat naturel. Cette formule cr\u00e9meuse et modulable se fond sans effort sur les l\u00e8vres et les joues, apportant un \u00e9clat de couleur frais avec une finition subtilement ros\u00e9e. Enrichie d&rsquo;essences florales et de pigments min\u00e9raux, elle nourrit la peau d\u00e9licate tout en ajoutant une radiance lumineuse et saine.  <\/p>\n","protected":false},"featured_media":371739,"comment_status":"open","ping_status":"closed","template":"","meta":[],"product_brand":[],"product_cat":[6142,5979,1036,1908,20908,1209,1030,1010,5905,5902,22208],"product_tag":[],"class_list":{"0":"post-372603","1":"product","2":"type-product","3":"status-publish","4":"has-post-thumbnail","6":"product_cat-cheeks-fr-2","7":"product_cat-lips-fr-3","8":"product_cat-maquillage","9":"product_cat-new-additions-fr","10":"product_cat-new-additions-skincare-fr","11":"product_cat-par-marques","12":"product_cat-par-produits","13":"product_cat-notre-boutique","14":"product_cat-lip-care","15":"product_cat-eye-lip-care-fr-2","16":"product_cat-tidelands-house","17":"pa_brand-tidelands-house","18":"pa_gtin-22274","19":"pa_size-15-ml-fr","20":"pa_skincare-type-lips-eye-care-fr","22":"first","23":"instock","24":"taxable","25":"shipping-taxable","26":"purchasable","27":"product-type-simple"},"bundled_by":[],"bundle_stock_status":"instock","bundle_stock_quantity":6,"bundle_virtual":false,"bundle_layout":"","bundle_add_to_cart_form_location":"","bundle_editable_in_cart":false,"bundle_sold_individually_context":"","bundle_item_grouping":"","bundle_min_size":"","bundle_max_size":"","bundle_price":[],"bundled_items":[],"bundle_sell_ids":[372503],"atum_controlled":true,"out_stock_date":null,"out_stock_threshold":null,"inheritable":false,"stock_on_hold":0,"sold_today":0,"sales_last_days":0,"out_stock_days":0,"lost_sales":0,"update_date":"2026-05-01T13:15:12","atum_locations":[],"atum_stock_status":"instock","restock_status":false,"low_stock_amount":"","sales_update_date":"2026-05-01T13:15:12","calc_backorders":null,"group_of_quantity":0,"min_quantity":0,"max_quantity":"","exclude_order_quantity_value_rules":"no","exclude_category_quantity_rules":"no","combine_variations":"no","yoast_head":"<!-- This site is optimized with the Yoast SEO Premium plugin v26.5 (Yoast SEO v26.5) - https:\/\/yoast.com\/wordpress\/plugins\/seo\/ -->\n<title>Garden Spell Tinted Lip &amp; Cheek Cr\u00e8me - Tidelands House<\/title>\n<meta name=\"description\" content=\"Teinte rose pivoine douce pour l\u00e8vres et joues avec une formule cr\u00e9meuse et modulable. Apporte un \u00e9clat naturel et une brillance ros\u00e9e tout en nourrissant la peau avec des essences florales.\" \/>\n<meta name=\"robots\" content=\"index, follow, max-snippet:-1, max-image-preview:large, max-video-preview:-1\" \/>\n<link rel=\"canonical\" href=\"https:\/\/dutchhealthstore.com\/fr\/product\/garden-spell-tinted-lip-cheek-creme\/\" \/>\n<meta property=\"og:locale\" content=\"fr_FR\" \/>\n<meta property=\"og:type\" content=\"article\" \/>\n<meta property=\"og:title\" content=\"Garden Spell Tinted Lip &amp; Cheek Cr\u00e8me - Dutch Health Store\" \/>\n<meta property=\"og:description\" content=\"Teinte rose pivoine douce pour l\u00e8vres et joues avec une formule cr\u00e9meuse et modulable. Apporte un \u00e9clat naturel et une brillance ros\u00e9e tout en nourrissant la peau avec des essences florales.\" \/>\n<meta property=\"og:url\" content=\"https:\/\/dutchhealthstore.com\/fr\/product\/garden-spell-tinted-lip-cheek-creme\/\" \/>\n<meta property=\"og:site_name\" content=\"Dutch Health Store\" \/>\n<meta property=\"article:publisher\" content=\"https:\/\/www.instagram.com\/dutchhealthstore\/\" \/>\n<meta property=\"article:modified_time\" content=\"2026-03-23T13:29:45+00:00\" \/>\n<meta property=\"og:image\" content=\"https:\/\/dutchhealthstore.com\/wp-content\/uploads\/2026\/02\/Untitled-design.jpg\" \/>\n\t<meta property=\"og:image:width\" content=\"530\" \/>\n\t<meta property=\"og:image:height\" content=\"530\" \/>\n\t<meta property=\"og:image:type\" content=\"image\/jpeg\" \/>\n<meta name=\"twitter:card\" content=\"summary_large_image\" \/>\n<meta name=\"twitter:label1\" content=\"Prix\" \/>\n\t<meta name=\"twitter:data1\" content=\"&euro;22,00\" \/>\n\t<meta name=\"twitter:label2\" content=\"Disponibilit\u00e9\" \/>\n\t<meta name=\"twitter:data2\" content=\"En stock\" \/>\n<script type=\"application\/ld+json\" class=\"yoast-schema-graph\">{\"@context\":\"https:\/\/schema.org\",\"@graph\":[{\"@type\":\"WebPage\",\"@id\":\"https:\/\/dutchhealthstore.com\/fr\/product\/garden-spell-tinted-lip-cheek-creme\/\",\"url\":\"https:\/\/dutchhealthstore.com\/fr\/product\/garden-spell-tinted-lip-cheek-creme\/\",\"name\":\"Garden Spell Tinted Lip &amp; Cheek Cr\u00e8me - Tidelands House\",\"isPartOf\":{\"@id\":\"https:\/\/dutchhealthstore.com\/fr\/#website\"},\"primaryImageOfPage\":{\"@id\":\"https:\/\/dutchhealthstore.com\/fr\/product\/garden-spell-tinted-lip-cheek-creme\/#primaryimage\"},\"image\":{\"@id\":\"https:\/\/dutchhealthstore.com\/fr\/product\/garden-spell-tinted-lip-cheek-creme\/#primaryimage\"},\"thumbnailUrl\":\"https:\/\/dutchhealthstore.com\/wp-content\/uploads\/2026\/02\/Untitled-design.jpg\",\"datePublished\":\"2026-02-23T10:50:14+00:00\",\"dateModified\":\"2026-03-23T13:29:45+00:00\",\"description\":\"Teinte rose pivoine douce pour l\u00e8vres et joues avec une formule cr\u00e9meuse et modulable. Apporte un \u00e9clat naturel et une brillance ros\u00e9e tout en nourrissant la peau avec des essences florales.\",\"breadcrumb\":{\"@id\":\"https:\/\/dutchhealthstore.com\/fr\/product\/garden-spell-tinted-lip-cheek-creme\/#breadcrumb\"},\"inLanguage\":\"fr-FR\",\"potentialAction\":[{\"@type\":\"ReadAction\",\"target\":[\"https:\/\/dutchhealthstore.com\/fr\/product\/garden-spell-tinted-lip-cheek-creme\/\"]}]},{\"@type\":\"ImageObject\",\"inLanguage\":\"fr-FR\",\"@id\":\"https:\/\/dutchhealthstore.com\/fr\/product\/garden-spell-tinted-lip-cheek-creme\/#primaryimage\",\"url\":\"https:\/\/dutchhealthstore.com\/wp-content\/uploads\/2026\/02\/Untitled-design.jpg\",\"contentUrl\":\"https:\/\/dutchhealthstore.com\/wp-content\/uploads\/2026\/02\/Untitled-design.jpg\",\"width\":530,\"height\":530,\"caption\":\"tidelands-house-garden-spell-tined-lip-and-cheek-creme\"},{\"@type\":\"BreadcrumbList\",\"@id\":\"https:\/\/dutchhealthstore.com\/fr\/product\/garden-spell-tinted-lip-cheek-creme\/#breadcrumb\",\"itemListElement\":[{\"@type\":\"ListItem\",\"position\":1,\"name\":\"Home\",\"item\":\"https:\/\/dutchhealthstore.com\/fr\/\"},{\"@type\":\"ListItem\",\"position\":2,\"name\":\"Shop\",\"item\":\"https:\/\/dutchhealthstore.com\/fr\/shop\/\"},{\"@type\":\"ListItem\",\"position\":3,\"name\":\"Garden Spell Tinted Lip &amp; Cheek Cr\u00e8me\"}]},{\"@type\":\"WebSite\",\"@id\":\"https:\/\/dutchhealthstore.com\/fr\/#website\",\"url\":\"https:\/\/dutchhealthstore.com\/fr\/\",\"name\":\"Dutch Health Store\",\"description\":\"Enhance Your Beauty with Organic &amp; Natural Skincare\",\"publisher\":{\"@id\":\"https:\/\/dutchhealthstore.com\/fr\/#organization\"},\"potentialAction\":[{\"@type\":\"SearchAction\",\"target\":{\"@type\":\"EntryPoint\",\"urlTemplate\":\"https:\/\/dutchhealthstore.com\/fr\/?s={search_term_string}\"},\"query-input\":{\"@type\":\"PropertyValueSpecification\",\"valueRequired\":true,\"valueName\":\"search_term_string\"}}],\"inLanguage\":\"fr-FR\"},{\"@type\":\"Organization\",\"@id\":\"https:\/\/dutchhealthstore.com\/fr\/#organization\",\"name\":\"Dutch Health Store\",\"url\":\"https:\/\/dutchhealthstore.com\/fr\/\",\"logo\":{\"@type\":\"ImageObject\",\"inLanguage\":\"fr-FR\",\"@id\":\"https:\/\/dutchhealthstore.com\/fr\/#\/schema\/logo\/image\/\",\"url\":\"https:\/\/dutchhealthstore.com\/wp-content\/uploads\/2020\/08\/logo-dutchhealthstore-jpg-e1599484957574.jpg\",\"contentUrl\":\"https:\/\/dutchhealthstore.com\/wp-content\/uploads\/2020\/08\/logo-dutchhealthstore-jpg-e1599484957574.jpg\",\"width\":400,\"height\":62,\"caption\":\"Dutch Health Store\"},\"image\":{\"@id\":\"https:\/\/dutchhealthstore.com\/fr\/#\/schema\/logo\/image\/\"},\"sameAs\":[\"https:\/\/www.instagram.com\/dutchhealthstore\/\",\"https:\/\/www.facebook.com\/dutchhealthstore\"]}]}<\/script>\n<meta property=\"product:brand\" content=\"Tidelands House\" \/>\n<meta property=\"product:price:amount\" content=\"22.00\" \/>\n<meta property=\"product:price:currency\" content=\"EUR\" \/>\n<meta property=\"og:availability\" content=\"instock\" \/>\n<meta property=\"product:availability\" content=\"instock\" \/>\n<meta property=\"product:condition\" content=\"new\" \/>\n<!-- \/ Yoast SEO Premium plugin. -->","yoast_head_json":{"title":"Garden Spell Tinted Lip &amp; Cheek Cr\u00e8me - Tidelands House","description":"Teinte rose pivoine douce pour l\u00e8vres et joues avec une formule cr\u00e9meuse et modulable. Apporte un \u00e9clat naturel et une brillance ros\u00e9e tout en nourrissant la peau avec des essences florales.","robots":{"index":"index","follow":"follow","max-snippet":"max-snippet:-1","max-image-preview":"max-image-preview:large","max-video-preview":"max-video-preview:-1"},"canonical":"https:\/\/dutchhealthstore.com\/fr\/product\/garden-spell-tinted-lip-cheek-creme\/","og_locale":"fr_FR","og_type":"article","og_title":"Garden Spell Tinted Lip &amp; Cheek Cr\u00e8me - Dutch Health Store","og_description":"Teinte rose pivoine douce pour l\u00e8vres et joues avec une formule cr\u00e9meuse et modulable. Apporte un \u00e9clat naturel et une brillance ros\u00e9e tout en nourrissant la peau avec des essences florales.","og_url":"https:\/\/dutchhealthstore.com\/fr\/product\/garden-spell-tinted-lip-cheek-creme\/","og_site_name":"Dutch Health Store","article_publisher":"https:\/\/www.instagram.com\/dutchhealthstore\/","article_modified_time":"2026-03-23T13:29:45+00:00","og_image":[{"width":530,"height":530,"url":"https:\/\/dutchhealthstore.com\/wp-content\/uploads\/2026\/02\/Untitled-design.jpg","type":"image\/jpeg"}],"twitter_card":"summary_large_image","twitter_misc":{"Prix":"&euro;22,00","Disponibilit\u00e9":"En stock"},"schema":{"@context":"https:\/\/schema.org","@graph":[{"@type":"WebPage","@id":"https:\/\/dutchhealthstore.com\/fr\/product\/garden-spell-tinted-lip-cheek-creme\/","url":"https:\/\/dutchhealthstore.com\/fr\/product\/garden-spell-tinted-lip-cheek-creme\/","name":"Garden Spell Tinted Lip &amp; Cheek Cr\u00e8me - Tidelands House","isPartOf":{"@id":"https:\/\/dutchhealthstore.com\/fr\/#website"},"primaryImageOfPage":{"@id":"https:\/\/dutchhealthstore.com\/fr\/product\/garden-spell-tinted-lip-cheek-creme\/#primaryimage"},"image":{"@id":"https:\/\/dutchhealthstore.com\/fr\/product\/garden-spell-tinted-lip-cheek-creme\/#primaryimage"},"thumbnailUrl":"https:\/\/dutchhealthstore.com\/wp-content\/uploads\/2026\/02\/Untitled-design.jpg","datePublished":"2026-02-23T10:50:14+00:00","dateModified":"2026-03-23T13:29:45+00:00","description":"Teinte rose pivoine douce pour l\u00e8vres et joues avec une formule cr\u00e9meuse et modulable. Apporte un \u00e9clat naturel et une brillance ros\u00e9e tout en nourrissant la peau avec des essences florales.","breadcrumb":{"@id":"https:\/\/dutchhealthstore.com\/fr\/product\/garden-spell-tinted-lip-cheek-creme\/#breadcrumb"},"inLanguage":"fr-FR","potentialAction":[{"@type":"ReadAction","target":["https:\/\/dutchhealthstore.com\/fr\/product\/garden-spell-tinted-lip-cheek-creme\/"]}]},{"@type":"ImageObject","inLanguage":"fr-FR","@id":"https:\/\/dutchhealthstore.com\/fr\/product\/garden-spell-tinted-lip-cheek-creme\/#primaryimage","url":"https:\/\/dutchhealthstore.com\/wp-content\/uploads\/2026\/02\/Untitled-design.jpg","contentUrl":"https:\/\/dutchhealthstore.com\/wp-content\/uploads\/2026\/02\/Untitled-design.jpg","width":530,"height":530,"caption":"tidelands-house-garden-spell-tined-lip-and-cheek-creme"},{"@type":"BreadcrumbList","@id":"https:\/\/dutchhealthstore.com\/fr\/product\/garden-spell-tinted-lip-cheek-creme\/#breadcrumb","itemListElement":[{"@type":"ListItem","position":1,"name":"Home","item":"https:\/\/dutchhealthstore.com\/fr\/"},{"@type":"ListItem","position":2,"name":"Shop","item":"https:\/\/dutchhealthstore.com\/fr\/shop\/"},{"@type":"ListItem","position":3,"name":"Garden Spell Tinted Lip &amp; Cheek Cr\u00e8me"}]},{"@type":"WebSite","@id":"https:\/\/dutchhealthstore.com\/fr\/#website","url":"https:\/\/dutchhealthstore.com\/fr\/","name":"Dutch Health Store","description":"Enhance Your Beauty with Organic &amp; Natural Skincare","publisher":{"@id":"https:\/\/dutchhealthstore.com\/fr\/#organization"},"potentialAction":[{"@type":"SearchAction","target":{"@type":"EntryPoint","urlTemplate":"https:\/\/dutchhealthstore.com\/fr\/?s={search_term_string}"},"query-input":{"@type":"PropertyValueSpecification","valueRequired":true,"valueName":"search_term_string"}}],"inLanguage":"fr-FR"},{"@type":"Organization","@id":"https:\/\/dutchhealthstore.com\/fr\/#organization","name":"Dutch Health Store","url":"https:\/\/dutchhealthstore.com\/fr\/","logo":{"@type":"ImageObject","inLanguage":"fr-FR","@id":"https:\/\/dutchhealthstore.com\/fr\/#\/schema\/logo\/image\/","url":"https:\/\/dutchhealthstore.com\/wp-content\/uploads\/2020\/08\/logo-dutchhealthstore-jpg-e1599484957574.jpg","contentUrl":"https:\/\/dutchhealthstore.com\/wp-content\/uploads\/2020\/08\/logo-dutchhealthstore-jpg-e1599484957574.jpg","width":400,"height":62,"caption":"Dutch Health Store"},"image":{"@id":"https:\/\/dutchhealthstore.com\/fr\/#\/schema\/logo\/image\/"},"sameAs":["https:\/\/www.instagram.com\/dutchhealthstore\/","https:\/\/www.facebook.com\/dutchhealthstore"]}]},"product_brand":"Tidelands House","product_price_amount":"22.00","product_price_currency":"EUR","og_availability":"instock","product_availability":"instock","product_condition":"new"},"_links":{"self":[{"href":"https:\/\/dutchhealthstore.com\/fr\/wp-json\/wp\/v2\/product\/372603","targetHints":{"allow":["GET"]}}],"collection":[{"href":"https:\/\/dutchhealthstore.com\/fr\/wp-json\/wp\/v2\/product"}],"about":[{"href":"https:\/\/dutchhealthstore.com\/fr\/wp-json\/wp\/v2\/types\/product"}],"replies":[{"embeddable":true,"href":"https:\/\/dutchhealthstore.com\/fr\/wp-json\/wp\/v2\/comments?post=372603"}],"wp:featuredmedia":[{"embeddable":true,"href":"https:\/\/dutchhealthstore.com\/fr\/wp-json\/wp\/v2\/media\/371739"}],"wp:attachment":[{"href":"https:\/\/dutchhealthstore.com\/fr\/wp-json\/wp\/v2\/media?parent=372603"}],"wp:term":[{"taxonomy":"product_brand","embeddable":true,"href":"https:\/\/dutchhealthstore.com\/fr\/wp-json\/wp\/v2\/product_brand?post=372603"},{"taxonomy":"product_cat","embeddable":true,"href":"https:\/\/dutchhealthstore.com\/fr\/wp-json\/wp\/v2\/product_cat?post=372603"},{"taxonomy":"product_tag","embeddable":true,"href":"https:\/\/dutchhealthstore.com\/fr\/wp-json\/wp\/v2\/product_tag?post=372603"}],"curies":[{"name":"wp","href":"https:\/\/api.w.org\/{rel}","templated":true}]}}